{"id":6745,"date":"1970-01-01T00:00:00","date_gmt":"1970-01-01T00:00:00","guid":{"rendered":"https:\/\/elfsight.com\/de\/?page_id=6745"},"modified":"2025-01-13T11:50:00","modified_gmt":"2025-01-13T11:50:00","slug":"magento","status":"publish","type":"page","link":"https:\/\/elfsight.com\/de\/youtube-channel-plugin-yottie\/magento\/","title":{"rendered":"YouTube Gallery &#8211; Magento"},"content":{"rendered":"\n<div class=\"application-platform-content-item-description application-platform-content-item\" id=\"description\" data-nav-section=\"description\"><\/p><h2>Beschreibung<\/h2><p>Ein universelles Widget f\u00fcr YouTube, mit dem Sie jedes Video auf Ihrer Website hinzuf\u00fcgen k\u00f6nnen . Finden Sie die besten Kan\u00e4le und Einzelvideos, stellen Sie sich Ihre individuelle Playlist zusammen und betten Sie diese direkt auf der Webseite im Layout (Videogalerie, Portfolio, Kanal, Einzelvideo) ein. Das Elfsight-Widget passt sich perfekt an alle Ger\u00e4te und Plattformen an und umfasst \u00fcber 100 Einstellungen, anpassbare Vorlagen und verschiedene Qualit\u00e4ten, mit denen es auf allen Websites angezeigt werden kann.<\/p><p><b>Erstellen Sie eine benutzerdefinierte interaktive Videogalerie f\u00fcr mehr St\u00e4rke Engagement Ihrer Benutzer.<\/b><\/p><ul><li><b>Steigern Sie die Interaktion mit den Lesern Ihrer Website mithilfe von YouTube-Videos.<\/b><br>\u00dcberraschen Sie die Benutzer Ihrer Website mit Engagement Videoinhalte von YouTube und halten Sie ihr Interesse st\u00e4rker als je zuvor.<\/li><li><b>Erzielen Sie maximale K\u00e4ufe mit YouTube-Inhalten<\/b>.<br>Integrieren Sie kommerzielle Videos, \u00dcbersichten, Tutorials und vieles mehr, um Ihren Verschaffen Sie Ihrem Publikum die \u00fcberzeugendsten Informationen zu Ihren Angeboten und helfen Sie ihm, einen Kauf zu t\u00e4tigen.<\/li><li><b>Gewinnen Sie Zielgruppenfans f\u00fcr Ihr YouTube-Konto<\/b>.<br>Verwandeln Sie Website-Nutzer in Ihre Abonnenten auf YouTube. Demonstrieren Sie eine schnelle und einfache M\u00f6glichkeit, Videos anzusehen und Ihren Kanal zu abonnieren, ohne Ihre Website zu verlassen.<\/li><\/ul><p><\/div><div class=\"application-platform-content-item-features application-platform-content-item\" id=\"features\" data-nav-section=\"features\"><\/p><h2>Funktionen<\/h2><p>Die wertvollsten Eigenschaften dieses Widgets, die es zum besten Instrument zur Integration von YouTube-Videos auf einer Magento-Site machen.<\/p><ul><li>Quellen hinzuf\u00fcgen von URL;<\/li><li>Option zum Hochladen von Kanallogo und Kanalbanner;<\/li><li>Beliebige Anzahl an Spalten und Zeilen festlegen;<\/li><li>13 Elemente des Popups, die ein-\/ausgeschaltet werden k\u00f6nnen\/ aus;<\/li><li>Navigationssteuerungsoptionen: Pfeile, Scrollen, Ziehen;<\/li><li>15 \u00fcbermalbare Videoelemente;<\/li><li>18 Sprachen verf\u00fcgbar.<\/li><\/ul><p><a href=\"#demo\">Lernen Sie sich mit der vollst\u00e4ndigen Liste der Funktionen im Editor kennen<\/a><\/p><p><\/div><div class=\"application-platform-content-item-installation application-platform-content-item\" id=\"installation\" data-nav-section=\"installation\"><\/p><h2>So betten Sie die YouTube-Galerie in die Magento-Website ein<\/h2><p>Befolgen Sie einfach die folgenden Richtlinien, um mit der Verwendung der Erweiterung auf Magento zu beginnen.<\/p> <ol><li><b>Verwalten Sie unseren kostenlosen Konfigurator und beginnen Sie mit der Erstellung Ihres individuellen Widgets. <\/b><br> Finden Sie das bevorzugte Design und die Eigenschaften des Werkzeugs und speichern Sie die \u00c4nderungen. <\/li> <li><b>Kopieren Sie Ihren individuellen Code, der in der Box auf Elfsight Apps angezeigt wird. <\/b><br> Sobald die Anpassung Ihrer YouTube-Erweiterung abgeschlossen ist, kopieren Sie den einzelnen Code aus dem angezeigten Feld und bewahren Sie ihn f\u00fcr die zuk\u00fcnftige Verwendung auf. <\/li> <li><b>Initiieren Sie die Nutzung des Widgets auf der Magento-Homepage. <\/b><br> Geben Sie den zuvor kopierten Code auf Ihrer Seite ein und \u00fcbernehmen Sie die \u00c4nderungen. <\/li> <li><b>Die Installation wurde erfolgreich abgeschlossen. <\/b><br> Besuchen Sie Ihre Seite, um einen Blick auf die Leistung des Widgets zu werfen. <\/li><\/ol><p>Haben Sie w\u00e4hrend der Einrichtung oder Konfiguration Probleme mit der YouTube-Galerie? Lesen Sie einen ausf\u00fchrlichen Artikel &#8222;<a href=\"https:\/\/elfsight.com\/tutorials\/how-to-add-youtube-video-gallery-to-magento\/\" target=\"_blank\" rel=\"noopener noreferrer\">Wie um YouTube auf Magento zu installieren<\/a>&#8220; und versuchen Sie es erneut. Oder wenden Sie sich an den Kundendienst von Elfsight und senden Sie uns eine vollst\u00e4ndige Beschreibung des Problems.<\/p><p><\/div>\n","protected":false},"excerpt":{"rendered":"","protected":false},"author":9,"featured_media":0,"parent":106,"menu_order":0,"comment_status":"closed","ping_status":"closed","template":"templates\/template-application-platform.php","meta":{"publish_to_discourse":"","publish_post_category":"","wpdc_auto_publish_overridden":"","wpdc_topic_tags":"","wpdc_pin_topic":"","wpdc_pin_until":"","discourse_post_id":"","discourse_permalink":"","wpdc_publishing_response":"","wpdc_publishing_error":"","footnotes":""},"class_list":["post-6745","page","type-page","status-publish","hentry"],"yoast_head":"<!-- This site is optimized with the Yoast SEO plugin v25.3.1 - https:\/\/yoast.com\/wordpress\/plugins\/seo\/ -->\n<title>YouTube-Videogalerie \u2013 YouTube-Erweiterung zur Magento-Website hinzuf\u00fcgen<\/title>\n<meta name=\"description\" content=\"Erstellen Sie in nur 1 Minute eine unvergleichliche YouTube-Videogalerie f\u00fcr Ihre Magento-Website! Testen Sie das kostenlose Panel von Elfsight, um Ihr eigenes YouTube-Widget zu erstellen.\" \/>\n<meta name=\"robots\" content=\"index, follow, max-snippet:-1, max-image-preview:large, max-video-preview:-1\" \/>\n<link rel=\"canonical\" href=\"https:\/\/elfsight.com\/de\/youtube-channel-plugin-yottie\/magento\/\" \/>\n<meta property=\"og:locale\" content=\"de_DE\" \/>\n<meta property=\"og:type\" content=\"article\" \/>\n<meta property=\"og:title\" content=\"YouTube-Videogalerie \u2013 YouTube-Erweiterung zur Magento-Website hinzuf\u00fcgen\" \/>\n<meta property=\"og:description\" content=\"Erstellen Sie in nur 1 Minute eine unvergleichliche YouTube-Videogalerie f\u00fcr Ihre Magento-Website! Testen Sie das kostenlose Panel von Elfsight, um Ihr eigenes YouTube-Widget zu erstellen.\" \/>\n<meta property=\"og:url\" content=\"https:\/\/elfsight.com\/de\/youtube-channel-plugin-yottie\/magento\/\" \/>\n<meta property=\"og:site_name\" content=\"Elfsight DE\" \/>\n<meta property=\"article:modified_time\" content=\"2025-01-13T11:50:00+00:00\" \/>\n<meta name=\"twitter:card\" content=\"summary_large_image\" \/>\n<meta name=\"twitter:label1\" content=\"Gesch\u00e4tzte Lesezeit\" \/>\n\t<meta name=\"twitter:data1\" content=\"3\u00a0Minuten\" \/>\n<!-- \/ Yoast SEO plugin. -->","yoast_head_json":{"title":"YouTube-Videogalerie \u2013 YouTube-Erweiterung zur Magento-Website hinzuf\u00fcgen","description":"Erstellen Sie in nur 1 Minute eine unvergleichliche YouTube-Videogalerie f\u00fcr Ihre Magento-Website! Testen Sie das kostenlose Panel von Elfsight, um Ihr eigenes YouTube-Widget zu erstellen.","robots":{"index":"index","follow":"follow","max-snippet":"max-snippet:-1","max-image-preview":"max-image-preview:large","max-video-preview":"max-video-preview:-1"},"canonical":"https:\/\/elfsight.com\/de\/youtube-channel-plugin-yottie\/magento\/","og_locale":"de_DE","og_type":"article","og_title":"YouTube-Videogalerie \u2013 YouTube-Erweiterung zur Magento-Website hinzuf\u00fcgen","og_description":"Erstellen Sie in nur 1 Minute eine unvergleichliche YouTube-Videogalerie f\u00fcr Ihre Magento-Website! Testen Sie das kostenlose Panel von Elfsight, um Ihr eigenes YouTube-Widget zu erstellen.","og_url":"https:\/\/elfsight.com\/de\/youtube-channel-plugin-yottie\/magento\/","og_site_name":"Elfsight DE","article_modified_time":"2025-01-13T11:50:00+00:00","twitter_card":"summary_large_image","twitter_misc":{"Gesch\u00e4tzte Lesezeit":"3\u00a0Minuten"},"schema":{"@context":"https:\/\/schema.org","@graph":[{"@type":"WebPage","@id":"https:\/\/elfsight.com\/de\/youtube-channel-plugin-yottie\/magento\/","url":"https:\/\/elfsight.com\/de\/youtube-channel-plugin-yottie\/magento\/","name":"YouTube-Videogalerie \u2013 YouTube-Erweiterung zur Magento-Website hinzuf\u00fcgen","isPartOf":{"@id":"https:\/\/elfsight.com\/de\/#website"},"datePublished":"1970-01-01T00:00:00+00:00","dateModified":"2025-01-13T11:50:00+00:00","description":"Erstellen Sie in nur 1 Minute eine unvergleichliche YouTube-Videogalerie f\u00fcr Ihre Magento-Website! Testen Sie das kostenlose Panel von Elfsight, um Ihr eigenes YouTube-Widget zu erstellen.","breadcrumb":{"@id":"https:\/\/elfsight.com\/de\/youtube-channel-plugin-yottie\/magento\/#breadcrumb"},"inLanguage":"de","potentialAction":[{"@type":"ReadAction","target":["https:\/\/elfsight.com\/de\/youtube-channel-plugin-yottie\/magento\/"]}]},{"@type":"BreadcrumbList","@id":"https:\/\/elfsight.com\/de\/youtube-channel-plugin-yottie\/magento\/#breadcrumb","itemListElement":[{"@type":"ListItem","position":1,"name":"Home","item":"https:\/\/elfsight.com\/de\/"},{"@type":"ListItem","position":2,"name":"YouTube Gallery","item":"https:\/\/elfsight.com\/de\/youtube-channel-plugin-yottie\/"},{"@type":"ListItem","position":3,"name":"YouTube Gallery &#8211; Magento"}]},{"@type":"WebSite","@id":"https:\/\/elfsight.com\/de\/#website","url":"https:\/\/elfsight.com\/de\/","name":"Elfsight DE","description":"Just another Elfsight Sites site","potentialAction":[{"@type":"SearchAction","target":{"@type":"EntryPoint","urlTemplate":"https:\/\/elfsight.com\/de\/?s={search_term_string}"},"query-input":{"@type":"PropertyValueSpecification","valueRequired":true,"valueName":"search_term_string"}}],"inLanguage":"de"}]}},"meta_box":{"industry":"","seo_heading":"","heading":"","description":"","cta_heading":"","cta_description":"","application":"98","h1":"YouTube-Videogalerie f\u00fcr Magento","h1_caption":"Betten Sie m\u00fchelos eine Galerie mit YouTube-Videos ein, um Inhalte wie Tutorials, Erfahrungsberichte oder Produktpr\u00e4sentationen auf Ihrer Website in Ihre Magento-Website einzubinden.","application_category":[],"applications_title":"","applications_request_title":"","applications_request_button_text":"","hero_text":"","hero_video":"","hero_video_schema_markup":"","selling_points_title":"","selling_points_caption":"","selling_points":[],"selling_points_cta_text":"","features_title":"","features":"","ed_cta_examples_text":"","ed_cta_examples_hidden":"","ed_cta_demo_text":"","ed_cta_demo_hidden":"","why_caption":"","why_editor_title":"","why_editor_text":"","why_team_title":"","why_team_text":"","why_service_title":"","why_service_text":"","template_catalog_visible":"0","template_catalog_title":"","template_catalog_text":"","template_catalog_categories_visible":"","demo_title":"Erstellen Sie Ihre YouTube-Galerie-Erweiterung","demo_caption":"Konfigurieren Sie Ihre YouTube-Galerie und f\u00fcgen Sie sie kostenlos zu Ihrer Magento-Website hinzu!","default_faq_hidden":"","app_template_category":[],"platform":"256","template_public_id":"","codecanyon_url":"","codecanyon_item_id":"","codecanyon_price":"","pricing_caption":"","pricing_elfsight_apps_hide_column":"","pricing_elfsight_apps_url":"","pricing_codecanyon_price_caption":"","integration_category":[],"integration_request_title":"","integration_request_cta":"","integration_platform":"","integrations":[],"platform_category":[],"video_schema_markup":"","price":"ab 0 $ \/ Monat","trial":"","benefits":[{"text":"Professioneller Kundenservice"},{"text":"Kostenlose Installationshilfe"},{"text":"14-t\u00e4gige R\u00fcckerstattungsgarantie"},{"text":"St\u00e4ndige Aktualisierung"}],"button_url":"#demo","button_target_blank":"0","button_nofollow":"0","attributes":[{"name":"Installiert","content":"100,000 - 500,000","_state":"expanded"},{"name":"Reaktionsfreudig","content":"Ja","_state":"expanded"},{"name":"Kompatible Browser","content":"Firefox, Safari, Opera, Chrome, Edge"}],"tags":[],"tags_disable_links":"1","hide_more_platforms":"","video_object":"","demo_hide_cta":"0","demo_hide_cloud_options":"0","pricing_title":"","pricing":[{"pricing_icon":"platform","pricing_title":"Elfsight Apps","pricing_title_caption":"Multiplattform-L\u00f6sung, die f\u00fcr jede Website geeignet ist","pricing_price":"ab 0 $ \/ Monat","pricing_price_caption":"Beginnen Sie mit einem kostenlosen Plan","pricing_benefits":[{"text":"Unbegrenzte Websites"},{"text":"Support rund um die Uhr und gut dokumentiert"},{"text":"Kostenloser Installationsservice"},{"text":"Vollst\u00e4ndig anpassbar"}],"pricing_button_text":"Zur Website hinzuf\u00fcgen","pricing_button_url":"#demo","_state":"expanded"}],"related_apps_title":"","related_apps_hidden":"1","author":"","image":[],"title":"","job":"","social_networks":[]},"_links":{"self":[{"href":"https:\/\/elfsight.com\/de\/wp-json\/wp\/v2\/pages\/6745","targetHints":{"allow":["GET"]}}],"collection":[{"href":"https:\/\/elfsight.com\/de\/wp-json\/wp\/v2\/pages"}],"about":[{"href":"https:\/\/elfsight.com\/de\/wp-json\/wp\/v2\/types\/page"}],"author":[{"embeddable":true,"href":"https:\/\/elfsight.com\/de\/wp-json\/wp\/v2\/users\/9"}],"replies":[{"embeddable":true,"href":"https:\/\/elfsight.com\/de\/wp-json\/wp\/v2\/comments?post=6745"}],"version-history":[{"count":4,"href":"https:\/\/elfsight.com\/de\/wp-json\/wp\/v2\/pages\/6745\/revisions"}],"predecessor-version":[{"id":23527,"href":"https:\/\/elfsight.com\/de\/wp-json\/wp\/v2\/pages\/6745\/revisions\/23527"}],"up":[{"embeddable":true,"href":"https:\/\/elfsight.com\/de\/wp-json\/wp\/v2\/pages\/106"}],"wp:attachment":[{"href":"https:\/\/elfsight.com\/de\/wp-json\/wp\/v2\/media?parent=6745"}],"curies":[{"name":"wp","href":"https:\/\/api.w.org\/{rel}","templated":true}]}}