{"id":6739,"date":"1970-01-01T00:00:00","date_gmt":"1970-01-01T00:00:00","guid":{"rendered":"https:\/\/elfsight.com\/de\/?page_id=6739"},"modified":"2025-01-13T11:25:19","modified_gmt":"2025-01-13T11:25:19","slug":"blogger","status":"publish","type":"page","link":"https:\/\/elfsight.com\/de\/youtube-channel-plugin-yottie\/blogger\/","title":{"rendered":"YouTube Gallery &#8211; Blogger"},"content":{"rendered":"\n<div class=\"application-platform-content-item-description application-platform-content-item\" id=\"description\" data-nav-section=\"description\">\n<h2>Beschreibung<\/h2>\n<p>Ein leistungsstarkes Widget f\u00fcr YouTube, das hilft, verschiedene Videos auf der Website einzuf\u00fcgen. W\u00e4hlen Sie die gew\u00fcnschten Kan\u00e4le und einzelnen Videoclips aus, um Ihre eigene Playlist zu erstellen und diese direkt auf der Seite im am besten geeigneten Layout (Video-Galerie, Portfolio, Kanal, Einzelvideo) einzubetten. Das Elfsight-Widget ist vollst\u00e4ndig kompatibel mit allen Formaten und Systemen, es bietet etwa 100 Einstellparameter, ein anpassbares Layout und viele weitere Funktionen, die es erm\u00f6glichen, es auf jeder Website einzubetten.<\/p>\n<p><b>Gestalten Sie eine unverwechselbare interaktive Video-Galerie, um das Interesse Ihrer Besucher zu steigern.<\/b><\/p>\n<ul>\n<li><b>Erh\u00f6hen Sie die Zusammenarbeit mit den Nutzern Ihrer Website durch YouTube-Videos<\/b>.<br>Fesseln Sie Ihre Webseiten-Besucher mit spannenden YouTube-Videos und halten Sie sie l\u00e4nger interessiert.<\/li>\n<li><b>Gewinnen Sie mehr Kunden durch das Zeigen des richtigen Video-Inhalts<\/b>.<br>Zeigen Sie analytische Videos, Anleitungen, Bewertungen und mehr, um Ihren Kunden wertvolle Informationen \u00fcber Ihre Produkte zu bieten und sie zum Kauf zu \u00fcberzeugen.<\/li>\n<li><b>Mehr Follower f\u00fcr Ihr YouTube-Profil<\/b>.<br>Verwandeln Sie Webseiten-Besucher in Ihre Abonnenten auf YouTube. Integrieren Sie unser schnelles und einfaches Tool, damit Website-Nutzer Videos von Ihrem Kanal abspielen und ihm direkt von der Seite aus folgen k\u00f6nnen.<\/li>\n<\/ul>\n<\/div>\n<div class=\"application-platform-content-item-features application-platform-content-item\" id=\"features\" data-nav-section=\"features\">\n<h2>Funktionen<\/h2>\n<p>Die st\u00e4rksten Punkte des Elfsight-Widgets, die es zum besten Instrument f\u00fcr die Integration von YouTube-Videos auf einer Blogger-Seite machen.<\/p>\n<ul>\n<li>Erstellen von Quellengruppen;<\/li>\n<li>Bearbeitbarer Kanalname;<\/li>\n<li>W\u00e4hlen von Mobiloptimierungsparametern;<\/li>\n<li>13 Popup-Elemente, die ein- oder ausgeschaltet werden k\u00f6nnen;<\/li>\n<li>Festlegung der Foliengeschwindigkeit;<\/li>\n<li>7 anpassbare Schieberegler-Elemente;<\/li>\n<li>Erweiterter Datenschutzmodus.<\/li>\n<\/ul>\n<p><a href=\"#demo\">\u00dcberpr\u00fcfen Sie die vollst\u00e4ndige Liste der Merkmale im Panel<\/a><\/p>\n<\/div>\n<div class=\"application-platform-content-item-installation application-platform-content-item\" id=\"installation\" data-nav-section=\"installation\">\n<h2>So betten Sie die YouTube-Video-Galerie auf einer Blogger-Website ein<\/h2>\n<div class=\"video-container\">\n<iframe width=\"720\" height=\"405\" src=\"https:\/\/www.youtube.com\/embed\/yNSj5KAklRE\" frameborder=\"0\" allowfullscreen=\"\"><\/iframe>\n<\/div>\n<p>Eine kurze Anleitung von Elfsight zum Hinzuf\u00fcgen und Erstellen des Widgets, die keine Erfahrung in der Webentwicklung erfordert. Die gesamte Einrichtung dauert nur etwa 80 Sekunden.<\/p>\n<ol>\n<li><b>Gestalten Sie Ihre einzigartige YouTube-Galerie<\/b>.<br>Verwenden Sie unsere kostenlose Demo, um ein Plugin mit den erforderlichen Vorlagen und Funktionen zusammenzustellen.<\/li>\n<li><b>Erhalten Sie einen Code zum Anzeigen des Plugins<\/b>.<br>Nach der Konfiguration des Widgets erhalten Sie den Code f\u00fcr das YouTube-Plugin aus der erscheinenden Benachrichtigung auf Elfsight Apps.<\/li>\n<li><b>Zeigen Sie das Plugin auf der Blogger-Website an<\/b>.<br>Platzieren Sie das Plugin an der gew\u00fcnschten Stelle auf der Seite und wenden Sie die \u00c4nderungen an.<\/li>\n<li><b>Fertig!<\/b><br>Gehen Sie auf Ihre Website, um Ihr YouTube-Widget zu sehen.<\/li>\n<\/ol>\n<p>Hatten Sie Probleme bei der Installation oder Anpassung der YouTube-Galerie? Versuchen Sie, ein <a href=\"https:\/\/elfsight.com\/tutorials\/how-to-add-youtube-plugin-for-blogger\/\" target=\"_blank\" rel=\"noopener noreferrer\">detailliertes Tutorial<\/a> zu lesen oder wenden Sie sich mit einer detaillierten Erkl\u00e4rung an den Kundensupport.<\/p>\n<\/div>\n<div class=\"faq\" data-component=\"FAQ\">\n<div class=\"faq-item\">\r\n\t\t\t\t\t<div class=\"faq-item-question\">\r\n\t\t\t\t\t\t<h3 class=\"faq-item-question-text\">Wie kann ich eine YouTube-Galerie auf meiner Blogger-Seite hinzuf\u00fcgen?<\/h3>\r\n\r\n\t\t\t\t\t\t<div class=\"faq-item-question-icon\"><\/div>\r\n\t\t\t\t\t<\/div>\r\n\r\n\t\t\t\t\t<div class=\"faq-item-answer\">\r\n\t\t\t\t\t\t<div class=\"faq-item-answer-text\">\n<p>Die Erstellung des Tools erfolgt \u00fcber die Elfsight-Website, und Sie m\u00fcssen keine Programmierkenntnisse erlernen. Gehen Sie zur Live-Demo, um Ihr Widget zu gestalten, den Code zu erhalten und ihn in Ihre Seite zu integrieren.<\/p>\n<\/div>\r\n\t\t\t\t\t<\/div>\r\n\t\t\t\t<\/div>\n<div class=\"faq-item\">\r\n\t\t\t\t\t<div class=\"faq-item-question\">\r\n\t\t\t\t\t\t<h3 class=\"faq-item-question-text\">Die besten Einsatzm\u00f6glichkeiten f\u00fcr die YouTube-Video-Galerie-Integration<\/h3>\r\n\r\n\t\t\t\t\t\t<div class=\"faq-item-question-icon\"><\/div>\r\n\t\t\t\t\t<\/div>\r\n\r\n\t\t\t\t\t<div class=\"faq-item-answer\">\r\n\t\t\t\t\t\t<div class=\"faq-item-answer-text\">\n<p>Wir bieten zahlreiche Anpassungsm\u00f6glichkeiten: Vollbild-Widgets zum Einf\u00fcgen in den Inhaltsbereich, schwebende Widgets mit Scroll-Optionen, Miniaturansichten f\u00fcr den Footer Ihrer Website, den Kopfbereich und alle Arten von vertikalen Optionen f\u00fcr Seitenspalten und Men\u00fcs.<\/p>\n<\/div>\r\n\t\t\t\t\t<\/div>\r\n\t\t\t\t<\/div>\n<div class=\"faq-item\">\r\n\t\t\t\t\t<div class=\"faq-item-question\">\r\n\t\t\t\t\t\t<h3 class=\"faq-item-question-text\">Kann ich mit dem Editor eine Playlist oder eine Einzelvideo-YouTube-Galerie erstellen?<\/h3>\r\n\r\n\t\t\t\t\t\t<div class=\"faq-item-question-icon\"><\/div>\r\n\t\t\t\t\t<\/div>\r\n\r\n\t\t\t\t\t<div class=\"faq-item-answer\">\r\n\t\t\t\t\t\t<div class=\"faq-item-answer-text\">\n<p>Sie k\u00f6nnen alle gew\u00fcnschten Widget-Variationen erstellen. Es stehen zahlreiche Layouts im Editor zur Verf\u00fcgung, die alle schnell nach Ihren Anforderungen angepasst werden k\u00f6nnen.<\/p>\n<\/div>\r\n\t\t\t\t\t<\/div>\r\n\t\t\t\t<\/div>\n<\/div>\n","protected":false},"excerpt":{"rendered":"","protected":false},"author":9,"featured_media":0,"parent":106,"menu_order":0,"comment_status":"closed","ping_status":"closed","template":"templates\/template-application-platform.php","meta":{"publish_to_discourse":"","publish_post_category":"","wpdc_auto_publish_overridden":"","wpdc_topic_tags":"","wpdc_pin_topic":"","wpdc_pin_until":"","discourse_post_id":"","discourse_permalink":"","wpdc_publishing_response":"","wpdc_publishing_error":"","footnotes":""},"class_list":["post-6739","page","type-page","status-publish","hentry"],"yoast_head":"<!-- This site is optimized with the Yoast SEO plugin v25.3.1 - https:\/\/yoast.com\/wordpress\/plugins\/seo\/ -->\n<title>YouTube-Videogalerie \u2013 YouTube-Widget zur Blogger-Website hinzuf\u00fcgen<\/title>\n<meta name=\"description\" content=\"Richten Sie in nur 3 Minuten eine individuelle YouTube-Videogalerie f\u00fcr Ihre Blogger-Website ein! Sehen Sie sich die kostenlose Demo von Elfsight an, um Ihr eigenes YouTube-Widget zu entwerfen.\" \/>\n<meta name=\"robots\" content=\"index, follow, max-snippet:-1, max-image-preview:large, max-video-preview:-1\" \/>\n<link rel=\"canonical\" href=\"https:\/\/elfsight.com\/de\/youtube-channel-plugin-yottie\/blogger\/\" \/>\n<meta property=\"og:locale\" content=\"de_DE\" \/>\n<meta property=\"og:type\" content=\"article\" \/>\n<meta property=\"og:title\" content=\"YouTube-Videogalerie \u2013 YouTube-Widget zur Blogger-Website hinzuf\u00fcgen\" \/>\n<meta property=\"og:description\" content=\"Richten Sie in nur 3 Minuten eine individuelle YouTube-Videogalerie f\u00fcr Ihre Blogger-Website ein! Sehen Sie sich die kostenlose Demo von Elfsight an, um Ihr eigenes YouTube-Widget zu entwerfen.\" \/>\n<meta property=\"og:url\" content=\"https:\/\/elfsight.com\/de\/youtube-channel-plugin-yottie\/blogger\/\" \/>\n<meta property=\"og:site_name\" content=\"Elfsight DE\" \/>\n<meta property=\"article:modified_time\" content=\"2025-01-13T11:25:19+00:00\" \/>\n<meta name=\"twitter:card\" content=\"summary_large_image\" \/>\n<meta name=\"twitter:label1\" content=\"Gesch\u00e4tzte Lesezeit\" \/>\n\t<meta name=\"twitter:data1\" content=\"3\u00a0Minuten\" \/>\n<!-- \/ Yoast SEO plugin. -->","yoast_head_json":{"title":"YouTube-Videogalerie \u2013 YouTube-Widget zur Blogger-Website hinzuf\u00fcgen","description":"Richten Sie in nur 3 Minuten eine individuelle YouTube-Videogalerie f\u00fcr Ihre Blogger-Website ein! Sehen Sie sich die kostenlose Demo von Elfsight an, um Ihr eigenes YouTube-Widget zu entwerfen.","robots":{"index":"index","follow":"follow","max-snippet":"max-snippet:-1","max-image-preview":"max-image-preview:large","max-video-preview":"max-video-preview:-1"},"canonical":"https:\/\/elfsight.com\/de\/youtube-channel-plugin-yottie\/blogger\/","og_locale":"de_DE","og_type":"article","og_title":"YouTube-Videogalerie \u2013 YouTube-Widget zur Blogger-Website hinzuf\u00fcgen","og_description":"Richten Sie in nur 3 Minuten eine individuelle YouTube-Videogalerie f\u00fcr Ihre Blogger-Website ein! Sehen Sie sich die kostenlose Demo von Elfsight an, um Ihr eigenes YouTube-Widget zu entwerfen.","og_url":"https:\/\/elfsight.com\/de\/youtube-channel-plugin-yottie\/blogger\/","og_site_name":"Elfsight DE","article_modified_time":"2025-01-13T11:25:19+00:00","twitter_card":"summary_large_image","twitter_misc":{"Gesch\u00e4tzte Lesezeit":"3\u00a0Minuten"},"schema":{"@context":"https:\/\/schema.org","@graph":[{"@type":"WebPage","@id":"https:\/\/elfsight.com\/de\/youtube-channel-plugin-yottie\/blogger\/","url":"https:\/\/elfsight.com\/de\/youtube-channel-plugin-yottie\/blogger\/","name":"YouTube-Videogalerie \u2013 YouTube-Widget zur Blogger-Website hinzuf\u00fcgen","isPartOf":{"@id":"https:\/\/elfsight.com\/de\/#website"},"datePublished":"1970-01-01T00:00:00+00:00","dateModified":"2025-01-13T11:25:19+00:00","description":"Richten Sie in nur 3 Minuten eine individuelle YouTube-Videogalerie f\u00fcr Ihre Blogger-Website ein! Sehen Sie sich die kostenlose Demo von Elfsight an, um Ihr eigenes YouTube-Widget zu entwerfen.","breadcrumb":{"@id":"https:\/\/elfsight.com\/de\/youtube-channel-plugin-yottie\/blogger\/#breadcrumb"},"inLanguage":"de","potentialAction":[{"@type":"ReadAction","target":["https:\/\/elfsight.com\/de\/youtube-channel-plugin-yottie\/blogger\/"]}]},{"@type":"BreadcrumbList","@id":"https:\/\/elfsight.com\/de\/youtube-channel-plugin-yottie\/blogger\/#breadcrumb","itemListElement":[{"@type":"ListItem","position":1,"name":"Home","item":"https:\/\/elfsight.com\/de\/"},{"@type":"ListItem","position":2,"name":"YouTube Gallery","item":"https:\/\/elfsight.com\/de\/youtube-channel-plugin-yottie\/"},{"@type":"ListItem","position":3,"name":"YouTube Gallery &#8211; Blogger"}]},{"@type":"WebSite","@id":"https:\/\/elfsight.com\/de\/#website","url":"https:\/\/elfsight.com\/de\/","name":"Elfsight DE","description":"Just another Elfsight Sites site","potentialAction":[{"@type":"SearchAction","target":{"@type":"EntryPoint","urlTemplate":"https:\/\/elfsight.com\/de\/?s={search_term_string}"},"query-input":{"@type":"PropertyValueSpecification","valueRequired":true,"valueName":"search_term_string"}}],"inLanguage":"de"}]}},"meta_box":{"industry":"","seo_heading":"","heading":"","description":"","cta_heading":"","cta_description":"","application":"98","h1":"YouTube-Videogalerie f\u00fcr Blogger","h1_caption":"Betten Sie m\u00fchelos eine Galerie mit YouTube-Videos ein, um Inhalte wie Tutorials, Testimonials oder Produktpr\u00e4sentationen auf Ihrer Website in Ihre Blogger-Website einzubinden.","application_category":[],"applications_title":"","applications_request_title":"","applications_request_button_text":"","hero_text":"","hero_video":"","hero_video_schema_markup":"","selling_points_title":"","selling_points_caption":"","selling_points":[],"selling_points_cta_text":"","features_title":"","features":"","ed_cta_examples_text":"","ed_cta_examples_hidden":"","ed_cta_demo_text":"","ed_cta_demo_hidden":"","why_caption":"","why_editor_title":"","why_editor_text":"","why_team_title":"","why_team_text":"","why_service_title":"","why_service_text":"","template_catalog_visible":"0","template_catalog_title":"","template_catalog_text":"","template_catalog_categories_visible":"","demo_title":"Erstellen Sie Ihr YouTube-Galerie-Widget","demo_caption":"Konfigurieren Sie Ihre YouTube-Galerie und f\u00fcgen Sie sie kostenlos zu Ihrer Blogger-Website hinzu!","default_faq_hidden":"","app_template_category":[],"platform":"262","template_public_id":"","codecanyon_url":"","codecanyon_item_id":"","codecanyon_price":"","pricing_caption":"","pricing_elfsight_apps_hide_column":"","pricing_elfsight_apps_url":"","pricing_codecanyon_price_caption":"","integration_category":[],"integration_request_title":"","integration_request_cta":"","integration_platform":"","integrations":[],"platform_category":[],"video_schema_markup":"","price":"ab 0 $ \/ Monat","trial":"","benefits":[{"text":"Kostenlose Installationshilfe"},{"text":"Erfahrener Kundensupport"},{"text":"14-t\u00e4gige Geld-zur\u00fcck-Garantie"},{"text":"Kontinuierliche kostenlose Updates"}],"button_url":"#demo","button_target_blank":"0","button_nofollow":"0","attributes":[{"name":"Installiert","content":"100,000 - 500,000","_state":"expanded"},{"name":"Reaktionsfreudig","content":"Ja","_state":"expanded"},{"name":"Kompatible Browser","content":"Firefox, Safari, Opera, Chrome, Edge"}],"tags":[],"tags_disable_links":"1","hide_more_platforms":"","video_object":"","demo_hide_cta":"0","demo_hide_cloud_options":"0","pricing_title":"","pricing":[{"pricing_icon":"platform","pricing_title":"Elfsight Apps","pricing_title_caption":"Plattform\u00fcbergreifende L\u00f6sung, die f\u00fcr jede Website geeignet ist","pricing_price":"ab 0 $ \/ Monat","pricing_price_caption":"Beginnen Sie mit einem kostenlosen Plan","pricing_benefits":[{"text":"Unbegrenzte Domains"},{"text":"Professionelle und p\u00fcnktliche Unterst\u00fctzung und gut dokumentiert"},{"text":"Kostenlose Installationshilfe"},{"text":"Flexibles Design"}],"pricing_button_text":"Zur Website hinzuf\u00fcgen","pricing_button_url":"#demo","_state":"expanded"}],"related_apps_title":"","related_apps_hidden":"1","author":"","image":[],"title":"","job":"","social_networks":[]},"_links":{"self":[{"href":"https:\/\/elfsight.com\/de\/wp-json\/wp\/v2\/pages\/6739","targetHints":{"allow":["GET"]}}],"collection":[{"href":"https:\/\/elfsight.com\/de\/wp-json\/wp\/v2\/pages"}],"about":[{"href":"https:\/\/elfsight.com\/de\/wp-json\/wp\/v2\/types\/page"}],"author":[{"embeddable":true,"href":"https:\/\/elfsight.com\/de\/wp-json\/wp\/v2\/users\/9"}],"replies":[{"embeddable":true,"href":"https:\/\/elfsight.com\/de\/wp-json\/wp\/v2\/comments?post=6739"}],"version-history":[{"count":5,"href":"https:\/\/elfsight.com\/de\/wp-json\/wp\/v2\/pages\/6739\/revisions"}],"predecessor-version":[{"id":23518,"href":"https:\/\/elfsight.com\/de\/wp-json\/wp\/v2\/pages\/6739\/revisions\/23518"}],"up":[{"embeddable":true,"href":"https:\/\/elfsight.com\/de\/wp-json\/wp\/v2\/pages\/106"}],"wp:attachment":[{"href":"https:\/\/elfsight.com\/de\/wp-json\/wp\/v2\/media?parent=6739"}],"curies":[{"name":"wp","href":"https:\/\/api.w.org\/{rel}","templated":true}]}}