{"id":6736,"date":"1970-01-01T00:00:00","date_gmt":"1970-01-01T00:00:00","guid":{"rendered":"https:\/\/elfsight.com\/de\/?page_id=6736"},"modified":"2025-01-13T11:35:27","modified_gmt":"2025-01-13T11:35:27","slug":"jquery","status":"publish","type":"page","link":"https:\/\/elfsight.com\/de\/youtube-channel-plugin-yottie\/jquery\/","title":{"rendered":"YouTube Gallery &#8211; jQuery"},"content":{"rendered":"\n<div class=\"application-platform-content-item-description application-platform-content-item\" id=\"description\" data-nav-section=\"description\">\n<h2>Beschreibung<\/h2>\n<p>Ein multifunktionales Plugin f\u00fcr YouTube, mit dem Sie eine Vielzahl von Videos auf der Website abspielen k\u00f6nnen. W\u00e4hlen Sie die geeigneten Kan\u00e4le und Videoclips aus, um Ihre individuelle Playlist zu erstellen und diese direkt auf der Seite mit dem am besten geeigneten Layout (Video-Galerie, Portfolio, Kanal, Einzelvideo) einzubetten. Das Elfsight-Plugin ist mit allen Ger\u00e4ten und Plattformen kompatibel; es bietet mehr als 100 Parameter, anpassbares Layout und viele andere Funktionen, die Ihnen erm\u00f6glichen, es auf jeder Website anzuzeigen.<\/p>\n<p><b>Erstellen Sie eine effiziente individuelle Video-Galerie, um die Aufmerksamkeit Ihrer Leser zu steigern.<\/b><\/p>\n<ul>\n<li><b>St\u00e4rken Sie die Interaktion mit den Besuchern Ihrer Website \u00fcber YouTube-Videos<\/b>.<br>Gewinnen Sie die Aufmerksamkeit Ihrer Website-Besucher mit ansprechenden YouTube-Videos und halten Sie ihr Interesse l\u00e4nger als je zuvor.<\/li>\n<li><b>Gewinnen Sie mehr Kunden durch Videoinhalte<\/b>.<br>Zeigen Sie Video-Bewertungen, \u00dcbersichten, Tutorials und vieles mehr, um den Nutzern detaillierte Informationen \u00fcber Ihre Produkte zu geben und sie zum Kauf zu bewegen.<\/li>\n<li><b>Neue Follower f\u00fcr Ihren YouTube-Kanal<\/b>.<br>Verwandeln Sie Website-Besucher in Ihre Follower auf YouTube. Integrieren Sie eine schnelle und einfache Methode, damit sie Videos kennenlernen und den Kanal direkt von der Seite aus abonnieren k\u00f6nnen.<\/li>\n<\/ul>\n<\/div>\n<div class=\"application-platform-content-item-features application-platform-content-item\" id=\"features\" data-nav-section=\"features\">\n<h2>Funktionen<\/h2>\n<p>Die Vorteile unseres Plugins, die es zur besten Methode machen, YouTube-Videos auf einer jQuery-Website einzuf\u00fcgen.<\/p>\n<ul>\n<li>Quellen per URL hinzuf\u00fcgen;<\/li>\n<li>8 schaltbare Header-Elemente;<\/li>\n<li>Abstand zwischen Videos einstellen;<\/li>\n<li>Aufrufe und Likes der Videos anzeigen;<\/li>\n<li>Autoplay-Option mit anpassbarer Geschwindigkeit;<\/li>\n<li>15 anpassbare Video-Elemente;<\/li>\n<li>AdSense-Unterst\u00fctzung zur Monetarisierung von Inhalten;<\/li>\n<\/ul>\n<p><a href=\"#demo\">Erfahren Sie alle Merkmale im Panel<\/a><\/p>\n<\/div>\n<div class=\"application-platform-content-item-installation application-platform-content-item\" id=\"installation\" data-nav-section=\"installation\">\n<h2>Wie f\u00fcge ich die YouTube-Slideshow auf einer jQuery-Website ein?<\/h2>\n<p>Ein kleiner Plan unseres Teams zur Installation und Anpassung der Video-Galerie ohne Kenntnisse in der Entwicklung. Die gesamte Einrichtung dauert nicht l\u00e4nger als 90 Sekunden.<\/p>\n<ol>\n<li><b>Erstellen Sie Ihr personalisiertes YouTube-Plugin<\/b>.<br>Mit unserer kostenlosen Demo k\u00f6nnen Sie ein Plugin mit dem gew\u00fcnschten Design und den gew\u00fcnschten Funktionen erstellen.<\/li>\n<li><b>Erhalten Sie den Code zur Plugin-Integration<\/b>.<br>Nach der Plugin-Anpassung erhalten Sie den Code f\u00fcr die Video-Galerie aus der angezeigten Benachrichtigung auf Elfsight Apps.<\/li>\n<li><b>Platzieren Sie das Plugin auf Ihrer jQuery-Website<\/b>.<br>Betten Sie das Plugin an der gew\u00fcnschten Stelle auf der Website ein und nehmen Sie die \u00c4nderungen vor.<\/li>\n<li><b>Fertig!<\/b><br>Besuchen Sie Ihre Website, um Ihr Plugin zu sehen.<\/li>\n<\/ol>\n<p>Haben Sie w\u00e4hrend der Einrichtung oder bei der \u00c4nderung der Parameter der YouTube-Galerie Probleme? Sehen Sie sich einen <a href=\"https:\/\/elfsight.com\/tutorials\/how-to-add-youtube-video-gallery-to-jquery\/\" target=\"_blank\" rel=\"noopener noreferrer\">vollst\u00e4ndigen Artikel<\/a> an oder senden Sie eine Anfrage an unser Helpcenter mit einer ausf\u00fchrlichen Beschreibung Ihres Problems.<\/p>\n<\/div>\n<div class=\"faq\" data-component=\"FAQ\">\n<div class=\"faq-item\">\r\n\t\t\t\t\t<div class=\"faq-item-question\">\r\n\t\t\t\t\t\t<h3 class=\"faq-item-question-text\">Wie kann ich eine YouTube-Galerie zu jQuery hinzuf\u00fcgen?<\/h3>\r\n\r\n\t\t\t\t\t\t<div class=\"faq-item-question-icon\"><\/div>\r\n\t\t\t\t\t<\/div>\r\n\r\n\t\t\t\t\t<div class=\"faq-item-answer\">\r\n\t\t\t\t\t\t<div class=\"faq-item-answer-text\">\n<p>Die Erstellung des Tools erfolgt innerhalb der Elfsight-Website, und es ist kein Code erforderlich. Nutzen Sie die Live-Demo, um Ihr eigenes Plugin anzupassen, den Code zu erhalten und ihn auf Ihrer Website einzuf\u00fcgen.<\/p>\n<\/div>\r\n\t\t\t\t\t<\/div>\r\n\t\t\t\t<\/div>\n<div class=\"faq-item\">\r\n\t\t\t\t\t<div class=\"faq-item-question\">\r\n\t\t\t\t\t\t<h3 class=\"faq-item-question-text\">Die besten Einsatzm\u00f6glichkeiten der YouTube-Video-Galerie-Integration<\/h3>\r\n\r\n\t\t\t\t\t\t<div class=\"faq-item-question-icon\"><\/div>\r\n\t\t\t\t\t<\/div>\r\n\r\n\t\t\t\t\t<div class=\"faq-item-answer\">\r\n\t\t\t\t\t\t<div class=\"faq-item-answer-text\">\n<p>Wir bieten Ihnen zahlreiche Anpassungsoptionen: Widgets in voller L\u00e4nge zum Hinzuf\u00fcgen im Inhaltsbereich, schwebende Plugins mit Scroll-Funktion, Layouts f\u00fcr den Footer, den Header und alle Varianten vertikaler Optionen f\u00fcr Seitenleisten und Men\u00fcs.<\/p>\n<\/div>\r\n\t\t\t\t\t<\/div>\r\n\t\t\t\t<\/div>\n<div class=\"faq-item\">\r\n\t\t\t\t\t<div class=\"faq-item-question\">\r\n\t\t\t\t\t\t<h3 class=\"faq-item-question-text\">Kann ich mit dem Editor eine Video-Grid- oder Playlist-Galerie erstellen?<\/h3>\r\n\r\n\t\t\t\t\t\t<div class=\"faq-item-question-icon\"><\/div>\r\n\t\t\t\t\t<\/div>\r\n\r\n\t\t\t\t\t<div class=\"faq-item-answer\">\r\n\t\t\t\t\t\t<div class=\"faq-item-answer-text\">\n<p>Sie k\u00f6nnen jede \u00c4nderung am Widget vornehmen. Es gibt viele Layouts im Editor, und alle k\u00f6nnen ganz einfach nach Ihren W\u00fcnschen angepasst werden.<\/p>\n<\/div>\r\n\t\t\t\t\t<\/div>\r\n\t\t\t\t<\/div>\n<\/div>\n","protected":false},"excerpt":{"rendered":"","protected":false},"author":9,"featured_media":0,"parent":106,"menu_order":0,"comment_status":"closed","ping_status":"closed","template":"templates\/template-application-platform.php","meta":{"publish_to_discourse":"","publish_post_category":"","wpdc_auto_publish_overridden":"","wpdc_topic_tags":"","wpdc_pin_topic":"","wpdc_pin_until":"","discourse_post_id":"","discourse_permalink":"","wpdc_publishing_response":"","wpdc_publishing_error":"","footnotes":""},"class_list":["post-6736","page","type-page","status-publish","hentry"],"yoast_head":"<!-- This site is optimized with the Yoast SEO plugin v25.3.1 - https:\/\/yoast.com\/wordpress\/plugins\/seo\/ -->\n<title>YouTube-Videogalerie-Slider f\u00fcr die jQuery-Website (einfach und kostenlos)<\/title>\n<meta name=\"description\" content=\"Der brandneue jQuery YouTube Video Gallery-Slider kann mit jedem CMS auf einer Website implementiert werden. Verwenden Sie das YouTube-Plugin, um atemberaubende Video-Playlists zu erstellen.\" \/>\n<meta name=\"robots\" content=\"index, follow, max-snippet:-1, max-image-preview:large, max-video-preview:-1\" \/>\n<link rel=\"canonical\" href=\"https:\/\/elfsight.com\/de\/youtube-channel-plugin-yottie\/jquery\/\" \/>\n<meta property=\"og:locale\" content=\"de_DE\" \/>\n<meta property=\"og:type\" content=\"article\" \/>\n<meta property=\"og:title\" content=\"YouTube-Videogalerie-Slider f\u00fcr die jQuery-Website (einfach und kostenlos)\" \/>\n<meta property=\"og:description\" content=\"Der brandneue jQuery YouTube Video Gallery-Slider kann mit jedem CMS auf einer Website implementiert werden. Verwenden Sie das YouTube-Plugin, um atemberaubende Video-Playlists zu erstellen.\" \/>\n<meta property=\"og:url\" content=\"https:\/\/elfsight.com\/de\/youtube-channel-plugin-yottie\/jquery\/\" \/>\n<meta property=\"og:site_name\" content=\"Elfsight DE\" \/>\n<meta property=\"article:modified_time\" content=\"2025-01-13T11:35:27+00:00\" \/>\n<meta name=\"twitter:card\" content=\"summary_large_image\" \/>\n<meta name=\"twitter:label1\" content=\"Gesch\u00e4tzte Lesezeit\" \/>\n\t<meta name=\"twitter:data1\" content=\"3\u00a0Minuten\" \/>\n<!-- \/ Yoast SEO plugin. -->","yoast_head_json":{"title":"YouTube-Videogalerie-Slider f\u00fcr die jQuery-Website (einfach und kostenlos)","description":"Der brandneue jQuery YouTube Video Gallery-Slider kann mit jedem CMS auf einer Website implementiert werden. Verwenden Sie das YouTube-Plugin, um atemberaubende Video-Playlists zu erstellen.","robots":{"index":"index","follow":"follow","max-snippet":"max-snippet:-1","max-image-preview":"max-image-preview:large","max-video-preview":"max-video-preview:-1"},"canonical":"https:\/\/elfsight.com\/de\/youtube-channel-plugin-yottie\/jquery\/","og_locale":"de_DE","og_type":"article","og_title":"YouTube-Videogalerie-Slider f\u00fcr die jQuery-Website (einfach und kostenlos)","og_description":"Der brandneue jQuery YouTube Video Gallery-Slider kann mit jedem CMS auf einer Website implementiert werden. Verwenden Sie das YouTube-Plugin, um atemberaubende Video-Playlists zu erstellen.","og_url":"https:\/\/elfsight.com\/de\/youtube-channel-plugin-yottie\/jquery\/","og_site_name":"Elfsight DE","article_modified_time":"2025-01-13T11:35:27+00:00","twitter_card":"summary_large_image","twitter_misc":{"Gesch\u00e4tzte Lesezeit":"3\u00a0Minuten"},"schema":{"@context":"https:\/\/schema.org","@graph":[{"@type":"WebPage","@id":"https:\/\/elfsight.com\/de\/youtube-channel-plugin-yottie\/jquery\/","url":"https:\/\/elfsight.com\/de\/youtube-channel-plugin-yottie\/jquery\/","name":"YouTube-Videogalerie-Slider f\u00fcr die jQuery-Website (einfach und kostenlos)","isPartOf":{"@id":"https:\/\/elfsight.com\/de\/#website"},"datePublished":"1970-01-01T00:00:00+00:00","dateModified":"2025-01-13T11:35:27+00:00","description":"Der brandneue jQuery YouTube Video Gallery-Slider kann mit jedem CMS auf einer Website implementiert werden. Verwenden Sie das YouTube-Plugin, um atemberaubende Video-Playlists zu erstellen.","breadcrumb":{"@id":"https:\/\/elfsight.com\/de\/youtube-channel-plugin-yottie\/jquery\/#breadcrumb"},"inLanguage":"de","potentialAction":[{"@type":"ReadAction","target":["https:\/\/elfsight.com\/de\/youtube-channel-plugin-yottie\/jquery\/"]}]},{"@type":"BreadcrumbList","@id":"https:\/\/elfsight.com\/de\/youtube-channel-plugin-yottie\/jquery\/#breadcrumb","itemListElement":[{"@type":"ListItem","position":1,"name":"Home","item":"https:\/\/elfsight.com\/de\/"},{"@type":"ListItem","position":2,"name":"YouTube Gallery","item":"https:\/\/elfsight.com\/de\/youtube-channel-plugin-yottie\/"},{"@type":"ListItem","position":3,"name":"YouTube Gallery &#8211; jQuery"}]},{"@type":"WebSite","@id":"https:\/\/elfsight.com\/de\/#website","url":"https:\/\/elfsight.com\/de\/","name":"Elfsight DE","description":"Just another Elfsight Sites site","potentialAction":[{"@type":"SearchAction","target":{"@type":"EntryPoint","urlTemplate":"https:\/\/elfsight.com\/de\/?s={search_term_string}"},"query-input":{"@type":"PropertyValueSpecification","valueRequired":true,"valueName":"search_term_string"}}],"inLanguage":"de"}]}},"meta_box":{"industry":"","seo_heading":"","heading":"","description":"","cta_heading":"","cta_description":"","application":"98","h1":"jQuery YouTube-Videogalerie-Schieberegler","h1_caption":"Betten Sie m\u00fchelos eine Galerie mit YouTube-Videos ein, um Inhalte wie Tutorials, Erfahrungsberichte oder Produktpr\u00e4sentationen auf Ihrer Website in Ihre jQuery-Website einzuf\u00fcgen.","application_category":[],"applications_title":"","applications_request_title":"","applications_request_button_text":"","hero_text":"","hero_video":"","hero_video_schema_markup":"","selling_points_title":"","selling_points_caption":"","selling_points":[],"selling_points_cta_text":"","features_title":"","features":"","ed_cta_examples_text":"","ed_cta_examples_hidden":"","ed_cta_demo_text":"","ed_cta_demo_hidden":"","why_caption":"","why_editor_title":"","why_editor_text":"","why_team_title":"","why_team_text":"","why_service_title":"","why_service_text":"","template_catalog_visible":"0","template_catalog_title":"","template_catalog_text":"","template_catalog_categories_visible":"","demo_title":"Erstellen Sie Ihr YouTube-Galerie-Plugin","demo_caption":"Konfigurieren Sie Ihre YouTube-Galerie und f\u00fcgen Sie sie kostenlos zu Ihrer jQuery-Website hinzu!","default_faq_hidden":"","app_template_category":[],"platform":"258","template_public_id":"","codecanyon_url":"","codecanyon_item_id":"","codecanyon_price":"","pricing_caption":"","pricing_elfsight_apps_hide_column":"","pricing_elfsight_apps_url":"","pricing_codecanyon_price_caption":"","integration_category":[],"integration_request_title":"","integration_request_cta":"","integration_platform":"","integrations":[],"platform_category":[],"video_schema_markup":"","price":"Ab 0\u00a0$\/Monat","trial":"","benefits":[{"text":"Kostenlose Installationshilfe"},{"text":"Kompetenter Kundenservice"},{"text":"14-t\u00e4gige Geld-zur\u00fcck-Garantie"},{"text":"Lebenslange kostenlose Verbesserungen"}],"button_url":"#demo","button_target_blank":"0","button_nofollow":"0","attributes":[{"name":"Installiert","content":"100,000 - 500,000","_state":"expanded"},{"name":"Reaktionsfreudig","content":"Ja","_state":"expanded"},{"name":"Kompatible Browser","content":"Firefox, Safari, Opera, Chrome, Edge"}],"tags":[],"tags_disable_links":"1","hide_more_platforms":"","video_object":"","demo_hide_cta":"0","demo_hide_cloud_options":"0","pricing_title":"","pricing":[{"pricing_icon":"platform","pricing_title":"Elfsight Apps","pricing_title_caption":"Bereit f\u00fcr Mobile First","pricing_price":"ab 0 $ \/ Monat","pricing_price_caption":"Beginnen Sie mit einem kostenlosen Plan","pricing_benefits":[{"text":"Unbegrenzte Domains"},{"text":"Kostenloser Support"},{"text":"Kostenlose Installationshilfe"},{"text":"Vollst\u00e4ndig anpassbar"}],"pricing_button_text":"Zur Website hinzuf\u00fcgen","pricing_button_url":"#demo","_state":"expanded"}],"related_apps_title":"","related_apps_hidden":"1","author":"","image":[],"title":"","job":"","social_networks":[]},"_links":{"self":[{"href":"https:\/\/elfsight.com\/de\/wp-json\/wp\/v2\/pages\/6736","targetHints":{"allow":["GET"]}}],"collection":[{"href":"https:\/\/elfsight.com\/de\/wp-json\/wp\/v2\/pages"}],"about":[{"href":"https:\/\/elfsight.com\/de\/wp-json\/wp\/v2\/types\/page"}],"author":[{"embeddable":true,"href":"https:\/\/elfsight.com\/de\/wp-json\/wp\/v2\/users\/9"}],"replies":[{"embeddable":true,"href":"https:\/\/elfsight.com\/de\/wp-json\/wp\/v2\/comments?post=6736"}],"version-history":[{"count":4,"href":"https:\/\/elfsight.com\/de\/wp-json\/wp\/v2\/pages\/6736\/revisions"}],"predecessor-version":[{"id":23522,"href":"https:\/\/elfsight.com\/de\/wp-json\/wp\/v2\/pages\/6736\/revisions\/23522"}],"up":[{"embeddable":true,"href":"https:\/\/elfsight.com\/de\/wp-json\/wp\/v2\/pages\/106"}],"wp:attachment":[{"href":"https:\/\/elfsight.com\/de\/wp-json\/wp\/v2\/media?parent=6736"}],"curies":[{"name":"wp","href":"https:\/\/api.w.org\/{rel}","templated":true}]}}