{"id":6735,"date":"2024-05-03T06:40:54","date_gmt":"2024-05-03T06:40:54","guid":{"rendered":"https:\/\/elfsight.com\/de\/?page_id=6735"},"modified":"2025-02-21T11:55:36","modified_gmt":"2025-02-21T11:55:36","slug":"bigcommerce","status":"publish","type":"page","link":"https:\/\/elfsight.com\/de\/logo-showcase-widget\/bigcommerce\/","title":{"rendered":"Logo Showcase &#8211; BigCommerce"},"content":{"rendered":"\n<div class=\"application-platform-content-item-description application-platform-content-item\" id=\"description\" data-nav-section=\"description\"><h2>Beschreibung<\/h2> <p>Elfsight Logo Showcase ist die perfekte Technik, um mit den Logos von Kunden oder Veranstaltern oder Ihren Presseerw\u00e4hnungen zu prahlen Auf deiner Webseite. Mit dem Elfsight-Widget zeigen Sie, dass Sie ein vertrauensw\u00fcrdiger Begleiter sind und sorgen f\u00fcr ein gutes Image Ihrer Marke. Mit dem Widget k\u00f6nnen Sie mehrere Logos hinzuf\u00fcgen, sie in einem Karussell oder Raster anordnen und den Ma\u00dfstab der Bilder \u00e4ndern. Sie k\u00f6nnen Bildunterschriften und Links zur Website des Unternehmens hinzuf\u00fcgen. Durch Anpassen der Farb- und Schriftarteneinstellungen ist es einfach, einen einzigartigen Look zu entwerfen. <\/p><p><b>Steigern Sie Ihren Umsatz, indem Sie Ihren gro\u00dfartigen Firmennamen unter Beweis stellen, mit Kundenlogos auf der Website. <\/b><\/p><\/div><div class=\"application-platform-content-item-features application-platform-content-item\" id=\"features\" data-nav-section=\"features\"><h2>Funktionen<\/h2> <p>\u00dcberpr\u00fcfen Sie alle Funktionen von Logo Showcase. Sie k\u00f6nnen sie direkt im Editor festlegen und sie helfen Ihnen dabei, das Widget entsprechend Ihren Anforderungen zu erstellen. <\/p><ul><li>Sie k\u00f6nnen jedes Logo mit einer beliebigen Webseite verkn\u00fcpfen. <\/li><li>Adaptiver Widget-Header inklusive Titel und Text mit Formatierungseinstellungen;<\/li><li>Call-to-Action-Button kann mit jeder Webseite verkn\u00fcpft werden;<\/li><li>Drei ausgewogene Widget-Layouts : Schieberegler, Raster und Karussell;<\/li><li>Die Option zum Festlegen der Logogr\u00f6\u00dfe und des Widget-Breitenparameters;<\/li><li>Die Option zum Ausw\u00e4hlen einer beliebigen Hintergrundfarbe oder zum Hochladen eines benutzerdefinierten Bildes.<\/li><\/ul><p><a href=\"#demo\">Sie k\u00f6nnen alle Funktionen des Widgets direkt in der Demo testen<\/a><\/p><\/div><div class=\"application-platform-content-item-installation application-platform-content-item\" id=\"installation\" data-nav-section=\"installation\"><h2>Wie binde ich Logo Showcase in BigCommerce ein? <\/h2><div class=\"video-container\"><iframe width=\"560\" height=\"315\" src=\"https:\/\/www.youtube.com\/embed\/_FfFdz6NnsQ?si=TEVvUhk5wcbAUQrC\" frameborder=\"0\" allow=\"accelerometer; autoplay; clipboard-write; encrypted-media; gyroscope; picture-in-picture; web-share\" allowfullscreen><\/iframe><\/div><p>Erf\u00fcllen Sie einfach die folgenden Richtlinien, um das Tool bei BigCommerce einzuf\u00fcgen.<\/p> <ol><li><b>Starten Sie unseren kostenlosen Editor und beginnen Sie mit der Erstellung Ihres ma\u00dfgeschneiderten Tools Logo Showcase-App. <\/b><br> W\u00e4hlen Sie das benutzerdefinierte Aussehen und die Eigenschaften des Tools und speichern Sie die Korrekturen. <\/li> <li><b>Erhalten Sie den individuellen Code, der im speziellen Formular auf Elfsight Apps angezeigt wird. <\/b><br> Wenn die Anpassung Ihres Widgets abgeschlossen ist, kopieren Sie den exklusiven Code in das angezeigte Feld und bewahren Sie ihn f\u00fcr die sp\u00e4tere Verwendung auf. <\/li> <li><b>Beginnen Sie mit der Verwendung des Plugins auf der BigCommerce-Website. <\/b><br> Betten Sie den zuvor kopierten Code in Ihre Website ein und \u00fcbernehmen Sie die \u00c4nderungen. <\/li> <li><b>Fertig! Der Aufbau ist vollst\u00e4ndig abgeschlossen. <\/b><br> Besuchen Sie Ihre Website, um zu sehen, wie das Plugin funktioniert. <\/li><\/ol><p>Nehmen Sie sich eine Minute Zeit, um den Elfsight-Support zu kontaktieren, wenn Sie Hilfe ben\u00f6tigen oder Fragen haben. Unsere Spezialisten stehen Ihnen bei jeder Anfrage gerne zur Verf\u00fcgung. <\/p><div class=\"faq\" data-component=\"FAQ\"><div class=\"faq-item\">\r\n\t\t\t\t\t<div class=\"faq-item-question\">\r\n\t\t\t\t\t\t<h3 class=\"faq-item-question-text\">Wie f\u00fcge ich einen Logo-Showcase zu meinem BigCommerce hinzu, ohne zu programmieren?<\/h3>\r\n\r\n\t\t\t\t\t\t<div class=\"faq-item-question-icon\"><\/div>\r\n\t\t\t\t\t<\/div>\r\n\r\n\t\t\t\t\t<div class=\"faq-item-answer\">\r\n\t\t\t\t\t\t<div class=\"faq-item-answer-text\"> <p>Das Unternehmen Elfsight bietet eine Cloud-L\u00f6sung, mit der Benutzer selbst einen Logo-Showcase-Bereich erstellen k\u00f6nnen. Entdecken Sie, wie einfach der Prozess ist ist: Beginnen Sie direkt im Live-Editor mit der Erstellung eines Logo-Showcase-Bereichs, der auf der BigCommerce-Website erscheinen soll. W\u00e4hlen Sie eine der vorgefertigten Vorlagen aus und passen Sie die Logo Showcase-Einstellungen an, \u00e4ndern Sie das Layout und die Farbschemata, um Ihre Inhalte einzubeziehen, ohne Programmiererfahrung zu haben. Klicken Sie hier, um die von Ihnen vorgenommenen Einstellungen f\u00fcr Logo Showcase zu speichern und den Installationscode zu erhalten, der einfach und kostenlos auf der BigCommerce-Website hinzugef\u00fcgt werden kann. Mit unserem intuitiven Konfigurator kann jeder Webbenutzer online ein Logo-Showcase erstellen und es in seine BigCommerce-Webseite einbetten. Sie d\u00fcrfen keinen kostenpflichtigen Plan abschlie\u00dfen oder Ihre Kartendaten offenlegen, um den Elfsight-Dienst in Anspruch zu nehmen. Sollten bei irgendeinem Schritt Probleme auftreten, wenden Sie sich bitte an unseren technischen Kundensupport.<\/p> <\/div>\r\n\t\t\t\t\t<\/div>\r\n\t\t\t\t<\/div> <\/div><\/div>\n","protected":false},"excerpt":{"rendered":"","protected":false},"author":9,"featured_media":0,"parent":1982,"menu_order":0,"comment_status":"closed","ping_status":"closed","template":"templates\/template-application-platform.php","meta":{"publish_to_discourse":"","publish_post_category":"","wpdc_auto_publish_overridden":"","wpdc_topic_tags":"","wpdc_pin_topic":"","wpdc_pin_until":"","discourse_post_id":"","discourse_permalink":"","wpdc_publishing_response":"","wpdc_publishing_error":"","footnotes":""},"class_list":["post-6735","page","type-page","status-publish","hentry"],"yoast_head":"<!-- This site is optimized with the Yoast SEO plugin v25.3.1 - https:\/\/yoast.com\/wordpress\/plugins\/seo\/ -->\n<title>Logo Carusel \u2013 Logo Carousel-App zur BigCommerce-Website hinzuf\u00fcgen (2026)<\/title>\n<meta name=\"description\" content=\"Es ist ganz einfach, Ihre Logo Showcase-App zu erstellen und sie auf Ihrer BigCommerce-Website hinzuzuf\u00fcgen. Der Elfsight-Kundendienst ist kostenlos und schnell.\" \/>\n<meta name=\"robots\" content=\"index, follow, max-snippet:-1, max-image-preview:large, max-video-preview:-1\" \/>\n<link rel=\"canonical\" href=\"https:\/\/elfsight.com\/de\/logo-showcase-widget\/bigcommerce\/\" \/>\n<meta property=\"og:locale\" content=\"de_DE\" \/>\n<meta property=\"og:type\" content=\"article\" \/>\n<meta property=\"og:title\" content=\"Logo Carusel \u2013 Logo Carousel-App zur BigCommerce-Website hinzuf\u00fcgen (2026)\" \/>\n<meta property=\"og:description\" content=\"Es ist ganz einfach, Ihre Logo Showcase-App zu erstellen und sie auf Ihrer BigCommerce-Website hinzuzuf\u00fcgen. Der Elfsight-Kundendienst ist kostenlos und schnell.\" \/>\n<meta property=\"og:url\" content=\"https:\/\/elfsight.com\/de\/logo-showcase-widget\/bigcommerce\/\" \/>\n<meta property=\"og:site_name\" content=\"Elfsight DE\" \/>\n<meta property=\"article:modified_time\" content=\"2025-02-21T11:55:36+00:00\" \/>\n<meta name=\"twitter:card\" content=\"summary_large_image\" \/>\n<meta name=\"twitter:label1\" content=\"Gesch\u00e4tzte Lesezeit\" \/>\n\t<meta name=\"twitter:data1\" content=\"3\u00a0Minuten\" \/>\n<!-- \/ Yoast SEO plugin. -->","yoast_head_json":{"title":"Logo Carusel \u2013 Logo Carousel-App zur BigCommerce-Website hinzuf\u00fcgen (2026)","description":"Es ist ganz einfach, Ihre Logo Showcase-App zu erstellen und sie auf Ihrer BigCommerce-Website hinzuzuf\u00fcgen. Der Elfsight-Kundendienst ist kostenlos und schnell.","robots":{"index":"index","follow":"follow","max-snippet":"max-snippet:-1","max-image-preview":"max-image-preview:large","max-video-preview":"max-video-preview:-1"},"canonical":"https:\/\/elfsight.com\/de\/logo-showcase-widget\/bigcommerce\/","og_locale":"de_DE","og_type":"article","og_title":"Logo Carusel \u2013 Logo Carousel-App zur BigCommerce-Website hinzuf\u00fcgen (2026)","og_description":"Es ist ganz einfach, Ihre Logo Showcase-App zu erstellen und sie auf Ihrer BigCommerce-Website hinzuzuf\u00fcgen. Der Elfsight-Kundendienst ist kostenlos und schnell.","og_url":"https:\/\/elfsight.com\/de\/logo-showcase-widget\/bigcommerce\/","og_site_name":"Elfsight DE","article_modified_time":"2025-02-21T11:55:36+00:00","twitter_card":"summary_large_image","twitter_misc":{"Gesch\u00e4tzte Lesezeit":"3\u00a0Minuten"},"schema":{"@context":"https:\/\/schema.org","@graph":[{"@type":"WebPage","@id":"https:\/\/elfsight.com\/de\/logo-showcase-widget\/bigcommerce\/","url":"https:\/\/elfsight.com\/de\/logo-showcase-widget\/bigcommerce\/","name":"Logo Carusel \u2013 Logo Carousel-App zur BigCommerce-Website hinzuf\u00fcgen (2026)","isPartOf":{"@id":"https:\/\/elfsight.com\/de\/#website"},"datePublished":"2024-05-03T06:40:54+00:00","dateModified":"2025-02-21T11:55:36+00:00","description":"Es ist ganz einfach, Ihre Logo Showcase-App zu erstellen und sie auf Ihrer BigCommerce-Website hinzuzuf\u00fcgen. Der Elfsight-Kundendienst ist kostenlos und schnell.","breadcrumb":{"@id":"https:\/\/elfsight.com\/de\/logo-showcase-widget\/bigcommerce\/#breadcrumb"},"inLanguage":"de","potentialAction":[{"@type":"ReadAction","target":["https:\/\/elfsight.com\/de\/logo-showcase-widget\/bigcommerce\/"]}]},{"@type":"BreadcrumbList","@id":"https:\/\/elfsight.com\/de\/logo-showcase-widget\/bigcommerce\/#breadcrumb","itemListElement":[{"@type":"ListItem","position":1,"name":"Home","item":"https:\/\/elfsight.com\/de\/"},{"@type":"ListItem","position":2,"name":"Logo Showcase","item":"https:\/\/elfsight.com\/de\/logo-showcase-widget\/"},{"@type":"ListItem","position":3,"name":"Logo Showcase &#8211; BigCommerce"}]},{"@type":"WebSite","@id":"https:\/\/elfsight.com\/de\/#website","url":"https:\/\/elfsight.com\/de\/","name":"Elfsight DE","description":"Just another Elfsight Sites site","potentialAction":[{"@type":"SearchAction","target":{"@type":"EntryPoint","urlTemplate":"https:\/\/elfsight.com\/de\/?s={search_term_string}"},"query-input":{"@type":"PropertyValueSpecification","valueRequired":true,"valueName":"search_term_string"}}],"inLanguage":"de"}]}},"meta_box":{"industry":"","seo_heading":"","heading":"","description":"","cta_heading":"","cta_description":"","application":"499","h1":"BigCommerce-Logo-Schaufenster","h1_caption":"Zeigen Sie die Logos Ihrer Partner, Sponsoren oder Kunden an und bauen Sie so m\u00fchelos Glaubw\u00fcrdigkeit und Vertrauen f\u00fcr Ihre Marke auf Ihrer BigCommerce-Website auf.","application_category":[],"applications_title":"","applications_request_title":"","applications_request_button_text":"","hero_text":"","hero_video":"","hero_video_schema_markup":"","selling_points_title":"","selling_points_caption":"","selling_points":[],"selling_points_cta_text":"","features_title":"","features":"","ed_cta_examples_text":"","ed_cta_examples_hidden":"","ed_cta_demo_text":"","ed_cta_demo_hidden":"","why_caption":"","why_editor_title":"","why_editor_text":"","why_team_title":"","why_team_text":"","why_service_title":"","why_service_text":"","template_catalog_visible":"0","template_catalog_title":"","template_catalog_text":"","template_catalog_categories_visible":"","demo_title":"Erstellen Sie Ihre Logo Showcase-App","demo_caption":"Konfigurieren Sie Ihr Logo-Showcase und f\u00fcgen Sie es kostenlos Ihrer BigCommerce-Website hinzu!","default_faq_hidden":"","app_template_category":[],"platform":"268","template_public_id":"","codecanyon_url":"","codecanyon_item_id":"","codecanyon_price":"","pricing_caption":"","pricing_elfsight_apps_hide_column":"","pricing_elfsight_apps_url":"","pricing_codecanyon_price_caption":"","integration_category":[],"integration_request_title":"","integration_request_cta":"","integration_platform":"","integrations":[],"platform_category":[],"video_schema_markup":"","price":"ab 0 $ \/ Monat","trial":"","benefits":[{"text":"Kostenloser Installationsservice"},{"text":"Professioneller Kundenservice"},{"text":"14-t\u00e4gige R\u00fcckerstattungsgarantie"},{"text":"Lebenslange Verbesserungen"}],"button_url":"#demo","button_target_blank":"0","button_nofollow":"0","attributes":[{"name":"Installiert","content":"10,000 - 100,000","_state":"expanded"},{"name":"Reaktionsfreudig","content":"Ja","_state":"expanded"},{"name":"Kompatible Browser","content":"Firefox, Safari, Opera, Chrome, Edge"}],"tags":[],"tags_disable_links":"1","hide_more_platforms":"0","video_object":"","demo_hide_cta":"0","demo_hide_cloud_options":"0","pricing_title":"","pricing":[{"pricing_icon":"platform","pricing_title":"Elfsight Apps","pricing_title_caption":"Plattform\u00fcbergreifende L\u00f6sung","pricing_price":"ab 0 $ \/ Monat","pricing_price_caption":"Beginnen Sie mit einem kostenlosen Plan","pricing_benefits":[{"text":"Unbegrenzte Domains"},{"text":"Professionelle und p\u00fcnktliche Unterst\u00fctzung und gut dokumentiert"},{"text":"Kostenlose Installationshilfe"},{"text":"Vollst\u00e4ndig anpassbar"}],"pricing_button_text":"Zur Website hinzuf\u00fcgen","pricing_button_url":"#demo","_state":"expanded"}],"related_apps_title":"","related_apps_hidden":"1","author":"","image":[],"title":"","job":"","social_networks":[]},"_links":{"self":[{"href":"https:\/\/elfsight.com\/de\/wp-json\/wp\/v2\/pages\/6735","targetHints":{"allow":["GET"]}}],"collection":[{"href":"https:\/\/elfsight.com\/de\/wp-json\/wp\/v2\/pages"}],"about":[{"href":"https:\/\/elfsight.com\/de\/wp-json\/wp\/v2\/types\/page"}],"author":[{"embeddable":true,"href":"https:\/\/elfsight.com\/de\/wp-json\/wp\/v2\/users\/9"}],"replies":[{"embeddable":true,"href":"https:\/\/elfsight.com\/de\/wp-json\/wp\/v2\/comments?post=6735"}],"version-history":[{"count":3,"href":"https:\/\/elfsight.com\/de\/wp-json\/wp\/v2\/pages\/6735\/revisions"}],"predecessor-version":[{"id":24698,"href":"https:\/\/elfsight.com\/de\/wp-json\/wp\/v2\/pages\/6735\/revisions\/24698"}],"up":[{"embeddable":true,"href":"https:\/\/elfsight.com\/de\/wp-json\/wp\/v2\/pages\/1982"}],"wp:attachment":[{"href":"https:\/\/elfsight.com\/de\/wp-json\/wp\/v2\/media?parent=6735"}],"curies":[{"name":"wp","href":"https:\/\/api.w.org\/{rel}","templated":true}]}}