{"id":6732,"date":"1970-01-01T00:00:00","date_gmt":"1970-01-01T00:00:00","guid":{"rendered":"https:\/\/elfsight.com\/de\/?page_id=6732"},"modified":"2024-11-08T09:15:22","modified_gmt":"2024-11-08T09:15:22","slug":"joomla","status":"publish","type":"page","link":"https:\/\/elfsight.com\/de\/whatsapp-chat-widget\/joomla\/","title":{"rendered":"Whatsapp Chat &#8211; Joomla"},"content":{"rendered":"<div class=\"application-platform-content-item-description application-platform-content-item\" id=\"description\" data-nav-section=\"description\"> <h2>WhatsApp-Chat mit Elfsight-Widget einbetten<\/h2> <p>Das von Elfsight erstellte WhatsApp-Plugin ist das praktischste Tool, mit dem Ihre Website-Kunden kommunizieren k\u00f6nnen Sie und erhalten Antworten auf ihre Fragen und W\u00fcnsche. Es steht Ihnen frei, f\u00fcr Benutzer in ihrem beliebtesten Messenger live verf\u00fcgbar zu bleiben, egal wo Sie sich befinden. Betten Sie den Chat in Ihren Shop ein und er erscheint auf ausgew\u00e4hlten Seiten oder f\u00fcr bestimmte Kundentypen, aktivieren Sie Start-Chat-Trigger, geben Sie Ihre eigene Begr\u00fc\u00dfungsnachricht ein, \u00e4ndern Sie Symbole und vieles mehr. \u00dcber den WhatsApp Live-Chat auf Ihrer Website bleiben Sie jederzeit und von \u00fcberall mit Ihrer Kundschaft in Kontakt. <\/p> <div class=\"faq\" data-component=\"FAQ\"><div class=\"faq-item\">\r\n\t\t\t\t\t<div class=\"faq-item-question\">\r\n\t\t\t\t\t\t<h3 class=\"faq-item-question-text\">Wie f\u00fcge ich die WhatsApp-Chat-Schaltfl\u00e4che zu einer Joomla-Website hinzu?<\/h3>\r\n\r\n\t\t\t\t\t\t<div class=\"faq-item-question-icon\"><\/div>\r\n\t\t\t\t\t<\/div>\r\n\r\n\t\t\t\t\t<div class=\"faq-item-answer\">\r\n\t\t\t\t\t\t<div class=\"faq-item-answer-text\"><p>Das Hinzuf\u00fcgen der WhatsApp-Chat-Erweiterung zu Joomla dauert nur wenige Augenblicke . Dar\u00fcber hinaus sind keine Programmierkenntnisse erforderlich. <\/p><ol><li>Regulieren Sie das Plugin f\u00fcr Joomla im kostenlosen Konfigurator und sehen Sie \u00c4nderungen live. <\/li> <li>Klicken Sie auf den Code, um ihn zu kopieren. <\/li> <li>F\u00fcgen Sie den Code der WhatsApp-Chat-Erweiterung an der erforderlichen Stelle im Joomla-Backend ein. <\/li> <li>Verstanden! Die Einbettung des Chat-Moduls auf Joomla ist perfektioniert! <\/li><\/ol><p>Haben Sie Probleme beim Einf\u00fcgen des Plugins in Joomla oder beim Formatieren? Sie k\u00f6nnen die vollst\u00e4ndige Anleitung sehen <a href=\"https:\/\/elfsight.com\/tutorials\/how-to-add-whatsapp-chat-widget-to-website\/#how-to-add-whatsapp-to-joomla\">auf dieser Seite<\/a>.<\/p><\/div>\r\n\t\t\t\t\t<\/div>\r\n\t\t\t\t<\/div><div class=\"faq-item\">\r\n\t\t\t\t\t<div class=\"faq-item-question\">\r\n\t\t\t\t\t\t<h3 class=\"faq-item-question-text\">Habe ich die M\u00f6glichkeit zu sehen, wie das Modul auf einer Website aussehen wird?<\/h3>\r\n\r\n\t\t\t\t\t\t<div class=\"faq-item-question-icon\"><\/div>\r\n\t\t\t\t\t<\/div>\r\n\r\n\t\t\t\t\t<div class=\"faq-item-answer\">\r\n\t\t\t\t\t\t<div class=\"faq-item-answer-text\"><p>Auf jeden Fall! W\u00e4hrend Sie das Joomla-Chat-Plugin <a href=\"https:\/\/elfsight.com\/whatsapp-chat-widget\/#demo\">im Live-Builder<\/a> erstellen, sehen Sie alle \u00dcberarbeitungen im rechter Teil des Editors. Ihr Chat-Feld ist identisch mit dem, was Sie auf einer Joomla-Website haben.<\/p><\/div>\r\n\t\t\t\t\t<\/div>\r\n\t\t\t\t<\/div><div class=\"faq-item\">\r\n\t\t\t\t\t<div class=\"faq-item-question\">\r\n\t\t\t\t\t\t<h3 class=\"faq-item-question-text\">Welche beliebten Erweiterungen sind f\u00fcr eine Joomla-Website unerl\u00e4sslich?<\/h3>\r\n\r\n\t\t\t\t\t\t<div class=\"faq-item-question-icon\"><\/div>\r\n\t\t\t\t\t<\/div>\r\n\r\n\t\t\t\t\t<div class=\"faq-item-answer\">\r\n\t\t\t\t\t\t<div class=\"faq-item-answer-text\"><p> Es gibt viele vielseitige Elfsight-Module, die Sie zu Ihrer auf Joomla erstellten Website hinzuf\u00fcgen k\u00f6nnen. Beispielsweise gibt es viele Arten von Chat-Schaltfl\u00e4chen: <a href=\"https:\/\/elfsight.com\/all-in-one-chat-widget\/joomla\/\">All-in-One-Chat<\/a> und <a>WhatsApp-Chat<\/a> \u2013 um mit Ihren Kunden innerhalb Ihrer Website zu kommunizieren. Au\u00dferdem <a href=\"https:\/\/elfsight.com\/online-form-builder\/joomla\/\">Online-Formulare<\/a>, <a href=\"https:\/\/elfsight.com\/pdf-embed-widget \/joomla\/\">PDF-Einbettung<\/a> und <a href=\"https:\/\/elfsight.com\/instagram-feed-instashow\/joomla\/\">Instagram-Feed<\/a>, um den Website-Inhalt zu erweitern und Dynamik hinzuzuf\u00fcgen Elemente.<\/p><\/div>\r\n\t\t\t\t\t<\/div>\r\n\t\t\t\t<\/div><\/div><\/div> <div class=\"application-platform-content-item-features application-platform-content-item\" id=\"features\" data-nav-section=\"features\"> <h2>Hauptfunktionen des WhatsApp-Chat-Moduls<\/h2> <p>Um ein klares Wissen dar\u00fcber zu erhalten den Joomla-Chat, hier ist die Liste seiner Hauptfunktionen. Sie machen unser Widget f\u00fcr Sie maximal n\u00fctzlich: <\/p> <ul><li>Richten Sie den WhatsApp-Messenger auf Ihrer Website ein, um Live-Chats mit anderen zu f\u00fchren; <\/li><li>Kommunizieren Sie weiterhin direkt \u00fcber Ihr WhatsApp-Konto. <\/li><li>Verwenden Sie 3 Arten von Modulpositionen: schwebende Blase, eingebettete Blase und eingebettetes Chatfenster; <\/li><li>Verwenden Sie eine Bibliothek mit Blasensymbolen zur Auswahl. <\/li><li>Geben Sie Ihren pers\u00f6nlichen Text f\u00fcr die Chat-Blase ein. <\/li><\/ul><p><a href=\"#demo\">Die Demo er\u00f6ffnet Ihnen weitere Funktionen<\/a><\/p> <\/div> <div class=\"application-platform-content-item-installation application-platform-content-item\" id=\"installation\" data-nav-section=\"installation\"> <h2> So f\u00fcgen Sie das WhatsApp-Live-Chat-Plugin zu Ihrem Joomla hinzu<\/h2><div class=\"video-container\"><iframe width=\"720\" height=\"405\" src=\"https:\/\/www.youtube.com\/embed\/DYT1PiJuOy0\" frameborder=\"0\" allowfullscreen=\"\"><\/iframe><\/div><p>Befolgen Sie einfach die unten beschriebenen Schritte, um das Plugin auf Joomla zu aktivieren.<\/p> <ol><li><b>Starten Sie unseren kostenlosen Konfigurator und beginnen Sie mit der Erstellung Ihrer ma\u00dfgeschneiderten WhatsApp-Chat-Erweiterung. <\/b><br> Geben Sie das gew\u00fcnschte Aussehen und die gew\u00fcnschten Aspekte des Plugins an und wenden Sie die Korrekturen an. <\/li> <li><b>Kopieren Sie Ihren pers\u00f6nlichen Code, der im Fenster von Elfsight Apps angezeigt wird. <\/b><br> Nachdem die Anpassung Ihrer Erweiterung abgeschlossen ist, kopieren Sie den pers\u00f6nlichen Code im angezeigten Feld und speichern Sie ihn zur sp\u00e4teren Verwendung. <\/li> <li><b>Initiieren Sie die Nutzung des Tools auf Ihrer Joomla-Site. <\/b><br> Platzieren Sie den Code, den Sie k\u00fcrzlich kopiert haben, auf Ihrer Website und \u00fcbernehmen Sie die \u00c4nderungen. <\/li> <li><b>Das Setup wurde erfolgreich durchgef\u00fchrt. <\/b><br> Besuchen Sie Ihre Website, um die Leistung des Tools zu \u00fcberpr\u00fcfen. <\/li><\/ol><p>Zweifeln Sie immer noch an etwas? Oder haben Sie Anfragen? Richten Sie einfach eine Anfrage an unser Support-Team und sie werden jedes Problem l\u00f6sen. <\/p> <\/div><div class=\"faq\" data-component=\"FAQ\"><div class=\"faq-item\">\r\n\t\t\t\t\t<div class=\"faq-item-question\">\r\n\t\t\t\t\t\t<h3 class=\"faq-item-question-text\">Wie f\u00fcge ich WhatsApp Chat ohne Programmierkenntnisse zu meinem Joomla hinzu?<\/h3>\r\n\r\n\t\t\t\t\t\t<div class=\"faq-item-question-icon\"><\/div>\r\n\t\t\t\t\t<\/div>\r\n\r\n\t\t\t\t\t<div class=\"faq-item-answer\">\r\n\t\t\t\t\t\t<div class=\"faq-item-answer-text\"><p>Das Unternehmen Elfsight bietet eine Cloud-L\u00f6sung an Erm\u00f6glicht einem breiten Publikum, selbst einen WhatsApp-Chat-Bereich zu erstellen. Entdecken Sie, wie einfach es ist: <\/p><ul><li>Arbeiten Sie direkt in der Live-Demo, um einen WhatsApp-Chat-Bereich einzurichten, den Sie in Ihre Joomla-Site einbetten m\u00f6chten.<\/li><li>W\u00e4hlen Sie eine der vielen vorgefertigten Vorlagen aus und \u00e4ndern Sie die WhatsApp-Chat-Einstellungen, f\u00fcgen Sie Ihre Inhalte hinzu, \u00e4ndern Sie das Layout und die Farbe der Elemente ohne Programmiererfahrung.<\/li><li>Speichern Sie den WhatsApp-Chat und Kopieren Sie den Code zum Einbetten, der problemlos in Ihre Joomla-Website eingef\u00fcgt werden kann, ohne einen kostenpflichtigen Plan kaufen zu m\u00fcssen. <\/li><\/ul><p>Mit Hilfe des intuitiven Konfigurators kann jeder Webbenutzer ein WhatsApp-Chat-Widget online erstellen und problemlos in die Joomla-Homepage integrieren. F\u00fcr den Zugriff auf den Elfsight-Dienst ist es nicht erforderlich, ein kostenpflichtiges Abonnement abzuschlie\u00dfen oder Ihre Kartendaten anzugeben. Sollten bei irgendeinem Schritt Probleme auftreten, z\u00f6gern Sie bitte nicht, mit unserem Kundensupport zu sprechen.<\/p><\/div>\r\n\t\t\t\t\t<\/div>\r\n\t\t\t\t<\/div><\/div>","protected":false},"excerpt":{"rendered":"","protected":false},"author":9,"featured_media":0,"parent":146,"menu_order":0,"comment_status":"closed","ping_status":"closed","template":"templates\/template-application-platform.php","meta":{"publish_to_discourse":"","publish_post_category":"","wpdc_auto_publish_overridden":"","wpdc_topic_tags":"","wpdc_pin_topic":"","wpdc_pin_until":"","discourse_post_id":"","discourse_permalink":"","wpdc_publishing_response":"","wpdc_publishing_error":"","footnotes":""},"class_list":["post-6732","page","type-page","status-publish","hentry"],"yoast_head":"<!-- This site is optimized with the Yoast SEO plugin v25.3.1 - https:\/\/yoast.com\/wordpress\/plugins\/seo\/ -->\n<title>WhatsApp-Live-Chat-Plugin zur Joomla-Website hinzuf\u00fcgen (einfach und schnell)<\/title>\n<meta name=\"description\" content=\"Richten Sie das WhatsApp Live Chat-Plugin auf Joomla in nur 2 Minuten ein. Entdecken Sie alle Hauptmerkmale des besten Chat-Moduls in einer kostenlosen Demo.\" \/>\n<meta name=\"robots\" content=\"index, follow, max-snippet:-1, max-image-preview:large, max-video-preview:-1\" \/>\n<link rel=\"canonical\" href=\"https:\/\/elfsight.com\/de\/whatsapp-chat-widget\/joomla\/\" \/>\n<meta property=\"og:locale\" content=\"de_DE\" \/>\n<meta property=\"og:type\" content=\"article\" \/>\n<meta property=\"og:title\" content=\"WhatsApp-Live-Chat-Plugin zur Joomla-Website hinzuf\u00fcgen (einfach und schnell)\" \/>\n<meta property=\"og:description\" content=\"Richten Sie das WhatsApp Live Chat-Plugin auf Joomla in nur 2 Minuten ein. Entdecken Sie alle Hauptmerkmale des besten Chat-Moduls in einer kostenlosen Demo.\" \/>\n<meta property=\"og:url\" content=\"https:\/\/elfsight.com\/de\/whatsapp-chat-widget\/joomla\/\" \/>\n<meta property=\"og:site_name\" content=\"Elfsight DE\" \/>\n<meta property=\"article:modified_time\" content=\"2024-11-08T09:15:22+00:00\" \/>\n<meta name=\"twitter:card\" content=\"summary_large_image\" \/>\n<meta name=\"twitter:label1\" content=\"Gesch\u00e4tzte Lesezeit\" \/>\n\t<meta name=\"twitter:data1\" content=\"4\u00a0Minuten\" \/>\n<!-- \/ Yoast SEO plugin. -->","yoast_head_json":{"title":"WhatsApp-Live-Chat-Plugin zur Joomla-Website hinzuf\u00fcgen (einfach und schnell)","description":"Richten Sie das WhatsApp Live Chat-Plugin auf Joomla in nur 2 Minuten ein. Entdecken Sie alle Hauptmerkmale des besten Chat-Moduls in einer kostenlosen Demo.","robots":{"index":"index","follow":"follow","max-snippet":"max-snippet:-1","max-image-preview":"max-image-preview:large","max-video-preview":"max-video-preview:-1"},"canonical":"https:\/\/elfsight.com\/de\/whatsapp-chat-widget\/joomla\/","og_locale":"de_DE","og_type":"article","og_title":"WhatsApp-Live-Chat-Plugin zur Joomla-Website hinzuf\u00fcgen (einfach und schnell)","og_description":"Richten Sie das WhatsApp Live Chat-Plugin auf Joomla in nur 2 Minuten ein. Entdecken Sie alle Hauptmerkmale des besten Chat-Moduls in einer kostenlosen Demo.","og_url":"https:\/\/elfsight.com\/de\/whatsapp-chat-widget\/joomla\/","og_site_name":"Elfsight DE","article_modified_time":"2024-11-08T09:15:22+00:00","twitter_card":"summary_large_image","twitter_misc":{"Gesch\u00e4tzte Lesezeit":"4\u00a0Minuten"},"schema":{"@context":"https:\/\/schema.org","@graph":[{"@type":"WebPage","@id":"https:\/\/elfsight.com\/de\/whatsapp-chat-widget\/joomla\/","url":"https:\/\/elfsight.com\/de\/whatsapp-chat-widget\/joomla\/","name":"WhatsApp-Live-Chat-Plugin zur Joomla-Website hinzuf\u00fcgen (einfach und schnell)","isPartOf":{"@id":"https:\/\/elfsight.com\/de\/#website"},"datePublished":"1970-01-01T00:00:00+00:00","dateModified":"2024-11-08T09:15:22+00:00","description":"Richten Sie das WhatsApp Live Chat-Plugin auf Joomla in nur 2 Minuten ein. Entdecken Sie alle Hauptmerkmale des besten Chat-Moduls in einer kostenlosen Demo.","breadcrumb":{"@id":"https:\/\/elfsight.com\/de\/whatsapp-chat-widget\/joomla\/#breadcrumb"},"inLanguage":"de","potentialAction":[{"@type":"ReadAction","target":["https:\/\/elfsight.com\/de\/whatsapp-chat-widget\/joomla\/"]}]},{"@type":"BreadcrumbList","@id":"https:\/\/elfsight.com\/de\/whatsapp-chat-widget\/joomla\/#breadcrumb","itemListElement":[{"@type":"ListItem","position":1,"name":"Home","item":"https:\/\/elfsight.com\/de\/"},{"@type":"ListItem","position":2,"name":"WhatsApp Chat","item":"https:\/\/elfsight.com\/de\/whatsapp-chat-widget\/"},{"@type":"ListItem","position":3,"name":"Whatsapp Chat &#8211; Joomla"}]},{"@type":"WebSite","@id":"https:\/\/elfsight.com\/de\/#website","url":"https:\/\/elfsight.com\/de\/","name":"Elfsight DE","description":"Just another Elfsight Sites site","potentialAction":[{"@type":"SearchAction","target":{"@type":"EntryPoint","urlTemplate":"https:\/\/elfsight.com\/de\/?s={search_term_string}"},"query-input":{"@type":"PropertyValueSpecification","valueRequired":true,"valueName":"search_term_string"}}],"inLanguage":"de"}]}},"meta_box":{"industry":"","seo_heading":"","heading":"","description":"","cta_heading":"","cta_description":"","application":"139","h1":"Joomla WhatsApp Live Chat-Plugin","h1_caption":"Geben Sie Benutzern die M\u00f6glichkeit, Sie \u00fcber WhatsApp zu kontaktieren, und sorgen Sie so f\u00fcr die schnellste und bequemste Interaktion Ihrer Website-Besucher mit Ihrer Joomla-Website.","application_category":[],"applications_title":"","applications_request_title":"","applications_request_button_text":"","hero_text":"","hero_video":"","hero_video_schema_markup":"","selling_points_title":"","selling_points_caption":"","selling_points":[],"selling_points_cta_text":"","features_title":"","features":"","ed_cta_examples_text":"","ed_cta_examples_hidden":"","ed_cta_demo_text":"","ed_cta_demo_hidden":"","why_caption":"","why_editor_title":"","why_editor_text":"","why_team_title":"","why_team_text":"","why_service_title":"","why_service_text":"","template_catalog_visible":"0","template_catalog_title":"","template_catalog_text":"","template_catalog_categories_visible":"","demo_title":"Erstellen Sie Ihr WhatsApp-Chat-Plugin","demo_caption":"Konfigurieren Sie Ihren WhatsApp-Chat und f\u00fcgen Sie ihn kostenlos zu Ihrer Joomla-Website hinzu!","default_faq_hidden":"","app_template_category":[],"platform":"259","template_public_id":"","codecanyon_url":"","codecanyon_item_id":"","codecanyon_price":"","pricing_caption":"","pricing_elfsight_apps_hide_column":"","pricing_elfsight_apps_url":"","pricing_codecanyon_price_caption":"","integration_category":[],"integration_request_title":"","integration_request_cta":"","integration_platform":"","integrations":[],"platform_category":[],"video_schema_markup":"","price":"ab 0 $ \/ Monat","trial":"","benefits":[{"text":"Kostenlose Installationsunterst\u00fctzung"},{"text":"Au\u00dfergew\u00f6hnliche Unterst\u00fctzung"},{"text":"14-t\u00e4gige Geld-zur\u00fcck-Garantie"},{"text":"Kontinuierliche kostenlose Verbesserungen"}],"button_url":"#demo","button_target_blank":"0","button_nofollow":"0","attributes":[{"name":"Installiert","content":"100,000 - 500,000","_state":"expanded"},{"name":"Reaktionsfreudig","content":"Ja","_state":"expanded"},{"name":"Kompatible Browser","content":"IE11, Firefox, Safari, Opera, Chrome, Edge"}],"tags":[],"tags_disable_links":"1","hide_more_platforms":"","video_object":"","demo_hide_cta":"0","demo_hide_cloud_options":"0","pricing_title":"","pricing":[{"pricing_icon":"platform","pricing_title":"Elfsight Apps","pricing_title_caption":"Plattformunabh\u00e4ngige Software","pricing_price":"ab 0 $ \/ Monat","pricing_price_caption":"Beginnen Sie mit einem kostenlosen Plan","pricing_benefits":[{"text":"Unbegrenzte Domains"},{"text":"Engagierter Kundensupport"},{"text":"Kostenlose Installationsunterst\u00fctzung"},{"text":"Sonderangebot f\u00fcr mehrere Apps"}],"pricing_button_text":"Zur Website hinzuf\u00fcgen","pricing_button_url":"#demo","_state":"expanded"}],"related_apps_title":"","related_apps_hidden":"1","author":"","image":[],"title":"","job":"","social_networks":[]},"_links":{"self":[{"href":"https:\/\/elfsight.com\/de\/wp-json\/wp\/v2\/pages\/6732","targetHints":{"allow":["GET"]}}],"collection":[{"href":"https:\/\/elfsight.com\/de\/wp-json\/wp\/v2\/pages"}],"about":[{"href":"https:\/\/elfsight.com\/de\/wp-json\/wp\/v2\/types\/page"}],"author":[{"embeddable":true,"href":"https:\/\/elfsight.com\/de\/wp-json\/wp\/v2\/users\/9"}],"replies":[{"embeddable":true,"href":"https:\/\/elfsight.com\/de\/wp-json\/wp\/v2\/comments?post=6732"}],"version-history":[{"count":5,"href":"https:\/\/elfsight.com\/de\/wp-json\/wp\/v2\/pages\/6732\/revisions"}],"predecessor-version":[{"id":22403,"href":"https:\/\/elfsight.com\/de\/wp-json\/wp\/v2\/pages\/6732\/revisions\/22403"}],"up":[{"embeddable":true,"href":"https:\/\/elfsight.com\/de\/wp-json\/wp\/v2\/pages\/146"}],"wp:attachment":[{"href":"https:\/\/elfsight.com\/de\/wp-json\/wp\/v2\/media?parent=6732"}],"curies":[{"name":"wp","href":"https:\/\/api.w.org\/{rel}","templated":true}]}}