{"id":6727,"date":"1970-01-01T00:00:00","date_gmt":"1970-01-01T00:00:00","guid":{"rendered":"https:\/\/elfsight.com\/de\/?page_id=6727"},"modified":"2025-01-13T11:43:53","modified_gmt":"2025-01-13T11:43:53","slug":"iframe","status":"publish","type":"page","link":"https:\/\/elfsight.com\/de\/youtube-channel-plugin-yottie\/iframe\/","title":{"rendered":"YouTube Gallery &#8211; iFrame"},"content":{"rendered":"\n<div class=\"application-platform-content-item-description application-platform-content-item\" id=\"description\" data-nav-section=\"description\"> <h2>YouTube-Galerie in iFrame mit dem Elfsight-Widget einbetten<\/h2> <p>Dies ist ein universelles Plugin f\u00fcr YouTube, das dabei hilft, Videos anzuzeigen, Playlists oder Kan\u00e4le auf Ihrer Website. W\u00e4hlen Sie die besten Kan\u00e4le und separaten Videoclips aus, stellen Sie Ihre eigene Playlist zusammen und zeigen Sie diese direkt auf der Webseite im am besten geeigneten Layout (Videogalerie, Portfolio oder einzelnes Video). Das Elfsight-Plugin ist vollst\u00e4ndig an alle Gadgets und Systeme anpassbar. Es verf\u00fcgt \u00fcber rund 100 Optionen, ein anpassbares Layout und andere Vorteile, die Ihnen die M\u00f6glichkeit geben, es auf jeder Website anzuzeigen. Erstellen Sie eine individuelle, effiziente Videogalerie f\u00fcr erh\u00f6hte Aufmerksamkeit Ihrer Benutzer.<\/p><p><b>Steigern Sie die Zusammenarbeit mit dem Publikum Ihrer Website mithilfe von YouTube-Videos.<\/b><br>\u00dcberraschen Sie die Benutzer Ihrer Website mit spannenden Videos Videoinhalte von YouTube und binden Sie sie mehr als je zuvor.<\/p><p><b>Erzielen Sie maximale Eink\u00e4ufe mit YouTube-Inhalten<\/b><br>Zeigen Sie Werbespots, Reaktionen, analytische Bewertungen, Anleitungen und andere Videotypen an Stellen Sie den Lesern umfangreiche Informationen \u00fcber attraktive Produkte zur Verf\u00fcgung und \u00fcberzeugen Sie sie zum Kauf.<\/p><p><b>Maximale Fans f\u00fcr Ihre YouTube-Seite<\/b><br>Verwandeln Sie das Publikum Ihrer Website in Ihre Abonnenten auf YouTube. Demonstrieren Sie eine sofortige und einfache M\u00f6glichkeit, Videos zu studieren und direkt von der Seite aus zu abonnieren.<\/p><\/div> <div class=\"application-platform-content-item-features application-platform-content-item\" id=\"features\" data-nav-section=\"features\"> <h2>Hauptfunktionen des YouTube-Galerie-Widgets<\/h2> <p>Hier sind die Vorteile dieses Plugins, die es zur besten M\u00f6glichkeit machen, YouTube-Videos auf einer iFrame-Seite anzuzeigen.<\/p><ul><li>Unbegrenzte Quellen hinzuf\u00fcgen;<\/li><li>8 umschaltbare Elemente des Headers; <\/li><li>Abstand zwischen Videos festlegen;<\/li><li>13 Popup-Elemente, die ein-\/ausgeschaltet werden k\u00f6nnen;<\/li><li>Aus 5 Schiebeschaltereffekten w\u00e4hlen;<\/li> <li>24 \u00fcbermalbare Popup-Elemente;<\/li><li>AdSense wird f\u00fcr die Content-Monetarisierung unterst\u00fctzt.<\/li><\/ul><p><a href=\"#demo\">Testen Sie alle Funktionen in der Demo<\/a><\/p><\/div><div class=\"application-platform-content-item-installation application-platform-content-item\" id=\"installation\" data-nav-section=\"installation\"><h2>Wie bette ich YouTube-Videos oder -Kan\u00e4le in die iFrame-Website ein?<\/h2><p>Eine kurze Anleitung unseres Teams zur Plugin-Einrichtung. Keine Erfahrung in der Webentwicklung erforderlich. Die vollst\u00e4ndige Einrichtung dauert weniger als 70 Sekunden.<\/p><ol><li><b>Erstellen Sie Ihre eigene YouTube-Galerie<\/b><br> Erstellen Sie mit unserem kostenlosen Editor ein Plugin mit einem benutzerdefinierten Layout und einer benutzerdefinierten Funktionalit\u00e4t. <\/li><li><b>Erhalten Sie den individuellen Code zum Anzeigen der Videogalerie<\/b><br> Nachdem Sie Ihr Plugin eingerichtet haben, erhalten Sie Ihren pers\u00f6nlichen Code im erscheinenden Fenster von Elfsight Apps. Kopieren Sie den Code. <\/li> <li><b>Zeigen Sie das Plugin auf Ihrer iFrame-Website an<\/b><br> Definieren Sie den Bereich, zu dem Sie das Plugin hinzuf\u00fcgen m\u00f6chten, und f\u00fcgen Sie dort den gespeicherten Code ein. Ver\u00f6ffentlichen Sie die \u00c4nderungen. <\/li> <li><b>Herzlichen Gl\u00fcckwunsch! Sie haben gerade das Plugin integriert!<\/b><br> Betreten Sie Ihren Shop, um einen Blick auf Ihre Galerie zu werfen.<\/li> <\/ol><p>Bei der Installation oder Einrichtung der YouTube-Galerie sind Ihnen Schwierigkeiten aufgefallen? Sie k\u00f6nnen eine ausf\u00fchrliche Anleitung \u201eSo betten Sie YouTube in iFrame ein\u201c lesen und es noch einmal selbst machen oder sich mit einer Beschreibung der Schwierigkeiten an die Hilfe wenden.<\/p><\/div><div class=\"faq\" data-component=\"FAQ\"><div class=\"faq-item\">\r\n\t\t\t\t\t<div class=\"faq-item-question\">\r\n\t\t\t\t\t\t<h3 class=\"faq-item-question-text\">Wie f\u00fcge ich dem iFrame eine YouTube-Galerie hinzu?<\/h3>\r\n\r\n\t\t\t\t\t\t<div class=\"faq-item-question-icon\"><\/div>\r\n\t\t\t\t\t<\/div>\r\n\r\n\t\t\t\t\t<div class=\"faq-item-answer\">\r\n\t\t\t\t\t\t<div class=\"faq-item-answer-text\"><p>Die Erstellung des Widgets erfolgt auf der Elfsight-Website und es ist kein Code erforderlich. Besuchen Sie unsere Online-Demo, um Ihr eigenes Plugin zu erstellen, den Code zu erhalten und ihn Ihrer Website hinzuzuf\u00fcgen.<\/p><\/div>\r\n\t\t\t\t\t<\/div>\r\n\t\t\t\t<\/div><div class=\"faq-item\">\r\n\t\t\t\t\t<div class=\"faq-item-question\">\r\n\t\t\t\t\t\t<h3 class=\"faq-item-question-text\">Die besten M\u00f6glichkeiten zur Nutzung der YouTube-Video- und Kanalgalerie-Integration<\/h3>\r\n\r\n\t\t\t\t\t\t<div class=\"faq-item-question-icon\"><\/div>\r\n\t\t\t\t\t<\/div>\r\n\r\n\t\t\t\t\t<div class=\"faq-item-answer\">\r\n\t\t\t\t\t\t<div class=\"faq-item-answer-text\"><p>Wir stellen Ihnen unz\u00e4hlige Personalisierungsoptionen zur Verf\u00fcgung: Widgets in Originalgr\u00f6\u00dfe zur Implementierung im Inhaltsbereich, schwebende Widgets f\u00fcr Scrolloptionen, Miniaturansichten f\u00fcr die Fu\u00dfzeile Ihrer Website, Kopfzeile und alle Arten vertikaler M\u00f6glichkeiten f\u00fcr Seitenleisten und Men\u00fcs Ihrer Website.<\/p><\/div>\r\n\t\t\t\t\t<\/div>\r\n\t\t\t\t<\/div><div class=\"faq-item\">\r\n\t\t\t\t\t<div class=\"faq-item-question\">\r\n\t\t\t\t\t\t<h3 class=\"faq-item-question-text\">Wie erstelle ich mit dem Editor ein YouTube-Videoraster oder ein einzelnes Video?<\/h3>\r\n\r\n\t\t\t\t\t\t<div class=\"faq-item-question-icon\"><\/div>\r\n\t\t\t\t\t<\/div>\r\n\r\n\t\t\t\t\t<div class=\"faq-item-answer\">\r\n\t\t\t\t\t\t<div class=\"faq-item-answer-text\"><p>Sie k\u00f6nnen die \u00c4nderungen jedes Widgets vornehmen. Im Editor stehen Ihnen zahlreiche Layouts zur Verf\u00fcgung, die alle ganz einfach nach Ihren W\u00fcnschen personalisiert werden k\u00f6nnen.<\/p><\/div>\r\n\t\t\t\t\t<\/div>\r\n\t\t\t\t<\/div><\/div>\n","protected":false},"excerpt":{"rendered":"","protected":false},"author":9,"featured_media":0,"parent":106,"menu_order":0,"comment_status":"closed","ping_status":"closed","template":"templates\/template-application-platform.php","meta":{"publish_to_discourse":"","publish_post_category":"","wpdc_auto_publish_overridden":"","wpdc_topic_tags":"","wpdc_pin_topic":"","wpdc_pin_until":"","discourse_post_id":"","discourse_permalink":"","wpdc_publishing_response":"","wpdc_publishing_error":"","footnotes":""},"class_list":["post-6727","page","type-page","status-publish","hentry"],"yoast_head":"<!-- This site is optimized with the Yoast SEO plugin v25.3.1 - https:\/\/yoast.com\/wordpress\/plugins\/seo\/ -->\n<title>iFrame YouTube Video &amp; Channel Gallery f\u00fcr Ihre Website (kostenlos und schnell)<\/title>\n<meta name=\"description\" content=\"Richten Sie in nur 3 Minuten eine individuelle YouTube-Video- und Kanalgalerie f\u00fcr Ihre iFrame-Website ein! Testen Sie die kostenlose Demo von Elfsight, um Ihr eigenes YouTube-Plugin zu erstellen.\" \/>\n<meta name=\"robots\" content=\"index, follow, max-snippet:-1, max-image-preview:large, max-video-preview:-1\" \/>\n<link rel=\"canonical\" href=\"https:\/\/elfsight.com\/de\/youtube-channel-plugin-yottie\/iframe\/\" \/>\n<meta property=\"og:locale\" content=\"de_DE\" \/>\n<meta property=\"og:type\" content=\"article\" \/>\n<meta property=\"og:title\" content=\"iFrame YouTube Video &amp; Channel Gallery f\u00fcr Ihre Website (kostenlos und schnell)\" \/>\n<meta property=\"og:description\" content=\"Richten Sie in nur 3 Minuten eine individuelle YouTube-Video- und Kanalgalerie f\u00fcr Ihre iFrame-Website ein! Testen Sie die kostenlose Demo von Elfsight, um Ihr eigenes YouTube-Plugin zu erstellen.\" \/>\n<meta property=\"og:url\" content=\"https:\/\/elfsight.com\/de\/youtube-channel-plugin-yottie\/iframe\/\" \/>\n<meta property=\"og:site_name\" content=\"Elfsight DE\" \/>\n<meta property=\"article:modified_time\" content=\"2025-01-13T11:43:53+00:00\" \/>\n<meta name=\"twitter:card\" content=\"summary_large_image\" \/>\n<meta name=\"twitter:label1\" content=\"Gesch\u00e4tzte Lesezeit\" \/>\n\t<meta name=\"twitter:data1\" content=\"4\u00a0Minuten\" \/>\n<!-- \/ Yoast SEO plugin. -->","yoast_head_json":{"title":"iFrame YouTube Video & Channel Gallery f\u00fcr Ihre Website (kostenlos und schnell)","description":"Richten Sie in nur 3 Minuten eine individuelle YouTube-Video- und Kanalgalerie f\u00fcr Ihre iFrame-Website ein! Testen Sie die kostenlose Demo von Elfsight, um Ihr eigenes YouTube-Plugin zu erstellen.","robots":{"index":"index","follow":"follow","max-snippet":"max-snippet:-1","max-image-preview":"max-image-preview:large","max-video-preview":"max-video-preview:-1"},"canonical":"https:\/\/elfsight.com\/de\/youtube-channel-plugin-yottie\/iframe\/","og_locale":"de_DE","og_type":"article","og_title":"iFrame YouTube Video & Channel Gallery f\u00fcr Ihre Website (kostenlos und schnell)","og_description":"Richten Sie in nur 3 Minuten eine individuelle YouTube-Video- und Kanalgalerie f\u00fcr Ihre iFrame-Website ein! Testen Sie die kostenlose Demo von Elfsight, um Ihr eigenes YouTube-Plugin zu erstellen.","og_url":"https:\/\/elfsight.com\/de\/youtube-channel-plugin-yottie\/iframe\/","og_site_name":"Elfsight DE","article_modified_time":"2025-01-13T11:43:53+00:00","twitter_card":"summary_large_image","twitter_misc":{"Gesch\u00e4tzte Lesezeit":"4\u00a0Minuten"},"schema":{"@context":"https:\/\/schema.org","@graph":[{"@type":"WebPage","@id":"https:\/\/elfsight.com\/de\/youtube-channel-plugin-yottie\/iframe\/","url":"https:\/\/elfsight.com\/de\/youtube-channel-plugin-yottie\/iframe\/","name":"iFrame YouTube Video & Channel Gallery f\u00fcr Ihre Website (kostenlos und schnell)","isPartOf":{"@id":"https:\/\/elfsight.com\/de\/#website"},"datePublished":"1970-01-01T00:00:00+00:00","dateModified":"2025-01-13T11:43:53+00:00","description":"Richten Sie in nur 3 Minuten eine individuelle YouTube-Video- und Kanalgalerie f\u00fcr Ihre iFrame-Website ein! Testen Sie die kostenlose Demo von Elfsight, um Ihr eigenes YouTube-Plugin zu erstellen.","breadcrumb":{"@id":"https:\/\/elfsight.com\/de\/youtube-channel-plugin-yottie\/iframe\/#breadcrumb"},"inLanguage":"de","potentialAction":[{"@type":"ReadAction","target":["https:\/\/elfsight.com\/de\/youtube-channel-plugin-yottie\/iframe\/"]}]},{"@type":"BreadcrumbList","@id":"https:\/\/elfsight.com\/de\/youtube-channel-plugin-yottie\/iframe\/#breadcrumb","itemListElement":[{"@type":"ListItem","position":1,"name":"Home","item":"https:\/\/elfsight.com\/de\/"},{"@type":"ListItem","position":2,"name":"YouTube Gallery","item":"https:\/\/elfsight.com\/de\/youtube-channel-plugin-yottie\/"},{"@type":"ListItem","position":3,"name":"YouTube Gallery &#8211; iFrame"}]},{"@type":"WebSite","@id":"https:\/\/elfsight.com\/de\/#website","url":"https:\/\/elfsight.com\/de\/","name":"Elfsight DE","description":"Just another Elfsight Sites site","potentialAction":[{"@type":"SearchAction","target":{"@type":"EntryPoint","urlTemplate":"https:\/\/elfsight.com\/de\/?s={search_term_string}"},"query-input":{"@type":"PropertyValueSpecification","valueRequired":true,"valueName":"search_term_string"}}],"inLanguage":"de"}]}},"meta_box":{"industry":"","seo_heading":"","heading":"","description":"","cta_heading":"","cta_description":"","application":"98","h1":"iFrame YouTube-Video und Kanalgalerie","h1_caption":"Betten Sie m\u00fchelos eine Galerie mit YouTube-Videos in Ihre iFrame-Website ein, um Inhalte wie Tutorials, Testimonials oder Produktpr\u00e4sentationen auf Ihrer Website anzuzeigen.","application_category":[],"applications_title":"","applications_request_title":"","applications_request_button_text":"","hero_text":"","hero_video":"","hero_video_schema_markup":"","selling_points_title":"","selling_points_caption":"","selling_points":[],"selling_points_cta_text":"","features_title":"","features":"","ed_cta_examples_text":"","ed_cta_examples_hidden":"","ed_cta_demo_text":"","ed_cta_demo_hidden":"","why_caption":"","why_editor_title":"","why_editor_text":"","why_team_title":"","why_team_text":"","why_service_title":"","why_service_text":"","template_catalog_visible":"0","template_catalog_title":"","template_catalog_text":"","template_catalog_categories_visible":"","demo_title":"Erstellen Sie Ihr YouTube-Galerie-Widget","demo_caption":"Konfigurieren Sie Ihre YouTube-Galerie und f\u00fcgen Sie sie kostenlos zu Ihrer iFrame-Website hinzu!","default_faq_hidden":"","app_template_category":[],"platform":"240","template_public_id":"","codecanyon_url":"","codecanyon_item_id":"","codecanyon_price":"","pricing_caption":"","pricing_elfsight_apps_hide_column":"","pricing_elfsight_apps_url":"","pricing_codecanyon_price_caption":"","integration_category":[],"integration_request_title":"","integration_request_cta":"","integration_platform":"","integrations":[],"platform_category":[],"video_schema_markup":"","price":"ab 0 $ \/ Monat","trial":"","benefits":[{"text":"Kostenloser Installationsservice"},{"text":"Erfahrener Kundensupport"},{"text":"14-t\u00e4gige R\u00fcckerstattungsgarantie"},{"text":"Kontinuierliche kostenlose Verbesserungen"}],"button_url":"#demo","button_target_blank":"0","button_nofollow":"0","attributes":[{"name":"Installiert","content":"100,000 - 500,000","_state":"expanded"},{"name":"Reaktionsfreudig","content":"Ja","_state":"expanded"},{"name":"Kompatible Browser","content":"Firefox, Safari, Chrome, Edge, Opera"}],"tags":[],"tags_disable_links":"1","hide_more_platforms":"","video_object":"","demo_hide_cta":"0","demo_hide_cloud_options":"0","pricing_title":"","pricing":[{"pricing_icon":"platform","pricing_title":"Elfsight Apps","pricing_title_caption":"Plattform\u00fcbergreifende Version","pricing_price":"ab 0 $ \/ Monat","pricing_price_caption":"Beginnen Sie mit einem kostenlosen Plan","pricing_benefits":[{"text":"Unbegrenzte Domains"},{"text":"Engagierter und p\u00fcnktlicher Support"},{"text":"Kostenlose Installationshilfe"},{"text":"Sonderangebot f\u00fcr mehrere Apps"}],"pricing_button_text":"Zur Website hinzuf\u00fcgen","pricing_button_url":"#demo","_state":"expanded"}],"related_apps_title":"","related_apps_hidden":"1","author":"","image":[],"title":"","job":"","social_networks":[]},"_links":{"self":[{"href":"https:\/\/elfsight.com\/de\/wp-json\/wp\/v2\/pages\/6727","targetHints":{"allow":["GET"]}}],"collection":[{"href":"https:\/\/elfsight.com\/de\/wp-json\/wp\/v2\/pages"}],"about":[{"href":"https:\/\/elfsight.com\/de\/wp-json\/wp\/v2\/types\/page"}],"author":[{"embeddable":true,"href":"https:\/\/elfsight.com\/de\/wp-json\/wp\/v2\/users\/9"}],"replies":[{"embeddable":true,"href":"https:\/\/elfsight.com\/de\/wp-json\/wp\/v2\/comments?post=6727"}],"version-history":[{"count":4,"href":"https:\/\/elfsight.com\/de\/wp-json\/wp\/v2\/pages\/6727\/revisions"}],"predecessor-version":[{"id":23524,"href":"https:\/\/elfsight.com\/de\/wp-json\/wp\/v2\/pages\/6727\/revisions\/23524"}],"up":[{"embeddable":true,"href":"https:\/\/elfsight.com\/de\/wp-json\/wp\/v2\/pages\/106"}],"wp:attachment":[{"href":"https:\/\/elfsight.com\/de\/wp-json\/wp\/v2\/media?parent=6727"}],"curies":[{"name":"wp","href":"https:\/\/api.w.org\/{rel}","templated":true}]}}