{"id":6720,"date":"2024-05-03T06:37:41","date_gmt":"2024-05-03T06:37:41","guid":{"rendered":"https:\/\/elfsight.com\/de\/?page_id=6720"},"modified":"2025-01-13T08:19:22","modified_gmt":"2025-01-13T08:19:22","slug":"google-sites","status":"publish","type":"page","link":"https:\/\/elfsight.com\/de\/online-form-builder\/google-sites\/","title":{"rendered":"Form Builder &#8211; Google Sites"},"content":{"rendered":"\n<div class=\"application-platform-content-item-description application-platform-content-item\" id=\"description\" data-nav-section=\"description\"> <h2>Form Builder mit dem Elfsight-Widget in Google Sites einbetten<\/h2> <p>Elfsight Form Builder ist eine Komplettl\u00f6sung f\u00fcr Erstellen Sie verschiedene Arten von Ausf\u00fcllformularen und f\u00fcgen Sie sie Ihrer Website hinzu, einschlie\u00dflich des Google Sites-Bestellformulars. Erhalten Sie Informationen von Ihren bestehenden und potenziellen Kunden mithilfe \u00fcberschaubarer Umfragen, Feedback-Formulare, Bewertungsanfragen und mehr. Entwerfen Sie die Formularstruktur und f\u00fcgen Sie sie hinzu, um personalisierte Formulare zu erstellen, um Feedback von Ihren Kunden einzuholen. Welche Datenkategorien Sie auch immer planen: Impressionen, Scores, Bestellungen und Verk\u00e4ufe \u2013 wir unterst\u00fctzen Sie dabei, das am besten geeignete Ausf\u00fcllformular zu erstellen. Mit der anpassbaren Struktur und einer Vielzahl verf\u00fcgbarer Elemente wird Ihr Formular f\u00fcr Ihre Kunden praktisch und f\u00fcr Sie ansprechend.<\/p> <p><b>Sammeln Sie die Meinungen, Ideen, Gef\u00fchle und Einsch\u00e4tzungen der Benutzer, um Ihr Unternehmen anzukurbeln! <\/b><\/p> <\/div> <div class=\"faq\" data-component=\"FAQ\"><div class=\"faq-item\">\r\n\t\t\t\t\t<div class=\"faq-item-question\">\r\n\t\t\t\t\t\t<h3 class=\"faq-item-question-text\">Wie sichere ich Google Sites-Client-Formulardaten auf meinen Seiten?<\/h3>\r\n\r\n\t\t\t\t\t\t<div class=\"faq-item-question-icon\"><\/div>\r\n\t\t\t\t\t<\/div>\r\n\r\n\t\t\t\t\t<div class=\"faq-item-answer\">\r\n\t\t\t\t\t\t<div class=\"faq-item-answer-text\"><p>Elfsight-Formular Das Builder-Widget ist in eines der leistungsst\u00e4rksten reCAPTCHA-Tools integriert. Es wurde hinzugef\u00fcgt, um Ihr Formular und Ihr Postfach vor Spam zu sch\u00fctzen und eine reibungslose Arbeit und nur wertvolle Daten zu gew\u00e4hrleisten. <\/p><\/div>\r\n\t\t\t\t\t<\/div>\r\n\t\t\t\t<\/div><div class=\"faq-item\">\r\n\t\t\t\t\t<div class=\"faq-item-question\">\r\n\t\t\t\t\t\t<h3 class=\"faq-item-question-text\">Gibt es Vorlagen, die bedingte Logikformulare\/Formulare mit mehreren Feldern\/E-Mails unterst\u00fctzen?<\/h3>\r\n\r\n\t\t\t\t\t\t<div class=\"faq-item-question-icon\"><\/div>\r\n\t\t\t\t\t<\/div>\r\n\r\n\t\t\t\t\t<div class=\"faq-item-answer\">\r\n\t\t\t\t\t\t<div class=\"faq-item-answer-text\"><p>Auf jeden Fall! Sie m\u00fcssen sich lediglich bei Elfsight Apps anmelden, eine relevante Vorlage ausw\u00e4hlen und dann mit der Erstellung Ihres personalisierten Widgets beginnen. <\/p><\/div>\r\n\t\t\t\t\t<\/div>\r\n\t\t\t\t<\/div><div class=\"faq-item\">\r\n\t\t\t\t\t<div class=\"faq-item-question\">\r\n\t\t\t\t\t\t<h3 class=\"faq-item-question-text\">Wie kann ich ein Kontakt-\/Feedback-Formular f\u00fcr meine Google Sites-Website erstellen?<\/h3>\r\n\r\n\t\t\t\t\t\t<div class=\"faq-item-question-icon\"><\/div>\r\n\t\t\t\t\t<\/div>\r\n\r\n\t\t\t\t\t<div class=\"faq-item-answer\">\r\n\t\t\t\t\t\t<div class=\"faq-item-answer-text\"><p>Um Ihr Kontakt-\/Feedback-Formular zu konfigurieren, m\u00fcssen Sie Folgendes tun Melden Sie sich auf der Elfsight Apps-Website an und nehmen Sie alle erforderlichen \u00c4nderungen am Widget vor. Speichern Sie nach der Bearbeitung die \u00c4nderungen und fahren Sie mit Ihrer Website fort. Du bist fertig. <\/p><\/div>\r\n\t\t\t\t\t<\/div>\r\n\t\t\t\t<\/div><div class=\"faq-item\">\r\n\t\t\t\t\t<div class=\"faq-item-question\">\r\n\t\t\t\t\t\t<h3 class=\"faq-item-question-text\">Gibt es benutzerdefinierte Form Builder-Vorlagen f\u00fcr die Google Sites-Website?<\/h3>\r\n\r\n\t\t\t\t\t\t<div class=\"faq-item-question-icon\"><\/div>\r\n\t\t\t\t\t<\/div>\r\n\r\n\t\t\t\t\t<div class=\"faq-item-answer\">\r\n\t\t\t\t\t\t<div class=\"faq-item-answer-text\"><p>Ja. Elfsight hat eine gro\u00dfe Auswahl von \u00fcber 300 <a href=\"https:\/\/elfsight.com\/online-form-builder\/templates\/\">Form Builder-Vorlagen<\/a> mit anpassbaren Elementen und Funktionen vorbereitet. Sie k\u00f6nnen eine Formularvorlage f\u00fcr jeden Anlass finden, zum Beispiel <a href=\"https:\/\/elfsight.com\/online-form-builder\/templates\/application-forms\/\">Bewerbungsformulare<\/a>, <a href=\"https:\/\/elfsight.com\/online-form-builder\/templates\/booking-forms\/\">Buchungsformulare<\/a>, <a href=\"https:\/\/elfsight.com\/online-form-builder\/ templates\/order-forms\/\">Bestellformulare<\/a>, <a href=\"https:\/\/elfsight.com\/online-form-builder\/templates\/product-forms\/\">Produktformulare<\/a>, <a href=\"https:\/\/elfsight.com\/online-form-builder\/templates\/questionnaires\/\">Frageb\u00f6gen<\/a>, <a href=\"https:\/\/elfsight.com\/online-form-builder\/templates \/quizzes\/\">Quiz<\/a>, <a href=\"https:\/\/elfsight.com\/online-form-builder\/templates\/surveys\/\">Umfragen<\/a>, <a href=\"https:\/ \/elfsight.com\/online-form-builder\/templates\/file-upload-forms\/\">Datei-Upload-Formulare<\/a> und viele andere.<\/p><\/div>\r\n\t\t\t\t\t<\/div>\r\n\t\t\t\t<\/div><div class=\"faq-item\">\r\n\t\t\t\t\t<div class=\"faq-item-question\">\r\n\t\t\t\t\t\t<h3 class=\"faq-item-question-text\">Kann ich mehrere Spalten zum Google Sites Formular-Generator hinzuf\u00fcgen?<\/h3>\r\n\r\n\t\t\t\t\t\t<div class=\"faq-item-question-icon\"><\/div>\r\n\t\t\t\t\t<\/div>\r\n\r\n\t\t\t\t\t<div class=\"faq-item-answer\">\r\n\t\t\t\t\t\t<div class=\"faq-item-answer-text\">\n\n<p>Ja, selbstverst\u00e4ndlich. Der Online-Formular-Builder l\u00e4sst Sie das Layout mit verschiedenen Spaltenstilen \u00e4ndern. Hier sind die Schritte, die Sie unternehmen k\u00f6nnen:<\/p>\n<ol>\n<li>W\u00e4hlen Sie ein Feld im Widget-Editor aus.<\/li>\n<li>Tippen Sie auf &#8222;Bearbeiten&#8220;.<\/li>\n<li>Passen Sie die Spaltenbreite mit den verf\u00fcgbaren Optionen an: Voll, Halb, Ein Drittel und Benutzerdefiniert.<\/li>\n<\/ol>\n<p>Je nachdem, wie viele Spalten Sie einf\u00fcgen m\u00f6chten, k\u00f6nnen Sie die Standardkonfiguration verwenden oder die ideale Spaltenanordnung selbst in Prozent berechnen.<\/p> \n\n<\/div>\r\n\t\t\t\t\t<\/div>\r\n\t\t\t\t<\/div>\n\n<div class=\"faq-item\">\r\n\t\t\t\t\t<div class=\"faq-item-question\">\r\n\t\t\t\t\t\t<h3 class=\"faq-item-question-text\">Kann ich den Formular-Builder kostenlos auf meiner Google Sites Website verwenden?<\/h3>\r\n\r\n\t\t\t\t\t\t<div class=\"faq-item-question-icon\"><\/div>\r\n\t\t\t\t\t<\/div>\r\n\r\n\t\t\t\t\t<div class=\"faq-item-answer\">\r\n\t\t\t\t\t\t<div class=\"faq-item-answer-text\">\n\n<p>Definitiv. Unsere Abonnement-Tarife beinhalten die kostenlose Option zusammen mit unseren Basis-, Pro-, Premium- und Enterprise-Versionen. Es gibt keine Einschr\u00e4nkungen bei der Anpassung und den Funktionen. Z\u00f6gern Sie nicht, das kostenlose Formular-Builder-Plugin sofort zu nutzen!<\/p>\n\n<\/div>\r\n\t\t\t\t\t<\/div>\r\n\t\t\t\t<\/div>\n<\/div>\n<div class=\"application-platform-content-item-features application-platform-content-item\" id=\"features\" data-nav-section=\"features\"> <h2>Funktionen des Form Builder-Plugins<\/h2> <ul><li>Erstellen Sie klassische und Schritt-f\u00fcr-Schritt-Formulare, indem Sie Elemente in Gruppen zusammenfassen<\/li><li>M\u00f6glichkeit, Felder in mehrere Spalten zu verteilen<\/li><li>Bearbeitbare Texte der Dankesnachricht und der Schaltfl\u00e4che f\u00fcr ein wiederholtes Ausf\u00fcllen des Formulars<\/li><li>Optionale Funktion zum Speichern des Ausf\u00fcllfortschritts<\/li><\/ul><p><a href=\"#demo\">Sie k\u00f6nnen sp\u00fcren, ob das Widget f\u00fcr Sie geeignet ist, indem Sie es ausprobieren Demo<\/a><\/p> <\/div> <div class=\"application-platform-content-item-installation application-platform-content-item\" id=\"installation\" data-nav-section=\"installation\"> <h2>Wie f\u00fcge ich ein Formular zu Google Sites hinzu<\/h2> <p>Befolgen Sie einfach die unten aufgef\u00fchrten Schritte, um das Plugin zu aktivieren .<\/p> <ol><li><b>F\u00fchren Sie unseren kostenlosen Editor aus und beginnen Sie mit der Gestaltung Ihres einzigartigen Plugins.<\/b><br> Bestimmen Sie die gew\u00fcnschte Form und Eigenschaften des Tools und speichern Sie die \u00c4nderungen.<\/li> <li><b>Holen Sie sich den eindeutigen Code, der in der Box auf Elfsight Apps angezeigt wird. <\/b><br> Nachdem Sie Ihr pers\u00f6nliches Plugin eingerichtet haben, kopieren Sie den pers\u00f6nlichen Code aus dem angezeigten Popup und speichern Sie ihn f\u00fcr zuk\u00fcnftige Gelegenheiten.<\/li> <li><b>Beginnen Sie mit der Verwendung des Formulars auf Google Sites .<\/b><br> Geben Sie den zuvor kopierten Code in Ihre Seite ein und speichern Sie die \u00c4nderungen. <\/li> <li><b>Die Installation wurde erfolgreich durchgef\u00fchrt.<\/b><br> Besuchen Sie Ihre Website, um die Leistung des Tools zu \u00fcberpr\u00fcfen.<\/li><\/ol> <div class=\"tip-yellow tip\"><b>Wegen Aufgrund der Besonderheiten der Google Sites-Funktion sieht das Widget m\u00f6glicherweise anders aus als die Online-Demo. Wir entschuldigen uns f\u00fcr etwaige Unannehmlichkeiten.<\/b><\/div><p>Wenn Sie auf Hindernisse sto\u00dfen, k\u00f6nnen Sie sich gerne an unsere Support-Mitarbeiter wenden. Unsere Spezialisten helfen Ihnen gerne bei allen Schwierigkeiten, die Sie mit dem Tool haben k\u00f6nnten.<\/p> <\/div>\n","protected":false},"excerpt":{"rendered":"","protected":false},"author":9,"featured_media":0,"parent":829,"menu_order":0,"comment_status":"closed","ping_status":"closed","template":"templates\/template-application-platform.php","meta":{"publish_to_discourse":"","publish_post_category":"","wpdc_auto_publish_overridden":"","wpdc_topic_tags":"","wpdc_pin_topic":"","wpdc_pin_until":"","discourse_post_id":"","discourse_permalink":"","wpdc_publishing_response":"","wpdc_publishing_error":"","footnotes":""},"class_list":["post-6720","page","type-page","status-publish","hentry"],"yoast_head":"<!-- This site is optimized with the Yoast SEO plugin v25.3.1 - https:\/\/yoast.com\/wordpress\/plugins\/seo\/ -->\n<title>Erstellen Sie kostenlos ein benutzerdefiniertes Formular auf Google Sites und f\u00fcgen Sie es hinzu!<\/title>\n<meta name=\"description\" content=\"Implementieren Sie ein responsives Form Builder-Widget auf Ihren Google Sites und gewinnen Sie volles Vertrauen. Nutzen Sie die Elfsight-Demo, um Ihr personalisiertes Feature zu erstellen.\" \/>\n<meta name=\"robots\" content=\"index, follow, max-snippet:-1, max-image-preview:large, max-video-preview:-1\" \/>\n<link rel=\"canonical\" href=\"https:\/\/elfsight.com\/de\/online-form-builder\/google-sites\/\" \/>\n<meta property=\"og:locale\" content=\"de_DE\" \/>\n<meta property=\"og:type\" content=\"article\" \/>\n<meta property=\"og:title\" content=\"Erstellen Sie kostenlos ein benutzerdefiniertes Formular auf Google Sites und f\u00fcgen Sie es hinzu!\" \/>\n<meta property=\"og:description\" content=\"Implementieren Sie ein responsives Form Builder-Widget auf Ihren Google Sites und gewinnen Sie volles Vertrauen. Nutzen Sie die Elfsight-Demo, um Ihr personalisiertes Feature zu erstellen.\" \/>\n<meta property=\"og:url\" content=\"https:\/\/elfsight.com\/de\/online-form-builder\/google-sites\/\" \/>\n<meta property=\"og:site_name\" content=\"Elfsight DE\" \/>\n<meta property=\"article:modified_time\" content=\"2025-01-13T08:19:22+00:00\" \/>\n<meta name=\"twitter:card\" content=\"summary_large_image\" \/>\n<meta name=\"twitter:label1\" content=\"Gesch\u00e4tzte Lesezeit\" \/>\n\t<meta name=\"twitter:data1\" content=\"4\u00a0Minuten\" \/>\n<!-- \/ Yoast SEO plugin. -->","yoast_head_json":{"title":"Erstellen Sie kostenlos ein benutzerdefiniertes Formular auf Google Sites und f\u00fcgen Sie es hinzu!","description":"Implementieren Sie ein responsives Form Builder-Widget auf Ihren Google Sites und gewinnen Sie volles Vertrauen. Nutzen Sie die Elfsight-Demo, um Ihr personalisiertes Feature zu erstellen.","robots":{"index":"index","follow":"follow","max-snippet":"max-snippet:-1","max-image-preview":"max-image-preview:large","max-video-preview":"max-video-preview:-1"},"canonical":"https:\/\/elfsight.com\/de\/online-form-builder\/google-sites\/","og_locale":"de_DE","og_type":"article","og_title":"Erstellen Sie kostenlos ein benutzerdefiniertes Formular auf Google Sites und f\u00fcgen Sie es hinzu!","og_description":"Implementieren Sie ein responsives Form Builder-Widget auf Ihren Google Sites und gewinnen Sie volles Vertrauen. Nutzen Sie die Elfsight-Demo, um Ihr personalisiertes Feature zu erstellen.","og_url":"https:\/\/elfsight.com\/de\/online-form-builder\/google-sites\/","og_site_name":"Elfsight DE","article_modified_time":"2025-01-13T08:19:22+00:00","twitter_card":"summary_large_image","twitter_misc":{"Gesch\u00e4tzte Lesezeit":"4\u00a0Minuten"},"schema":{"@context":"https:\/\/schema.org","@graph":[{"@type":"WebPage","@id":"https:\/\/elfsight.com\/de\/online-form-builder\/google-sites\/","url":"https:\/\/elfsight.com\/de\/online-form-builder\/google-sites\/","name":"Erstellen Sie kostenlos ein benutzerdefiniertes Formular auf Google Sites und f\u00fcgen Sie es hinzu!","isPartOf":{"@id":"https:\/\/elfsight.com\/de\/#website"},"datePublished":"2024-05-03T06:37:41+00:00","dateModified":"2025-01-13T08:19:22+00:00","description":"Implementieren Sie ein responsives Form Builder-Widget auf Ihren Google Sites und gewinnen Sie volles Vertrauen. Nutzen Sie die Elfsight-Demo, um Ihr personalisiertes Feature zu erstellen.","breadcrumb":{"@id":"https:\/\/elfsight.com\/de\/online-form-builder\/google-sites\/#breadcrumb"},"inLanguage":"de","potentialAction":[{"@type":"ReadAction","target":["https:\/\/elfsight.com\/de\/online-form-builder\/google-sites\/"]}]},{"@type":"BreadcrumbList","@id":"https:\/\/elfsight.com\/de\/online-form-builder\/google-sites\/#breadcrumb","itemListElement":[{"@type":"ListItem","position":1,"name":"Home","item":"https:\/\/elfsight.com\/de\/"},{"@type":"ListItem","position":2,"name":"Form Builder","item":"https:\/\/elfsight.com\/de\/online-form-builder\/"},{"@type":"ListItem","position":3,"name":"Form Builder &#8211; Google Sites"}]},{"@type":"WebSite","@id":"https:\/\/elfsight.com\/de\/#website","url":"https:\/\/elfsight.com\/de\/","name":"Elfsight DE","description":"Just another Elfsight Sites site","potentialAction":[{"@type":"SearchAction","target":{"@type":"EntryPoint","urlTemplate":"https:\/\/elfsight.com\/de\/?s={search_term_string}"},"query-input":{"@type":"PropertyValueSpecification","valueRequired":true,"valueName":"search_term_string"}}],"inLanguage":"de"}]}},"meta_box":{"industry":"","seo_heading":"","heading":"","description":"","cta_heading":"","cta_description":"","application":"469","h1":"Google Sites Form Builder-Widget","h1_caption":"Erstellen Sie anpassbare Formulare f\u00fcr jeden Zweck \u2013 Feedback, Umfragen, Kontaktformulare \u2013 ohne Programmierung, sodass Sie m\u00fchelos Informationen von Ihren Nutzern in Ihren Google Sites erfassen k\u00f6nnen.","application_category":[],"applications_title":"","applications_request_title":"","applications_request_button_text":"","hero_text":"","hero_video":"","hero_video_schema_markup":"","selling_points_title":"","selling_points_caption":"","selling_points":[],"selling_points_cta_text":"","features_title":"","features":"","ed_cta_examples_text":"","ed_cta_examples_hidden":"","ed_cta_demo_text":"","ed_cta_demo_hidden":"","why_caption":"","why_editor_title":"","why_editor_text":"","why_team_title":"","why_team_text":"","why_service_title":"","why_service_text":"","template_catalog_visible":"0","template_catalog_title":"","template_catalog_text":"","template_catalog_categories_visible":"","demo_title":"Erstellen Sie Ihr Form Builder-Widget","demo_caption":"Konfigurieren Sie Ihren Form Builder und f\u00fcgen Sie ihn kostenlos zu Ihrer Google Sites-Website hinzu!","default_faq_hidden":"","app_template_category":[],"platform":"3000","template_public_id":"","codecanyon_url":"","codecanyon_item_id":"","codecanyon_price":"","pricing_caption":"","pricing_elfsight_apps_hide_column":"","pricing_elfsight_apps_url":"","pricing_codecanyon_price_caption":"","integration_category":[],"integration_request_title":"","integration_request_cta":"","integration_platform":"","integrations":[],"platform_category":[],"video_schema_markup":"","price":"ab 0 $ \/ Monat","trial":"","benefits":[{"text":"Kostenlose Installationshilfe"},{"text":"Au\u00dfergew\u00f6hnliche Unterst\u00fctzung"},{"text":"14-t\u00e4gige R\u00fcckerstattungsgarantie"},{"text":"Lebenslange kostenlose Updates"}],"button_url":"#demo","button_target_blank":"0","button_nofollow":"0","attributes":[{"name":"Installiert","content":"100,000 - 500,000","_state":"expanded"},{"name":"Empf\u00e4nglichkeit","content":"Bereit f\u00fcr Mobile First","_state":"expanded"},{"name":"Kompatible Browser","content":"Chrome, Firefox, Safari, Opera, Edge"}],"tags":[],"tags_disable_links":"1","hide_more_platforms":"","video_object":"","demo_hide_cta":"0","demo_hide_cloud_options":"0","pricing_title":"","pricing":[{"pricing_icon":"platform","pricing_title":"Elfsight Apps","pricing_title_caption":"Plattform\u00fcbergreifende Version, die zu jeder Website passt","pricing_price":"ab 0 $ \/ Monat","pricing_price_caption":"Beginnen Sie mit einem kostenlosen Plan","pricing_benefits":[{"text":"Unbegrenzte Anzahl an Domains"},{"text":"Kostenloser und p\u00fcnktlicher Support"},{"text":"Kostenlose Installationsunterst\u00fctzung"},{"text":"100 % anpassbar"}],"pricing_button_text":"Zur Website hinzuf\u00fcgen","pricing_button_url":"#demo","_state":"expanded"}],"related_apps_title":"","related_apps_hidden":"1","author":"","image":[],"title":"","job":"","social_networks":[]},"_links":{"self":[{"href":"https:\/\/elfsight.com\/de\/wp-json\/wp\/v2\/pages\/6720","targetHints":{"allow":["GET"]}}],"collection":[{"href":"https:\/\/elfsight.com\/de\/wp-json\/wp\/v2\/pages"}],"about":[{"href":"https:\/\/elfsight.com\/de\/wp-json\/wp\/v2\/types\/page"}],"author":[{"embeddable":true,"href":"https:\/\/elfsight.com\/de\/wp-json\/wp\/v2\/users\/9"}],"replies":[{"embeddable":true,"href":"https:\/\/elfsight.com\/de\/wp-json\/wp\/v2\/comments?post=6720"}],"version-history":[{"count":3,"href":"https:\/\/elfsight.com\/de\/wp-json\/wp\/v2\/pages\/6720\/revisions"}],"predecessor-version":[{"id":23488,"href":"https:\/\/elfsight.com\/de\/wp-json\/wp\/v2\/pages\/6720\/revisions\/23488"}],"up":[{"embeddable":true,"href":"https:\/\/elfsight.com\/de\/wp-json\/wp\/v2\/pages\/829"}],"wp:attachment":[{"href":"https:\/\/elfsight.com\/de\/wp-json\/wp\/v2\/media?parent=6720"}],"curies":[{"name":"wp","href":"https:\/\/api.w.org\/{rel}","templated":true}]}}