{"id":6711,"date":"1970-01-01T00:00:00","date_gmt":"1970-01-01T00:00:00","guid":{"rendered":"https:\/\/elfsight.com\/de\/?page_id=6711"},"modified":"2025-01-10T13:00:41","modified_gmt":"2025-01-10T13:00:41","slug":"drupal","status":"publish","type":"page","link":"https:\/\/elfsight.com\/de\/whatsapp-chat-widget\/drupal\/","title":{"rendered":"Whatsapp Chat &#8211; Drupal"},"content":{"rendered":"\n<div class=\"application-platform-content-item-description application-platform-content-item\" id=\"description\" data-nav-section=\"description\"> \n<h2>WhatsApp Chat mit dem Elfsight Widget einf\u00fcgen<\/h2> \n<p>Das WhatsApp-Modul von Elfsight ist ein einfaches Tool, mit dem Ihre Website-Besucher mit Ihnen kommunizieren und ihre Fragen beantwortet bekommen k\u00f6nnen. Jetzt k\u00f6nnen Sie jederzeit online f\u00fcr Ihre Besucher in ihrem bevorzugten Messenger verf\u00fcgbar sein. F\u00fcgen Sie den Chat in Ihrem Shop ein, und er kann auf den wichtigsten Seiten oder f\u00fcr ausgew\u00e4hlte Benutzergruppen erscheinen, w\u00e4hlen Sie Start-Chat-Trigger, senden Sie Ihre individuelle Willkommensnachricht, w\u00e4hlen Sie Icons und wenden Sie weitere Personalisierungen an. Mit dem WhatsApp Chat f\u00fcr Drupal bleiben Sie jederzeit mit Ihrem Publikum in Kontakt \u2013 unabh\u00e4ngig davon, wo Sie sich befinden.<\/p>\n<p>WhatsApp Chat f\u00fcr Drupal kann Ihnen helfen, Ihre Gesch\u00e4ftsm\u00f6glichkeiten zu erweitern, indem es Ihnen erm\u00f6glicht, einen perfekten Kundensupport zu bieten. Sie k\u00f6nnen dieses Tool auf allen oder ausgew\u00e4hlten Seiten Ihrer Website hinzuf\u00fcgen. Es gibt auch die M\u00f6glichkeit, die Zielgruppen auszuw\u00e4hlen, die Ihren WhatsApp-Chat auf den Seiten Ihrer Drupal-Website sehen werden. Diese Funktion hilft Ihnen, mit den Besuchern in Kontakt zu bleiben, ohne sie mit st\u00e4ndigen Nachrichten zu bel\u00e4stigen. WhatsApp Chat f\u00fcr Drupal ist ein perfektes Tool f\u00fcr jede Art von Hilfe, Support, Onboarding und andere Dienste, die f\u00fcr Ihr Online- und Offline-Gesch\u00e4ft erforderlich sind. Bieten Sie den besten Kundenservice f\u00fcr Ihr Publikum mit dem beliebten und bekannten Messenger.<\/p>\n\n<div class=\"faq\" data-component=\"FAQ\">\n<div class=\"faq-item\">\r\n\t\t\t\t\t<div class=\"faq-item-question\">\r\n\t\t\t\t\t\t<h3 class=\"faq-item-question-text\">Wie f\u00fcge ich das WhatsApp Chat-Modul auf eine Drupal-Seite hinzu?<\/h3>\r\n\r\n\t\t\t\t\t\t<div class=\"faq-item-question-icon\"><\/div>\r\n\t\t\t\t\t<\/div>\r\n\r\n\t\t\t\t\t<div class=\"faq-item-answer\">\r\n\t\t\t\t\t\t<div class=\"faq-item-answer-text\">\n<p>Das Hinzuf\u00fcgen zur Website dauert nur wenige Augenblicke. Zudem sind keine Programmierkenntnisse erforderlich.<\/p>\n<ol>\n<li>Personalisieren Sie das WhatsApp Chat-Modul f\u00fcr Drupal im kostenlosen Live-Konfigurator.<\/li> \n <li>Klicken Sie auf den Code, um ihn zu erhalten.<\/li> \n <li>F\u00fcgen Sie den Code an der gew\u00fcnschten Stelle in das Site-Template ein.<\/li> \n <li>Fantastische Arbeit! Die Einrichtung des WhatsApp Chat-Moduls auf Drupal ist abgeschlossen!<\/li>\n<\/ol>\n<p>Haben Sie Probleme bei der Installation des Plugins auf Drupal oder bei der Einrichtung Ihres WhatsApp-Chats? Sie k\u00f6nnen die vollst\u00e4ndige Anleitung <a href=\"https:\/\/elfsight.com\/tutorials\/how-to-add-whatsapp-chat-widget-to-website\/#how-to-add-whatsapp-to-drupal\">auf dieser Seite<\/a> einsehen.<\/p>\n<\/div>\r\n\t\t\t\t\t<\/div>\r\n\t\t\t\t<\/div>\n<div class=\"faq-item\">\r\n\t\t\t\t\t<div class=\"faq-item-question\">\r\n\t\t\t\t\t\t<h3 class=\"faq-item-question-text\">Gibt es eine M\u00f6glichkeit, zu sehen, wie das Widget auf meiner Website aussieht?<\/h3>\r\n\r\n\t\t\t\t\t\t<div class=\"faq-item-question-icon\"><\/div>\r\n\t\t\t\t\t<\/div>\r\n\r\n\t\t\t\t\t<div class=\"faq-item-answer\">\r\n\t\t\t\t\t\t<div class=\"faq-item-answer-text\">\n<p>Absolut! W\u00e4hrend der Erstellung des WhatsApp Chat-Moduls f\u00fcr Drupal <a href=\"https:\/\/elfsight.com\/whatsapp-chat-widget\/#demo\">im kostenlosen Live-Editor<\/a> sehen Sie alle Konfigurationen auf der rechten Seite. Das Chat-Fenster wird genau so aussehen, wie es sp\u00e4ter auf der Drupal-Website angezeigt wird.<\/p>\n<\/div>\r\n\t\t\t\t\t<\/div>\r\n\t\t\t\t<\/div>\n<div class=\"faq-item\">\r\n\t\t\t\t\t<div class=\"faq-item-question\">\r\n\t\t\t\t\t\t<h3 class=\"faq-item-question-text\">Welche allgemeinen Module sind f\u00fcr eine Drupal-Website erforderlich?<\/h3>\r\n\r\n\t\t\t\t\t\t<div class=\"faq-item-question-icon\"><\/div>\r\n\t\t\t\t\t<\/div>\r\n\r\n\t\t\t\t\t<div class=\"faq-item-answer\">\r\n\t\t\t\t\t\t<div class=\"faq-item-answer-text\">\n<p>Drupal-Websites lassen sich hervorragend mit zahlreichen Modulen von Elfsight erweitern. Beispielsweise k\u00f6nnen Sie <a href=\"https:\/\/elfsight.com\/de\/whatsapp-chat-widget\/drupal\/\">WhatsApp Chat<\/a> und <a href=\"https:\/\/elfsight.com\/de\/online-form-builder\/drupal\/\">Formularerstellung<\/a> w\u00e4hlen, um Feedback von Ihren Kunden zu sammeln. <a href=\"https:\/\/elfsight.com\/de\/pdf-embed-widget\/drupal\/\">PDF-Embed<\/a>, <a href=\"https:\/\/elfsight.com\/de\/instagram-feed-instashow\/drupal\/\">Instagram Feed<\/a> und <a href=\"https:\/\/elfsight.com\/de\/event-calendar-widget\/drupal\/\">Event Kalender<\/a> helfen Ihnen dabei, Ihre Inhalte zu erweitern und vielf\u00e4ltiger zu gestalten.<\/p>\n<\/div>\r\n\t\t\t\t\t<\/div>\r\n\t\t\t\t<\/div>\n<div class=\"faq-item\">\r\n\t\t\t\t\t<div class=\"faq-item-question\">\r\n\t\t\t\t\t\t<h3 class=\"faq-item-question-text\">Die besten Anwendungsbeispiele f\u00fcr die Integration von WhatsApp Live Chat<\/h3>\r\n\r\n\t\t\t\t\t\t<div class=\"faq-item-question-icon\"><\/div>\r\n\t\t\t\t\t<\/div>\r\n\r\n\t\t\t\t\t<div class=\"faq-item-answer\">\r\n\t\t\t\t\t\t<div class=\"faq-item-answer-text\">\n<p>Wir bieten zahlreiche Anpassungsm\u00f6glichkeiten: Vollbild-Widgets, die in den Inhaltsbereich eingebaut werden k\u00f6nnen, schwebende Widgets mit Scrollm\u00f6glichkeiten, Layouts f\u00fcr den Footer, Header und verschiedene vertikale M\u00f6glichkeiten f\u00fcr Seitenleisten und Men\u00fcs der Website.<\/p>\n<\/div>\r\n\t\t\t\t\t<\/div>\r\n\t\t\t\t<\/div>\n<div class=\"faq-item\">\r\n\t\t\t\t\t<div class=\"faq-item-question\">\r\n\t\t\t\t\t\t<h3 class=\"faq-item-question-text\">Wie erstelle ich einen Support- oder Verkaufs-WhatsApp-Chat mit Hilfe des Editors? <\/h3>\r\n\r\n\t\t\t\t\t\t<div class=\"faq-item-question-icon\"><\/div>\r\n\t\t\t\t\t<\/div>\r\n\r\n\t\t\t\t\t<div class=\"faq-item-answer\">\r\n\t\t\t\t\t\t<div class=\"faq-item-answer-text\">\n<p>Sie k\u00f6nnen beliebige Varianten des Widgets erstellen. Es gibt zahlreiche Layouts im Editor, die alle ganz einfach nach Ihren W\u00fcnschen angepasst werden k\u00f6nnen.<\/p>\n<\/div>\r\n\t\t\t\t\t<\/div>\r\n\t\t\t\t<\/div>\n<\/div>\n\n<\/div> \n<div class=\"application-platform-content-item-features application-platform-content-item\" id=\"features\" data-nav-section=\"features\"> \n<h2>Hauptfunktionen des WhatsApp Chat Widgets<\/h2> \n<p>Um eine vollst\u00e4ndige Vorstellung vom Live-Chat zu bekommen, werfen Sie einen Blick auf die Liste der wichtigsten Funktionen. Sie machen das Widget unglaublich effektiv f\u00fcr Ihr Gesch\u00e4ft:<\/p> \n<ul>\n<li>Richten Sie den WhatsApp-Messenger auf Ihrer Website ein, um mit Besuchern zu kommunizieren;<\/li>\n<li>Antworten Sie direkt von Ihrem WhatsApp-Konto;<\/li>\n<li>Verwenden Sie drei Layout-Optionen f\u00fcr das Modul: schwebende Blase, eingebettete Blase und eingebettetes Chat-Fenster;<\/li>\n<li>W\u00e4hlen Sie Ihre Blasen-Icon-Variante aus der verf\u00fcgbaren Icon-Bibliothek;<\/li>\n<li>Geben Sie Ihren benutzerdefinierten Text f\u00fcr die Chat-Blase ein.<\/li>\n<\/ul>\n<p><a href=\"#demo\">Sehen Sie eine vollst\u00e4ndige Liste der Widget-Funktionen in unserer Live-Demo<\/a><\/p> \n<\/div> \n<div class=\"application-platform-content-item-installation application-platform-content-item\" id=\"installation\" data-nav-section=\"installation\"> \n<h2>So f\u00fcgen Sie das WhatsApp Live Chat-Modul zu Ihrer Drupal-Website hinzu<\/h2>\n<div class=\"video-container\">\n<iframe width=\"720\" height=\"405\" src=\"https:\/\/www.youtube.com\/embed\/u3RYBCjBWJQ\" frameborder=\"0\" allowfullscreen=\"\"><\/iframe>\n<\/div>\n<p>Folgen Sie einfach den Anweisungen unten, um das Modul in Drupal zu integrieren.<\/p> \n\n<ol>\n<li><b>Starten Sie unseren kostenlosen Editor und beginnen Sie mit der Erstellung Ihres personalisierten Moduls. <\/b><br> \nFinden Sie das bevorzugte Layout und die Merkmale des WhatsApp Chat-Moduls und wenden Sie die \u00c4nderungen an.<\/li> \n <li><b>Holen Sie sich Ihren pers\u00f6nlichen Code, der im Elfsight Apps-Fenster erscheint. <\/b><br> \nNachdem Sie Ihr Tool eingerichtet haben, kopieren Sie den individuellen Code im angezeigten Fenster und bewahren ihn f\u00fcr sp\u00e4ter auf.<\/li> \n <li><b>Beginnen Sie mit der Nutzung des Moduls auf Ihrer Drupal-Website. <\/b><br> \nF\u00fcgen Sie den vorher kopierten Code auf Ihrer Seite ein und speichern Sie die \u00c4nderungen.<\/li> \n <li><b>Die Einrichtung ist abgeschlossen. <\/b><br> \nBesuchen Sie Ihre Website, um zu sehen, wie das Modul funktioniert.<\/li>\n<\/ol>\n<p>Sie k\u00f6nnen sich immer noch nicht entscheiden? Oder haben Sie Probleme? Senden Sie einfach eine Anfrage an unser Support-Team und wir helfen Ihnen bei jedem Anliegen.<\/p> \n<\/div>\n<div class=\"faq\" data-component=\"FAQ\">\n<div class=\"faq-item\">\r\n\t\t\t\t\t<div class=\"faq-item-question\">\r\n\t\t\t\t\t\t<h3 class=\"faq-item-question-text\">Gibt es eine M\u00f6glichkeit, WhatsApp Chat ohne Programmierkenntnisse in meine Drupal-Website einzuf\u00fcgen?<\/h3>\r\n\r\n\t\t\t\t\t\t<div class=\"faq-item-question-icon\"><\/div>\r\n\t\t\t\t\t<\/div>\r\n\r\n\t\t\t\t\t<div class=\"faq-item-answer\">\r\n\t\t\t\t\t\t<div class=\"faq-item-answer-text\">\n\n<p>\nDie Elfsight-Company bietet eine L\u00f6sung, mit der Benutzer selbst ein WhatsApp Chat-Plugin erstellen k\u00f6nnen, und zeigt Ihnen die unkomplizierten Schritte:\n<\/p>\n\n<ul>\n<li>\nGehen Sie zur Live-Demo, um den WhatsApp Chat-Bereich zu erstellen, den Sie auf Ihrer Drupal-Website hinzuf\u00fcgen m\u00f6chten.\n<\/li>\n<li>\nW\u00e4hlen Sie eine der vorgefertigten Vorlagen und passen Sie die WhatsApp Chat-Einstellungen an, \u00e4ndern Sie das Layout und Farbschema und f\u00fcgen Sie Ihre Inhalte hinzu \u2013 ganz ohne Programmierkenntnisse.\n<\/li>\n<li>\nSpeichern Sie den WhatsApp Chat und erhalten Sie den Installationscode, den Sie problemlos auf Ihrer Drupal-Homepage einf\u00fcgen k\u00f6nnen, ohne eine kostenpflichtige Version zu erwerben.\n<\/li>\n<\/ul>\n\n<p>\nMit dem benutzerfreundlichen Konfigurator kann jeder Internetnutzer ein WhatsApp Chat-Widget erstellen und es ganz einfach in die Drupal-Homepage einf\u00fcgen. Es ist nicht erforderlich, f\u00fcr den Zugang zum Elfsight Editor zu bezahlen oder Ihre Kartendaten anzugeben. Wenn Sie auf irgendwelche Hindernisse sto\u00dfen, wenden Sie sich einfach an unser Support-Team.\n<\/p>\n\n<\/div>\r\n\t\t\t\t\t<\/div>\r\n\t\t\t\t<\/div>\n<\/div>\n","protected":false},"excerpt":{"rendered":"","protected":false},"author":9,"featured_media":0,"parent":146,"menu_order":0,"comment_status":"closed","ping_status":"closed","template":"templates\/template-application-platform.php","meta":{"publish_to_discourse":"","publish_post_category":"","wpdc_auto_publish_overridden":"","wpdc_topic_tags":"","wpdc_pin_topic":"","wpdc_pin_until":"","discourse_post_id":"","discourse_permalink":"","wpdc_publishing_response":"","wpdc_publishing_error":"","footnotes":""},"class_list":["post-6711","page","type-page","status-publish","hentry"],"yoast_head":"<!-- This site is optimized with the Yoast SEO plugin v25.3.1 - https:\/\/yoast.com\/wordpress\/plugins\/seo\/ -->\n<title>WhatsApp-Live-Chat-Modul zur Drupal-Website hinzuf\u00fcgen (einfach und schnell)<\/title>\n<meta name=\"description\" content=\"Richten Sie das WhatsApp-Live-Chat-Modul auf Drupal in nur 2 Minuten ein. Entdecken Sie alle Hauptmerkmale des besten Chat-Plugins in einer kostenlosen Demo.\" \/>\n<meta name=\"robots\" content=\"index, follow, max-snippet:-1, max-image-preview:large, max-video-preview:-1\" \/>\n<link rel=\"canonical\" href=\"https:\/\/elfsight.com\/de\/whatsapp-chat-widget\/drupal\/\" \/>\n<meta property=\"og:locale\" content=\"de_DE\" \/>\n<meta property=\"og:type\" content=\"article\" \/>\n<meta property=\"og:title\" content=\"WhatsApp-Live-Chat-Modul zur Drupal-Website hinzuf\u00fcgen (einfach und schnell)\" \/>\n<meta property=\"og:description\" content=\"Richten Sie das WhatsApp-Live-Chat-Modul auf Drupal in nur 2 Minuten ein. Entdecken Sie alle Hauptmerkmale des besten Chat-Plugins in einer kostenlosen Demo.\" \/>\n<meta property=\"og:url\" content=\"https:\/\/elfsight.com\/de\/whatsapp-chat-widget\/drupal\/\" \/>\n<meta property=\"og:site_name\" content=\"Elfsight DE\" \/>\n<meta property=\"article:modified_time\" content=\"2025-01-10T13:00:41+00:00\" \/>\n<meta name=\"twitter:card\" content=\"summary_large_image\" \/>\n<meta name=\"twitter:label1\" content=\"Gesch\u00e4tzte Lesezeit\" \/>\n\t<meta name=\"twitter:data1\" content=\"5\u00a0Minuten\" \/>\n<!-- \/ Yoast SEO plugin. -->","yoast_head_json":{"title":"WhatsApp-Live-Chat-Modul zur Drupal-Website hinzuf\u00fcgen (einfach und schnell)","description":"Richten Sie das WhatsApp-Live-Chat-Modul auf Drupal in nur 2 Minuten ein. Entdecken Sie alle Hauptmerkmale des besten Chat-Plugins in einer kostenlosen Demo.","robots":{"index":"index","follow":"follow","max-snippet":"max-snippet:-1","max-image-preview":"max-image-preview:large","max-video-preview":"max-video-preview:-1"},"canonical":"https:\/\/elfsight.com\/de\/whatsapp-chat-widget\/drupal\/","og_locale":"de_DE","og_type":"article","og_title":"WhatsApp-Live-Chat-Modul zur Drupal-Website hinzuf\u00fcgen (einfach und schnell)","og_description":"Richten Sie das WhatsApp-Live-Chat-Modul auf Drupal in nur 2 Minuten ein. Entdecken Sie alle Hauptmerkmale des besten Chat-Plugins in einer kostenlosen Demo.","og_url":"https:\/\/elfsight.com\/de\/whatsapp-chat-widget\/drupal\/","og_site_name":"Elfsight DE","article_modified_time":"2025-01-10T13:00:41+00:00","twitter_card":"summary_large_image","twitter_misc":{"Gesch\u00e4tzte Lesezeit":"5\u00a0Minuten"},"schema":{"@context":"https:\/\/schema.org","@graph":[{"@type":"WebPage","@id":"https:\/\/elfsight.com\/de\/whatsapp-chat-widget\/drupal\/","url":"https:\/\/elfsight.com\/de\/whatsapp-chat-widget\/drupal\/","name":"WhatsApp-Live-Chat-Modul zur Drupal-Website hinzuf\u00fcgen (einfach und schnell)","isPartOf":{"@id":"https:\/\/elfsight.com\/de\/#website"},"datePublished":"1970-01-01T00:00:00+00:00","dateModified":"2025-01-10T13:00:41+00:00","description":"Richten Sie das WhatsApp-Live-Chat-Modul auf Drupal in nur 2 Minuten ein. Entdecken Sie alle Hauptmerkmale des besten Chat-Plugins in einer kostenlosen Demo.","breadcrumb":{"@id":"https:\/\/elfsight.com\/de\/whatsapp-chat-widget\/drupal\/#breadcrumb"},"inLanguage":"de","potentialAction":[{"@type":"ReadAction","target":["https:\/\/elfsight.com\/de\/whatsapp-chat-widget\/drupal\/"]}]},{"@type":"BreadcrumbList","@id":"https:\/\/elfsight.com\/de\/whatsapp-chat-widget\/drupal\/#breadcrumb","itemListElement":[{"@type":"ListItem","position":1,"name":"Home","item":"https:\/\/elfsight.com\/de\/"},{"@type":"ListItem","position":2,"name":"WhatsApp Chat","item":"https:\/\/elfsight.com\/de\/whatsapp-chat-widget\/"},{"@type":"ListItem","position":3,"name":"Whatsapp Chat &#8211; Drupal"}]},{"@type":"WebSite","@id":"https:\/\/elfsight.com\/de\/#website","url":"https:\/\/elfsight.com\/de\/","name":"Elfsight DE","description":"Just another Elfsight Sites site","potentialAction":[{"@type":"SearchAction","target":{"@type":"EntryPoint","urlTemplate":"https:\/\/elfsight.com\/de\/?s={search_term_string}"},"query-input":{"@type":"PropertyValueSpecification","valueRequired":true,"valueName":"search_term_string"}}],"inLanguage":"de"}]}},"meta_box":{"industry":"","seo_heading":"","heading":"","description":"","cta_heading":"","cta_description":"","application":"139","h1":"Drupal WhatsApp Live Chat-Modul","h1_caption":"Geben Sie Benutzern die M\u00f6glichkeit, Sie \u00fcber WhatsApp zu kontaktieren, und sorgen Sie so f\u00fcr die schnellste und bequemste Interaktion Ihrer Website-Besucher mit Ihrer Drupal-Website.","application_category":[],"applications_title":"","applications_request_title":"","applications_request_button_text":"","hero_text":"","hero_video":"","hero_video_schema_markup":"","selling_points_title":"","selling_points_caption":"","selling_points":[],"selling_points_cta_text":"","features_title":"","features":"","ed_cta_examples_text":"","ed_cta_examples_hidden":"","ed_cta_demo_text":"","ed_cta_demo_hidden":"","why_caption":"","why_editor_title":"","why_editor_text":"","why_team_title":"","why_team_text":"","why_service_title":"","why_service_text":"","template_catalog_visible":"0","template_catalog_title":"","template_catalog_text":"","template_catalog_categories_visible":"","demo_title":"Erstellen Sie Ihr WhatsApp-Chat-Modul","demo_caption":"Konfigurieren Sie Ihren WhatsApp-Chat und f\u00fcgen Sie ihn kostenlos zu Ihrer Drupal-Website hinzu!","default_faq_hidden":"","app_template_category":[],"platform":"261","template_public_id":"","codecanyon_url":"","codecanyon_item_id":"","codecanyon_price":"","pricing_caption":"","pricing_elfsight_apps_hide_column":"","pricing_elfsight_apps_url":"","pricing_codecanyon_price_caption":"","integration_category":[],"integration_request_title":"","integration_request_cta":"","integration_platform":"","integrations":[],"platform_category":[],"video_schema_markup":"","price":"ab 0 $ \/ Monat","trial":"","benefits":[{"text":"Kostenlose Installationshilfe"},{"text":"Professioneller Kundenservice"},{"text":"14-t\u00e4gige Geld-zur\u00fcck-Garantie"},{"text":"Laufende Verbesserungen"}],"button_url":"#demo","button_target_blank":"0","button_nofollow":"0","attributes":[{"name":"Installiert","content":"100,000 - 500,000","_state":"expanded"},{"name":"Reaktionsfreudig","content":"Ja","_state":"expanded"},{"name":"Kompatible Browser","content":"Firefox, Safari, Opera, Chrome, Edge"}],"tags":[],"tags_disable_links":"1","hide_more_platforms":"","video_object":"","demo_hide_cta":"0","demo_hide_cloud_options":"0","pricing_title":"","pricing":[{"pricing_icon":"platform","pricing_title":"Elfsight Apps","pricing_title_caption":"Plattform\u00fcbergreifende Software, die f\u00fcr jede Website geeignet ist","pricing_price":"ab 0 $ \/ Monat","pricing_price_caption":"Beginnen Sie mit einem kostenlosen Plan","pricing_benefits":[{"text":"Unbegrenzte Websites"},{"text":"Professionelle und p\u00fcnktliche Unterst\u00fctzung"},{"text":"Kostenlose Installationsunterst\u00fctzung"},{"text":"Tolles Angebot f\u00fcr mehrere Apps"}],"pricing_button_text":"Zur Website hinzuf\u00fcgen","pricing_button_url":"#demo","_state":"expanded"}],"related_apps_title":"","related_apps_hidden":"1","author":"","image":[],"title":"","job":"","social_networks":[]},"_links":{"self":[{"href":"https:\/\/elfsight.com\/de\/wp-json\/wp\/v2\/pages\/6711","targetHints":{"allow":["GET"]}}],"collection":[{"href":"https:\/\/elfsight.com\/de\/wp-json\/wp\/v2\/pages"}],"about":[{"href":"https:\/\/elfsight.com\/de\/wp-json\/wp\/v2\/types\/page"}],"author":[{"embeddable":true,"href":"https:\/\/elfsight.com\/de\/wp-json\/wp\/v2\/users\/9"}],"replies":[{"embeddable":true,"href":"https:\/\/elfsight.com\/de\/wp-json\/wp\/v2\/comments?post=6711"}],"version-history":[{"count":6,"href":"https:\/\/elfsight.com\/de\/wp-json\/wp\/v2\/pages\/6711\/revisions"}],"predecessor-version":[{"id":23449,"href":"https:\/\/elfsight.com\/de\/wp-json\/wp\/v2\/pages\/6711\/revisions\/23449"}],"up":[{"embeddable":true,"href":"https:\/\/elfsight.com\/de\/wp-json\/wp\/v2\/pages\/146"}],"wp:attachment":[{"href":"https:\/\/elfsight.com\/de\/wp-json\/wp\/v2\/media?parent=6711"}],"curies":[{"name":"wp","href":"https:\/\/api.w.org\/{rel}","templated":true}]}}