{"id":6706,"date":"1970-01-01T00:00:00","date_gmt":"1970-01-01T00:00:00","guid":{"rendered":"https:\/\/elfsight.com\/de\/?page_id=6706"},"modified":"2025-01-13T11:13:29","modified_gmt":"2025-01-13T11:13:29","slug":"bigcommerce","status":"publish","type":"page","link":"https:\/\/elfsight.com\/de\/youtube-channel-plugin-yottie\/bigcommerce\/","title":{"rendered":"YouTube Gallery &#8211; BigCommerce"},"content":{"rendered":"\n<div class=\"application-platform-content-item-description application-platform-content-item\" id=\"description\" data-nav-section=\"description\">\n<h2>Beschreibung<\/h2>\n<p>Eine universelle App f\u00fcr YouTube, mit der Sie jede Art von Videos auf Ihrer Website anzeigen k\u00f6nnen. W\u00e4hlen Sie die besten Kan\u00e4le und einzelnen Videoclips aus, um Ihre unverwechselbare Playlist zu erstellen und diese direkt auf der Webseite im am besten geeigneten Layout (Video-Galerie, Portfolio, Kanal, Einzelvideo) anzuzeigen. Unser Widget ist vollst\u00e4ndig responsiv f\u00fcr alle Ger\u00e4te und Plattformen, es enth\u00e4lt \u00fcber 100 Optionen, ein adaptives Layout und viele weitere Vorteile, die eine Installation auf allen Websites erm\u00f6glichen.<\/p>\n\n<p><b>Erstellen Sie eine ma\u00dfgeschneiderte, effiziente Video-Galerie f\u00fcr maximale Aufmerksamkeit Ihres Publikums<\/b><\/p>\n\n<ul>\n<li><b>St\u00e4rken Sie die Verbindungen zu Ihren Kunden mit YouTube-Videos auf Ihrer Seite<\/b>.<br>Unterhalten Sie Ihre Webseiten-Besucher mit hochwertigem YouTube-Inhalt und halten Sie sie l\u00e4nger engagiert.<\/li>\n<li><b>Erzielen Sie maximale K\u00e4ufe auf der Seite mit dem richtigen YouTube-Inhalt<\/b>.<br>Verwenden Sie Werbevideos, Bewertungen, \u00dcbersichten, Anleitungen und andere Videoarten, um den Besuchern umfassende Informationen \u00fcber Ihre Produkte zu bieten und sie zum Kauf zu motivieren.<\/li>\n<li><b>Maximieren Sie die Anzahl der Abonnenten f\u00fcr Ihren YouTube-Kanal<\/b>.<br>Verwandeln Sie Webseiten-Besucher in Ihre Fans auf YouTube. Zeigen Sie eine schnelle und einfache M\u00f6glichkeit, Videos anzusehen und Ihrem Kanal direkt von der Seite aus zu folgen.<\/li>\n<\/ul>\n<\/div>\n<div class=\"application-platform-content-item-features application-platform-content-item\" id=\"features\" data-nav-section=\"features\">\n<h2>Funktionen<\/h2>\n<p>Die Merkmale dieses Widgets, die es zum besten Tool f\u00fcr das Einf\u00fcgen von YouTube-Videos auf einer BigCommerce-Website machen.<\/p>\n<ul>\n<li>Quellen per URL hinzuf\u00fcgen;<\/li>\n<li>Bearbeitbare Kanalbeschreibung;<\/li>\n<li>3 Layouts f\u00fcr Videos: Klassisch, Horizontal, Kino;<\/li>\n<li>8 umschaltbare Video-Elemente: Titel, Dauer, Beschreibung, Z\u00e4hler und mehr;<\/li>\n<li>Option, Autoplay bei Hover zu pausieren;<\/li>\n<li>24 anpassbare Popup-Elemente;<\/li>\n<li>Verstellbare Cache-Zeit.<\/li>\n<\/ul>\n<p><a href=\"#demo\">Lesen Sie die vollst\u00e4ndige Liste der Vorteile im Editor<\/a><\/p>\n<\/div>\n<div class=\"application-platform-content-item-installation application-platform-content-item\" id=\"installation\" data-nav-section=\"installation\">\n<h2>Wie man die YouTube-Galerie auf einer BigCommerce-Website einbindet<\/h2>\n<div class=\"video-container\">\n<iframe width=\"720\" height=\"405\" src=\"https:\/\/www.youtube.com\/embed\/y3BOALj8YXI\" frameborder=\"0\" allowfullscreen=\"\"><\/iframe>\n<\/div>\n<p>Befolgen Sie einfach die untenstehenden Anweisungen, um die App auf BigCommerce zu aktivieren.<\/p>\n\n<ol>\n<li><b>Nutzen Sie unseren kostenlosen Konfigurator und beginnen Sie mit dem Erstellen Ihres benutzerdefinierten Widgets. <\/b><br>W\u00e4hlen Sie das geeignete Design und die funktionalen Merkmale des Widgets aus und speichern Sie die \u00c4nderungen.<\/li>\n<li><b>Kopieren Sie Ihren einzigartigen Code, der im Fenster auf Elfsight Apps angezeigt wird. <\/b><br>Nachdem die Konfiguration Ihrer pers\u00f6nlichen YouTube-Galerie abgeschlossen ist, kopieren Sie den exklusiven Code aus dem angezeigten Fenster und speichern Sie ihn f\u00fcr die sp\u00e4tere Verwendung.<\/li>\n<li><b>Beginnen Sie mit der Verwendung der App auf der BigCommerce-Seite. <\/b><br>F\u00fcgen Sie den zuvor gespeicherten Code in Ihre Website ein und speichern Sie die \u00c4nderungen.<\/li>\n<li><b>Fertig! Die Installation wurde erfolgreich abgeschlossen. <\/b><br>Besuchen Sie Ihre Seite, um die Leistung des Widgets zu \u00fcberpr\u00fcfen.<\/li>\n<\/ol>\n<p>Gab es Probleme bei der Einrichtung oder Anpassung der YouTube-Galerie? Wenden Sie sich mit einer detaillierten Erkl\u00e4rung Ihres Problems an das Elfsight-Hilfecenter. Wir werden unser Bestes tun, um es zu l\u00f6sen.<\/p>\n<\/div>\n<div class=\"faq\" data-component=\"FAQ\">\n<div class=\"faq-item\">\r\n\t\t\t\t\t<div class=\"faq-item-question\">\r\n\t\t\t\t\t\t<h3 class=\"faq-item-question-text\">Wie kann ich eine YouTube-Galerie auf meiner BigCommerce-Website hinzuf\u00fcgen?<\/h3>\r\n\r\n\t\t\t\t\t\t<div class=\"faq-item-question-icon\"><\/div>\r\n\t\t\t\t\t<\/div>\r\n\r\n\t\t\t\t\t<div class=\"faq-item-answer\">\r\n\t\t\t\t\t\t<div class=\"faq-item-answer-text\">\n<p>Die Erstellung des Tools erfolgt \u00fcber den Elfsight-Service, und Sie m\u00fcssen keine Programmierkenntnisse lernen. Gehen Sie zu unserer Live-Demo, um Ihre eigene App anzupassen, den Code zu erhalten und ihn auf Ihrer Seite zu implementieren.<\/p>\n<\/div>\r\n\t\t\t\t\t<\/div>\r\n\t\t\t\t<\/div>\n<div class=\"faq-item\">\r\n\t\t\t\t\t<div class=\"faq-item-question\">\r\n\t\t\t\t\t\t<h3 class=\"faq-item-question-text\">Die besten Einsatzm\u00f6glichkeiten f\u00fcr die YouTube-Video-Galerie-Integration<\/h3>\r\n\r\n\t\t\t\t\t\t<div class=\"faq-item-question-icon\"><\/div>\r\n\t\t\t\t\t<\/div>\r\n\r\n\t\t\t\t\t<div class=\"faq-item-answer\">\r\n\t\t\t\t\t\t<div class=\"faq-item-answer-text\">\n<p>Wir bieten Ihnen viele Anpassungsm\u00f6glichkeiten: Vollbild-Widgets zum Einbetten in den Inhaltsbereich, schwebende Plugins f\u00fcr Scrollm\u00f6glichkeiten, Miniaturansichten f\u00fcr den Footer Ihrer Website, Kopfbereich und alle Arten von vertikalen Optionen f\u00fcr die Seitenspalten und Men\u00fcs der Website.<\/p>\n<\/div>\r\n\t\t\t\t\t<\/div>\r\n\t\t\t\t<\/div>\n<div class=\"faq-item\">\r\n\t\t\t\t\t<div class=\"faq-item-question\">\r\n\t\t\t\t\t\t<h3 class=\"faq-item-question-text\">Gibt es eine M\u00f6glichkeit, mit dem Editor eine Grid- oder Einzelvideo-YouTube-Galerie zu erstellen?<\/h3>\r\n\r\n\t\t\t\t\t\t<div class=\"faq-item-question-icon\"><\/div>\r\n\t\t\t\t\t<\/div>\r\n\r\n\t\t\t\t\t<div class=\"faq-item-answer\">\r\n\t\t\t\t\t\t<div class=\"faq-item-answer-text\">\n<p>Sie k\u00f6nnen jede Variante des Widgets erstellen. Es stehen zahlreiche Layouts im Editor zur Verf\u00fcgung, und alle k\u00f6nnen schnell angepasst werden, wie Sie es ben\u00f6tigen.<\/p>\n<\/div>\r\n\t\t\t\t\t<\/div>\r\n\t\t\t\t<\/div>\n<\/div>\n","protected":false},"excerpt":{"rendered":"","protected":false},"author":9,"featured_media":0,"parent":106,"menu_order":0,"comment_status":"closed","ping_status":"closed","template":"templates\/template-application-platform.php","meta":{"publish_to_discourse":"","publish_post_category":"","wpdc_auto_publish_overridden":"","wpdc_topic_tags":"","wpdc_pin_topic":"","wpdc_pin_until":"","discourse_post_id":"","discourse_permalink":"","wpdc_publishing_response":"","wpdc_publishing_error":"","footnotes":""},"class_list":["post-6706","page","type-page","status-publish","hentry"],"yoast_head":"<!-- This site is optimized with the Yoast SEO plugin v25.3.1 - https:\/\/yoast.com\/wordpress\/plugins\/seo\/ -->\n<title>F\u00fcgen Sie Ihrer Website die YouTube-Videogalerie von BigCommerce hinzu<\/title>\n<meta name=\"description\" content=\"Erstellen Sie in nur 1 Minute eine individuelle YouTube-Videogalerie f\u00fcr Ihre BigCommerce-Website! Probieren Sie das kostenlose Panel von Elfsight aus, um Ihr eigenes YouTube-Widget zu erstellen.\" \/>\n<meta name=\"robots\" content=\"index, follow, max-snippet:-1, max-image-preview:large, max-video-preview:-1\" \/>\n<link rel=\"canonical\" href=\"https:\/\/elfsight.com\/de\/youtube-channel-plugin-yottie\/bigcommerce\/\" \/>\n<meta property=\"og:locale\" content=\"de_DE\" \/>\n<meta property=\"og:type\" content=\"article\" \/>\n<meta property=\"og:title\" content=\"F\u00fcgen Sie Ihrer Website die YouTube-Videogalerie von BigCommerce hinzu\" \/>\n<meta property=\"og:description\" content=\"Erstellen Sie in nur 1 Minute eine individuelle YouTube-Videogalerie f\u00fcr Ihre BigCommerce-Website! Probieren Sie das kostenlose Panel von Elfsight aus, um Ihr eigenes YouTube-Widget zu erstellen.\" \/>\n<meta property=\"og:url\" content=\"https:\/\/elfsight.com\/de\/youtube-channel-plugin-yottie\/bigcommerce\/\" \/>\n<meta property=\"og:site_name\" content=\"Elfsight DE\" \/>\n<meta property=\"article:modified_time\" content=\"2025-01-13T11:13:29+00:00\" \/>\n<meta name=\"twitter:card\" content=\"summary_large_image\" \/>\n<meta name=\"twitter:label1\" content=\"Gesch\u00e4tzte Lesezeit\" \/>\n\t<meta name=\"twitter:data1\" content=\"4\u00a0Minuten\" \/>\n<!-- \/ Yoast SEO plugin. -->","yoast_head_json":{"title":"F\u00fcgen Sie Ihrer Website die YouTube-Videogalerie von BigCommerce hinzu","description":"Erstellen Sie in nur 1 Minute eine individuelle YouTube-Videogalerie f\u00fcr Ihre BigCommerce-Website! Probieren Sie das kostenlose Panel von Elfsight aus, um Ihr eigenes YouTube-Widget zu erstellen.","robots":{"index":"index","follow":"follow","max-snippet":"max-snippet:-1","max-image-preview":"max-image-preview:large","max-video-preview":"max-video-preview:-1"},"canonical":"https:\/\/elfsight.com\/de\/youtube-channel-plugin-yottie\/bigcommerce\/","og_locale":"de_DE","og_type":"article","og_title":"F\u00fcgen Sie Ihrer Website die YouTube-Videogalerie von BigCommerce hinzu","og_description":"Erstellen Sie in nur 1 Minute eine individuelle YouTube-Videogalerie f\u00fcr Ihre BigCommerce-Website! Probieren Sie das kostenlose Panel von Elfsight aus, um Ihr eigenes YouTube-Widget zu erstellen.","og_url":"https:\/\/elfsight.com\/de\/youtube-channel-plugin-yottie\/bigcommerce\/","og_site_name":"Elfsight DE","article_modified_time":"2025-01-13T11:13:29+00:00","twitter_card":"summary_large_image","twitter_misc":{"Gesch\u00e4tzte Lesezeit":"4\u00a0Minuten"},"schema":{"@context":"https:\/\/schema.org","@graph":[{"@type":"WebPage","@id":"https:\/\/elfsight.com\/de\/youtube-channel-plugin-yottie\/bigcommerce\/","url":"https:\/\/elfsight.com\/de\/youtube-channel-plugin-yottie\/bigcommerce\/","name":"F\u00fcgen Sie Ihrer Website die YouTube-Videogalerie von BigCommerce hinzu","isPartOf":{"@id":"https:\/\/elfsight.com\/de\/#website"},"datePublished":"1970-01-01T00:00:00+00:00","dateModified":"2025-01-13T11:13:29+00:00","description":"Erstellen Sie in nur 1 Minute eine individuelle YouTube-Videogalerie f\u00fcr Ihre BigCommerce-Website! Probieren Sie das kostenlose Panel von Elfsight aus, um Ihr eigenes YouTube-Widget zu erstellen.","breadcrumb":{"@id":"https:\/\/elfsight.com\/de\/youtube-channel-plugin-yottie\/bigcommerce\/#breadcrumb"},"inLanguage":"de","potentialAction":[{"@type":"ReadAction","target":["https:\/\/elfsight.com\/de\/youtube-channel-plugin-yottie\/bigcommerce\/"]}]},{"@type":"BreadcrumbList","@id":"https:\/\/elfsight.com\/de\/youtube-channel-plugin-yottie\/bigcommerce\/#breadcrumb","itemListElement":[{"@type":"ListItem","position":1,"name":"Home","item":"https:\/\/elfsight.com\/de\/"},{"@type":"ListItem","position":2,"name":"YouTube Gallery","item":"https:\/\/elfsight.com\/de\/youtube-channel-plugin-yottie\/"},{"@type":"ListItem","position":3,"name":"YouTube Gallery &#8211; BigCommerce"}]},{"@type":"WebSite","@id":"https:\/\/elfsight.com\/de\/#website","url":"https:\/\/elfsight.com\/de\/","name":"Elfsight DE","description":"Just another Elfsight Sites site","potentialAction":[{"@type":"SearchAction","target":{"@type":"EntryPoint","urlTemplate":"https:\/\/elfsight.com\/de\/?s={search_term_string}"},"query-input":{"@type":"PropertyValueSpecification","valueRequired":true,"valueName":"search_term_string"}}],"inLanguage":"de"}]}},"meta_box":{"industry":"","seo_heading":"","heading":"","description":"","cta_heading":"","cta_description":"","application":"98","h1":"YouTube-Videogalerie f\u00fcr BigCommerce","h1_caption":"Betten Sie m\u00fchelos eine Galerie mit YouTube-Videos ein, um Inhalte wie Tutorials, Erfahrungsberichte oder Produktpr\u00e4sentationen auf Ihrer Website in Ihre BigCommerce-Website einzubinden.","application_category":[],"applications_title":"","applications_request_title":"","applications_request_button_text":"","hero_text":"","hero_video":"","hero_video_schema_markup":"","selling_points_title":"","selling_points_caption":"","selling_points":[],"selling_points_cta_text":"","features_title":"","features":"","ed_cta_examples_text":"","ed_cta_examples_hidden":"","ed_cta_demo_text":"","ed_cta_demo_hidden":"","why_caption":"","why_editor_title":"","why_editor_text":"","why_team_title":"","why_team_text":"","why_service_title":"","why_service_text":"","template_catalog_visible":"0","template_catalog_title":"","template_catalog_text":"","template_catalog_categories_visible":"","demo_title":"Erstellen Sie Ihre YouTube-Galerie-App","demo_caption":"Konfigurieren Sie Ihre YouTube-Galerie und f\u00fcgen Sie sie kostenlos zu Ihrer BigCommerce-Website hinzu!","default_faq_hidden":"","app_template_category":[],"platform":"268","template_public_id":"","codecanyon_url":"","codecanyon_item_id":"","codecanyon_price":"","pricing_caption":"","pricing_elfsight_apps_hide_column":"","pricing_elfsight_apps_url":"","pricing_codecanyon_price_caption":"","integration_category":[],"integration_request_title":"","integration_request_cta":"","integration_platform":"","integrations":[],"platform_category":[],"video_schema_markup":"","price":"ab 0 $ \/ Monat","trial":"","benefits":[{"text":"Kostenlose Installationsunterst\u00fctzung"},{"text":"Professioneller Kundenservice"},{"text":"14-t\u00e4gige Geld-zur\u00fcck-Garantie"},{"text":"Lebenslange Verbesserungen"}],"button_url":"#demo","button_target_blank":"0","button_nofollow":"0","attributes":[{"name":"Installiert","content":"100,000 - 500,000","_state":"expanded"},{"name":"Reaktionsfreudig","content":"Ja","_state":"expanded"},{"name":"Kompatible Browser","content":"Firefox, Safari, Opera, Chrome, Edge"}],"tags":[],"tags_disable_links":"1","hide_more_platforms":"","video_object":"","demo_hide_cta":"0","demo_hide_cloud_options":"0","pricing_title":"","pricing":[{"pricing_icon":"platform","pricing_title":"Elfsight Apps","pricing_title_caption":"Plattformunabh\u00e4ngige digitale L\u00f6sung, die f\u00fcr jede Website geeignet ist","pricing_price":"ab 0 $ \/ Monat","pricing_price_caption":"Beginnen Sie mit einem kostenlosen Plan","pricing_benefits":[{"text":"Unbegrenzte Websites"},{"text":"Professionelle Kundenbetreuung und gut dokumentiert"},{"text":"Kostenlose Installationshilfe"},{"text":"Vollst\u00e4ndig anpassbar"}],"pricing_button_text":"Zur Website hinzuf\u00fcgen","pricing_button_url":"#demo","_state":"expanded"}],"related_apps_title":"","related_apps_hidden":"1","author":"","image":[],"title":"","job":"","social_networks":[]},"_links":{"self":[{"href":"https:\/\/elfsight.com\/de\/wp-json\/wp\/v2\/pages\/6706","targetHints":{"allow":["GET"]}}],"collection":[{"href":"https:\/\/elfsight.com\/de\/wp-json\/wp\/v2\/pages"}],"about":[{"href":"https:\/\/elfsight.com\/de\/wp-json\/wp\/v2\/types\/page"}],"author":[{"embeddable":true,"href":"https:\/\/elfsight.com\/de\/wp-json\/wp\/v2\/users\/9"}],"replies":[{"embeddable":true,"href":"https:\/\/elfsight.com\/de\/wp-json\/wp\/v2\/comments?post=6706"}],"version-history":[{"count":6,"href":"https:\/\/elfsight.com\/de\/wp-json\/wp\/v2\/pages\/6706\/revisions"}],"predecessor-version":[{"id":23517,"href":"https:\/\/elfsight.com\/de\/wp-json\/wp\/v2\/pages\/6706\/revisions\/23517"}],"up":[{"embeddable":true,"href":"https:\/\/elfsight.com\/de\/wp-json\/wp\/v2\/pages\/106"}],"wp:attachment":[{"href":"https:\/\/elfsight.com\/de\/wp-json\/wp\/v2\/media?parent=6706"}],"curies":[{"name":"wp","href":"https:\/\/api.w.org\/{rel}","templated":true}]}}