{"id":6692,"date":"1970-01-01T00:00:00","date_gmt":"1970-01-01T00:00:00","guid":{"rendered":"https:\/\/elfsight.com\/de\/?page_id=6692"},"modified":"2025-01-13T13:40:34","modified_gmt":"2025-01-13T13:40:34","slug":"weebly","status":"publish","type":"page","link":"https:\/\/elfsight.com\/de\/youtube-channel-plugin-yottie\/weebly\/","title":{"rendered":"YouTube Gallery &#8211; Weebly"},"content":{"rendered":"\n<div class=\"application-platform-content-item-description application-platform-content-item\" id=\"description\" data-nav-section=\"description\"> <h2>Beschreibung<\/h2><p>Ein erstaunliches Widget f\u00fcr YouTube-Videos, das die M\u00f6glichkeit bietet, verschiedene Videos auf Ihrer Website anzuzeigen. W\u00e4hlen Sie die ben\u00f6tigten Einzelvideos und Kan\u00e4le aus, stellen Sie Ihre eigene Playlist zusammen und zeigen Sie diese mit Hilfe des am besten geeigneten Layouts (Portfolio, Einzelvideo, Videogalerie, Kanal) auf der Webseite an. Unser Widget ist absolut anpassungsf\u00e4hig an alle Webseiten und Bildschirmformate, es verf\u00fcgt insgesamt \u00fcber mehr als 100 Einstellungen, ein adaptives Layout und verschiedene Gestaltungsoptionen geben Ihnen die M\u00f6glichkeit, es auf jeder Website anzuzeigen.<\/p><ul><li><b>F\u00f6rdern Sie die Zusammenarbeit mit den Besuchern Ihrer Website \u00fcber YouTube-Videos.<\/b><br>\u00dcberraschen Sie die Leser Ihrer Website mit gro\u00dfartigen YouTube-Videoinhalten und erleben Sie, dass sie aktiver denn je sind.<\/li> <li><b>Haben Sie weitere Anfragen Mithilfe spektakul\u00e4rer Videos.<\/b><br>Zeigen Sie Anzeigen, Vorlieben, Abneigungen, Anleitungen und mehr, um den Kunden umfassende Informationen \u00fcber tolle Dienstleistungen zu bieten und sie zum Kauf zu bewegen.<\/li> <li><b> Neue Follower Ihres YouTube-Profils.<\/b><br>Verwandeln Sie Ihr Website-Publikum in Fans auf YouTube. Nutzen Sie eine schnelle und einfache M\u00f6glichkeit, sich einfacher mit Ihren Videos vertraut zu machen und Ihren Kanal direkt zu abonnieren.<\/li><\/ul><\/div><div class=\"application-platform-content-item-features application-platform-content-item\" id=\"features\" data-nav-section=\"features\"><h2>Funktionen<\/h2><p>Die Vorteile dieses Widgets machen es zum besten Instrument zum Einf\u00fcgen von YouTube-Videos auf einer Shopify-Website.<\/p> <ul><li>Quellengruppen<\/li><li>Einfach zu bearbeiten Kanalname<\/li><li>\u00c4nderbare Widget-Breite<\/li><li>Acht Videoelemente: Dauer, Beschreibung, Anzahl, Titel und mehr<\/li><li>15 \u00fcbermalbare Videoelemente<\/li> <li>Option zum Anzeigen einer Suchleiste<\/li><li>Einstellbare Cache-Zeit<\/li><\/ul><p><a href=\"#demo\">Testen Sie alle Vorteile im Editor<\/a> <\/p><\/div><div class=\"application-platform-content-item-installation application-platform-content-item\" id=\"installation\" data-nav-section=\"installation\"><h2>Wie kann ich eine YouTube-Videogalerie auf meiner Weebly-Website einbetten?<\/h2><div class=\"video-container\"><iframe src=\"https:\/\/www.youtube.com\/embed\/Pfjxnj97Kps\" width=\"720\" height=\"405\" frameborder=\"0\" allowfullscreen=\"allowfullscreen\"><\/iframe><\/div><p>Erf\u00fcllen Sie einfach die Befolgen Sie die nachstehenden Richtlinien zum Einf\u00fcgen des Plugins. <\/p> <ol><li><b>Nutzen Sie unseren kostenlosen Konfigurator und beginnen Sie mit der Gestaltung Ihres einzigartigen Plugins. <\/b><br> Finden Sie die bevorzugte Form und Aspekte des Plugins und \u00fcbernehmen Sie die \u00c4nderungen. <\/li> <li><b>Sie erhalten den individuellen Code, der in der Box auf Elfsight Apps angezeigt wird. <\/b><br> Sobald die Installation Ihres Plugins abgeschlossen ist, kopieren Sie den einzelnen Code im angezeigten Fenster und speichern Sie ihn f\u00fcr eine sp\u00e4tere Verwendung. <\/li> <li><b>Erste Schritte mit der Verwendung des Plugins auf Ihrer Weebly-Site. <\/b><br> F\u00fcgen Sie den Code, den Sie k\u00fcrzlich kopiert haben, in Ihre Homepage ein und wenden Sie die Verbesserungen an. <\/li> <li><b>Du bist fertig! Die Einbettung ist vollst\u00e4ndig beendet. <\/b><br> Besuchen Sie Ihre Website, um einen Blick auf die Leistung des Plugins zu werfen. <\/li><\/ol> <p>Sollten Sie Probleme haben, wenden Sie sich bitte an unser Support-Team. Unsere Spezialisten helfen Ihnen gerne bei allen Problemen mit dem Produkt.<\/p><\/div>\n","protected":false},"excerpt":{"rendered":"","protected":false},"author":9,"featured_media":0,"parent":106,"menu_order":0,"comment_status":"closed","ping_status":"closed","template":"templates\/template-application-platform.php","meta":{"publish_to_discourse":"","publish_post_category":"","wpdc_auto_publish_overridden":"","wpdc_topic_tags":"","wpdc_pin_topic":"","wpdc_pin_until":"","discourse_post_id":"","discourse_permalink":"","wpdc_publishing_response":"","wpdc_publishing_error":"","footnotes":""},"class_list":["post-6692","page","type-page","status-publish","hentry"],"yoast_head":"<!-- This site is optimized with the Yoast SEO plugin v25.3.1 - https:\/\/yoast.com\/wordpress\/plugins\/seo\/ -->\n<title>Weebly YouTube-App<\/title>\n<meta name=\"description\" content=\"Das YouTube-Plugin von Weebly bettet jedes Video von YouTube in Ihre Website ein. Binden Sie Besucher ein und steigern Sie die Konversion. Einfache und \u00fcbersichtliche Installation ist an Bord!\" \/>\n<meta name=\"robots\" content=\"index, follow, max-snippet:-1, max-image-preview:large, max-video-preview:-1\" \/>\n<link rel=\"canonical\" href=\"https:\/\/elfsight.com\/de\/youtube-channel-plugin-yottie\/weebly\/\" \/>\n<meta property=\"og:locale\" content=\"de_DE\" \/>\n<meta property=\"og:type\" content=\"article\" \/>\n<meta property=\"og:title\" content=\"Weebly YouTube-App\" \/>\n<meta property=\"og:description\" content=\"Das YouTube-Plugin von Weebly bettet jedes Video von YouTube in Ihre Website ein. Binden Sie Besucher ein und steigern Sie die Konversion. Einfache und \u00fcbersichtliche Installation ist an Bord!\" \/>\n<meta property=\"og:url\" content=\"https:\/\/elfsight.com\/de\/youtube-channel-plugin-yottie\/weebly\/\" \/>\n<meta property=\"og:site_name\" content=\"Elfsight DE\" \/>\n<meta property=\"article:modified_time\" content=\"2025-01-13T13:40:34+00:00\" \/>\n<meta name=\"twitter:card\" content=\"summary_large_image\" \/>\n<meta name=\"twitter:label1\" content=\"Gesch\u00e4tzte Lesezeit\" \/>\n\t<meta name=\"twitter:data1\" content=\"3\u00a0Minuten\" \/>\n<!-- \/ Yoast SEO plugin. -->","yoast_head_json":{"title":"Weebly YouTube-App","description":"Das YouTube-Plugin von Weebly bettet jedes Video von YouTube in Ihre Website ein. Binden Sie Besucher ein und steigern Sie die Konversion. Einfache und \u00fcbersichtliche Installation ist an Bord!","robots":{"index":"index","follow":"follow","max-snippet":"max-snippet:-1","max-image-preview":"max-image-preview:large","max-video-preview":"max-video-preview:-1"},"canonical":"https:\/\/elfsight.com\/de\/youtube-channel-plugin-yottie\/weebly\/","og_locale":"de_DE","og_type":"article","og_title":"Weebly YouTube-App","og_description":"Das YouTube-Plugin von Weebly bettet jedes Video von YouTube in Ihre Website ein. Binden Sie Besucher ein und steigern Sie die Konversion. Einfache und \u00fcbersichtliche Installation ist an Bord!","og_url":"https:\/\/elfsight.com\/de\/youtube-channel-plugin-yottie\/weebly\/","og_site_name":"Elfsight DE","article_modified_time":"2025-01-13T13:40:34+00:00","twitter_card":"summary_large_image","twitter_misc":{"Gesch\u00e4tzte Lesezeit":"3\u00a0Minuten"},"schema":{"@context":"https:\/\/schema.org","@graph":[{"@type":"WebPage","@id":"https:\/\/elfsight.com\/de\/youtube-channel-plugin-yottie\/weebly\/","url":"https:\/\/elfsight.com\/de\/youtube-channel-plugin-yottie\/weebly\/","name":"Weebly YouTube-App","isPartOf":{"@id":"https:\/\/elfsight.com\/de\/#website"},"datePublished":"1970-01-01T00:00:00+00:00","dateModified":"2025-01-13T13:40:34+00:00","description":"Das YouTube-Plugin von Weebly bettet jedes Video von YouTube in Ihre Website ein. Binden Sie Besucher ein und steigern Sie die Konversion. Einfache und \u00fcbersichtliche Installation ist an Bord!","breadcrumb":{"@id":"https:\/\/elfsight.com\/de\/youtube-channel-plugin-yottie\/weebly\/#breadcrumb"},"inLanguage":"de","potentialAction":[{"@type":"ReadAction","target":["https:\/\/elfsight.com\/de\/youtube-channel-plugin-yottie\/weebly\/"]}]},{"@type":"BreadcrumbList","@id":"https:\/\/elfsight.com\/de\/youtube-channel-plugin-yottie\/weebly\/#breadcrumb","itemListElement":[{"@type":"ListItem","position":1,"name":"Home","item":"https:\/\/elfsight.com\/de\/"},{"@type":"ListItem","position":2,"name":"YouTube Gallery","item":"https:\/\/elfsight.com\/de\/youtube-channel-plugin-yottie\/"},{"@type":"ListItem","position":3,"name":"YouTube Gallery &#8211; Weebly"}]},{"@type":"WebSite","@id":"https:\/\/elfsight.com\/de\/#website","url":"https:\/\/elfsight.com\/de\/","name":"Elfsight DE","description":"Just another Elfsight Sites site","potentialAction":[{"@type":"SearchAction","target":{"@type":"EntryPoint","urlTemplate":"https:\/\/elfsight.com\/de\/?s={search_term_string}"},"query-input":{"@type":"PropertyValueSpecification","valueRequired":true,"valueName":"search_term_string"}}],"inLanguage":"de"}]}},"meta_box":{"industry":"","seo_heading":"","heading":"","description":"","cta_heading":"","cta_description":"","application":"98","h1":"YouTube-Galerie-App f\u00fcr Weebly","h1_caption":"Betten Sie m\u00fchelos eine Galerie mit YouTube-Videos ein, um Inhalte wie Tutorials, Erfahrungsberichte oder Produktpr\u00e4sentationen auf Ihrer Website in Ihre Weebly-Website einzuf\u00fcgen.","application_category":[],"applications_title":"","applications_request_title":"","applications_request_button_text":"","hero_text":"","hero_video":"","hero_video_schema_markup":"","selling_points_title":"","selling_points_caption":"","selling_points":[],"selling_points_cta_text":"","features_title":"","features":"","ed_cta_examples_text":"","ed_cta_examples_hidden":"","ed_cta_demo_text":"","ed_cta_demo_hidden":"","why_caption":"","why_editor_title":"","why_editor_text":"","why_team_title":"","why_team_text":"","why_service_title":"","why_service_text":"","template_catalog_visible":"0","template_catalog_title":"","template_catalog_text":"","template_catalog_categories_visible":"","demo_title":"Erstellen Sie Ihre YouTube-Galerie-App","demo_caption":"Konfigurieren Sie Ihre YouTube-Galerie und f\u00fcgen Sie sie kostenlos zu Ihrer Weebly-Website hinzu!","default_faq_hidden":"","app_template_category":[],"platform":"249","template_public_id":"","codecanyon_url":"","codecanyon_item_id":"","codecanyon_price":"","pricing_caption":"","pricing_elfsight_apps_hide_column":"","pricing_elfsight_apps_url":"","pricing_codecanyon_price_caption":"","integration_category":[],"integration_request_title":"","integration_request_cta":"","integration_platform":"","integrations":[],"platform_category":[],"video_schema_markup":"","price":"ab 0 $ \/ Monat","trial":"","benefits":[{"text":"Kostenlose Installationshilfe"},{"text":"Effektiver Kundenservice"},{"text":"14-t\u00e4gige R\u00fcckerstattungsgarantie"},{"text":"Regelm\u00e4\u00dfige kostenlose Verbesserungen"}],"button_url":"#demo","button_target_blank":"0","button_nofollow":"0","attributes":[{"name":"Installiert","content":"100,000 - 500,000","_state":"expanded"},{"name":"Reaktionsfreudig","content":"Ja","_state":"expanded"},{"name":"Kompatible Browser","content":"Firefox, Safari, Opera, Chrome, Edge"}],"tags":[],"tags_disable_links":"1","hide_more_platforms":"","video_object":"","demo_hide_cta":"0","demo_hide_cloud_options":"0","pricing_title":"","pricing":[{"pricing_icon":"platform","pricing_title":"Elfsight Apps","pricing_title_caption":"Plattformunabh\u00e4ngige Version, die f\u00fcr jede Site geeignet ist","pricing_price":"ab 0 $ \/ Monat","pricing_price_caption":"Beginnen Sie mit einem kostenlosen 7-Tage-Plan","pricing_benefits":[{"text":"Unbegrenzte Websites"},{"text":"Professionelle Unterst\u00fctzung"},{"text":"Kostenloser Installationsservice"},{"text":"Sonderpreis f\u00fcr mehrere Apps"}],"pricing_button_text":"Zur Website hinzuf\u00fcgen","pricing_button_url":"#demo","_state":"expanded"}],"related_apps_title":"","related_apps_hidden":"1","author":"","image":[],"title":"","job":"","social_networks":[]},"_links":{"self":[{"href":"https:\/\/elfsight.com\/de\/wp-json\/wp\/v2\/pages\/6692","targetHints":{"allow":["GET"]}}],"collection":[{"href":"https:\/\/elfsight.com\/de\/wp-json\/wp\/v2\/pages"}],"about":[{"href":"https:\/\/elfsight.com\/de\/wp-json\/wp\/v2\/types\/page"}],"author":[{"embeddable":true,"href":"https:\/\/elfsight.com\/de\/wp-json\/wp\/v2\/users\/9"}],"replies":[{"embeddable":true,"href":"https:\/\/elfsight.com\/de\/wp-json\/wp\/v2\/comments?post=6692"}],"version-history":[{"count":5,"href":"https:\/\/elfsight.com\/de\/wp-json\/wp\/v2\/pages\/6692\/revisions"}],"predecessor-version":[{"id":23542,"href":"https:\/\/elfsight.com\/de\/wp-json\/wp\/v2\/pages\/6692\/revisions\/23542"}],"up":[{"embeddable":true,"href":"https:\/\/elfsight.com\/de\/wp-json\/wp\/v2\/pages\/106"}],"wp:attachment":[{"href":"https:\/\/elfsight.com\/de\/wp-json\/wp\/v2\/media?parent=6692"}],"curies":[{"name":"wp","href":"https:\/\/api.w.org\/{rel}","templated":true}]}}