{"id":6690,"date":"1970-01-01T00:00:00","date_gmt":"1970-01-01T00:00:00","guid":{"rendered":"https:\/\/elfsight.com\/de\/?page_id=6690"},"modified":"2025-07-10T14:04:48","modified_gmt":"2025-07-10T14:04:48","slug":"webnode","status":"publish","type":"page","link":"https:\/\/elfsight.com\/de\/whatsapp-chat-widget\/webnode\/","title":{"rendered":"Whatsapp Chat &#8211; Webnode"},"content":{"rendered":"<div class=\"application-platform-content-item-description application-platform-content-item\" id=\"description\" data-nav-section=\"description\"> <h2>WhatsApp-Chat mit Elfsight-Widget einbetten<\/h2> <p>Das von Elfsight erstellte WhatsApp-Widget ist das einfachste Tool, mit dem die Leute Ihrer Website Sie erreichen k\u00f6nnen und bekommen Antworten auf ihre Fragen. Sie k\u00f6nnen rund um die Uhr f\u00fcr Ihre Kunden in ihrem beliebtesten Messenger erreichbar bleiben. F\u00fcgen Sie Chat auf der Website hinzu und lassen Sie ihn auf bestimmten Seiten oder nur f\u00fcr bestimmte Zielgruppenkategorien erscheinen, aktivieren Sie Start-Chat-Trigger, schreiben Sie Ihre benutzerdefinierte Willkommensnachricht, \u00e4ndern Sie Symbole und nehmen Sie andere Anpassungen vor. Durch die Verwendung des in die Webnode-Site eingebetteten Webnode-Chats bleiben Sie jederzeit und von \u00fcberall aus mit Ihren Benutzern in Kontakt.<\/p> <div class=\"faq\" data-component=\"FAQ\"> <div class=\"faq-item\">\r\n\t\t\t\t\t<div class=\"faq-item-question\">\r\n\t\t\t\t\t\t<h3 class=\"faq-item-question-text\">Wo kann ich es einf\u00fcgen?<\/h3>\r\n\r\n\t\t\t\t\t\t<div class=\"faq-item-question-icon\"><\/div>\r\n\t\t\t\t\t<\/div>\r\n\r\n\t\t\t\t\t<div class=\"faq-item-answer\">\r\n\t\t\t\t\t\t<div class=\"faq-item-answer-text\"> <p>Sie k\u00f6nnen einf\u00fcgen Das Widget auf alle Seiten Ihrer Website oder nur auf bestimmte Seiten anwenden. Eine andere M\u00f6glichkeit besteht darin, es auf bestimmte Seiten zu beschr\u00e4nken, wenn Sie das Widget dort nicht haben m\u00f6chten. <\/p> <\/div>\r\n\t\t\t\t\t<\/div>\r\n\t\t\t\t<\/div> <div class=\"faq-item\">\r\n\t\t\t\t\t<div class=\"faq-item-question\">\r\n\t\t\t\t\t\t<h3 class=\"faq-item-question-text\">Welche Vorteile kann es mir bringen?<\/h3>\r\n\r\n\t\t\t\t\t\t<div class=\"faq-item-question-icon\"><\/div>\r\n\t\t\t\t\t<\/div>\r\n\r\n\t\t\t\t\t<div class=\"faq-item-answer\">\r\n\t\t\t\t\t\t<div class=\"faq-item-answer-text\"> <p>Mit WhatsApp Chat k\u00f6nnen Benutzer Sie mit ihren Fragen, W\u00fcnschen oder Problemen kontaktieren. Dies kann dazu beitragen, die Anzahl der Leads und K\u00e4ufe zu erh\u00f6hen. Au\u00dferdem wird eine schnelle Reaktion und eine personalisierte Herangehensweise an Menschen die Qualit\u00e4t Ihrer Kundeninteraktion verbessern.<\/p> <\/div>\r\n\t\t\t\t\t<\/div>\r\n\t\t\t\t<\/div> <div class=\"faq-item\">\r\n\t\t\t\t\t<div class=\"faq-item-question\">\r\n\t\t\t\t\t\t<h3 class=\"faq-item-question-text\">Was ben\u00f6tige ich, um den Chat auf meiner Website einzubetten?<\/h3>\r\n\r\n\t\t\t\t\t\t<div class=\"faq-item-question-icon\"><\/div>\r\n\t\t\t\t\t<\/div>\r\n\r\n\t\t\t\t\t<div class=\"faq-item-answer\">\r\n\t\t\t\t\t\t<div class=\"faq-item-answer-text\"> <p>Es dauert nur Es dauert nur zwei Minuten, bis das Widget betriebsbereit ist. Es ist superschnell, kostenlos und ohne Programmierung. <\/p> <p>Es besteht die M\u00f6glichkeit, das Widget direkt \u00fcber unseren Service in die Webseite einzuf\u00fchren. Verwenden Sie einfach die kurze Beschreibung unten auf dieser Seite.<\/p><\/div>\r\n\t\t\t\t\t<\/div>\r\n\t\t\t\t<\/div> <\/div> <\/div> <div class=\"application-platform-content-item-features application-platform-content-item\" id=\"features\" data-nav-section=\"features\"> <h2>Hauptfunktionen des WhatsApp Chat Widget<\/h2> <p> Um sich einen umfassenden \u00dcberblick \u00fcber den Live-Chat zu verschaffen, sehen Sie sich die Liste seiner Hauptmerkmale an. Sie machen das Widget f\u00fcr Ihren Shop wirklich effektiv: <\/p> <ul><li>Betten Sie den WhatsApp-Messenger in Ihre Website ein, um mit den Zuschauern in Verbindung zu bleiben; <\/li><li>Reagieren Sie auf Nachrichten direkt von Ihrem WhatsApp-Konto aus; <\/li><li>Verwenden Sie 3 Arten von Chat-Layouts: schwebende Blase, eingebettete Blase und eingebettetes Chat-Fenster; <\/li><li>Entdecken Sie eine Bibliothek mit Blasensymbolen zur Auswahl| W\u00e4hlen Sie Ihre Blasensymbolvariante aus der Sammlung der verf\u00fcgbaren Symbole aus. <\/li><li>Bearbeitbarer Blasentext. <\/li><\/ul><p><a href=\"#demo\">Um alle Funktionen zu entdecken, sehen Sie sich die Live-Demo an<\/a><\/p> <\/div> <div class=\"application-platform-content-item-installation application-platform-content-item\" id=\"installation\" data-nav-section=\"installation\"> <h2>So f\u00fcgen Sie WhatsApp Chat zu Ihrer Webnode-Website hinzu<\/h2> <p> Zum Einbetten sind nur ein paar einfache Schritte erforderlich. <\/p> <ul><li><b>Erstellen Sie Ihren ma\u00dfgeschneiderten Live-Chat<\/b><br> Gestalten Sie mit unserer kostenlosen Demo ein Plugin mit individuellem Design und funktionalen Eigenschaften.<\/li><li><b>Holen Sie sich den individuellen Code zur Integration des Widgets<\/b><br> Nachdem Sie Ihr Plugin eingerichtet haben, erhalten Sie den Installationscode aus dem erscheinenden Fenster auf Elfsight Apps. Kopiere diesen Code. <\/li> <li><b>Integrieren Sie das Chat-Widget auf Ihrer Webnode-Site<\/b><br> W\u00e4hlen Sie den Ort aus, an dem Sie das Plugin anzeigen m\u00f6chten, und f\u00fcgen Sie dort den gespeicherten Code ein. Ver\u00f6ffentlichen Sie die \u00c4nderungen. <\/li> <li><b>Sie haben die Installation erfolgreich durchgef\u00fchrt<\/b><br> Besuchen Sie die Website, um Ihre Arbeit zu sehen.<\/li> <\/ul><p>Immer noch unruhig? Oder \u00fcber irgendetwas gestolpert? Mit nur einer einzigen Anfrage an unser Support-Team k\u00f6nnen alle Probleme gel\u00f6st werden.<\/p> <\/div><div class=\"faq\" data-component=\"FAQ\"><div class=\"faq-item\">\r\n\t\t\t\t\t<div class=\"faq-item-question\">\r\n\t\t\t\t\t\t<h3 class=\"faq-item-question-text\">So f\u00fcge ich WhatsApp Chat zu meiner Webnode-Website hinzu ohne Programmierkenntnisse?<\/h3>\r\n\r\n\t\t\t\t\t\t<div class=\"faq-item-question-icon\"><\/div>\r\n\t\t\t\t\t<\/div>\r\n\r\n\t\t\t\t\t<div class=\"faq-item-answer\">\r\n\t\t\t\t\t\t<div class=\"faq-item-answer-text\"><p>Das Unternehmen Elfsight stellt eine SaaS-L\u00f6sung vor, mit der Benutzer selbst ein WhatsApp-Chat-Widget erstellen k\u00f6nnen. Sehen Sie sich die einfachen Schritte an: <\/p><ul><li>Gehen Sie zur Live-Demo, um einen WhatsApp-Chat einzurichten Plugin, das Sie auf der Webnode-Homepage hinzuf\u00fcgen m\u00f6chten.<\/li><li>W\u00e4hlen Sie eine unserer vorgefertigten Vorlagen und passen Sie die WhatsApp-Chat-Einstellungen an, aktualisieren Sie Ihre Inhalte, \u00e4ndern Sie das Layout und das Farbschema ohne Codierung.<\/li><li> Speichern Sie den WhatsApp-Chat und erhalten Sie den Code f\u00fcr die Installation, der einfach und kostenlos in die Webnode-Site eingebunden werden kann. <\/li><\/ul><p>Mit unserem unkomplizierten Konfigurator kann jeder Webbenutzer WhatsApp Chat online einrichten und ihn m\u00fchelos auf jeder Webnode-Site einf\u00fcgen. Sie m\u00fcssen weder bezahlen noch Ihre Kartendaten eingeben, um den Elfsight-Service zu nutzen. Wenn Sie auf Probleme jeglicher Art sto\u00dfen, z\u00f6gern Sie nicht, unser technisches Support-Team zu kontaktieren.<\/p><\/div>\r\n\t\t\t\t\t<\/div>\r\n\t\t\t\t<\/div><\/div>","protected":false},"excerpt":{"rendered":"","protected":false},"author":9,"featured_media":0,"parent":146,"menu_order":0,"comment_status":"closed","ping_status":"closed","template":"templates\/template-application-platform.php","meta":{"publish_to_discourse":"","publish_post_category":"","wpdc_auto_publish_overridden":"","wpdc_topic_tags":"","wpdc_pin_topic":"","wpdc_pin_until":"","discourse_post_id":"","discourse_permalink":"","wpdc_publishing_response":"","wpdc_publishing_error":"","footnotes":""},"class_list":["post-6690","page","type-page","status-publish","hentry"],"yoast_head":"<!-- This site is optimized with the Yoast SEO plugin v25.3.1 - https:\/\/yoast.com\/wordpress\/plugins\/seo\/ -->\n<title>WhatsApp-Chat-Widget zur Webnode-Website hinzuf\u00fcgen (einfach und schnell)<\/title>\n<meta name=\"description\" content=\"Richten Sie das WhatsApp-Live-Chat-Widget auf Webnode in nur 2 Minuten ein. Entdecken Sie alle Hauptmerkmale des besten Chat-Plugins in einer kostenlosen Demo.\" \/>\n<meta name=\"robots\" content=\"index, follow, max-snippet:-1, max-image-preview:large, max-video-preview:-1\" \/>\n<link rel=\"canonical\" href=\"https:\/\/elfsight.com\/de\/whatsapp-chat-widget\/webnode\/\" \/>\n<meta property=\"og:locale\" content=\"de_DE\" \/>\n<meta property=\"og:type\" content=\"article\" \/>\n<meta property=\"og:title\" content=\"WhatsApp-Chat-Widget zur Webnode-Website hinzuf\u00fcgen (einfach und schnell)\" \/>\n<meta property=\"og:description\" content=\"Richten Sie das WhatsApp-Live-Chat-Widget auf Webnode in nur 2 Minuten ein. Entdecken Sie alle Hauptmerkmale des besten Chat-Plugins in einer kostenlosen Demo.\" \/>\n<meta property=\"og:url\" content=\"https:\/\/elfsight.com\/de\/whatsapp-chat-widget\/webnode\/\" \/>\n<meta property=\"og:site_name\" content=\"Elfsight DE\" \/>\n<meta property=\"article:modified_time\" content=\"2025-07-10T14:04:48+00:00\" \/>\n<meta name=\"twitter:card\" content=\"summary_large_image\" \/>\n<meta name=\"twitter:label1\" content=\"Gesch\u00e4tzte Lesezeit\" \/>\n\t<meta name=\"twitter:data1\" content=\"1\u00a0Minute\" \/>\n<!-- \/ Yoast SEO plugin. -->","yoast_head_json":{"title":"WhatsApp-Chat-Widget zur Webnode-Website hinzuf\u00fcgen (einfach und schnell)","description":"Richten Sie das WhatsApp-Live-Chat-Widget auf Webnode in nur 2 Minuten ein. Entdecken Sie alle Hauptmerkmale des besten Chat-Plugins in einer kostenlosen Demo.","robots":{"index":"index","follow":"follow","max-snippet":"max-snippet:-1","max-image-preview":"max-image-preview:large","max-video-preview":"max-video-preview:-1"},"canonical":"https:\/\/elfsight.com\/de\/whatsapp-chat-widget\/webnode\/","og_locale":"de_DE","og_type":"article","og_title":"WhatsApp-Chat-Widget zur Webnode-Website hinzuf\u00fcgen (einfach und schnell)","og_description":"Richten Sie das WhatsApp-Live-Chat-Widget auf Webnode in nur 2 Minuten ein. Entdecken Sie alle Hauptmerkmale des besten Chat-Plugins in einer kostenlosen Demo.","og_url":"https:\/\/elfsight.com\/de\/whatsapp-chat-widget\/webnode\/","og_site_name":"Elfsight DE","article_modified_time":"2025-07-10T14:04:48+00:00","twitter_card":"summary_large_image","twitter_misc":{"Gesch\u00e4tzte Lesezeit":"1\u00a0Minute"},"schema":{"@context":"https:\/\/schema.org","@graph":[{"@type":"WebPage","@id":"https:\/\/elfsight.com\/de\/whatsapp-chat-widget\/webnode\/","url":"https:\/\/elfsight.com\/de\/whatsapp-chat-widget\/webnode\/","name":"WhatsApp-Chat-Widget zur Webnode-Website hinzuf\u00fcgen (einfach und schnell)","isPartOf":{"@id":"https:\/\/elfsight.com\/de\/#website"},"datePublished":"1970-01-01T00:00:00+00:00","dateModified":"2025-07-10T14:04:48+00:00","description":"Richten Sie das WhatsApp-Live-Chat-Widget auf Webnode in nur 2 Minuten ein. Entdecken Sie alle Hauptmerkmale des besten Chat-Plugins in einer kostenlosen Demo.","breadcrumb":{"@id":"https:\/\/elfsight.com\/de\/whatsapp-chat-widget\/webnode\/#breadcrumb"},"inLanguage":"de","potentialAction":[{"@type":"ReadAction","target":["https:\/\/elfsight.com\/de\/whatsapp-chat-widget\/webnode\/"]}]},{"@type":"BreadcrumbList","@id":"https:\/\/elfsight.com\/de\/whatsapp-chat-widget\/webnode\/#breadcrumb","itemListElement":[{"@type":"ListItem","position":1,"name":"Home","item":"https:\/\/elfsight.com\/de\/"},{"@type":"ListItem","position":2,"name":"WhatsApp Chat","item":"https:\/\/elfsight.com\/de\/whatsapp-chat-widget\/"},{"@type":"ListItem","position":3,"name":"Whatsapp Chat &#8211; Webnode"}]},{"@type":"WebSite","@id":"https:\/\/elfsight.com\/de\/#website","url":"https:\/\/elfsight.com\/de\/","name":"Elfsight DE","description":"Just another Elfsight Sites site","potentialAction":[{"@type":"SearchAction","target":{"@type":"EntryPoint","urlTemplate":"https:\/\/elfsight.com\/de\/?s={search_term_string}"},"query-input":{"@type":"PropertyValueSpecification","valueRequired":true,"valueName":"search_term_string"}}],"inLanguage":"de"}]}},"meta_box":{"industry":"","seo_heading":"","heading":"","description":"","cta_heading":"","cta_description":"","application":"139","h1":"Webnode WhatsApp Chat-Widget","h1_caption":"Geben Sie Benutzern die M\u00f6glichkeit, Sie \u00fcber WhatsApp zu kontaktieren, und sorgen Sie so f\u00fcr die schnellste und bequemste Interaktion Ihrer Website-Besucher mit Ihrer Webnode-Website.","application_category":[],"applications_title":"","applications_request_title":"","applications_request_button_text":"","hero_text":"","hero_video":"","hero_video_schema_markup":"","selling_points_title":"","selling_points_caption":"","selling_points":[],"selling_points_cta_text":"","features_title":"","features":"","ed_cta_examples_text":"","ed_cta_examples_hidden":"","ed_cta_demo_text":"","ed_cta_demo_hidden":"","why_caption":"","why_editor_title":"","why_editor_text":"","why_team_title":"","why_team_text":"","why_service_title":"","why_service_text":"","template_catalog_visible":"","template_catalog_title":"","template_catalog_text":"","template_catalog_categories_visible":"","demo_title":"Erstellen Sie Ihr WhatsApp-Chat-Widget","demo_caption":"Konfigurieren Sie Ihren WhatsApp-Chat und f\u00fcgen Sie ihn kostenlos zu Ihrer Webnode-Website hinzu!","default_faq_hidden":"","app_template_category":[],"platform":"248","template_public_id":"","codecanyon_url":"","codecanyon_item_id":"","codecanyon_price":"","pricing_caption":"","pricing_elfsight_apps_hide_column":"","pricing_elfsight_apps_url":"","pricing_codecanyon_price_caption":"","integration_category":[],"integration_request_title":"","integration_request_cta":"","integration_platform":"","integrations":[],"platform_category":[],"video_schema_markup":"","price":"ab 0 $ \/ Monat","trial":"","benefits":[{"text":"Kostenloser Installationsservice"},{"text":"Kompetenter Kundensupport"},{"text":"14-t\u00e4gige R\u00fcckerstattungsgarantie"},{"text":"St\u00e4ndige Aktualisierung"}],"button_url":"#demo","button_target_blank":"0","button_nofollow":"0","attributes":[{"name":"Installiert","content":"100,000 - 500,000","_state":"expanded"},{"name":"Reaktionsfreudig","content":"Ja","_state":"expanded"},{"name":"Kompatible Browser","content":"Firefox, Safari, Opera, Chrome, Edge"}],"tags":[],"tags_disable_links":"1","hide_more_platforms":"","video_object":"","demo_hide_cta":"0","demo_hide_cloud_options":"0","pricing_title":"","pricing":[{"pricing_icon":"platform","pricing_title":"Elfsight Apps","pricing_title_caption":"Plattform\u00fcbergreifende Software, die auf jeder Website funktioniert","pricing_price":"ab 0 $ \/ Monat","pricing_price_caption":"Beginnen Sie mit einem kostenlosen Plan","pricing_benefits":[{"text":"Unbegrenzte Domains"},{"text":"Schneller Support und gut dokumentiert"},{"text":"Kostenlose Installationsunterst\u00fctzung"},{"text":"Sonderpreis f\u00fcr mehrere Apps"}],"pricing_button_text":"Zur Website hinzuf\u00fcgen","pricing_button_url":"#demo","_state":"expanded"}],"related_apps_title":"","related_apps_hidden":"1","author":"","image":[],"title":"","job":"","social_networks":[]},"_links":{"self":[{"href":"https:\/\/elfsight.com\/de\/wp-json\/wp\/v2\/pages\/6690","targetHints":{"allow":["GET"]}}],"collection":[{"href":"https:\/\/elfsight.com\/de\/wp-json\/wp\/v2\/pages"}],"about":[{"href":"https:\/\/elfsight.com\/de\/wp-json\/wp\/v2\/types\/page"}],"author":[{"embeddable":true,"href":"https:\/\/elfsight.com\/de\/wp-json\/wp\/v2\/users\/9"}],"replies":[{"embeddable":true,"href":"https:\/\/elfsight.com\/de\/wp-json\/wp\/v2\/comments?post=6690"}],"version-history":[{"count":3,"href":"https:\/\/elfsight.com\/de\/wp-json\/wp\/v2\/pages\/6690\/revisions"}],"predecessor-version":[{"id":21119,"href":"https:\/\/elfsight.com\/de\/wp-json\/wp\/v2\/pages\/6690\/revisions\/21119"}],"up":[{"embeddable":true,"href":"https:\/\/elfsight.com\/de\/wp-json\/wp\/v2\/pages\/146"}],"wp:attachment":[{"href":"https:\/\/elfsight.com\/de\/wp-json\/wp\/v2\/media?parent=6690"}],"curies":[{"name":"wp","href":"https:\/\/api.w.org\/{rel}","templated":true}]}}