{"id":6674,"date":"1970-01-01T00:00:00","date_gmt":"1970-01-01T00:00:00","guid":{"rendered":"https:\/\/elfsight.com\/de\/?page_id=6674"},"modified":"2025-01-10T13:21:56","modified_gmt":"2025-01-10T13:21:56","slug":"weebly","status":"publish","type":"page","link":"https:\/\/elfsight.com\/de\/whatsapp-chat-widget\/weebly\/","title":{"rendered":"Whatsapp Chat &#8211; Weebly"},"content":{"rendered":"\n<div class=\"application-platform-content-item-description application-platform-content-item\" id=\"description\" data-nav-section=\"description\"> \n<h2>WhatsApp-Chat mit dem Elfsight-Widget einbetten<\/h2> \n<p>Die WhatsApp-App von Elfsight ist eine nahtlose M\u00f6glichkeit, wie Ihre Website-Besucher mit Ihnen in Kontakt treten und ihre Fragen beantwortet bekommen k\u00f6nnen. Seien Sie jederzeit f\u00fcr Ihre Kunden in ihrem bevorzugten Messenger erreichbar, ganz gleich, wo Sie sich befinden. F\u00fcgen Sie den Chat in Ihrem Shop ein und w\u00e4hlen Sie, dass er auf bestimmten Seiten oder f\u00fcr bestimmte Besuchergruppen angezeigt wird, legen Sie Start-Chat-Trigger fest, verfassen Sie Ihre pers\u00f6nliche Willkommensnachricht, w\u00e4hlen Sie Symbole und vieles mehr. Mit dem Weebly-Chat, der auf Ihrer Website installiert ist, bleiben Sie jederzeit und von \u00fcberall mit Ihrer Kundschaft verbunden.<\/p> \n<div class=\"faq\" data-component=\"FAQ\"> \n<div class=\"faq-item\">\r\n\t\t\t\t\t<div class=\"faq-item-question\">\r\n\t\t\t\t\t\t<h3 class=\"faq-item-question-text\">Wo kann ich das Widget installieren?<\/h3>\r\n\r\n\t\t\t\t\t\t<div class=\"faq-item-question-icon\"><\/div>\r\n\t\t\t\t\t<\/div>\r\n\r\n\t\t\t\t\t<div class=\"faq-item-answer\">\r\n\t\t\t\t\t\t<div class=\"faq-item-answer-text\"> \n<p>Das Widget kann auf jeder Seite Ihrer Website angezeigt werden oder nur auf bestimmten Seiten. Sie k\u00f6nnen auch Seiten ausschlie\u00dfen, auf denen das Widget nicht angezeigt werden soll.<\/p> \n<\/div>\r\n\t\t\t\t\t<\/div>\r\n\t\t\t\t<\/div> \n<div class=\"faq-item\">\r\n\t\t\t\t\t<div class=\"faq-item-question\">\r\n\t\t\t\t\t\t<h3 class=\"faq-item-question-text\">Wie profitiere ich von WhatsApp?<\/h3>\r\n\r\n\t\t\t\t\t\t<div class=\"faq-item-question-icon\"><\/div>\r\n\t\t\t\t\t<\/div>\r\n\r\n\t\t\t\t\t<div class=\"faq-item-answer\">\r\n\t\t\t\t\t\t<div class=\"faq-item-answer-text\"> \n<p>Das Widget hilft, mehr Kunden anzusprechen, die mit ihren Fragen, Anfragen oder Problemen auf Sie zukommen. Es kann helfen, die Anzahl der Leads und Verk\u00e4ufe zu steigern. Au\u00dferdem wird die schnelle Antwort und der individuelle Ansatz das Niveau Ihres Kundenservices erh\u00f6hen.<\/p> \n<\/div>\r\n\t\t\t\t\t<\/div>\r\n\t\t\t\t<\/div> \n<div class=\"faq-item\">\r\n\t\t\t\t\t<div class=\"faq-item-question\">\r\n\t\t\t\t\t\t<h3 class=\"faq-item-question-text\">Wie installiere ich den WhatsApp-Chat?<\/h3>\r\n\r\n\t\t\t\t\t\t<div class=\"faq-item-question-icon\"><\/div>\r\n\t\t\t\t\t<\/div>\r\n\r\n\t\t\t\t\t<div class=\"faq-item-answer\">\r\n\t\t\t\t\t\t<div class=\"faq-item-answer-text\"> \n<p>Sie ben\u00f6tigen nur zwei Minuten, um das Widget einzurichten. Die Einbettung ist sehr schnell, kostenlos und ohne Programmierkenntnisse.<\/p> \n<p>Das Widget kann entweder \u00fcber unseren Service oder \u00fcber den Marktplatz auf Ihrer Website installiert werden. Sie k\u00f6nnen die beiden Optionen ansehen und entscheiden, welche f\u00fcr Sie am besten geeignet ist.<\/p> \n<\/div>\r\n\t\t\t\t\t<\/div>\r\n\t\t\t\t<\/div> \n<\/div> \n<\/div>\n\n\n<div class=\"application-platform-content-item-features application-platform-content-item\" id=\"features\" data-nav-section=\"features\"> \n<h2>Hauptfunktionen des WhatsApp-Chat-Widgets<\/h2> \n<p>Um ein besseres Verst\u00e4ndnis f\u00fcr den Live-Chat zu bekommen, sehen Sie sich die Liste der wichtigsten Funktionen an. Diese machen die App wirklich effektiv f\u00fcr Sie: <\/p> \n<ul>\n<li>F\u00fcgen Sie den WhatsApp-Messenger auf Ihrer Website hinzu, um mit Ihren Kunden in Kontakt zu bleiben;<\/li>\n<li>Antworten Sie direkt von Ihrem WhatsApp-Konto;<\/li>\n<li>W\u00e4hlen Sie zwischen 3 Layout-Optionen f\u00fcr den Chat: als schwebende Blase, eingebettete Blase oder eingebettetes Chat-Fenster;<\/li>\n<li>Entdecken Sie eine Bibliothek mit Symbolen f\u00fcr die Chat-Blase;<\/li>\n<li>Geben Sie Ihren eigenen Text f\u00fcr die Chat-Blase ein.<\/li>\n<\/ul>\n<p><a href=\"#demo\">Sehen Sie sich eine vollst\u00e4ndige Liste der Funktionen in unserer Live-Demo an<\/a><\/p> \n<\/div>\n\n\n<div class=\"application-platform-content-item-installation application-platform-content-item\" id=\"installation\" data-nav-section=\"installation\"> \n<h2>So f\u00fcgen Sie die Live-Chat-App auf Ihrer Weebly-Website hinzu<\/h2>\n<div class=\"video-container\">\n<iframe width=\"720\" height=\"405\" src=\"https:\/\/www.youtube.com\/embed\/QRSWqCNO_jE\" frameborder=\"0\" allowfullscreen=\"\"><\/iframe>\n<\/div>\n<p>Die folgenden Schritte sind alles, was Sie ben\u00f6tigen, um das Widget anzuzeigen.<\/p> \n<ol>\n<li><b>\u00d6ffnen Sie unsere kostenlose Demo und beginnen Sie, mit Ihrer ma\u00dfgeschneiderten App zu arbeiten. <\/b><br> \nW\u00e4hlen Sie die bevorzugte Anordnung und Optionen der App und speichern Sie alle \u00c4nderungen.<\/li> \n <li><b>Kopieren Sie den einzigartigen Code, der im speziellen Formular auf Elfsight Apps angezeigt wird. <\/b><br> \nSobald die Anpassung Ihrer pers\u00f6nlichen App abgeschlossen ist, kopieren Sie den Code aus dem Popup und speichern Sie ihn f\u00fcr die sp\u00e4tere Verwendung.<\/li> \n <li><b>Beginnen Sie mit der Verwendung der App auf Ihrer Weebly-Webseite. <\/b><br> \nF\u00fcgen Sie den zuvor gespeicherten Code in Ihre Website ein und wenden Sie die \u00c4nderungen an.<\/li> \n <li><b>Fertig! Die Einrichtung ist abgeschlossen. <\/b><br> \nBesuchen Sie Ihre Website, um zu \u00fcberpr\u00fcfen, ob die App funktioniert.<\/li>\n<\/ol>\n\n<p>Haben Sie noch Fragen oder Probleme? Eine Anfrage an unser Kundenservice-Team gen\u00fcgt, und wir helfen Ihnen bei allen Fragen.<\/p> \n<\/div>\n\n<div class=\"faq\" data-component=\"FAQ\">\n<div class=\"faq-item\">\r\n\t\t\t\t\t<div class=\"faq-item-question\">\r\n\t\t\t\t\t\t<h3 class=\"faq-item-question-text\">Wie kann ich WhatsApp-Chat ohne Programmierkenntnisse zu meiner Weebly-Seite hinzuf\u00fcgen?<\/h3>\r\n\r\n\t\t\t\t\t\t<div class=\"faq-item-question-icon\"><\/div>\r\n\t\t\t\t\t<\/div>\r\n\r\n\t\t\t\t\t<div class=\"faq-item-answer\">\r\n\t\t\t\t\t\t<div class=\"faq-item-answer-text\">\n\n<p>\nDas Unternehmen Elfsight bietet eine Cloud-L\u00f6sung, mit der Benutzer selbst ein WhatsApp-Chat-Widget erstellen k\u00f6nnen. Erfahren Sie, wie einfach es ist:\n<\/p>\n\n<ul>\n<li>\nGehen Sie zum Live-Editor, um das WhatsApp-Chat-Widget zu erstellen, das Sie auf Ihrer Weebly-Website einbetten m\u00f6chten.\n<\/li>\n<li>\nW\u00e4hlen Sie eine unserer vorgefertigten Vorlagen und \u00e4ndern Sie die WhatsApp-Chat-Einstellungen, aktualisieren Sie Ihren Inhalt, \u00e4ndern Sie das Layout und die Farbe der Elemente ohne Programmierkenntnisse.\n<\/li>\n<li>\nSpeichern Sie den WhatsApp-Chat und erhalten Sie den Installationscode, den Sie problemlos auf Ihrer Weebly-Startseite hinzuf\u00fcgen k\u00f6nnen, ohne eine kostenpflichtige Version zu kaufen.\n<\/li>\n<\/ul>\n\n<p>\nMit dem einfachen Konfigurator kann jeder Internetnutzer ein WhatsApp-Chat-Widget erstellen und problemlos in seine Weebly-Website einf\u00fcgen. Sie m\u00fcssen keinen kostenpflichtigen Plan abschlie\u00dfen oder Ihre Kartendaten eingeben, um auf unseren Service zuzugreifen. Wenn Sie auf Probleme sto\u00dfen, wenden Sie sich bitte an unser Support-Team.\n<\/p>\n\n<\/div>\r\n\t\t\t\t\t<\/div>\r\n\t\t\t\t<\/div>\n<\/div> \n","protected":false},"excerpt":{"rendered":"","protected":false},"author":9,"featured_media":0,"parent":146,"menu_order":0,"comment_status":"closed","ping_status":"closed","template":"templates\/template-application-platform.php","meta":{"publish_to_discourse":"","publish_post_category":"","wpdc_auto_publish_overridden":"","wpdc_topic_tags":"","wpdc_pin_topic":"","wpdc_pin_until":"","discourse_post_id":"","discourse_permalink":"","wpdc_publishing_response":"","wpdc_publishing_error":"","footnotes":""},"class_list":["post-6674","page","type-page","status-publish","hentry"],"yoast_head":"<!-- This site is optimized with the Yoast SEO plugin v25.3.1 - https:\/\/yoast.com\/wordpress\/plugins\/seo\/ -->\n<title>WhatsApp-Live-Chat-App zur Weebly-Website hinzuf\u00fcgen (in 2 Minuten)<\/title>\n<meta name=\"description\" content=\"Richten Sie die WhatsApp Live Chat-App auf Weebly in nur 2 Minuten ein. Entdecken Sie alle Hauptmerkmale des besten Chat-Plugins in einer kostenlosen Demo.\" \/>\n<meta name=\"robots\" content=\"index, follow, max-snippet:-1, max-image-preview:large, max-video-preview:-1\" \/>\n<link rel=\"canonical\" href=\"https:\/\/elfsight.com\/de\/whatsapp-chat-widget\/weebly\/\" \/>\n<meta property=\"og:locale\" content=\"de_DE\" \/>\n<meta property=\"og:type\" content=\"article\" \/>\n<meta property=\"og:title\" content=\"WhatsApp-Live-Chat-App zur Weebly-Website hinzuf\u00fcgen (in 2 Minuten)\" \/>\n<meta property=\"og:description\" content=\"Richten Sie die WhatsApp Live Chat-App auf Weebly in nur 2 Minuten ein. Entdecken Sie alle Hauptmerkmale des besten Chat-Plugins in einer kostenlosen Demo.\" \/>\n<meta property=\"og:url\" content=\"https:\/\/elfsight.com\/de\/whatsapp-chat-widget\/weebly\/\" \/>\n<meta property=\"og:site_name\" content=\"Elfsight DE\" \/>\n<meta property=\"article:modified_time\" content=\"2025-01-10T13:21:56+00:00\" \/>\n<meta name=\"twitter:card\" content=\"summary_large_image\" \/>\n<meta name=\"twitter:label1\" content=\"Gesch\u00e4tzte Lesezeit\" \/>\n\t<meta name=\"twitter:data1\" content=\"4\u00a0Minuten\" \/>\n<!-- \/ Yoast SEO plugin. -->","yoast_head_json":{"title":"WhatsApp-Live-Chat-App zur Weebly-Website hinzuf\u00fcgen (in 2 Minuten)","description":"Richten Sie die WhatsApp Live Chat-App auf Weebly in nur 2 Minuten ein. Entdecken Sie alle Hauptmerkmale des besten Chat-Plugins in einer kostenlosen Demo.","robots":{"index":"index","follow":"follow","max-snippet":"max-snippet:-1","max-image-preview":"max-image-preview:large","max-video-preview":"max-video-preview:-1"},"canonical":"https:\/\/elfsight.com\/de\/whatsapp-chat-widget\/weebly\/","og_locale":"de_DE","og_type":"article","og_title":"WhatsApp-Live-Chat-App zur Weebly-Website hinzuf\u00fcgen (in 2 Minuten)","og_description":"Richten Sie die WhatsApp Live Chat-App auf Weebly in nur 2 Minuten ein. Entdecken Sie alle Hauptmerkmale des besten Chat-Plugins in einer kostenlosen Demo.","og_url":"https:\/\/elfsight.com\/de\/whatsapp-chat-widget\/weebly\/","og_site_name":"Elfsight DE","article_modified_time":"2025-01-10T13:21:56+00:00","twitter_card":"summary_large_image","twitter_misc":{"Gesch\u00e4tzte Lesezeit":"4\u00a0Minuten"},"schema":{"@context":"https:\/\/schema.org","@graph":[{"@type":"WebPage","@id":"https:\/\/elfsight.com\/de\/whatsapp-chat-widget\/weebly\/","url":"https:\/\/elfsight.com\/de\/whatsapp-chat-widget\/weebly\/","name":"WhatsApp-Live-Chat-App zur Weebly-Website hinzuf\u00fcgen (in 2 Minuten)","isPartOf":{"@id":"https:\/\/elfsight.com\/de\/#website"},"datePublished":"1970-01-01T00:00:00+00:00","dateModified":"2025-01-10T13:21:56+00:00","description":"Richten Sie die WhatsApp Live Chat-App auf Weebly in nur 2 Minuten ein. Entdecken Sie alle Hauptmerkmale des besten Chat-Plugins in einer kostenlosen Demo.","breadcrumb":{"@id":"https:\/\/elfsight.com\/de\/whatsapp-chat-widget\/weebly\/#breadcrumb"},"inLanguage":"de","potentialAction":[{"@type":"ReadAction","target":["https:\/\/elfsight.com\/de\/whatsapp-chat-widget\/weebly\/"]}]},{"@type":"BreadcrumbList","@id":"https:\/\/elfsight.com\/de\/whatsapp-chat-widget\/weebly\/#breadcrumb","itemListElement":[{"@type":"ListItem","position":1,"name":"Home","item":"https:\/\/elfsight.com\/de\/"},{"@type":"ListItem","position":2,"name":"WhatsApp Chat","item":"https:\/\/elfsight.com\/de\/whatsapp-chat-widget\/"},{"@type":"ListItem","position":3,"name":"Whatsapp Chat &#8211; Weebly"}]},{"@type":"WebSite","@id":"https:\/\/elfsight.com\/de\/#website","url":"https:\/\/elfsight.com\/de\/","name":"Elfsight DE","description":"Just another Elfsight Sites site","potentialAction":[{"@type":"SearchAction","target":{"@type":"EntryPoint","urlTemplate":"https:\/\/elfsight.com\/de\/?s={search_term_string}"},"query-input":{"@type":"PropertyValueSpecification","valueRequired":true,"valueName":"search_term_string"}}],"inLanguage":"de"}]}},"meta_box":{"industry":"","seo_heading":"","heading":"","description":"","cta_heading":"","cta_description":"","application":"139","h1":"Weebly WhatsApp Live-Chat-App","h1_caption":"Geben Sie Benutzern die M\u00f6glichkeit, Sie \u00fcber WhatsApp zu kontaktieren, und sorgen Sie so f\u00fcr die schnellste und bequemste Interaktion Ihrer Website-Besucher mit Ihrer Weebly-Website.","application_category":[],"applications_title":"","applications_request_title":"","applications_request_button_text":"","hero_text":"","hero_video":"","hero_video_schema_markup":"","selling_points_title":"","selling_points_caption":"","selling_points":[],"selling_points_cta_text":"","features_title":"","features":"","ed_cta_examples_text":"","ed_cta_examples_hidden":"","ed_cta_demo_text":"","ed_cta_demo_hidden":"","why_caption":"","why_editor_title":"","why_editor_text":"","why_team_title":"","why_team_text":"","why_service_title":"","why_service_text":"","template_catalog_visible":"0","template_catalog_title":"","template_catalog_text":"","template_catalog_categories_visible":"","demo_title":"Erstellen Sie Ihre WhatsApp-Chat-App","demo_caption":"Konfigurieren Sie Ihren WhatsApp-Chat und f\u00fcgen Sie ihn kostenlos zu Ihrer Weebly-Website hinzu!","default_faq_hidden":"","app_template_category":[],"platform":"249","template_public_id":"","codecanyon_url":"","codecanyon_item_id":"","codecanyon_price":"","pricing_caption":"","pricing_elfsight_apps_hide_column":"","pricing_elfsight_apps_url":"","pricing_codecanyon_price_caption":"","integration_category":[],"integration_request_title":"","integration_request_cta":"","integration_platform":"","integrations":[],"platform_category":[],"video_schema_markup":"","price":"ab 0 $ \/ Monat","trial":"","benefits":[{"text":"Kostenloser Installationsservice"},{"text":"Kompetenter Kundenservice"},{"text":"14-t\u00e4gige Geld-zur\u00fcck-Garantie"},{"text":"Fortlaufende Entwicklung"}],"button_url":"#demo","button_target_blank":"0","button_nofollow":"0","attributes":[{"name":"Installiert","content":"100,000 - 500,000","_state":"expanded"},{"name":"Reaktionsfreudig","content":"F\u00fcr Mobilger\u00e4te optimiert","_state":"expanded"},{"name":"Kompatible Browser","content":"Firefox, Safari, Opera, Chrome, Edge"}],"tags":[],"tags_disable_links":"1","hide_more_platforms":"","video_object":"","demo_hide_cta":"0","demo_hide_cloud_options":"0","pricing_title":"","pricing":[{"pricing_icon":"platform","pricing_title":"Elfsight Apps","pricing_title_caption":"Multiplattform-Software","pricing_price":"ab 0 $ \/ Monat","pricing_price_caption":"Beginnen Sie mit einem kostenlosen Plan","pricing_benefits":[{"text":"Unbegrenzte Domains"},{"text":"Engagierte Unternehmensunterst\u00fctzung und gut dokumentiert"},{"text":"Kostenlose Installationsunterst\u00fctzung"},{"text":"Vollst\u00e4ndig anpassbar"}],"pricing_button_text":"Zur Website hinzuf\u00fcgen","pricing_button_url":"#demo","_state":"expanded"}],"related_apps_title":"","related_apps_hidden":"1","author":"","image":[],"title":"","job":"","social_networks":[]},"_links":{"self":[{"href":"https:\/\/elfsight.com\/de\/wp-json\/wp\/v2\/pages\/6674","targetHints":{"allow":["GET"]}}],"collection":[{"href":"https:\/\/elfsight.com\/de\/wp-json\/wp\/v2\/pages"}],"about":[{"href":"https:\/\/elfsight.com\/de\/wp-json\/wp\/v2\/types\/page"}],"author":[{"embeddable":true,"href":"https:\/\/elfsight.com\/de\/wp-json\/wp\/v2\/users\/9"}],"replies":[{"embeddable":true,"href":"https:\/\/elfsight.com\/de\/wp-json\/wp\/v2\/comments?post=6674"}],"version-history":[{"count":6,"href":"https:\/\/elfsight.com\/de\/wp-json\/wp\/v2\/pages\/6674\/revisions"}],"predecessor-version":[{"id":23454,"href":"https:\/\/elfsight.com\/de\/wp-json\/wp\/v2\/pages\/6674\/revisions\/23454"}],"up":[{"embeddable":true,"href":"https:\/\/elfsight.com\/de\/wp-json\/wp\/v2\/pages\/146"}],"wp:attachment":[{"href":"https:\/\/elfsight.com\/de\/wp-json\/wp\/v2\/media?parent=6674"}],"curies":[{"name":"wp","href":"https:\/\/api.w.org\/{rel}","templated":true}]}}