{"id":6663,"date":"1970-01-01T00:00:00","date_gmt":"1970-01-01T00:00:00","guid":{"rendered":"https:\/\/elfsight.com\/de\/?page_id=6663"},"modified":"2025-01-10T13:13:21","modified_gmt":"2025-01-10T13:13:21","slug":"magento","status":"publish","type":"page","link":"https:\/\/elfsight.com\/de\/whatsapp-chat-widget\/magento\/","title":{"rendered":"Whatsapp Chat &#8211; Magento"},"content":{"rendered":"\n<div class=\"application-platform-content-item-description application-platform-content-item\" id=\"description\" data-nav-section=\"description\"> <h2>WhatsApp-Chat mit Elfsight-Widget einbetten<\/h2> <p>Das von Elfsight erstellte WhatsApp-Plugin ist ein einfaches Tool, mit dem Ihre Website-Leute ihre Nachrichten versenden k\u00f6nnen Nachrichten an Sie senden und ihre Fragen beantworten lassen. Sie k\u00f6nnen jetzt f\u00fcr Ihr Publikum in einem der beliebten Messenger verf\u00fcgbar bleiben. Integrieren Sie den Chat in Ihren Shop und lassen Sie ihn auf ausgew\u00e4hlten Seiten oder f\u00fcr bestimmte Benutzertypen erscheinen; Aktivieren Sie die Start-Chat-Trigger. Schreiben Sie Ihre eigene Willkommensnachricht. W\u00e4hlen Sie Symbole aus und vieles mehr. Mit Hilfe des auf der Website eingebetteten Magento-Chats bleiben Sie jederzeit und unabh\u00e4ngig von Ihrem Standort f\u00fcr Ihr Publikum erreichbar.<\/p> <p>Die WhatsApp-Chat-Erweiterung kann die Funktionalit\u00e4t Ihrer Website erheblich verbessern. Integrieren Sie WhatsApp einfach in eine beliebige Seite Ihrer Website und Sie werden sehen, wie es die Art und Weise, wie Sie mit Ihrem Publikum arbeiten, v\u00f6llig ver\u00e4ndert. Sie k\u00f6nnen die Benutzer frei ausw\u00e4hlen, die Ihre WhatsApp-Integration sehen k\u00f6nnen. Wenn Sie WhatsApp-Chat zu einer der Seiten Ihrer Website hinzuf\u00fcgen, k\u00f6nnen Sie Ihren Kunden jede Art von Hilfe anbieten \u2013 vom Kundensupport bis hin zu gemeinsamen Gespr\u00e4chen. Wenn Sie WhatsApp zu Ihrer Website hinzuf\u00fcgen, haben Sie auf jeden Fall die M\u00f6glichkeit, Ihr Gesch\u00e4ft schnell auszubauen.<\/p><p>Unsere kostenlose WhatsApp-Erweiterung l\u00e4sst sich au\u00dferdem ganz einfach anpassen, was eine gute Nachricht f\u00fcr Sie ist, da Sie sie neu einf\u00e4rben k\u00f6nnen passend zum Design Ihrer Unternehmensseite. Hier m\u00fcssen Sie lediglich zun\u00e4chst die richtigen Farben ausw\u00e4hlen oder eine der vorgefertigten Vorlagen verwenden. Da Sie das Erscheinungsbild der WhatsApp-Chat-Erweiterung komplett neu erfinden k\u00f6nnen, wird sie ganz einfach zu einem untrennbaren Bestandteil des Layouts und Stils Ihrer Website. Beginnen Sie einfach mit der Erstellung Ihrer Erweiterung und Sie werden sehen, wie sie zu einer praktischen und attraktiven Funktion auf den Seiten Ihrer Website wird, und all dies ist mit einem Mausklick erreichbar.<\/p><div class=\"faq\" data-component=\"FAQ\"> <div class=\"faq-item\">\r\n\t\t\t\t\t<div class=\"faq-item-question\">\r\n\t\t\t\t\t\t<h3 class=\"faq-item-question-text\">Wie f\u00fcge ich die WhatsApp-Chat-Box zu einer Magento-Seite hinzu?<\/h3>\r\n\r\n\t\t\t\t\t\t<div class=\"faq-item-question-icon\"><\/div>\r\n\t\t\t\t\t<\/div>\r\n\r\n\t\t\t\t\t<div class=\"faq-item-answer\">\r\n\t\t\t\t\t\t<div class=\"faq-item-answer-text\"><p>Die Installation dauert etwa ein paar Sekunden. Passen Sie zun\u00e4chst das WhatsApp-Chat-Plugin f\u00fcr Magento im kostenlosen Live-Konfigurator an, kopieren Sie dann den Installationscode aus dem Popup und f\u00fcgen Sie den Code an der gew\u00fcnschten Stelle in der Website-Vorlage ein. Gut gemacht! Die Einbettung der WhatsApp-Chat-Erweiterung in Magento ist perfekt!<\/p><p>Haben Sie Probleme bei der Installation oder Formatierung des WhatsApp-Chat-Plugins in Magento? Sie k\u00f6nnen die detaillierte Anleitung <a href=\"https:\/\/elfsight.com\/tutorials\/how-to-add-whatsapp-chat-widget-to-website\/#how-to-add-whatsapp-to-magento\">auf dieser Seite<\/a>.<\/p><\/div>\r\n\t\t\t\t\t<\/div>\r\n\t\t\t\t<\/div><div class=\"faq-item\">\r\n\t\t\t\t\t<div class=\"faq-item-question\">\r\n\t\t\t\t\t\t<h3 class=\"faq-item-question-text\">Habe ich eine Chance zu sehen, wie die Erweiterung auf einer Website aussehen wird?<\/h3>\r\n\r\n\t\t\t\t\t\t<div class=\"faq-item-question-icon\"><\/div>\r\n\t\t\t\t\t<\/div>\r\n\r\n\t\t\t\t\t<div class=\"faq-item-answer\">\r\n\t\t\t\t\t\t<div class=\"faq-item-answer-text\"><p>Auf jeden Fall! Beim Erstellen des Magento WhatsApp-Chat-Plugins <a href=\"https:\/\/elfsight.com\/whatsapp-chat-widget\/#demo\">im kostenlosen Online-Editor<\/a> ber\u00fccksichtigen Sie alle \u00c4nderungen auf der rechten Seite. Das Chat-Feld ist identisch mit dem, was Sie auf einer Magento-Website haben.<\/p><\/div>\r\n\t\t\t\t\t<\/div>\r\n\t\t\t\t<\/div><div class=\"faq-item\">\r\n\t\t\t\t\t<div class=\"faq-item-question\">\r\n\t\t\t\t\t\t<h3 class=\"faq-item-question-text\">Welche beliebten Plugins sind f\u00fcr eine Magento-Website erforderlich?<\/h3>\r\n\r\n\t\t\t\t\t\t<div class=\"faq-item-question-icon\"><\/div>\r\n\t\t\t\t\t<\/div>\r\n\r\n\t\t\t\t\t<div class=\"faq-item-answer\">\r\n\t\t\t\t\t\t<div class=\"faq-item-answer-text\"><p> Sie k\u00f6nnen Ihrer Magento-Website beliebig viele Plugins hinzuf\u00fcgen. Dar\u00fcber hinaus k\u00f6nnen Sie jederzeit Elfsight-Plugins verwenden, um die Funktionalit\u00e4t Ihrer Website zu erweitern.<\/p><p>F\u00fcgen Sie beispielsweise ein <a href=\"https:\/\/elfsight.com\/whatsapp-chat-widget\/magento\/\">WhatsApp<\/a> oder <a href=\"https:\/\/elfsight.com\/facebook-chat-widget\/magento\/\">Facebook Chat<\/a> auf der Website, um Kunden \u00fcber ihren bevorzugten Messenger zu erreichen. F\u00fcgen Sie <a href=\"https:\/\/elfsight.com\/amazon-reviews-widget\/magento\/\">Amazon<\/a> und <a href=\"https:\/\/elfsight.com\/google-reviews-widget\/magento\/\">Google-Bewertungen<\/a>, um echtes Feedback aktueller Kunden auf Ihrer Website anzuzeigen. Schlie\u00dflich f\u00fchren Sie <a href=\"https:\/\/elfsight.com\/instagram-feed-instashow\/magento\/\">Instagram-Feed<\/a> als vollwertige Fotogalerie auf der Webseite ein.<\/p><\/div>\r\n\t\t\t\t\t<\/div>\r\n\t\t\t\t<\/div><\/div><\/div> <div class=\"application-platform-content-item-features application-platform-content-item\" id=\"features\" data-nav-section=\"features\"> <h2>Hauptfunktionen der WhatsApp Chat-Erweiterung<\/h2> <p>Um WhatsApp Chat besser zu verstehen, entdecken Sie die Liste der wichtigsten Funktionen . Sie machen die Erweiterung f\u00fcr Ihre Werbung unglaublich effizient: <\/p> <ul><li>Betten Sie den WhatsApp-Messenger in Ihre Website ein, um mit dem Publikum in Kontakt zu bleiben; <\/li><li>Beantworten Sie Nachrichten direkt von Ihrem WhatsApp-Konto aus; <\/li><li>Probieren Sie drei Optionen f\u00fcr die Chat-Position aus: schwebende Blase, eingebettete Blase und eingebettetes Chat-Fenster; <\/li><li> W\u00e4hlen Sie Ihre Blasensymbolvariante aus der Menge der verf\u00fcgbaren Symbole. <\/li><li>Bearbeiten Sie den Text der Chat-Blase. <\/li><\/ul><p><a href=\"#demo\">Weitere Funktionen finden Sie in der Live-Demo<\/a><\/p> <\/div> <div class=\"application-platform-content-item-installation application-platform-content-item\" id=\"installation\" data-nav-section=\"installation\"> <h2>So f\u00fcgen Sie die Live-Chat-Erweiterung zu Ihrer Magento-Website hinzu<\/h2> <p>Befolgen Sie einfach die unten aufgef\u00fchrten Schritte, um das Tool auf Magento zu verwenden.<\/p> <ol><li><b>\u00d6ffnen Sie unseren kostenlosen Konfigurator und beginnen Sie mit der Erstellung Ihrer ma\u00dfgeschneiderten WhatsApp-Chat-Erweiterung. <\/b><br> Bestimmen Sie das bevorzugte Layout und die Funktionalit\u00e4t der Erweiterung und speichern Sie die \u00c4nderungen. <\/li> <li><b>Holen Sie sich den pers\u00f6nlichen Code, der in der Box auf Elfsight Apps angezeigt wird. <\/b><br> Nachdem die Einrichtung Ihres pers\u00f6nlichen Widgets abgeschlossen ist, kopieren Sie den pers\u00f6nlichen Code aus dem erscheinenden Popup und bewahren Sie ihn f\u00fcr eine sp\u00e4tere Gelegenheit auf. <\/li> <li><b>Beginnen Sie mit der Verwendung des Tools auf Ihrer Magento-Website. <\/b><br> Integrieren Sie den zuvor gespeicherten Code in Ihre Homepage und speichern Sie die Korrekturen. <\/li> <li><b>Fertig! Die Einbettung ist vollst\u00e4ndig beendet. <\/b><br> Besuchen Sie Ihre Website, um zu \u00fcberpr\u00fcfen, wie das Tool funktioniert. <\/li><\/ol><p>Haben Sie noch etwas, das Sie unsicher macht? Oder Probleme haben? Eine einzige Anfrage an unseren Kundenservice hilft bei jedem Problem. <\/p> <\/div><div class=\"faq\" data-component=\"FAQ\"><div class=\"faq-item\">\r\n\t\t\t\t\t<div class=\"faq-item-question\">\r\n\t\t\t\t\t\t<h3 class=\"faq-item-question-text\">Wie ist es m\u00f6glich, WhatsApp Chat ohne Programmierkenntnisse in meine Magento-Website einzubetten?<\/h3>\r\n\r\n\t\t\t\t\t\t<div class=\"faq-item-question-icon\"><\/div>\r\n\t\t\t\t\t<\/div>\r\n\r\n\t\t\t\t\t<div class=\"faq-item-answer\">\r\n\t\t\t\t\t\t<div class=\"faq-item-answer-text\"><p>Elfsight Unternehmen stellt eine Cloud-L\u00f6sung vor, die es einem breiten Publikum erm\u00f6glicht, selbst ein WhatsApp-Chat-Widget zu erstellen. Finden Sie heraus, wie einfach es ist: <\/p><ul><li>Erstellen Sie direkt in der Online-Demo eine WhatsApp-Chat-App, die Sie gerne sehen m\u00f6chten Ihr Magento.<\/li><li>W\u00e4hlen Sie eine der vorgefertigten Vorlagen und \u00e4ndern Sie die WhatsApp-Chat-Einstellungen, \u00e4ndern Sie das Layout und die Farbe der Elemente, f\u00fcgen Sie Ihre Inhalte ohne Codierung ein.<\/li><li>Klicken Sie zum Speichern Nutzen Sie den WhatsApp-Chat und erhalten Sie den Installationscode des Widgets, den Sie problemlos in jede Magento-Website einbetten k\u00f6nnen, ohne ein kostenpflichtiges Abonnement zu kaufen. <\/li><\/ul><p>Mit unserem intuitiven Editor kann jeder Webbenutzer einen WhatsApp-Chat-Bereich erstellen und ihn problemlos in die Magento-Homepage einbetten. Sie m\u00fcssen weder bezahlen noch Ihre Kartendaten \u00fcbermitteln, um an unserem Service teilzunehmen. Sollten Sie bei irgendeinem Schritt auf Probleme sto\u00dfen, z\u00f6gern Sie nicht, sich an unseren Kundensupport zu wenden.<\/p><\/div>\r\n\t\t\t\t\t<\/div>\r\n\t\t\t\t<\/div><\/div>\n","protected":false},"excerpt":{"rendered":"","protected":false},"author":9,"featured_media":0,"parent":146,"menu_order":0,"comment_status":"closed","ping_status":"closed","template":"templates\/template-application-platform.php","meta":{"publish_to_discourse":"","publish_post_category":"","wpdc_auto_publish_overridden":"","wpdc_topic_tags":"","wpdc_pin_topic":"","wpdc_pin_until":"","discourse_post_id":"","discourse_permalink":"","wpdc_publishing_response":"","wpdc_publishing_error":"","footnotes":""},"class_list":["post-6663","page","type-page","status-publish","hentry"],"yoast_head":"<!-- This site is optimized with the Yoast SEO plugin v25.3.1 - https:\/\/yoast.com\/wordpress\/plugins\/seo\/ -->\n<title>WhatsApp-Live-Chat-Erweiterung zur Magento-Website hinzuf\u00fcgen (2025)<\/title>\n<meta name=\"description\" content=\"Richten Sie die WhatsApp-Live-Chat-Erweiterung auf Magento in nur 2 Minuten ein. Entdecken Sie alle Hauptmerkmale des besten Chat-Plugins in einer kostenlosen Demo.\" \/>\n<meta name=\"robots\" content=\"index, follow, max-snippet:-1, max-image-preview:large, max-video-preview:-1\" \/>\n<link rel=\"canonical\" href=\"https:\/\/elfsight.com\/de\/whatsapp-chat-widget\/magento\/\" \/>\n<meta property=\"og:locale\" content=\"de_DE\" \/>\n<meta property=\"og:type\" content=\"article\" \/>\n<meta property=\"og:title\" content=\"WhatsApp-Live-Chat-Erweiterung zur Magento-Website hinzuf\u00fcgen (2025)\" \/>\n<meta property=\"og:description\" content=\"Richten Sie die WhatsApp-Live-Chat-Erweiterung auf Magento in nur 2 Minuten ein. Entdecken Sie alle Hauptmerkmale des besten Chat-Plugins in einer kostenlosen Demo.\" \/>\n<meta property=\"og:url\" content=\"https:\/\/elfsight.com\/de\/whatsapp-chat-widget\/magento\/\" \/>\n<meta property=\"og:site_name\" content=\"Elfsight DE\" \/>\n<meta property=\"article:modified_time\" content=\"2025-01-10T13:13:21+00:00\" \/>\n<meta name=\"twitter:card\" content=\"summary_large_image\" \/>\n<meta name=\"twitter:label1\" content=\"Gesch\u00e4tzte Lesezeit\" \/>\n\t<meta name=\"twitter:data1\" content=\"6\u00a0Minuten\" \/>\n<!-- \/ Yoast SEO plugin. -->","yoast_head_json":{"title":"WhatsApp-Live-Chat-Erweiterung zur Magento-Website hinzuf\u00fcgen (2025)","description":"Richten Sie die WhatsApp-Live-Chat-Erweiterung auf Magento in nur 2 Minuten ein. Entdecken Sie alle Hauptmerkmale des besten Chat-Plugins in einer kostenlosen Demo.","robots":{"index":"index","follow":"follow","max-snippet":"max-snippet:-1","max-image-preview":"max-image-preview:large","max-video-preview":"max-video-preview:-1"},"canonical":"https:\/\/elfsight.com\/de\/whatsapp-chat-widget\/magento\/","og_locale":"de_DE","og_type":"article","og_title":"WhatsApp-Live-Chat-Erweiterung zur Magento-Website hinzuf\u00fcgen (2025)","og_description":"Richten Sie die WhatsApp-Live-Chat-Erweiterung auf Magento in nur 2 Minuten ein. Entdecken Sie alle Hauptmerkmale des besten Chat-Plugins in einer kostenlosen Demo.","og_url":"https:\/\/elfsight.com\/de\/whatsapp-chat-widget\/magento\/","og_site_name":"Elfsight DE","article_modified_time":"2025-01-10T13:13:21+00:00","twitter_card":"summary_large_image","twitter_misc":{"Gesch\u00e4tzte Lesezeit":"6\u00a0Minuten"},"schema":{"@context":"https:\/\/schema.org","@graph":[{"@type":"WebPage","@id":"https:\/\/elfsight.com\/de\/whatsapp-chat-widget\/magento\/","url":"https:\/\/elfsight.com\/de\/whatsapp-chat-widget\/magento\/","name":"WhatsApp-Live-Chat-Erweiterung zur Magento-Website hinzuf\u00fcgen (2025)","isPartOf":{"@id":"https:\/\/elfsight.com\/de\/#website"},"datePublished":"1970-01-01T00:00:00+00:00","dateModified":"2025-01-10T13:13:21+00:00","description":"Richten Sie die WhatsApp-Live-Chat-Erweiterung auf Magento in nur 2 Minuten ein. Entdecken Sie alle Hauptmerkmale des besten Chat-Plugins in einer kostenlosen Demo.","breadcrumb":{"@id":"https:\/\/elfsight.com\/de\/whatsapp-chat-widget\/magento\/#breadcrumb"},"inLanguage":"de","potentialAction":[{"@type":"ReadAction","target":["https:\/\/elfsight.com\/de\/whatsapp-chat-widget\/magento\/"]}]},{"@type":"BreadcrumbList","@id":"https:\/\/elfsight.com\/de\/whatsapp-chat-widget\/magento\/#breadcrumb","itemListElement":[{"@type":"ListItem","position":1,"name":"Home","item":"https:\/\/elfsight.com\/de\/"},{"@type":"ListItem","position":2,"name":"WhatsApp Chat","item":"https:\/\/elfsight.com\/de\/whatsapp-chat-widget\/"},{"@type":"ListItem","position":3,"name":"Whatsapp Chat &#8211; Magento"}]},{"@type":"WebSite","@id":"https:\/\/elfsight.com\/de\/#website","url":"https:\/\/elfsight.com\/de\/","name":"Elfsight DE","description":"Just another Elfsight Sites site","potentialAction":[{"@type":"SearchAction","target":{"@type":"EntryPoint","urlTemplate":"https:\/\/elfsight.com\/de\/?s={search_term_string}"},"query-input":{"@type":"PropertyValueSpecification","valueRequired":true,"valueName":"search_term_string"}}],"inLanguage":"de"}]}},"meta_box":{"industry":"","seo_heading":"","heading":"","description":"","cta_heading":"","cta_description":"","application":"139","h1":"Magento WhatsApp Live Chat-Erweiterung","h1_caption":"Geben Sie Benutzern die M\u00f6glichkeit, Sie \u00fcber WhatsApp zu kontaktieren, und sorgen Sie so f\u00fcr die schnellste und bequemste Interaktion Ihrer Website-Besucher mit Ihrer Magento-Website.","application_category":[],"applications_title":"","applications_request_title":"","applications_request_button_text":"","hero_text":"","hero_video":"","hero_video_schema_markup":"","selling_points_title":"","selling_points_caption":"","selling_points":[],"selling_points_cta_text":"","features_title":"","features":"","ed_cta_examples_text":"","ed_cta_examples_hidden":"","ed_cta_demo_text":"","ed_cta_demo_hidden":"","why_caption":"","why_editor_title":"","why_editor_text":"","why_team_title":"","why_team_text":"","why_service_title":"","why_service_text":"","template_catalog_visible":"0","template_catalog_title":"","template_catalog_text":"","template_catalog_categories_visible":"","demo_title":"Erstellen Sie Ihre WhatsApp-Chat-Erweiterung","demo_caption":"Konfigurieren Sie Ihren WhatsApp-Chat und f\u00fcgen Sie ihn kostenlos zu Ihrer Magento-Website hinzu!","default_faq_hidden":"","app_template_category":[],"platform":"256","template_public_id":"","codecanyon_url":"","codecanyon_item_id":"","codecanyon_price":"","pricing_caption":"","pricing_elfsight_apps_hide_column":"","pricing_elfsight_apps_url":"","pricing_codecanyon_price_caption":"","integration_category":[],"integration_request_title":"","integration_request_cta":"","integration_platform":"","integrations":[],"platform_category":[],"video_schema_markup":"","price":"ab 0 $ \/ Monat","trial":"","benefits":[{"text":"Kostenloser Installationsservice"},{"text":"Au\u00dfergew\u00f6hnlicher Support"},{"text":"14-t\u00e4gige Geld-zur\u00fcck-Garantie"},{"text":"Kontinuierliche kostenlose Updates"}],"button_url":"#demo","button_target_blank":"0","button_nofollow":"0","attributes":[{"name":"Installiert","content":"100,000 - 500,000","_state":"expanded"},{"name":"Reaktionsfreudig","content":"Ja","_state":"expanded"},{"name":"Kompatible Browser","content":"Firefox, Safari, Opera, Chrome, Edge"}],"tags":[],"tags_disable_links":"1","hide_more_platforms":"","video_object":"","demo_hide_cta":"0","demo_hide_cloud_options":"0","pricing_title":"","pricing":[{"pricing_icon":"platform","pricing_title":"Elfsight Apps","pricing_title_caption":"Plattform\u00fcbergreifende Software, die f\u00fcr jede Website geeignet ist","pricing_price":"ab 0 $ \/ Monat","pricing_price_caption":"Beginnen Sie mit einem kostenlosen Plan","pricing_benefits":[{"text":"Unbegrenzte Websites"},{"text":"Professionelle Unternehmensunterst\u00fctzung und gut dokumentiert"},{"text":"Kostenloser Installationsservice"},{"text":"100 % anpassbar"}],"pricing_button_text":"Zur Website hinzuf\u00fcgen","pricing_button_url":"#demo","_state":"expanded"}],"related_apps_title":"","related_apps_hidden":"1","author":"","image":[],"title":"","job":"","social_networks":[]},"_links":{"self":[{"href":"https:\/\/elfsight.com\/de\/wp-json\/wp\/v2\/pages\/6663","targetHints":{"allow":["GET"]}}],"collection":[{"href":"https:\/\/elfsight.com\/de\/wp-json\/wp\/v2\/pages"}],"about":[{"href":"https:\/\/elfsight.com\/de\/wp-json\/wp\/v2\/types\/page"}],"author":[{"embeddable":true,"href":"https:\/\/elfsight.com\/de\/wp-json\/wp\/v2\/users\/9"}],"replies":[{"embeddable":true,"href":"https:\/\/elfsight.com\/de\/wp-json\/wp\/v2\/comments?post=6663"}],"version-history":[{"count":5,"href":"https:\/\/elfsight.com\/de\/wp-json\/wp\/v2\/pages\/6663\/revisions"}],"predecessor-version":[{"id":23452,"href":"https:\/\/elfsight.com\/de\/wp-json\/wp\/v2\/pages\/6663\/revisions\/23452"}],"up":[{"embeddable":true,"href":"https:\/\/elfsight.com\/de\/wp-json\/wp\/v2\/pages\/146"}],"wp:attachment":[{"href":"https:\/\/elfsight.com\/de\/wp-json\/wp\/v2\/media?parent=6663"}],"curies":[{"name":"wp","href":"https:\/\/api.w.org\/{rel}","templated":true}]}}