{"id":6655,"date":"1970-01-01T00:00:00","date_gmt":"1970-01-01T00:00:00","guid":{"rendered":"https:\/\/elfsight.com\/de\/?page_id=6655"},"modified":"2025-01-10T13:08:51","modified_gmt":"2025-01-10T13:08:51","slug":"jquery","status":"publish","type":"page","link":"https:\/\/elfsight.com\/de\/whatsapp-chat-widget\/jquery\/","title":{"rendered":"Whatsapp Chat &#8211; jQuery"},"content":{"rendered":"\n<div class=\"application-platform-content-item-description application-platform-content-item\" id=\"description\" data-nav-section=\"description\"> <h2>WhatsApp-Chat mit Elfsight-Widget einbetten<\/h2> <p>Das von Elfsight erstellte WhatsApp-Plugin ist eine nahtlose M\u00f6glichkeit f\u00fcr Ihre Website-Besucher, ihre Nachrichten zu senden Nachrichten an Sie senden und ihre Fragen beantworten lassen. Jetzt k\u00f6nnen Sie f\u00fcr Ihre Besucher jederzeit in ihrem Lieblings-Messenger erreichbar sein. F\u00fcgen Sie einen Chat auf der Website hinzu und lassen Sie ihn auf ausgew\u00e4hlten Seiten oder f\u00fcr bestimmte Arten von Zuschauern erscheinen, w\u00e4hlen Sie Ausl\u00f6ser f\u00fcr den Start des Chats aus, geben Sie Ihre eigene Begr\u00fc\u00dfungsnachricht ein, \u00e4ndern Sie Symbole und vieles mehr. Mit WhatsApp Lie Chat auf der Website bleiben Sie jederzeit und unabh\u00e4ngig von Ihrem Aufenthaltsort mit Ihrer Kundschaft verbunden.<\/p> <div class=\"faq\" data-component=\"FAQ\"> <div class=\"faq-item\">\r\n\t\t\t\t\t<div class=\"faq-item-question\">\r\n\t\t\t\t\t\t<h3 class=\"faq-item-question-text\">Wo auf meiner Website kann ich es ver\u00f6ffentlichen<\/h3>\r\n\r\n\t\t\t\t\t\t<div class=\"faq-item-question-icon\"><\/div>\r\n\t\t\t\t\t<\/div>\r\n\r\n\t\t\t\t\t<div class=\"faq-item-answer\">\r\n\t\t\t\t\t\t<div class=\"faq-item-answer-text\"> <p>Sie Sie k\u00f6nnen eine Chatbox auf allen Seiten Ihrer Website oder nur auf ausgew\u00e4hlten Seiten einrichten. Es ist auch m\u00f6glich, es auf ausgew\u00e4hlte Seiten zu beschr\u00e4nken, wenn Sie diese ohne den Chat w\u00fcnschen.<\/p> <\/div>\r\n\t\t\t\t\t<\/div>\r\n\t\t\t\t<\/div> <div class=\"faq-item\">\r\n\t\t\t\t\t<div class=\"faq-item-question\">\r\n\t\t\t\t\t\t<h3 class=\"faq-item-question-text\">Welche Vorteile hat es f\u00fcr mich?<\/h3>\r\n\r\n\t\t\t\t\t\t<div class=\"faq-item-question-icon\"><\/div>\r\n\t\t\t\t\t<\/div>\r\n\r\n\t\t\t\t\t<div class=\"faq-item-answer\">\r\n\t\t\t\t\t\t<div class=\"faq-item-answer-text\"> <p>Es wird den Besuchern die Nutzung erleichtern kontaktieren Sie mit ihren Fragen und W\u00fcnschen. Und dies kann dazu beitragen, die Anzahl der Leads und Verk\u00e4ufe zu steigern. Dar\u00fcber hinaus steigern sofortige Antworten und ein individueller Umgang mit den Menschen das Niveau Ihrer Kundenbeziehungen. <\/p> <\/div>\r\n\t\t\t\t\t<\/div>\r\n\t\t\t\t<\/div> <div class=\"faq-item\">\r\n\t\t\t\t\t<div class=\"faq-item-question\">\r\n\t\t\t\t\t\t<h3 class=\"faq-item-question-text\">Was brauche ich, um Whatsapp zu haben?<\/h3>\r\n\r\n\t\t\t\t\t\t<div class=\"faq-item-question-icon\"><\/div>\r\n\t\t\t\t\t<\/div>\r\n\r\n\t\t\t\t\t<div class=\"faq-item-answer\">\r\n\t\t\t\t\t\t<div class=\"faq-item-answer-text\"> <p>Das Einbetten des Widgets dauert nur eine Minute. Die Integration erfolgt sehr schnell, kostenlos und ohne Programmieraufwand. <\/p> <p>Es besteht die M\u00f6glichkeit, WhatsApp direkt \u00fcber unseren Dienst auf Ihrer Website einzurichten. Um es zu machen, sehen Sie sich die Anweisungen unten auf dieser Seite an. <\/p> <\/div>\r\n\t\t\t\t\t<\/div>\r\n\t\t\t\t<\/div> <\/div> <\/div> <div class=\"application-platform-content-item-features application-platform-content-item\" id=\"features\" data-nav-section=\"features\"> <h2>Hauptfunktionen des WhatsApp-Chat-Widgets<\/h2> <p>Um ein klareres Verst\u00e4ndnis des Live-Chats zu erlangen, \u00fcberpr\u00fcfen Sie die Liste seiner wesentlichen Merkmale. Sie machen dieses Plugin f\u00fcr Sie wirklich n\u00fctzlich: <\/p><ul><li>Probieren Sie drei Arten von Plugin-Layouts aus: schwebende Blase, eingebettete Blase und eingebettetes Chatfenster; <\/li><li>Platzieren Sie WhatsApp Messenger auf Ihrer Webseite, um Live-Chats mit Zuschauern zu f\u00fchren; <\/li><li>Bearbeitbarer Blasentext.<\/li><\/ul><p><a href=\"#demo\">Unsere Demo zeigt Ihnen weitere Funktionen<\/a><\/p> <\/div> <div class=\"application-platform-content-item-installation application-platform-content-item\" id=\"installation\" data-nav-section=\"installation\"> <h2>So f\u00fcgen Sie das Live-Chat-Plugin zu Ihrer jQuery-Website hinzu<\/h2> <p> Ein paar schnelle Schritte sind das Einzige, was Sie brauchen, um WhatsApp zu integrieren.<\/p> <ul><li><b>Generieren Sie Ihre benutzerdefinierte Chat-Box<\/b><br> Gestalten Sie mithilfe unserer kostenlosen Demo ein Plugin mit einem bevorzugten Layout und einer bevorzugten Funktionalit\u00e4t. <\/li><li><b>Erhalten Sie den pers\u00f6nlichen Code zum Einrichten des Plugins<\/b><br> Nachdem Sie Ihr Widget erstellt haben, erhalten Sie Ihren Installationscode im angezeigten Fenster von Elfsight Apps. Kopieren Sie diesen Code zur weiteren Verwendung.<\/li> <li><b>F\u00fcgen Sie das Plugin auf Ihrer jQuery-Website hinzu<\/b><br> W\u00e4hlen Sie die Stelle aus, an der Sie das Plugin hinzuf\u00fcgen m\u00f6chten, und f\u00fcgen Sie dort den kopierten Code ein. Ver\u00f6ffentlichen Sie die \u00c4nderungen.<\/li> <li><b>Sie sind fertig!<\/b><br> Rufen Sie Ihre Webseite auf, um Ihre Arbeit anzuzeigen. <\/li> <\/ul><p>Zweifeln Sie immer noch an etwas? Oder Probleme haben? Senden Sie einfach eine Anfrage an unser Kundensupport-Team und wir kl\u00e4ren alle Fragen. <\/p> <\/div><div class=\"faq\" data-component=\"FAQ\"><div class=\"faq-item\">\r\n\t\t\t\t\t<div class=\"faq-item-question\">\r\n\t\t\t\t\t\t<h3 class=\"faq-item-question-text\">Gibt es eine M\u00f6glichkeit, WhatsApp Chat ohne Programmierkenntnisse in meine jQuery-Site einzubetten?<\/h3>\r\n\r\n\t\t\t\t\t\t<div class=\"faq-item-question-icon\"><\/div>\r\n\t\t\t\t\t<\/div>\r\n\r\n\t\t\t\t\t<div class=\"faq-item-answer\">\r\n\t\t\t\t\t\t<div class=\"faq-item-answer-text\"><p>Elfsight-Unternehmen stellt eine L\u00f6sung vor, die es einem breiten Publikum erm\u00f6glicht, selbst einen WhatsApp-Chat-Bereich zu erstellen. Entdecken Sie die einfache Anleitung: <\/p><ul><li>Gehen Sie zum Live-Editor, um ein WhatsApp-Chat-Plugin zu generieren, das Sie in Ihre jQuery einbinden m\u00f6chten. <\/li><li>W\u00e4hlen Sie eine der vorgefertigten Vorlagen und optimieren Sie die WhatsApp-Chat-Einstellungen, f\u00fcgen Sie Ihre Inhalte hinzu, \u00e4ndern Sie das Layout und das Farbschema ohne Programmiererfahrung.<\/li><li>Klicken Sie, um den WhatsApp-Chat zu speichern und zu kopieren Installationscode, den Sie mit einem kostenlosen Plan m\u00fchelos in jede jQuery-Website integrieren k\u00f6nnen. <\/li><\/ul><p>Mit dem intuitiven Konfigurator kann jeder Webbenutzer online einen WhatsApp-Chat-Bereich erstellen und ihn einfach in jede jQuery-Website einbetten. Es ist nicht erforderlich, ein kostenpflichtiges Abonnement abzuschlie\u00dfen oder Ihre Kartendaten einzugeben, um auf unseren Service zuzugreifen. Bei Problemen jeglicher Art wenden Sie sich bitte an unsere Support-Mitarbeiter.<\/p><\/div>\r\n\t\t\t\t\t<\/div>\r\n\t\t\t\t<\/div><\/div>\n","protected":false},"excerpt":{"rendered":"","protected":false},"author":9,"featured_media":0,"parent":146,"menu_order":0,"comment_status":"closed","ping_status":"closed","template":"templates\/template-application-platform.php","meta":{"publish_to_discourse":"","publish_post_category":"","wpdc_auto_publish_overridden":"","wpdc_topic_tags":"","wpdc_pin_topic":"","wpdc_pin_until":"","discourse_post_id":"","discourse_permalink":"","wpdc_publishing_response":"","wpdc_publishing_error":"","footnotes":""},"class_list":["post-6655","page","type-page","status-publish","hentry"],"yoast_head":"<!-- This site is optimized with the Yoast SEO plugin v25.3.1 - https:\/\/yoast.com\/wordpress\/plugins\/seo\/ -->\n<title>WhatsApp-Live-Chat-Plugin zur jQuery-Website hinzuf\u00fcgen (einfach und schnell)<\/title>\n<meta name=\"description\" content=\"Richten Sie das WhatsApp-Live-Chat-Plugin auf jQuery in nur 2 Minuten ein. Entdecken Sie alle Hauptmerkmale des besten Chat-Widgets in einer kostenlosen Demo.\" \/>\n<meta name=\"robots\" content=\"index, follow, max-snippet:-1, max-image-preview:large, max-video-preview:-1\" \/>\n<link rel=\"canonical\" href=\"https:\/\/elfsight.com\/de\/whatsapp-chat-widget\/jquery\/\" \/>\n<meta property=\"og:locale\" content=\"de_DE\" \/>\n<meta property=\"og:type\" content=\"article\" \/>\n<meta property=\"og:title\" content=\"WhatsApp-Live-Chat-Plugin zur jQuery-Website hinzuf\u00fcgen (einfach und schnell)\" \/>\n<meta property=\"og:description\" content=\"Richten Sie das WhatsApp-Live-Chat-Plugin auf jQuery in nur 2 Minuten ein. Entdecken Sie alle Hauptmerkmale des besten Chat-Widgets in einer kostenlosen Demo.\" \/>\n<meta property=\"og:url\" content=\"https:\/\/elfsight.com\/de\/whatsapp-chat-widget\/jquery\/\" \/>\n<meta property=\"og:site_name\" content=\"Elfsight DE\" \/>\n<meta property=\"article:modified_time\" content=\"2025-01-10T13:08:51+00:00\" \/>\n<meta name=\"twitter:card\" content=\"summary_large_image\" \/>\n<meta name=\"twitter:label1\" content=\"Gesch\u00e4tzte Lesezeit\" \/>\n\t<meta name=\"twitter:data1\" content=\"4\u00a0Minuten\" \/>\n<!-- \/ Yoast SEO plugin. -->","yoast_head_json":{"title":"WhatsApp-Live-Chat-Plugin zur jQuery-Website hinzuf\u00fcgen (einfach und schnell)","description":"Richten Sie das WhatsApp-Live-Chat-Plugin auf jQuery in nur 2 Minuten ein. Entdecken Sie alle Hauptmerkmale des besten Chat-Widgets in einer kostenlosen Demo.","robots":{"index":"index","follow":"follow","max-snippet":"max-snippet:-1","max-image-preview":"max-image-preview:large","max-video-preview":"max-video-preview:-1"},"canonical":"https:\/\/elfsight.com\/de\/whatsapp-chat-widget\/jquery\/","og_locale":"de_DE","og_type":"article","og_title":"WhatsApp-Live-Chat-Plugin zur jQuery-Website hinzuf\u00fcgen (einfach und schnell)","og_description":"Richten Sie das WhatsApp-Live-Chat-Plugin auf jQuery in nur 2 Minuten ein. Entdecken Sie alle Hauptmerkmale des besten Chat-Widgets in einer kostenlosen Demo.","og_url":"https:\/\/elfsight.com\/de\/whatsapp-chat-widget\/jquery\/","og_site_name":"Elfsight DE","article_modified_time":"2025-01-10T13:08:51+00:00","twitter_card":"summary_large_image","twitter_misc":{"Gesch\u00e4tzte Lesezeit":"4\u00a0Minuten"},"schema":{"@context":"https:\/\/schema.org","@graph":[{"@type":"WebPage","@id":"https:\/\/elfsight.com\/de\/whatsapp-chat-widget\/jquery\/","url":"https:\/\/elfsight.com\/de\/whatsapp-chat-widget\/jquery\/","name":"WhatsApp-Live-Chat-Plugin zur jQuery-Website hinzuf\u00fcgen (einfach und schnell)","isPartOf":{"@id":"https:\/\/elfsight.com\/de\/#website"},"datePublished":"1970-01-01T00:00:00+00:00","dateModified":"2025-01-10T13:08:51+00:00","description":"Richten Sie das WhatsApp-Live-Chat-Plugin auf jQuery in nur 2 Minuten ein. Entdecken Sie alle Hauptmerkmale des besten Chat-Widgets in einer kostenlosen Demo.","breadcrumb":{"@id":"https:\/\/elfsight.com\/de\/whatsapp-chat-widget\/jquery\/#breadcrumb"},"inLanguage":"de","potentialAction":[{"@type":"ReadAction","target":["https:\/\/elfsight.com\/de\/whatsapp-chat-widget\/jquery\/"]}]},{"@type":"BreadcrumbList","@id":"https:\/\/elfsight.com\/de\/whatsapp-chat-widget\/jquery\/#breadcrumb","itemListElement":[{"@type":"ListItem","position":1,"name":"Home","item":"https:\/\/elfsight.com\/de\/"},{"@type":"ListItem","position":2,"name":"WhatsApp Chat","item":"https:\/\/elfsight.com\/de\/whatsapp-chat-widget\/"},{"@type":"ListItem","position":3,"name":"Whatsapp Chat &#8211; jQuery"}]},{"@type":"WebSite","@id":"https:\/\/elfsight.com\/de\/#website","url":"https:\/\/elfsight.com\/de\/","name":"Elfsight DE","description":"Just another Elfsight Sites site","potentialAction":[{"@type":"SearchAction","target":{"@type":"EntryPoint","urlTemplate":"https:\/\/elfsight.com\/de\/?s={search_term_string}"},"query-input":{"@type":"PropertyValueSpecification","valueRequired":true,"valueName":"search_term_string"}}],"inLanguage":"de"}]}},"meta_box":{"industry":"","seo_heading":"","heading":"","description":"","cta_heading":"","cta_description":"","application":"139","h1":"jQuery WhatsApp Live Chat-Plugin","h1_caption":"Geben Sie Benutzern die M\u00f6glichkeit, Sie \u00fcber WhatsApp zu kontaktieren, und sorgen Sie so f\u00fcr die schnellste und bequemste Interaktion Ihrer Website-Besucher mit Ihrer jQuery-Website.","application_category":[],"applications_title":"","applications_request_title":"","applications_request_button_text":"","hero_text":"","hero_video":"","hero_video_schema_markup":"","selling_points_title":"","selling_points_caption":"","selling_points":[],"selling_points_cta_text":"","features_title":"","features":"","ed_cta_examples_text":"","ed_cta_examples_hidden":"","ed_cta_demo_text":"","ed_cta_demo_hidden":"","why_caption":"","why_editor_title":"","why_editor_text":"","why_team_title":"","why_team_text":"","why_service_title":"","why_service_text":"","template_catalog_visible":"0","template_catalog_title":"","template_catalog_text":"","template_catalog_categories_visible":"","demo_title":"Erstellen Sie Ihr WhatsApp-Chat-Plugin","demo_caption":"Konfigurieren Sie Ihren WhatsApp-Chat und f\u00fcgen Sie ihn kostenlos zu Ihrer jQuery-Website hinzu!","default_faq_hidden":"","app_template_category":[],"platform":"258","template_public_id":"","codecanyon_url":"","codecanyon_item_id":"","codecanyon_price":"","pricing_caption":"","pricing_elfsight_apps_hide_column":"","pricing_elfsight_apps_url":"","pricing_codecanyon_price_caption":"","integration_category":[],"integration_request_title":"","integration_request_cta":"","integration_platform":"","integrations":[],"platform_category":[],"video_schema_markup":"","price":"ab 0 $ \/ Monat","trial":"","benefits":[{"text":"Kostenlose Installationshilfe"},{"text":"Kompetenter Kundenservice"},{"text":"14-t\u00e4gige R\u00fcckerstattungsgarantie"},{"text":"Laufende Verbesserungen"}],"button_url":"#demo","button_target_blank":"0","button_nofollow":"0","attributes":[{"name":"Installiert","content":"100,000 - 500,000","_state":"expanded"},{"name":"Reaktionsfreudig","content":"Ja","_state":"expanded"},{"name":"Kompatible Browser","content":"Firefox, Safari, Opera, Chrome, Edge"}],"tags":[],"tags_disable_links":"1","hide_more_platforms":"","video_object":"","demo_hide_cta":"0","demo_hide_cloud_options":"0","pricing_title":"","pricing":[{"pricing_icon":"platform","pricing_title":"Elfsight Apps","pricing_title_caption":"Plattformunabh\u00e4ngige digitale L\u00f6sung, die f\u00fcr jede Website geeignet ist","pricing_price":"ab 0 $ \/ Monat","pricing_price_caption":"Beginnen Sie mit einem kostenlosen Plan","pricing_benefits":[{"text":"Unbegrenzte Domains"},{"text":"Engagierter und p\u00fcnktlicher Support"},{"text":"Kostenloser Installationsservice"},{"text":"100 % anpassbar"}],"pricing_button_text":"Zur Website hinzuf\u00fcgen","pricing_button_url":"#demo","_state":"expanded"}],"related_apps_title":"","related_apps_hidden":"1","author":"","image":[],"title":"","job":"","social_networks":[]},"_links":{"self":[{"href":"https:\/\/elfsight.com\/de\/wp-json\/wp\/v2\/pages\/6655","targetHints":{"allow":["GET"]}}],"collection":[{"href":"https:\/\/elfsight.com\/de\/wp-json\/wp\/v2\/pages"}],"about":[{"href":"https:\/\/elfsight.com\/de\/wp-json\/wp\/v2\/types\/page"}],"author":[{"embeddable":true,"href":"https:\/\/elfsight.com\/de\/wp-json\/wp\/v2\/users\/9"}],"replies":[{"embeddable":true,"href":"https:\/\/elfsight.com\/de\/wp-json\/wp\/v2\/comments?post=6655"}],"version-history":[{"count":5,"href":"https:\/\/elfsight.com\/de\/wp-json\/wp\/v2\/pages\/6655\/revisions"}],"predecessor-version":[{"id":23450,"href":"https:\/\/elfsight.com\/de\/wp-json\/wp\/v2\/pages\/6655\/revisions\/23450"}],"up":[{"embeddable":true,"href":"https:\/\/elfsight.com\/de\/wp-json\/wp\/v2\/pages\/146"}],"wp:attachment":[{"href":"https:\/\/elfsight.com\/de\/wp-json\/wp\/v2\/media?parent=6655"}],"curies":[{"name":"wp","href":"https:\/\/api.w.org\/{rel}","templated":true}]}}