{"id":6635,"date":"1970-01-01T00:00:00","date_gmt":"1970-01-01T00:00:00","guid":{"rendered":"https:\/\/elfsight.com\/de\/?page_id=6635"},"modified":"2025-01-13T11:29:32","modified_gmt":"2025-01-13T11:29:32","slug":"google-sites","status":"publish","type":"page","link":"https:\/\/elfsight.com\/de\/youtube-channel-plugin-yottie\/google-sites\/","title":{"rendered":"YouTube Gallery &#8211; Google Sites"},"content":{"rendered":"\n<div class=\"application-platform-content-item-description application-platform-content-item\" id=\"description\" data-nav-section=\"description\"> \n<h2>YouTube-Galerie auf Google Sites mit dem Elfsight-Widget einbetten<\/h2> \n<p>Ein leistungsstarkes Widget f\u00fcr YouTube, mit dem Sie beliebige Videos auf der Website anzeigen k\u00f6nnen. W\u00e4hlen Sie die gew\u00fcnschten Kan\u00e4le und einzelnen Videoclips aus, um Ihre einzigartige Playlist zu erstellen und diese direkt auf der Seite mit dem am besten geeigneten Layout (Video-Galerie, Portfolio, Kanal, Einzelvideo) anzuzeigen. Das Elfsight-Widget ist vollst\u00e4ndig anpassungsf\u00e4hig f\u00fcr alle Ger\u00e4te und Plattformen, es enth\u00e4lt rund 100 Einstellungen, anpassbare Vorlagen und andere Merkmale, die Ihnen erm\u00f6glichen, es auf jeder Website zu pr\u00e4sentieren.<\/p> \n<p><b>Steigern Sie den Erfolg Ihrer Website f\u00fcr E-Commerce-Ziele mit Hilfe der YouTube-Galerie<\/b><\/p> \n<\/div> \n<div class=\"faq\" data-component=\"FAQ\">\n<div class=\"faq-item\">\r\n\t\t\t\t\t<div class=\"faq-item-question\">\r\n\t\t\t\t\t\t<h3 class=\"faq-item-question-text\">Wie f\u00fcge ich eine YouTube-Galerie zu meiner Google Sites-Website hinzu?<\/h3>\r\n\r\n\t\t\t\t\t\t<div class=\"faq-item-question-icon\"><\/div>\r\n\t\t\t\t\t<\/div>\r\n\r\n\t\t\t\t\t<div class=\"faq-item-answer\">\r\n\t\t\t\t\t\t<div class=\"faq-item-answer-text\">\n<p>Die Erstellung des Tools erfolgt \u00fcber den Elfsight-Service, und Sie m\u00fcssen keinen Code schreiben. Verwenden Sie die Live-Demo, um Ihre pers\u00f6nliche App anzupassen, den Code zu erhalten und ihn auf Ihrer Website einzuf\u00fcgen.<\/p>\n<\/div>\r\n\t\t\t\t\t<\/div>\r\n\t\t\t\t<\/div>\n<div class=\"faq-item\">\r\n\t\t\t\t\t<div class=\"faq-item-question\">\r\n\t\t\t\t\t\t<h3 class=\"faq-item-question-text\">Die besten Einsatzm\u00f6glichkeiten f\u00fcr die YouTube-Video-Galerie-Integration<\/h3>\r\n\r\n\t\t\t\t\t\t<div class=\"faq-item-question-icon\"><\/div>\r\n\t\t\t\t\t<\/div>\r\n\r\n\t\t\t\t\t<div class=\"faq-item-answer\">\r\n\t\t\t\t\t\t<div class=\"faq-item-answer-text\">\n<p>Wir bieten Ihnen zahlreiche Anpassungsm\u00f6glichkeiten: Widgets in voller L\u00e4nge zum Hinzuf\u00fcgen im Inhaltsbereich, schwebende Widgets mit Scroll-Optionen, Miniaturansichten f\u00fcr den Footer, Header und alle Arten von vertikalen Optionen f\u00fcr Seitenleisten und Men\u00fcs.<\/p>\n<\/div>\r\n\t\t\t\t\t<\/div>\r\n\t\t\t\t<\/div>\n<div class=\"faq-item\">\r\n\t\t\t\t\t<div class=\"faq-item-question\">\r\n\t\t\t\t\t\t<h3 class=\"faq-item-question-text\">Gibt es eine M\u00f6glichkeit, mit dem Editor eine Grid- oder Einzelvideo-Galerie zu erstellen?<\/h3>\r\n\r\n\t\t\t\t\t\t<div class=\"faq-item-question-icon\"><\/div>\r\n\t\t\t\t\t<\/div>\r\n\r\n\t\t\t\t\t<div class=\"faq-item-answer\">\r\n\t\t\t\t\t\t<div class=\"faq-item-answer-text\">\n<p>Sie k\u00f6nnen jede \u00c4nderung des Widgets vornehmen. Es stehen zahlreiche Layouts im Editor zur Verf\u00fcgung, und alle k\u00f6nnen ganz einfach nach Ihren Bed\u00fcrfnissen angepasst werden.<\/p>\n<\/div>\r\n\t\t\t\t\t<\/div>\r\n\t\t\t\t<\/div>\n<\/div>\n\n<div class=\"application-platform-content-item-features application-platform-content-item\" id=\"features\" data-nav-section=\"features\"> \n<h2>Das Widget umfasst n\u00fctzliche und unkomplizierte Funktionen, hier sind einige davon:<\/h2> \n<ul>\n<li>Unbegrenzte Quellen hinzuf\u00fcgen<\/li>\n<li>15 anpassbare Video-Elemente<\/li>\n<li>8 schaltbare Video-Elemente: Titel, Dauer, Beschreibung, Z\u00e4hler und mehr<\/li>\n<li>Testen Sie die vollst\u00e4ndige Liste der Merkmale im Editor<\/li>\n<\/ul>\n\n<p><a href=\"#demo\">Testen Sie alle Anpassungsfunktionen in der 100% funktionalen Demo<\/a><\/p> \n<\/div> \n\n<div class=\"application-platform-content-item-installation application-platform-content-item\" id=\"installation\" data-nav-section=\"installation\"> \n<h2>Wie bette ich eine YouTube-Galerie auf meiner Google Sites-Website ein?<\/h2> \n<div class=\"video-container\">\n<iframe width=\"720\" height=\"405\" src=\"https:\/\/www.youtube.com\/embed\/UNPOt3ipDK0\" frameborder=\"0\" allowfullscreen=\"\"><\/iframe>\n<\/div>\n<p>Folgen Sie einfach den unten stehenden Anweisungen, um das Plugin zu integrieren.<\/p> \n\n<ol>\n<li><b>Verwenden Sie unseren kostenlosen Editor und beginnen Sie mit der Erstellung Ihres ma\u00dfgeschneiderten Widgets.<\/b><br>W\u00e4hlen Sie das bevorzugte Aussehen und die funktionalen Merkmale des Widgets aus und nehmen Sie die \u00c4nderungen vor.<\/li> \n <li><b>Erhalten Sie Ihren individuellen Code im Fenster von Elfsight Apps.<\/b><br>Nachdem die Konfiguration Ihres Widgets abgeschlossen ist, kopieren Sie den pers\u00f6nlichen Code aus dem erscheinenden Fenster und speichern Sie ihn f\u00fcr eine sp\u00e4tere Verwendung.<\/li> \n <li><b>Beginnen Sie mit der Verwendung des Plugins auf der Google Sites-Homepage.<\/b><br>F\u00fcgen Sie den Code, den Sie gerade gespeichert haben, in Ihre Website ein und wenden Sie die Korrekturen an.<\/li> \n <li><b>Fertig! Die Einbettung ist erfolgreich abgeschlossen.<\/b><br>Gehen Sie auf Ihre Website, um zu sehen, wie das Widget funktioniert.<\/li>\n<\/ol> \n<div class=\"tip-yellow tip\"><b>Aufgrund der Besonderheiten von Google Sites kann das Widget anders aussehen als in der Online-Demo. Wir entschuldigen uns f\u00fcr eventuelle Unannehmlichkeiten.<\/b><\/div>\n<p>Falls Sie Fragen haben oder auf Schwierigkeiten sto\u00dfen, z\u00f6gern Sie nicht, unseren Kundenservice zu kontaktieren. Unsere Berater helfen Ihnen gerne bei allen Fragen zum Produkt.<\/p> \n<\/div>\n","protected":false},"excerpt":{"rendered":"","protected":false},"author":9,"featured_media":0,"parent":106,"menu_order":0,"comment_status":"closed","ping_status":"closed","template":"templates\/template-application-platform.php","meta":{"publish_to_discourse":"","publish_post_category":"","wpdc_auto_publish_overridden":"","wpdc_topic_tags":"","wpdc_pin_topic":"","wpdc_pin_until":"","discourse_post_id":"","discourse_permalink":"","wpdc_publishing_response":"","wpdc_publishing_error":"","footnotes":""},"class_list":["post-6635","page","type-page","status-publish","hentry"],"yoast_head":"<!-- This site is optimized with the Yoast SEO plugin v25.3.1 - https:\/\/yoast.com\/wordpress\/plugins\/seo\/ -->\n<title>Social-Media-Symbole \u2013 Soziale Symbole zu Google Sites hinzuf\u00fcgen (2026)<\/title>\n<meta name=\"description\" content=\"Implementieren Sie eine responsive YouTube-Galerie-App auf Ihrer Google Sites-Website und erreichen Sie volle Vertrauensw\u00fcrdigkeit. Nutzen Sie die Elfsight-Demo, um Ihr einzigartiges Feature zu erstellen.\" \/>\n<meta name=\"robots\" content=\"index, follow, max-snippet:-1, max-image-preview:large, max-video-preview:-1\" \/>\n<link rel=\"canonical\" href=\"https:\/\/elfsight.com\/de\/youtube-channel-plugin-yottie\/google-sites\/\" \/>\n<meta property=\"og:locale\" content=\"de_DE\" \/>\n<meta property=\"og:type\" content=\"article\" \/>\n<meta property=\"og:title\" content=\"Social-Media-Symbole \u2013 Soziale Symbole zu Google Sites hinzuf\u00fcgen (2026)\" \/>\n<meta property=\"og:description\" content=\"Implementieren Sie eine responsive YouTube-Galerie-App auf Ihrer Google Sites-Website und erreichen Sie volle Vertrauensw\u00fcrdigkeit. Nutzen Sie die Elfsight-Demo, um Ihr einzigartiges Feature zu erstellen.\" \/>\n<meta property=\"og:url\" content=\"https:\/\/elfsight.com\/de\/youtube-channel-plugin-yottie\/google-sites\/\" \/>\n<meta property=\"og:site_name\" content=\"Elfsight DE\" \/>\n<meta property=\"article:modified_time\" content=\"2025-01-13T11:29:32+00:00\" \/>\n<meta name=\"twitter:card\" content=\"summary_large_image\" \/>\n<meta name=\"twitter:label1\" content=\"Gesch\u00e4tzte Lesezeit\" \/>\n\t<meta name=\"twitter:data1\" content=\"3\u00a0Minuten\" \/>\n<!-- \/ Yoast SEO plugin. -->","yoast_head_json":{"title":"Social-Media-Symbole \u2013 Soziale Symbole zu Google Sites hinzuf\u00fcgen (2026)","description":"Implementieren Sie eine responsive YouTube-Galerie-App auf Ihrer Google Sites-Website und erreichen Sie volle Vertrauensw\u00fcrdigkeit. Nutzen Sie die Elfsight-Demo, um Ihr einzigartiges Feature zu erstellen.","robots":{"index":"index","follow":"follow","max-snippet":"max-snippet:-1","max-image-preview":"max-image-preview:large","max-video-preview":"max-video-preview:-1"},"canonical":"https:\/\/elfsight.com\/de\/youtube-channel-plugin-yottie\/google-sites\/","og_locale":"de_DE","og_type":"article","og_title":"Social-Media-Symbole \u2013 Soziale Symbole zu Google Sites hinzuf\u00fcgen (2026)","og_description":"Implementieren Sie eine responsive YouTube-Galerie-App auf Ihrer Google Sites-Website und erreichen Sie volle Vertrauensw\u00fcrdigkeit. Nutzen Sie die Elfsight-Demo, um Ihr einzigartiges Feature zu erstellen.","og_url":"https:\/\/elfsight.com\/de\/youtube-channel-plugin-yottie\/google-sites\/","og_site_name":"Elfsight DE","article_modified_time":"2025-01-13T11:29:32+00:00","twitter_card":"summary_large_image","twitter_misc":{"Gesch\u00e4tzte Lesezeit":"3\u00a0Minuten"},"schema":{"@context":"https:\/\/schema.org","@graph":[{"@type":"WebPage","@id":"https:\/\/elfsight.com\/de\/youtube-channel-plugin-yottie\/google-sites\/","url":"https:\/\/elfsight.com\/de\/youtube-channel-plugin-yottie\/google-sites\/","name":"Social-Media-Symbole \u2013 Soziale Symbole zu Google Sites hinzuf\u00fcgen (2026)","isPartOf":{"@id":"https:\/\/elfsight.com\/de\/#website"},"datePublished":"1970-01-01T00:00:00+00:00","dateModified":"2025-01-13T11:29:32+00:00","description":"Implementieren Sie eine responsive YouTube-Galerie-App auf Ihrer Google Sites-Website und erreichen Sie volle Vertrauensw\u00fcrdigkeit. Nutzen Sie die Elfsight-Demo, um Ihr einzigartiges Feature zu erstellen.","breadcrumb":{"@id":"https:\/\/elfsight.com\/de\/youtube-channel-plugin-yottie\/google-sites\/#breadcrumb"},"inLanguage":"de","potentialAction":[{"@type":"ReadAction","target":["https:\/\/elfsight.com\/de\/youtube-channel-plugin-yottie\/google-sites\/"]}]},{"@type":"BreadcrumbList","@id":"https:\/\/elfsight.com\/de\/youtube-channel-plugin-yottie\/google-sites\/#breadcrumb","itemListElement":[{"@type":"ListItem","position":1,"name":"Home","item":"https:\/\/elfsight.com\/de\/"},{"@type":"ListItem","position":2,"name":"YouTube Gallery","item":"https:\/\/elfsight.com\/de\/youtube-channel-plugin-yottie\/"},{"@type":"ListItem","position":3,"name":"YouTube Gallery &#8211; Google Sites"}]},{"@type":"WebSite","@id":"https:\/\/elfsight.com\/de\/#website","url":"https:\/\/elfsight.com\/de\/","name":"Elfsight DE","description":"Just another Elfsight Sites site","potentialAction":[{"@type":"SearchAction","target":{"@type":"EntryPoint","urlTemplate":"https:\/\/elfsight.com\/de\/?s={search_term_string}"},"query-input":{"@type":"PropertyValueSpecification","valueRequired":true,"valueName":"search_term_string"}}],"inLanguage":"de"}]}},"meta_box":{"industry":"","seo_heading":"","heading":"","description":"","cta_heading":"","cta_description":"","application":"98","h1":"YouTube-Galerie-Widget von Google Sites","h1_caption":"Betten Sie eine Galerie mit YouTube-Videos ein, um Inhalte wie Tutorials, Erfahrungsberichte oder Produktpr\u00e4sentationen auf Ihrer Website m\u00fchelos in Ihre Google Sites einzubinden.","application_category":[],"applications_title":"","applications_request_title":"","applications_request_button_text":"","hero_text":"","hero_video":"","hero_video_schema_markup":"","selling_points_title":"","selling_points_caption":"","selling_points":[],"selling_points_cta_text":"","features_title":"","features":"","ed_cta_examples_text":"","ed_cta_examples_hidden":"","ed_cta_demo_text":"","ed_cta_demo_hidden":"","why_caption":"","why_editor_title":"","why_editor_text":"","why_team_title":"","why_team_text":"","why_service_title":"","why_service_text":"","template_catalog_visible":"0","template_catalog_title":"","template_catalog_text":"","template_catalog_categories_visible":"","demo_title":"Erstellen Sie Ihr YouTube-Galerie-Widget","demo_caption":"Konfigurieren Sie Ihre YouTube-Galerie und f\u00fcgen Sie sie kostenlos zu Ihrer Google Sites-Website hinzu!","default_faq_hidden":"","app_template_category":[],"platform":"3000","template_public_id":"","codecanyon_url":"","codecanyon_item_id":"","codecanyon_price":"","pricing_caption":"","pricing_elfsight_apps_hide_column":"","pricing_elfsight_apps_url":"","pricing_codecanyon_price_caption":"","integration_category":[],"integration_request_title":"","integration_request_cta":"","integration_platform":"","integrations":[],"platform_category":[],"video_schema_markup":"","price":"ab 0 $ \/ Monat","trial":"","benefits":[{"text":"Kostenlose Installationshilfe"},{"text":"Kompetenter Kundenservice"},{"text":"14-t\u00e4gige Geld-zur\u00fcck-Garantie"},{"text":"Fortlaufende Entwicklung"}],"button_url":"#demo","button_target_blank":"0","button_nofollow":"0","attributes":[{"name":"Installiert","content":"100,000 - 500,000","_state":"expanded"},{"name":"Reaktionsfreudig","content":"Am besten f\u00fcr Handys","_state":"expanded"},{"name":"Kompatible Browser","content":"Chrome, Safari, Firefox, Edge, Opera"}],"tags":[],"tags_disable_links":"1","hide_more_platforms":"","video_object":"","demo_hide_cta":"0","demo_hide_cloud_options":"0","pricing_title":"","pricing":[{"pricing_icon":"platform","pricing_title":"Elfsight Apps","pricing_title_caption":"Multiplattform-Version, die auf jeder Website funktioniert","pricing_price":"ab 0 $ \/ Monat","pricing_price_caption":"Beginnen Sie mit einem kostenlosen Plan","pricing_benefits":[{"text":"Unbegrenzte Domains"},{"text":"Engagierter Kundensupport"},{"text":"Kostenloser Installationsservice"},{"text":"Sonderpreis f\u00fcr mehrere Apps"}],"pricing_button_text":"Zur Website hinzuf\u00fcgen","pricing_button_url":"#demo","_state":"expanded"}],"related_apps_title":"","related_apps_hidden":"1","author":"","image":[],"title":"","job":"","social_networks":[]},"_links":{"self":[{"href":"https:\/\/elfsight.com\/de\/wp-json\/wp\/v2\/pages\/6635","targetHints":{"allow":["GET"]}}],"collection":[{"href":"https:\/\/elfsight.com\/de\/wp-json\/wp\/v2\/pages"}],"about":[{"href":"https:\/\/elfsight.com\/de\/wp-json\/wp\/v2\/types\/page"}],"author":[{"embeddable":true,"href":"https:\/\/elfsight.com\/de\/wp-json\/wp\/v2\/users\/9"}],"replies":[{"embeddable":true,"href":"https:\/\/elfsight.com\/de\/wp-json\/wp\/v2\/comments?post=6635"}],"version-history":[{"count":5,"href":"https:\/\/elfsight.com\/de\/wp-json\/wp\/v2\/pages\/6635\/revisions"}],"predecessor-version":[{"id":23519,"href":"https:\/\/elfsight.com\/de\/wp-json\/wp\/v2\/pages\/6635\/revisions\/23519"}],"up":[{"embeddable":true,"href":"https:\/\/elfsight.com\/de\/wp-json\/wp\/v2\/pages\/106"}],"wp:attachment":[{"href":"https:\/\/elfsight.com\/de\/wp-json\/wp\/v2\/media?parent=6635"}],"curies":[{"name":"wp","href":"https:\/\/api.w.org\/{rel}","templated":true}]}}