{"id":662,"date":"2020-04-28T09:13:58","date_gmt":"2020-04-28T09:13:58","guid":{"rendered":"https:\/\/elfsight.com\/de\/?page_id=662"},"modified":"2020-10-21T15:24:45","modified_gmt":"2020-10-21T15:24:45","slug":"examples","status":"publish","type":"page","link":"https:\/\/elfsight.com\/de\/facebook-feed-widget\/examples\/","title":{"rendered":"Facebook Feed &#8211; Examples"},"content":{"rendered":"\n<div class=\"application-examples-item application-examples-item-loading\">\n                            <div class=\"col-row\">\n                                <div class=\"col-6 col-m-8 col-s-12\"><h3 class=\"application-examples-item-title\">Mittelgro\u00dfes Widget<\/h3><div class=\"application-examples-item-description\">Dieses Widget in mittlerer Gr\u00f6\u00dfe eignet sich f\u00fcr die meisten F\u00e4lle, in denen Facebook in einen Inhaltsbereich der Website eingebettet werden muss. Sie k\u00f6nnen die Parameter f\u00fcr Breite und H\u00f6he leicht \u00e4ndern, um sie an Ihren Website-Container anzupassen. Die Header zeigt das Titelbild, den Namen und die Statistik sowie die Gef\u00e4llt mir und Teilen \u0421TA Schaltfl\u00e4chen.<\/div><\/div>\n                <\/div>\n\n                <div class=\"application-examples-item-iframe-container browser-frame\">\n                    <div class=\"application-examples-item-iframe-wrapper\">\n                        <iframe class=\"application-examples-item-iframe\" data-src=\"https:\/\/elfsight.com\/examples?widget_id=65f1a82e-4c58-4156-8670-47ac0bde6256&padding=28px+0+28px+0\" width=\"100%\" allow=\"autoplay; fullscreen\"><\/iframe>\n                    <\/div>\n\n                    <div class=\"application-examples-item-loader\"><\/div>\n                <\/div>\n            <\/div>\n\n<div class=\"application-examples-item application-examples-item-loading\">\n                            <div class=\"col-row\">\n                                <div class=\"col-6 col-m-8 col-s-12\"><h3 class=\"application-examples-item-title\">Kleines Widget<\/h3><div class=\"application-examples-item-description\">Dies ist ein Beispiel f\u00fcr die Verwendung des Widgets, wenn Sie auf Ihrer Website nicht viel Platz daf\u00fcr haben. Dank der automatischen Anpassungsf\u00e4higkeit, unabh\u00e4ngig von den von Ihnen festgelegten Parametern f\u00fcr Breite und H\u00f6he, passt der Feed perfekt zur Website. Halten Sie Ihre Benutzer mit Ihrem kompakten Facebook-Feed auf dem Laufenden!<\/div><\/div>\n                <\/div>\n\n                <div class=\"application-examples-item-iframe-container browser-frame\">\n                    <div class=\"application-examples-item-iframe-wrapper\">\n                        <iframe class=\"application-examples-item-iframe\" data-src=\"https:\/\/elfsight.com\/examples?widget_id=44f40d30-805e-4c95-848e-9d06cfe62c6e&padding=28px+0+28px+0\" width=\"100%\" allow=\"autoplay; fullscreen\"><\/iframe>\n                    <\/div>\n\n                    <div class=\"application-examples-item-loader\"><\/div>\n                <\/div>\n            <\/div>\n\n<div class=\"application-examples-item application-examples-item-loading\">\n                            <div class=\"col-row\">\n                                <div class=\"col-6 col-m-8 col-s-12\"><h3 class=\"application-examples-item-title\">Gro\u00dfes Widget<\/h3><div class=\"application-examples-item-description\">Damit das Widget gr\u00f6\u00dfer in die Seite passt, k\u00f6nnen Sie nur ausgew\u00e4hlte Elemente anzeigen. Hier wird beispielsweise das Titelbild des Headers ausgeschaltet, damit die Pfosten weniger sperrig aussehen.<\/div><\/div>\n                <\/div>\n\n                <div class=\"application-examples-item-iframe-container browser-frame\">\n                    <div class=\"application-examples-item-iframe-wrapper\">\n                        <iframe class=\"application-examples-item-iframe\" data-src=\"https:\/\/elfsight.com\/examples?widget_id=c76d1fcd-2287-469a-b37e-5384fbc49147&padding=28px+0+28px+0\" width=\"100%\" allow=\"autoplay; fullscreen\"><\/iframe>\n                    <\/div>\n\n                    <div class=\"application-examples-item-loader\"><\/div>\n                <\/div>\n            <\/div>\n\n\n<div class=\"application-cta-create\">\n                    <div class=\"application-cta-create-bg\">\n                        <div class=\"application-cta-create-bg-left\"><\/div>\n\n                        <div class=\"application-cta-create-bg-right\">\n                            <img decoding=\"async\" src=\"https:\/\/elfsight.com\/de\/wp-content\/themes\/elfsight\/frontend\/assets\/img\/application-cta-create.jpg\" alt=\"Beginnen Sie mit der Erstellung Ihres Widgets\">\n                        <\/div>\n                    <\/div>\n\n                    <div class=\"application-cta-create-content inner\">\n                        <div class=\"application-cta-create-content-inner\">\n                            <div class=\"application-cta-create-content-icon\">\n                                <svg viewBox=\"0 0 25 25\" width=\"100%\" height=\"100%\">\n                                    <use xlink:href=\"#icon-settings\"><\/use>\n                                <\/svg>\n                            <\/div>\n\n                            <div class=\"application-cta-create-content-title\">Beginnen Sie mit der Erstellung Ihres Widgets<\/div>\n\n                            <div class=\"application-cta-create-content-text\">Schnell. Einfach. Keine Codierung.<\/div>\n\n                            <a class=\"application-cta-create-content-button button-48 button-has-right-icon button-black button\" href=\"\">\n                                <span class=\"button-label\">Widget erstellen<\/span>\n\n                                <svg class=\"button-icon\">\n                                    <use xlink:href=\"#icon-arrow-link\"><\/use>\n                                <\/svg>\n                            <\/a>\n                        <\/div>\n                    <\/div>\n                <\/div>\n\n\n<div class=\"application-examples-item application-examples-item-loading\">\n                            <div class=\"col-row\">\n                                <div class=\"col-6 col-m-8 col-s-12\"><h3 class=\"application-examples-item-title\">Facebook Beitr\u00e4ge<\/h3><\/div>\n                <\/div>\n\n                <div class=\"application-examples-item-iframe-container browser-frame\">\n                    <div class=\"application-examples-item-iframe-wrapper\">\n                        <iframe class=\"application-examples-item-iframe application-examples-item-iframe-fixed-height\" data-src=\"https:\/\/elfsight.com\/examples?widget_id=9379248d-4729-4f4f-bf00-172664e4ebfd&padding=28px+0+28px+0\" width=\"100%\" height=\"830px\" allow=\"autoplay; fullscreen\"><\/iframe>\n                    <\/div>\n\n                    <div class=\"application-examples-item-loader\"><\/div>\n                <\/div>\n            <\/div>\n\n<div class=\"application-examples-item application-examples-item-loading\">\n                            <div class=\"col-row\">\n                                <div class=\"col-6 col-m-8 col-s-12\"><h3 class=\"application-examples-item-title\">Volle Breite Beitr\u00e4ge<\/h3><div class=\"application-examples-item-description\">M\u00f6chten Sie nur Facebook-Feeds auf Ihrer Website sehen? Stellen Sie den Auto-Wert in den Einstellungen f\u00fcr Breite und H\u00f6he ein und das Widget passt automatisch an die verf\u00fcgbare Stelle auf der Seite. Mit dem header ausgeschaltet, schaltet sich das Futter in eine beeindruckende Galerie der Beitr\u00e4ge.<\/div><\/div>\n                <\/div>\n\n                <div class=\"application-examples-item-iframe-container browser-frame\">\n                    <div class=\"application-examples-item-iframe-wrapper\">\n                        <iframe class=\"application-examples-item-iframe application-examples-item-iframe-fixed-height\" data-src=\"https:\/\/elfsight.com\/examples?widget_id=1bf5195b-e68e-485c-a49e-fb9e77aa3df4&padding=28px+0+28px+0\" width=\"100%\" height=\"800px\" allow=\"autoplay; fullscreen\"><\/iframe>\n                    <\/div>\n\n                    <div class=\"application-examples-item-loader\"><\/div>\n                <\/div>\n            <\/div>\n\n<div class=\"application-examples-item application-examples-item-loading\">\n                            <div class=\"col-row\">\n                                <div class=\"col-6 col-m-8 col-s-12\"><h3 class=\"application-examples-item-title\">Facebook Fotos<\/h3><div class=\"application-examples-item-description\">Verwandeln Sie Ihren Feed mit nur wenigen Klicks in eine faszinierende Fotogalerie. Minimalistisch und stilvoll, wird es viel mehr Besucher anziehen. Die Fotos k\u00f6nnen im Popup angezeigt werden, um sie vollst\u00e4ndig anzuzeigen, und Benutzer k\u00f6nnen direkt dorthin navigieren, ziehen oder Pfeile verwenden. Der Gef\u00e4llt mir-Z\u00e4hler und die Share-Schaltfl\u00e4che sind auch im Popup verf\u00fcgbar.<\/div><\/div>\n                <\/div>\n\n                <div class=\"application-examples-item-iframe-container browser-frame\">\n                    <div class=\"application-examples-item-iframe-wrapper\">\n                        <iframe class=\"application-examples-item-iframe application-examples-item-iframe-fixed-height\" data-src=\"https:\/\/elfsight.com\/examples?widget_id=2f8a1481-8dcf-4bbd-a36c-180a5a3ed6c1&padding=28px+0+28px+0\" width=\"100%\" height=\"800px\" allow=\"autoplay; fullscreen\"><\/iframe>\n                    <\/div>\n\n                    <div class=\"application-examples-item-loader\"><\/div>\n                <\/div>\n            <\/div>\n","protected":false},"excerpt":{"rendered":"","protected":false},"author":11,"featured_media":0,"parent":651,"menu_order":0,"comment_status":"closed","ping_status":"closed","template":"templates\/template-application-examples.php","meta":{"publish_to_discourse":"","publish_post_category":"","wpdc_auto_publish_overridden":"","wpdc_topic_tags":"","wpdc_pin_topic":"","wpdc_pin_until":"","discourse_post_id":"","discourse_permalink":"","wpdc_publishing_response":"","wpdc_publishing_error":"","footnotes":""},"class_list":["post-662","page","type-page","status-publish","hentry"],"yoast_head":"<!-- This site is optimized with the Yoast SEO plugin v25.3.1 - https:\/\/yoast.com\/wordpress\/plugins\/seo\/ -->\n<title>Beispiele f\u00fcr Facebook Newsfeed in Webseite einbinden<\/title>\n<meta name=\"description\" content=\"TOP 6-Website Beispiele f\u00fcr die Integration von Facebook-Feeds: Alle Arten von Inhalten, Newsfeeds, Widgets, Fotofeeds, Videogalerien und anderen Vorlagen f\u00fcr Ihre Website.\" \/>\n<meta name=\"robots\" content=\"index, follow, max-snippet:-1, max-image-preview:large, max-video-preview:-1\" \/>\n<link rel=\"canonical\" href=\"https:\/\/elfsight.com\/de\/facebook-feed-widget\/examples\/\" \/>\n<meta property=\"og:locale\" content=\"de_DE\" \/>\n<meta property=\"og:type\" content=\"article\" \/>\n<meta property=\"og:title\" content=\"Beispiele f\u00fcr Facebook Newsfeed in Webseite einbinden\" \/>\n<meta property=\"og:description\" content=\"TOP 6-Website Beispiele f\u00fcr die Integration von Facebook-Feeds: Alle Arten von Inhalten, Newsfeeds, Widgets, Fotofeeds, Videogalerien und anderen Vorlagen f\u00fcr Ihre Website.\" \/>\n<meta property=\"og:url\" content=\"https:\/\/elfsight.com\/de\/facebook-feed-widget\/examples\/\" \/>\n<meta property=\"og:site_name\" content=\"Elfsight DE\" \/>\n<meta property=\"article:modified_time\" content=\"2020-10-21T15:24:45+00:00\" \/>\n<meta name=\"twitter:card\" content=\"summary_large_image\" \/>\n<meta name=\"twitter:label1\" content=\"Gesch\u00e4tzte Lesezeit\" \/>\n\t<meta name=\"twitter:data1\" content=\"2\u00a0Minuten\" \/>\n<!-- \/ Yoast SEO plugin. -->","yoast_head_json":{"title":"Beispiele f\u00fcr Facebook Newsfeed in Webseite einbinden","description":"TOP 6-Website Beispiele f\u00fcr die Integration von Facebook-Feeds: Alle Arten von Inhalten, Newsfeeds, Widgets, Fotofeeds, Videogalerien und anderen Vorlagen f\u00fcr Ihre Website.","robots":{"index":"index","follow":"follow","max-snippet":"max-snippet:-1","max-image-preview":"max-image-preview:large","max-video-preview":"max-video-preview:-1"},"canonical":"https:\/\/elfsight.com\/de\/facebook-feed-widget\/examples\/","og_locale":"de_DE","og_type":"article","og_title":"Beispiele f\u00fcr Facebook Newsfeed in Webseite einbinden","og_description":"TOP 6-Website Beispiele f\u00fcr die Integration von Facebook-Feeds: Alle Arten von Inhalten, Newsfeeds, Widgets, Fotofeeds, Videogalerien und anderen Vorlagen f\u00fcr Ihre Website.","og_url":"https:\/\/elfsight.com\/de\/facebook-feed-widget\/examples\/","og_site_name":"Elfsight DE","article_modified_time":"2020-10-21T15:24:45+00:00","twitter_card":"summary_large_image","twitter_misc":{"Gesch\u00e4tzte Lesezeit":"2\u00a0Minuten"},"schema":{"@context":"https:\/\/schema.org","@graph":[{"@type":"WebPage","@id":"https:\/\/elfsight.com\/de\/facebook-feed-widget\/examples\/","url":"https:\/\/elfsight.com\/de\/facebook-feed-widget\/examples\/","name":"Beispiele f\u00fcr Facebook Newsfeed in Webseite einbinden","isPartOf":{"@id":"https:\/\/elfsight.com\/de\/#website"},"datePublished":"2020-04-28T09:13:58+00:00","dateModified":"2020-10-21T15:24:45+00:00","description":"TOP 6-Website Beispiele f\u00fcr die Integration von Facebook-Feeds: Alle Arten von Inhalten, Newsfeeds, Widgets, Fotofeeds, Videogalerien und anderen Vorlagen f\u00fcr Ihre Website.","breadcrumb":{"@id":"https:\/\/elfsight.com\/de\/facebook-feed-widget\/examples\/#breadcrumb"},"inLanguage":"de","potentialAction":[{"@type":"ReadAction","target":["https:\/\/elfsight.com\/de\/facebook-feed-widget\/examples\/"]}]},{"@type":"BreadcrumbList","@id":"https:\/\/elfsight.com\/de\/facebook-feed-widget\/examples\/#breadcrumb","itemListElement":[{"@type":"ListItem","position":1,"name":"Home","item":"https:\/\/elfsight.com\/de\/"},{"@type":"ListItem","position":2,"name":"Facebook Feed","item":"https:\/\/elfsight.com\/de\/facebook-feed-widget\/"},{"@type":"ListItem","position":3,"name":"Facebook Feed &#8211; Examples"}]},{"@type":"WebSite","@id":"https:\/\/elfsight.com\/de\/#website","url":"https:\/\/elfsight.com\/de\/","name":"Elfsight DE","description":"Just another Elfsight Sites site","potentialAction":[{"@type":"SearchAction","target":{"@type":"EntryPoint","urlTemplate":"https:\/\/elfsight.com\/de\/?s={search_term_string}"},"query-input":{"@type":"PropertyValueSpecification","valueRequired":true,"valueName":"search_term_string"}}],"inLanguage":"de"}]}},"meta_box":{"industry":"","seo_heading":"","heading":"","description":"","cta_heading":"","cta_description":"","application":"185","h1":"Facebook Feed Beispiele","h1_caption":"","application_category":[],"applications_title":"","applications_request_title":"","applications_request_button_text":"","hero_text":"","hero_video":"","hero_video_schema_markup":"","selling_points_title":"","selling_points_caption":"","selling_points":[],"selling_points_cta_text":"","features_title":"","features":"","ed_cta_examples_text":"","ed_cta_examples_hidden":"","ed_cta_demo_text":"","ed_cta_demo_hidden":"","why_caption":"","why_editor_title":"","why_editor_text":"","why_team_title":"","why_team_text":"","why_service_title":"","why_service_text":"","template_catalog_visible":"","template_catalog_title":"","template_catalog_text":"","template_catalog_categories_visible":"","demo_title":"","demo_caption":"","default_faq_hidden":"","app_template_category":[],"platform":"","template_public_id":"","codecanyon_url":"","codecanyon_item_id":"","codecanyon_price":"","pricing_caption":"","pricing_elfsight_apps_hide_column":"","pricing_elfsight_apps_url":"","pricing_codecanyon_price_caption":"","integration_category":[],"integration_request_title":"","integration_request_cta":"","integration_platform":"","integrations":[],"platform_category":[],"video_schema_markup":"","price":"","trial":"","benefits":[],"button_url":"","button_target_blank":"","button_nofollow":"","attributes":[],"tags":[],"tags_disable_links":"","hide_more_platforms":"","video_object":"","demo_hide_cta":"","demo_hide_cloud_options":"","pricing_title":"","pricing":[],"related_apps_title":"","related_apps_hidden":"","author":"","image":[],"title":"","job":"","social_networks":[]},"_links":{"self":[{"href":"https:\/\/elfsight.com\/de\/wp-json\/wp\/v2\/pages\/662","targetHints":{"allow":["GET"]}}],"collection":[{"href":"https:\/\/elfsight.com\/de\/wp-json\/wp\/v2\/pages"}],"about":[{"href":"https:\/\/elfsight.com\/de\/wp-json\/wp\/v2\/types\/page"}],"author":[{"embeddable":true,"href":"https:\/\/elfsight.com\/de\/wp-json\/wp\/v2\/users\/11"}],"replies":[{"embeddable":true,"href":"https:\/\/elfsight.com\/de\/wp-json\/wp\/v2\/comments?post=662"}],"version-history":[{"count":2,"href":"https:\/\/elfsight.com\/de\/wp-json\/wp\/v2\/pages\/662\/revisions"}],"predecessor-version":[{"id":664,"href":"https:\/\/elfsight.com\/de\/wp-json\/wp\/v2\/pages\/662\/revisions\/664"}],"up":[{"embeddable":true,"href":"https:\/\/elfsight.com\/de\/wp-json\/wp\/v2\/pages\/651"}],"wp:attachment":[{"href":"https:\/\/elfsight.com\/de\/wp-json\/wp\/v2\/media?parent=662"}],"curies":[{"name":"wp","href":"https:\/\/api.w.org\/{rel}","templated":true}]}}