{"id":658,"date":"2020-04-28T08:51:39","date_gmt":"2020-04-28T08:51:39","guid":{"rendered":"https:\/\/elfsight.com\/de\/?page_id=658"},"modified":"2020-10-21T15:24:43","modified_gmt":"2020-10-21T15:24:43","slug":"features","status":"publish","type":"page","link":"https:\/\/elfsight.com\/de\/facebook-feed-widget\/features\/","title":{"rendered":"Facebook Feed &#8211; Features"},"content":{"rendered":"\n<section class=\"application-features-group section\" id=\"sources\">\n                    <div class=\"inner\">\n                        <div class=\"col-row\">\n                            <div class=\"col-6 col-offset-3 col-m-12 col-m-offset-0\"><\/p>\n<h3>Embed Facebook Page on Website<\/h3>\n<p>Eine Facebook-Seite mit vielen interessanten Inhalten betreiben? Verpassen Sie nicht die Chance, es in ein paar Klicks auf Ihrer Website zu integrieren. Kopieren Sie die URL oder ID und f\u00fcgen Sie sie in das spezielle Feld auf der Tab &#8222;Quelle&#8220; des Editors unseres Facebook-Seiten-Widgets ein. Jetzt sehen und teilen mehr Benutzer Ihre Facebook-Inhalte <\/p>\n<p><div class=\"post-row col-row\"><br><div class=\"col-12 col-offset-0 col-m-12 col-m-offset-0\"><\/p>\n<figure><img decoding=\"async\" src=\"https:\/\/elfsight.com\/wp-content\/uploads\/2018\/05\/facebook-sources-display-your-posts.jpg\" alt=\"Facebook page feed widget\"><\/figure>\n<p><\/div><br><\/div><\/p>\n<p><\/div>\n                        <\/div>\n                    <\/div>\n\n                    <div class=\"application-features-group-title\">QUELLEN<\/div>\n                <\/section>\n<section class=\"application-cta-ed\">\n                    <div class=\"inner\">\n                        <div class=\"col-row\">\n                            <div class=\"col-6 col-m-12\">\n                                <div class=\"application-cta-ed-item-examples application-cta-ed-item\">\n                                    <div class=\"application-cta-ed-item-icon\">\n                                        <svg viewBox=\"0 0 25 25\" width=\"100%\" height=\"100%\">\n                                            <use xlink:href=\"#icon-desktop\"><\/use>\n                                        <\/svg>\n                                    <\/div>\n\n                                    <div class=\"application-cta-ed-item-content\">\n                                        <div class=\"application-cta-ed-item-content-title\">Anwendungsbeispiele<\/div>\n\n                                        <div class=\"application-cta-ed-item-content-text\">Sehen Sie echte Beispiele an, um das volle Potenzial von  f\u00fcr Ihre Website zu entdecken.\n                                        <\/div>\n\n                                        <a class=\"button-48 button-purple button\" href=\"\">In Aktion sehen<\/a>\n                                    <\/div>\n                                <\/div>\n                            <\/div>\n                            <div class=\"col-6 col-m-12\">\n                                <div class=\"application-cta-ed-item-demo application-cta-ed-item\">\n                                    <div class=\"application-cta-ed-item-icon\">\n                                        <svg viewBox=\"0 0 25 25\" width=\"100%\" height=\"100%\">\n                                            <use xlink:href=\"#icon-settings\"><\/use>\n                                        <\/svg>\n                                    <\/div>\n\n                                    <div class=\"application-cta-ed-item-content\">\n                                        <div class=\"application-cta-ed-item-content-title\">Live-Demo<\/div>\n\n                                        <div class=\"application-cta-ed-item-content-text\">Probieren Sie alle Funktionen von  in Live-Demo aus. Keine Zahlung, Keine Registration. Keine Codierung.\n                                        <\/div>\n\n                                        <a class=\"button-48 button-magenta button\" href=\"#demo\" data-nav-scroll-to=\"demo\">Jetzt testen<\/a>\n                                    <\/div>\n                                <\/div>\n                            <\/div>\n                        <\/div>\n                    <\/div>\n                <\/section>\n<section class=\"application-features-group section\" style=\"background-color:#fafafa;\" id=\"content\">\n                    <div class=\"inner\">\n                        <div class=\"col-row\">\n                            <div class=\"col-6 col-offset-3 col-m-12 col-m-offset-0\"><\/p>\n<h3>Facebook news feed in webseite einbinden<\/h3>\n<p>Wenn Sie Ihren Facebook-Feed erstellen, demonstrieren Sie Ihre Beliebtheit anhand der Anzahl der Gef\u00e4llt mir und Shares. Helfen Sie Ihren Website-Besuchern, den Inhalt direkt aus dem Feed heraus zu teilen, indem Sie die Schaltfl\u00e4che &#8222;Teilen&#8220; anzeigen. Alle diese Funktionen k\u00f6nnen bei Bedarf einfach ausgeschaltet werden.<\/p>\n<p><div class=\"tip-yellow tip\"><br><strong>Tipp:<\/strong> Wenn Ihre Facebook-Seite neu ist und nicht zu viele Besucheraktivit\u00e4ten aufweist, k\u00f6nnen Sie den Z\u00e4hler f\u00fcr Gef\u00e4llt mir und Kommentare in Ihrem Widget deaktivieren.<br><\/div><\/p>\n<p><div class=\"post-row col-row\"><br><div class=\"col-12 col-offset-0 col-m-12 col-m-offset-0\"><\/p>\n<figure><img decoding=\"async\" src=\"https:\/\/elfsight.com\/wp-content\/uploads\/2018\/05\/facebook-content-display-your-posts.jpg\" alt=\"Facebook news feed in webseite einbinden\"><\/figure>\n<p><\/div><br><\/div><\/p>\n<h3>Erstellen Sie ein attraktives Facebook Foto Widget<\/h3>\n<p>Mit Hilfe des Facebook Social Plugins auf der Website k\u00f6nnen Sie ganz einfach Fotos auf Ihrer Website hinzuf\u00fcgen. Organisieren Sie alle Fotos mit Alben oder zeigen Sie sie in Posts an. Alle Ihre Bilder k\u00f6nnen in einem Popup mit Autor, Datum, Kommentaren und Anzahl der Gef\u00e4llt mir und Shares angezeigt werden. Direkt aus dem Popup k\u00f6nnen Ihre Besucher Fotos auf Facebook, Twitter oder Google+ teilen.<\/p>\n<p><div class=\"tip-yellow tip\"><br><strong>Tipp:<\/strong> Sie k\u00f6nnen Ihren Facebook-Feed als Foto-Widget verwenden. Dazu m\u00fcssen Sie den Header und das Men\u00fc ausschalten und Beitr\u00e4ge und Videos ausblenden. Der Foto-Feed zeigt nur Bilder an und kann mit einem Slider perfekt im Popup angezeigt werden.<br><\/div><\/p>\n<figure><img decoding=\"async\" src=\"https:\/\/elfsight.com\/wp-content\/uploads\/2018\/05\/facebook-content-display-photos.jpg\" alt=\"Facebook photo widget\"><\/figure>\n<h3>Betten Sie das Facebook-Video in die Website ein<\/h3>\n<p>Verwenden Sie Ihr Facebook-Seiten-Widget ganz einfach als Facebook Video Widget. Schalten Sie Beitr\u00e4ge und Fotos aus, um nur Videos von Ihrer Facebook Seite anzuzeigen. Sie k\u00f6nnen Videobeschreibung, Z\u00e4hler von Vorlieben und Aktien zeigen, nur um in der Liste die gew\u00fcnschten Optionen tickt.<\/p>\n<figure><img decoding=\"async\" src=\"https:\/\/elfsight.com\/wp-content\/uploads\/2018\/05\/facebook-content-display-videos.jpg\" alt=\"Facebook-Video in die Website einbetten\"><\/figure>\n<p><\/div>\n                        <\/div>\n                    <\/div>\n\n                    <div class=\"application-features-group-title\">Content<\/div>\n                <\/section>\n<section class=\"application-features-group section\" id=\"layout\">\n                    <div class=\"inner\">\n                        <div class=\"col-row\">\n                            <div class=\"col-6 col-offset-3 col-m-12 col-m-offset-0\"><\/p>\n<h3>\nPassen Sie die Widget-Gr\u00f6\u00dfe an jede Seite an<\/h3>\n<p>Mit dem Elfsight Facebook Page Widget k\u00f6nnen Sie die Gr\u00f6\u00dfe festlegen, die f\u00fcr Sie am besten geeignet ist. Sie k\u00f6nnen die Breite und H\u00f6he Ihres Facebook Feeds auf der Tab &#8222;Layout&#8220; an Ihren Inhaltsbereich anpassen.<\/p>\n<p><div class=\"post-row col-row\"><br><div class=\"col-12 col-offset-0 col-m-12 col-m-offset-0\"><\/p>\n<figure><img decoding=\"async\" src=\"https:\/\/elfsight.com\/wp-content\/uploads\/2018\/05\/facebook-layout-adjustable-sizes.jpg\" alt=\"Facebook page widget\"><\/figure>\n<p><\/div><br><\/div><\/p>\n<h3>Optimierung f\u00fcr Mobilger\u00e4te<\/h3>\n<p>Der Elfsight Facebook-Seiten-Feed verf\u00fcgt \u00fcber eine automatische Gr\u00f6\u00dfen\u00e4nderung, die von der eingestellten Breite und H\u00f6he abh\u00e4ngt. Es passt den Inhalt an die Feed Breite des Widgets an und zeigt ihn auf die f\u00fcr den Betrachter bequemste Weise an.<\/p>\n<p><div class=\"post-row col-row\"><br><div class=\"col-12 col-offset-0 col-m-12 col-m-offset-0\"><\/p>\n<figure><img decoding=\"async\" src=\"https:\/\/elfsight.com\/wp-content\/uploads\/2018\/05\/facebook-layout-mobile-optimizes.jpg\" alt=\"Facebook page feed\"><\/figure>\n<p><\/div><br><\/div><\/p>\n<p><\/div>\n                        <\/div>\n                    <\/div>\n\n                    <div class=\"application-features-group-title\">Layout<\/div>\n                <\/section>\n<section class=\"application-features-group section\" style=\"background-color:#fafafa;\" id=\"presentation\">\n                    <div class=\"inner\">\n                        <div class=\"col-row\">\n                            <div class=\"col-6 col-offset-3 col-m-12 col-m-offset-0\"><\/p>\n<h3>\nPassen Sie den Header an Ihren Anwendungsfall an<\/h3>\n<p>Der Header ist eines der strategischen Elemente Ihres Facebook-Feeds. Deshalb k\u00f6nnen Sie es im Elfsight Facebook-Widget anpassen. Anzeigen oder Ausblenden von Konto- oder Seitenbildern sowie Hinzuf\u00fcgen von Call-to-Action-Schaltfl\u00e4chen, Gef\u00e4llt mir und Shares-Z\u00e4hlern &#8211; es liegt an Ihnen, welchen Facebook-Feed auf der Website einbinden. Und es gibt noch einen Bonus f\u00fcr Sie: erstellen Sie eine Foto- oder Video Galerie oder einen Newsfeed. <\/p>\n<p><div class=\"tip-yellow tip\"><br><strong>Tipp:<\/strong> Der Header ist eines der gr\u00f6\u00dften Elemente des Feeds. Wenn Ihr Platzbedarf gering ist, k\u00f6nnen Sie das Titelbild ausschalten und Platz auf der Website sparen.\n<br><\/div><\/p>\n<p><div class=\"post-row col-row\"><br><div class=\"col-3 col-offset-3 col-m-12 col-m-offset-0\"><\/p>\n<p><strong>Header-Elemente:<\/strong><\/p>\n<ol>\n<li>Titelbild<\/li>\n<li>\u0421TA buttons (Gef\u00e4llt mir oder Teilen elemente)<\/li>\n<li>Seitenbild<\/li>\n<li>Gef\u00e4llt mir Z\u00e4hler<\/li>\n<\/ol>\n<p><\/div><br><div class=\"col-6 col-offset-0 col-m-12 col-m-offset-0\"><\/p>\n<figure><img decoding=\"async\" src=\"https:\/\/elfsight.com\/wp-content\/uploads\/2018\/05\/facebook-presentation-modify-the-header.jpg\" alt=\"Facebook Live Feed\"><\/figure>\n<p><\/div><br><\/div><\/p>\n<h3>\nStilvolles Popup f\u00fcr eine detaillierte Anzeige<\/h3>\n<p>Machen Sie Ihre Inhalte im Vollbildmodus mit einem fantastischen Popup beeindruckend. Mit einem Klick sehen Ihre Besucher Ihre Fotos und Videos in voller Gr\u00f6\u00dfe mit Beschreibung, Kommentaren mit Emojis, Gef\u00e4llt Mir und Teilen Buttons. <\/p>\n<p><div class=\"post-row col-row\"><br><div class=\"col-12 col-offset-0 col-m-12 col-m-offset-0\"><\/p>\n<figure><img decoding=\"async\" src=\"https:\/\/elfsight.com\/wp-content\/uploads\/2018\/05\/facebook-presentation-stylish-popup.jpg\"><\/figure>\n<p><\/div><br><\/div><\/p>\n<h3>Strukturieren Sie den Feed mit einem Men\u00fc<\/h3>\n<p>Das Men\u00fc Ihres Feeds ist das Element, das Struktur bringt und Ihren Benutzern die Navigation erleichtert. Wenn Sie dies jedoch nicht ben\u00f6tigen, schalten Sie es einfach auf der Tab &#8222;Layout&#8220; aus und Sie sehen nur einen Inhaltstyp.<\/p>\n<figure><img decoding=\"async\" src=\"https:\/\/elfsight.com\/wp-content\/uploads\/2018\/05\/facebook-presentation-switchable-menu-1.jpg\"><\/figure>\n<p><\/div>\n                        <\/div>\n                    <\/div>\n\n                    <div class=\"application-features-group-title\">PR\u00c4SENTATION<\/div>\n                <\/section>\n","protected":false},"excerpt":{"rendered":"","protected":false},"author":11,"featured_media":0,"parent":651,"menu_order":0,"comment_status":"closed","ping_status":"closed","template":"templates\/template-application-features.php","meta":{"publish_to_discourse":"","publish_post_category":"","wpdc_auto_publish_overridden":"","wpdc_topic_tags":"","wpdc_pin_topic":"","wpdc_pin_until":"","discourse_post_id":"","discourse_permalink":"","wpdc_publishing_response":"","wpdc_publishing_error":"","footnotes":""},"class_list":["post-658","page","type-page","status-publish","hentry"],"yoast_head":"<!-- This site is optimized with the Yoast SEO plugin v25.3.1 - https:\/\/yoast.com\/wordpress\/plugins\/seo\/ -->\n<title>Facebook Social Plugin on Website - kostenlos und einfach [2025]<\/title>\n<meta name=\"description\" content=\"Testen Sie alle Facebook-Feed-Funktionen in einer Live-Demo aus. Benutzerdefinierte Einstellungen und ein vollst\u00e4ndig ansprechendes Layouts f\u00fcr jedes Ger\u00e4t.\" \/>\n<meta name=\"robots\" content=\"index, follow, max-snippet:-1, max-image-preview:large, max-video-preview:-1\" \/>\n<link rel=\"canonical\" href=\"https:\/\/elfsight.com\/de\/facebook-feed-widget\/features\/\" \/>\n<meta property=\"og:locale\" content=\"de_DE\" \/>\n<meta property=\"og:type\" content=\"article\" \/>\n<meta property=\"og:title\" content=\"Facebook Social Plugin on Website - kostenlos und einfach [2025]\" \/>\n<meta property=\"og:description\" content=\"Testen Sie alle Facebook-Feed-Funktionen in einer Live-Demo aus. Benutzerdefinierte Einstellungen und ein vollst\u00e4ndig ansprechendes Layouts f\u00fcr jedes Ger\u00e4t.\" \/>\n<meta property=\"og:url\" content=\"https:\/\/elfsight.com\/de\/facebook-feed-widget\/features\/\" \/>\n<meta property=\"og:site_name\" content=\"Elfsight DE\" \/>\n<meta property=\"article:modified_time\" content=\"2020-10-21T15:24:43+00:00\" \/>\n<meta property=\"og:image\" content=\"https:\/\/elfsight.com\/wp-content\/uploads\/2018\/05\/facebook-sources-display-your-posts.jpg\" \/>\n<meta name=\"twitter:card\" content=\"summary_large_image\" \/>\n<meta name=\"twitter:label1\" content=\"Gesch\u00e4tzte Lesezeit\" \/>\n\t<meta name=\"twitter:data1\" content=\"4\u00a0Minuten\" \/>\n<!-- \/ Yoast SEO plugin. -->","yoast_head_json":{"title":"Facebook Social Plugin on Website - kostenlos und einfach [2025]","description":"Testen Sie alle Facebook-Feed-Funktionen in einer Live-Demo aus. Benutzerdefinierte Einstellungen und ein vollst\u00e4ndig ansprechendes Layouts f\u00fcr jedes Ger\u00e4t.","robots":{"index":"index","follow":"follow","max-snippet":"max-snippet:-1","max-image-preview":"max-image-preview:large","max-video-preview":"max-video-preview:-1"},"canonical":"https:\/\/elfsight.com\/de\/facebook-feed-widget\/features\/","og_locale":"de_DE","og_type":"article","og_title":"Facebook Social Plugin on Website - kostenlos und einfach [2025]","og_description":"Testen Sie alle Facebook-Feed-Funktionen in einer Live-Demo aus. Benutzerdefinierte Einstellungen und ein vollst\u00e4ndig ansprechendes Layouts f\u00fcr jedes Ger\u00e4t.","og_url":"https:\/\/elfsight.com\/de\/facebook-feed-widget\/features\/","og_site_name":"Elfsight DE","article_modified_time":"2020-10-21T15:24:43+00:00","og_image":[{"url":"https:\/\/elfsight.com\/wp-content\/uploads\/2018\/05\/facebook-sources-display-your-posts.jpg","type":"","width":"","height":""}],"twitter_card":"summary_large_image","twitter_misc":{"Gesch\u00e4tzte Lesezeit":"4\u00a0Minuten"},"schema":{"@context":"https:\/\/schema.org","@graph":[{"@type":"WebPage","@id":"https:\/\/elfsight.com\/de\/facebook-feed-widget\/features\/","url":"https:\/\/elfsight.com\/de\/facebook-feed-widget\/features\/","name":"Facebook Social Plugin on Website - kostenlos und einfach [2025]","isPartOf":{"@id":"https:\/\/elfsight.com\/de\/#website"},"primaryImageOfPage":{"@id":"https:\/\/elfsight.com\/de\/facebook-feed-widget\/features\/#primaryimage"},"image":{"@id":"https:\/\/elfsight.com\/de\/facebook-feed-widget\/features\/#primaryimage"},"thumbnailUrl":"https:\/\/elfsight.com\/wp-content\/uploads\/2018\/05\/facebook-sources-display-your-posts.jpg","datePublished":"2020-04-28T08:51:39+00:00","dateModified":"2020-10-21T15:24:43+00:00","description":"Testen Sie alle Facebook-Feed-Funktionen in einer Live-Demo aus. Benutzerdefinierte Einstellungen und ein vollst\u00e4ndig ansprechendes Layouts f\u00fcr jedes Ger\u00e4t.","breadcrumb":{"@id":"https:\/\/elfsight.com\/de\/facebook-feed-widget\/features\/#breadcrumb"},"inLanguage":"de","potentialAction":[{"@type":"ReadAction","target":["https:\/\/elfsight.com\/de\/facebook-feed-widget\/features\/"]}]},{"@type":"ImageObject","inLanguage":"de","@id":"https:\/\/elfsight.com\/de\/facebook-feed-widget\/features\/#primaryimage","url":"https:\/\/elfsight.com\/wp-content\/uploads\/2018\/05\/facebook-sources-display-your-posts.jpg","contentUrl":"https:\/\/elfsight.com\/wp-content\/uploads\/2018\/05\/facebook-sources-display-your-posts.jpg"},{"@type":"BreadcrumbList","@id":"https:\/\/elfsight.com\/de\/facebook-feed-widget\/features\/#breadcrumb","itemListElement":[{"@type":"ListItem","position":1,"name":"Home","item":"https:\/\/elfsight.com\/de\/"},{"@type":"ListItem","position":2,"name":"Facebook Feed","item":"https:\/\/elfsight.com\/de\/facebook-feed-widget\/"},{"@type":"ListItem","position":3,"name":"Facebook Feed &#8211; Features"}]},{"@type":"WebSite","@id":"https:\/\/elfsight.com\/de\/#website","url":"https:\/\/elfsight.com\/de\/","name":"Elfsight DE","description":"Just another Elfsight Sites site","potentialAction":[{"@type":"SearchAction","target":{"@type":"EntryPoint","urlTemplate":"https:\/\/elfsight.com\/de\/?s={search_term_string}"},"query-input":{"@type":"PropertyValueSpecification","valueRequired":true,"valueName":"search_term_string"}}],"inLanguage":"de"}]}},"meta_box":{"industry":"","seo_heading":"","heading":"","description":"","cta_heading":"","cta_description":"","application":"185","h1":"Facebook Feed Widget Funktionen","h1_caption":"Sehen Sie sich alle Funktionen von Elfsight Facebook Feed an und erfahren Sie, wie Sie das effektivste Widget erstellen k\u00f6nnen.","application_category":[],"applications_title":"","applications_request_title":"","applications_request_button_text":"","hero_text":"","hero_video":"","hero_video_schema_markup":"","selling_points_title":"","selling_points_caption":"","selling_points":[],"selling_points_cta_text":"","features_title":"","features":"","ed_cta_examples_text":"","ed_cta_examples_hidden":"","ed_cta_demo_text":"","ed_cta_demo_hidden":"","why_caption":"","why_editor_title":"","why_editor_text":"","why_team_title":"","why_team_text":"","why_service_title":"","why_service_text":"","template_catalog_visible":"","template_catalog_title":"","template_catalog_text":"","template_catalog_categories_visible":"","demo_title":"","demo_caption":"","default_faq_hidden":"","app_template_category":[],"platform":"","template_public_id":"","codecanyon_url":"","codecanyon_item_id":"","codecanyon_price":"","pricing_caption":"","pricing_elfsight_apps_hide_column":"","pricing_elfsight_apps_url":"","pricing_codecanyon_price_caption":"","integration_category":[],"integration_request_title":"","integration_request_cta":"","integration_platform":"","integrations":[],"platform_category":[],"video_schema_markup":"","price":"","trial":"","benefits":[],"button_url":"","button_target_blank":"","button_nofollow":"","attributes":[],"tags":[],"tags_disable_links":"","hide_more_platforms":"","video_object":"","demo_hide_cta":"","demo_hide_cloud_options":"","pricing_title":"","pricing":[],"related_apps_title":"","related_apps_hidden":"","author":"","image":[],"title":"","job":"","social_networks":[]},"_links":{"self":[{"href":"https:\/\/elfsight.com\/de\/wp-json\/wp\/v2\/pages\/658","targetHints":{"allow":["GET"]}}],"collection":[{"href":"https:\/\/elfsight.com\/de\/wp-json\/wp\/v2\/pages"}],"about":[{"href":"https:\/\/elfsight.com\/de\/wp-json\/wp\/v2\/types\/page"}],"author":[{"embeddable":true,"href":"https:\/\/elfsight.com\/de\/wp-json\/wp\/v2\/users\/11"}],"replies":[{"embeddable":true,"href":"https:\/\/elfsight.com\/de\/wp-json\/wp\/v2\/comments?post=658"}],"version-history":[{"count":4,"href":"https:\/\/elfsight.com\/de\/wp-json\/wp\/v2\/pages\/658\/revisions"}],"predecessor-version":[{"id":1231,"href":"https:\/\/elfsight.com\/de\/wp-json\/wp\/v2\/pages\/658\/revisions\/1231"}],"up":[{"embeddable":true,"href":"https:\/\/elfsight.com\/de\/wp-json\/wp\/v2\/pages\/651"}],"wp:attachment":[{"href":"https:\/\/elfsight.com\/de\/wp-json\/wp\/v2\/media?parent=658"}],"curies":[{"name":"wp","href":"https:\/\/api.w.org\/{rel}","templated":true}]}}