{"id":6232,"date":"1970-01-01T00:00:00","date_gmt":"1970-01-01T00:00:00","guid":{"rendered":"https:\/\/elfsight.com\/de\/?page_id=6232"},"modified":"2025-07-10T08:22:09","modified_gmt":"2025-07-10T08:22:09","slug":"facebook","status":"publish","type":"page","link":"https:\/\/elfsight.com\/de\/social-feed-widget\/facebook\/","title":{"rendered":"Social Feed &#8211; Facebook"},"content":{"rendered":"<div class=\"application-platform-content-item-description application-platform-content-item\" id=\"description\" data-nav-section=\"description\"> <h2>Beschreibung<\/h2> <p>Elfsight Social Feed f\u00fcr Facebook ist ein spezielles Widget zur F\u00f6rderung nicht nur von Dingen, sondern auch von Emotionen und Erfahrungen. Damit k\u00f6nnen Sie einen individuellen Feed aus Inhalten verschiedener Quellen erstellen: Instagram, Pinterest, Facebook, Twitter, Tumblr, YouTube, Vimeo \u2013 und ihn direkt auf Ihrer Website platzieren. Erstellen Sie in 1-2-3 eine Galerie oder einen Produktkatalog! \u00dcben Sie mit vielen Filteroptionen die absolute Kontrolle \u00fcber einen demonstrierten Inhalt aus und entfernen Sie Spam und alle unerw\u00fcnschten Inhalte durch manuelle Moderation. Der vollst\u00e4ndig responsive Online-Konfigurator bietet Ihnen verschiedene Vorlagen zur Auswahl. <\/p> <p><b>Erleben Sie mit Social Wall ein schnelleres Gesch\u00e4ftswachstum und steigern Sie den Umsatz <\/b><\/p> <\/div> <div class=\"application-platform-content-item-features application-platform-content-item\" id=\"features\" data-nav-section=\"features\"> <h2>Wir bieten leistungsstarke und unkomplizierte Funktionen Sehen Sie sich einige davon an: <\/h2> <ul><li>Zeigen Sie Ihre Social-Media-Inhalte aus mehreren sozialen Medien an. <\/li><li>Entfernen Sie Spam und unerw\u00fcnschte Inhalte mithilfe des manuellen Moderationsmodus. <\/li><li>Platzieren Sie die Schaltfl\u00e4che \u201eFolgen\u201c im Widget-Feed. <\/li><li>Lassen Sie Ihre Beitr\u00e4ge in einem Pop-up erscheinen. <\/li><\/ul><p><a href=\"#demo\">Anhand der Demo k\u00f6nnen Sie erleben, wie das Widget funktioniert<\/a><\/p> <\/div> <div class=\"application-platform-content-item-installation application-platform-content-item\" id=\"installation\" data-nav-section=\"installation\"> <h2>Wie bette ich das Social-Media-Feed-Widget in meine Facebook-Website ein? <\/h2> <p>Befolgen Sie einfach die unten beschriebenen Schritte, um das Plugin zu aktivieren. <\/p> <ol><li><b>Nutzen Sie unseren kostenlosen Konfigurator und beginnen Sie mit der Gestaltung Ihres eigenen Instruments. <\/b><br> Finden Sie das gew\u00fcnschte Aussehen und die gew\u00fcnschte Funktionalit\u00e4t des Widgets und speichern Sie die Korrekturen. <\/li> <li><b>Erhalten Sie den individuellen Code, der in der speziellen Form auf Elfsight Apps verf\u00fcgbar ist. <\/b><br> Nachdem die Anpassung Ihres pers\u00f6nlichen Plugins abgeschlossen ist, kopieren Sie den exklusiven Code aus dem erscheinenden Popup und speichern Sie ihn f\u00fcr zuk\u00fcnftige Gelegenheiten. <\/li> <li><b>Beginnen Sie mit der Verwendung des Social Wall-Widgets auf der Facebook-Seite. <\/b><br> Implementieren Sie den k\u00fcrzlich kopierten Code in Ihre Website und \u00fcbernehmen Sie die Anpassungen. <\/li> <li><b>Fertig! Die Einbettung ist erfolgreich abgeschlossen. <\/b><br> Gehen Sie zu Ihrer Website, um die Leistung des Plugins anzuzeigen. <\/li><\/ol> <p>Wenn Sie Probleme haben, scheuen Sie sich nicht, unserem Kundenservice-Team zu schreiben. Unsere Mitarbeiter helfen Ihnen gerne bei allen Schwierigkeiten, die Sie mit dem Tool haben k\u00f6nnten. <\/p> <\/div>","protected":false},"excerpt":{"rendered":"","protected":false},"author":9,"featured_media":0,"parent":3560,"menu_order":0,"comment_status":"closed","ping_status":"closed","template":"templates\/template-application-platform.php","meta":{"publish_to_discourse":"","publish_post_category":"","wpdc_auto_publish_overridden":"","wpdc_topic_tags":"","wpdc_pin_topic":"","wpdc_pin_until":"","discourse_post_id":"","discourse_permalink":"","wpdc_publishing_response":"","wpdc_publishing_error":"","footnotes":""},"class_list":["post-6232","page","type-page","status-publish","hentry"],"yoast_head":"<!-- This site is optimized with the Yoast SEO plugin v25.3.1 - https:\/\/yoast.com\/wordpress\/plugins\/seo\/ -->\n<title>F\u00fcgen Sie das Social Wall-Widget zur Facebook-Website hinzu (schnell und kostenlos)<\/title>\n<meta name=\"description\" content=\"F\u00fcgen Sie Ihrer Facebook-Seite ein benutzerfreundliches Facebook-Social-Feed-Widget hinzu. Nutzen Sie die praktische Elfsight-Demo und erstellen Sie in wenigen Minuten Ihr stilvolles Social Wall-Widget\" \/>\n<meta name=\"robots\" content=\"index, follow, max-snippet:-1, max-image-preview:large, max-video-preview:-1\" \/>\n<link rel=\"canonical\" href=\"https:\/\/elfsight.com\/de\/social-feed-widget\/facebook\/\" \/>\n<meta property=\"og:locale\" content=\"de_DE\" \/>\n<meta property=\"og:type\" content=\"article\" \/>\n<meta property=\"og:title\" content=\"F\u00fcgen Sie das Social Wall-Widget zur Facebook-Website hinzu (schnell und kostenlos)\" \/>\n<meta property=\"og:description\" content=\"F\u00fcgen Sie Ihrer Facebook-Seite ein benutzerfreundliches Facebook-Social-Feed-Widget hinzu. Nutzen Sie die praktische Elfsight-Demo und erstellen Sie in wenigen Minuten Ihr stilvolles Social Wall-Widget\" \/>\n<meta property=\"og:url\" content=\"https:\/\/elfsight.com\/de\/social-feed-widget\/facebook\/\" \/>\n<meta property=\"og:site_name\" content=\"Elfsight DE\" \/>\n<meta property=\"article:modified_time\" content=\"2025-07-10T08:22:09+00:00\" \/>\n<meta name=\"twitter:card\" content=\"summary_large_image\" \/>\n<meta name=\"twitter:label1\" content=\"Gesch\u00e4tzte Lesezeit\" \/>\n\t<meta name=\"twitter:data1\" content=\"1\u00a0Minute\" \/>\n<!-- \/ Yoast SEO plugin. -->","yoast_head_json":{"title":"F\u00fcgen Sie das Social Wall-Widget zur Facebook-Website hinzu (schnell und kostenlos)","description":"F\u00fcgen Sie Ihrer Facebook-Seite ein benutzerfreundliches Facebook-Social-Feed-Widget hinzu. Nutzen Sie die praktische Elfsight-Demo und erstellen Sie in wenigen Minuten Ihr stilvolles Social Wall-Widget","robots":{"index":"index","follow":"follow","max-snippet":"max-snippet:-1","max-image-preview":"max-image-preview:large","max-video-preview":"max-video-preview:-1"},"canonical":"https:\/\/elfsight.com\/de\/social-feed-widget\/facebook\/","og_locale":"de_DE","og_type":"article","og_title":"F\u00fcgen Sie das Social Wall-Widget zur Facebook-Website hinzu (schnell und kostenlos)","og_description":"F\u00fcgen Sie Ihrer Facebook-Seite ein benutzerfreundliches Facebook-Social-Feed-Widget hinzu. Nutzen Sie die praktische Elfsight-Demo und erstellen Sie in wenigen Minuten Ihr stilvolles Social Wall-Widget","og_url":"https:\/\/elfsight.com\/de\/social-feed-widget\/facebook\/","og_site_name":"Elfsight DE","article_modified_time":"2025-07-10T08:22:09+00:00","twitter_card":"summary_large_image","twitter_misc":{"Gesch\u00e4tzte Lesezeit":"1\u00a0Minute"},"schema":{"@context":"https:\/\/schema.org","@graph":[{"@type":"WebPage","@id":"https:\/\/elfsight.com\/de\/social-feed-widget\/facebook\/","url":"https:\/\/elfsight.com\/de\/social-feed-widget\/facebook\/","name":"F\u00fcgen Sie das Social Wall-Widget zur Facebook-Website hinzu (schnell und kostenlos)","isPartOf":{"@id":"https:\/\/elfsight.com\/de\/#website"},"datePublished":"1970-01-01T00:00:00+00:00","dateModified":"2025-07-10T08:22:09+00:00","description":"F\u00fcgen Sie Ihrer Facebook-Seite ein benutzerfreundliches Facebook-Social-Feed-Widget hinzu. Nutzen Sie die praktische Elfsight-Demo und erstellen Sie in wenigen Minuten Ihr stilvolles Social Wall-Widget","breadcrumb":{"@id":"https:\/\/elfsight.com\/de\/social-feed-widget\/facebook\/#breadcrumb"},"inLanguage":"de","potentialAction":[{"@type":"ReadAction","target":["https:\/\/elfsight.com\/de\/social-feed-widget\/facebook\/"]}]},{"@type":"BreadcrumbList","@id":"https:\/\/elfsight.com\/de\/social-feed-widget\/facebook\/#breadcrumb","itemListElement":[{"@type":"ListItem","position":1,"name":"Home","item":"https:\/\/elfsight.com\/de\/"},{"@type":"ListItem","position":2,"name":"Social Feed","item":"https:\/\/elfsight.com\/de\/social-feed-widget\/"},{"@type":"ListItem","position":3,"name":"Social Feed &#8211; Facebook"}]},{"@type":"WebSite","@id":"https:\/\/elfsight.com\/de\/#website","url":"https:\/\/elfsight.com\/de\/","name":"Elfsight DE","description":"Just another Elfsight Sites site","potentialAction":[{"@type":"SearchAction","target":{"@type":"EntryPoint","urlTemplate":"https:\/\/elfsight.com\/de\/?s={search_term_string}"},"query-input":{"@type":"PropertyValueSpecification","valueRequired":true,"valueName":"search_term_string"}}],"inLanguage":"de"}]}},"meta_box":{"industry":"","seo_heading":"","heading":"","description":"","cta_heading":"","cta_description":"","application":"3559","h1":"Facebook-Social-Media-Feed-Widget","h1_caption":"Pr\u00e4sentieren Sie Ihre Inhalte aus mehreren sozialen Netzwerken","application_category":[],"applications_title":"","applications_request_title":"","applications_request_button_text":"","hero_text":"","hero_video":"","hero_video_schema_markup":"","selling_points_title":"","selling_points_caption":"","selling_points":[],"selling_points_cta_text":"","features_title":"","features":"","ed_cta_examples_text":"","ed_cta_examples_hidden":"","ed_cta_demo_text":"","ed_cta_demo_hidden":"","why_caption":"","why_editor_title":"","why_editor_text":"","why_team_title":"","why_team_text":"","why_service_title":"","why_service_text":"","template_catalog_visible":"","template_catalog_title":"","template_catalog_text":"","template_catalog_categories_visible":"","demo_title":"F\u00fchlen Sie sich frei, einen ma\u00dfgeschneiderten Facebook Social Feed zu erstellen","demo_caption":"Passen Sie es an und f\u00fcgen Sie das Widget mithilfe einer aktiven Demo auf Ihrer Website hinzu.","default_faq_hidden":"","app_template_category":[],"platform":"216","template_public_id":"","codecanyon_url":"","codecanyon_item_id":"","codecanyon_price":"","pricing_caption":"","pricing_elfsight_apps_hide_column":"","pricing_elfsight_apps_url":"","pricing_codecanyon_price_caption":"","integration_category":[],"integration_request_title":"","integration_request_cta":"","integration_platform":"","integrations":[],"platform_category":[],"video_schema_markup":"","price":"ab 0 $ \/ Monat","trial":"","benefits":[{"text":"Kostenlose Installationsunterst\u00fctzung"},{"text":"Au\u00dfergew\u00f6hnlicher Support"},{"text":"14-t\u00e4gige R\u00fcckerstattungsgarantie"},{"text":"Fortlaufende Entwicklung"}],"button_url":"#demo","button_target_blank":"0","button_nofollow":"0","attributes":[{"name":"Installiert","content":"100,000 - 500,000","_state":"expanded"},{"name":"Reaktionsfreudig","content":"Ja","_state":"expanded"},{"name":"Kompatible Browser","content":"Firefox, Safari, Opera, Edge"}],"tags":[],"tags_disable_links":"1","hide_more_platforms":"","video_object":"","demo_hide_cta":"0","demo_hide_cloud_options":"0","pricing_title":"","pricing":[{"pricing_icon":"platform","pricing_title":"Elfsight Apps","pricing_title_caption":"Plattform\u00fcbergreifende digitale L\u00f6sung, die f\u00fcr jede Website geeignet ist","pricing_price":"ab 0 $ \/ Monat","pricing_price_caption":"Beginnen Sie mit einem kostenlosen Plan","pricing_benefits":[{"text":"Unbegrenzte Websites"},{"text":"Schneller und p\u00fcnktlicher Support"},{"text":"Kostenlose Installationshilfe"},{"text":"Zeitlich begrenztes Angebot f\u00fcr mehrere Apps"}],"pricing_button_text":"Zur Website hinzuf\u00fcgen","pricing_button_url":"#demo","_state":"expanded"}],"related_apps_title":"","related_apps_hidden":"1","author":"","image":[],"title":"","job":"","social_networks":[]},"_links":{"self":[{"href":"https:\/\/elfsight.com\/de\/wp-json\/wp\/v2\/pages\/6232","targetHints":{"allow":["GET"]}}],"collection":[{"href":"https:\/\/elfsight.com\/de\/wp-json\/wp\/v2\/pages"}],"about":[{"href":"https:\/\/elfsight.com\/de\/wp-json\/wp\/v2\/types\/page"}],"author":[{"embeddable":true,"href":"https:\/\/elfsight.com\/de\/wp-json\/wp\/v2\/users\/9"}],"replies":[{"embeddable":true,"href":"https:\/\/elfsight.com\/de\/wp-json\/wp\/v2\/comments?post=6232"}],"version-history":[{"count":2,"href":"https:\/\/elfsight.com\/de\/wp-json\/wp\/v2\/pages\/6232\/revisions"}],"predecessor-version":[{"id":16100,"href":"https:\/\/elfsight.com\/de\/wp-json\/wp\/v2\/pages\/6232\/revisions\/16100"}],"up":[{"embeddable":true,"href":"https:\/\/elfsight.com\/de\/wp-json\/wp\/v2\/pages\/3560"}],"wp:attachment":[{"href":"https:\/\/elfsight.com\/de\/wp-json\/wp\/v2\/media?parent=6232"}],"curies":[{"name":"wp","href":"https:\/\/api.w.org\/{rel}","templated":true}]}}