{"id":594,"date":"2020-03-19T10:46:30","date_gmt":"2020-03-19T10:46:30","guid":{"rendered":"https:\/\/elfsight.com\/de\/?page_id=594"},"modified":"2024-07-16T11:02:49","modified_gmt":"2024-07-16T11:02:49","slug":"examples","status":"publish","type":"page","link":"https:\/\/elfsight.com\/de\/countdown-timer-widget\/examples\/","title":{"rendered":"Countdown Timer &#8211; Examples"},"content":{"rendered":"\n<div class=\"application-examples-item application-examples-item-loading\">\n                            <div class=\"col-row\">\n                                <div class=\"col-6 col-m-8 col-s-12\"><h3 class=\"application-examples-item-title\">Countdown Beispiel 1. Timer<\/h3><div class=\"application-examples-item-description\">Erstellen Sie einen Countdown-Timer f\u00fcr Ihren Rabatt Zeitraum oder Ihr Sonderangebot. Es dient als Erinnerung an Ihre Verk\u00e4ufe und ermutigt die Besucher, es zu verwenden, solange noch etwas Zeit bleibt. Wenn Sekunden ticken, w\u00e4chst die Dringlichkeit weiter. Nach Ablauf des Timers k\u00f6nnen Sie eine Nachricht mit Ihrem benutzerdefinierten Text anzeigen.<\/div><\/div>\n                <\/div>\n\n                <div class=\"application-examples-item-iframe-container browser-frame\">\n                    <div class=\"application-examples-item-iframe-wrapper\">\n                        <iframe class=\"application-examples-item-iframe\" data-src=\"https:\/\/elfsight.com\/examples?widget_id=e07ea9c1-656c-4069-9cdb-ab1aee1c8bc0&padding=28px+0+40px\" width=\"100%\" allow=\"autoplay; fullscreen\"><\/iframe>\n                    <\/div>\n\n                    <div class=\"application-examples-item-loader\"><\/div>\n                <\/div>\n            <\/div>\n\n<div class=\"application-examples-item application-examples-item-loading\">\n                            <div class=\"col-row\">\n                                <div class=\"col-6 col-m-8 col-s-12\"><h3 class=\"application-examples-item-title\">Countdown Beispiel 2. Valentine`s Day Sale Banner<\/h3><div class=\"application-examples-item-description\">Die Ferienzeit, in der Leute Geschenke kaufen, ist eine perfekte Gelegenheit, um neue Verk\u00e4ufe anzuziehen. Verpassen Sie nicht die Chance und bringen Sie mehr Nutzer dazu, auf Ihrer Website einzukaufen, indem Sie ein Top-Banner zum Thema Urlaub verwenden, das die Zeit bis zum Abschluss des Verkaufs herunterz\u00e4hlt. Es wird eine Urlaubsstimmung erzeugen und an Ihren gro\u00dfartigen Verkauf erinnern, der zusammen mit der floating Scrolle.<\/div><\/div>\n                <\/div>\n\n                <div class=\"application-examples-item-iframe-container browser-frame\">\n                    <div class=\"application-examples-item-iframe-wrapper\">\n                        <iframe class=\"application-examples-item-iframe\" data-src=\"https:\/\/elfsight.com\/examples?widget_id=3dec11ee-c19c-4753-a3f4-f2af357c3464\" width=\"100%\" allow=\"autoplay; fullscreen\"><\/iframe>\n                    <\/div>\n\n                    <div class=\"application-examples-item-loader\"><\/div>\n                <\/div>\n            <\/div>\n\n<div class=\"application-examples-item application-examples-item-loading\">\n                            <div class=\"col-row\">\n                                <div class=\"col-6 col-m-8 col-s-12\"><h3 class=\"application-examples-item-title\">Countdown Beispiel 3. Special Offer Banner<\/h3><div class=\"application-examples-item-description\">Eine gute M\u00f6glichkeit, Ihre Gutscheine zu verbreiten, besteht darin, sie auf Ihrer Website anzuk\u00fcndigen und mit einem Countdown-Timer ein St\u00fcck Eile hinzuzuf\u00fcgen.F\u00fcgen Sie jeder Seite Ihrer Website ein schwebendes Countdown-Banner hinzu. Zeigen Sie Ihren benutzerdefinierten Text an und f\u00fcgen Sie einen Link zu einer erforderlichen Seite hinzu, damit Besucher mit einem Klick einen Gutschein erhalten.<\/div><\/div>\n                <\/div>\n\n                <div class=\"application-examples-item-iframe-container browser-frame\">\n                    <div class=\"application-examples-item-iframe-wrapper\">\n                        <iframe class=\"application-examples-item-iframe\" data-src=\"https:\/\/elfsight.com\/examples?widget_id=a95ad820-6490-428e-a500-75036773487e&padding=50px+0\" width=\"100%\" allow=\"autoplay; fullscreen\"><\/iframe>\n                    <\/div>\n\n                    <div class=\"application-examples-item-loader\"><\/div>\n                <\/div>\n            <\/div>\n\n<div class=\"application-examples-item application-examples-item-loading\">\n                            <div class=\"col-row\">\n                                <div class=\"col-6 col-m-8 col-s-12\"><h3 class=\"application-examples-item-title\">Countdown Beispiel 4. Dringlichkeit<\/h3><div class=\"application-examples-item-description\">Erstellen Sie einen Countdown Z\u00e4hler f\u00fcr jeden Ihrer Besucher. Es wird Ihr Angebot pers\u00f6nlicher machen und ein Gef\u00fchl der Angst erzeugen, diese Chance zu verpassen. Probieren Sie verschiedene Farbkombinationen aus Hintergrund, Timer und Buttons aus und wenden Sie unsere vordefinierten Stile an, um einen Countdown Timer zu erstellen, den kein Benutzer verpassen wird.<\/div><\/div>\n                <\/div>\n\n                <div class=\"application-examples-item-iframe-container browser-frame\">\n                    <div class=\"application-examples-item-iframe-wrapper\">\n                        <iframe class=\"application-examples-item-iframe\" data-src=\"https:\/\/elfsight.com\/examples?widget_id=a88ec7e2-3b24-4ec3-8396-e9e7cfbb2283&padding=28px+0+40px\" width=\"100%\" allow=\"autoplay; fullscreen\"><\/iframe>\n                    <\/div>\n\n                    <div class=\"application-examples-item-loader\"><\/div>\n                <\/div>\n            <\/div>\n\n<div class=\"application-cta-create\">\n                    <div class=\"application-cta-create-bg\">\n                        <div class=\"application-cta-create-bg-left\"><\/div>\n\n                        <div class=\"application-cta-create-bg-right\">\n                            <img decoding=\"async\" src=\"https:\/\/elfsight.com\/de\/wp-content\/themes\/elfsight\/frontend\/assets\/img\/application-cta-create.jpg\" alt=\"Beginnen Sie mit der Erstellung Ihres Widgets\">\n                        <\/div>\n                    <\/div>\n\n                    <div class=\"application-cta-create-content inner\">\n                        <div class=\"application-cta-create-content-inner\">\n                            <div class=\"application-cta-create-content-icon\">\n                                <svg viewBox=\"0 0 25 25\" width=\"100%\" height=\"100%\">\n                                    <use xlink:href=\"#icon-settings\"><\/use>\n                                <\/svg>\n                            <\/div>\n\n                            <div class=\"application-cta-create-content-title\">Beginnen Sie mit der Erstellung Ihres Widgets<\/div>\n\n                            <div class=\"application-cta-create-content-text\">Schnell. Einfach. Keine Codierung.<\/div>\n\n                            <a class=\"application-cta-create-content-button button-48 button-has-right-icon button-black button\" href=\"\">\n                                <span class=\"button-label\">Widget erstellen<\/span>\n\n                                <svg class=\"button-icon\">\n                                    <use xlink:href=\"#icon-arrow-link\"><\/use>\n                                <\/svg>\n                            <\/a>\n                        <\/div>\n                    <\/div>\n                <\/div>\n\n<div class=\"application-examples-item application-examples-item-loading\">\n                            <div class=\"col-row\">\n                                <div class=\"col-6 col-m-8 col-s-12\"><h3 class=\"application-examples-item-title\">Countdown Beispiel 5. Event Start<\/h3><div class=\"application-examples-item-description\">Bewerben Sie Wettbewerbe und andere Veranstaltungen im Voraus und ziehen Sie jeden Tag mehr Teilnehmer an. Der Timer wird Tage nach dem Start z\u00e4hlen und Ihr Publikum halten uns auf die Veranstaltung suchen. Das Button neben dem Timer k\u00f6nnen Tickets kaufen oder zu einer anderen Seite f\u00fchren.<\/div><\/div>\n                <\/div>\n\n                <div class=\"application-examples-item-iframe-container browser-frame\">\n                    <div class=\"application-examples-item-iframe-wrapper\">\n                        <iframe class=\"application-examples-item-iframe\" data-src=\"https:\/\/elfsight.com\/examples?widget_id=1bddae5f-ded9-4845-b9fa-d6c04e2150e9&padding=28px+40px+40px\" width=\"100%\" allow=\"autoplay; fullscreen\"><\/iframe>\n                    <\/div>\n\n                    <div class=\"application-examples-item-loader\"><\/div>\n                <\/div>\n            <\/div>\n\n<div class=\"application-examples-item application-examples-item-loading\">\n                            <div class=\"col-row\">\n                                <div class=\"col-6 col-m-8 col-s-12\"><h3 class=\"application-examples-item-title\">Countdown Beispiel 6. Limited-Shipping Banner<\/h3><div class=\"application-examples-item-description\">Stellen Sie ein festes Banner ein, das den K\u00e4ufern Ihren besonderen Bonus bietet, und z\u00e4hlen Sie nur kurze Zeit herunter, um ihn zu verwenden. Dies kann ein kostenloser Versand oder ein besonderes Geschenk sein, das Benutzer nur erhalten, wenn sie sofort kaufen. Ein ganzes Banner kann angeklickt werden, um Benutzer einfach in Ihren Marketing-Trick einzubeziehen.<\/div><\/div>\n                <\/div>\n\n                <div class=\"application-examples-item-iframe-container browser-frame\">\n                    <div class=\"application-examples-item-iframe-wrapper\">\n                        <iframe class=\"application-examples-item-iframe\" data-src=\"https:\/\/elfsight.com\/examples?widget_id=b37a3a2a-b6e6-46e8-a52c-3f777fb67360\" width=\"100%\" allow=\"autoplay; fullscreen\"><\/iframe>\n                    <\/div>\n\n                    <div class=\"application-examples-item-loader\"><\/div>\n                <\/div>\n            <\/div>\n\n<div class=\"application-examples-item application-examples-item-loading\">\n                            <div class=\"col-row\">\n                                <div class=\"col-6 col-m-8 col-s-12\"><h3 class=\"application-examples-item-title\">Countdown Beispiel 7. Wedding<\/h3><div class=\"application-examples-item-description\">Tage bis zu Ihrer Hochzeit z\u00e4hlen? Stellen Sie einen Countdown-Timer ein, um alle an diesen gro\u00dfartigen Anlass zu erinnern und die G\u00e4ste darauf zu freuen. Sie k\u00f6nnen ein Hochzeitsthema verwenden, um eine besondere Stimmung zu erzeugen und dem Nachrichtentext Emojis hinzuzuf\u00fcgen, um eine h\u00f6here emotionale Belastung zu erzielen.<\/div><\/div>\n                <\/div>\n\n                <div class=\"application-examples-item-iframe-container browser-frame\">\n                    <div class=\"application-examples-item-iframe-wrapper\">\n                        <iframe class=\"application-examples-item-iframe\" data-src=\"https:\/\/elfsight.com\/examples?widget_id=b997fa12-1b8e-4a0d-9463-e7b64bae333c\" width=\"100%\" allow=\"autoplay; fullscreen\"><\/iframe>\n                    <\/div>\n\n                    <div class=\"application-examples-item-loader\"><\/div>\n                <\/div>\n            <\/div>\n\n<div class=\"application-examples-item application-examples-item-loading\">\n                            <div class=\"col-row\">\n                                <div class=\"col-6 col-m-8 col-s-12\"><h3 class=\"application-examples-item-title\">Countdown Beispiel 8. Launch<\/h3><div class=\"application-examples-item-description\">Bald ein neues Produkt auf den Markt bringen? Lassen Sie keinen einzelnen Besucher diese Nachricht verpassen - erstellen Sie ein auff\u00e4lliges Countdown Z\u00e4hler Banner. Erh\u00f6hen Sie die Gr\u00f6\u00dfe des Timers, um ihn wirklich beeindruckend zu machen, w\u00e4hlen Sie aus den vordefinierten Stilen aus, \u00e4ndern Sie die Farben und f\u00fcgen Sie Emojis hinzu - jedes Element kann dazu beitragen, dass Ihr Timer erkennbar wird.<\/div><\/div>\n                <\/div>\n\n                <div class=\"application-examples-item-iframe-container browser-frame\">\n                    <div class=\"application-examples-item-iframe-wrapper\">\n                        <iframe class=\"application-examples-item-iframe\" data-src=\"https:\/\/elfsight.com\/examples?widget_id=fac76643-4bee-4639-976e-26752dd97648&padding=28px+40px+40px\" width=\"100%\" allow=\"autoplay; fullscreen\"><\/iframe>\n                    <\/div>\n\n                    <div class=\"application-examples-item-loader\"><\/div>\n                <\/div>\n            <\/div>\n\n<div class=\"application-cta-create\">\n                    <div class=\"application-cta-create-bg\">\n                        <div class=\"application-cta-create-bg-left\"><\/div>\n\n                        <div class=\"application-cta-create-bg-right\">\n                            <img decoding=\"async\" src=\"https:\/\/elfsight.com\/de\/wp-content\/themes\/elfsight\/frontend\/assets\/img\/application-cta-create.jpg\" alt=\"Beginnen Sie mit der Erstellung Ihres Widgets\">\n                        <\/div>\n                    <\/div>\n\n                    <div class=\"application-cta-create-content inner\">\n                        <div class=\"application-cta-create-content-inner\">\n                            <div class=\"application-cta-create-content-icon\">\n                                <svg viewBox=\"0 0 25 25\" width=\"100%\" height=\"100%\">\n                                    <use xlink:href=\"#icon-settings\"><\/use>\n                                <\/svg>\n                            <\/div>\n\n                            <div class=\"application-cta-create-content-title\">Beginnen Sie mit der Erstellung Ihres Widgets<\/div>\n\n                            <div class=\"application-cta-create-content-text\">Schnell. Einfach. Keine Codierung.<\/div>\n\n                            <a class=\"application-cta-create-content-button button-48 button-has-right-icon button-black button\" href=\"\">\n                                <span class=\"button-label\">Widget erstellen<\/span>\n\n                                <svg class=\"button-icon\">\n                                    <use xlink:href=\"#icon-arrow-link\"><\/use>\n                                <\/svg>\n                            <\/a>\n                        <\/div>\n                    <\/div>\n                <\/div>\n\n<div class=\"application-examples-item application-examples-item-loading\">\n                            <div class=\"col-row\">\n                                <div class=\"col-6 col-m-8 col-s-12\"><h3 class=\"application-examples-item-title\">Countdown Beispiel 9. Vertrauen Counter<\/h3><div class=\"application-examples-item-description\">Zeigen Sie den Grad Ihres Kunden Vertrauens an.Zeigen Sie die Anzahl der zufriedenen Kunden, die Ihre Dienste bereits ausprobiert haben.Geben Sie Ihre aktuelle Anzahl von Kunden ein. W\u00e4hlen Sie ein Intervall, damit die Anzahl entsprechend w\u00e4chst. und entscheiden Sie sich f\u00fcr die Zielnummer.<\/div><\/div>\n                <\/div>\n\n                <div class=\"application-examples-item-iframe-container browser-frame\">\n                    <div class=\"application-examples-item-iframe-wrapper\">\n                        <iframe class=\"application-examples-item-iframe\" data-src=\"https:\/\/elfsight.com\/examples?widget_id=d1e08ba7-01d7-44ea-8a32-bfb92da54c93&padding=28px+40px+40px\" width=\"100%\" allow=\"autoplay; fullscreen\"><\/iframe>\n                    <\/div>\n\n                    <div class=\"application-examples-item-loader\"><\/div>\n                <\/div>\n            <\/div>\n\n<div class=\"application-examples-item application-examples-item-loading\">\n                            <div class=\"col-row\">\n                                <div class=\"col-6 col-m-8 col-s-12\"><h3 class=\"application-examples-item-title\">Countdown Beispiel 10. Stock<\/h3><div class=\"application-examples-item-description\">M\u00f6chten Sie einen Ausl\u00f6ser f\u00fcr schnellere Verk\u00e4ufe schaffen? Zeigen Sie Ihren Kunden, wie viele Artikel noch auf Lager sind. Sie k\u00f6nnen einen Bestand Z\u00e4hler erstellen, der die tats\u00e4chliche Aktivit\u00e4t imitiert und die Anzahl in zuf\u00e4lligen Intervallen verringert. Um es beispielsweise reibungslos in eine Produktkarte zu integrieren, k\u00f6nnen Sie Timer- und Schriftgr\u00f6\u00dfen einfach verringern und geeignete Farben ausw\u00e4hlen.<\/div><\/div>\n                <\/div>\n\n                <div class=\"application-examples-item-iframe-container browser-frame\">\n                    <div class=\"application-examples-item-iframe-wrapper\">\n                        <iframe class=\"application-examples-item-iframe\" data-src=\"https:\/\/elfsight.com\/examples?widget_id=4d709318-7dca-4c61-8f37-b93c1d5d3415&padding=28px+40px+40px\" width=\"100%\" allow=\"autoplay; fullscreen\"><\/iframe>\n                    <\/div>\n\n                    <div class=\"application-examples-item-loader\"><\/div>\n                <\/div>\n            <\/div>\n\n<div class=\"application-examples-item application-examples-item-loading\">\n                            <div class=\"col-row\">\n                                <div class=\"col-6 col-m-8 col-s-12\"><h3 class=\"application-examples-item-title\">Countdown Beispiel 11. Fame Counter<\/h3><div class=\"application-examples-item-description\">Stimulieren Sie Besucher, indem Sie zeigen, dass das angezeigte Objekt auch von anderen Personen angezeigt wird. Zeigen Sie einen Countdown-Timer an, der die Anzahl der an diesem Artikel interessierten Personen anzeigt. Es kann in einem festgelegten Intervall wachsen und die von Ihnen gew\u00e4hlte Anzahl erreichen. Um es attraktiver aussehen zu lassen, w\u00e4hlen Sie helle Farben der Schriftart.<\/div><\/div>\n                <\/div>\n\n                <div class=\"application-examples-item-iframe-container browser-frame\">\n                    <div class=\"application-examples-item-iframe-wrapper\">\n                        <iframe class=\"application-examples-item-iframe\" data-src=\"https:\/\/elfsight.com\/examples?widget_id=56ff188e-4ced-4926-a6fa-d3c1a98ae359&padding=28px+40px+40px\" width=\"100%\" allow=\"autoplay; fullscreen\"><\/iframe>\n                    <\/div>\n\n                    <div class=\"application-examples-item-loader\"><\/div>\n                <\/div>\n            <\/div>\n\n<div class=\"application-examples-item application-examples-item-loading\">\n                            <div class=\"col-row\">\n                                <div class=\"col-6 col-m-8 col-s-12\"><h3 class=\"application-examples-item-title\">Countdown Beispiel 12. Timer zum Neujahr<\/h3><div class=\"application-examples-item-description\">Schaffen Sie Weihnachtsatmosph\u00e4re f\u00fcr Ihre Website mit einer beeindruckenden Themen Countdown Banner. W\u00e4hlen Sie das Thema f\u00fcr den bevorstehenden Urlaub und schaffen Sie eine feierliche Atmosph\u00e4re. Erh\u00f6hen Sie die Gr\u00f6\u00dfe des Banners, um es zu einem Dekorationselement zu machen und Ihren Kunden zu zeigen, dass Sie f\u00fcr den Urlaub bereit sind.\n<\/div><\/div>\n                <\/div>\n\n                <div class=\"application-examples-item-iframe-container browser-frame\">\n                    <div class=\"application-examples-item-iframe-wrapper\">\n                        <iframe class=\"application-examples-item-iframe\" data-src=\"https:\/\/elfsight.com\/examples?widget_id=3fd1f1ef-ff7b-4919-8a1d-af40fc51e273\" width=\"100%\" allow=\"autoplay; fullscreen\"><\/iframe>\n                    <\/div>\n\n                    <div class=\"application-examples-item-loader\"><\/div>\n                <\/div>\n            <\/div>\n","protected":false},"excerpt":{"rendered":"","protected":false},"author":11,"featured_media":0,"parent":578,"menu_order":0,"comment_status":"closed","ping_status":"closed","template":"templates\/template-application-examples.php","meta":{"publish_to_discourse":"","publish_post_category":"","wpdc_auto_publish_overridden":"","wpdc_topic_tags":"","wpdc_pin_topic":"","wpdc_pin_until":"","discourse_post_id":"","discourse_permalink":"","wpdc_publishing_response":"","wpdc_publishing_error":"","footnotes":""},"class_list":["post-594","page","type-page","status-publish","hentry"],"yoast_head":"<!-- This site is optimized with the Yoast SEO plugin v25.3.1 - https:\/\/yoast.com\/wordpress\/plugins\/seo\/ -->\n<title>Countdown Z\u00e4hler f\u00fcr Ihre Homepage und Webseite (kostenlos )<\/title>\n<meta name=\"description\" content=\"TOP 12 Website Countdown Timer Beispiele: Rabatt Countdown, Verkauf, Hochzeit, Start, Dringlichkeit, Timer usw. Beispiel Countdown Widget f\u00fcr Ihre Website.\" \/>\n<meta name=\"robots\" content=\"index, follow, max-snippet:-1, max-image-preview:large, max-video-preview:-1\" \/>\n<link rel=\"canonical\" href=\"https:\/\/elfsight.com\/de\/countdown-timer-widget\/examples\/\" \/>\n<meta property=\"og:locale\" content=\"de_DE\" \/>\n<meta property=\"og:type\" content=\"article\" \/>\n<meta property=\"og:title\" content=\"Countdown Z\u00e4hler f\u00fcr Ihre Homepage und Webseite (kostenlos )\" \/>\n<meta property=\"og:description\" content=\"TOP 12 Website Countdown Timer Beispiele: Rabatt Countdown, Verkauf, Hochzeit, Start, Dringlichkeit, Timer usw. Beispiel Countdown Widget f\u00fcr Ihre Website.\" \/>\n<meta property=\"og:url\" content=\"https:\/\/elfsight.com\/de\/countdown-timer-widget\/examples\/\" \/>\n<meta property=\"og:site_name\" content=\"Elfsight DE\" \/>\n<meta property=\"article:modified_time\" content=\"2024-07-16T11:02:49+00:00\" \/>\n<meta name=\"twitter:card\" content=\"summary_large_image\" \/>\n<meta name=\"twitter:label1\" content=\"Gesch\u00e4tzte Lesezeit\" \/>\n\t<meta name=\"twitter:data1\" content=\"5\u00a0Minuten\" \/>\n<!-- \/ Yoast SEO plugin. -->","yoast_head_json":{"title":"Countdown Z\u00e4hler f\u00fcr Ihre Homepage und Webseite (kostenlos )","description":"TOP 12 Website Countdown Timer Beispiele: Rabatt Countdown, Verkauf, Hochzeit, Start, Dringlichkeit, Timer usw. Beispiel Countdown Widget f\u00fcr Ihre Website.","robots":{"index":"index","follow":"follow","max-snippet":"max-snippet:-1","max-image-preview":"max-image-preview:large","max-video-preview":"max-video-preview:-1"},"canonical":"https:\/\/elfsight.com\/de\/countdown-timer-widget\/examples\/","og_locale":"de_DE","og_type":"article","og_title":"Countdown Z\u00e4hler f\u00fcr Ihre Homepage und Webseite (kostenlos )","og_description":"TOP 12 Website Countdown Timer Beispiele: Rabatt Countdown, Verkauf, Hochzeit, Start, Dringlichkeit, Timer usw. Beispiel Countdown Widget f\u00fcr Ihre Website.","og_url":"https:\/\/elfsight.com\/de\/countdown-timer-widget\/examples\/","og_site_name":"Elfsight DE","article_modified_time":"2024-07-16T11:02:49+00:00","twitter_card":"summary_large_image","twitter_misc":{"Gesch\u00e4tzte Lesezeit":"5\u00a0Minuten"},"schema":{"@context":"https:\/\/schema.org","@graph":[{"@type":"WebPage","@id":"https:\/\/elfsight.com\/de\/countdown-timer-widget\/examples\/","url":"https:\/\/elfsight.com\/de\/countdown-timer-widget\/examples\/","name":"Countdown Z\u00e4hler f\u00fcr Ihre Homepage und Webseite (kostenlos )","isPartOf":{"@id":"https:\/\/elfsight.com\/de\/#website"},"datePublished":"2020-03-19T10:46:30+00:00","dateModified":"2024-07-16T11:02:49+00:00","description":"TOP 12 Website Countdown Timer Beispiele: Rabatt Countdown, Verkauf, Hochzeit, Start, Dringlichkeit, Timer usw. Beispiel Countdown Widget f\u00fcr Ihre Website.","breadcrumb":{"@id":"https:\/\/elfsight.com\/de\/countdown-timer-widget\/examples\/#breadcrumb"},"inLanguage":"de","potentialAction":[{"@type":"ReadAction","target":["https:\/\/elfsight.com\/de\/countdown-timer-widget\/examples\/"]}]},{"@type":"BreadcrumbList","@id":"https:\/\/elfsight.com\/de\/countdown-timer-widget\/examples\/#breadcrumb","itemListElement":[{"@type":"ListItem","position":1,"name":"Home","item":"https:\/\/elfsight.com\/de\/"},{"@type":"ListItem","position":2,"name":"Countdown Timer","item":"https:\/\/elfsight.com\/de\/countdown-timer-widget\/"},{"@type":"ListItem","position":3,"name":"Countdown Timer &#8211; Examples"}]},{"@type":"WebSite","@id":"https:\/\/elfsight.com\/de\/#website","url":"https:\/\/elfsight.com\/de\/","name":"Elfsight DE","description":"Just another Elfsight Sites site","potentialAction":[{"@type":"SearchAction","target":{"@type":"EntryPoint","urlTemplate":"https:\/\/elfsight.com\/de\/?s={search_term_string}"},"query-input":{"@type":"PropertyValueSpecification","valueRequired":true,"valueName":"search_term_string"}}],"inLanguage":"de"}]}},"meta_box":{"industry":"","seo_heading":"","heading":"","description":"","cta_heading":"","cta_description":"","application":"474","h1":"Countdown Z\u00e4hler Widget","h1_caption":"Beste Beispiele daf\u00fcr, wie Countdown Widget einbinden. Das beste Plugin, um Z\u00e4hler einfach auf einer beliebigen Seite Ihrer Website einzubetten","application_category":[],"applications_title":"","applications_request_title":"","applications_request_button_text":"","hero_text":"","hero_video":"","hero_video_schema_markup":"","selling_points_title":"","selling_points_caption":"","selling_points":[],"selling_points_cta_text":"","features_title":"","features":"","ed_cta_examples_text":"","ed_cta_examples_hidden":"","ed_cta_demo_text":"","ed_cta_demo_hidden":"","why_caption":"","why_editor_title":"","why_editor_text":"","why_team_title":"","why_team_text":"","why_service_title":"","why_service_text":"","template_catalog_visible":"","template_catalog_title":"","template_catalog_text":"","template_catalog_categories_visible":"","demo_title":"","demo_caption":"","default_faq_hidden":"","app_template_category":[],"platform":"","template_public_id":"","codecanyon_url":"","codecanyon_item_id":"","codecanyon_price":"","pricing_caption":"","pricing_elfsight_apps_hide_column":"","pricing_elfsight_apps_url":"","pricing_codecanyon_price_caption":"","integration_category":[],"integration_request_title":"","integration_request_cta":"","integration_platform":"","integrations":[],"platform_category":[],"video_schema_markup":"","price":"","trial":"","benefits":[],"button_url":"","button_target_blank":"","button_nofollow":"","attributes":[],"tags":[],"tags_disable_links":"","hide_more_platforms":"","video_object":"","demo_hide_cta":"","demo_hide_cloud_options":"","pricing_title":"","pricing":[],"related_apps_title":"","related_apps_hidden":"","author":"","image":[],"title":"","job":"","social_networks":[]},"_links":{"self":[{"href":"https:\/\/elfsight.com\/de\/wp-json\/wp\/v2\/pages\/594","targetHints":{"allow":["GET"]}}],"collection":[{"href":"https:\/\/elfsight.com\/de\/wp-json\/wp\/v2\/pages"}],"about":[{"href":"https:\/\/elfsight.com\/de\/wp-json\/wp\/v2\/types\/page"}],"author":[{"embeddable":true,"href":"https:\/\/elfsight.com\/de\/wp-json\/wp\/v2\/users\/11"}],"replies":[{"embeddable":true,"href":"https:\/\/elfsight.com\/de\/wp-json\/wp\/v2\/comments?post=594"}],"version-history":[{"count":14,"href":"https:\/\/elfsight.com\/de\/wp-json\/wp\/v2\/pages\/594\/revisions"}],"predecessor-version":[{"id":22326,"href":"https:\/\/elfsight.com\/de\/wp-json\/wp\/v2\/pages\/594\/revisions\/22326"}],"up":[{"embeddable":true,"href":"https:\/\/elfsight.com\/de\/wp-json\/wp\/v2\/pages\/578"}],"wp:attachment":[{"href":"https:\/\/elfsight.com\/de\/wp-json\/wp\/v2\/media?parent=594"}],"curies":[{"name":"wp","href":"https:\/\/api.w.org\/{rel}","templated":true}]}}