{"id":5827,"date":"1970-01-01T00:00:00","date_gmt":"1970-01-01T00:00:00","guid":{"rendered":"https:\/\/elfsight.com\/de\/?page_id=5827"},"modified":"2025-02-18T16:53:20","modified_gmt":"2025-02-18T16:53:20","slug":"facebook","status":"publish","type":"page","link":"https:\/\/elfsight.com\/de\/testimonials-slider-widget\/facebook\/","title":{"rendered":"Testimonials Slider &#8211; Facebook Page"},"content":{"rendered":"\n<div class=\"application-platform-content-item-description application-platform-content-item\" id=\"description\" data-nav-section=\"description\"><h2>Beschreibung<\/h2><p>Testimonials Slider ist ein einfaches Widget zum Anzeigen von Bewertungen Ihrer K\u00e4ufer auf Ihrer pers\u00f6nlichen oder gesch\u00e4ftlichen Seite. Sie k\u00f6nnen Social Proof nachweisen, um Feedback vertrauensw\u00fcrdig zu machen: Name des Autors, Bild, Firmenlogo des Unternehmens und sogar einen Link zur Seite.<\/p><p><b>Erh\u00f6hen Sie das Vertrauen in Ihr Unternehmen, indem Sie Ihren Besuchern positive Bewertungen zeigen.<\/b><\/p><\/div> <div class=\"application-platform-content-item-features application-platform-content-item\" id=\"features\" data-nav-section=\"features\"><h2>Funktionen<\/h2><p>Die entscheidenden Aspekte, die unseren Testimonials-Tab in ein n\u00fctzliches Widget f\u00fcr jede Facebook-Unternehmensseite verwandeln.<\/p><ul><li>6 adaptive Testimonial-Vorlagen;<\/li><li>Slider- und Rasterlayouts;<\/li><li>Responsives Design;<\/li><li>Name und Foto des Autors, um Vertrauen zu zeigen ;<\/li><li>Layout in voller Breite.<\/li><\/ul><p><a href=\"#demo\">Testen Sie alle anderen Funktionen in der Demo<\/a><\/p><\/div> <div class=\"application-platform-content-item-installation application-platform-content-item\" id=\"installation\" data-nav-section=\"installation\"><h2>So f\u00fcgen Sie Testimonials zur Facebook-Unternehmensseite hinzu<\/h2><p>Das Elfsight-Plugin ist einfach zu installieren und erfordert keine Entwicklungskenntnisse. Das Durchf\u00fchren der Anweisungen dauert nicht l\u00e4nger als 2 Minuten.<\/p><ul><li><b>Entwerfen Sie Ihr ma\u00dfgeschneidertes Testimonials-Widget<\/b><br>Generieren Sie ein Plugin mit individuellem Aussehen und Funktionalit\u00e4t mit Hilfe unseres kostenlosen Editors. <\/li><li><b>Erhalten Sie den pers\u00f6nlichen Code zur Integration des Plugins<\/b><br>Nachdem Sie Ihr Widget erstellt haben, erhalten Sie den eindeutigen Code aus der erscheinenden Benachrichtigung auf Elfsight Apps. Kopieren Sie den Code zur weiteren Verwendung. <\/li><li><b>F\u00fcgen Sie das Widget zur Facebook-Seite hinzu<\/b><br> Erstellen Sie Ihren benutzerdefinierten Facebook-Tab. F\u00fcgen Sie den Code, den Sie bei elfsight apps erhalten haben, in die Registerkarte ein. Wenn Sie Probleme haben, lesen Sie einfach unseren Leitfaden unter <a href=\"https:\/\/elfsight.com\/blog\/how-to-add-custom-tab-to-facebook-page\/\" target=\"_blank\" rel=\"noopener noreferrer\">Benutzerdefinierten Facebook-Tab erstellen<\/a><\/li><li><b>Die Einrichtung ist erfolgreich!<\/b><br>Betreten Sie die Seite, um Ihr Plugin zu \u00fcberpr\u00fcfen.<\/li><\/ul><p>Sind beim Einrichten oder Gestalten des Plugins Probleme aufgetreten? Hinterlassen Sie eine Anfrage. Support.<\/p><div class=\"faq\" data-component=\"FAQ\"> <div class=\"faq-item\">\r\n\t\t\t\t\t<div class=\"faq-item-question\">\r\n\t\t\t\t\t\t<h3 class=\"faq-item-question-text\">Wie kann ich den Testimonials-Slider ohne Programmierkenntnisse zu meiner Facebook-Seite hinzuf\u00fcgen?<\/h3>\r\n\r\n\t\t\t\t\t\t<div class=\"faq-item-question-icon\"><\/div>\r\n\t\t\t\t\t<\/div>\r\n\r\n\t\t\t\t\t<div class=\"faq-item-answer\">\r\n\t\t\t\t\t\t<div class=\"faq-item-answer-text\"> <p>Elfsight bietet eine SaaS-L\u00f6sung, mit der Sie ein Testimonials-Slider-Widget erstellen k\u00f6nnen \u00dcberzeugen Sie sich selbst, wie einfach der Vorgang ist: Erstellen Sie direkt im Online-Editor ein Testimonials-Slider-Widget, das Sie gerne auf Ihrer Facebook-Seiten-Website sehen w\u00fcrden. W\u00e4hlen Sie eine der vorgefertigten Vorlagen aus und passen Sie die Einstellungen des Testimonials-Schiebereglers an, f\u00fcgen Sie Ihre Inhalte hinzu, \u00e4ndern Sie das Layout und die Farbe der Elemente, ohne dass Sie \u00fcber Programmierkenntnisse verf\u00fcgen m\u00fcssen. Speichern Sie den Testimonials-Slider und kopieren Sie seinen Installationscode, den Sie ganz einfach in Ihre Facebook-Seiten-Website einf\u00fcgen k\u00f6nnen, ohne eine kostenpflichtige Version kaufen zu m\u00fcssen. Mit unserem intuitiven Editor kann jeder Internetnutzer online ein Testimonials-Slider-Widget erstellen und es ganz einfach in seine Facebook-Seite einbetten. Sie m\u00fcssen weder bezahlen noch Ihre Kartendaten eingeben, um auf den Service zuzugreifen. Sollten bei irgendeinem Schritt Probleme auftreten, wenden Sie sich bitte an unser technisches Support-Team.<\/p> <\/div>\r\n\t\t\t\t\t<\/div>\r\n\t\t\t\t<\/div> <\/div> <\/div>\n","protected":false},"excerpt":{"rendered":"","protected":false},"author":9,"featured_media":0,"parent":677,"menu_order":0,"comment_status":"closed","ping_status":"closed","template":"templates\/template-application-platform.php","meta":{"publish_to_discourse":"","publish_post_category":"","wpdc_auto_publish_overridden":"","wpdc_topic_tags":"","wpdc_pin_topic":"","wpdc_pin_until":"","discourse_post_id":"","discourse_permalink":"","wpdc_publishing_response":"","wpdc_publishing_error":"","footnotes":""},"class_list":["post-5827","page","type-page","status-publish","hentry"],"yoast_head":"<!-- This site is optimized with the Yoast SEO plugin v25.3.1 - https:\/\/yoast.com\/wordpress\/plugins\/seo\/ -->\n<title>Schieberegler \u201eTestimonials\u201c zum benutzerdefinierten Tab der Facebook-Seite hinzuf\u00fcgen (2026)<\/title>\n<meta name=\"description\" content=\"Schauen Sie sich kostenlos die beste Testimonials-Tab-Seite f\u00fcr Facebook Business an. Eine einfache und sofortige Integration ohne Kenntnisse in der Entwicklung in einer Minute.\" \/>\n<meta name=\"robots\" content=\"index, follow, max-snippet:-1, max-image-preview:large, max-video-preview:-1\" \/>\n<link rel=\"canonical\" href=\"https:\/\/elfsight.com\/de\/testimonials-slider-widget\/facebook\/\" \/>\n<meta property=\"og:locale\" content=\"de_DE\" \/>\n<meta property=\"og:type\" content=\"article\" \/>\n<meta property=\"og:title\" content=\"Schieberegler \u201eTestimonials\u201c zum benutzerdefinierten Tab der Facebook-Seite hinzuf\u00fcgen (2026)\" \/>\n<meta property=\"og:description\" content=\"Schauen Sie sich kostenlos die beste Testimonials-Tab-Seite f\u00fcr Facebook Business an. Eine einfache und sofortige Integration ohne Kenntnisse in der Entwicklung in einer Minute.\" \/>\n<meta property=\"og:url\" content=\"https:\/\/elfsight.com\/de\/testimonials-slider-widget\/facebook\/\" \/>\n<meta property=\"og:site_name\" content=\"Elfsight DE\" \/>\n<meta property=\"article:modified_time\" content=\"2025-02-18T16:53:20+00:00\" \/>\n<meta name=\"twitter:card\" content=\"summary_large_image\" \/>\n<meta name=\"twitter:label1\" content=\"Gesch\u00e4tzte Lesezeit\" \/>\n\t<meta name=\"twitter:data1\" content=\"3\u00a0Minuten\" \/>\n<!-- \/ Yoast SEO plugin. -->","yoast_head_json":{"title":"Schieberegler \u201eTestimonials\u201c zum benutzerdefinierten Tab der Facebook-Seite hinzuf\u00fcgen (2026)","description":"Schauen Sie sich kostenlos die beste Testimonials-Tab-Seite f\u00fcr Facebook Business an. Eine einfache und sofortige Integration ohne Kenntnisse in der Entwicklung in einer Minute.","robots":{"index":"index","follow":"follow","max-snippet":"max-snippet:-1","max-image-preview":"max-image-preview:large","max-video-preview":"max-video-preview:-1"},"canonical":"https:\/\/elfsight.com\/de\/testimonials-slider-widget\/facebook\/","og_locale":"de_DE","og_type":"article","og_title":"Schieberegler \u201eTestimonials\u201c zum benutzerdefinierten Tab der Facebook-Seite hinzuf\u00fcgen (2026)","og_description":"Schauen Sie sich kostenlos die beste Testimonials-Tab-Seite f\u00fcr Facebook Business an. Eine einfache und sofortige Integration ohne Kenntnisse in der Entwicklung in einer Minute.","og_url":"https:\/\/elfsight.com\/de\/testimonials-slider-widget\/facebook\/","og_site_name":"Elfsight DE","article_modified_time":"2025-02-18T16:53:20+00:00","twitter_card":"summary_large_image","twitter_misc":{"Gesch\u00e4tzte Lesezeit":"3\u00a0Minuten"},"schema":{"@context":"https:\/\/schema.org","@graph":[{"@type":"WebPage","@id":"https:\/\/elfsight.com\/de\/testimonials-slider-widget\/facebook\/","url":"https:\/\/elfsight.com\/de\/testimonials-slider-widget\/facebook\/","name":"Schieberegler \u201eTestimonials\u201c zum benutzerdefinierten Tab der Facebook-Seite hinzuf\u00fcgen (2026)","isPartOf":{"@id":"https:\/\/elfsight.com\/de\/#website"},"datePublished":"1970-01-01T00:00:00+00:00","dateModified":"2025-02-18T16:53:20+00:00","description":"Schauen Sie sich kostenlos die beste Testimonials-Tab-Seite f\u00fcr Facebook Business an. Eine einfache und sofortige Integration ohne Kenntnisse in der Entwicklung in einer Minute.","breadcrumb":{"@id":"https:\/\/elfsight.com\/de\/testimonials-slider-widget\/facebook\/#breadcrumb"},"inLanguage":"de","potentialAction":[{"@type":"ReadAction","target":["https:\/\/elfsight.com\/de\/testimonials-slider-widget\/facebook\/"]}]},{"@type":"BreadcrumbList","@id":"https:\/\/elfsight.com\/de\/testimonials-slider-widget\/facebook\/#breadcrumb","itemListElement":[{"@type":"ListItem","position":1,"name":"Home","item":"https:\/\/elfsight.com\/de\/"},{"@type":"ListItem","position":2,"name":"Testimonials Slider","item":"https:\/\/elfsight.com\/de\/testimonials-slider-widget\/"},{"@type":"ListItem","position":3,"name":"Testimonials Slider &#8211; Facebook Page"}]},{"@type":"WebSite","@id":"https:\/\/elfsight.com\/de\/#website","url":"https:\/\/elfsight.com\/de\/","name":"Elfsight DE","description":"Just another Elfsight Sites site","potentialAction":[{"@type":"SearchAction","target":{"@type":"EntryPoint","urlTemplate":"https:\/\/elfsight.com\/de\/?s={search_term_string}"},"query-input":{"@type":"PropertyValueSpecification","valueRequired":true,"valueName":"search_term_string"}}],"inLanguage":"de"}]}},"meta_box":{"industry":"","seo_heading":"","heading":"","description":"","cta_heading":"","cta_description":"","application":"462","h1":"Registerkarte \u201eTestimonials\u201c f\u00fcr die Facebook-Unternehmensseite","h1_caption":"Zeigen Sie Kundenreferenzen in einem rotierenden Schieberegler an, um Glaubw\u00fcrdigkeit aufzubauen und positives Feedback m\u00fchelos auf Ihrer Facebook-Seite zu pr\u00e4sentieren.","application_category":[],"applications_title":"","applications_request_title":"","applications_request_button_text":"","hero_text":"","hero_video":"","hero_video_schema_markup":"","selling_points_title":"","selling_points_caption":"","selling_points":[],"selling_points_cta_text":"","features_title":"","features":"","ed_cta_examples_text":"","ed_cta_examples_hidden":"","ed_cta_demo_text":"","ed_cta_demo_hidden":"","why_caption":"","why_editor_title":"","why_editor_text":"","why_team_title":"","why_team_text":"","why_service_title":"","why_service_text":"","template_catalog_visible":"0","template_catalog_title":"","template_catalog_text":"","template_catalog_categories_visible":"","demo_title":"Erstellen Sie Ihr Testimonials-Slider-Widget","demo_caption":"Konfigurieren Sie Ihren Testimonials-Slider und f\u00fcgen Sie ihn kostenlos Ihrer Facebook-Seite hinzu!","default_faq_hidden":"","app_template_category":[],"platform":"216","template_public_id":"","codecanyon_url":"","codecanyon_item_id":"","codecanyon_price":"","pricing_caption":"","pricing_elfsight_apps_hide_column":"","pricing_elfsight_apps_url":"","pricing_codecanyon_price_caption":"","integration_category":[],"integration_request_title":"","integration_request_cta":"","integration_platform":"","integrations":[],"platform_category":[],"video_schema_markup":"","price":"ab 0 $ \/ Monat","trial":"","benefits":[{"text":"Kostenlose Installationshilfe"},{"text":"Professioneller Kundenservice"},{"text":"14-t\u00e4gige R\u00fcckerstattungsgarantie"},{"text":"Laufende kostenlose Updates"}],"button_url":"#demo","button_target_blank":"0","button_nofollow":"0","attributes":[{"name":"Installiert","content":"10,000 - 100,000","_state":"expanded"},{"name":"Reaktionsfreudig","content":"Ja","_state":"expanded"},{"name":"Kompatible Browser","content":"Opera, Safari, Edge, Firefox, Chrome"}],"tags":[],"tags_disable_links":"1","hide_more_platforms":"0","video_object":"","demo_hide_cta":"0","demo_hide_cloud_options":"0","pricing_title":"","pricing":[{"pricing_icon":"platform","pricing_title":"Elfsight Apps","pricing_title_caption":"Plattformunabh\u00e4ngige L\u00f6sung, die zu jeder Website passt","pricing_price":"ab 0 $ \/ Monat","pricing_price_caption":"Beginnen Sie mit einem kostenlosen Plan","pricing_benefits":[{"text":"Unbegrenzte Domains"},{"text":"Professionelle und p\u00fcnktliche Unterst\u00fctzung"},{"text":"Kostenlose Installationshilfe"},{"text":"Flexibles Design"}],"pricing_button_text":"Zur Website hinzuf\u00fcgen","pricing_button_url":"#demo","_state":"expanded"}],"related_apps_title":"","related_apps_hidden":"1","author":"","image":[],"title":"","job":"","social_networks":[]},"_links":{"self":[{"href":"https:\/\/elfsight.com\/de\/wp-json\/wp\/v2\/pages\/5827","targetHints":{"allow":["GET"]}}],"collection":[{"href":"https:\/\/elfsight.com\/de\/wp-json\/wp\/v2\/pages"}],"about":[{"href":"https:\/\/elfsight.com\/de\/wp-json\/wp\/v2\/types\/page"}],"author":[{"embeddable":true,"href":"https:\/\/elfsight.com\/de\/wp-json\/wp\/v2\/users\/9"}],"replies":[{"embeddable":true,"href":"https:\/\/elfsight.com\/de\/wp-json\/wp\/v2\/comments?post=5827"}],"version-history":[{"count":3,"href":"https:\/\/elfsight.com\/de\/wp-json\/wp\/v2\/pages\/5827\/revisions"}],"predecessor-version":[{"id":24368,"href":"https:\/\/elfsight.com\/de\/wp-json\/wp\/v2\/pages\/5827\/revisions\/24368"}],"up":[{"embeddable":true,"href":"https:\/\/elfsight.com\/de\/wp-json\/wp\/v2\/pages\/677"}],"wp:attachment":[{"href":"https:\/\/elfsight.com\/de\/wp-json\/wp\/v2\/media?parent=5827"}],"curies":[{"name":"wp","href":"https:\/\/api.w.org\/{rel}","templated":true}]}}