{"id":5426,"date":"2024-05-03T06:33:11","date_gmt":"2024-05-03T06:33:11","guid":{"rendered":"https:\/\/elfsight.com\/de\/?page_id=5426"},"modified":"2025-01-15T06:18:41","modified_gmt":"2025-01-15T06:18:41","slug":"facebook","status":"publish","type":"page","link":"https:\/\/elfsight.com\/de\/cookie-consent-widget\/facebook\/","title":{"rendered":"Cookie Consent &#8211; Facebook Page"},"content":{"rendered":"\n<div class=\"application-platform-content-item-description application-platform-content-item\" id=\"description\" data-nav-section=\"description\"><h2>Beschreibung<\/h2><p>Mit dem Cookie-Zustimmungs-Widget von Elfsight ist es absolut unkompliziert, eine Benachrichtigung f\u00fcr Ihre Besucher einzubetten, dass Ihre Seite Cookies enth\u00e4lt . Das Widget fungiert als nette Popup-Leiste. Sie k\u00f6nnen damit Ihre Nachricht verfassen, einen Link zur Seitennutzungsrichtlinie bereitstellen und aktive Schaltfl\u00e4chen platzieren, um die Erlaubnis der Benutzer einzuholen. Sie k\u00f6nnen das Widget wahlweise in Form einer Leiste oder eines K\u00e4stchens darstellen und eine Position daf\u00fcr ausw\u00e4hlen. Au\u00dferdem helfen Ihnen Farboptionen dabei, das Widget nativ zu gestalten und es in das Seitenstilkonzept einzuf\u00fcgen. <\/p><p><b>Machen Sie Benutzer mit einem einfachen und anpassbaren Widget auf Cookies aufmerksam.<\/b><\/p><\/div> <div class=\"application-platform-content-item-features application-platform-content-item\" id=\"features\" data-nav-section=\"features\"><h2>Funktionen<\/h2> <p>\u00dcberpr\u00fcfen Sie alle Funktionen des Produkts. Sie k\u00f6nnen sie direkt im Editor verwalten und sie helfen Ihnen dabei, das Widget speziell f\u00fcr Ihren Fall zu gestalten. <\/p><ul><li>Erstellen Sie nur eine Ank\u00fcndigung oder f\u00fcgen Sie eine Anfrage hinzu; <\/li><li> Geben Sie Ihren eigenen Ank\u00fcndigungstext mit Formatierungsoptionen und Links ein;<\/li><li>Einen Link zur Cookie-Richtlinie mit benutzerdefiniertem Linktext anzeigen oder entfernen; <\/li><li> W\u00e4hlen Sie die Layoutvariante \u201eBar\u201c oder \u201eBox\u201c der Benachrichtigung aus; <\/li><li>Legen Sie die Farbe der Schaltfl\u00e4chen und Links fest. <\/li><\/ul><p><a href=\"#demo\">Sie k\u00f6nnen alle Funktionen des Widgets direkt in der Demo testen<\/a><\/p><\/div> <div class=\"application-platform-content-item-installation application-platform-content-item\" id=\"installation\" data-nav-section=\"installation\"> <h2>So f\u00fcgen Sie die Registerkarte \u201eCookie-Zustimmung\u201c zur Facebook-Unternehmensseite hinzu<\/h2><p>Um das Widget einzuf\u00fchren, f\u00fchren Sie einfach diese kurzen Schritte aus<\/p><ul><li><b>Generieren Sie Ihre pers\u00f6nliche Cookie-Zustimmung<\/b><br>Erstellen Sie mit unserem kostenlosen Editor ein Plugin mit ausgew\u00e4hltem Aussehen und Funktionen.<\/li><li><b>Erhalten Sie den individuellen Code, um das Plugin zu ver\u00f6ffentlichen<\/b><br>Nach Ihnen Nachdem Sie Ihr Widget generiert haben, erhalten Sie einen individuellen Code aus der angezeigten Benachrichtigung auf Elfsight Apps. Kopieren Sie es zur weiteren Verwendung.<\/li><li><b>F\u00fcgen Sie das Widget zur Facebook-Seite hinzu<\/b><br> Erstellen Sie Ihren benutzerdefinierten Facebook-Tab. F\u00fcgen Sie den Code, den Sie bei elfsight apps erhalten haben, in die Registerkarte ein. Wenn Sie Probleme haben, lesen Sie einfach unseren Leitfaden unter <a href=\"https:\/\/elfsight.com\/blog\/how-to-add-custom-tab-to-facebook-page\/\" target=\"_blank\" rel=\"noopener noreferrer\">Benutzerdefinierten Facebook-Tab erstellen<\/a><\/li><li><b>Sie haben die Installation erfolgreich durchgef\u00fchrt<\/b><br>Betreten Sie Ihren Shop, um Ihre Arbeit zu sehen.<\/li><\/ul><p>Wenn Sie Hilfe ben\u00f6tigen oder Fragen haben, k\u00f6nnen Sie sich jederzeit an unseren Support wenden. Wir helfen Ihnen gerne bei jeder Anfrage weiter. <\/p><\/div><div class=\"faq\" data-component=\"FAQ\"><div class=\"faq-item\">\r\n\t\t\t\t\t<div class=\"faq-item-question\">\r\n\t\t\t\t\t\t<h3 class=\"faq-item-question-text\">Wie binde ich eine Cookie-Einwilligung in meine Facebook-Seite ein?<\/h3>\r\n\r\n\t\t\t\t\t\t<div class=\"faq-item-question-icon\"><\/div>\r\n\t\t\t\t\t<\/div>\r\n\r\n\t\t\t\t\t<div class=\"faq-item-answer\">\r\n\t\t\t\t\t\t<div class=\"faq-item-answer-text\"><p>Der Aufbau des Tools dauert Platzieren Sie es auf der Elfsight-Website und Sie m\u00fcssen nicht programmieren. \u00d6ffnen Sie die aktive Demo, um Ihr eigenes Widget zu erstellen, holen Sie sich den Code und f\u00fcgen Sie ihn in Ihre Website ein. <\/p><\/div>\r\n\t\t\t\t\t<\/div>\r\n\t\t\t\t<\/div><div class=\"faq-item\">\r\n\t\t\t\t\t<div class=\"faq-item-question\">\r\n\t\t\t\t\t\t<h3 class=\"faq-item-question-text\">Die besten M\u00f6glichkeiten, die Cookie-Consent-Banner-Integration zu nutzen<\/h3>\r\n\r\n\t\t\t\t\t\t<div class=\"faq-item-question-icon\"><\/div>\r\n\t\t\t\t\t<\/div>\r\n\r\n\t\t\t\t\t<div class=\"faq-item-answer\">\r\n\t\t\t\t\t\t<div class=\"faq-item-answer-text\"><p>Wir verf\u00fcgen \u00fcber eine breite Palette an Anpassungsm\u00f6glichkeiten: vollst\u00e4ndige Widgets zum Hinzuf\u00fcgen in den Inhalt Bereich, schwebende Plugins mit Scrollm\u00f6glichkeiten, Miniaturansichten f\u00fcr die Fu\u00dfzeile Ihrer Website, Kopfzeile und alle Variationen vertikaler M\u00f6glichkeiten f\u00fcr Seitenleisten und Men\u00fcs. <\/p><\/div>\r\n\t\t\t\t\t<\/div>\r\n\t\t\t\t<\/div><div class=\"faq-item\">\r\n\t\t\t\t\t<div class=\"faq-item-question\">\r\n\t\t\t\t\t\t<h3 class=\"faq-item-question-text\">Gibt es eine Option zum Erstellen einer schwebenden Box oder einer unteren Cookie-Zustimmung mit Hilfe des Editors?<\/h3>\r\n\r\n\t\t\t\t\t\t<div class=\"faq-item-question-icon\"><\/div>\r\n\t\t\t\t\t<\/div>\r\n\r\n\t\t\t\t\t<div class=\"faq-item-answer\">\r\n\t\t\t\t\t\t<div class=\"faq-item-answer-text\"><p>Sie k\u00f6nnen Variationen jedes Widgets erstellen. Im Editor stehen zahlreiche Layouts zur Verf\u00fcgung, die alle ganz einfach nach Ihren W\u00fcnschen personalisiert werden k\u00f6nnen. <\/p><\/div>\r\n\t\t\t\t\t<\/div>\r\n\t\t\t\t<\/div><\/div>\n","protected":false},"excerpt":{"rendered":"","protected":false},"author":9,"featured_media":0,"parent":859,"menu_order":0,"comment_status":"closed","ping_status":"closed","template":"templates\/template-application-platform.php","meta":{"publish_to_discourse":"","publish_post_category":"","wpdc_auto_publish_overridden":"","wpdc_topic_tags":"","wpdc_pin_topic":"","wpdc_pin_until":"","discourse_post_id":"","discourse_permalink":"","wpdc_publishing_response":"","wpdc_publishing_error":"","footnotes":""},"class_list":["post-5426","page","type-page","status-publish","hentry"],"yoast_head":"<!-- This site is optimized with the Yoast SEO plugin v25.3.1 - https:\/\/yoast.com\/wordpress\/plugins\/seo\/ -->\n<title>Cookie-Einwilligung zum benutzerdefinierten Tab der Facebook-Seite hinzuf\u00fcgen (2025)<\/title>\n<meta name=\"description\" content=\"Erstellen Sie mit Elfsight Ihre Cookie-Einwilligung und platzieren Sie sie schnell und einfach auf der Facebook-Seite. Wir bieten kostenlosen Kundenservice und weitere Boni.\" \/>\n<meta name=\"robots\" content=\"index, follow, max-snippet:-1, max-image-preview:large, max-video-preview:-1\" \/>\n<link rel=\"canonical\" href=\"https:\/\/elfsight.com\/de\/cookie-consent-widget\/facebook\/\" \/>\n<meta property=\"og:locale\" content=\"de_DE\" \/>\n<meta property=\"og:type\" content=\"article\" \/>\n<meta property=\"og:title\" content=\"Cookie-Einwilligung zum benutzerdefinierten Tab der Facebook-Seite hinzuf\u00fcgen (2025)\" \/>\n<meta property=\"og:description\" content=\"Erstellen Sie mit Elfsight Ihre Cookie-Einwilligung und platzieren Sie sie schnell und einfach auf der Facebook-Seite. Wir bieten kostenlosen Kundenservice und weitere Boni.\" \/>\n<meta property=\"og:url\" content=\"https:\/\/elfsight.com\/de\/cookie-consent-widget\/facebook\/\" \/>\n<meta property=\"og:site_name\" content=\"Elfsight DE\" \/>\n<meta property=\"article:modified_time\" content=\"2025-01-15T06:18:41+00:00\" \/>\n<meta name=\"twitter:card\" content=\"summary_large_image\" \/>\n<meta name=\"twitter:label1\" content=\"Gesch\u00e4tzte Lesezeit\" \/>\n\t<meta name=\"twitter:data1\" content=\"3\u00a0Minuten\" \/>\n<!-- \/ Yoast SEO plugin. -->","yoast_head_json":{"title":"Cookie-Einwilligung zum benutzerdefinierten Tab der Facebook-Seite hinzuf\u00fcgen (2025)","description":"Erstellen Sie mit Elfsight Ihre Cookie-Einwilligung und platzieren Sie sie schnell und einfach auf der Facebook-Seite. Wir bieten kostenlosen Kundenservice und weitere Boni.","robots":{"index":"index","follow":"follow","max-snippet":"max-snippet:-1","max-image-preview":"max-image-preview:large","max-video-preview":"max-video-preview:-1"},"canonical":"https:\/\/elfsight.com\/de\/cookie-consent-widget\/facebook\/","og_locale":"de_DE","og_type":"article","og_title":"Cookie-Einwilligung zum benutzerdefinierten Tab der Facebook-Seite hinzuf\u00fcgen (2025)","og_description":"Erstellen Sie mit Elfsight Ihre Cookie-Einwilligung und platzieren Sie sie schnell und einfach auf der Facebook-Seite. Wir bieten kostenlosen Kundenservice und weitere Boni.","og_url":"https:\/\/elfsight.com\/de\/cookie-consent-widget\/facebook\/","og_site_name":"Elfsight DE","article_modified_time":"2025-01-15T06:18:41+00:00","twitter_card":"summary_large_image","twitter_misc":{"Gesch\u00e4tzte Lesezeit":"3\u00a0Minuten"},"schema":{"@context":"https:\/\/schema.org","@graph":[{"@type":"WebPage","@id":"https:\/\/elfsight.com\/de\/cookie-consent-widget\/facebook\/","url":"https:\/\/elfsight.com\/de\/cookie-consent-widget\/facebook\/","name":"Cookie-Einwilligung zum benutzerdefinierten Tab der Facebook-Seite hinzuf\u00fcgen (2025)","isPartOf":{"@id":"https:\/\/elfsight.com\/de\/#website"},"datePublished":"2024-05-03T06:33:11+00:00","dateModified":"2025-01-15T06:18:41+00:00","description":"Erstellen Sie mit Elfsight Ihre Cookie-Einwilligung und platzieren Sie sie schnell und einfach auf der Facebook-Seite. Wir bieten kostenlosen Kundenservice und weitere Boni.","breadcrumb":{"@id":"https:\/\/elfsight.com\/de\/cookie-consent-widget\/facebook\/#breadcrumb"},"inLanguage":"de","potentialAction":[{"@type":"ReadAction","target":["https:\/\/elfsight.com\/de\/cookie-consent-widget\/facebook\/"]}]},{"@type":"BreadcrumbList","@id":"https:\/\/elfsight.com\/de\/cookie-consent-widget\/facebook\/#breadcrumb","itemListElement":[{"@type":"ListItem","position":1,"name":"Home","item":"https:\/\/elfsight.com\/de\/"},{"@type":"ListItem","position":2,"name":"Cookie Consent","item":"https:\/\/elfsight.com\/de\/cookie-consent-widget\/"},{"@type":"ListItem","position":3,"name":"Cookie Consent &#8211; Facebook Page"}]},{"@type":"WebSite","@id":"https:\/\/elfsight.com\/de\/#website","url":"https:\/\/elfsight.com\/de\/","name":"Elfsight DE","description":"Just another Elfsight Sites site","potentialAction":[{"@type":"SearchAction","target":{"@type":"EntryPoint","urlTemplate":"https:\/\/elfsight.com\/de\/?s={search_term_string}"},"query-input":{"@type":"PropertyValueSpecification","valueRequired":true,"valueName":"search_term_string"}}],"inLanguage":"de"}]}},"meta_box":{"industry":"","seo_heading":"","heading":"","description":"","cta_heading":"","cta_description":"","application":"486","h1":"Cookie-Einwilligung f\u00fcr Facebook-Seite","h1_caption":"Halten Sie die Datenschutzbestimmungen ein, indem Sie Ihrer Website ein Cookie-Zustimmungsbanner hinzuf\u00fcgen und so die Transparenz der Benutzerdaten auf Ihrer Facebook-Seite m\u00fchelos gew\u00e4hrleisten.","application_category":[],"applications_title":"","applications_request_title":"","applications_request_button_text":"","hero_text":"","hero_video":"","hero_video_schema_markup":"","selling_points_title":"","selling_points_caption":"","selling_points":[],"selling_points_cta_text":"","features_title":"","features":"","ed_cta_examples_text":"","ed_cta_examples_hidden":"","ed_cta_demo_text":"","ed_cta_demo_hidden":"","why_caption":"","why_editor_title":"","why_editor_text":"","why_team_title":"","why_team_text":"","why_service_title":"","why_service_text":"","template_catalog_visible":"0","template_catalog_title":"","template_catalog_text":"","template_catalog_categories_visible":"","demo_title":"Erstellen Sie Ihr Cookie-Zustimmungs-Widget","demo_caption":"Konfigurieren Sie Ihre Cookie-Einwilligung und f\u00fcgen Sie sie kostenlos zu Ihrer Facebook-Seite hinzu!","default_faq_hidden":"","app_template_category":[],"platform":"216","template_public_id":"","codecanyon_url":"","codecanyon_item_id":"","codecanyon_price":"","pricing_caption":"","pricing_elfsight_apps_hide_column":"","pricing_elfsight_apps_url":"","pricing_codecanyon_price_caption":"","integration_category":[],"integration_request_title":"","integration_request_cta":"","integration_platform":"","integrations":[],"platform_category":[],"video_schema_markup":"","price":"ab 0 $ \/ Monat","trial":"","benefits":[{"text":"Kostenlose Installationsunterst\u00fctzung"},{"text":"Professioneller Kundenservice"},{"text":"14-t\u00e4gige R\u00fcckerstattungsgarantie"},{"text":"Fortlaufende Entwicklung"}],"button_url":"#demo","button_target_blank":"0","button_nofollow":"0","attributes":[{"name":"Installiert","content":"100,000 - 500,000","_state":"expanded"},{"name":"Reaktionsfreudig","content":"Ja","_state":"expanded"},{"name":"Kompatible Browser","content":"Firefox, Opera, Safari, Chrome, Edge"}],"tags":[],"tags_disable_links":"1","hide_more_platforms":"","video_object":"","demo_hide_cta":"0","demo_hide_cloud_options":"0","pricing_title":"","pricing":[{"pricing_icon":"platform","pricing_title":"Elfsight Apps","pricing_title_caption":"Plattform\u00fcbergreifende Software","pricing_price":"ab 0 $ \/ Monat","pricing_price_caption":"Beginnen Sie mit einem kostenlosen Plan","pricing_benefits":[{"text":"Unbegrenzte Domains"},{"text":"Kostenloser Unternehmenssupport"},{"text":"Kostenloser Installationssupport"},{"text":"Vollst\u00e4ndig anpassbar"}],"pricing_button_text":"Zur Website hinzuf\u00fcgen","pricing_button_url":"#demo","_state":"expanded"}],"related_apps_title":"","related_apps_hidden":"1","author":"","image":[],"title":"","job":"","social_networks":[]},"_links":{"self":[{"href":"https:\/\/elfsight.com\/de\/wp-json\/wp\/v2\/pages\/5426","targetHints":{"allow":["GET"]}}],"collection":[{"href":"https:\/\/elfsight.com\/de\/wp-json\/wp\/v2\/pages"}],"about":[{"href":"https:\/\/elfsight.com\/de\/wp-json\/wp\/v2\/types\/page"}],"author":[{"embeddable":true,"href":"https:\/\/elfsight.com\/de\/wp-json\/wp\/v2\/users\/9"}],"replies":[{"embeddable":true,"href":"https:\/\/elfsight.com\/de\/wp-json\/wp\/v2\/comments?post=5426"}],"version-history":[{"count":3,"href":"https:\/\/elfsight.com\/de\/wp-json\/wp\/v2\/pages\/5426\/revisions"}],"predecessor-version":[{"id":23744,"href":"https:\/\/elfsight.com\/de\/wp-json\/wp\/v2\/pages\/5426\/revisions\/23744"}],"up":[{"embeddable":true,"href":"https:\/\/elfsight.com\/de\/wp-json\/wp\/v2\/pages\/859"}],"wp:attachment":[{"href":"https:\/\/elfsight.com\/de\/wp-json\/wp\/v2\/media?parent=5426"}],"curies":[{"name":"wp","href":"https:\/\/api.w.org\/{rel}","templated":true}]}}