{"id":5228,"date":"1970-01-01T00:00:00","date_gmt":"1970-01-01T00:00:00","guid":{"rendered":"https:\/\/elfsight.com\/de\/?page_id=5228"},"modified":"2025-07-10T14:03:58","modified_gmt":"2025-07-10T14:03:58","slug":"facebook","status":"publish","type":"page","link":"https:\/\/elfsight.com\/de\/whatsapp-chat-widget\/facebook\/","title":{"rendered":"Whatsapp Chat &#8211; Facebook Page"},"content":{"rendered":"<div class=\"application-platform-content-item-description application-platform-content-item\" id=\"description\" data-nav-section=\"description\"><h2>WhatsApp-Chat mit Elfsight-Widget einbetten<\/h2><p>Der von Elfsight entwickelte WhatsApp-Chat ist ein reibungsloses und schnelles Tool f\u00fcr die Kommunikation Ihrer Kunden mit Ihnen zusammen und erhalten Antworten auf ihre Fragen und W\u00fcnsche. Jetzt sind Sie f\u00fcr Ihre Leute jederzeit live im beliebtesten Messenger erreichbar. F\u00fcgen Sie WhatsApp in Sekundenschnelle zu Ihrer Facebook-Unternehmensseite hinzu, w\u00e4hlen Sie Start-Chat-Ausl\u00f6ser aus, zeigen Sie Ihre eigene Willkommensnachricht an, legen Sie Symbole fest und nehmen Sie andere Anpassungen vor. Mit dem auf der Seite eingebetteten WhatsApp-Widget werden Sie jederzeit und unabh\u00e4ngig davon, wo Sie sich befinden, f\u00fcr Ihre Kunden benachrichtigt.<\/p><p><b>Bleiben Sie mit Elfsight Live Chat im beliebtesten Messenger erreichbar!<\/b> <\/p><\/div> <div class=\"application-platform-content-item-features application-platform-content-item\" id=\"features\" data-nav-section=\"features\"><h2>Hauptfunktionen des WhatsApp-Chat-Widgets<\/h2><p>\u00dcberpr\u00fcfen Sie alle Funktionen unseres Widgets. Sie sind direkt im Editor verf\u00fcgbar und helfen Ihnen, das Widget genau nach Ihren Bed\u00fcrfnissen zu erstellen. <\/p><ul><li>F\u00fcgen Sie den WhatsApp-Messenger auf Ihrer Facebook-Seite ein, um mit Ihrer Kundschaft in Verbindung zu bleiben.<\/li><li>Beantworten Sie Nachrichten direkt von Ihrem WhatsApp-Konto aus. <\/li><li>Verwenden Sie drei Optionen f\u00fcr das Chat-Layout: als schwebende Blase, eingebettete Blase und eingebettetes Chat-Fenster; <\/li><li>W\u00e4hlen Sie Ihr Blasensymbol aus unserer Bibliothek verf\u00fcgbarer Symbole aus; <\/li><li>Bearbeiten Sie den Text der Chat-Blase. <\/li><p><a href=\"#demo\">Sie k\u00f6nnen alle Funktionen des Widgets direkt in der Demo ausprobieren<\/a><\/p><\/ul><\/div> <div class=\"application-platform-content-item-installation application-platform-content-item\" id=\"installation\" data-nav-section=\"installation\"> <h2>So f\u00fcgen Sie das WhatsApp-Chat-Widget zur Facebook-Seite hinzu<\/h2> <p>Um das Widget einzuf\u00fchren, befolgen Sie einfach die folgenden Anweisungen<\/p><ul><li><b>Erstellen Sie Ihr pers\u00f6nliches WhatsApp<\/b> <br>Mit unserer kostenlosen Demo k\u00f6nnen Sie ein benutzerdefiniertes Plugin erstellen, indem Sie die Einstellungen anpassen und Ihre Anmeldeinformationen hinzuf\u00fcgen. <\/li><li><b>Erhalten Sie den individuellen Code zur Installation des Plugins<\/b><br>Nachdem Sie Ihr Widget konfiguriert haben, erhalten Sie den Installationscode aus der Popup-Benachrichtigung auf Elfsight Apps. Kopieren Sie den Code. <\/li><li><b>F\u00fcgen Sie das Widget zur Facebook-Seite hinzu<\/b><br> Erstellen Sie Ihren benutzerdefinierten Facebook-Tab. F\u00fcgen Sie den Code, den Sie bei elfsight apps erhalten haben, in die Registerkarte ein. Wenn Sie Probleme haben, lesen Sie einfach unseren Leitfaden unter <a href=\"https:\/\/elfsight.com\/blog\/how-to-add-custom-tab-to-facebook-page\/\" target=\"_blank\" rel=\"noopener noreferrer\">Benutzerdefinierten Facebook-Tab erstellen<\/a><\/li><li><b>Fertig! <\/b><br>Gehen Sie auf Ihre Facebook-Unternehmensseite, um Ihre Arbeit zu \u00fcberpr\u00fcfen. <\/li><\/ul><p>Z\u00f6gern Sie nicht, sich an den Elfsight-Support zu wenden, wenn Sie Rat ben\u00f6tigen oder Probleme haben. Gerne sind wir bei jedem Anliegen behilflich. <\/p><\/div>","protected":false},"excerpt":{"rendered":"","protected":false},"author":9,"featured_media":0,"parent":146,"menu_order":0,"comment_status":"closed","ping_status":"closed","template":"templates\/template-application-platform.php","meta":{"publish_to_discourse":"","publish_post_category":"","wpdc_auto_publish_overridden":"","wpdc_topic_tags":"","wpdc_pin_topic":"","wpdc_pin_until":"","discourse_post_id":"","discourse_permalink":"","wpdc_publishing_response":"","wpdc_publishing_error":"","footnotes":""},"class_list":["post-5228","page","type-page","status-publish","hentry"],"yoast_head":"<!-- This site is optimized with the Yoast SEO plugin v25.3.1 - https:\/\/yoast.com\/wordpress\/plugins\/seo\/ -->\n<title>WhatsApp-Chat-Widget zur Facebook-Unternehmensseite hinzuf\u00fcgen (2025)<\/title>\n<meta name=\"description\" content=\"Gestalten Sie mit Elfsight Ihren WhatsApp-Chat-Tab und zeigen Sie ihn auf Ihrer Facebook-Unternehmensseite an. Wir bieten kostenlosen Kundenservice und weitere Boni.\" \/>\n<meta name=\"robots\" content=\"index, follow, max-snippet:-1, max-image-preview:large, max-video-preview:-1\" \/>\n<link rel=\"canonical\" href=\"https:\/\/elfsight.com\/de\/whatsapp-chat-widget\/facebook\/\" \/>\n<meta property=\"og:locale\" content=\"de_DE\" \/>\n<meta property=\"og:type\" content=\"article\" \/>\n<meta property=\"og:title\" content=\"WhatsApp-Chat-Widget zur Facebook-Unternehmensseite hinzuf\u00fcgen (2025)\" \/>\n<meta property=\"og:description\" content=\"Gestalten Sie mit Elfsight Ihren WhatsApp-Chat-Tab und zeigen Sie ihn auf Ihrer Facebook-Unternehmensseite an. Wir bieten kostenlosen Kundenservice und weitere Boni.\" \/>\n<meta property=\"og:url\" content=\"https:\/\/elfsight.com\/de\/whatsapp-chat-widget\/facebook\/\" \/>\n<meta property=\"og:site_name\" content=\"Elfsight DE\" \/>\n<meta property=\"article:modified_time\" content=\"2025-07-10T14:03:58+00:00\" \/>\n<meta name=\"twitter:card\" content=\"summary_large_image\" \/>\n<meta name=\"twitter:label1\" content=\"Gesch\u00e4tzte Lesezeit\" \/>\n\t<meta name=\"twitter:data1\" content=\"1\u00a0Minute\" \/>\n<!-- \/ Yoast SEO plugin. -->","yoast_head_json":{"title":"WhatsApp-Chat-Widget zur Facebook-Unternehmensseite hinzuf\u00fcgen (2025)","description":"Gestalten Sie mit Elfsight Ihren WhatsApp-Chat-Tab und zeigen Sie ihn auf Ihrer Facebook-Unternehmensseite an. Wir bieten kostenlosen Kundenservice und weitere Boni.","robots":{"index":"index","follow":"follow","max-snippet":"max-snippet:-1","max-image-preview":"max-image-preview:large","max-video-preview":"max-video-preview:-1"},"canonical":"https:\/\/elfsight.com\/de\/whatsapp-chat-widget\/facebook\/","og_locale":"de_DE","og_type":"article","og_title":"WhatsApp-Chat-Widget zur Facebook-Unternehmensseite hinzuf\u00fcgen (2025)","og_description":"Gestalten Sie mit Elfsight Ihren WhatsApp-Chat-Tab und zeigen Sie ihn auf Ihrer Facebook-Unternehmensseite an. Wir bieten kostenlosen Kundenservice und weitere Boni.","og_url":"https:\/\/elfsight.com\/de\/whatsapp-chat-widget\/facebook\/","og_site_name":"Elfsight DE","article_modified_time":"2025-07-10T14:03:58+00:00","twitter_card":"summary_large_image","twitter_misc":{"Gesch\u00e4tzte Lesezeit":"1\u00a0Minute"},"schema":{"@context":"https:\/\/schema.org","@graph":[{"@type":"WebPage","@id":"https:\/\/elfsight.com\/de\/whatsapp-chat-widget\/facebook\/","url":"https:\/\/elfsight.com\/de\/whatsapp-chat-widget\/facebook\/","name":"WhatsApp-Chat-Widget zur Facebook-Unternehmensseite hinzuf\u00fcgen (2025)","isPartOf":{"@id":"https:\/\/elfsight.com\/de\/#website"},"datePublished":"1970-01-01T00:00:00+00:00","dateModified":"2025-07-10T14:03:58+00:00","description":"Gestalten Sie mit Elfsight Ihren WhatsApp-Chat-Tab und zeigen Sie ihn auf Ihrer Facebook-Unternehmensseite an. Wir bieten kostenlosen Kundenservice und weitere Boni.","breadcrumb":{"@id":"https:\/\/elfsight.com\/de\/whatsapp-chat-widget\/facebook\/#breadcrumb"},"inLanguage":"de","potentialAction":[{"@type":"ReadAction","target":["https:\/\/elfsight.com\/de\/whatsapp-chat-widget\/facebook\/"]}]},{"@type":"BreadcrumbList","@id":"https:\/\/elfsight.com\/de\/whatsapp-chat-widget\/facebook\/#breadcrumb","itemListElement":[{"@type":"ListItem","position":1,"name":"Home","item":"https:\/\/elfsight.com\/de\/"},{"@type":"ListItem","position":2,"name":"WhatsApp Chat","item":"https:\/\/elfsight.com\/de\/whatsapp-chat-widget\/"},{"@type":"ListItem","position":3,"name":"Whatsapp Chat &#8211; Facebook Page"}]},{"@type":"WebSite","@id":"https:\/\/elfsight.com\/de\/#website","url":"https:\/\/elfsight.com\/de\/","name":"Elfsight DE","description":"Just another Elfsight Sites site","potentialAction":[{"@type":"SearchAction","target":{"@type":"EntryPoint","urlTemplate":"https:\/\/elfsight.com\/de\/?s={search_term_string}"},"query-input":{"@type":"PropertyValueSpecification","valueRequired":true,"valueName":"search_term_string"}}],"inLanguage":"de"}]}},"meta_box":{"industry":"","seo_heading":"","heading":"","description":"","cta_heading":"","cta_description":"","application":"139","h1":"Registerkarte \u201eWhatsApp-Chat\u201c f\u00fcr die Facebook-Seite","h1_caption":"Geben Sie Benutzern die M\u00f6glichkeit, Sie \u00fcber WhatsApp zu kontaktieren, und sorgen Sie so f\u00fcr die schnellste und bequemste Interaktion Ihrer Website-Besucher mit der Website Ihrer Facebook-Seite.","application_category":[],"applications_title":"","applications_request_title":"","applications_request_button_text":"","hero_text":"","hero_video":"","hero_video_schema_markup":"","selling_points_title":"","selling_points_caption":"","selling_points":[],"selling_points_cta_text":"","features_title":"","features":"","ed_cta_examples_text":"","ed_cta_examples_hidden":"","ed_cta_demo_text":"","ed_cta_demo_hidden":"","why_caption":"","why_editor_title":"","why_editor_text":"","why_team_title":"","why_team_text":"","why_service_title":"","why_service_text":"","template_catalog_visible":"","template_catalog_title":"","template_catalog_text":"","template_catalog_categories_visible":"","demo_title":"Erstellen Sie Ihr WhatsApp-Chat-Widget","demo_caption":"Konfigurieren Sie Ihren WhatsApp-Chat und f\u00fcgen Sie ihn kostenlos zu Ihrer Facebook-Seite hinzu!","default_faq_hidden":"","app_template_category":[],"platform":"216","template_public_id":"","codecanyon_url":"","codecanyon_item_id":"","codecanyon_price":"","pricing_caption":"","pricing_elfsight_apps_hide_column":"","pricing_elfsight_apps_url":"","pricing_codecanyon_price_caption":"","integration_category":[],"integration_request_title":"","integration_request_cta":"","integration_platform":"","integrations":[],"platform_category":[],"video_schema_markup":"","price":"ab 0 $ \/ Monat","trial":"","benefits":[{"text":"Kostenlose Installationshilfe"},{"text":"Professioneller Kundenservice"},{"text":"14-t\u00e4gige R\u00fcckerstattungsgarantie"},{"text":"Lebenslange kostenlose Verbesserungen"}],"button_url":"#demo","button_target_blank":"0","button_nofollow":"0","attributes":[{"name":"Installiert","content":"100,000 - 500,000","_state":"expanded"},{"name":"Reaktionsfreudig","content":"Ja","_state":"expanded"},{"name":"Kompatible Browser","content":"Chrome, Edge, Firefox, Opera, Safari"}],"tags":[],"tags_disable_links":"1","hide_more_platforms":"","video_object":"","demo_hide_cta":"0","demo_hide_cloud_options":"0","pricing_title":"","pricing":[{"pricing_icon":"platform","pricing_title":"Elfsight Apps","pricing_title_caption":"Multiplattform-L\u00f6sung","pricing_price":"ab 0 $ \/ Monat","pricing_price_caption":"Beginnen Sie mit einem kostenlosen Plan","pricing_benefits":[{"text":"Unbegrenzte Websites"},{"text":"Kostenloser Unternehmenssupport"},{"text":"Kostenloser Installationsservice"},{"text":"Flexibles Design"}],"pricing_button_text":"Zur Website hinzuf\u00fcgen","pricing_button_url":"#demo","_state":"expanded"}],"related_apps_title":"","related_apps_hidden":"1","author":"","image":[],"title":"","job":"","social_networks":[]},"_links":{"self":[{"href":"https:\/\/elfsight.com\/de\/wp-json\/wp\/v2\/pages\/5228","targetHints":{"allow":["GET"]}}],"collection":[{"href":"https:\/\/elfsight.com\/de\/wp-json\/wp\/v2\/pages"}],"about":[{"href":"https:\/\/elfsight.com\/de\/wp-json\/wp\/v2\/types\/page"}],"author":[{"embeddable":true,"href":"https:\/\/elfsight.com\/de\/wp-json\/wp\/v2\/users\/9"}],"replies":[{"embeddable":true,"href":"https:\/\/elfsight.com\/de\/wp-json\/wp\/v2\/comments?post=5228"}],"version-history":[{"count":2,"href":"https:\/\/elfsight.com\/de\/wp-json\/wp\/v2\/pages\/5228\/revisions"}],"predecessor-version":[{"id":16500,"href":"https:\/\/elfsight.com\/de\/wp-json\/wp\/v2\/pages\/5228\/revisions\/16500"}],"up":[{"embeddable":true,"href":"https:\/\/elfsight.com\/de\/wp-json\/wp\/v2\/pages\/146"}],"wp:attachment":[{"href":"https:\/\/elfsight.com\/de\/wp-json\/wp\/v2\/media?parent=5228"}],"curies":[{"name":"wp","href":"https:\/\/api.w.org\/{rel}","templated":true}]}}