{"id":4756,"date":"1970-01-01T00:00:00","date_gmt":"1970-01-01T00:00:00","guid":{"rendered":"https:\/\/elfsight.com\/de\/?page_id=4756"},"modified":"2025-12-01T09:35:29","modified_gmt":"2025-12-01T09:35:29","slug":"elementor","status":"publish","type":"page","link":"https:\/\/elfsight.com\/de\/whatsapp-chat-widget\/elementor\/","title":{"rendered":"Whatsapp Chat &#8211; Elementor"},"content":{"rendered":"<div class=\"application-platform-content-item-description application-platform-content-item\" id=\"description\" data-nav-section=\"description\"> <h2>WhatsApp-Chat mit Elfsight-Widget einbetten<\/h2> <p>Das von Elfsight erstellte Chat-Widget ist f\u00fcr die Besucher Ihrer Website die schnellste M\u00f6glichkeit, mit Ihnen zu kommunizieren ihre Fragen beantwortet bekommen. Jetzt sind Sie im bequemsten Messenger den ganzen Tag online f\u00fcr Ihre Mitarbeiter erreichbar. Betten Sie das WhatsApp-Widget in Ihre Webseite ein und lassen Sie es auf bestimmten Seiten oder f\u00fcr bestimmte Zuschauergruppen erscheinen, w\u00e4hlen Sie Start-Chat-Ausl\u00f6ser aus, f\u00fcgen Sie Ihre pers\u00f6nliche Willkommensnachricht ein, legen Sie Symbole fest und nehmen Sie andere Anpassungen vor. Wenn Sie den Elfsight Live-Chat auf Ihrer Webseite haben, bleiben Sie f\u00fcr Ihre Besucher jederzeit und unabh\u00e4ngig von Ihrem Standort leicht erreichbar.<\/p><p>Elementor WhatsApp Chat kann Ihnen dabei helfen, die Gesamtleistung Ihres Unternehmens zu steigern, indem er Folgendes bereitstellt toller Kundensupport. Es steht Ihnen frei, die Elementor WhatsApp-Schaltfl\u00e4che auf allen oder bestimmten Seiten Ihrer Website einzubetten. Dar\u00fcber hinaus besteht die M\u00f6glichkeit, bestimmte Zielgruppen auszuw\u00e4hlen, die Zugriff auf Ihren Elementor-WhatsApp-Button erhalten. Indem Sie diese Option auf Ihrer Website integrieren, sorgen Sie daf\u00fcr, dass Ihre WhatsApp-Schaltfl\u00e4che effektiv funktioniert. Es ist eine perfekte L\u00f6sung f\u00fcr jede Art von Hilfe, Kundensupport, Onboarding und andere Situationen, denen jedes Online- und Offline-Unternehmen begegnen kann. Und die Tatsache, dass Sie einen der beliebtesten Messenger verwenden, bringt Ihnen nur Punkte ein.<\/p><p>Unser WhatsApp-Plugin l\u00e4sst sich au\u00dferdem ganz einfach anpassen, sodass es zu einem untrennbaren Bestandteil Ihrer Elementor-Website wird. Alles, was Sie tun m\u00fcssen, ist mit der Auswahl der richtigen Farbe zu beginnen, die das gesamte Erscheinungsbild Ihres WhatsApp-Plugins v\u00f6llig ver\u00e4ndert. W\u00e4hlen Sie die besten T\u00f6ne und Schattierungen f\u00fcr vier verf\u00fcgbare Elemente der Benutzeroberfl\u00e4che aus: Hintergrund und Symbol der Chat-Blase, Hintergrund der Kopfzeile und Schaltfl\u00e4che selbst. Verwandeln Sie Ihr Chat-Plugin in eine perfekte Erg\u00e4nzung zu Ihrem Website-Designkonzept und sehen Sie, wie es f\u00fcr Ihre Gesch\u00e4ftsziele funktioniert und alle wichtigen Kennzahlen steigert.<\/p> <div class=\"faq\" data-component=\"FAQ\"><div class=\"faq-item\">\r\n\t\t\t\t\t<div class=\"faq-item-question\">\r\n\t\t\t\t\t\t<h3 class=\"faq-item-question-text\">Wo auf meiner Website kann ich das anzeigen? widget<\/h3>\r\n\r\n\t\t\t\t\t\t<div class=\"faq-item-question-icon\"><\/div>\r\n\t\t\t\t\t<\/div>\r\n\r\n\t\t\t\t\t<div class=\"faq-item-answer\">\r\n\t\t\t\t\t\t<div class=\"faq-item-answer-text\"> <p>Sie k\u00f6nnen es auf jeder Seite Ihrer Website oder nur auf bestimmten Seiten hinzuf\u00fcgen. Es gibt auch eine Option, um es auf ausgew\u00e4hlte Seiten zu beschr\u00e4nken, auf denen Sie den Chat nicht m\u00f6chten.<\/p><\/div>\r\n\t\t\t\t\t<\/div>\r\n\t\t\t\t<\/div><div class=\"faq-item\">\r\n\t\t\t\t\t<div class=\"faq-item-question\">\r\n\t\t\t\t\t\t<h3 class=\"faq-item-question-text\">Wie w\u00fcrde ich von dem Widget profitieren?<\/h3>\r\n\r\n\t\t\t\t\t\t<div class=\"faq-item-question-icon\"><\/div>\r\n\t\t\t\t\t<\/div>\r\n\r\n\t\t\t\t\t<div class=\"faq-item-answer\">\r\n\t\t\t\t\t\t<div class=\"faq-item-answer-text\"> <p>Dieses Plugin wird mehr helfen Besucher wenden sich mit ihren Fragen und W\u00fcnschen an Sie. Es kann dazu beitragen, die Anzahl der Leads und Verk\u00e4ufe zu steigern. Ein weiterer Vorteil besteht darin, dass eine schnelle Reaktion und eine personalisierte Ansprache das Niveau Ihrer Kundenbeziehungen steigern. <\/p> <\/div>\r\n\t\t\t\t\t<\/div>\r\n\t\t\t\t<\/div><div class=\"faq-item\">\r\n\t\t\t\t\t<div class=\"faq-item-question\">\r\n\t\t\t\t\t\t<h3 class=\"faq-item-question-text\">Wie bekomme ich WhatsApp Chat?<\/h3>\r\n\r\n\t\t\t\t\t\t<div class=\"faq-item-question-icon\"><\/div>\r\n\t\t\t\t\t<\/div>\r\n\r\n\t\t\t\t\t<div class=\"faq-item-answer\">\r\n\t\t\t\t\t\t<div class=\"faq-item-answer-text\"> <p>Es dauert nur eine Minute, bis Sie das Widget verwenden. Das Hinzuf\u00fcgen zu Ihrer Website erfolgt sehr schnell, kostenlos und ohne Programmieraufwand.<\/p> <p>Das Widget kann \u00fcber unseren Service oder \u00fcber den Marktplatz in Ihre Website eingef\u00fchrt werden. Sie k\u00f6nnen weitere Informationen zu den beiden Optionen anzeigen und Ihre ausw\u00e4hlen.<\/p> <\/div>\r\n\t\t\t\t\t<\/div>\r\n\t\t\t\t<\/div><\/div> <\/div><div class=\"application-platform-content-item-features application-platform-content-item\" id=\"features\" data-nav-section=\"features\"> <h2>Hauptfunktionen des WhatsApp-Chat-Plugins<\/h2> <p>Um das Whatsapp-Widget besser zu verstehen, sehen Sie sich die Liste seiner Hauptfunktionen an. Sie machen dieses Widget f\u00fcr Sie wirklich effektiv: <\/p> <ul><li>F\u00fcgen Sie WhatsApp Messenger zu Ihrer Website hinzu, um die Kommunikation mit Besuchern herzustellen; <\/li><li>Versenden Sie weiterhin Nachrichten direkt von Ihrem WhatsApp-Konto aus; <\/li><li> Drei Optionen f\u00fcr die Chat-Position: Blase einbetten, schwebende Blase und Chatfenster einbetten; <\/li><li> W\u00e4hlen Sie Ihr Blasensymbol in der Sammlung der verf\u00fcgbaren Symbole aus. <\/li><li>Bearbeitbarer Blasentext. <\/li><\/ul><p><a href=\"#demo\">Live-Demo zeigt Ihnen alle Funktionen des Widgets<\/a><\/p> <\/div><div class=\"application-platform-content-item-installation application-platform-content-item\" id=\"installation\" data-nav-section=\"installation\"> <h2>So f\u00fcgen Sie den WhatsApp-Chat zu Ihrer Elementor-Website hinzu<\/h2> <div class=\"video-container\">\n<iframe width=\"720\" height=\"405\" src=\"https:\/\/www.youtube.com\/embed\/mjhWt6Hk1sk?si=BSBZcmbPz6_dfENj\" frameborder=\"0\" allowfullscreen=\"\"><\/iframe>\n<\/div><p>Die folgenden Aktionen sind das Einzige, was Sie tun m\u00fcssen, um das Produkt zu aktivieren.<\/p><ul><li><b>Erstellen Sie Ihr pers\u00f6nliches WhatsApp-Widget<\/b><br> Erstellen Sie mithilfe unserer kostenlosen Demo ein Plugin mit dem gew\u00fcnschten Design und den gew\u00fcnschten Funktionen.<\/li><li><b>Besorgen Sie sich einen Code zum Integrieren des Plugins<\/b><br>Besorgen Sie sich nach der Widget-Optimierung einen Code f\u00fcr das Live-Chat-Widget aus dem Popup-Fenster von Elfsight Apps.<\/li><li><b>Betten Sie das Plugin auf der Website ein<\/b><br>F\u00fcgen Sie das Plugin an der gew\u00fcnschten Stelle der Seite hinzu und \u00fcbernehmen Sie die \u00c4nderungen.<\/li><li><b>Sie haben die Installation erfolgreich durchgef\u00fchrt<\/b><br> Betreten Sie Ihre Elementor-Site, um Ihre Arbeit zu sehen.<\/li><\/ul><p>Immer noch nicht entschieden? Oder \u00fcber irgendetwas gestolpert? Senden Sie einfach eine Anfrage an unser Support-Team, wir l\u00f6sen jedes Problem. <\/p> <\/div><div class=\"faq\" data-component=\"FAQ\"><div class=\"faq-item\">\r\n\t\t\t\t\t<div class=\"faq-item-question\">\r\n\t\t\t\t\t\t<h3 class=\"faq-item-question-text\">Wie bette ich WhatsApp Chat ohne Codierung in meine Elementor-Webseite ein?<\/h3>\r\n\r\n\t\t\t\t\t\t<div class=\"faq-item-question-icon\"><\/div>\r\n\t\t\t\t\t<\/div>\r\n\r\n\t\t\t\t\t<div class=\"faq-item-answer\">\r\n\t\t\t\t\t\t<div class=\"faq-item-answer-text\"><p>Das Unternehmen Elfsight bietet eine Cloud an L\u00f6sung, mit der Benutzer selbst einen WhatsApp-Chat-Bereich erstellen k\u00f6nnen, finden Sie in der einfachen Anleitung: <\/p><ul><li>Gehen Sie zum Online-Editor, um ein WhatsApp-Chat-Widget zu erstellen, das auf der Elementor-Website angezeigt werden soll.<\/li> <li>W\u00e4hlen Sie eine der vielen vorgefertigten Vorlagen und \u00e4ndern Sie die WhatsApp-Chat-Einstellungen, \u00e4ndern Sie das Layout und die Farben und f\u00fcgen Sie Ihre Inhalte ohne Codierung ein.<\/li><li>Speichern Sie die Einstellungen, die Sie im WhatsApp-Chat vorgenommen haben, und erhalten Sie Widgets Installationscode, der im Rahmen eines kostenlosen Plans problemlos in die Elementor-Site integriert werden kann. <\/li><\/ul><p>Mit dem benutzerfreundlichen Editor kann jeder Webbenutzer WhatsApp-Chat erstellen und ihn problemlos in die Elementor-Website integrieren. Sie m\u00fcssen weder bezahlen noch Ihre Kartendaten eingeben, um an unserem Service teilzunehmen. Sollten bei irgendeinem Schritt Probleme auftreten, wenden Sie sich bitte an unsere Support-Mitarbeiter.<\/p><\/div>\r\n\t\t\t\t\t<\/div>\r\n\t\t\t\t<\/div><\/div>\n","protected":false},"excerpt":{"rendered":"","protected":false},"author":9,"featured_media":0,"parent":146,"menu_order":0,"comment_status":"closed","ping_status":"closed","template":"templates\/template-application-platform.php","meta":{"publish_to_discourse":"","publish_post_category":"","wpdc_auto_publish_overridden":"","wpdc_topic_tags":"","wpdc_pin_topic":"","wpdc_pin_until":"","discourse_post_id":"","discourse_permalink":"","wpdc_publishing_response":"","wpdc_publishing_error":"","footnotes":""},"class_list":["post-4756","page","type-page","status-publish","hentry"],"yoast_head":"<!-- This site is optimized with the Yoast SEO plugin v25.3.1 - https:\/\/yoast.com\/wordpress\/plugins\/seo\/ -->\n<title>Live-Chat \u2013 Chatbox-Widget zu Elementor-Websites hinzuf\u00fcgen (kostenlos und einfach)<\/title>\n<meta name=\"description\" content=\"Erfahren Sie, wie Sie das WhatsApp-Widget in Elementor einbetten \u2013 ohne Programmieraufwand und kostenlos! Sehen Sie sich die ausf\u00fchrliche Anleitung zum Hinzuf\u00fcgen der Elementor WhatsApp-Schaltfl\u00e4che an.\" \/>\n<meta name=\"robots\" content=\"index, follow, max-snippet:-1, max-image-preview:large, max-video-preview:-1\" \/>\n<link rel=\"canonical\" href=\"https:\/\/elfsight.com\/de\/whatsapp-chat-widget\/elementor\/\" \/>\n<meta property=\"og:locale\" content=\"de_DE\" \/>\n<meta property=\"og:type\" content=\"article\" \/>\n<meta property=\"og:title\" content=\"Live-Chat \u2013 Chatbox-Widget zu Elementor-Websites hinzuf\u00fcgen (kostenlos und einfach)\" \/>\n<meta property=\"og:description\" content=\"Erfahren Sie, wie Sie das WhatsApp-Widget in Elementor einbetten \u2013 ohne Programmieraufwand und kostenlos! Sehen Sie sich die ausf\u00fchrliche Anleitung zum Hinzuf\u00fcgen der Elementor WhatsApp-Schaltfl\u00e4che an.\" \/>\n<meta property=\"og:url\" content=\"https:\/\/elfsight.com\/de\/whatsapp-chat-widget\/elementor\/\" \/>\n<meta property=\"og:site_name\" content=\"Elfsight DE\" \/>\n<meta property=\"article:modified_time\" content=\"2025-12-01T09:35:29+00:00\" \/>\n<meta name=\"twitter:card\" content=\"summary_large_image\" \/>\n<meta name=\"twitter:label1\" content=\"Gesch\u00e4tzte Lesezeit\" \/>\n\t<meta name=\"twitter:data1\" content=\"5\u00a0Minuten\" \/>\n<!-- \/ Yoast SEO plugin. -->","yoast_head_json":{"title":"Live-Chat \u2013 Chatbox-Widget zu Elementor-Websites hinzuf\u00fcgen (kostenlos und einfach)","description":"Erfahren Sie, wie Sie das WhatsApp-Widget in Elementor einbetten \u2013 ohne Programmieraufwand und kostenlos! Sehen Sie sich die ausf\u00fchrliche Anleitung zum Hinzuf\u00fcgen der Elementor WhatsApp-Schaltfl\u00e4che an.","robots":{"index":"index","follow":"follow","max-snippet":"max-snippet:-1","max-image-preview":"max-image-preview:large","max-video-preview":"max-video-preview:-1"},"canonical":"https:\/\/elfsight.com\/de\/whatsapp-chat-widget\/elementor\/","og_locale":"de_DE","og_type":"article","og_title":"Live-Chat \u2013 Chatbox-Widget zu Elementor-Websites hinzuf\u00fcgen (kostenlos und einfach)","og_description":"Erfahren Sie, wie Sie das WhatsApp-Widget in Elementor einbetten \u2013 ohne Programmieraufwand und kostenlos! Sehen Sie sich die ausf\u00fchrliche Anleitung zum Hinzuf\u00fcgen der Elementor WhatsApp-Schaltfl\u00e4che an.","og_url":"https:\/\/elfsight.com\/de\/whatsapp-chat-widget\/elementor\/","og_site_name":"Elfsight DE","article_modified_time":"2025-12-01T09:35:29+00:00","twitter_card":"summary_large_image","twitter_misc":{"Gesch\u00e4tzte Lesezeit":"5\u00a0Minuten"},"schema":{"@context":"https:\/\/schema.org","@graph":[{"@type":"WebPage","@id":"https:\/\/elfsight.com\/de\/whatsapp-chat-widget\/elementor\/","url":"https:\/\/elfsight.com\/de\/whatsapp-chat-widget\/elementor\/","name":"Live-Chat \u2013 Chatbox-Widget zu Elementor-Websites hinzuf\u00fcgen (kostenlos und einfach)","isPartOf":{"@id":"https:\/\/elfsight.com\/de\/#website"},"datePublished":"1970-01-01T00:00:00+00:00","dateModified":"2025-12-01T09:35:29+00:00","description":"Erfahren Sie, wie Sie das WhatsApp-Widget in Elementor einbetten \u2013 ohne Programmieraufwand und kostenlos! Sehen Sie sich die ausf\u00fchrliche Anleitung zum Hinzuf\u00fcgen der Elementor WhatsApp-Schaltfl\u00e4che an.","breadcrumb":{"@id":"https:\/\/elfsight.com\/de\/whatsapp-chat-widget\/elementor\/#breadcrumb"},"inLanguage":"de","potentialAction":[{"@type":"ReadAction","target":["https:\/\/elfsight.com\/de\/whatsapp-chat-widget\/elementor\/"]}]},{"@type":"BreadcrumbList","@id":"https:\/\/elfsight.com\/de\/whatsapp-chat-widget\/elementor\/#breadcrumb","itemListElement":[{"@type":"ListItem","position":1,"name":"Home","item":"https:\/\/elfsight.com\/de\/"},{"@type":"ListItem","position":2,"name":"WhatsApp Chat","item":"https:\/\/elfsight.com\/de\/whatsapp-chat-widget\/"},{"@type":"ListItem","position":3,"name":"Whatsapp Chat &#8211; Elementor"}]},{"@type":"WebSite","@id":"https:\/\/elfsight.com\/de\/#website","url":"https:\/\/elfsight.com\/de\/","name":"Elfsight DE","description":"Just another Elfsight Sites site","potentialAction":[{"@type":"SearchAction","target":{"@type":"EntryPoint","urlTemplate":"https:\/\/elfsight.com\/de\/?s={search_term_string}"},"query-input":{"@type":"PropertyValueSpecification","valueRequired":true,"valueName":"search_term_string"}}],"inLanguage":"de"}]}},"meta_box":{"industry":"","seo_heading":"","heading":"","description":"","cta_heading":"","cta_description":"","application":"139","h1":"Elementor WhatsApp Chat-Widget","h1_caption":"Geben Sie Benutzern die M\u00f6glichkeit, Sie \u00fcber WhatsApp zu kontaktieren, und sorgen Sie so f\u00fcr die schnellste und bequemste Interaktion Ihrer Website-Besucher mit Ihrer Elementor-Website.","application_category":[],"applications_title":"","applications_request_title":"","applications_request_button_text":"","hero_text":"","hero_video":"","hero_video_schema_markup":"","selling_points_title":"","selling_points_caption":"","selling_points":[],"selling_points_cta_text":"","features_title":"","features":"","ed_cta_examples_text":"","ed_cta_examples_hidden":"","ed_cta_demo_text":"","ed_cta_demo_hidden":"","why_caption":"","why_editor_title":"","why_editor_text":"","why_team_title":"","why_team_text":"","why_service_title":"","why_service_text":"","template_catalog_visible":"0","template_catalog_title":"","template_catalog_text":"","template_catalog_categories_visible":"","demo_title":"Erstellen Sie Ihr WhatsApp-Chat-Widget","demo_caption":"Konfigurieren Sie Ihren WhatsApp-Chat und f\u00fcgen Sie ihn kostenlos zu Ihrer Elementor-Website hinzu!","default_faq_hidden":"","app_template_category":[],"platform":"223","template_public_id":"","codecanyon_url":"","codecanyon_item_id":"","codecanyon_price":"","pricing_caption":"","pricing_elfsight_apps_hide_column":"","pricing_elfsight_apps_url":"","pricing_codecanyon_price_caption":"","integration_category":[],"integration_request_title":"","integration_request_cta":"","integration_platform":"","integrations":[],"platform_category":[],"video_schema_markup":"","price":"ab 0 $ \/ Monat","trial":"","benefits":[{"text":"Kostenlose Installationshilfe"},{"text":"Kompetenter Kundenservice"},{"text":"14-t\u00e4gige Geld-zur\u00fcck-Garantie"},{"text":"Fortlaufende Entwicklung"}],"button_url":"#demo","button_target_blank":"0","button_nofollow":"0","attributes":[{"name":"Installiert","content":"100,000 - 500,000","_state":"expanded"},{"name":"Reaktionsfreudig","content":"Ja","_state":"expanded"},{"name":"Kompatible Browser","content":"Firefox, Safari, Opera, Chrome, Edge"}],"tags":[],"tags_disable_links":"0","hide_more_platforms":"0","video_object":"{\r\n  \"@context\": \"http:\/\/schema.org\",\r\n  \"@type\": \"VideoObject\",\r\n  \"name\": \"How to Add Search Widget to Elementor (2021)\",\r\n  \"description\": \"Customise the widget and embed it into the web page via live demo. Make your personalized widget within just a couple of clicks and without any problems!\",\r\n  \"thumbnailUrl\": \"https:\/\/i.ytimg.com\/vi\/KBDDdqe17FY\/default.jpg\",\r\n  \"uploadDate\": \"2021-04-09T13:39:28Z\",\r\n  \"duration\": \"PT2M32S\",\r\n  \"embedUrl\": \"https:\/\/www.youtube.com\/embed\/KBDDdqe17FY\",\r\n  \"interactionCount\": \"2\"\r\n}","demo_hide_cta":"0","demo_hide_cloud_options":"0","pricing_title":"","pricing":[{"pricing_icon":"platform","pricing_title":"Elfsight Apps","pricing_title_caption":"Plattformunabh\u00e4ngige Software","pricing_price":"ab 0 $ \/ Monat","pricing_price_caption":"Beginnen Sie mit einem kostenlosen Plan","pricing_benefits":[{"text":"Unbegrenzte Domains"},{"text":"Kostenloser Support und gut dokumentiert"},{"text":"Kostenlose Installationsunterst\u00fctzung"},{"text":"Preis f\u00fcr mehrere Apps"}],"pricing_button_text":"Zur Website hinzuf\u00fcgen","pricing_button_url":"#demo","_state":"expanded"}],"related_apps_title":"","related_apps_hidden":"1","author":"","image":[],"title":"","job":"","social_networks":[]},"_links":{"self":[{"href":"https:\/\/elfsight.com\/de\/wp-json\/wp\/v2\/pages\/4756","targetHints":{"allow":["GET"]}}],"collection":[{"href":"https:\/\/elfsight.com\/de\/wp-json\/wp\/v2\/pages"}],"about":[{"href":"https:\/\/elfsight.com\/de\/wp-json\/wp\/v2\/types\/page"}],"author":[{"embeddable":true,"href":"https:\/\/elfsight.com\/de\/wp-json\/wp\/v2\/users\/9"}],"replies":[{"embeddable":true,"href":"https:\/\/elfsight.com\/de\/wp-json\/wp\/v2\/comments?post=4756"}],"version-history":[{"count":9,"href":"https:\/\/elfsight.com\/de\/wp-json\/wp\/v2\/pages\/4756\/revisions"}],"predecessor-version":[{"id":25566,"href":"https:\/\/elfsight.com\/de\/wp-json\/wp\/v2\/pages\/4756\/revisions\/25566"}],"up":[{"embeddable":true,"href":"https:\/\/elfsight.com\/de\/wp-json\/wp\/v2\/pages\/146"}],"wp:attachment":[{"href":"https:\/\/elfsight.com\/de\/wp-json\/wp\/v2\/media?parent=4756"}],"curies":[{"name":"wp","href":"https:\/\/api.w.org\/{rel}","templated":true}]}}