{"id":4748,"date":"1970-01-01T00:00:00","date_gmt":"1970-01-01T00:00:00","guid":{"rendered":"https:\/\/elfsight.com\/de\/?page_id=4748"},"modified":"2025-01-13T11:57:10","modified_gmt":"2025-01-13T11:57:10","slug":"elementor","status":"publish","type":"page","link":"https:\/\/elfsight.com\/de\/youtube-channel-plugin-yottie\/elementor\/","title":{"rendered":"YouTube Gallery &#8211; Elementor"},"content":{"rendered":"\n<div class=\"application-platform-content-item-description application-platform-content-item\" id=\"description\" data-nav-section=\"description\">\n<h2>YouTube-Galerie auf Elementor mit dem Elfsight-Widget einbetten<\/h2>\n<p>Ein universelles Widget f\u00fcr YouTube, das hilft, alle Arten von Videos auf der Website anzuzeigen. W\u00e4hlen Sie Kan\u00e4le und einzelne Videoclips aus, um Ihre individuelle Playlist zu erstellen und sie direkt auf der Seite mit dem am besten geeigneten Layout (Videogalerie, Portfolio, Kanal, einzelnes Video) anzuzeigen.<\/p>\n<p>Unser Widget ist vollst\u00e4ndig mit allen Ger\u00e4ten und Systemen kompatibel. Es verf\u00fcgt \u00fcber mehr als 100 Einstellparameter, ein flexibles Layout und viele weitere Merkmale, die es erm\u00f6glichen, es auf jeder Website anzuzeigen.<\/p>\n<p><b>Steigern Sie das Engagement Ihrer Leser durch Videoinhalte.<\/b><\/p>\n<p><b>Erstellen Sie eine individuelle Videogalerie, um mehr Aufmerksamkeit von Ihren Kunden zu erhalten.<\/b><br>\nSteigern Sie die Interaktion mit den Besuchern Ihrer Website durch YouTube-Videos. Beeindrucken Sie Ihre Seitenleser mit faszinierenden Videos von YouTube und halten Sie sie st\u00e4rker interessiert als je zuvor.<\/p>\n<p><b>Liefern Sie maximale Informationen \u00fcber Ihre Produkte mit YouTube-Inhalten.<\/b><br>\nNutzen Sie Werbung, Bewertungen, Analysen, Tutorials und andere Videoarten, um Ihrer Zielgruppe umfassende Informationen \u00fcber Ihre Produkte zu bieten und sie zum Kauf zu \u00fcberzeugen.<\/p>\n<p><b>Gewinnen Sie Fans f\u00fcr Ihr YouTube-Profil.<\/b><br>\nVerwandeln Sie die Website-Besucher in Ihre Fans auf YouTube. F\u00fcgen Sie eine schnelle und unkomplizierte M\u00f6glichkeit hinzu, Videos anzusehen und den Kanal direkt von der Seite aus zu abonnieren.<\/p>\n<\/div>\n\n<div class=\"application-platform-content-item-features application-platform-content-item\" id=\"features\" data-nav-section=\"features\">\n<h2>Hauptfunktionen des YouTube-Galerie-Widgets<\/h2>\n<p>Diese Eigenschaften unseres Widgets machen es zum besten Tool, um YouTube-Videos auf einer Elementor-Website hinzuzuf\u00fcgen.<\/p>\n<ul>\n<li>Erstellen von Quellengruppen;<\/li>\n<li>Bearbeitbare Kanalbeschreibung;<\/li>\n<li>Festlegung der Anzahl von Spalten und Reihen;<\/li>\n<li>3 Wiedergabemodi: Inline, im Popup und Umleitung zu YouTube;<\/li>\n<li>Optionaler Freimodus zum Scrollen der Videos einzeln;<\/li>\n<li>24 anpassbare Popup-Elemente;<\/li>\n<li>Erweiterter Datenschutzmodus.<\/li>\n<\/ul>\n<p><a href=\"#demo\">Entdecken Sie alle Funktionen im Live-Widget-Panel<\/a><\/p>\n<\/div>\n\n<div class=\"application-platform-content-item-installation application-platform-content-item\" id=\"installation\" data-nav-section=\"installation\">\n<h2>So f\u00fcgen Sie eine YouTube-Videogalerie zu Ihrer Elementor-Website hinzu<\/h2>\n<div class=\"video-container\">\n<iframe width=\"720\" height=\"405\" src=\"https:\/\/www.youtube.com\/embed\/ap6_ibj7BuI\" frameborder=\"0\" allowfullscreen=\"\"><\/iframe>\n<\/div>\n<p>Eine kurze Anleitung von unserem Team zur Hinzuf\u00fcgung des Widgets auf Ihre Website ohne Programmierkenntnisse. Die gesamte Installationszeit betr\u00e4gt weniger als 80 Sekunden.<\/p>\n<ol>\n<li><b>Erstellen Sie Ihre ma\u00dfgeschneiderte YouTube-Galerie<\/b><br>\nVerwenden Sie unseren kostenlosen Konfigurator, um Ihr Plugin auszuw\u00e4hlen, Design, Layout und andere Funktionen festzulegen.<\/li>\n<li><b>Kopieren Sie den einzigartigen Code, um das Plugin auf der Website hinzuzuf\u00fcgen<\/b><br>\nNachdem Sie das Widget konfiguriert haben, erhalten Sie einen einzigartigen Code f\u00fcr das YouTube-Plugin in einer Benachrichtigung auf Elfsight Apps.<\/li>\n<li><b>F\u00fcgen Sie das Plugin auf Ihrer Elementor-Website hinzu<\/b><br>\nF\u00fcgen Sie das Plugin an der ausgew\u00e4hlten Stelle der Seite ein und ver\u00f6ffentlichen Sie die \u00c4nderungen.<\/li>\n<li><b>Die Installation ist abgeschlossen<\/b><br>\nBesuchen Sie Ihre Website, um das Ergebnis zu sehen.<\/li>\n<\/ol>\n\n<p>Wenn w\u00e4hrend der Einrichtung oder der \u00c4nderung der Parameter der YouTube-Galerie Probleme aufgetreten sind, senden Sie eine Anfrage an unser Hilfezentrum. Wir stehen Ihnen gerne f\u00fcr Ihre Fragen zur Verf\u00fcgung.<\/p>\n\n<div class=\"faq\" data-component=\"FAQ\">\n<div class=\"faq-item\">\r\n\t\t\t\t\t<div class=\"faq-item-question\">\r\n\t\t\t\t\t\t<h3 class=\"faq-item-question-text\">Wie kann ich eine YouTube-Videogalerie ohne Programmierkenntnisse in meine Elementor-Website einbetten?<\/h3>\r\n\r\n\t\t\t\t\t\t<div class=\"faq-item-question-icon\"><\/div>\r\n\t\t\t\t\t<\/div>\r\n\r\n\t\t\t\t\t<div class=\"faq-item-answer\">\r\n\t\t\t\t\t\t<div class=\"faq-item-answer-text\"> \n<p>Elfsight bietet eine cloudbasierte L\u00f6sung, mit der Benutzer selbst eine YouTube-Videogalerie erstellen k\u00f6nnen. Entdecken Sie, wie einfach der Prozess ist:<\/p>\n<ul>\n<li>Greifen Sie auf den Online-Editor zu, um einen YouTube-Videogalerie-Bereich zu erstellen, den Sie in Ihre Elementor-Website einf\u00fcgen m\u00f6chten.<\/li>\n<li>W\u00e4hlen Sie eine unserer vordefinierten Vorlagen und passen Sie die Einstellungen der YouTube-Videogalerie an, \u00e4ndern Sie das Design und Farbschema und f\u00fcgen Sie Ihre Inhalte hinzu \u2013 ganz ohne Programmierung.<\/li>\n<li>Speichern Sie die von Ihnen festgelegten Pr\u00e4ferenzen f\u00fcr die YouTube-Videogalerie und erhalten Sie den Code f\u00fcr das Widget, der einfach in Ihre Elementor-Website eingef\u00fcgt werden kann \u2013 kostenlos.<\/li>\n<\/ul>\n<p>Mit dem benutzerfreundlichen Editor kann jeder Webnutzer einen YouTube-Videogalerie-Bereich erstellen und ihn zu seiner Elementor-Website hinzuf\u00fcgen. Es ist keine Zahlung oder die Eingabe von Kreditkartendaten erforderlich, um auf den Elfsight-Editor zuzugreifen. Wenn Sie auf Herausforderungen sto\u00dfen, z\u00f6gern Sie nicht, unseren Kundensupport zu kontaktieren.<\/p> \n<\/div>\r\n\t\t\t\t\t<\/div>\r\n\t\t\t\t<\/div>\n<\/div>\n<\/div>\n","protected":false},"excerpt":{"rendered":"","protected":false},"author":9,"featured_media":0,"parent":106,"menu_order":0,"comment_status":"closed","ping_status":"closed","template":"templates\/template-application-platform.php","meta":{"publish_to_discourse":"","publish_post_category":"","wpdc_auto_publish_overridden":"","wpdc_topic_tags":"","wpdc_pin_topic":"","wpdc_pin_until":"","discourse_post_id":"","discourse_permalink":"","wpdc_publishing_response":"","wpdc_publishing_error":"","footnotes":""},"class_list":["post-4748","page","type-page","status-publish","hentry"],"yoast_head":"<!-- This site is optimized with the Yoast SEO plugin v25.3.1 - https:\/\/yoast.com\/wordpress\/plugins\/seo\/ -->\n<title>YouTube-Videogalerie f\u00fcr die Elementor-Website (2025)<\/title>\n<meta name=\"description\" content=\"Richten Sie in nur 1 Minute eine individuelle YouTube-Videogalerie f\u00fcr Ihre Elementor-Website ein! Schauen Sie sich das kostenlose Panel von Elfsight an, um Ihr eigenes YouTube-Widget zu erstellen.\" \/>\n<meta name=\"robots\" content=\"index, follow, max-snippet:-1, max-image-preview:large, max-video-preview:-1\" \/>\n<link rel=\"canonical\" href=\"https:\/\/elfsight.com\/de\/youtube-channel-plugin-yottie\/elementor\/\" \/>\n<meta property=\"og:locale\" content=\"de_DE\" \/>\n<meta property=\"og:type\" content=\"article\" \/>\n<meta property=\"og:title\" content=\"YouTube-Videogalerie f\u00fcr die Elementor-Website (2025)\" \/>\n<meta property=\"og:description\" content=\"Richten Sie in nur 1 Minute eine individuelle YouTube-Videogalerie f\u00fcr Ihre Elementor-Website ein! Schauen Sie sich das kostenlose Panel von Elfsight an, um Ihr eigenes YouTube-Widget zu erstellen.\" \/>\n<meta property=\"og:url\" content=\"https:\/\/elfsight.com\/de\/youtube-channel-plugin-yottie\/elementor\/\" \/>\n<meta property=\"og:site_name\" content=\"Elfsight DE\" \/>\n<meta property=\"article:modified_time\" content=\"2025-01-13T11:57:10+00:00\" \/>\n<meta name=\"twitter:card\" content=\"summary_large_image\" \/>\n<meta name=\"twitter:label1\" content=\"Gesch\u00e4tzte Lesezeit\" \/>\n\t<meta name=\"twitter:data1\" content=\"4\u00a0Minuten\" \/>\n<!-- \/ Yoast SEO plugin. -->","yoast_head_json":{"title":"YouTube-Videogalerie f\u00fcr die Elementor-Website (2025)","description":"Richten Sie in nur 1 Minute eine individuelle YouTube-Videogalerie f\u00fcr Ihre Elementor-Website ein! Schauen Sie sich das kostenlose Panel von Elfsight an, um Ihr eigenes YouTube-Widget zu erstellen.","robots":{"index":"index","follow":"follow","max-snippet":"max-snippet:-1","max-image-preview":"max-image-preview:large","max-video-preview":"max-video-preview:-1"},"canonical":"https:\/\/elfsight.com\/de\/youtube-channel-plugin-yottie\/elementor\/","og_locale":"de_DE","og_type":"article","og_title":"YouTube-Videogalerie f\u00fcr die Elementor-Website (2025)","og_description":"Richten Sie in nur 1 Minute eine individuelle YouTube-Videogalerie f\u00fcr Ihre Elementor-Website ein! Schauen Sie sich das kostenlose Panel von Elfsight an, um Ihr eigenes YouTube-Widget zu erstellen.","og_url":"https:\/\/elfsight.com\/de\/youtube-channel-plugin-yottie\/elementor\/","og_site_name":"Elfsight DE","article_modified_time":"2025-01-13T11:57:10+00:00","twitter_card":"summary_large_image","twitter_misc":{"Gesch\u00e4tzte Lesezeit":"4\u00a0Minuten"},"schema":{"@context":"https:\/\/schema.org","@graph":[{"@type":"WebPage","@id":"https:\/\/elfsight.com\/de\/youtube-channel-plugin-yottie\/elementor\/","url":"https:\/\/elfsight.com\/de\/youtube-channel-plugin-yottie\/elementor\/","name":"YouTube-Videogalerie f\u00fcr die Elementor-Website (2025)","isPartOf":{"@id":"https:\/\/elfsight.com\/de\/#website"},"datePublished":"1970-01-01T00:00:00+00:00","dateModified":"2025-01-13T11:57:10+00:00","description":"Richten Sie in nur 1 Minute eine individuelle YouTube-Videogalerie f\u00fcr Ihre Elementor-Website ein! Schauen Sie sich das kostenlose Panel von Elfsight an, um Ihr eigenes YouTube-Widget zu erstellen.","breadcrumb":{"@id":"https:\/\/elfsight.com\/de\/youtube-channel-plugin-yottie\/elementor\/#breadcrumb"},"inLanguage":"de","potentialAction":[{"@type":"ReadAction","target":["https:\/\/elfsight.com\/de\/youtube-channel-plugin-yottie\/elementor\/"]}]},{"@type":"BreadcrumbList","@id":"https:\/\/elfsight.com\/de\/youtube-channel-plugin-yottie\/elementor\/#breadcrumb","itemListElement":[{"@type":"ListItem","position":1,"name":"Home","item":"https:\/\/elfsight.com\/de\/"},{"@type":"ListItem","position":2,"name":"YouTube Gallery","item":"https:\/\/elfsight.com\/de\/youtube-channel-plugin-yottie\/"},{"@type":"ListItem","position":3,"name":"YouTube Gallery &#8211; Elementor"}]},{"@type":"WebSite","@id":"https:\/\/elfsight.com\/de\/#website","url":"https:\/\/elfsight.com\/de\/","name":"Elfsight DE","description":"Just another Elfsight Sites site","potentialAction":[{"@type":"SearchAction","target":{"@type":"EntryPoint","urlTemplate":"https:\/\/elfsight.com\/de\/?s={search_term_string}"},"query-input":{"@type":"PropertyValueSpecification","valueRequired":true,"valueName":"search_term_string"}}],"inLanguage":"de"}]}},"meta_box":{"industry":"","seo_heading":"","heading":"","description":"","cta_heading":"","cta_description":"","application":"98","h1":"Elementor YouTube-Galerie","h1_caption":"Betten Sie m\u00fchelos eine Galerie mit YouTube-Videos ein, um Inhalte wie Tutorials, Erfahrungsberichte oder Produktpr\u00e4sentationen auf Ihrer Website in Ihre Elementor-Website einzuf\u00fcgen.","application_category":[],"applications_title":"","applications_request_title":"","applications_request_button_text":"","hero_text":"","hero_video":"","hero_video_schema_markup":"","selling_points_title":"","selling_points_caption":"","selling_points":[],"selling_points_cta_text":"","features_title":"","features":"","ed_cta_examples_text":"","ed_cta_examples_hidden":"","ed_cta_demo_text":"","ed_cta_demo_hidden":"","why_caption":"","why_editor_title":"","why_editor_text":"","why_team_title":"","why_team_text":"","why_service_title":"","why_service_text":"","template_catalog_visible":"0","template_catalog_title":"","template_catalog_text":"","template_catalog_categories_visible":"","demo_title":"Erstellen Sie Ihr YouTube-Galerie-Widget","demo_caption":"Konfigurieren Sie Ihre YouTube-Galerie und f\u00fcgen Sie sie kostenlos zu Ihrer Elementor-Website hinzu!","default_faq_hidden":"","app_template_category":[],"platform":"223","template_public_id":"","codecanyon_url":"","codecanyon_item_id":"","codecanyon_price":"","pricing_caption":"","pricing_elfsight_apps_hide_column":"","pricing_elfsight_apps_url":"","pricing_codecanyon_price_caption":"","integration_category":[],"integration_request_title":"","integration_request_cta":"","integration_platform":"","integrations":[],"platform_category":[],"video_schema_markup":"","price":"ab 0 $ \/ Monat","trial":"","benefits":[{"text":"Kostenlose Installationsunterst\u00fctzung"},{"text":"Au\u00dfergew\u00f6hnlicher Support"},{"text":"14-t\u00e4gige R\u00fcckerstattungsgarantie"},{"text":"Fortlaufende Entwicklung"}],"button_url":"#demo","button_target_blank":"0","button_nofollow":"0","attributes":[{"name":"Installiert","content":"100,000 - 500,000","_state":"expanded"},{"name":"Reaktionsfreudig","content":"Ja","_state":"expanded"},{"name":"Kompatible Browser","content":"Firefox, Safari, Opera, Chrome, Edge"}],"tags":[],"tags_disable_links":"0","hide_more_platforms":"","video_object":"{\r\n  \"@context\": \"http:\/\/schema.org\",\r\n  \"@type\": \"VideoObject\",\r\n  \"name\": \"How to Add Event Calendar to Elementor (2020)\",\r\n  \"description\": \"With Elfsight, design your Event Calendar plugin and add it on your Elementor website swiftly. We offer free customer support and other bonuses.\",\r\n  \"thumbnailUrl\": \"https:\/\/i.ytimg.com\/vi\/aWs_deynmJo\/default.jpg\",\r\n  \"uploadDate\": \"2020-04-27T08:47:17.000Z\",\r\n  \"duration\": \"PT2M21S\",\r\n  \"embedUrl\": \"https:\/\/www.youtube.com\/embed\/aWs_deynmJo\",\r\n  \"interactionCount\": \"4589\"\r\n}","demo_hide_cta":"0","demo_hide_cloud_options":"0","pricing_title":"","pricing":[{"pricing_icon":"platform","pricing_title":"Elfsight Apps","pricing_title_caption":"Multiplattform-L\u00f6sung","pricing_price":"ab 0 $ \/ Monat","pricing_price_caption":"Beginnen Sie mit einem kostenlosen Plan","pricing_benefits":[{"text":"Unbegrenzte Websites"},{"text":"Professionelle Unterst\u00fctzung"},{"text":"Kostenlose Installationsunterst\u00fctzung"},{"text":"Sonderangebot f\u00fcr mehrere Apps"}],"pricing_button_text":"Zur Website hinzuf\u00fcgen","pricing_button_url":"#demo","_state":"expanded"}],"related_apps_title":"","related_apps_hidden":"1","author":"","image":[],"title":"","job":"","social_networks":[]},"_links":{"self":[{"href":"https:\/\/elfsight.com\/de\/wp-json\/wp\/v2\/pages\/4748","targetHints":{"allow":["GET"]}}],"collection":[{"href":"https:\/\/elfsight.com\/de\/wp-json\/wp\/v2\/pages"}],"about":[{"href":"https:\/\/elfsight.com\/de\/wp-json\/wp\/v2\/types\/page"}],"author":[{"embeddable":true,"href":"https:\/\/elfsight.com\/de\/wp-json\/wp\/v2\/users\/9"}],"replies":[{"embeddable":true,"href":"https:\/\/elfsight.com\/de\/wp-json\/wp\/v2\/comments?post=4748"}],"version-history":[{"count":6,"href":"https:\/\/elfsight.com\/de\/wp-json\/wp\/v2\/pages\/4748\/revisions"}],"predecessor-version":[{"id":23528,"href":"https:\/\/elfsight.com\/de\/wp-json\/wp\/v2\/pages\/4748\/revisions\/23528"}],"up":[{"embeddable":true,"href":"https:\/\/elfsight.com\/de\/wp-json\/wp\/v2\/pages\/106"}],"wp:attachment":[{"href":"https:\/\/elfsight.com\/de\/wp-json\/wp\/v2\/media?parent=4748"}],"curies":[{"name":"wp","href":"https:\/\/api.w.org\/{rel}","templated":true}]}}