{"id":4614,"date":"1970-01-01T00:00:00","date_gmt":"1970-01-01T00:00:00","guid":{"rendered":"https:\/\/elfsight.com\/de\/?page_id=4614"},"modified":"2025-02-19T10:33:40","modified_gmt":"2025-02-19T10:33:40","slug":"wordpress","status":"publish","type":"page","link":"https:\/\/elfsight.com\/de\/telegram-chat-widget\/wordpress\/","title":{"rendered":"Telegram Chat &#8211; WordPress"},"content":{"rendered":"\n<div class=\"application-platform-content-item-description application-platform-content-item\" id=\"description\" data-nav-section=\"description\"><h2>Telegram-Chat in WordPress mit dem Elfsight-Widget einbetten<\/h2><p>Das von Elfsight erstellte Telegram-Plugin ist eine einfache M\u00f6glichkeit f\u00fcr Ihre Webseite Bitten Sie Ihr Publikum, mit Ihnen in Kontakt zu treten und seine Fragen zu beantworten. Seien Sie im bequemsten Messenger live f\u00fcr Ihre Besucher erreichbar, egal wo Sie sind. F\u00fcgen Sie den Telegram-Chat in Ihren Shop ein und er kann auf ausgew\u00e4hlten Seiten oder f\u00fcr bestimmte Besucherkategorien angezeigt werden, Start-Chat-Ausl\u00f6ser zuweisen, Ihre pers\u00f6nliche Willkommensnachricht senden, Symbole ausw\u00e4hlen und vieles mehr. Mit dem Telegram-Messenger auf Ihrer Website bleiben Sie jederzeit und unabh\u00e4ngig von Ihrem Standort mit Ihrem Publikum in Kontakt.<\/p><p><b>Dies ist eine der einfachsten M\u00f6glichkeiten f\u00fcr Menschen, Sie zu erreichen und ihre Probleme zu l\u00f6sen!<\/b><\/p><\/div><div class=\"application-platform-content-item-features application-platform-content-item\" id=\"features\" data-nav-section=\"features\"><h2>Hauptfunktionen des Telegram-Chat-Widgets<\/h2><p>Sehen Sie sich alle Funktionen von Telegram-Chat an. Sie k\u00f6nnen sie direkt im Editor festlegen und sie helfen Ihnen dabei, das Widget speziell f\u00fcr Ihren Anwendungsfall zu erstellen.<\/p><ul><li>Integrieren Sie den Telegram-Messenger auf Ihrer Website, um mit Benutzern zu chatten<\/li><li> 3 Arten von Chat-Positionen: schwebende Blase, eingebettete Blase und eingebettetes Chat-Fenster;<\/li><li>Eine Sammlung von Blasensymbolen zur Auswahl;<\/li><li>Bearbeitbarer Blasentext;<\/li><li> Chat-Header mit Seitenlogo, Name und Bildunterschrift.<\/li><\/ul><p><a href=\"#demo\">\u00dcberpr\u00fcfen Sie alle anderen Funktionen in der Demo<\/a><\/p><\/div> <div class=\"application-platform-content-item-installation application-platform-content-item\" id=\"installation\" data-nav-section=\"installation\"><h2>Wie f\u00fcge ich Telegram-Chat zu meiner WordPress-Website hinzu?<\/h2><div class=\"video-container\"><iframe width=\"560\" height=\"315\" src=\"https:\/\/www.youtube.com\/embed\/-zbexa8DP5E?si=osMLwnrpzFkaKAYq\" frameborder=\"0\" allow=\"accelerometer; autoplay; clipboard-write; encrypted-media; gyroscope; picture-in-picture; web-share\" allowfullscreen><\/iframe><\/div><p>F\u00fchren Sie einfach die folgenden Richtlinien aus, um mit der Arbeit mit dem Tool auf WordPress zu beginnen. <\/p> <ol><li><b>\u00d6ffnen Sie unsere kostenlose Demo und beginnen Sie mit der Erstellung Ihres personalisierten Widgets. <\/b><br> Geben Sie das benutzerdefinierte Layout und die Parameter des Tools an und wenden Sie die Korrekturen an. <\/li> <li><b>Kopieren Sie den eindeutigen Code, der in der Box auf Elfsight Apps angezeigt wird. <\/b><br> Nachdem die Einrichtung Ihres Widgets abgeschlossen ist, kopieren Sie den pers\u00f6nlichen Code aus dem angezeigten Fenster und bewahren Sie ihn zur sp\u00e4teren Verwendung auf. <\/li> <li><b>Beginnen Sie mit der Nutzung des Telegram-Chat-Plugins auf der WordPress-Site. <\/b><br> Integrieren Sie den Code, den Sie k\u00fcrzlich kopiert haben, in Ihre Seite und \u00fcbernehmen Sie die \u00c4nderungen. <\/li> <li><b>Das Setup wurde erfolgreich abgeschlossen. <\/b><br> Besuchen Sie Ihre Seite, um zu pr\u00fcfen, wie das Tool funktioniert. <\/li><\/ol> <p>Z\u00f6gern Sie nicht, sich an den Support zu wenden, falls Sie Hilfe ben\u00f6tigen oder Probleme haben. Unsere Spezialisten helfen Ihnen bei jeder Anfrage weiter.<\/p><\/div><div class=\"faq\" data-component=\"FAQ\"><div class=\"faq-item\">\r\n\t\t\t\t\t<div class=\"faq-item-question\">\r\n\t\t\t\t\t\t<h3 class=\"faq-item-question-text\">Wie bette ich einen Telegram-Chat in meine WordPress-Site ein? <\/h3>\r\n\r\n\t\t\t\t\t\t<div class=\"faq-item-question-icon\"><\/div>\r\n\t\t\t\t\t<\/div>\r\n\r\n\t\t\t\t\t<div class=\"faq-item-answer\">\r\n\t\t\t\t\t\t<div class=\"faq-item-answer-text\"><p>Der Aufbau des Widgets erfolgt innerhalb der Elfsight-Site und Sie m\u00fcssen keinen Code schreiben. Nutzen Sie die Live-Demo, um Ihr eigenes Plugin anzupassen, den Code herunterzuladen und ihn Ihrer Website hinzuzuf\u00fcgen. <\/p><\/div>\r\n\t\t\t\t\t<\/div>\r\n\t\t\t\t<\/div><div class=\"faq-item\">\r\n\t\t\t\t\t<div class=\"faq-item-question\">\r\n\t\t\t\t\t\t<h3 class=\"faq-item-question-text\">Die besten Anwendungsbeispiele der Telegram-Messenger-Integration<\/h3>\r\n\r\n\t\t\t\t\t\t<div class=\"faq-item-question-icon\"><\/div>\r\n\t\t\t\t\t<\/div>\r\n\r\n\t\t\t\t\t<div class=\"faq-item-answer\">\r\n\t\t\t\t\t\t<div class=\"faq-item-answer-text\"><p>Wir haben viele Anpassungsm\u00f6glichkeiten: vollwertige Widgets zur Implementierung im Content-Bereich, Floating-Widgets f\u00fcr die Bildlauffunktion, Miniaturansichten f\u00fcr die Fu\u00dfzeile, den Kopfbereich und alle Variationen vertikaler Optionen f\u00fcr Seitenleisten und Men\u00fcs. <\/p><\/div>\r\n\t\t\t\t\t<\/div>\r\n\t\t\t\t<\/div><div class=\"faq-item\">\r\n\t\t\t\t\t<div class=\"faq-item-question\">\r\n\t\t\t\t\t\t<h3 class=\"faq-item-question-text\">Darf ich mit Hilfe Ihres Editors einen Sale- oder Booking-Telegram-Messenger erstellen? <\/h3>\r\n\r\n\t\t\t\t\t\t<div class=\"faq-item-question-icon\"><\/div>\r\n\t\t\t\t\t<\/div>\r\n\r\n\t\t\t\t\t<div class=\"faq-item-answer\">\r\n\t\t\t\t\t\t<div class=\"faq-item-answer-text\"><p>Sie k\u00f6nnen die Variationen jedes Widgets erstellen. Im Editor stehen viele Layouts zur Verf\u00fcgung, und alle k\u00f6nnen je nach Bedarf problemlos personalisiert werden. <\/p><\/div>\r\n\t\t\t\t\t<\/div>\r\n\t\t\t\t<\/div><div class=\"faq-item\">\r\n\t\t\t\t\t<div class=\"faq-item-question\">\r\n\t\t\t\t\t\t<h3 class=\"faq-item-question-text\">K\u00f6nnen Sie weitere Widgets f\u00fcr meine WordPress-Website empfehlen?<\/h3>\r\n\r\n\t\t\t\t\t\t<div class=\"faq-item-question-icon\"><\/div>\r\n\t\t\t\t\t<\/div>\r\n\r\n\t\t\t\t\t<div class=\"faq-item-answer\">\r\n\t\t\t\t\t\t<div class=\"faq-item-answer-text\"><p>WordPress bietet eine gro\u00dfe Anzahl vorteilhafter Plugins f\u00fcr jede Art von Website: von Blogs bis hin zu riesige Online-Marktpl\u00e4tze. Bei Elfsight erhalten Sie noch mehr hochwertige Plugins.<\/p><p>Zum Beispiel k\u00f6nnen Sie <a href=\"https:\/\/elfsight.com\/whatsapp-chat-widget\/wordpress\/\" target=\" verwenden. _blank\" rel=\"noopener\">WhatsApp-Chat<\/a>, <a href=\"https:\/\/elfsight.com\/facebook-chat-widget\/wordpress\/\" target=\"_blank\" rel=\"noopener\">Facebook-Chat <\/a> oder <a href=\"https:\/\/elfsight.com\/viber-chat-widget\/wordpress\/\" target=\"_blank\" rel=\"noopener\">Viber Chat<\/a>, um Website-Besucher \u00fcber zu kontaktieren Lieblingsbote. Sie k\u00f6nnen der Website auch Google Reviews und Testimonials Slider hinzuf\u00fcgen, um die erstaunlichsten Testimonials Ihres Unternehmens zu zeigen. Um die Vielfalt Ihrer Website-Inhalte mit Videos zu erh\u00f6hen, f\u00fcgen Sie eine YouTube-Galerie hinzu.<\/p><\/div>\r\n\t\t\t\t\t<\/div>\r\n\t\t\t\t<\/div><\/div>\n","protected":false},"excerpt":{"rendered":"","protected":false},"author":9,"featured_media":0,"parent":2430,"menu_order":0,"comment_status":"closed","ping_status":"closed","template":"templates\/template-application-platform.php","meta":{"publish_to_discourse":"","publish_post_category":"","wpdc_auto_publish_overridden":"","wpdc_topic_tags":"","wpdc_pin_topic":"","wpdc_pin_until":"","discourse_post_id":"","discourse_permalink":"","wpdc_publishing_response":"","wpdc_publishing_error":"","footnotes":""},"class_list":["post-4614","page","type-page","status-publish","hentry"],"yoast_head":"<!-- This site is optimized with the Yoast SEO plugin v25.3.1 - https:\/\/yoast.com\/wordpress\/plugins\/seo\/ -->\n<title>Telegram-Chat-Widget | F\u00fcgen Sie die Telegram-Chatbox zur WordPress-Website hinzu<\/title>\n<meta name=\"description\" content=\"Erstellen Sie Ihr eigenes Telegram-Chat-Widget und f\u00fcgen Sie es zur WordPress-Website hinzu! Erhalten Sie kostenlosen Kundensupport und andere Verg\u00fcnstigungen von Elfsight.\" \/>\n<meta name=\"robots\" content=\"index, follow, max-snippet:-1, max-image-preview:large, max-video-preview:-1\" \/>\n<link rel=\"canonical\" href=\"https:\/\/elfsight.com\/de\/telegram-chat-widget\/wordpress\/\" \/>\n<meta property=\"og:locale\" content=\"de_DE\" \/>\n<meta property=\"og:type\" content=\"article\" \/>\n<meta property=\"og:title\" content=\"Telegram-Chat-Widget | F\u00fcgen Sie die Telegram-Chatbox zur WordPress-Website hinzu\" \/>\n<meta property=\"og:description\" content=\"Erstellen Sie Ihr eigenes Telegram-Chat-Widget und f\u00fcgen Sie es zur WordPress-Website hinzu! Erhalten Sie kostenlosen Kundensupport und andere Verg\u00fcnstigungen von Elfsight.\" \/>\n<meta property=\"og:url\" content=\"https:\/\/elfsight.com\/de\/telegram-chat-widget\/wordpress\/\" \/>\n<meta property=\"og:site_name\" content=\"Elfsight DE\" \/>\n<meta property=\"article:modified_time\" content=\"2025-02-19T10:33:40+00:00\" \/>\n<meta name=\"twitter:card\" content=\"summary_large_image\" \/>\n<meta name=\"twitter:label1\" content=\"Gesch\u00e4tzte Lesezeit\" \/>\n\t<meta name=\"twitter:data1\" content=\"4\u00a0Minuten\" \/>\n<!-- \/ Yoast SEO plugin. -->","yoast_head_json":{"title":"Telegram-Chat-Widget | F\u00fcgen Sie die Telegram-Chatbox zur WordPress-Website hinzu","description":"Erstellen Sie Ihr eigenes Telegram-Chat-Widget und f\u00fcgen Sie es zur WordPress-Website hinzu! Erhalten Sie kostenlosen Kundensupport und andere Verg\u00fcnstigungen von Elfsight.","robots":{"index":"index","follow":"follow","max-snippet":"max-snippet:-1","max-image-preview":"max-image-preview:large","max-video-preview":"max-video-preview:-1"},"canonical":"https:\/\/elfsight.com\/de\/telegram-chat-widget\/wordpress\/","og_locale":"de_DE","og_type":"article","og_title":"Telegram-Chat-Widget | F\u00fcgen Sie die Telegram-Chatbox zur WordPress-Website hinzu","og_description":"Erstellen Sie Ihr eigenes Telegram-Chat-Widget und f\u00fcgen Sie es zur WordPress-Website hinzu! Erhalten Sie kostenlosen Kundensupport und andere Verg\u00fcnstigungen von Elfsight.","og_url":"https:\/\/elfsight.com\/de\/telegram-chat-widget\/wordpress\/","og_site_name":"Elfsight DE","article_modified_time":"2025-02-19T10:33:40+00:00","twitter_card":"summary_large_image","twitter_misc":{"Gesch\u00e4tzte Lesezeit":"4\u00a0Minuten"},"schema":{"@context":"https:\/\/schema.org","@graph":[{"@type":"WebPage","@id":"https:\/\/elfsight.com\/de\/telegram-chat-widget\/wordpress\/","url":"https:\/\/elfsight.com\/de\/telegram-chat-widget\/wordpress\/","name":"Telegram-Chat-Widget | F\u00fcgen Sie die Telegram-Chatbox zur WordPress-Website hinzu","isPartOf":{"@id":"https:\/\/elfsight.com\/de\/#website"},"datePublished":"1970-01-01T00:00:00+00:00","dateModified":"2025-02-19T10:33:40+00:00","description":"Erstellen Sie Ihr eigenes Telegram-Chat-Widget und f\u00fcgen Sie es zur WordPress-Website hinzu! Erhalten Sie kostenlosen Kundensupport und andere Verg\u00fcnstigungen von Elfsight.","breadcrumb":{"@id":"https:\/\/elfsight.com\/de\/telegram-chat-widget\/wordpress\/#breadcrumb"},"inLanguage":"de","potentialAction":[{"@type":"ReadAction","target":["https:\/\/elfsight.com\/de\/telegram-chat-widget\/wordpress\/"]}]},{"@type":"BreadcrumbList","@id":"https:\/\/elfsight.com\/de\/telegram-chat-widget\/wordpress\/#breadcrumb","itemListElement":[{"@type":"ListItem","position":1,"name":"Home","item":"https:\/\/elfsight.com\/de\/"},{"@type":"ListItem","position":2,"name":"Telegram Chat","item":"https:\/\/elfsight.com\/de\/telegram-chat-widget\/"},{"@type":"ListItem","position":3,"name":"Telegram Chat &#8211; WordPress"}]},{"@type":"WebSite","@id":"https:\/\/elfsight.com\/de\/#website","url":"https:\/\/elfsight.com\/de\/","name":"Elfsight DE","description":"Just another Elfsight Sites site","potentialAction":[{"@type":"SearchAction","target":{"@type":"EntryPoint","urlTemplate":"https:\/\/elfsight.com\/de\/?s={search_term_string}"},"query-input":{"@type":"PropertyValueSpecification","valueRequired":true,"valueName":"search_term_string"}}],"inLanguage":"de"}]}},"meta_box":{"industry":"","seo_heading":"","heading":"","description":"","cta_heading":"","cta_description":"","application":"497","h1":"WordPress-Telegram-Chat","h1_caption":"Erm\u00f6glichen Sie Benutzern, direkt von Ihrer Website aus per Telegramm mit Ihnen zu chatten und bieten Sie so m\u00fchelos einen weiteren schnellen und bequemen Supportkanal zu Ihrer WordPress-Website an.","application_category":[],"applications_title":"","applications_request_title":"","applications_request_button_text":"","hero_text":"","hero_video":"","hero_video_schema_markup":"","selling_points_title":"","selling_points_caption":"","selling_points":[],"selling_points_cta_text":"","features_title":"","features":"","ed_cta_examples_text":"","ed_cta_examples_hidden":"","ed_cta_demo_text":"","ed_cta_demo_hidden":"","why_caption":"","why_editor_title":"","why_editor_text":"","why_team_title":"","why_team_text":"","why_service_title":"","why_service_text":"","template_catalog_visible":"0","template_catalog_title":"","template_catalog_text":"","template_catalog_categories_visible":"","demo_title":"Erstellen Sie Ihr Telegram-Chat-Plugin","demo_caption":"Konfigurieren Sie Ihren Telegram-Chat und f\u00fcgen Sie ihn kostenlos zu Ihrer WordPress-Website hinzu!","default_faq_hidden":"","app_template_category":[],"platform":"266","template_public_id":"","codecanyon_url":"","codecanyon_item_id":"","codecanyon_price":"","pricing_caption":"","pricing_elfsight_apps_hide_column":"","pricing_elfsight_apps_url":"","pricing_codecanyon_price_caption":"","integration_category":[],"integration_request_title":"","integration_request_cta":"","integration_platform":"","integrations":[],"platform_category":[],"video_schema_markup":"","price":"ab 0 $ \/ Monat","trial":"","benefits":[{"text":"Kostenloser Installationsservice"},{"text":"14-t\u00e4gige R\u00fcckerstattungsgarantie"},{"text":"Premium-Support"},{"text":"Kontinuierliche kostenlose Verbesserungen"}],"button_url":"#demo","button_target_blank":"0","button_nofollow":"0","attributes":[{"name":"Installiert","content":"10,000 - 100,000","_state":"expanded"},{"name":"Reaktionsfreudig","content":"Ja","_state":"expanded"},{"name":"Kompatible Browser","content":"Firefox, Safari, Opera, Chrome, Edge"}],"tags":[],"tags_disable_links":"0","hide_more_platforms":"0","video_object":"","demo_hide_cta":"0","demo_hide_cloud_options":"0","pricing_title":"","pricing":[{"pricing_icon":"platform","pricing_title":"Elfsight Apps","pricing_title_caption":"Multiplattform-Software, die auf jeder Site funktioniert","pricing_price":"ab 0 $ \/ Monat","pricing_price_caption":"Beginnen Sie mit einem kostenlosen Plan","pricing_benefits":[{"text":"Unbegrenzte Domains"},{"text":"Schneller und p\u00fcnktlicher Support und gut dokumentiert"},{"text":"Kostenlose Installationshilfe"},{"text":"Zeitlich begrenztes Angebot f\u00fcr mehrere Apps"}],"pricing_button_text":"Zur Website hinzuf\u00fcgen","pricing_button_url":"#demo","_state":"expanded"}],"related_apps_title":"","related_apps_hidden":"1","author":"","image":[],"title":"","job":"","social_networks":[]},"_links":{"self":[{"href":"https:\/\/elfsight.com\/de\/wp-json\/wp\/v2\/pages\/4614","targetHints":{"allow":["GET"]}}],"collection":[{"href":"https:\/\/elfsight.com\/de\/wp-json\/wp\/v2\/pages"}],"about":[{"href":"https:\/\/elfsight.com\/de\/wp-json\/wp\/v2\/types\/page"}],"author":[{"embeddable":true,"href":"https:\/\/elfsight.com\/de\/wp-json\/wp\/v2\/users\/9"}],"replies":[{"embeddable":true,"href":"https:\/\/elfsight.com\/de\/wp-json\/wp\/v2\/comments?post=4614"}],"version-history":[{"count":8,"href":"https:\/\/elfsight.com\/de\/wp-json\/wp\/v2\/pages\/4614\/revisions"}],"predecessor-version":[{"id":24429,"href":"https:\/\/elfsight.com\/de\/wp-json\/wp\/v2\/pages\/4614\/revisions\/24429"}],"up":[{"embeddable":true,"href":"https:\/\/elfsight.com\/de\/wp-json\/wp\/v2\/pages\/2430"}],"wp:attachment":[{"href":"https:\/\/elfsight.com\/de\/wp-json\/wp\/v2\/media?parent=4614"}],"curies":[{"name":"wp","href":"https:\/\/api.w.org\/{rel}","templated":true}]}}