{"id":4606,"date":"1970-01-01T00:00:00","date_gmt":"1970-01-01T00:00:00","guid":{"rendered":"https:\/\/elfsight.com\/de\/?page_id=4606"},"modified":"2025-07-25T10:36:22","modified_gmt":"2025-07-25T10:36:22","slug":"wordpress","status":"publish","type":"page","link":"https:\/\/elfsight.com\/de\/tiktok-feed-widget\/wordpress\/","title":{"rendered":"TikTok Feed &#8211; WordPress"},"content":{"rendered":"<div class=\"application-platform-content-item-description application-platform-content-item\" id=\"description\" data-nav-section=\"description\"> <h2>TikTok-Feed in WordPress mit dem Elfsight-Widget einbetten<\/h2> <p>Elfsight TiKTok Feed f\u00fcr WordPress ist ein exklusives Plugin f\u00fcr nicht nur Werbung Gegenst\u00e4nde, sondern Emotionen und Erfahrungen. Mithilfe dieser Funktion k\u00f6nnen Sie einen personalisierten Feed mit den Inhalten von TikTok erstellen und ihn direkt auf Ihrer Website anzeigen. Entwerfen Sie eine Videogalerie in 1-2-3! Genie\u00dfen Sie die volle Kontrolle \u00fcber einen demonstrierten Inhalt und entfernen Sie Spam und alle unerw\u00fcnschten Inhalte durch manuelle Moderation. Der vollst\u00e4ndig responsive Online-Konfigurator bietet Ihnen vielf\u00e4ltige Vorlagen zur Auswahl. <\/p> <p><b>Machen Sie Ihre Website f\u00fcr E-Commerce-Ziele mit TikTok-Feed erfolgreicher<\/b><\/p> <\/div> <div class=\"application-platform-content-item-features application-platform-content-item\" id=\"features\" data-nav-section=\"features\"> <h2>Hier sind grundlegende Funktionen des Widgets: <\/h2> <ul><li>Verdecken Sie den Kopfbereich, damit Ihr Widget minimalistisch aussieht. <\/li><li>Beseitigen Sie Spam und unerw\u00fcnschte Inhalte durch manuelle Moderation. <\/li><li>F\u00fcgen Sie die Schaltfl\u00e4che \u201eFolgen\u201c auf den Werkzeugkarten hinzu. <\/li><li>Erlauben Sie, dass Ihre Beitr\u00e4ge in einem Popup angezeigt werden. <\/li><\/ul><p><a href=\"#demo\">Sie k\u00f6nnen die gesamten Funktionen des Plugins in der Demo erkunden <\/a><\/p> <\/div> <div class=\"application-platform-content-item-installation  application-platform-content-item\" id=\"installation \" data-nav-section=\"installation \"> <h2>Wie kann ich einen TikTok-Feed zu meiner WordPress-Website hinzuf\u00fcgen? <\/h2> <p>Befolgen Sie einfach die nachstehenden Anweisungen, um das Plugin zu aktivieren. <\/p> <ol><li><b>Nutzen Sie unseren kostenlosen Editor und beginnen Sie mit der Gestaltung Ihres personalisierten Plugins. <\/b><br> W\u00e4hlen Sie die passende Schnittstelle und Parameter des Tools und \u00fcbernehmen Sie die \u00c4nderungen. <\/li> <li><b>Erhalten Sie den pers\u00f6nlichen Code, der in der speziellen Form auf Elfsight Apps angezeigt wird. <\/b><br> Nachdem die Anpassung Ihres Tools abgeschlossen ist, kopieren Sie den einzelnen Code aus dem angezeigten Popup und bewahren Sie ihn f\u00fcr die weitere Verwendung auf. <\/li> <li><b>Initiieren Sie den Einsatz des Plugins auf Ihrer WordPress-Website. <\/b><br> Integrieren Sie den k\u00fcrzlich kopierten Code in Ihre Homepage und \u00fcbernehmen Sie die Korrekturen. <\/li> <li><b>Das Setup wurde erfolgreich beendet. <\/b><br> Gehen Sie auf Ihre Webseite, um die Funktionsweise des Plugins zu \u00fcberpr\u00fcfen. <\/li><\/ol> <p>Wenn Sie Fragen haben oder auf Schwierigkeiten sto\u00dfen, wenden Sie sich bitte an unseren Kundendienst. Unsere Spezialisten helfen Ihnen gerne bei allen Fragen rund um das Produkt weiter. <\/p> <\/div><div class=\"faq\" data-component=\"FAQ\"><div class=\"faq-item\">\r\n\t\t\t\t\t<div class=\"faq-item-question\">\r\n\t\t\t\t\t\t<h3 class=\"faq-item-question-text\">Wie kann ich den TikTok-Feed ohne Programmiererfahrung in meine WordPress-Site einbetten?<\/h3>\r\n\r\n\t\t\t\t\t\t<div class=\"faq-item-question-icon\"><\/div>\r\n\t\t\t\t\t<\/div>\r\n\r\n\t\t\t\t\t<div class=\"faq-item-answer\">\r\n\t\t\t\t\t\t<div class=\"faq-item-answer-text\"><p>Elfsight-Unternehmen bietet eine Cloud-L\u00f6sung an, mit der Benutzer selbst ein TikTok-Feed-Widget erstellen k\u00f6nnen. Sehen Sie sich die einfachen Schritte an:<\/p><ul><li>Beginnen Sie mit der Arbeit im Live-Editor, um ein TikTok-Feed-Plugin zu generieren, das auf der WordPress-Startseite angezeigt werden soll. <\/li><li>Entscheiden Sie sich f\u00fcr eine der vorgefertigten Vorlagen und \u00e4ndern Sie die TikTok-Feed-Einstellungen, f\u00fcgen Sie Ihre Inhalte hinzu, \u00e4ndern Sie das Layout und die Farbe der Elemente ohne Codierung.<\/li><li>Speichern Sie den TikTok-Feed und erhalten Sie den Installationscode des Widgets, den Sie problemlos in Ihre WordPress-Website einf\u00fcgen k\u00f6nnen, ohne eine kostenpflichtige Version zu kaufen.<\/li><\/ul><p>Mit unserem benutzerfreundlichen Konfigurator kann jeder Webbenutzer ein TikTok-Feed-Widget erstellen und einbinden zur WordPress-Seite. Es ist nicht erforderlich, einen kostenpflichtigen Plan abzuschlie\u00dfen oder Ihre Kartendaten offenzulegen, um den Editor zu betreten. Wenn Sie auf Probleme jeglicher Art sto\u00dfen, wenden Sie sich bitte an unsere Mitarbeiter des technischen Supports.<\/p><\/div>\r\n\t\t\t\t\t<\/div>\r\n\t\t\t\t<\/div><\/div>","protected":false},"excerpt":{"rendered":"","protected":false},"author":9,"featured_media":0,"parent":4068,"menu_order":0,"comment_status":"closed","ping_status":"closed","template":"templates\/template-application-platform.php","meta":{"publish_to_discourse":"","publish_post_category":"","wpdc_auto_publish_overridden":"","wpdc_topic_tags":"","wpdc_pin_topic":"","wpdc_pin_until":"","discourse_post_id":"","discourse_permalink":"","wpdc_publishing_response":"","wpdc_publishing_error":"","footnotes":""},"class_list":["post-4606","page","type-page","status-publish","hentry"],"yoast_head":"<!-- This site is optimized with the Yoast SEO plugin v25.3.1 - https:\/\/yoast.com\/wordpress\/plugins\/seo\/ -->\n<title>F\u00fcgen Sie das TikTok-Feed-Plugin zur WordPress-Website hinzu (schnell und kostenlos)<\/title>\n<meta name=\"description\" content=\"F\u00fcgen Sie ein einfach zu verwaltendes WordPress-TikTok-Feed-Plugin in Ihre Website ein. Nutzen Sie die praktische Elfsight-Demo und erstellen Sie Ihr fantastisches TikTok-Plugin.\" \/>\n<meta name=\"robots\" content=\"index, follow, max-snippet:-1, max-image-preview:large, max-video-preview:-1\" \/>\n<link rel=\"canonical\" href=\"https:\/\/elfsight.com\/de\/tiktok-feed-widget\/wordpress\/\" \/>\n<meta property=\"og:locale\" content=\"de_DE\" \/>\n<meta property=\"og:type\" content=\"article\" \/>\n<meta property=\"og:title\" content=\"F\u00fcgen Sie das TikTok-Feed-Plugin zur WordPress-Website hinzu (schnell und kostenlos)\" \/>\n<meta property=\"og:description\" content=\"F\u00fcgen Sie ein einfach zu verwaltendes WordPress-TikTok-Feed-Plugin in Ihre Website ein. Nutzen Sie die praktische Elfsight-Demo und erstellen Sie Ihr fantastisches TikTok-Plugin.\" \/>\n<meta property=\"og:url\" content=\"https:\/\/elfsight.com\/de\/tiktok-feed-widget\/wordpress\/\" \/>\n<meta property=\"og:site_name\" content=\"Elfsight DE\" \/>\n<meta property=\"article:modified_time\" content=\"2025-07-25T10:36:22+00:00\" \/>\n<meta name=\"twitter:card\" content=\"summary_large_image\" \/>\n<meta name=\"twitter:label1\" content=\"Gesch\u00e4tzte Lesezeit\" \/>\n\t<meta name=\"twitter:data1\" content=\"3\u00a0Minuten\" \/>\n<!-- \/ Yoast SEO plugin. -->","yoast_head_json":{"title":"F\u00fcgen Sie das TikTok-Feed-Plugin zur WordPress-Website hinzu (schnell und kostenlos)","description":"F\u00fcgen Sie ein einfach zu verwaltendes WordPress-TikTok-Feed-Plugin in Ihre Website ein. Nutzen Sie die praktische Elfsight-Demo und erstellen Sie Ihr fantastisches TikTok-Plugin.","robots":{"index":"index","follow":"follow","max-snippet":"max-snippet:-1","max-image-preview":"max-image-preview:large","max-video-preview":"max-video-preview:-1"},"canonical":"https:\/\/elfsight.com\/de\/tiktok-feed-widget\/wordpress\/","og_locale":"de_DE","og_type":"article","og_title":"F\u00fcgen Sie das TikTok-Feed-Plugin zur WordPress-Website hinzu (schnell und kostenlos)","og_description":"F\u00fcgen Sie ein einfach zu verwaltendes WordPress-TikTok-Feed-Plugin in Ihre Website ein. Nutzen Sie die praktische Elfsight-Demo und erstellen Sie Ihr fantastisches TikTok-Plugin.","og_url":"https:\/\/elfsight.com\/de\/tiktok-feed-widget\/wordpress\/","og_site_name":"Elfsight DE","article_modified_time":"2025-07-25T10:36:22+00:00","twitter_card":"summary_large_image","twitter_misc":{"Gesch\u00e4tzte Lesezeit":"3\u00a0Minuten"},"schema":{"@context":"https:\/\/schema.org","@graph":[{"@type":"WebPage","@id":"https:\/\/elfsight.com\/de\/tiktok-feed-widget\/wordpress\/","url":"https:\/\/elfsight.com\/de\/tiktok-feed-widget\/wordpress\/","name":"F\u00fcgen Sie das TikTok-Feed-Plugin zur WordPress-Website hinzu (schnell und kostenlos)","isPartOf":{"@id":"https:\/\/elfsight.com\/de\/#website"},"datePublished":"1970-01-01T00:00:00+00:00","dateModified":"2025-07-25T10:36:22+00:00","description":"F\u00fcgen Sie ein einfach zu verwaltendes WordPress-TikTok-Feed-Plugin in Ihre Website ein. Nutzen Sie die praktische Elfsight-Demo und erstellen Sie Ihr fantastisches TikTok-Plugin.","breadcrumb":{"@id":"https:\/\/elfsight.com\/de\/tiktok-feed-widget\/wordpress\/#breadcrumb"},"inLanguage":"de","potentialAction":[{"@type":"ReadAction","target":["https:\/\/elfsight.com\/de\/tiktok-feed-widget\/wordpress\/"]}]},{"@type":"BreadcrumbList","@id":"https:\/\/elfsight.com\/de\/tiktok-feed-widget\/wordpress\/#breadcrumb","itemListElement":[{"@type":"ListItem","position":1,"name":"Home","item":"https:\/\/elfsight.com\/de\/"},{"@type":"ListItem","position":2,"name":"TikTok Feed","item":"https:\/\/elfsight.com\/de\/tiktok-feed-widget\/"},{"@type":"ListItem","position":3,"name":"TikTok Feed &#8211; WordPress"}]},{"@type":"WebSite","@id":"https:\/\/elfsight.com\/de\/#website","url":"https:\/\/elfsight.com\/de\/","name":"Elfsight DE","description":"Just another Elfsight Sites site","potentialAction":[{"@type":"SearchAction","target":{"@type":"EntryPoint","urlTemplate":"https:\/\/elfsight.com\/de\/?s={search_term_string}"},"query-input":{"@type":"PropertyValueSpecification","valueRequired":true,"valueName":"search_term_string"}}],"inLanguage":"de"}]}},"meta_box":{"industry":"","seo_heading":"","heading":"","description":"","cta_heading":"","cta_description":"","application":"4067","h1":"WordPress-TikTok-Feed-Plugin","h1_caption":"Pr\u00e4sentieren Sie angesagte Tiktok-Videos nach Hashtag oder Konto und f\u00fcgen Sie Ihrer WordPress-Website m\u00fchelos dynamische, ansprechende Inhalte hinzu.","application_category":[],"applications_title":"","applications_request_title":"","applications_request_button_text":"","hero_text":"","hero_video":"","hero_video_schema_markup":"","selling_points_title":"","selling_points_caption":"","selling_points":[],"selling_points_cta_text":"","features_title":"","features":"","ed_cta_examples_text":"","ed_cta_examples_hidden":"","ed_cta_demo_text":"","ed_cta_demo_hidden":"","why_caption":"","why_editor_title":"","why_editor_text":"","why_team_title":"","why_team_text":"","why_service_title":"","why_service_text":"","template_catalog_visible":"0","template_catalog_title":"","template_catalog_text":"","template_catalog_categories_visible":"","demo_title":"Erstellen Sie Ihr TikTok-Feed-Plugin","demo_caption":"Konfigurieren Sie Ihren TikTok-Feed und f\u00fcgen Sie ihn kostenlos zu Ihrer WordPress-Website hinzu!","default_faq_hidden":"","app_template_category":[],"platform":"266","template_public_id":"","codecanyon_url":"","codecanyon_item_id":"","codecanyon_price":"","pricing_caption":"\u00c4ndern und implementieren das Tool auf Ihre Website \u00fcber Demo.","pricing_elfsight_apps_hide_column":"","pricing_elfsight_apps_url":"","pricing_codecanyon_price_caption":"","integration_category":[],"integration_request_title":"","integration_request_cta":"","integration_platform":"","integrations":[],"platform_category":[],"video_schema_markup":"","price":"ab 0 $ \/ Monat","trial":"","benefits":[{"text":"Kostenloser Installationsservice"},{"text":"Au\u00dfergew\u00f6hnlicher Support"},{"text":"14-t\u00e4gige Geld-zur\u00fcck-Garantie"},{"text":"Regelm\u00e4\u00dfige Verbesserungen"}],"button_url":"#demo","button_target_blank":"0","button_nofollow":"0","attributes":[{"name":"Installiert","content":"10,000 - 100,000","_state":"expanded"},{"name":"Reaktionsfreudig","content":"Ja","_state":"expanded"},{"name":"Kompatible Browser","content":"Firefox, Safari, Opera, Chrome, Edge"}],"tags":[],"tags_disable_links":"0","hide_more_platforms":"0","video_object":"{\r\n  \"@context\": \"http:\/\/schema.org\",\r\n  \"@type\": \"VideoObject\",\r\n  \"name\": \"How to Add Background Music to WordPress (2021)\",\r\n  \"description\": \"Embed a Background Music player plugin on your WordPress website. Apply our helpful demo and build your custom background audio player in just a couple of mins.\",\r\n  \"thumbnailUrl\": \"https:\/\/i.ytimg.com\/vi\/BULXWklwzNc\/default.jpg\",\r\n  \"uploadDate\": \"2021-02-01T07:50:09Z\",\r\n  \"duration\": \"PT2M26S\",\r\n  \"embedUrl\": \"https:\/\/www.youtube.com\/embed\/BULXWklwzNc\",\r\n  \"interactionCount\": \"5\"\r\n}","demo_hide_cta":"0","demo_hide_cloud_options":"0","pricing_title":"Starten Sie gleich jetzt Ihr individuelle Wordpress Hintergrundmusik Player zu bilden","pricing":[{"pricing_icon":"platform","pricing_title":"Elfsight Apps","pricing_title_caption":"Plattform\u00fcbergreifende digitale L\u00f6sung, die f\u00fcr jede Website geeignet ist","pricing_price":"ab 0 $ \/ Monat","pricing_price_caption":"Beginnen Sie mit einem kostenlosen Plan","pricing_benefits":[{"text":"Unbegrenzte Domains"},{"text":"Erstklassiger Kundensupport und gut dokumentiert"},{"text":"Kostenlose Installationsunterst\u00fctzung"},{"text":"Flexibles Design"}],"pricing_button_text":"Zur Website hinzuf\u00fcgen","pricing_button_url":"#demo","_state":"expanded"}],"related_apps_title":"","related_apps_hidden":"1","author":"","image":[],"title":"","job":"","social_networks":[]},"_links":{"self":[{"href":"https:\/\/elfsight.com\/de\/wp-json\/wp\/v2\/pages\/4606","targetHints":{"allow":["GET"]}}],"collection":[{"href":"https:\/\/elfsight.com\/de\/wp-json\/wp\/v2\/pages"}],"about":[{"href":"https:\/\/elfsight.com\/de\/wp-json\/wp\/v2\/types\/page"}],"author":[{"embeddable":true,"href":"https:\/\/elfsight.com\/de\/wp-json\/wp\/v2\/users\/9"}],"replies":[{"embeddable":true,"href":"https:\/\/elfsight.com\/de\/wp-json\/wp\/v2\/comments?post=4606"}],"version-history":[{"count":6,"href":"https:\/\/elfsight.com\/de\/wp-json\/wp\/v2\/pages\/4606\/revisions"}],"predecessor-version":[{"id":21096,"href":"https:\/\/elfsight.com\/de\/wp-json\/wp\/v2\/pages\/4606\/revisions\/21096"}],"up":[{"embeddable":true,"href":"https:\/\/elfsight.com\/de\/wp-json\/wp\/v2\/pages\/4068"}],"wp:attachment":[{"href":"https:\/\/elfsight.com\/de\/wp-json\/wp\/v2\/media?parent=4606"}],"curies":[{"name":"wp","href":"https:\/\/api.w.org\/{rel}","templated":true}]}}