{"id":4598,"date":"1970-01-01T00:00:00","date_gmt":"1970-01-01T00:00:00","guid":{"rendered":"https:\/\/elfsight.com\/de\/?page_id=4598"},"modified":"2025-07-25T10:32:51","modified_gmt":"2025-07-25T10:32:51","slug":"wordpress","status":"publish","type":"page","link":"https:\/\/elfsight.com\/de\/tumblr-feed-widget\/wordpress\/","title":{"rendered":"Tumblr Feed &#8211; WordPress"},"content":{"rendered":"<div class=\"application-platform-content-item-description application-platform-content-item\" id=\"description\" data-nav-section=\"description\"> <h2>Produkt mit dem Elfsight-Widget in WordPress einbetten<\/h2> <p>Elfsight Tumblr Feed f\u00fcr WordPress ist ein einzigartiges Plugin zum Erstellen Ihres individuellen Feeds bestehend aus den sozialen Medien Tumblr und deren Pr\u00e4sentation direkt auf Ihrer Website. Erstellen Sie in 1-2-3 eine Galerie oder einen Beitrags-Slider! \u00dcben Sie die absolute Kontrolle \u00fcber einen demonstrierten Inhalt aus und beseitigen Sie Spam und alle unerw\u00fcnschten Inhalte durch manuelle Moderation. Der vollst\u00e4ndig reaktionsf\u00e4hige Online-Editor bietet Ihnen mehrere Vorlagen zur Auswahl. <\/p> <p><b>W\u00e4hlen Sie die interessantesten Tumblr-Inhalte aus, um das Interesse Ihres Website-Publikums zu wecken und mehr Menschen anzusprechen<\/b><\/p> <\/div> <div class=\"application-platform-content-item-features application-platform-content-item\" id=\"features\" data-nav-section=\"features\"> <h2>Diese sind nur einige der Funktionen des umfangreichen Plugins: <\/h2> <ul><li>Pr\u00e4sentieren Sie Ihre Social-Media-Inhalte von Tumblr<\/li><li>Entfernen Sie Spam und unerw\u00fcnschte Inhalte mithilfe des manuellen Moderationsmodus. <\/li><li>F\u00fcgen Sie die Schaltfl\u00e4che \u201eFolgen\u201c in den Widget-Feed ein. <\/li><li>Lassen Sie Ihre Beitr\u00e4ge in einem Popup-Modus erscheinen. <\/li><\/ul><p><a href=\"#demo\">Was das Widget wert ist, k\u00f6nnen Sie mit Hilfe der Demo sehen<\/a><\/p> <\/div> <div class=\"application-platform-content-item-\u201eInstallation\u201c application-platform-content-item\" id=\"\u201eInstallation\u201c\" data-nav-section=\"\u201eInstallation\u201c\"> <h2>Wie bette ich den Tumblr-Feed in meine WordPress-Website ein? <\/h2> <p>Befolgen Sie einfach die folgenden Richtlinien, um das Plugin einzubetten. <\/p> <ol><li><b>F\u00fchren Sie unsere kostenlose Demo durch und beginnen Sie mit der Erstellung Ihres ma\u00dfgeschneiderten Plugins. <\/b><br> Geben Sie das benutzerdefinierte Formular und die Funktionen des Widgets an und speichern Sie die \u00c4nderungen. <\/li> <li><b>Erhalten Sie den einzelnen Code, der im Fenster von Elfsight Apps angezeigt wird. <\/b><br> Nachdem Sie Ihr pers\u00f6nliches Tool eingerichtet haben, kopieren Sie den exklusiven Code aus dem angezeigten Feld und speichern Sie ihn zur sp\u00e4teren Verwendung. <\/li> <li><b>Beginnen Sie mit der Verwendung des Widgets auf der WordPress-Website. <\/b><br> Betten Sie den zuvor gespeicherten Code in Ihre Website ein und speichern Sie die \u00c4nderungen. <\/li> <li><b>Fertig! Die Einbettung ist vollst\u00e4ndig durchgef\u00fchrt. <\/b><br> Besuchen Sie Ihre Website, um die Leistung des Plugins zu sehen. <\/li><\/ol> <p>Wenn Sie Fragen haben oder auf Komplikationen sto\u00dfen, z\u00f6gern Sie nicht, sich bei unserem Support-Team zu bewerben. Unsere Spezialisten helfen Ihnen gerne bei der L\u00f6sung aller Schwierigkeiten, die Sie mit dem Widget haben k\u00f6nnten. <\/p> <\/div><div class=\"faq\" data-component=\"FAQ\"><div class=\"faq-item\">\r\n\t\t\t\t\t<div class=\"faq-item-question\">\r\n\t\t\t\t\t\t<h3 class=\"faq-item-question-text\">Wie kann ich Tumblr-Feeds ohne Programmierkenntnisse in meine WordPress-Homepage einbetten?<\/h3>\r\n\r\n\t\t\t\t\t\t<div class=\"faq-item-question-icon\"><\/div>\r\n\t\t\t\t\t<\/div>\r\n\r\n\t\t\t\t\t<div class=\"faq-item-answer\">\r\n\t\t\t\t\t\t<div class=\"faq-item-answer-text\"><p>Das Unternehmen Elfsight bietet Finden Sie heraus, wie unkompliziert das ist:<\/p><ul><li>Gehen Sie zur Online-Demo, um ein Tumblr-Feed-Plugin zu erstellen, das Sie gerne auf Ihrer WordPress-Homepage hinzuf\u00fcgen m\u00f6chten .<\/li><li>W\u00e4hlen Sie eine der vielen vorgefertigten Vorlagen und \u00e4ndern Sie die Tumblr-Feed-Einstellungen, \u00e4ndern Sie das Layout und Farbschema, aktualisieren Sie Ihre Inhalte ohne Programmierkenntnisse.<\/li><li>Klicken Sie hier, um Ihre Einstellungen zu speichern Gehen Sie zum Tumblr-Feed und erhalten Sie den Code des Widgets f\u00fcr die Installation, den Sie einfach und kostenlos in die WordPress-Homepage einf\u00fcgen k\u00f6nnen.<\/li><\/ul><p>Mit unserem benutzerfreundlichen Konfigurator kann jeder Webbenutzer Tumblr einrichten Feed-Widget und einfach in die WordPress-Startseite einbetten. Es ist nicht erforderlich, einen kostenpflichtigen Plan abzuschlie\u00dfen oder Ihre Kartendaten einzureichen, um an unserem Service teilzunehmen. Sollten bei irgendeinem Schritt Probleme auftreten, z\u00f6gern Sie bitte nicht, sich an unser technisches Support-Team zu wenden.<\/p><\/div>\r\n\t\t\t\t\t<\/div>\r\n\t\t\t\t<\/div><\/div>","protected":false},"excerpt":{"rendered":"","protected":false},"author":9,"featured_media":0,"parent":4100,"menu_order":0,"comment_status":"closed","ping_status":"closed","template":"templates\/template-application-platform.php","meta":{"publish_to_discourse":"","publish_post_category":"","wpdc_auto_publish_overridden":"","wpdc_topic_tags":"","wpdc_pin_topic":"","wpdc_pin_until":"","discourse_post_id":"","discourse_permalink":"","wpdc_publishing_response":"","wpdc_publishing_error":"","footnotes":""},"class_list":["post-4598","page","type-page","status-publish","hentry"],"yoast_head":"<!-- This site is optimized with the Yoast SEO plugin v25.3.1 - https:\/\/yoast.com\/wordpress\/plugins\/seo\/ -->\n<title>Tumblr-Feed-Plugin zur WordPress-Website hinzuf\u00fcgen (schnell und kostenlos)<\/title>\n<meta name=\"description\" content=\"F\u00fcgen Sie das WordPress Tumblr Feed-Plugin auf der Website hinzu. Nutzen Sie die praktische Elfsight-Demo und \u00e4ndern Sie Ihr fantastisches Tumblr-Plugin mit nur wenigen Klicks\" \/>\n<meta name=\"robots\" content=\"index, follow, max-snippet:-1, max-image-preview:large, max-video-preview:-1\" \/>\n<link rel=\"canonical\" href=\"https:\/\/elfsight.com\/de\/tumblr-feed-widget\/wordpress\/\" \/>\n<meta property=\"og:locale\" content=\"de_DE\" \/>\n<meta property=\"og:type\" content=\"article\" \/>\n<meta property=\"og:title\" content=\"Tumblr-Feed-Plugin zur WordPress-Website hinzuf\u00fcgen (schnell und kostenlos)\" \/>\n<meta property=\"og:description\" content=\"F\u00fcgen Sie das WordPress Tumblr Feed-Plugin auf der Website hinzu. Nutzen Sie die praktische Elfsight-Demo und \u00e4ndern Sie Ihr fantastisches Tumblr-Plugin mit nur wenigen Klicks\" \/>\n<meta property=\"og:url\" content=\"https:\/\/elfsight.com\/de\/tumblr-feed-widget\/wordpress\/\" \/>\n<meta property=\"og:site_name\" content=\"Elfsight DE\" \/>\n<meta property=\"article:modified_time\" content=\"2025-07-25T10:32:51+00:00\" \/>\n<meta name=\"twitter:card\" content=\"summary_large_image\" \/>\n<meta name=\"twitter:label1\" content=\"Gesch\u00e4tzte Lesezeit\" \/>\n\t<meta name=\"twitter:data1\" content=\"3\u00a0Minuten\" \/>\n<!-- \/ Yoast SEO plugin. -->","yoast_head_json":{"title":"Tumblr-Feed-Plugin zur WordPress-Website hinzuf\u00fcgen (schnell und kostenlos)","description":"F\u00fcgen Sie das WordPress Tumblr Feed-Plugin auf der Website hinzu. Nutzen Sie die praktische Elfsight-Demo und \u00e4ndern Sie Ihr fantastisches Tumblr-Plugin mit nur wenigen Klicks","robots":{"index":"index","follow":"follow","max-snippet":"max-snippet:-1","max-image-preview":"max-image-preview:large","max-video-preview":"max-video-preview:-1"},"canonical":"https:\/\/elfsight.com\/de\/tumblr-feed-widget\/wordpress\/","og_locale":"de_DE","og_type":"article","og_title":"Tumblr-Feed-Plugin zur WordPress-Website hinzuf\u00fcgen (schnell und kostenlos)","og_description":"F\u00fcgen Sie das WordPress Tumblr Feed-Plugin auf der Website hinzu. Nutzen Sie die praktische Elfsight-Demo und \u00e4ndern Sie Ihr fantastisches Tumblr-Plugin mit nur wenigen Klicks","og_url":"https:\/\/elfsight.com\/de\/tumblr-feed-widget\/wordpress\/","og_site_name":"Elfsight DE","article_modified_time":"2025-07-25T10:32:51+00:00","twitter_card":"summary_large_image","twitter_misc":{"Gesch\u00e4tzte Lesezeit":"3\u00a0Minuten"},"schema":{"@context":"https:\/\/schema.org","@graph":[{"@type":"WebPage","@id":"https:\/\/elfsight.com\/de\/tumblr-feed-widget\/wordpress\/","url":"https:\/\/elfsight.com\/de\/tumblr-feed-widget\/wordpress\/","name":"Tumblr-Feed-Plugin zur WordPress-Website hinzuf\u00fcgen (schnell und kostenlos)","isPartOf":{"@id":"https:\/\/elfsight.com\/de\/#website"},"datePublished":"1970-01-01T00:00:00+00:00","dateModified":"2025-07-25T10:32:51+00:00","description":"F\u00fcgen Sie das WordPress Tumblr Feed-Plugin auf der Website hinzu. Nutzen Sie die praktische Elfsight-Demo und \u00e4ndern Sie Ihr fantastisches Tumblr-Plugin mit nur wenigen Klicks","breadcrumb":{"@id":"https:\/\/elfsight.com\/de\/tumblr-feed-widget\/wordpress\/#breadcrumb"},"inLanguage":"de","potentialAction":[{"@type":"ReadAction","target":["https:\/\/elfsight.com\/de\/tumblr-feed-widget\/wordpress\/"]}]},{"@type":"BreadcrumbList","@id":"https:\/\/elfsight.com\/de\/tumblr-feed-widget\/wordpress\/#breadcrumb","itemListElement":[{"@type":"ListItem","position":1,"name":"Home","item":"https:\/\/elfsight.com\/de\/"},{"@type":"ListItem","position":2,"name":"Tumblr Feed","item":"https:\/\/elfsight.com\/de\/tumblr-feed-widget\/"},{"@type":"ListItem","position":3,"name":"Tumblr Feed &#8211; WordPress"}]},{"@type":"WebSite","@id":"https:\/\/elfsight.com\/de\/#website","url":"https:\/\/elfsight.com\/de\/","name":"Elfsight DE","description":"Just another Elfsight Sites site","potentialAction":[{"@type":"SearchAction","target":{"@type":"EntryPoint","urlTemplate":"https:\/\/elfsight.com\/de\/?s={search_term_string}"},"query-input":{"@type":"PropertyValueSpecification","valueRequired":true,"valueName":"search_term_string"}}],"inLanguage":"de"}]}},"meta_box":{"industry":"","seo_heading":"","heading":"","description":"","cta_heading":"","cta_description":"","application":"4099","h1":"WordPress-Tumblr-Feed-Plugin","h1_caption":"Zeigen Sie Beitr\u00e4ge aus Ihrem Tumblr-Blog auf Ihrer Website an, um Besucher m\u00fchelos \u00fcber Ihre neuesten Inhalte auf Ihrer WordPress-Website auf dem Laufenden zu halten.","application_category":[],"applications_title":"","applications_request_title":"","applications_request_button_text":"","hero_text":"","hero_video":"","hero_video_schema_markup":"","selling_points_title":"","selling_points_caption":"","selling_points":[],"selling_points_cta_text":"","features_title":"","features":"","ed_cta_examples_text":"","ed_cta_examples_hidden":"","ed_cta_demo_text":"","ed_cta_demo_hidden":"","why_caption":"","why_editor_title":"","why_editor_text":"","why_team_title":"","why_team_text":"","why_service_title":"","why_service_text":"","template_catalog_visible":"0","template_catalog_title":"","template_catalog_text":"","template_catalog_categories_visible":"","demo_title":"Erstellen Sie Ihr Tumblr-Feed-Plugin","demo_caption":"Konfigurieren Sie Ihren Tumblr-Feed und f\u00fcgen Sie ihn kostenlos zu Ihrer WordPress-Website hinzu!","default_faq_hidden":"","app_template_category":[],"platform":"266","template_public_id":"","codecanyon_url":"","codecanyon_item_id":"","codecanyon_price":"","pricing_caption":"","pricing_elfsight_apps_hide_column":"","pricing_elfsight_apps_url":"","pricing_codecanyon_price_caption":"","integration_category":[],"integration_request_title":"","integration_request_cta":"","integration_platform":"","integrations":[],"platform_category":[],"video_schema_markup":"","price":"ab 0 $ \/ Monat","trial":"","benefits":[{"text":"Kostenlose Installationsunterst\u00fctzung"},{"text":"Effektiver Kundenservice"},{"text":"14-t\u00e4gige R\u00fcckerstattungsgarantie"},{"text":"Regelm\u00e4\u00dfige Verbesserungen"}],"button_url":"#demo","button_target_blank":"0","button_nofollow":"0","attributes":[{"name":"Installiert","content":"10,000 - 100,000","_state":"expanded"},{"name":"Reaktionsfreudig","content":"Ja","_state":"expanded"},{"name":"Kompatible Browser","content":"Firefox, Safari, Opera, Chrome, Edge"}],"tags":[],"tags_disable_links":"0","hide_more_platforms":"0","video_object":"{\r\n  \"@context\": \"http:\/\/schema.org\",\r\n  \"@type\": \"VideoObject\",\r\n  \"name\": \"How to Embed Pinterest Feed Plugin on WordPress (2021)\",\r\n  \"description\": \"Try out the best Pinterest Feed plugin for WordPress for free. A simple and fast widget integrating without skills in developing.\",\r\n  \"thumbnailUrl\": \"https:\/\/i.ytimg.com\/vi\/yloriLhhSvQ\/default.jpg\",\r\n  \"uploadDate\": \"2021-04-08T12:10:23Z\",\r\n  \"duration\": \"PT2M26S\",\r\n  \"embedUrl\": \"https:\/\/www.youtube.com\/embed\/yloriLhhSvQ\",\r\n  \"interactionCount\": \"14\"\r\n}","demo_hide_cta":"0","demo_hide_cloud_options":"0","pricing_title":"","pricing":[{"pricing_icon":"platform","pricing_title":"Elfsight Apps","pricing_title_caption":"Plattformunabh\u00e4ngige Software, die f\u00fcr jede Website geeignet ist","pricing_price":"ab 0 $ \/ Monat","pricing_price_caption":"Beginnen Sie mit einem kostenlosen Plan","pricing_benefits":[{"text":"Unbegrenzte Domains"},{"text":"Professionelle Unterst\u00fctzung"},{"text":"Kostenlose Installationshilfe"},{"text":"Vollst\u00e4ndig anpassbar"}],"pricing_button_text":"Zur Website hinzuf\u00fcgen","pricing_button_url":"#demo","_state":"expanded"}],"related_apps_title":"","related_apps_hidden":"1","author":"","image":[],"title":"","job":"","social_networks":[]},"_links":{"self":[{"href":"https:\/\/elfsight.com\/de\/wp-json\/wp\/v2\/pages\/4598","targetHints":{"allow":["GET"]}}],"collection":[{"href":"https:\/\/elfsight.com\/de\/wp-json\/wp\/v2\/pages"}],"about":[{"href":"https:\/\/elfsight.com\/de\/wp-json\/wp\/v2\/types\/page"}],"author":[{"embeddable":true,"href":"https:\/\/elfsight.com\/de\/wp-json\/wp\/v2\/users\/9"}],"replies":[{"embeddable":true,"href":"https:\/\/elfsight.com\/de\/wp-json\/wp\/v2\/comments?post=4598"}],"version-history":[{"count":6,"href":"https:\/\/elfsight.com\/de\/wp-json\/wp\/v2\/pages\/4598\/revisions"}],"predecessor-version":[{"id":21098,"href":"https:\/\/elfsight.com\/de\/wp-json\/wp\/v2\/pages\/4598\/revisions\/21098"}],"up":[{"embeddable":true,"href":"https:\/\/elfsight.com\/de\/wp-json\/wp\/v2\/pages\/4100"}],"wp:attachment":[{"href":"https:\/\/elfsight.com\/de\/wp-json\/wp\/v2\/media?parent=4598"}],"curies":[{"name":"wp","href":"https:\/\/api.w.org\/{rel}","templated":true}]}}