{"id":4572,"date":"1970-01-01T00:00:00","date_gmt":"1970-01-01T00:00:00","guid":{"rendered":"https:\/\/elfsight.com\/de\/?page_id=4572"},"modified":"2025-02-19T06:22:52","modified_gmt":"2025-02-19T06:22:52","slug":"wordpress","status":"publish","type":"page","link":"https:\/\/elfsight.com\/de\/yelp-reviews-widget\/wordpress\/","title":{"rendered":"Yelp Reviews &#8211; WordPress"},"content":{"rendered":"\n<div class=\"application-platform-content-item-description application-platform-content-item\" id=\"description\" data-nav-section=\"description\"> <h2>Einbetten von Yelp-Bewertungen auf WordPress mit dem Elfsight-Widget<\/h2> <p>Elfsight Yelp-Bewertungen ist ein praktisches Widget, das Ihnen beim Platzieren hilft auf Ihrer Website Bewertungen zu Ihren Produkten oder Dienstleistungen aus Beitr\u00e4gen auf Yelp. Mit diesem Widget stehen Ihnen mehrere Filter zur Verf\u00fcgung, mit denen Sie unerw\u00fcnschte Bewertungen ausblenden k\u00f6nnen. Sie k\u00f6nnen Ihre Sterne- und Zahlenbewertungen anzeigen, Details zu den Autoren hinzuf\u00fcgen und eine Schaltfl\u00e4che integrieren, die Besuchern das Verfassen einer neuen Bewertung erleichtert Jaulen. Mit dem Elfsight-Plugin f\u00fcr Yelp-Bewertungen k\u00f6nnen Sie Ihren perfekten Social Proof auf Ihrer Website pr\u00e4sentieren und den Umsatz steigern.<\/p><div class=\"faq\" data-component=\"FAQ\"> <div class=\"faq-item\">\r\n\t\t\t\t\t<div class=\"faq-item-question\">\r\n\t\t\t\t\t\t<h3 class=\"faq-item-question-text\">Wo kann ich das Bewertungs-Plugin einf\u00fcgen<\/h3>\r\n\r\n\t\t\t\t\t\t<div class=\"faq-item-question-icon\"><\/div>\r\n\t\t\t\t\t<\/div>\r\n\r\n\t\t\t\t\t<div class=\"faq-item-answer\">\r\n\t\t\t\t\t\t<div class=\"faq-item-answer-text\"> <p>Es steht Ihnen frei, die Bewertung einzuf\u00fcgen F\u00fcgen Sie das Widget auf einer beliebigen Seite der Website hinzu oder f\u00fcgen Sie es in die Website-Vorlage ein, damit es auf allen Seiten angezeigt wird. Bewertungen k\u00f6nnen auf Produktseiten oder auf der Seite \u201e\u00dcber uns\u201c wirksam sein, den Orten, an denen Sie Benutzer mit Ihrer hohen Wertsch\u00e4tzung beeindrucken m\u00f6chten. <\/p><\/div>\r\n\t\t\t\t\t<\/div>\r\n\t\t\t\t<\/div> <div class=\"faq-item\">\r\n\t\t\t\t\t<div class=\"faq-item-question\">\r\n\t\t\t\t\t\t<h3 class=\"faq-item-question-text\">Welche Vorteile kann es mir bringen? <\/h3>\r\n\r\n\t\t\t\t\t\t<div class=\"faq-item-question-icon\"><\/div>\r\n\t\t\t\t\t<\/div>\r\n\r\n\t\t\t\t\t<div class=\"faq-item-answer\">\r\n\t\t\t\t\t\t<div class=\"faq-item-answer-text\"> <p>Bewertungen von echten Menschen wirken f\u00fcr Ihre Website-Besucher \u00e4u\u00dferst vertrauensw\u00fcrdig und zeigen ihnen, dass Ihr Unternehmen vertrauensw\u00fcrdig ist. Eine hohe Bewertung und gute Rezensionen k\u00f6nnen dazu beitragen, die K\u00e4ufe auf Ihrer Website zu steigern. Dar\u00fcber hinaus kann die Weiterleitungsschaltfl\u00e4che dazu beitragen, die Anzahl der Kundenbewertungen zu Ihrem Unternehmen auf Yelp zu erh\u00f6hen. <\/p> <\/div>\r\n\t\t\t\t\t<\/div>\r\n\t\t\t\t<\/div> <div class=\"faq-item\">\r\n\t\t\t\t\t<div class=\"faq-item-question\">\r\n\t\t\t\t\t\t<h3 class=\"faq-item-question-text\">Wie bette ich Bewertungen vom Yelp-Plugin in meine WordPress-Website ein? <\/h3>\r\n\r\n\t\t\t\t\t\t<div class=\"faq-item-question-icon\"><\/div>\r\n\t\t\t\t\t<\/div>\r\n\r\n\t\t\t\t\t<div class=\"faq-item-answer\">\r\n\t\t\t\t\t\t<div class=\"faq-item-answer-text\"> <p>Es dauert nur eine Minute, bis Sie das Widget verwenden. Das Einbetten ist wirklich schnell, kostenlos und ohne Programmieraufwand. <\/p> <p>Das Elfsight Reviews-Plugin kann entweder \u00fcber unseren Service oder \u00fcber den Marktplatz in Ihre Website eingef\u00fcgt werden. Hier k\u00f6nnen Sie die beiden Varianten n\u00e4her kennenlernen und sich f\u00fcr Ihre entscheiden. <\/p><\/div>\r\n\t\t\t\t\t<\/div>\r\n\t\t\t\t<\/div> <\/div><\/div> <div class=\"application-platform-content-item-features application-platform-content-item\" id=\"features\" data-nav-section=\"features\"> <h2>Hauptfunktionen des Yelp-Rezensions-Widgets<\/h2> <p>F\u00fcr ein besseres Verst\u00e4ndnis des Rezensionen-Plugins schauen Sie sich das an Liste seiner Hauptmerkmale. Sie machen unser Widget f\u00fcr Ihre Website maximal effektiv:<\/p> <ul> <li>Drei verf\u00fcgbare Filter: nach Typ, Ausschlie\u00dfen nach und Anzahl der anzuzeigenden Bewertungen; <\/li> <li>Vier verf\u00fcgbare Layouts: Liste, Raster, Mauerwerk und Schieberegler; <\/li> <li>Eine Option zum Anzeigen oder Ausblenden der Kopfzeile des Widgets; <\/li> <li>Die Schaltfl\u00e4che zum Anfordern einer Bewertung f\u00fchrt Besucher zur Yelp-Seite. <\/li> <li>6 flexible Elemente des Widgets: Name und Foto des Autors, Empfehlung, Datum der Freigabe, Yelp-Symbol und Sternebewertung; <\/li> <li>Zwei Varianten von Szenarien nach der Ablehnung einer \u00dcberpr\u00fcfungsanfrage: Anzeigen einer Textnachricht oder Ausblenden der Schaltfl\u00e4che. <\/li> <\/ul><p><a href=\"#demo\">Entdecken Sie eine vollst\u00e4ndige Liste der Funktionen in unserer Demo<\/a><\/p> <\/div> <div class=\"application-platform-content-item-installation application-platform-content-item\" id=\"installation\" data-nav-section=\"installation\"> <h2>Entdecken Sie, wie Sie die Yelp-Rezensionen zu Ihrer WordPress-Website hinzuf\u00fcgen<\/h2><div class=\"video-container\"><iframe width=\"560\" height=\"315\" src=\"https:\/\/www.youtube.com\/embed\/ChZg1zoKDzg?si=JCAYd0VBosWb6B8H\" frameborder=\"0\" allow=\"accelerometer; autoplay; clipboard-write; encrypted-media; gyroscope; picture-in-picture; web-share\" allowfullscreen><\/iframe><\/div><p>Erf\u00fcllen Sie einfach die folgenden Richtlinien, um mit der Arbeit mit dem Plugin auf WordPress zu beginnen.<\/p> <ol><li><b>Verwalten Sie unsere kostenlose Demo und beginnen Sie mit dem Bau Ihres ma\u00dfgeschneiderten Instruments. <\/b><br> W\u00e4hlen Sie das passende Layout und die Funktionalit\u00e4t des Yelp Reviews-Plugins und \u00fcbernehmen Sie die \u00c4nderungen. <\/li> <li><b>Sie erhalten den individuellen Code, der im speziellen Formular auf Elfsight Apps erscheint. <\/b><br> Wenn die Konfiguration Ihres Tools abgeschlossen ist, kopieren Sie den exklusiven Code im angezeigten Popup und bewahren Sie ihn f\u00fcr die zuk\u00fcnftige Verwendung auf. <\/li> <li><b>Beginnen Sie mit der Anwendung des Plugins auf der WordPress-Website. <\/b><br> Platzieren Sie den zuvor kopierten Code auf Ihrer Website und speichern Sie die \u00c4nderungen. <\/li> <li><b>Das Setup wurde erfolgreich abgeschlossen. <\/b><br> Besuchen Sie Ihre Website, um die Leistung des Tools zu \u00fcberpr\u00fcfen. <\/li><\/ol> <p>Immer noch unruhig? Oder \u00fcber irgendetwas gestolpert? Schreiben Sie einfach eine Anfrage an unseren Kundenservice und wir helfen Ihnen bei allen Anliegen.<\/p> <\/div>\n","protected":false},"excerpt":{"rendered":"","protected":false},"author":9,"featured_media":0,"parent":1633,"menu_order":0,"comment_status":"closed","ping_status":"closed","template":"templates\/template-application-platform.php","meta":{"publish_to_discourse":"","publish_post_category":"","wpdc_auto_publish_overridden":"","wpdc_topic_tags":"","wpdc_pin_topic":"","wpdc_pin_until":"","discourse_post_id":"","discourse_permalink":"","wpdc_publishing_response":"","wpdc_publishing_error":"","footnotes":""},"class_list":["post-4572","page","type-page","status-publish","hentry"],"yoast_head":"<!-- This site is optimized with the Yoast SEO plugin v25.3.1 - https:\/\/yoast.com\/wordpress\/plugins\/seo\/ -->\n<title>F\u00fcgen Sie das Yelp Reviews-Plugin zu Ihrer WordPress-Website hinzu (in 2 Minuten)<\/title>\n<meta name=\"description\" content=\"Erstellen Sie das Widget \u201eYelp-Bewertungen\u201c und f\u00fcgen Sie es Ihrer WordPress-Website hinzu. Sie profitieren von kostenlosem Kundenservice und anderen Vorteilen von Elfsight.\" \/>\n<meta name=\"robots\" content=\"index, follow, max-snippet:-1, max-image-preview:large, max-video-preview:-1\" \/>\n<link rel=\"canonical\" href=\"https:\/\/elfsight.com\/de\/yelp-reviews-widget\/wordpress\/\" \/>\n<meta property=\"og:locale\" content=\"de_DE\" \/>\n<meta property=\"og:type\" content=\"article\" \/>\n<meta property=\"og:title\" content=\"F\u00fcgen Sie das Yelp Reviews-Plugin zu Ihrer WordPress-Website hinzu (in 2 Minuten)\" \/>\n<meta property=\"og:description\" content=\"Erstellen Sie das Widget \u201eYelp-Bewertungen\u201c und f\u00fcgen Sie es Ihrer WordPress-Website hinzu. Sie profitieren von kostenlosem Kundenservice und anderen Vorteilen von Elfsight.\" \/>\n<meta property=\"og:url\" content=\"https:\/\/elfsight.com\/de\/yelp-reviews-widget\/wordpress\/\" \/>\n<meta property=\"og:site_name\" content=\"Elfsight DE\" \/>\n<meta property=\"article:modified_time\" content=\"2025-02-19T06:22:52+00:00\" \/>\n<meta name=\"twitter:card\" content=\"summary_large_image\" \/>\n<meta name=\"twitter:label1\" content=\"Gesch\u00e4tzte Lesezeit\" \/>\n\t<meta name=\"twitter:data1\" content=\"4\u00a0Minuten\" \/>\n<!-- \/ Yoast SEO plugin. -->","yoast_head_json":{"title":"F\u00fcgen Sie das Yelp Reviews-Plugin zu Ihrer WordPress-Website hinzu (in 2 Minuten)","description":"Erstellen Sie das Widget \u201eYelp-Bewertungen\u201c und f\u00fcgen Sie es Ihrer WordPress-Website hinzu. Sie profitieren von kostenlosem Kundenservice und anderen Vorteilen von Elfsight.","robots":{"index":"index","follow":"follow","max-snippet":"max-snippet:-1","max-image-preview":"max-image-preview:large","max-video-preview":"max-video-preview:-1"},"canonical":"https:\/\/elfsight.com\/de\/yelp-reviews-widget\/wordpress\/","og_locale":"de_DE","og_type":"article","og_title":"F\u00fcgen Sie das Yelp Reviews-Plugin zu Ihrer WordPress-Website hinzu (in 2 Minuten)","og_description":"Erstellen Sie das Widget \u201eYelp-Bewertungen\u201c und f\u00fcgen Sie es Ihrer WordPress-Website hinzu. Sie profitieren von kostenlosem Kundenservice und anderen Vorteilen von Elfsight.","og_url":"https:\/\/elfsight.com\/de\/yelp-reviews-widget\/wordpress\/","og_site_name":"Elfsight DE","article_modified_time":"2025-02-19T06:22:52+00:00","twitter_card":"summary_large_image","twitter_misc":{"Gesch\u00e4tzte Lesezeit":"4\u00a0Minuten"},"schema":{"@context":"https:\/\/schema.org","@graph":[{"@type":"WebPage","@id":"https:\/\/elfsight.com\/de\/yelp-reviews-widget\/wordpress\/","url":"https:\/\/elfsight.com\/de\/yelp-reviews-widget\/wordpress\/","name":"F\u00fcgen Sie das Yelp Reviews-Plugin zu Ihrer WordPress-Website hinzu (in 2 Minuten)","isPartOf":{"@id":"https:\/\/elfsight.com\/de\/#website"},"datePublished":"1970-01-01T00:00:00+00:00","dateModified":"2025-02-19T06:22:52+00:00","description":"Erstellen Sie das Widget \u201eYelp-Bewertungen\u201c und f\u00fcgen Sie es Ihrer WordPress-Website hinzu. Sie profitieren von kostenlosem Kundenservice und anderen Vorteilen von Elfsight.","breadcrumb":{"@id":"https:\/\/elfsight.com\/de\/yelp-reviews-widget\/wordpress\/#breadcrumb"},"inLanguage":"de","potentialAction":[{"@type":"ReadAction","target":["https:\/\/elfsight.com\/de\/yelp-reviews-widget\/wordpress\/"]}]},{"@type":"BreadcrumbList","@id":"https:\/\/elfsight.com\/de\/yelp-reviews-widget\/wordpress\/#breadcrumb","itemListElement":[{"@type":"ListItem","position":1,"name":"Home","item":"https:\/\/elfsight.com\/de\/"},{"@type":"ListItem","position":2,"name":"Yelp Reviews","item":"https:\/\/elfsight.com\/de\/yelp-reviews-widget\/"},{"@type":"ListItem","position":3,"name":"Yelp Reviews &#8211; WordPress"}]},{"@type":"WebSite","@id":"https:\/\/elfsight.com\/de\/#website","url":"https:\/\/elfsight.com\/de\/","name":"Elfsight DE","description":"Just another Elfsight Sites site","potentialAction":[{"@type":"SearchAction","target":{"@type":"EntryPoint","urlTemplate":"https:\/\/elfsight.com\/de\/?s={search_term_string}"},"query-input":{"@type":"PropertyValueSpecification","valueRequired":true,"valueName":"search_term_string"}}],"inLanguage":"de"}]}},"meta_box":{"industry":"","seo_heading":"","heading":"","description":"","cta_heading":"","cta_description":"","application":"483","h1":"WordPress Yelp Reviews-Plugin","h1_caption":"Pr\u00e4sentieren Sie Kundenrezensionen von Yelp, um Glaubw\u00fcrdigkeit aufzubauen und Ihrem Unternehmen m\u00fchelos soziale Beweise f\u00fcr Ihre WordPress-Website zu liefern.","application_category":[],"applications_title":"","applications_request_title":"","applications_request_button_text":"","hero_text":"","hero_video":"","hero_video_schema_markup":"","selling_points_title":"","selling_points_caption":"","selling_points":[],"selling_points_cta_text":"","features_title":"","features":"","ed_cta_examples_text":"","ed_cta_examples_hidden":"","ed_cta_demo_text":"","ed_cta_demo_hidden":"","why_caption":"","why_editor_title":"","why_editor_text":"","why_team_title":"","why_team_text":"","why_service_title":"","why_service_text":"","template_catalog_visible":"0","template_catalog_title":"","template_catalog_text":"","template_catalog_categories_visible":"","demo_title":"Erstellen Sie Ihr Yelp-Bewertungen-Plugin","demo_caption":"Konfigurieren Sie Ihre Yelp-Bewertungen und f\u00fcgen Sie sie kostenlos zu Ihrer WordPress-Website hinzu!","default_faq_hidden":"","app_template_category":[],"platform":"266","template_public_id":"","codecanyon_url":"","codecanyon_item_id":"","codecanyon_price":"","pricing_caption":"","pricing_elfsight_apps_hide_column":"","pricing_elfsight_apps_url":"","pricing_codecanyon_price_caption":"","integration_category":[],"integration_request_title":"","integration_request_cta":"","integration_platform":"","integrations":[],"platform_category":[],"video_schema_markup":"","price":"ab 0 $ \/ Monat","trial":"","benefits":[{"text":"Kostenlose Installationsunterst\u00fctzung"},{"text":"Au\u00dfergew\u00f6hnlicher Support"},{"text":"14-t\u00e4gige Geld-zur\u00fcck-Garantie"},{"text":"St\u00e4ndige Aktualisierung"}],"button_url":"#demo","button_target_blank":"0","button_nofollow":"0","attributes":[{"name":"Installiert","content":"10,000 - 100,000","_state":"expanded"},{"name":"Reaktionsfreudig","content":"Ja","_state":"expanded"},{"name":"Kompatible Browser","content":"Firefox, Safari, Opera, Chrome, Edge"}],"tags":[],"tags_disable_links":"0","hide_more_platforms":"0","video_object":"{\r\n  \"@context\": \"http:\/\/schema.org\",\r\n  \"@type\": \"VideoObject\",\r\n  \"name\": \"How to Add Whatsapp Chat to WordPress website (2021)\",\r\n  \"description\": \"Learn how to add WhatsApp Chat plugin to WordPress for free! Detailed guide on embedding WhatsApp Live Chat on WordPress website without coding.\",\r\n  \"thumbnailUrl\": \"https:\/\/i.ytimg.com\/vi\/MqbBT1hCQA8\/default.jpg\",\r\n  \"uploadDate\": \"2019-08-21T14:12:45Z\",\r\n  \"duration\": \"PT2M18S\",\r\n  \"embedUrl\": \"https:\/\/www.youtube.com\/embed\/MqbBT1hCQA8\",\r\n  \"interactionCount\": \"8149\"\r\n}","demo_hide_cta":"0","demo_hide_cloud_options":"0","pricing_title":"","pricing":[{"pricing_icon":"platform","pricing_title":"Elfsight Apps","pricing_title_caption":"Plattform\u00fcbergreifende digitale L\u00f6sung, die auf jeder Website funktioniert","pricing_price":"ab 0 $ \/ Monat","pricing_price_caption":"Beginnen Sie mit einem kostenlosen Plan","pricing_benefits":[{"text":"Unbegrenzte Domains"},{"text":"Kostenloser Unternehmenssupport"},{"text":"Kostenlose Installationsunterst\u00fctzung"},{"text":"Tolles Angebot f\u00fcr mehrere Apps"}],"pricing_button_text":"Zur Website hinzuf\u00fcgen","pricing_button_url":"#demo","_state":"expanded"}],"related_apps_title":"","related_apps_hidden":"1","author":"","image":[],"title":"","job":"","social_networks":[]},"_links":{"self":[{"href":"https:\/\/elfsight.com\/de\/wp-json\/wp\/v2\/pages\/4572","targetHints":{"allow":["GET"]}}],"collection":[{"href":"https:\/\/elfsight.com\/de\/wp-json\/wp\/v2\/pages"}],"about":[{"href":"https:\/\/elfsight.com\/de\/wp-json\/wp\/v2\/types\/page"}],"author":[{"embeddable":true,"href":"https:\/\/elfsight.com\/de\/wp-json\/wp\/v2\/users\/9"}],"replies":[{"embeddable":true,"href":"https:\/\/elfsight.com\/de\/wp-json\/wp\/v2\/comments?post=4572"}],"version-history":[{"count":6,"href":"https:\/\/elfsight.com\/de\/wp-json\/wp\/v2\/pages\/4572\/revisions"}],"predecessor-version":[{"id":24395,"href":"https:\/\/elfsight.com\/de\/wp-json\/wp\/v2\/pages\/4572\/revisions\/24395"}],"up":[{"embeddable":true,"href":"https:\/\/elfsight.com\/de\/wp-json\/wp\/v2\/pages\/1633"}],"wp:attachment":[{"href":"https:\/\/elfsight.com\/de\/wp-json\/wp\/v2\/media?parent=4572"}],"curies":[{"name":"wp","href":"https:\/\/api.w.org\/{rel}","templated":true}]}}