{"id":4534,"date":"2021-09-16T11:32:41","date_gmt":"2021-09-16T11:32:41","guid":{"rendered":"https:\/\/elfsight.com\/de\/?page_id=4534"},"modified":"2025-05-15T18:18:22","modified_gmt":"2025-05-15T18:18:22","slug":"timeline-template","status":"publish","type":"page","link":"https:\/\/elfsight.com\/de\/instagram-feed-instashow\/timeline-template\/","title":{"rendered":"Instagram Feed &#8211; Instagram timeline widget template"},"content":{"rendered":"\n<h2>Auf welche Weise kann ich Instagram Profil Vorlage verwenden?<\/h2> \nInstagram Feed Widget erfordert keine Programmierkenntnisse: nur individualisieren alle Teile in unserem free live Demo. Bilden Ihres Widget in nur einigen Sekunden und bekommen ein Profil-Timeline Bereich f\u00fcr Ihre Seite, das wird gr\u00f6\u00dfte Beachtung ziehen. \n<ul><strong>\n<li>Optimierungsoption f\u00fcr Mobilger\u00e4te<\/li>\n<li>27 beliebte Sprachen<\/li>\n<li>Regelm\u00e4\u00dfige Live-Updates, um auf dem neuesten Stand zu bleiben<\/li>\n<\/strong><\/ul>\nGerne k\u00f6nnen Sie ein Instagram Widget widget hinzuf\u00fcgen, wo auch immer Sie m\u00f6chten: \n<ul>\n\n<li>Ecommerce-Website (BigCommerce, Magento, Shopify). <\/li>\n<li>Soziale Plattformen (Facebook Page, Tumblr usw.)<\/li>\n<li>Teilen das Widget via Link (auf separate Seite). <\/li>\n<li>Webseite auf jeder CMS (Squarespace, WordPress, Wix usw.)<\/li>\n<li>Pers\u00f6nliche Blogs (Ghost, Blogger und viele andere). \n<\/ul>\n<h2>Wie kann ich Instagram Profil zu meine Webseite einbetten? <\/h2>\n<p>Um das Widget einzubetten, ist es nicht erforderlich Programmierkenntnisse zu haben. <\/p>\n\n<ol>\n<li>Melden Sie sich bei Elfsight Webseite \u00fcber Demo. Dadurch ist es m\u00f6glich vorgegeben Schablone nutzen; <\/li> \n<li>Sparen Sie der Installationscode des Widgets, der wird in Ihrem Konto auf Elfsight Apps angezeigt; <\/li> \n<li>F\u00fcgen Sie Code auf die Homepage hinzu um das Instagram Profil Schablone zu integrieren; <\/li> \n<li>Stellen Sie sicher, dass die Korrekturen gespeichert sind. Vollbracht! <\/li> \n<\/ol>\n\n<p>Wann immer Sie das Schablone ver\u00e4ndern m\u00f6chten, k\u00f6nnen Sie dies in Ihrem pers\u00f6nlichen Account bei Elfsight Apps tun. Sie m\u00fcssen den Code Ihrer Website nicht anpassen. <\/p>\n<h2>FAQ<\/h2>\n<div class=\"faq\" data-component=\"FAQ\">\n<div class=\"faq-item\">\r\n\t\t\t\t\t<div class=\"faq-item-question\">\r\n\t\t\t\t\t\t<h3 class=\"faq-item-question-text\">Wie kann ich mein eigenes Instagram Profil-Timeline Vorlage erstellen?<\/h3>\r\n\r\n\t\t\t\t\t\t<div class=\"faq-item-question-icon\"><\/div>\r\n\t\t\t\t\t<\/div>\r\n\r\n\t\t\t\t\t<div class=\"faq-item-answer\">\r\n\t\t\t\t\t\t<div class=\"faq-item-answer-text\"> \nSie sind frei jeder ausgew\u00e4hlt Schablone \u00e4ndern, wie Sie es w\u00fcnschen mit Hilfe von dem live Demo. \n<\/div>\r\n\t\t\t\t\t<\/div>\r\n\t\t\t\t<\/div>\n\n<div class=\"faq-item\">\r\n\t\t\t\t\t<div class=\"faq-item-question\">\r\n\t\t\t\t\t\t<h3 class=\"faq-item-question-text\">Kann man mein Widget zu Tumblr oder Facebook Page an Stelle von Homepage einbinden?<\/h3>\r\n\r\n\t\t\t\t\t\t<div class=\"faq-item-question-icon\"><\/div>\r\n\t\t\t\t\t<\/div>\r\n\r\n\t\t\t\t\t<div class=\"faq-item-answer\">\r\n\t\t\t\t\t\t<div class=\"faq-item-answer-text\"> \nSie k\u00f6nnen das Widget in benutzerdefiniertes HTML Abschnitt einbinden. \n<\/div>\r\n\t\t\t\t\t<\/div>\r\n\t\t\t\t<\/div>\n\n<div class=\"faq-item\">\r\n\t\t\t\t\t<div class=\"faq-item-question\">\r\n\t\t\t\t\t\t<h3 class=\"faq-item-question-text\">Helfen Sie mir, falls ich Hilfe ben\u00f6tige?<\/h3>\r\n\r\n\t\t\t\t\t\t<div class=\"faq-item-question-icon\"><\/div>\r\n\t\t\t\t\t<\/div>\r\n\r\n\t\t\t\t\t<div class=\"faq-item-answer\">\r\n\t\t\t\t\t\t<div class=\"faq-item-answer-text\"> \nJa, wir bieten gratis Installation und Anpassung Beratung. \n<\/div>\r\n\t\t\t\t\t<\/div>\r\n\t\t\t\t<\/div>\n<\/div>\n","protected":false},"excerpt":{"rendered":"Auf welche Weise kann ich Instagram Profil Vorlage verwenden? Instagram Feed Widget erfordert keine Programmierkenntnisse: nur individualisieren alle Teile in unserem free live Demo. Bilden Ihres Widget in nur einigen Sekunden und bekommen ein Profil-Timeline Bereich f\u00fcr Ihre Seite, das wird gr\u00f6\u00dfte Beachtung ziehen. Optimierungsoption f\u00fcr Mobilger\u00e4te 27 beliebte Sprachen&#8230;","protected":false},"author":13,"featured_media":0,"parent":29,"menu_order":0,"comment_status":"closed","ping_status":"closed","template":"templates\/template-app-template.php","meta":{"publish_to_discourse":"","publish_post_category":"","wpdc_auto_publish_overridden":"","wpdc_topic_tags":"","wpdc_pin_topic":"","wpdc_pin_until":"","discourse_post_id":"","discourse_permalink":"","wpdc_publishing_response":"","wpdc_publishing_error":"","footnotes":""},"class_list":["post-4534","page","type-page","status-publish","hentry"],"yoast_head":"<!-- This site is optimized with the Yoast SEO plugin v25.3.1 - https:\/\/yoast.com\/wordpress\/plugins\/seo\/ -->\n<title>Wie kann man Instagram Profil-Timeline in eine Website einbinden (2025)<\/title>\n<meta name=\"description\" content=\"Probieren Instagram Profil-Timeline f\u00fcr Website kostenlos aus. Die einfachste und schnellste Integration von Profil-Vorlagen ohne Codierung.\" \/>\n<meta name=\"robots\" content=\"index, follow, max-snippet:-1, max-image-preview:large, max-video-preview:-1\" \/>\n<link rel=\"canonical\" href=\"https:\/\/elfsight.com\/de\/instagram-feed-instashow\/timeline-template\/\" \/>\n<meta property=\"og:locale\" content=\"de_DE\" \/>\n<meta property=\"og:type\" content=\"article\" \/>\n<meta property=\"og:title\" content=\"Wie kann man Instagram Profil-Timeline in eine Website einbinden (2025)\" \/>\n<meta property=\"og:description\" content=\"Probieren Instagram Profil-Timeline f\u00fcr Website kostenlos aus. Die einfachste und schnellste Integration von Profil-Vorlagen ohne Codierung.\" \/>\n<meta property=\"og:url\" content=\"https:\/\/elfsight.com\/de\/instagram-feed-instashow\/timeline-template\/\" \/>\n<meta property=\"og:site_name\" content=\"Elfsight DE\" \/>\n<meta property=\"article:modified_time\" content=\"2025-05-15T18:18:22+00:00\" \/>\n<meta name=\"twitter:card\" content=\"summary_large_image\" \/>\n<meta name=\"twitter:label1\" content=\"Gesch\u00e4tzte Lesezeit\" \/>\n\t<meta name=\"twitter:data1\" content=\"2\u00a0Minuten\" \/>\n<!-- \/ Yoast SEO plugin. -->","yoast_head_json":{"title":"Wie kann man Instagram Profil-Timeline in eine Website einbinden (2025)","description":"Probieren Instagram Profil-Timeline f\u00fcr Website kostenlos aus. Die einfachste und schnellste Integration von Profil-Vorlagen ohne Codierung.","robots":{"index":"index","follow":"follow","max-snippet":"max-snippet:-1","max-image-preview":"max-image-preview:large","max-video-preview":"max-video-preview:-1"},"canonical":"https:\/\/elfsight.com\/de\/instagram-feed-instashow\/timeline-template\/","og_locale":"de_DE","og_type":"article","og_title":"Wie kann man Instagram Profil-Timeline in eine Website einbinden (2025)","og_description":"Probieren Instagram Profil-Timeline f\u00fcr Website kostenlos aus. Die einfachste und schnellste Integration von Profil-Vorlagen ohne Codierung.","og_url":"https:\/\/elfsight.com\/de\/instagram-feed-instashow\/timeline-template\/","og_site_name":"Elfsight DE","article_modified_time":"2025-05-15T18:18:22+00:00","twitter_card":"summary_large_image","twitter_misc":{"Gesch\u00e4tzte Lesezeit":"2\u00a0Minuten"},"schema":{"@context":"https:\/\/schema.org","@graph":[{"@type":"WebPage","@id":"https:\/\/elfsight.com\/de\/instagram-feed-instashow\/timeline-template\/","url":"https:\/\/elfsight.com\/de\/instagram-feed-instashow\/timeline-template\/","name":"Wie kann man Instagram Profil-Timeline in eine Website einbinden (2025)","isPartOf":{"@id":"https:\/\/elfsight.com\/de\/#website"},"datePublished":"2021-09-16T11:32:41+00:00","dateModified":"2025-05-15T18:18:22+00:00","description":"Probieren Instagram Profil-Timeline f\u00fcr Website kostenlos aus. Die einfachste und schnellste Integration von Profil-Vorlagen ohne Codierung.","breadcrumb":{"@id":"https:\/\/elfsight.com\/de\/instagram-feed-instashow\/timeline-template\/#breadcrumb"},"inLanguage":"de","potentialAction":[{"@type":"ReadAction","target":["https:\/\/elfsight.com\/de\/instagram-feed-instashow\/timeline-template\/"]}]},{"@type":"BreadcrumbList","@id":"https:\/\/elfsight.com\/de\/instagram-feed-instashow\/timeline-template\/#breadcrumb","itemListElement":[{"@type":"ListItem","position":1,"name":"Home","item":"https:\/\/elfsight.com\/de\/"},{"@type":"ListItem","position":2,"name":"Instagram Feed","item":"https:\/\/elfsight.com\/de\/instagram-feed-instashow\/"},{"@type":"ListItem","position":3,"name":"Instagram Feed &#8211; Instagram timeline widget template"}]},{"@type":"WebSite","@id":"https:\/\/elfsight.com\/de\/#website","url":"https:\/\/elfsight.com\/de\/","name":"Elfsight DE","description":"Just another Elfsight Sites site","potentialAction":[{"@type":"SearchAction","target":{"@type":"EntryPoint","urlTemplate":"https:\/\/elfsight.com\/de\/?s={search_term_string}"},"query-input":{"@type":"PropertyValueSpecification","valueRequired":true,"valueName":"search_term_string"}}],"inLanguage":"de"}]}},"meta_box":{"industry":"","seo_heading":"","heading":"","description":"","cta_heading":"","cta_description":"","application":"14","h1":"Instagram Profil-Timeline Widget","h1_caption":"Zeigen Sie Instagram-Inhalte auf Ihrer Website ohne Seitenbearbeitung. Kopieren Sie einfach den Widget-Code und f\u00fcgen Sie ihn ein.","application_category":[],"applications_title":"","applications_request_title":"","applications_request_button_text":"","hero_text":"","hero_video":"","hero_video_schema_markup":"","selling_points_title":"","selling_points_caption":"","selling_points":[],"selling_points_cta_text":"","features_title":"","features":"","ed_cta_examples_text":"","ed_cta_examples_hidden":"","ed_cta_demo_text":"","ed_cta_demo_hidden":"","why_caption":"","why_editor_title":"","why_editor_text":"","why_team_title":"","why_team_text":"","why_service_title":"","why_service_text":"","template_catalog_visible":"","template_catalog_title":"","template_catalog_text":"","template_catalog_categories_visible":"","demo_title":"","demo_caption":"","default_faq_hidden":"","app_template_category":[],"platform":"","template_public_id":"","codecanyon_url":"","codecanyon_item_id":"","codecanyon_price":"","pricing_caption":"","pricing_elfsight_apps_hide_column":"","pricing_elfsight_apps_url":"","pricing_codecanyon_price_caption":"","integration_category":[],"integration_request_title":"","integration_request_cta":"","integration_platform":"","integrations":[],"platform_category":[],"video_schema_markup":"","price":"","trial":"","benefits":[],"button_url":"","button_target_blank":"","button_nofollow":"","attributes":[],"tags":[],"tags_disable_links":"","hide_more_platforms":"","video_object":"","demo_hide_cta":"","demo_hide_cloud_options":"","pricing_title":"","pricing":[],"related_apps_title":"","related_apps_hidden":"","author":"","image":[],"title":"","job":"","social_networks":[]},"_links":{"self":[{"href":"https:\/\/elfsight.com\/de\/wp-json\/wp\/v2\/pages\/4534","targetHints":{"allow":["GET"]}}],"collection":[{"href":"https:\/\/elfsight.com\/de\/wp-json\/wp\/v2\/pages"}],"about":[{"href":"https:\/\/elfsight.com\/de\/wp-json\/wp\/v2\/types\/page"}],"author":[{"embeddable":true,"href":"https:\/\/elfsight.com\/de\/wp-json\/wp\/v2\/users\/13"}],"replies":[{"embeddable":true,"href":"https:\/\/elfsight.com\/de\/wp-json\/wp\/v2\/comments?post=4534"}],"version-history":[{"count":4,"href":"https:\/\/elfsight.com\/de\/wp-json\/wp\/v2\/pages\/4534\/revisions"}],"predecessor-version":[{"id":4562,"href":"https:\/\/elfsight.com\/de\/wp-json\/wp\/v2\/pages\/4534\/revisions\/4562"}],"up":[{"embeddable":true,"href":"https:\/\/elfsight.com\/de\/wp-json\/wp\/v2\/pages\/29"}],"wp:attachment":[{"href":"https:\/\/elfsight.com\/de\/wp-json\/wp\/v2\/media?parent=4534"}],"curies":[{"name":"wp","href":"https:\/\/api.w.org\/{rel}","templated":true}]}}