{"id":4507,"date":"2024-05-03T06:39:05","date_gmt":"2024-05-03T06:39:05","guid":{"rendered":"https:\/\/elfsight.com\/de\/?page_id=4507"},"modified":"2024-12-19T06:58:50","modified_gmt":"2024-12-19T06:58:50","slug":"wordpress","status":"publish","type":"page","link":"https:\/\/elfsight.com\/de\/google-reviews-widget\/wordpress\/","title":{"rendered":"Google Reviews &#8211; WordPress"},"content":{"rendered":"\n<div class=\"application-platform-content-item-description application-platform-content-item\" id=\"description\" data-nav-section=\"description\"> \n<h2>Google Bewertungen auf WordPress einbetten<\/h2> \n\n<p>M\u00f6chten Sie die Glaubw\u00fcrdigkeit Ihrer WordPress-Website steigern? Google-Bewertungen auf Ihren Seiten anzuzeigen ist eine gute Methode: Es wird Kunden anziehen und die Conversion-Rate erh\u00f6hen. Es gibt mehrere Methoden, um Kundenfeedback auf Ihrer Website anzuzeigen, und eine davon ist das Elfsight Google Reviews-Widget, eine codefreie L\u00f6sung, die wenig Zeit in Anspruch nimmt und kostenlos genutzt werden kann.<\/p>\n<\/div> \n\n<div class=\"application-platform-content-item-features application-platform-content-item\" id=\"features\" data-nav-section=\"features\"> \n<h2>Funktionen<\/h2> \n<p>Um das Plugin besser zu verstehen, k\u00f6nnen Sie die Liste seiner wichtigsten Funktionen ansehen. Diese machen das Plugin besonders wichtig f\u00fcr Ihre WordPress-Website:<\/p> \n\n<ul> \n<li><strong>Bewertungen einfach verbinden.<\/strong> Sie k\u00f6nnen Ihre Google Place ID einf\u00fcgen oder einfach den Namen und die Adresse Ihres Unternehmens eingeben. Es ist auch kein Problem, wenn Sie keine physische Adresse verwenden.<\/li> \n<li><strong>Bewertungsmoderation &amp; Filter.<\/strong> Mit Elfsight k\u00f6nnen Sie zahlreiche Filter aktivieren und nur faire Google-Bewertungen anzeigen. Zum Beispiel k\u00f6nnen Sie die Mindestbewertung festlegen, die angezeigt werden soll, oder bestimmte Autoren von der Anzeige im Plugin ausschlie\u00dfen.<\/li> \n<li><strong>Button zur Gewinnung weiterer Bewertungen.<\/strong> F\u00fcgen Sie einfach einen anpassbaren CTA-Button zu Ihrer Bewertungsleiste hinzu, um Kunden zu helfen, ihr Feedback zu hinterlassen.<\/li> \n<li><strong>Star Snippet zur Steigerung des Google-Traffics.<\/strong> Heben Sie sich von Ihren Mitbewerbern ab, indem Sie Markup aktivieren, damit Sterne in den Suchergebnissen angezeigt werden. Diese Erweiterung hilft Ihnen, Aufmerksamkeit zu erregen und Ihre Klickraten zu steigern.<\/li> \n<li><strong>Erweiterte Designanpassung.<\/strong> Probieren Sie verschiedene Layouts wie Slider, Liste, Mauerwerk, Grid, Karussell, Floating Badge und mehr aus. Passen Sie die Details jeder Bewertung an: Titel, Abzeichen, Namen und Sterne, um sie perfekt an Ihr Design anzupassen.<\/li> \n<\/ul>\n<p><a href=\"#demo\" data-scroll-to=\"demo\">Um alle Funktionen zu sehen, Demo ansehen<\/a><\/p>\n<h2>Vorteile des Google Bewertungen Plugins<\/h2>\n<p>F\u00fcr den Erfolg von Unternehmen ist eine starke Online-Pr\u00e4senz entscheidend. Eine effektive M\u00f6glichkeit, Ihre Sichtbarkeit zu erh\u00f6hen, ist das Einbetten des Google Bewertungen Plugins f\u00fcr WordPress. Diese Strategie hilft nicht nur, Vertrauen aufzubauen, sondern steigert auch die Markenbekanntheit und verbessert das Nutzererlebnis auf Ihrer Website. Die Anzeige von echten Kundenbewertungen auf Ihrer Website kann erheblichen Einfluss darauf haben, wie Menschen Ihr Unternehmen wahrnehmen. Hier ist, warum es wichtig ist:<\/p> \n<ul> \n<li><strong>Vertrauen und Glaubw\u00fcrdigkeit aufbauen.<\/strong> Indem Sie Google-Bewertungen als Plugin f\u00fcr WordPress hinzuf\u00fcgen, k\u00f6nnen Besucher echte Meinungen \u00fcber Ihr Unternehmen einsehen. Ehrliche Bewertungen schaffen Vertrauen, weil Menschen Kundenfeedback mehr sch\u00e4tzen als Werbung. Positive Bewertungen k\u00f6nnen neue Kunden beruhigen und sie ermutigen, Ihr Unternehmen auszuw\u00e4hlen.<\/li> \n<li><strong>Verbesserung der SEO und Markenbekanntheit.<\/strong> Das Google-Bewertungen-Plugin verbessert die SEO Ihrer Website, indem es frische, schl\u00fcsselwortreiche Inhalte hinzuf\u00fcgt, die Ihnen helfen k\u00f6nnen, in den Suchergebnissen h\u00f6her zu ranken. Positive Bewertungen zeigen auch Ihre St\u00e4rken und steigern die Markenbekanntheit.<\/li> \n<li><strong>Verbesserung der Benutzererfahrung.<\/strong> Ein Google-Bewertungen-Plugin macht es den Besuchern einfach, Bewertungen zu lesen, was ihnen hilft, schneller Entscheidungen \u00fcber Ihre Produkte oder Dienstleistungen zu treffen. Dies kann sie l\u00e4nger auf Ihrer Website halten und die Wahrscheinlichkeit erh\u00f6hen, dass sie einen Kauf oder eine Anfrage t\u00e4tigen.<\/li> \n<\/ul>\n\n<\/div> \n<div class=\"application-platform-content-item-installation application-platform-content-item\" id=\"installation\" data-nav-section=\"installation\"> \n<h2>Sehen Sie, wie Sie Google Bewertungen in Ihre WordPress-Website einbetten<\/h2> \n\n<div class=\"video-container\">\n<iframe width=\"720\" height=\"405\" src=\"https:\/\/www.youtube.com\/embed\/s18Hg5h8U-E\" frameborder=\"0\" allowfullscreen=\"\"><\/iframe>\n<\/div>\n<p>Hier ist eine einfache Anleitung, wie Sie das Plugin auf Ihrer WordPress-Website einrichten. Es dauert nur wenige Minuten und erfordert keinen Code.<\/p> \n<ol>\n<li><strong>Erstellen Sie Ihr individuelles Google Bewertungen Plugin<\/strong><br> \nStarten Sie mit einer beliebigen Vorlage in der Demo, laden Sie Ihr Kundenfeedback hoch und erhalten Sie ein Plugin mit dem bevorzugten Design und den gew\u00fcnschten Einstellungen.<\/li>\n\n<li><strong>Erhalten Sie den pers\u00f6nlichen Code, um das Plugin einzubetten<\/strong><br> \nSobald Sie Ihr Plugin erstellt haben, erhalten Sie den individuellen Code in Ihrem Dashboard. Kopieren Sie den Code, der alle Informationen zu den Einstellungen Ihres Plugins enth\u00e4lt.<\/li> \n\n<li><strong>Zeigen Sie das Plugin auf Ihrer WordPress-Website an<\/strong><br> \nW\u00e4hlen Sie die Bereiche der Website aus, auf denen Sie das Plugin platzieren m\u00f6chten, und f\u00fcgen Sie den Code dort ein. Speichern Sie die \u00c4nderungen.<\/li> \n<\/ol>\n\n<p>Das war&#8217;s! \u00dcberpr\u00fcfen Sie, wie das Plugin auf Ihrer Website funktioniert.<\/p> \n\n<p>Haben Sie immer noch Probleme mit dem Einbetten von Google Bewertungen auf einer WordPress-Website? Lesen Sie einfach unseren Artikel \u00fcber <a href=\"https:\/\/elfsight.com\/blog\/how-to-embed-google-reviews-in-wordpress\/\" target=\"_blank\" rel=\"noopener\">das Einbetten von Google-Bewertungen auf Ihrer Website<\/a>.<\/p> \n<\/div>\n<div class=\"faq\" data-component=\"FAQ\">\n<div class=\"faq-item\">\r\n\t\t\t\t\t<div class=\"faq-item-question\">\r\n\t\t\t\t\t\t<h3 class=\"faq-item-question-text\">Ist das Google Bewertungen WordPress-Widget kostenlos? <\/h3>\r\n\r\n\t\t\t\t\t\t<div class=\"faq-item-question-icon\"><\/div>\r\n\t\t\t\t\t<\/div>\r\n\r\n\t\t\t\t\t<div class=\"faq-item-answer\">\r\n\t\t\t\t\t\t<div class=\"faq-item-answer-text\">\nAbsolut! Jeder Elfsight-Kunde kann sein Google Bewertungen-Widget anpassen und kostenlos in WordPress einbetten. Alle gro\u00dfartigen Funktionen, die wir oben besprochen haben, stehen Ihnen zur Verf\u00fcgung.\n<\/div>\r\n\t\t\t\t\t<\/div>\r\n\t\t\t\t<\/div>\n<div class=\"faq-item\">\r\n\t\t\t\t\t<div class=\"faq-item-question\">\r\n\t\t\t\t\t\t<h3 class=\"faq-item-question-text\">Warum sollte ich Google Bewertungen auf WordPress mit Elfsight einbetten? <\/h3>\r\n\r\n\t\t\t\t\t\t<div class=\"faq-item-question-icon\"><\/div>\r\n\t\t\t\t\t<\/div>\r\n\r\n\t\t\t\t\t<div class=\"faq-item-answer\">\r\n\t\t\t\t\t\t<div class=\"faq-item-answer-text\">\nErstens bietet Elfsight eine einfache M\u00f6glichkeit, Google-Bewertungen auf Ihrer Website einzubetten, ohne dass Codierung oder das Schreiben von Skripten erforderlich ist. Dieses anpassbare Plugin kann nahtlos in WordPress oder jede andere Website-Plattform integriert werden. Am wichtigsten ist, dass die Menschen unser Plugin aufgrund seiner wertvollen Funktionen sch\u00e4tzen, die Ihnen helfen, die St\u00e4rken Ihres Unternehmens hervorzuheben.\n<\/div>\r\n\t\t\t\t\t<\/div>\r\n\t\t\t\t<\/div>\n<div class=\"faq-item\">\r\n\t\t\t\t\t<div class=\"faq-item-question\">\r\n\t\t\t\t\t\t<h3 class=\"faq-item-question-text\">Bietet Elfsight alternative WordPress-Plugins f\u00fcr bestimmte Bewertungsplattformen an? <\/h3>\r\n\r\n\t\t\t\t\t\t<div class=\"faq-item-question-icon\"><\/div>\r\n\t\t\t\t\t<\/div>\r\n\r\n\t\t\t\t\t<div class=\"faq-item-answer\">\r\n\t\t\t\t\t\t<div class=\"faq-item-answer-text\">\nKlar. Elfsight bietet viele M\u00f6glichkeiten, Bewertungen von verschiedenen Plattformen einzubetten. Probieren Sie auch Plugins wie <a href=\"https:\/\/elfsight.com\/airbnb-reviews-widget\/wordpress\/\" target=\"_blank\" rel=\"noopener\">Airbnb Bewertungen<\/a>, <a href=\"https:\/\/elfsight.com\/amazon-reviews-widget\/wordpress\/\" target=\"_blank\" rel=\"noopener\">Amazon Bewertungen<\/a>, <a href=\"https:\/\/elfsight.com\/facebook-reviews-widget\/wordpress\/\" target=\"_blank\" rel=\"noopener\">Facebook Bewertungen<\/a> und <a href=\"https:\/\/elfsight.com\/tripadvisor-reviews-widget\/wordpress\/\" target=\"_blank\" rel=\"noopener\">Tripadvisor Bewertungen<\/a> f\u00fcr ein solides Erlebnis beim Anzeigen von Nutzerfeedback auf WordPress-Websites.\n<\/div>\r\n\t\t\t\t\t<\/div>\r\n\t\t\t\t<\/div>\n<\/div>\n","protected":false},"excerpt":{"rendered":"","protected":false},"author":9,"featured_media":0,"parent":69,"menu_order":0,"comment_status":"closed","ping_status":"closed","template":"templates\/template-application-platform.php","meta":{"publish_to_discourse":"","publish_post_category":"","wpdc_auto_publish_overridden":"","wpdc_topic_tags":"","wpdc_pin_topic":"","wpdc_pin_until":"","discourse_post_id":"","discourse_permalink":"","wpdc_publishing_response":"","wpdc_publishing_error":"","footnotes":""},"class_list":["post-4507","page","type-page","status-publish","hentry"],"yoast_head":"<!-- This site is optimized with the Yoast SEO plugin v25.3.1 - https:\/\/yoast.com\/wordpress\/plugins\/seo\/ -->\n<title>Wordpress Google Reviews Plugin \u2013 F\u00fcgen Sie Google Reviews zu Wordpress hinzu [2025]<\/title>\n<meta name=\"description\" content=\"Es ist ganz einfach, Ihr Google Reviews-Plugin zu erstellen und es in die WordPress-Website einzubetten. Probieren Sie den besten WP Google-Rezensions-Slider kostenlos aus.\" \/>\n<meta name=\"robots\" content=\"index, follow, max-snippet:-1, max-image-preview:large, max-video-preview:-1\" \/>\n<link rel=\"canonical\" href=\"https:\/\/elfsight.com\/de\/google-reviews-widget\/wordpress\/\" \/>\n<meta property=\"og:locale\" content=\"de_DE\" \/>\n<meta property=\"og:type\" content=\"article\" \/>\n<meta property=\"og:title\" content=\"Wordpress Google Reviews Plugin \u2013 F\u00fcgen Sie Google Reviews zu Wordpress hinzu [2025]\" \/>\n<meta property=\"og:description\" content=\"Es ist ganz einfach, Ihr Google Reviews-Plugin zu erstellen und es in die WordPress-Website einzubetten. Probieren Sie den besten WP Google-Rezensions-Slider kostenlos aus.\" \/>\n<meta property=\"og:url\" content=\"https:\/\/elfsight.com\/de\/google-reviews-widget\/wordpress\/\" \/>\n<meta property=\"og:site_name\" content=\"Elfsight DE\" \/>\n<meta property=\"article:modified_time\" content=\"2024-12-19T06:58:50+00:00\" \/>\n<meta name=\"twitter:card\" content=\"summary_large_image\" \/>\n<meta name=\"twitter:label1\" content=\"Gesch\u00e4tzte Lesezeit\" \/>\n\t<meta name=\"twitter:data1\" content=\"5\u00a0Minuten\" \/>\n<!-- \/ Yoast SEO plugin. -->","yoast_head_json":{"title":"Wordpress Google Reviews Plugin \u2013 F\u00fcgen Sie Google Reviews zu Wordpress hinzu [2025]","description":"Es ist ganz einfach, Ihr Google Reviews-Plugin zu erstellen und es in die WordPress-Website einzubetten. Probieren Sie den besten WP Google-Rezensions-Slider kostenlos aus.","robots":{"index":"index","follow":"follow","max-snippet":"max-snippet:-1","max-image-preview":"max-image-preview:large","max-video-preview":"max-video-preview:-1"},"canonical":"https:\/\/elfsight.com\/de\/google-reviews-widget\/wordpress\/","og_locale":"de_DE","og_type":"article","og_title":"Wordpress Google Reviews Plugin \u2013 F\u00fcgen Sie Google Reviews zu Wordpress hinzu [2025]","og_description":"Es ist ganz einfach, Ihr Google Reviews-Plugin zu erstellen und es in die WordPress-Website einzubetten. Probieren Sie den besten WP Google-Rezensions-Slider kostenlos aus.","og_url":"https:\/\/elfsight.com\/de\/google-reviews-widget\/wordpress\/","og_site_name":"Elfsight DE","article_modified_time":"2024-12-19T06:58:50+00:00","twitter_card":"summary_large_image","twitter_misc":{"Gesch\u00e4tzte Lesezeit":"5\u00a0Minuten"},"schema":{"@context":"https:\/\/schema.org","@graph":[{"@type":"WebPage","@id":"https:\/\/elfsight.com\/de\/google-reviews-widget\/wordpress\/","url":"https:\/\/elfsight.com\/de\/google-reviews-widget\/wordpress\/","name":"Wordpress Google Reviews Plugin \u2013 F\u00fcgen Sie Google Reviews zu Wordpress hinzu [2025]","isPartOf":{"@id":"https:\/\/elfsight.com\/de\/#website"},"datePublished":"2024-05-03T06:39:05+00:00","dateModified":"2024-12-19T06:58:50+00:00","description":"Es ist ganz einfach, Ihr Google Reviews-Plugin zu erstellen und es in die WordPress-Website einzubetten. Probieren Sie den besten WP Google-Rezensions-Slider kostenlos aus.","breadcrumb":{"@id":"https:\/\/elfsight.com\/de\/google-reviews-widget\/wordpress\/#breadcrumb"},"inLanguage":"de","potentialAction":[{"@type":"ReadAction","target":["https:\/\/elfsight.com\/de\/google-reviews-widget\/wordpress\/"]}]},{"@type":"BreadcrumbList","@id":"https:\/\/elfsight.com\/de\/google-reviews-widget\/wordpress\/#breadcrumb","itemListElement":[{"@type":"ListItem","position":1,"name":"Home","item":"https:\/\/elfsight.com\/de\/"},{"@type":"ListItem","position":2,"name":"Google Reviews","item":"https:\/\/elfsight.com\/de\/google-reviews-widget\/"},{"@type":"ListItem","position":3,"name":"Google Reviews &#8211; WordPress"}]},{"@type":"WebSite","@id":"https:\/\/elfsight.com\/de\/#website","url":"https:\/\/elfsight.com\/de\/","name":"Elfsight DE","description":"Just another Elfsight Sites site","potentialAction":[{"@type":"SearchAction","target":{"@type":"EntryPoint","urlTemplate":"https:\/\/elfsight.com\/de\/?s={search_term_string}"},"query-input":{"@type":"PropertyValueSpecification","valueRequired":true,"valueName":"search_term_string"}}],"inLanguage":"de"}]}},"meta_box":{"industry":"","seo_heading":"","heading":"","description":"","cta_heading":"","cta_description":"","application":"60","h1":"WordPress Google Reviews-Plugin","h1_caption":"Betten Sie Bewertungen Ihres Ortes von Google nahtlos in Ihre WordPress-Website ein, um die besten Kundeneindr\u00fccke nahtlos in Ihr Website-Erlebnis zu integrieren.","application_category":[],"applications_title":"","applications_request_title":"","applications_request_button_text":"","hero_text":"","hero_video":"","hero_video_schema_markup":"","selling_points_title":"","selling_points_caption":"","selling_points":[],"selling_points_cta_text":"","features_title":"","features":"","ed_cta_examples_text":"","ed_cta_examples_hidden":"","ed_cta_demo_text":"","ed_cta_demo_hidden":"","why_caption":"","why_editor_title":"","why_editor_text":"","why_team_title":"","why_team_text":"","why_service_title":"","why_service_text":"","template_catalog_visible":"0","template_catalog_title":"","template_catalog_text":"","template_catalog_categories_visible":"","demo_title":"Erstellen Sie Ihr Google Reviews-Plugin","demo_caption":"Konfigurieren Sie Ihre Google-Bewertungen und f\u00fcgen Sie sie kostenlos zu Ihrer WordPress-Website hinzu!","default_faq_hidden":"","app_template_category":[],"platform":"266","template_public_id":"","codecanyon_url":"","codecanyon_item_id":"","codecanyon_price":"","pricing_caption":"","pricing_elfsight_apps_hide_column":"","pricing_elfsight_apps_url":"","pricing_codecanyon_price_caption":"","integration_category":[],"integration_request_title":"","integration_request_cta":"","integration_platform":"","integrations":[],"platform_category":[],"video_schema_markup":"","price":"ab 0 $ \/ Monat","trial":"","benefits":[{"text":"Kostenloser Installationsservice"},{"text":"Premium-Support"},{"text":"14-t\u00e4gige R\u00fcckerstattungsgarantie"},{"text":"Lebenslange Verbesserungen"}],"button_url":"#demo","button_target_blank":"0","button_nofollow":"0","attributes":[{"name":"Installiert","content":"100,000 - 500,000","_state":"expanded"},{"name":"Reaktionsfreudig","content":"Ja","_state":"expanded"},{"name":"Kompatible Browser","content":"Firefox, Safari, Opera, Chrome, Edge"}],"tags":[],"tags_disable_links":"0","hide_more_platforms":"","video_object":"{\r\n  \"@context\": \"http:\/\/schema.org\",\r\n  \"@type\": \"VideoObject\",\r\n  \"name\": \"How to Add Google Reviews to WordPress (2021)\",\r\n  \"description\": \"Learn how to add Google Rating to WordPress for free. Use best Google Business Reviews widget to display true feedback of your customers on WordPress.\",\r\n  \"thumbnailUrl\": \"https:\/\/i.ytimg.com\/vi\/s18Hg5h8U-E\/default.jpg\",\r\n  \"uploadDate\": \"2019-06-25T15:03:47.000Z\",\r\n  \"duration\": \"PT2M21S\",\r\n  \"embedUrl\": \"https:\/\/www.youtube.com\/embed\/s18Hg5h8U-E\",\r\n  \"interactionCount\": \"19161\"\r\n}","demo_hide_cta":"0","demo_hide_cloud_options":"0","pricing_title":"","pricing":[{"pricing_icon":"platform","pricing_title":"Elfsight Apps","pricing_title_caption":"Plattform\u00fcbergreifende L\u00f6sung, die auf jeder Website funktioniert","pricing_price":"ab 0 $ \/ Monat","pricing_price_caption":"Beginnen Sie mit einem kostenlosen Plan","pricing_benefits":[{"text":"Unbegrenzte Websites"},{"text":"Schnelle Unterst\u00fctzung"},{"text":"Kostenloser Installationsservice"},{"text":"Zeitlich begrenztes Angebot f\u00fcr mehrere Apps"}],"pricing_button_text":"Zur Website hinzuf\u00fcgen","pricing_button_url":"#demo","_state":"expanded"}],"related_apps_title":"","related_apps_hidden":"1","author":"","image":[],"title":"","job":"","social_networks":[]},"_links":{"self":[{"href":"https:\/\/elfsight.com\/de\/wp-json\/wp\/v2\/pages\/4507","targetHints":{"allow":["GET"]}}],"collection":[{"href":"https:\/\/elfsight.com\/de\/wp-json\/wp\/v2\/pages"}],"about":[{"href":"https:\/\/elfsight.com\/de\/wp-json\/wp\/v2\/types\/page"}],"author":[{"embeddable":true,"href":"https:\/\/elfsight.com\/de\/wp-json\/wp\/v2\/users\/9"}],"replies":[{"embeddable":true,"href":"https:\/\/elfsight.com\/de\/wp-json\/wp\/v2\/comments?post=4507"}],"version-history":[{"count":9,"href":"https:\/\/elfsight.com\/de\/wp-json\/wp\/v2\/pages\/4507\/revisions"}],"predecessor-version":[{"id":23374,"href":"https:\/\/elfsight.com\/de\/wp-json\/wp\/v2\/pages\/4507\/revisions\/23374"}],"up":[{"embeddable":true,"href":"https:\/\/elfsight.com\/de\/wp-json\/wp\/v2\/pages\/69"}],"wp:attachment":[{"href":"https:\/\/elfsight.com\/de\/wp-json\/wp\/v2\/media?parent=4507"}],"curies":[{"name":"wp","href":"https:\/\/api.w.org\/{rel}","templated":true}]}}