{"id":4501,"date":"1970-01-01T00:00:00","date_gmt":"1970-01-01T00:00:00","guid":{"rendered":"https:\/\/elfsight.com\/de\/?page_id=4501"},"modified":"2024-11-08T08:54:14","modified_gmt":"2024-11-08T08:54:14","slug":"wordpress","status":"publish","type":"page","link":"https:\/\/elfsight.com\/de\/popup-widget\/wordpress\/","title":{"rendered":"Popup &#8211; WordPress"},"content":{"rendered":"<div class=\"application-platform-content-item-description application-platform-content-item\" id=\"description\" data-nav-section=\"description\"> <h2>Beschreibung<\/h2> <p>Mit dem Elfsight Popup-Plugin kann jeder personalisierte modale Fenster aller Art entwerfen und sie auf einer WordPress-Website einf\u00fchren kostenlos. Erstellen Sie das am besten geeignete Popup, indem Sie aus einer Vielzahl integrierter Elemente ausw\u00e4hlen. \u00c4ndern Sie den Stil und die Anordnung; W\u00e4hlen Sie den Aktivierungsausl\u00f6ser und passen Sie das Timing an, um eine bessere Popup-Effizienz zu erzielen. Popups unterschiedlicher Art erm\u00f6glichen es Benutzern, E-Mails zu abonnieren, sich \u00fcber Ihre Waren und Dienstleistungen zu informieren, ihre Gutscheine zu kopieren, sich \u00fcber Sonderangebote und Sonderangebote zu informieren, \u00fcber wichtige Ereignisse auf Ihrer Website auf dem Laufenden zu bleiben und vieles mehr. <\/p> <p><b>Mit dem WordPress-Popup-Maker k\u00f6nnen Sie mehr verdienen, f\u00fcr Ihre bevorstehenden Anl\u00e4sse werben, Feedback und Abonnements erhalten und vieles mehr.<\/b><\/p> <\/div><div class=\"faq\" data-component=\"FAQ\"><div class=\"faq-item\">\r\n\t\t\t\t\t<div class=\"faq-item-question\">\r\n\t\t\t\t\t\t<h3 class=\"faq-item-question-text\">Wie kann ich ein Popup zu meiner WordPress-Website hinzuf\u00fcgen?<\/h3>\r\n\r\n\t\t\t\t\t\t<div class=\"faq-item-question-icon\"><\/div>\r\n\t\t\t\t\t<\/div>\r\n\r\n\t\t\t\t\t<div class=\"faq-item-answer\">\r\n\t\t\t\t\t\t<div class=\"faq-item-answer-text\"><p>Der Aufbau des Widgets erfolgt innerhalb der Elfsight-Website und Sie m\u00fcssen sich nicht mit der Programmierung und Verwendung vertraut machen ein WordPress-Popup-Builder. Nutzen Sie unsere aktive Demo, um Ihr eigenes Popup-Formular zu entwerfen, holen Sie sich den Code und f\u00fcgen Sie ihn in Ihre Website ein. <\/p><\/div>\r\n\t\t\t\t\t<\/div>\r\n\t\t\t\t<\/div><div class=\"faq-item\">\r\n\t\t\t\t\t<div class=\"faq-item-question\">\r\n\t\t\t\t\t\t<h3 class=\"faq-item-question-text\">Die besten M\u00f6glichkeiten zur Verwendung der Banner-Popup-Integration<\/h3>\r\n\r\n\t\t\t\t\t\t<div class=\"faq-item-question-icon\"><\/div>\r\n\t\t\t\t\t<\/div>\r\n\r\n\t\t\t\t\t<div class=\"faq-item-answer\">\r\n\t\t\t\t\t\t<div class=\"faq-item-answer-text\"><p>Wir bieten eine F\u00fclle von Anpassungsm\u00f6glichkeiten im Popup Builder. Es gibt vollwertige Widgets zum Einf\u00fcgen in den Inhaltsbereich, schwebende Plugins mit Scrollm\u00f6glichkeiten, Layouts f\u00fcr die Fu\u00dfzeile Ihrer Website, den Header und alle m\u00f6glichen vertikalen M\u00f6glichkeiten f\u00fcr Seitenleisten und Men\u00fcs. <\/p><\/div>\r\n\t\t\t\t\t<\/div>\r\n\t\t\t\t<\/div><div class=\"faq-item\">\r\n\t\t\t\t\t<div class=\"faq-item-question\">\r\n\t\t\t\t\t\t<h3 class=\"faq-item-question-text\">Kann ich mit dem Editor einen Newsletter oder ein Popup-Angebot erstellen?<\/h3>\r\n\r\n\t\t\t\t\t\t<div class=\"faq-item-question-icon\"><\/div>\r\n\t\t\t\t\t<\/div>\r\n\r\n\t\t\t\t\t<div class=\"faq-item-answer\">\r\n\t\t\t\t\t\t<div class=\"faq-item-answer-text\"><p>Es steht Ihnen frei, beliebige WordPress-Popup-Plugin-\u00c4nderungen zu erstellen. Im Popup-Builder stehen Ihnen zahlreiche Layouts zur Verf\u00fcgung, die alle ganz einfach nach Bedarf personalisiert werden k\u00f6nnen.<\/p><\/div>\r\n\t\t\t\t\t<\/div>\r\n\t\t\t\t<\/div><div class=\"faq-item\">\r\n\t\t\t\t\t<div class=\"faq-item-question\">\r\n\t\t\t\t\t\t<h3 class=\"faq-item-question-text\">Welche Ausl\u00f6ser sind f\u00fcr Popups verf\u00fcgbar? \u00f6ffnen?<\/h3>\r\n\r\n\t\t\t\t\t\t<div class=\"faq-item-question-icon\"><\/div>\r\n\t\t\t\t\t<\/div>\r\n\r\n\t\t\t\t\t<div class=\"faq-item-answer\">\r\n\t\t\t\t\t\t<div class=\"faq-item-answer-text\"><p>Sie haben die M\u00f6glichkeit, ein WordPress-Popup beim Klicken, beim Beenden des Benutzers oder einfach beim Laden der Seite erscheinen zu lassen. Sie k\u00f6nnen ein Popup nach einer bestimmten Zeit auf der Website oder nachdem eine Person einen bestimmten Prozentsatz des Inhalts gescrollt hat, erscheinen lassen. Schlie\u00dflich k\u00f6nnen Sie einen Call-to-Action platzieren, um ein Popup in WordPress zu \u00f6ffnen.<\/p><\/div>\r\n\t\t\t\t\t<\/div>\r\n\t\t\t\t<\/div><\/div><div class=\"application-platform-content-item-features application-platform-content-item\" id=\"features\" data-nav-section=\"features\"> <h2>Hauptfunktionen des Popup-Plugins<\/h2> <p>Sehen Sie sich alle Funktionsmerkmale des Widgets an. Sie k\u00f6nnen sie direkt im Builder verwalten und sie helfen Ihnen dabei, das Widget speziell f\u00fcr Ihren Anwendungsfall zu gestalten.<\/p> <ul><li>12 verf\u00fcgbare Bl\u00f6cke zum Erstellen eines Popups<\/li> <li>5 sofort einsatzbereit -Verwenden Sie Popup-Layouts f\u00fcr verschiedene F\u00e4lle<\/li> <li>Platzieren Sie Schaltfl\u00e4chen, um Benutzer zu einer beliebigen WordPress-Seite weiterzuleiten<\/li> <li>Hochladen eines Bildes f\u00fcr den Plugin-Hintergrund<\/li> <li>Popup kann sein Wird nach einer bestimmten Verweildauer auf der Seite oder einem Scroll-Prozentsatz aktiviert<\/li> <li>Popup-Trigger: Klicken auf ein Element oder Herunterscrollen<\/li> <\/ul> <p><a href=\"#demo\">Sehen Sie in unserer Demo, wie alle Funktionen funktionieren<\/a><\/p> <\/div><div class=\"application-platform-content-item-installation application-platform-content-item\" id=\"installation\" data-nav-section=\"installation\"><h2>Wie f\u00fcge ich ein Popup-Plugin zur WordPress-Website hinzu?<\/h2> <div class=\"video-container\"><iframe src=\"https:\/\/www.youtube.com\/embed\/LhmryTr-ECE\" allowfullscreen=\"\" width=\"720\" height=\"405\" frameborder=\"0\"><\/iframe><\/div><p>Befolgen Sie einfach die unten beschriebenen Schritte, um das Widget auf WordPress zu aktivieren.<\/p> <ol><li><b>Starten Sie unseren kostenlosen Popup-Maker und beginnen Sie mit der Erstellung Ihres einzigartigen Plugins. <\/b><br> Geben Sie das gew\u00fcnschte Aussehen und die gew\u00fcnschten Funktionen des Tools an und wenden Sie die Korrekturen an. <\/li> <li><b>Kopieren Sie den einzelnen Code, der im modalen Fenster von Elfsight Apps angezeigt wird. <\/b><br> Nachdem Sie Ihr pers\u00f6nliches Popup-Plugin eingerichtet haben, kopieren Sie den exklusiven Code im erscheinenden Fenster und speichern Sie ihn zur sp\u00e4teren Verwendung. <\/li> <li><b>Initiieren Sie die Nutzung des Plugins auf der WordPress-Site. <\/b><br> Platzieren Sie den WordPress-Popup-Plugin-Code in Ihrer Website und wenden Sie die Korrekturen an. <\/li> <li><b>Die Installation wurde erfolgreich abgeschlossen. <\/b><br> Gehen Sie zu Ihrer WordPress-Site, um einen Blick auf die Funktionsweise des Tools zu werfen. <\/li><\/ol> <p>Wenn Sie Hilfe bei der WordPress-Installation ben\u00f6tigen, k\u00f6nnen Sie sich jederzeit an unseren Support wenden. Wir helfen Ihnen gerne bei jeder Anfrage weiter.<\/p> <\/div>","protected":false},"excerpt":{"rendered":"","protected":false},"author":9,"featured_media":0,"parent":557,"menu_order":0,"comment_status":"closed","ping_status":"closed","template":"templates\/template-application-platform.php","meta":{"publish_to_discourse":"","publish_post_category":"","wpdc_auto_publish_overridden":"","wpdc_topic_tags":"","wpdc_pin_topic":"","wpdc_pin_until":"","discourse_post_id":"","discourse_permalink":"","wpdc_publishing_response":"","wpdc_publishing_error":"","footnotes":""},"class_list":["post-4501","page","type-page","status-publish","hentry"],"yoast_head":"<!-- This site is optimized with the Yoast SEO plugin v25.3.1 - https:\/\/yoast.com\/wordpress\/plugins\/seo\/ -->\n<title>Bestes WordPress-Popup-Plugin | #1 M\u00f6glichkeit, Pop-up-Maker zu WP hinzuzuf\u00fcgen<\/title>\n<meta name=\"description\" content=\"Mit Elfsight Popup Builder ist es ganz einfach, ein Popup auf einer WordPress-Website hinzuzuf\u00fcgen. Modale Fenster, Banner, Nachrichten \u2013 alles, was Sie brauchen, um aufzutauchen.\" \/>\n<meta name=\"robots\" content=\"index, follow, max-snippet:-1, max-image-preview:large, max-video-preview:-1\" \/>\n<link rel=\"canonical\" href=\"https:\/\/elfsight.com\/de\/popup-widget\/wordpress\/\" \/>\n<meta property=\"og:locale\" content=\"de_DE\" \/>\n<meta property=\"og:type\" content=\"article\" \/>\n<meta property=\"og:title\" content=\"Bestes WordPress-Popup-Plugin | #1 M\u00f6glichkeit, Pop-up-Maker zu WP hinzuzuf\u00fcgen\" \/>\n<meta property=\"og:description\" content=\"Mit Elfsight Popup Builder ist es ganz einfach, ein Popup auf einer WordPress-Website hinzuzuf\u00fcgen. Modale Fenster, Banner, Nachrichten \u2013 alles, was Sie brauchen, um aufzutauchen.\" \/>\n<meta property=\"og:url\" content=\"https:\/\/elfsight.com\/de\/popup-widget\/wordpress\/\" \/>\n<meta property=\"og:site_name\" content=\"Elfsight DE\" \/>\n<meta property=\"article:modified_time\" content=\"2024-11-08T08:54:14+00:00\" \/>\n<meta name=\"twitter:card\" content=\"summary_large_image\" \/>\n<meta name=\"twitter:label1\" content=\"Gesch\u00e4tzte Lesezeit\" \/>\n\t<meta name=\"twitter:data1\" content=\"4\u00a0Minuten\" \/>\n<!-- \/ Yoast SEO plugin. -->","yoast_head_json":{"title":"Bestes WordPress-Popup-Plugin | #1 M\u00f6glichkeit, Pop-up-Maker zu WP hinzuzuf\u00fcgen","description":"Mit Elfsight Popup Builder ist es ganz einfach, ein Popup auf einer WordPress-Website hinzuzuf\u00fcgen. Modale Fenster, Banner, Nachrichten \u2013 alles, was Sie brauchen, um aufzutauchen.","robots":{"index":"index","follow":"follow","max-snippet":"max-snippet:-1","max-image-preview":"max-image-preview:large","max-video-preview":"max-video-preview:-1"},"canonical":"https:\/\/elfsight.com\/de\/popup-widget\/wordpress\/","og_locale":"de_DE","og_type":"article","og_title":"Bestes WordPress-Popup-Plugin | #1 M\u00f6glichkeit, Pop-up-Maker zu WP hinzuzuf\u00fcgen","og_description":"Mit Elfsight Popup Builder ist es ganz einfach, ein Popup auf einer WordPress-Website hinzuzuf\u00fcgen. Modale Fenster, Banner, Nachrichten \u2013 alles, was Sie brauchen, um aufzutauchen.","og_url":"https:\/\/elfsight.com\/de\/popup-widget\/wordpress\/","og_site_name":"Elfsight DE","article_modified_time":"2024-11-08T08:54:14+00:00","twitter_card":"summary_large_image","twitter_misc":{"Gesch\u00e4tzte Lesezeit":"4\u00a0Minuten"},"schema":{"@context":"https:\/\/schema.org","@graph":[{"@type":"WebPage","@id":"https:\/\/elfsight.com\/de\/popup-widget\/wordpress\/","url":"https:\/\/elfsight.com\/de\/popup-widget\/wordpress\/","name":"Bestes WordPress-Popup-Plugin | #1 M\u00f6glichkeit, Pop-up-Maker zu WP hinzuzuf\u00fcgen","isPartOf":{"@id":"https:\/\/elfsight.com\/de\/#website"},"datePublished":"1970-01-01T00:00:00+00:00","dateModified":"2024-11-08T08:54:14+00:00","description":"Mit Elfsight Popup Builder ist es ganz einfach, ein Popup auf einer WordPress-Website hinzuzuf\u00fcgen. Modale Fenster, Banner, Nachrichten \u2013 alles, was Sie brauchen, um aufzutauchen.","breadcrumb":{"@id":"https:\/\/elfsight.com\/de\/popup-widget\/wordpress\/#breadcrumb"},"inLanguage":"de","potentialAction":[{"@type":"ReadAction","target":["https:\/\/elfsight.com\/de\/popup-widget\/wordpress\/"]}]},{"@type":"BreadcrumbList","@id":"https:\/\/elfsight.com\/de\/popup-widget\/wordpress\/#breadcrumb","itemListElement":[{"@type":"ListItem","position":1,"name":"Home","item":"https:\/\/elfsight.com\/de\/"},{"@type":"ListItem","position":2,"name":"Popup","item":"https:\/\/elfsight.com\/de\/popup-widget\/"},{"@type":"ListItem","position":3,"name":"Popup &#8211; WordPress"}]},{"@type":"WebSite","@id":"https:\/\/elfsight.com\/de\/#website","url":"https:\/\/elfsight.com\/de\/","name":"Elfsight DE","description":"Just another Elfsight Sites site","potentialAction":[{"@type":"SearchAction","target":{"@type":"EntryPoint","urlTemplate":"https:\/\/elfsight.com\/de\/?s={search_term_string}"},"query-input":{"@type":"PropertyValueSpecification","valueRequired":true,"valueName":"search_term_string"}}],"inLanguage":"de"}]}},"meta_box":{"industry":"","seo_heading":"","heading":"","description":"","cta_heading":"","cta_description":"","application":"493","h1":"WordPress-Popup-Plugin","h1_caption":"Zeigen Sie Popups an, um die Aufmerksamkeit der Besucher zu erregen, Angebote zu bewerben oder Leads zu sammeln, ohne das Website-Erlebnis auf Ihrer WordPress-Website zu unterbrechen.","application_category":[],"applications_title":"","applications_request_title":"","applications_request_button_text":"","hero_text":"","hero_video":"","hero_video_schema_markup":"","selling_points_title":"","selling_points_caption":"","selling_points":[],"selling_points_cta_text":"","features_title":"","features":"","ed_cta_examples_text":"","ed_cta_examples_hidden":"","ed_cta_demo_text":"","ed_cta_demo_hidden":"","why_caption":"","why_editor_title":"","why_editor_text":"","why_team_title":"","why_team_text":"","why_service_title":"","why_service_text":"","template_catalog_visible":"0","template_catalog_title":"","template_catalog_text":"","template_catalog_categories_visible":"","demo_title":"Erstellen Sie Ihr Popup-Plugin","demo_caption":"Konfigurieren Sie Ihr Popup und f\u00fcgen Sie es kostenlos zu Ihrer WordPress-Website hinzu!","default_faq_hidden":"","app_template_category":[],"platform":"266","template_public_id":"","codecanyon_url":"","codecanyon_item_id":"","codecanyon_price":"","pricing_caption":"","pricing_elfsight_apps_hide_column":"","pricing_elfsight_apps_url":"","pricing_codecanyon_price_caption":"","integration_category":[],"integration_request_title":"","integration_request_cta":"","integration_platform":"","integrations":[],"platform_category":[],"video_schema_markup":"","price":"ab 0\u00a0$","trial":"","benefits":[{"text":"1-min\u00fctige Einrichtung"},{"text":"100 % anpassbar"},{"text":"Wundersch\u00f6n gestaltet"},{"text":"Einfach zu verwendender Popup-Builder"}],"button_url":"#demo","button_target_blank":"0","button_nofollow":"0","attributes":[{"name":"Installiert","content":"100,000 - 500,000","_state":"expanded"},{"name":"Reaktionsfreudig","content":"Ja","_state":"expanded"},{"name":"Kompatible Browser","content":"Firefox, Safari, Opera, Chrome, Edge"}],"tags":[],"tags_disable_links":"0","hide_more_platforms":"","video_object":"{\r\n  \"@context\": \"http:\/\/schema.org\",\r\n  \"@type\": \"VideoObject\",\r\n  \"name\": \"How to Add Popup to WordPress (2021)\",\r\n  \"description\": \"Add Pop up plugin to WordPress for free. Use best Popup builder to create a notification window for WordPress.\",\r\n  \"thumbnailUrl\": \"https:\/\/i.ytimg.com\/vi\/LhmryTr-ECE\/default.jpg\",\r\n  \"uploadDate\": \"2020-06-19T12:12:43Z\",\r\n  \"duration\": \"PT2M17S\",\r\n  \"embedUrl\": \"https:\/\/www.youtube.com\/embed\/LhmryTr-ECE\",\r\n  \"interactionCount\": \"344\"\r\n}","demo_hide_cta":"0","demo_hide_cloud_options":"0","pricing_title":"","pricing":[{"pricing_icon":"platform","pricing_title":"WP Popup Plugin by Elfsight","pricing_title_caption":"100 % kompatibel mit Ihrer Website","pricing_price":"ab 0 $ \/ Monat","pricing_price_caption":"Beginnen Sie mit einem kostenlosen Plan","pricing_benefits":[{"text":"#1 M\u00f6glichkeit, Popup in WP hinzuzuf\u00fcgen"},{"text":"\u00dcber 20 integrierte Vorlagen"},{"text":"\u00dcber 100 professionelle Funktionen"},{"text":"Bereit f\u00fcr jede Veranstaltung oder jeden Verkauf"}],"pricing_button_text":"Zur Website hinzuf\u00fcgen","pricing_button_url":"#demo","_state":"expanded"}],"related_apps_title":"","related_apps_hidden":"1","author":"","image":[],"title":"","job":"","social_networks":[]},"_links":{"self":[{"href":"https:\/\/elfsight.com\/de\/wp-json\/wp\/v2\/pages\/4501","targetHints":{"allow":["GET"]}}],"collection":[{"href":"https:\/\/elfsight.com\/de\/wp-json\/wp\/v2\/pages"}],"about":[{"href":"https:\/\/elfsight.com\/de\/wp-json\/wp\/v2\/types\/page"}],"author":[{"embeddable":true,"href":"https:\/\/elfsight.com\/de\/wp-json\/wp\/v2\/users\/9"}],"replies":[{"embeddable":true,"href":"https:\/\/elfsight.com\/de\/wp-json\/wp\/v2\/comments?post=4501"}],"version-history":[{"count":6,"href":"https:\/\/elfsight.com\/de\/wp-json\/wp\/v2\/pages\/4501\/revisions"}],"predecessor-version":[{"id":22444,"href":"https:\/\/elfsight.com\/de\/wp-json\/wp\/v2\/pages\/4501\/revisions\/22444"}],"up":[{"embeddable":true,"href":"https:\/\/elfsight.com\/de\/wp-json\/wp\/v2\/pages\/557"}],"wp:attachment":[{"href":"https:\/\/elfsight.com\/de\/wp-json\/wp\/v2\/media?parent=4501"}],"curies":[{"name":"wp","href":"https:\/\/api.w.org\/{rel}","templated":true}]}}