{"id":45,"date":"2020-01-28T10:52:28","date_gmt":"2020-01-28T10:52:28","guid":{"rendered":"https:\/\/elfsight.com\/de\/?page_id=45"},"modified":"2023-06-15T12:11:48","modified_gmt":"2023-06-15T12:11:48","slug":"pricing","status":"publish","type":"page","link":"https:\/\/elfsight.com\/de\/instagram-feed-instashow\/pricing\/","title":{"rendered":"Instagram Feed &#8211; Pricing"},"content":{"rendered":"\n<div class=\"faq\" data-component=\"FAQ\">\n<div class=\"faq-item\">\r\n\t\t\t\t\t<div class=\"faq-item-question\">\r\n\t\t\t\t\t\t<h3 class=\"faq-item-question-text\">Gibt es einen kostenlosen Plan f\u00fcr Elfsight Apps?<\/h3>\r\n\r\n\t\t\t\t\t\t<div class=\"faq-item-question-icon\"><\/div>\r\n\t\t\t\t\t<\/div>\r\n\r\n\t\t\t\t\t<div class=\"faq-item-answer\">\r\n\t\t\t\t\t\t<div class=\"faq-item-answer-text\">\nJa, nat\u00fcrlich. Elfsight bietet ein kostenloses Abonnement f\u00fcr Plugins an. Dar\u00fcber hinaus beschr\u00e4nken wir die wichtigen Hauptmerkmale und die Stilfunktionen nicht. Sehen Sie alle Vorteile kostenloser Elfsight-Plugins f\u00fcr Ihr Unternehmen zu nutzen.\n<\/div>\r\n\t\t\t\t\t<\/div>\r\n\t\t\t\t<\/div>\n<div class=\"faq-item\">\r\n\t\t\t\t\t<div class=\"faq-item-question\">\r\n\t\t\t\t\t\t<h3 class=\"faq-item-question-text\">Haben Sie ein Testzeitraum f\u00fcr Ihre Apps?<\/h3>\r\n\r\n\t\t\t\t\t\t<div class=\"faq-item-question-icon\"><\/div>\r\n\t\t\t\t\t<\/div>\r\n\r\n\t\t\t\t\t<div class=\"faq-item-answer\">\r\n\t\t\t\t\t\t<div class=\"faq-item-answer-text\">\nElfsight kostenloses Abonnement hat kein Testzeitraum. Sie k\u00f6nnen der App so lange nutzen, wie Sie es m\u00f6chten.\n<\/div>\r\n\t\t\t\t\t<\/div>\r\n\t\t\t\t<\/div>\n<div class=\"faq-item\">\r\n\t\t\t\t\t<div class=\"faq-item-question\">\r\n\t\t\t\t\t\t<h3 class=\"faq-item-question-text\">Bieten Sie Rabatte an?<\/h3>\r\n\r\n\t\t\t\t\t\t<div class=\"faq-item-question-icon\"><\/div>\r\n\t\t\t\t\t<\/div>\r\n\r\n\t\t\t\t\t<div class=\"faq-item-answer\">\r\n\t\t\t\t\t\t<div class=\"faq-item-answer-text\">\nJa, Sie k\u00f6nnen 20% Willkommens-Rabattcode f\u00fcr Ihr erstes Abonnement verwenden. Bitte vergessen Sie nicht, dass Sie es innerhalb von 24 Stunden anwenden k\u00f6nnen. Dann erhalten Sie 30% Gutscheincode f\u00fcr den n\u00e4chsten Kauf eines bezahlten Plugin.\n<\/div>\r\n\t\t\t\t\t<\/div>\r\n\t\t\t\t<\/div>\n<div class=\"faq-item\">\r\n\t\t\t\t\t<div class=\"faq-item-question\">\r\n\t\t\t\t\t\t<h3 class=\"faq-item-question-text\">Kann ich das Abonnement f\u00fcr das Plugin nach dem Kauf \u00e4ndern?<\/h3>\r\n\r\n\t\t\t\t\t\t<div class=\"faq-item-question-icon\"><\/div>\r\n\t\t\t\t\t<\/div>\r\n\r\n\t\t\t\t\t<div class=\"faq-item-answer\">\r\n\t\t\t\t\t\t<div class=\"faq-item-answer-text\">\nNat\u00fcrlich! Ja Benutzer k\u00f6nnen das Abonnement jeder Stunde \u00e4ndern oder k\u00fcndigen. Die Kosten f\u00fcr das abgelaufene Abonnement bezahlt werden zu einem neuen Plan neu berechnet werden. Die f\u00fcr das vorherige Abonnement gezahlte Preis werden nach den n\u00e4chsten Kauf berechnet.\n<\/div>\r\n\t\t\t\t\t<\/div>\r\n\t\t\t\t<\/div>\n<div class=\"faq-item\">\r\n\t\t\t\t\t<div class=\"faq-item-question\">\r\n\t\t\t\t\t\t<h3 class=\"faq-item-question-text\">Was bedeutet die Einschr\u00e4nkung der Widget-Aufrufe?<\/h3>\r\n\r\n\t\t\t\t\t\t<div class=\"faq-item-question-icon\"><\/div>\r\n\t\t\t\t\t<\/div>\r\n\r\n\t\t\t\t\t<div class=\"faq-item-answer\">\r\n\t\t\t\t\t\t<div class=\"faq-item-answer-text\">\nDie Menge der Aufrufe gibt die Anzahl der Widget-Ladevorg\u00e4nge auf Ihrer Seite an. Dies h\u00e4ngt von der Anzahl der einzigartigen Benutzer auf einer Seite mit den Widgets.\nDie Anzahl der Aufrufe betr\u00e4gt pro Monat und wird jeden Monat neu gez\u00e4hlt. Wenn Ihr Limit beispielsweise 5,000 Aufrufe hat,haben Sie jeden Monat 5,000 Aufrufe f\u00fcr Ihr Widget.\n<\/div>\r\n\t\t\t\t\t<\/div>\r\n\t\t\t\t<\/div>\n<div class=\"faq-item\">\r\n\t\t\t\t\t<div class=\"faq-item-question\">\r\n\t\t\t\t\t\t<h3 class=\"faq-item-question-text\">Was ist die Zahl der Websites kann ich das Widget auf platzieren?<\/h3>\r\n\r\n\t\t\t\t\t\t<div class=\"faq-item-question-icon\"><\/div>\r\n\t\t\t\t\t<\/div>\r\n\r\n\t\t\t\t\t<div class=\"faq-item-answer\">\r\n\t\t\t\t\t\t<div class=\"faq-item-answer-text\">\nWenn Sie einen kostenlosen Plan haben, k\u00f6nnen Sie der App nur auf einer Seite platzieren.\nIn den bezahlten Abo-Pl\u00e4nen gibt es keine solche Begrenzung &#8211; Sie k\u00f6nnen so viele Widgets f\u00fcr Ihre Website erstellen wie Sie ben\u00f6tigen.\n<\/div>\r\n\t\t\t\t\t<\/div>\r\n\t\t\t\t<\/div>\n<div class=\"faq-item\">\r\n\t\t\t\t\t<div class=\"faq-item-question\">\r\n\t\t\t\t\t\t<h3 class=\"faq-item-question-text\"> Bieten Sie Ihren Kunden kostenlose Installationshilfe an?<\/h3>\r\n\r\n\t\t\t\t\t\t<div class=\"faq-item-question-icon\"><\/div>\r\n\t\t\t\t\t<\/div>\r\n\r\n\t\t\t\t\t<div class=\"faq-item-answer\">\r\n\t\t\t\t\t\t<div class=\"faq-item-answer-text\">\nJa, Elfsight bietet allen unseren Benutzern kostenlose Hilfe bei der Einstellungen des Widgets. Unsere Kunden k\u00f6nnen unser hochqualifiziertes Hilfeteam E-Mail senden.\n<\/div>\r\n\t\t\t\t\t<\/div>\r\n\t\t\t\t<\/div>\n<\/div>\n","protected":false},"excerpt":{"rendered":"","protected":false},"author":11,"featured_media":0,"parent":29,"menu_order":0,"comment_status":"closed","ping_status":"closed","template":"templates\/template-application-pricing.php","meta":{"publish_to_discourse":"","publish_post_category":"","wpdc_auto_publish_overridden":"","wpdc_topic_tags":"","wpdc_pin_topic":"","wpdc_pin_until":"","discourse_post_id":"","discourse_permalink":"","wpdc_publishing_response":"","wpdc_publishing_error":"","footnotes":""},"class_list":["post-45","page","type-page","status-publish","hentry"],"yoast_head":"<!-- This site is optimized with the Yoast SEO plugin v25.3.1 - https:\/\/yoast.com\/wordpress\/plugins\/seo\/ -->\n<title>Elfsight Instagram Feed Widget - Preise (kostenlose und Premium-Tarife)<\/title>\n<meta name=\"description\" content=\"Erstellen Sie Ihr mobilfreundliches Instagram-Widget f\u00fcr die Website zum niedrigsten Preis! Die Tarife auf Instagram-Feed reichen von kostenlos bis Premium.\" \/>\n<meta name=\"robots\" content=\"index, follow, max-snippet:-1, max-image-preview:large, max-video-preview:-1\" \/>\n<link rel=\"canonical\" href=\"https:\/\/elfsight.com\/de\/instagram-feed-instashow\/pricing\/\" \/>\n<meta property=\"og:locale\" content=\"de_DE\" \/>\n<meta property=\"og:type\" content=\"article\" \/>\n<meta property=\"og:title\" content=\"Elfsight Instagram Feed Widget - Preise (kostenlose und Premium-Tarife)\" \/>\n<meta property=\"og:description\" content=\"Erstellen Sie Ihr mobilfreundliches Instagram-Widget f\u00fcr die Website zum niedrigsten Preis! Die Tarife auf Instagram-Feed reichen von kostenlos bis Premium.\" \/>\n<meta property=\"og:url\" content=\"https:\/\/elfsight.com\/de\/instagram-feed-instashow\/pricing\/\" \/>\n<meta property=\"og:site_name\" content=\"Elfsight DE\" \/>\n<meta property=\"article:modified_time\" content=\"2023-06-15T12:11:48+00:00\" \/>\n<meta name=\"twitter:card\" content=\"summary_large_image\" \/>\n<meta name=\"twitter:label1\" content=\"Gesch\u00e4tzte Lesezeit\" \/>\n\t<meta name=\"twitter:data1\" content=\"2\u00a0Minuten\" \/>\n<!-- \/ Yoast SEO plugin. -->","yoast_head_json":{"title":"Elfsight Instagram Feed Widget - Preise (kostenlose und Premium-Tarife)","description":"Erstellen Sie Ihr mobilfreundliches Instagram-Widget f\u00fcr die Website zum niedrigsten Preis! Die Tarife auf Instagram-Feed reichen von kostenlos bis Premium.","robots":{"index":"index","follow":"follow","max-snippet":"max-snippet:-1","max-image-preview":"max-image-preview:large","max-video-preview":"max-video-preview:-1"},"canonical":"https:\/\/elfsight.com\/de\/instagram-feed-instashow\/pricing\/","og_locale":"de_DE","og_type":"article","og_title":"Elfsight Instagram Feed Widget - Preise (kostenlose und Premium-Tarife)","og_description":"Erstellen Sie Ihr mobilfreundliches Instagram-Widget f\u00fcr die Website zum niedrigsten Preis! Die Tarife auf Instagram-Feed reichen von kostenlos bis Premium.","og_url":"https:\/\/elfsight.com\/de\/instagram-feed-instashow\/pricing\/","og_site_name":"Elfsight DE","article_modified_time":"2023-06-15T12:11:48+00:00","twitter_card":"summary_large_image","twitter_misc":{"Gesch\u00e4tzte Lesezeit":"2\u00a0Minuten"},"schema":{"@context":"https:\/\/schema.org","@graph":[{"@type":"WebPage","@id":"https:\/\/elfsight.com\/de\/instagram-feed-instashow\/pricing\/","url":"https:\/\/elfsight.com\/de\/instagram-feed-instashow\/pricing\/","name":"Elfsight Instagram Feed Widget - Preise (kostenlose und Premium-Tarife)","isPartOf":{"@id":"https:\/\/elfsight.com\/de\/#website"},"datePublished":"2020-01-28T10:52:28+00:00","dateModified":"2023-06-15T12:11:48+00:00","description":"Erstellen Sie Ihr mobilfreundliches Instagram-Widget f\u00fcr die Website zum niedrigsten Preis! Die Tarife auf Instagram-Feed reichen von kostenlos bis Premium.","breadcrumb":{"@id":"https:\/\/elfsight.com\/de\/instagram-feed-instashow\/pricing\/#breadcrumb"},"inLanguage":"de","potentialAction":[{"@type":"ReadAction","target":["https:\/\/elfsight.com\/de\/instagram-feed-instashow\/pricing\/"]}]},{"@type":"BreadcrumbList","@id":"https:\/\/elfsight.com\/de\/instagram-feed-instashow\/pricing\/#breadcrumb","itemListElement":[{"@type":"ListItem","position":1,"name":"Home","item":"https:\/\/elfsight.com\/de\/"},{"@type":"ListItem","position":2,"name":"Instagram Feed","item":"https:\/\/elfsight.com\/de\/instagram-feed-instashow\/"},{"@type":"ListItem","position":3,"name":"Instagram Feed &#8211; Pricing"}]},{"@type":"WebSite","@id":"https:\/\/elfsight.com\/de\/#website","url":"https:\/\/elfsight.com\/de\/","name":"Elfsight DE","description":"Just another Elfsight Sites site","potentialAction":[{"@type":"SearchAction","target":{"@type":"EntryPoint","urlTemplate":"https:\/\/elfsight.com\/de\/?s={search_term_string}"},"query-input":{"@type":"PropertyValueSpecification","valueRequired":true,"valueName":"search_term_string"}}],"inLanguage":"de"}]}},"meta_box":{"industry":"","seo_heading":"","heading":"","description":"","cta_heading":"","cta_description":"","application":"14","h1":"Instagram Feed Plugin","h1_caption":"14 Tage Geld-zur\u00fcck-Garantie. Ohne Risiko.","application_category":[],"applications_title":"","applications_request_title":"","applications_request_button_text":"","hero_text":"","hero_video":"","hero_video_schema_markup":"","selling_points_title":"","selling_points_caption":"","selling_points":[],"selling_points_cta_text":"","features_title":"","features":"","ed_cta_examples_text":"","ed_cta_examples_hidden":"","ed_cta_demo_text":"","ed_cta_demo_hidden":"","why_caption":"","why_editor_title":"","why_editor_text":"","why_team_title":"","why_team_text":"","why_service_title":"","why_service_text":"","template_catalog_visible":"","template_catalog_title":"","template_catalog_text":"","template_catalog_categories_visible":"","demo_title":"","demo_caption":"","default_faq_hidden":"1","app_template_category":[],"platform":"","template_public_id":"","codecanyon_url":"","codecanyon_item_id":"","codecanyon_price":"","pricing_caption":"","pricing_elfsight_apps_hide_column":"","pricing_elfsight_apps_url":"","pricing_codecanyon_price_caption":"","integration_category":[],"integration_request_title":"","integration_request_cta":"","integration_platform":"","integrations":[],"platform_category":[],"video_schema_markup":"","price":"","trial":"","benefits":[],"button_url":"","button_target_blank":"","button_nofollow":"","attributes":[],"tags":[],"tags_disable_links":"","hide_more_platforms":"","video_object":"","demo_hide_cta":"","demo_hide_cloud_options":"","pricing_title":"","pricing":[],"related_apps_title":"","related_apps_hidden":"","author":"","image":[],"title":"","job":"","social_networks":[]},"_links":{"self":[{"href":"https:\/\/elfsight.com\/de\/wp-json\/wp\/v2\/pages\/45","targetHints":{"allow":["GET"]}}],"collection":[{"href":"https:\/\/elfsight.com\/de\/wp-json\/wp\/v2\/pages"}],"about":[{"href":"https:\/\/elfsight.com\/de\/wp-json\/wp\/v2\/types\/page"}],"author":[{"embeddable":true,"href":"https:\/\/elfsight.com\/de\/wp-json\/wp\/v2\/users\/11"}],"replies":[{"embeddable":true,"href":"https:\/\/elfsight.com\/de\/wp-json\/wp\/v2\/comments?post=45"}],"version-history":[{"count":7,"href":"https:\/\/elfsight.com\/de\/wp-json\/wp\/v2\/pages\/45\/revisions"}],"predecessor-version":[{"id":7107,"href":"https:\/\/elfsight.com\/de\/wp-json\/wp\/v2\/pages\/45\/revisions\/7107"}],"up":[{"embeddable":true,"href":"https:\/\/elfsight.com\/de\/wp-json\/wp\/v2\/pages\/29"}],"wp:attachment":[{"href":"https:\/\/elfsight.com\/de\/wp-json\/wp\/v2\/media?parent=45"}],"curies":[{"name":"wp","href":"https:\/\/api.w.org\/{rel}","templated":true}]}}