{"id":4495,"date":"1970-01-01T00:00:00","date_gmt":"1970-01-01T00:00:00","guid":{"rendered":"https:\/\/elfsight.com\/de\/?page_id=4495"},"modified":"2025-02-14T12:58:06","modified_gmt":"2025-02-14T12:58:06","slug":"wordpress","status":"publish","type":"page","link":"https:\/\/elfsight.com\/de\/podcast-player-widget\/wordpress\/","title":{"rendered":"Podcast Player &#8211; WordPress"},"content":{"rendered":"\n<div class=\"application-platform-content-item-description application-platform-content-item\" id=\"description\" data-nav-section=\"description\"> <h2>Podcast Player mit dem Elfsight-Widget in WordPress einbetten<\/h2> <p>Elfsight Podcast Player ist ein unkompliziertes Plugin f\u00fcr WordPress, mit dem Sie dies tun k\u00f6nnen Spielen Sie Podcasts direkt auf Ihrer Homepage ab. Das Widget ist enorm anpassbar: Sie k\u00f6nnen seine Platzierung \u00e4ndern, es an einer beliebigen Stelle auf der Seite platzieren, seine Gr\u00f6\u00dfe \u00e4ndern, den Hintergrund und alle anderen Teile neu einf\u00e4rben, um es mit dem Design Ihrer Website zu verschmelzen, ein dunkles Farbschema verwenden, Bilder anzeigen usw 3 weitere Spielerdetails wie Fortschrittsbalken und vieles mehr ein- oder ausblenden. Binden Sie Ihr Publikum ein, schalten Sie die Autoplay-Option ein und stellen Sie sicher, dass Ihr Publikum Ihre Webseite nicht so schnell verl\u00e4sst! <\/p> <p><b>Interessieren Sie Ihr Publikum, indem Sie ihm mit dem Elfsight Podcast Player wertvolle und interessante Materialien zur Verf\u00fcgung stellen<\/b><\/p> <\/div> <div class=\"application-platform-content-item-features application-platform-content-item\" id=\"features\" data-nav-section=\"features\"> <h2>Sie finden unten Grundfunktionen des Plugins: <\/h2> <ul><li>Zahlreiche Farb\u00e4nderungen. <\/li><li>2 gebrauchsfertige Layouts. <\/li><li>Eine Option zum Hinzuf\u00fcgen eines Hintergrundbilds. <\/li><li>Unendlich viele Titel. <\/li><li>Eine Option zum Entwerfen Ihres personalisierten Farbthemas. <\/li><\/ul><p><a href=\"#demo\">Probieren Sie alle Anpassungsoptionen in der Demo mit vollem Funktionsumfang aus<\/a><\/p> <\/div> <div class=\"application-platform-content-item-installation application-platform-content-item\" id=\"installation\" data-nav-section=\"installation\"> <h2>Wie bette ich den Podcast Player in meine WordPress-Webseite ein? <\/h2><div class=\"video-container\"><iframe width=\"560\" height=\"315\" src=\"https:\/\/www.youtube.com\/embed\/RIhbiXG4zYg?si=NYnC5LP74xtkz5yw\" frameborder=\"0\" allow=\"accelerometer; autoplay; clipboard-write; encrypted-media; gyroscope; picture-in-picture; web-share\" allowfullscreen><\/iframe><\/div><p>Erf\u00fcllen Sie einfach die folgenden Richtlinien, um mit der Arbeit mit dem Plugin zu beginnen. <\/p> <ol><li><b>F\u00fchren Sie unseren kostenlosen Konfigurator aus und beginnen Sie mit der Erstellung Ihres ma\u00dfgeschneiderten Plugins. <\/b><br> Finden Sie das ausgew\u00e4hlte Aussehen und die Eigenschaften des Plugins und speichern Sie alle \u00c4nderungen. <\/li> <li><b>Kopieren Sie Ihren individuellen Code, der in der Box auf Elfsight Apps angezeigt wird. <\/b><br> Direkt nachdem die Konfiguration Ihres pers\u00f6nlichen Plugins abgeschlossen ist, kopieren Sie Ihren Code in das erscheinende Feld und bewahren Sie ihn f\u00fcr einen sp\u00e4teren Bedarf auf. <\/li> <li><b>Beginnen Sie mit der Anwendung des Plugins auf der WordPress-Site. <\/b><br> F\u00fcgen Sie den zuvor kopierten Code in Ihre Seite ein und speichern Sie die Korrekturen. <\/li> <li><b>Fertig! Die Integration ist vollst\u00e4ndig abgeschlossen. <\/b><br> Besuchen Sie Ihre Website, um die Funktionsweise des Plugins zu beobachten. <\/li><\/ol><p>Scheuen Sie sich nicht, sich an unser Support-Team zu wenden, wenn Sie Fragen haben oder Probleme auftreten. Unsere Berater sind bestrebt, alle Schwierigkeiten zu l\u00f6sen, die Sie mit dem Tool haben k\u00f6nnten. <\/p> <div class=\"faq\" data-component=\"FAQ\"><div class=\"faq-item\">\r\n\t\t\t\t\t<div class=\"faq-item-question\">\r\n\t\t\t\t\t\t<h3 class=\"faq-item-question-text\">Wie kann ich ohne Programmierkenntnisse ein Podcast-Player-Plugin f\u00fcr WordPress in meine Website einbetten?<\/h3>\r\n\r\n\t\t\t\t\t\t<div class=\"faq-item-question-icon\"><\/div>\r\n\t\t\t\t\t<\/div>\r\n\r\n\t\t\t\t\t<div class=\"faq-item-answer\">\r\n\t\t\t\t\t\t<div class=\"faq-item-answer-text\"><p>Elfsight bietet eine cloudbasierte L\u00f6sung, mit der Benutzer ein Podcast-Player-Plugin erstellen k\u00f6nnen f\u00fcr WordPress selbst. Sehen Sie, wie einfach der Prozess ist:<\/p><ul><li>Greifen Sie auf den Online-Editor zu, um ein Podcast-Player-Plugin f\u00fcr den WordPress-Bereich zu erstellen, den Sie in Ihre Website integrieren m\u00f6chten.<\/li><li>W\u00e4hlen Sie einen davon aus Nutzen Sie unsere vorgefertigten Vorlagen und passen Sie das Podcast Player-Plugin f\u00fcr WordPress-Einstellungen an, \u00e4ndern Sie das Layout und das Farbschema und f\u00fcgen Sie Ihre Inhalte ein, ohne dass eine Codierung erforderlich ist.<\/li><li>Speichern Sie die Einstellungen, die Sie f\u00fcr das Podcast Player-Plugin konfiguriert haben f\u00fcr WordPress und erhalten Sie den Code zum Einbetten des Plugins, das m\u00fchelos und kostenlos in Ihre Website eingef\u00fcgt werden kann.<\/li><\/ul><p>Durch die Arbeit im benutzerfreundlichen Editor kann jeder Internetnutzer einen Podcast erstellen Sie k\u00f6nnen den Abschnitt \u201ePlayer-Plugin f\u00fcr WordPress\u201c herunterladen und in die Website einbetten. F\u00fcr den Zugriff auf den Elfsight-Editor ist keine Zahlung oder Offenlegung Ihrer Karteninformationen erforderlich. Sollten Sie zu irgendeinem Zeitpunkt auf Schwierigkeiten sto\u00dfen, wenden Sie sich bitte an unseren Kundensupport.<\/p><\/div>\r\n\t\t\t\t\t<\/div>\r\n\t\t\t\t<\/div><\/div><\/div>\n","protected":false},"excerpt":{"rendered":"","protected":false},"author":9,"featured_media":0,"parent":2321,"menu_order":0,"comment_status":"closed","ping_status":"closed","template":"templates\/template-application-platform.php","meta":{"publish_to_discourse":"","publish_post_category":"","wpdc_auto_publish_overridden":"","wpdc_topic_tags":"","wpdc_pin_topic":"","wpdc_pin_until":"","discourse_post_id":"","discourse_permalink":"","wpdc_publishing_response":"","wpdc_publishing_error":"","footnotes":""},"class_list":["post-4495","page","type-page","status-publish","hentry"],"yoast_head":"<!-- This site is optimized with the Yoast SEO plugin v25.3.1 - https:\/\/yoast.com\/wordpress\/plugins\/seo\/ -->\n<title>Elfsight Podcast Player f\u00fcr WordPress-Website (einfach und schnell)<\/title>\n<meta name=\"description\" content=\"Integrieren Sie einen responsiven Podcast-Player auf Ihrer WordPress-Seite. Implementieren Sie unsere Demo und erstellen Sie mit einem Klick Ihr individuelles Plugin!\" \/>\n<meta name=\"robots\" content=\"index, follow, max-snippet:-1, max-image-preview:large, max-video-preview:-1\" \/>\n<link rel=\"canonical\" href=\"https:\/\/elfsight.com\/de\/podcast-player-widget\/wordpress\/\" \/>\n<meta property=\"og:locale\" content=\"de_DE\" \/>\n<meta property=\"og:type\" content=\"article\" \/>\n<meta property=\"og:title\" content=\"Elfsight Podcast Player f\u00fcr WordPress-Website (einfach und schnell)\" \/>\n<meta property=\"og:description\" content=\"Integrieren Sie einen responsiven Podcast-Player auf Ihrer WordPress-Seite. Implementieren Sie unsere Demo und erstellen Sie mit einem Klick Ihr individuelles Plugin!\" \/>\n<meta property=\"og:url\" content=\"https:\/\/elfsight.com\/de\/podcast-player-widget\/wordpress\/\" \/>\n<meta property=\"og:site_name\" content=\"Elfsight DE\" \/>\n<meta property=\"article:modified_time\" content=\"2025-02-14T12:58:06+00:00\" \/>\n<meta name=\"twitter:card\" content=\"summary_large_image\" \/>\n<meta name=\"twitter:label1\" content=\"Gesch\u00e4tzte Lesezeit\" \/>\n\t<meta name=\"twitter:data1\" content=\"3\u00a0Minuten\" \/>\n<!-- \/ Yoast SEO plugin. -->","yoast_head_json":{"title":"Elfsight Podcast Player f\u00fcr WordPress-Website (einfach und schnell)","description":"Integrieren Sie einen responsiven Podcast-Player auf Ihrer WordPress-Seite. Implementieren Sie unsere Demo und erstellen Sie mit einem Klick Ihr individuelles Plugin!","robots":{"index":"index","follow":"follow","max-snippet":"max-snippet:-1","max-image-preview":"max-image-preview:large","max-video-preview":"max-video-preview:-1"},"canonical":"https:\/\/elfsight.com\/de\/podcast-player-widget\/wordpress\/","og_locale":"de_DE","og_type":"article","og_title":"Elfsight Podcast Player f\u00fcr WordPress-Website (einfach und schnell)","og_description":"Integrieren Sie einen responsiven Podcast-Player auf Ihrer WordPress-Seite. Implementieren Sie unsere Demo und erstellen Sie mit einem Klick Ihr individuelles Plugin!","og_url":"https:\/\/elfsight.com\/de\/podcast-player-widget\/wordpress\/","og_site_name":"Elfsight DE","article_modified_time":"2025-02-14T12:58:06+00:00","twitter_card":"summary_large_image","twitter_misc":{"Gesch\u00e4tzte Lesezeit":"3\u00a0Minuten"},"schema":{"@context":"https:\/\/schema.org","@graph":[{"@type":"WebPage","@id":"https:\/\/elfsight.com\/de\/podcast-player-widget\/wordpress\/","url":"https:\/\/elfsight.com\/de\/podcast-player-widget\/wordpress\/","name":"Elfsight Podcast Player f\u00fcr WordPress-Website (einfach und schnell)","isPartOf":{"@id":"https:\/\/elfsight.com\/de\/#website"},"datePublished":"1970-01-01T00:00:00+00:00","dateModified":"2025-02-14T12:58:06+00:00","description":"Integrieren Sie einen responsiven Podcast-Player auf Ihrer WordPress-Seite. Implementieren Sie unsere Demo und erstellen Sie mit einem Klick Ihr individuelles Plugin!","breadcrumb":{"@id":"https:\/\/elfsight.com\/de\/podcast-player-widget\/wordpress\/#breadcrumb"},"inLanguage":"de","potentialAction":[{"@type":"ReadAction","target":["https:\/\/elfsight.com\/de\/podcast-player-widget\/wordpress\/"]}]},{"@type":"BreadcrumbList","@id":"https:\/\/elfsight.com\/de\/podcast-player-widget\/wordpress\/#breadcrumb","itemListElement":[{"@type":"ListItem","position":1,"name":"Home","item":"https:\/\/elfsight.com\/de\/"},{"@type":"ListItem","position":2,"name":"Podcast Player","item":"https:\/\/elfsight.com\/de\/podcast-player-widget\/"},{"@type":"ListItem","position":3,"name":"Podcast Player &#8211; WordPress"}]},{"@type":"WebSite","@id":"https:\/\/elfsight.com\/de\/#website","url":"https:\/\/elfsight.com\/de\/","name":"Elfsight DE","description":"Just another Elfsight Sites site","potentialAction":[{"@type":"SearchAction","target":{"@type":"EntryPoint","urlTemplate":"https:\/\/elfsight.com\/de\/?s={search_term_string}"},"query-input":{"@type":"PropertyValueSpecification","valueRequired":true,"valueName":"search_term_string"}}],"inLanguage":"de"}]}},"meta_box":{"industry":"","seo_heading":"","heading":"","description":"","cta_heading":"","cta_description":"","application":"508","h1":"WordPress Podcast Player-Plugin","h1_caption":"Bieten Sie Ihrem Publikum ein neues Erlebnis und gewinnen Sie m\u00fchelos treue Kunden","application_category":[],"applications_title":"","applications_request_title":"","applications_request_button_text":"","hero_text":"","hero_video":"","hero_video_schema_markup":"","selling_points_title":"","selling_points_caption":"","selling_points":[],"selling_points_cta_text":"","features_title":"","features":"","ed_cta_examples_text":"","ed_cta_examples_hidden":"","ed_cta_demo_text":"","ed_cta_demo_hidden":"","why_caption":"","why_editor_title":"","why_editor_text":"","why_team_title":"","why_team_text":"","why_service_title":"","why_service_text":"","template_catalog_visible":"0","template_catalog_title":"","template_catalog_text":"","template_catalog_categories_visible":"","demo_title":"Erstellen Sie Ihr Podcast-Player-Plugin","demo_caption":"Konfigurieren Sie Ihren Podcast-Player und f\u00fcgen Sie ihn kostenlos zu Ihrer WordPress-Website hinzu!","default_faq_hidden":"","app_template_category":[],"platform":"266","template_public_id":"","codecanyon_url":"","codecanyon_item_id":"","codecanyon_price":"","pricing_caption":"","pricing_elfsight_apps_hide_column":"","pricing_elfsight_apps_url":"","pricing_codecanyon_price_caption":"","integration_category":[],"integration_request_title":"","integration_request_cta":"","integration_platform":"","integrations":[],"platform_category":[],"video_schema_markup":"","price":"ab 0 $ \/ Monat","trial":"","benefits":[{"text":"Kostenlose Installationsunterst\u00fctzung"},{"text":"Premium-Support"},{"text":"14-t\u00e4gige R\u00fcckerstattungsgarantie"},{"text":"Zuk\u00fcnftige kostenlose Verbesserungen"}],"button_url":"#demo","button_target_blank":"0","button_nofollow":"0","attributes":[{"name":"Installiert","content":"10,000 - 100,000","_state":"expanded"},{"name":"Reaktionsfreudig","content":"Ja","_state":"expanded"},{"name":"Kompatible Browser","content":"Firefox, Safari, Opera, Chrome, Edge"}],"tags":[],"tags_disable_links":"0","hide_more_platforms":"0","video_object":"{\r\n  \"@context\": \"http:\/\/schema.org\",\r\n  \"@type\": \"VideoObject\",\r\n  \"name\": \"How to Add Podcast Player Plugin to WordPress (2021)\",\r\n  \"description\": \"Make use of our manageable demo and integrate a responsive Podcast Player on your WordPress web page. Implement our handy demo and create your customized plugin in a click!\",\r\n  \"thumbnailUrl\": \"https:\/\/i.ytimg.com\/vi\/RIhbiXG4zYg\/default.jpg\",\r\n  \"uploadDate\": \"2021-03-05T08:31:31Z\",\r\n  \"duration\": \"PT2M32S\",\r\n  \"embedUrl\": \"https:\/\/www.youtube.com\/embed\/RIhbiXG4zYg\",\r\n  \"interactionCount\": \"1\"\r\n}","demo_hide_cta":"0","demo_hide_cloud_options":"0","pricing_title":"","pricing":[{"pricing_icon":"platform","pricing_title":"Elfsight Apps","pricing_title_caption":"Plattform\u00fcbergreifende digitale L\u00f6sung","pricing_price":"ab 0 $ \/ Monat","pricing_price_caption":"Beginnen Sie mit einem kostenlosen Plan","pricing_benefits":[{"text":"Unbegrenzte Websites"},{"text":"Schnelle Unterst\u00fctzung"},{"text":"Kostenlose Installationsunterst\u00fctzung"},{"text":"Tolles Angebot f\u00fcr mehrere Apps"}],"pricing_button_text":"Zur Website hinzuf\u00fcgen","pricing_button_url":"#demo","_state":"expanded"}],"related_apps_title":"","related_apps_hidden":"1","author":"","image":[],"title":"","job":"","social_networks":[]},"_links":{"self":[{"href":"https:\/\/elfsight.com\/de\/wp-json\/wp\/v2\/pages\/4495","targetHints":{"allow":["GET"]}}],"collection":[{"href":"https:\/\/elfsight.com\/de\/wp-json\/wp\/v2\/pages"}],"about":[{"href":"https:\/\/elfsight.com\/de\/wp-json\/wp\/v2\/types\/page"}],"author":[{"embeddable":true,"href":"https:\/\/elfsight.com\/de\/wp-json\/wp\/v2\/users\/9"}],"replies":[{"embeddable":true,"href":"https:\/\/elfsight.com\/de\/wp-json\/wp\/v2\/comments?post=4495"}],"version-history":[{"count":9,"href":"https:\/\/elfsight.com\/de\/wp-json\/wp\/v2\/pages\/4495\/revisions"}],"predecessor-version":[{"id":24200,"href":"https:\/\/elfsight.com\/de\/wp-json\/wp\/v2\/pages\/4495\/revisions\/24200"}],"up":[{"embeddable":true,"href":"https:\/\/elfsight.com\/de\/wp-json\/wp\/v2\/pages\/2321"}],"wp:attachment":[{"href":"https:\/\/elfsight.com\/de\/wp-json\/wp\/v2\/media?parent=4495"}],"curies":[{"name":"wp","href":"https:\/\/api.w.org\/{rel}","templated":true}]}}