{"id":4490,"date":"1970-01-01T00:00:00","date_gmt":"1970-01-01T00:00:00","guid":{"rendered":"https:\/\/elfsight.com\/de\/?page_id=4490"},"modified":"2025-02-20T08:38:06","modified_gmt":"2025-02-20T08:38:06","slug":"wordpress","status":"publish","type":"page","link":"https:\/\/elfsight.com\/de\/paypal-button-widget-generator\/wordpress\/","title":{"rendered":"PayPal Button &#8211; WordPress"},"content":{"rendered":"\n<div class=\"application-platform-content-item-description application-platform-content-item\" id=\"description\" data-nav-section=\"description\"><h2>Betten Sie den PayPal-Button in WordPress mit dem Elfsight-Widget ein<\/h2><p>Betten Sie ein bew\u00e4hrtes und einfaches Zahlungsinstrument auf Ihrer Website ein. Mit dem PayPal-Plugin von Elfsight k\u00f6nnen Sie Einzelzahlungen, wiederkehrende Abonnements und Spenden von Kunden verarbeiten. Entwerfen Sie Ihren individuellen Button, w\u00e4hlen Sie die Zahlungsart, die W\u00e4hrung, die Lokalisierung und ver\u00e4ndern Sie das Erscheinungsbild, um ihn einzigartig zu machen. Ihre Kunden profitieren von einem schnellen und bequemen Bezahlvorgang auf Ihrer Website mit Hilfe des PayPal-Buttons.<\/p><p><b>Nutzen Sie alle Vorteile von PayPal f\u00fcr Ihre Kunden und sich selbst!<\/b><\/p> <p><b>Ein effektives Zahlungstool auf Ihrer Website ohne Programmieraufwand im Handumdrehen<\/b>.<br>F\u00fcr Online-K\u00e4ufer bedeutet eine praktische und sichere Zahlungsmethode sehr viel. Erstellen Sie mit Elfsight Ihren Button f\u00fcr PayPal und Sie werden einen zuverl\u00e4ssigen und schnellen Zahlungsvorgang f\u00fcr Ihre Kunden einrichten. Kein Programmieren, kein Aufwand.<\/p><p><b>Ein universelles Instrument zur Abwicklung von Zahlungen, Abonnements und Spenden<\/b>.<br>Erm\u00f6glichen Sie Ihren Benutzern das Auschecken, Abonnieren und Spenden. All dies ist in einer einzigen L\u00f6sung von Elfsight verf\u00fcgbar, die Ihnen hilft, Geld und Zeit zu sparen.<\/p><p><b>Eine der seri\u00f6sesten und am weitesten verbreiteten Zahlungsvarianten auf Ihrer Website<\/b>.<br>Machen Sie Ihre Website f\u00fcr Ihre Kunden wirklich komfortabel, um mehr Verk\u00e4ufe anzulocken. Erm\u00f6glichen Sie Benutzern die Durchf\u00fchrung von Zahlungen \u00fcber ein beliebtes und zuverl\u00e4ssiges Instrument auf Ihrer Website und zeigen Sie ihnen, dass Ihr Unternehmen vertrauensw\u00fcrdig ist.<\/p><\/div><div class=\"application-platform-content-item-features application-platform-content-item\" id=\"features\" data-nav-section=\"features\"><h2>Hauptfunktionen des PayPal-Button-Widgets<\/h2><p>\u00dcberpr\u00fcfen Sie die Funktionen, die unser Widget zu einem der besten f\u00fcr Website-Zahlungen machen:<\/p><ul><li>Festlegen der Lokalisierung Ihrer Schaltfl\u00e4che aus der vordefinierten L\u00e4nderliste;<\/li><li> Option zum Festlegen des Versandpreises;<\/li><li>Responsive Gr\u00f6\u00dfe f\u00fcr optimales Aussehen auf jedem Ger\u00e4t;<\/li><li>Auswahl der Schaltfl\u00e4chenfarbe;<\/li><li>PayPal-Logotext anzeigen oder ausblenden.<\/li><\/ul><\/div><div class=\"application-platform-content-item-installation application-platform-content-item\" id=\"installation\" data-nav-section=\"installation\"><h2>So f\u00fcgen Sie das PayPal-Button-Plugin zur WordPress-Website hinzu<\/h2><div class=\"video-container\"><iframe width=\"560\" height=\"315\" src=\"https:\/\/www.youtube.com\/embed\/AqVDLoeIajA?si=COyoA9o02xDFucVL\" frameborder=\"0\" allow=\"accelerometer; autoplay; clipboard-write; encrypted-media; gyroscope; picture-in-picture; web-share\" allowfullscreen><\/iframe><\/div><p>F\u00fchren Sie einfach die dargestellten Schritte aus Unten erfahren Sie, wie Sie mit dem Plugin auf WordPress arbeiten k\u00f6nnen.<\/p> <ol><li><b>Starten Sie unseren kostenlosen Editor und beginnen Sie mit der Gestaltung Ihres ma\u00dfgeschneiderten Instruments. <\/b><br> Bestimmen Sie das individuelle Aussehen und die Eigenschaften des Widgets und speichern Sie die Korrekturen. <\/li> <li><b>Erhalten Sie den individuellen Code, der im Fenster von Elfsight Apps angezeigt wird. <\/b><br> Nachdem Sie Ihr pers\u00f6nliches PayPal-Button-Plugin eingerichtet haben, kopieren Sie den individuellen Code aus der entstandenen Box und bewahren Sie ihn f\u00fcr die weitere Verwendung auf. <\/li> <li><b>Initiieren Sie den Einsatz des Tools auf Ihrer WordPress-Website. <\/b><br> Integrieren Sie den zuvor kopierten Code in Ihre Website und wenden Sie die Verbesserungen an. <\/li> <li><b>Die Installation ist vollst\u00e4ndig durchgef\u00fchrt. <\/b><br> Besuchen Sie Ihre Website, um zu sehen, wie das Widget funktioniert. <\/li><\/ol><p>Sie haben es nicht geschafft, das PayPal-Widget auf Ihrer Website zu erstellen oder hinzuzuf\u00fcgen? Wenden Sie sich an unser Support-Center.<\/p><\/div><div class=\"faq\" data-component=\"FAQ\"><div class=\"faq-item\">\r\n\t\t\t\t\t<div class=\"faq-item-question\">\r\n\t\t\t\t\t\t<h3 class=\"faq-item-question-text\">Wie kann ich einen PayPal-Button in mein WordPress einbetten? <\/h3>\r\n\r\n\t\t\t\t\t\t<div class=\"faq-item-question-icon\"><\/div>\r\n\t\t\t\t\t<\/div>\r\n\r\n\t\t\t\t\t<div class=\"faq-item-answer\">\r\n\t\t\t\t\t\t<div class=\"faq-item-answer-text\"><p>Der Aufbau von Das Tool findet auf der Elfsight-Website statt und Sie m\u00fcssen nicht programmieren. Nutzen Sie unsere aktive Demo, um Ihr pers\u00f6nliches Widget zu personalisieren, den Code zu erwerben und ihn auf Ihrer Website zu implementieren. <\/p><\/div>\r\n\t\t\t\t\t<\/div>\r\n\t\t\t\t<\/div><div class=\"faq-item\">\r\n\t\t\t\t\t<div class=\"faq-item-question\">\r\n\t\t\t\t\t\t<h3 class=\"faq-item-question-text\">Die besten Anwendungsbeispiele der PayPal-Integration<\/h3>\r\n\r\n\t\t\t\t\t\t<div class=\"faq-item-question-icon\"><\/div>\r\n\t\t\t\t\t<\/div>\r\n\r\n\t\t\t\t\t<div class=\"faq-item-answer\">\r\n\t\t\t\t\t\t<div class=\"faq-item-answer-text\"><p>Wir gew\u00e4hren Ihnen vielf\u00e4ltige Anpassungsm\u00f6glichkeiten: vollwertige Widgets zum Einf\u00fcgen in den Content-Bereich , schwebende Widgets f\u00fcr Scrollm\u00f6glichkeiten, Layouts f\u00fcr die Fu\u00dfzeile Ihrer Website, den Kopfbereich und alle Variationen vertikaler M\u00f6glichkeiten f\u00fcr Seitenleisten und Men\u00fcs. <\/p><\/div>\r\n\t\t\t\t\t<\/div>\r\n\t\t\t\t<\/div><div class=\"faq-item\">\r\n\t\t\t\t\t<div class=\"faq-item-question\">\r\n\t\t\t\t\t\t<h3 class=\"faq-item-question-text\">Darf ich \u00fcber die Agentur Ihres Redakteurs einen Checkout- oder Spende-PayPal-Button erstellen? <\/h3>\r\n\r\n\t\t\t\t\t\t<div class=\"faq-item-question-icon\"><\/div>\r\n\t\t\t\t\t<\/div>\r\n\r\n\t\t\t\t\t<div class=\"faq-item-answer\">\r\n\t\t\t\t\t\t<div class=\"faq-item-answer-text\"><p>Es steht Ihnen frei, die Variationen jedes Widgets zu gestalten. Im Editor steht eine gro\u00dfe Auswahl an Layouts zur Verf\u00fcgung, die alle schnell an Ihre Bed\u00fcrfnisse angepasst werden k\u00f6nnen. <\/p><\/div>\r\n\t\t\t\t\t<\/div>\r\n\t\t\t\t<\/div><\/div>\n\n\n\n<p><\/p>\n","protected":false},"excerpt":{"rendered":"","protected":false},"author":9,"featured_media":0,"parent":1132,"menu_order":0,"comment_status":"closed","ping_status":"closed","template":"templates\/template-application-platform.php","meta":{"publish_to_discourse":"","publish_post_category":"","wpdc_auto_publish_overridden":"","wpdc_topic_tags":"","wpdc_pin_topic":"","wpdc_pin_until":"","discourse_post_id":"","discourse_permalink":"","wpdc_publishing_response":"","wpdc_publishing_error":"","footnotes":""},"class_list":["post-4490","page","type-page","status-publish","hentry"],"yoast_head":"<!-- This site is optimized with the Yoast SEO plugin v25.3.1 - https:\/\/yoast.com\/wordpress\/plugins\/seo\/ -->\n<title>WordPress-PayPal-Button \u2013 PayPal-Plugin zur WordPress-Website hinzuf\u00fcgen<\/title>\n<meta name=\"description\" content=\"Erstellen Sie Ihr PayPal-Button-Plugin (Spende, Abonnement oder Zahlung) f\u00fcr WordPress. Hilfe bei der Installation und andere Boni von Elfsight!\" \/>\n<meta name=\"robots\" content=\"index, follow, max-snippet:-1, max-image-preview:large, max-video-preview:-1\" \/>\n<link rel=\"canonical\" href=\"https:\/\/elfsight.com\/de\/paypal-button-widget-generator\/wordpress\/\" \/>\n<meta property=\"og:locale\" content=\"de_DE\" \/>\n<meta property=\"og:type\" content=\"article\" \/>\n<meta property=\"og:title\" content=\"WordPress-PayPal-Button \u2013 PayPal-Plugin zur WordPress-Website hinzuf\u00fcgen\" \/>\n<meta property=\"og:description\" content=\"Erstellen Sie Ihr PayPal-Button-Plugin (Spende, Abonnement oder Zahlung) f\u00fcr WordPress. Hilfe bei der Installation und andere Boni von Elfsight!\" \/>\n<meta property=\"og:url\" content=\"https:\/\/elfsight.com\/de\/paypal-button-widget-generator\/wordpress\/\" \/>\n<meta property=\"og:site_name\" content=\"Elfsight DE\" \/>\n<meta property=\"article:modified_time\" content=\"2025-02-20T08:38:06+00:00\" \/>\n<meta name=\"twitter:card\" content=\"summary_large_image\" \/>\n<meta name=\"twitter:label1\" content=\"Gesch\u00e4tzte Lesezeit\" \/>\n\t<meta name=\"twitter:data1\" content=\"4\u00a0Minuten\" \/>\n<!-- \/ Yoast SEO plugin. -->","yoast_head_json":{"title":"WordPress-PayPal-Button \u2013 PayPal-Plugin zur WordPress-Website hinzuf\u00fcgen","description":"Erstellen Sie Ihr PayPal-Button-Plugin (Spende, Abonnement oder Zahlung) f\u00fcr WordPress. Hilfe bei der Installation und andere Boni von Elfsight!","robots":{"index":"index","follow":"follow","max-snippet":"max-snippet:-1","max-image-preview":"max-image-preview:large","max-video-preview":"max-video-preview:-1"},"canonical":"https:\/\/elfsight.com\/de\/paypal-button-widget-generator\/wordpress\/","og_locale":"de_DE","og_type":"article","og_title":"WordPress-PayPal-Button \u2013 PayPal-Plugin zur WordPress-Website hinzuf\u00fcgen","og_description":"Erstellen Sie Ihr PayPal-Button-Plugin (Spende, Abonnement oder Zahlung) f\u00fcr WordPress. Hilfe bei der Installation und andere Boni von Elfsight!","og_url":"https:\/\/elfsight.com\/de\/paypal-button-widget-generator\/wordpress\/","og_site_name":"Elfsight DE","article_modified_time":"2025-02-20T08:38:06+00:00","twitter_card":"summary_large_image","twitter_misc":{"Gesch\u00e4tzte Lesezeit":"4\u00a0Minuten"},"schema":{"@context":"https:\/\/schema.org","@graph":[{"@type":"WebPage","@id":"https:\/\/elfsight.com\/de\/paypal-button-widget-generator\/wordpress\/","url":"https:\/\/elfsight.com\/de\/paypal-button-widget-generator\/wordpress\/","name":"WordPress-PayPal-Button \u2013 PayPal-Plugin zur WordPress-Website hinzuf\u00fcgen","isPartOf":{"@id":"https:\/\/elfsight.com\/de\/#website"},"datePublished":"1970-01-01T00:00:00+00:00","dateModified":"2025-02-20T08:38:06+00:00","description":"Erstellen Sie Ihr PayPal-Button-Plugin (Spende, Abonnement oder Zahlung) f\u00fcr WordPress. Hilfe bei der Installation und andere Boni von Elfsight!","breadcrumb":{"@id":"https:\/\/elfsight.com\/de\/paypal-button-widget-generator\/wordpress\/#breadcrumb"},"inLanguage":"de","potentialAction":[{"@type":"ReadAction","target":["https:\/\/elfsight.com\/de\/paypal-button-widget-generator\/wordpress\/"]}]},{"@type":"BreadcrumbList","@id":"https:\/\/elfsight.com\/de\/paypal-button-widget-generator\/wordpress\/#breadcrumb","itemListElement":[{"@type":"ListItem","position":1,"name":"Home","item":"https:\/\/elfsight.com\/de\/"},{"@type":"ListItem","position":2,"name":"PayPal Button","item":"https:\/\/elfsight.com\/de\/paypal-button-widget-generator\/"},{"@type":"ListItem","position":3,"name":"PayPal Button &#8211; WordPress"}]},{"@type":"WebSite","@id":"https:\/\/elfsight.com\/de\/#website","url":"https:\/\/elfsight.com\/de\/","name":"Elfsight DE","description":"Just another Elfsight Sites site","potentialAction":[{"@type":"SearchAction","target":{"@type":"EntryPoint","urlTemplate":"https:\/\/elfsight.com\/de\/?s={search_term_string}"},"query-input":{"@type":"PropertyValueSpecification","valueRequired":true,"valueName":"search_term_string"}}],"inLanguage":"de"}]}},"meta_box":{"industry":"","seo_heading":"","heading":"","description":"","cta_heading":"","cta_description":"","application":"473","h1":"WordPress-PayPal-Button-Plugin","h1_caption":"F\u00fchren Sie eine der vertrauensw\u00fcrdigsten Zahlungsmethoden auf Ihrer Website ein","application_category":[],"applications_title":"","applications_request_title":"","applications_request_button_text":"","hero_text":"","hero_video":"","hero_video_schema_markup":"","selling_points_title":"","selling_points_caption":"","selling_points":[],"selling_points_cta_text":"","features_title":"","features":"","ed_cta_examples_text":"","ed_cta_examples_hidden":"","ed_cta_demo_text":"","ed_cta_demo_hidden":"","why_caption":"","why_editor_title":"","why_editor_text":"","why_team_title":"","why_team_text":"","why_service_title":"","why_service_text":"","template_catalog_visible":"0","template_catalog_title":"","template_catalog_text":"","template_catalog_categories_visible":"","demo_title":"Erstellen Sie Ihr PayPal-Button-Plugin","demo_caption":"Konfigurieren Sie Ihren PayPal-Button und f\u00fcgen Sie ihn kostenlos zu Ihrer WordPress-Website hinzu!","default_faq_hidden":"","app_template_category":[],"platform":"266","template_public_id":"","codecanyon_url":"","codecanyon_item_id":"","codecanyon_price":"","pricing_caption":"","pricing_elfsight_apps_hide_column":"","pricing_elfsight_apps_url":"","pricing_codecanyon_price_caption":"","integration_category":[],"integration_request_title":"","integration_request_cta":"","integration_platform":"","integrations":[],"platform_category":[],"video_schema_markup":"","price":"ab 0 $ \/ Monat","trial":"","benefits":[{"text":"Kostenloser Installationsservice"},{"text":"Erfahrener Kundensupport"},{"text":"14-t\u00e4gige R\u00fcckerstattungsgarantie"},{"text":"Fortlaufende Entwicklung"}],"button_url":"#demo","button_target_blank":"0","button_nofollow":"0","attributes":[{"name":"Installiert","content":"10,000 - 100,000","_state":"expanded"},{"name":"Reaktionsfreudig","content":"Ja","_state":"expanded"},{"name":"Kompatible Browser","content":"Firefox, Safari, Opera, Chrome, Edge"}],"tags":[],"tags_disable_links":"0","hide_more_platforms":"0","video_object":"{\r\n  \"@context\": \"http:\/\/schema.org\",\r\n  \"@type\": \"VideoObject\",\r\n  \"name\": \"How to Add PayPal Button to WordPress (2021)\",\r\n  \"description\": \"Create your PayPal Button (donation, subscription or payment) plugin for WordPress. Help with installation and other bonuses from Elfsight!\",\r\n  \"thumbnailUrl\": \"https:\/\/i.ytimg.com\/vi\/AqVDLoeIajA\/default.jpg\",\r\n  \"uploadDate\": \"2020-12-21T09:26:08Z\",\r\n  \"duration\": \"PT2M30S\",\r\n  \"embedUrl\": \"https:\/\/www.youtube.com\/embed\/AqVDLoeIajA\",\r\n  \"interactionCount\": \"2\"\r\n}","demo_hide_cta":"0","demo_hide_cloud_options":"0","pricing_title":"","pricing":[{"pricing_icon":"platform","pricing_title":"Elfsight Apps","pricing_title_caption":"Plattformunabh\u00e4ngige Software, die auf jeder Website funktioniert","pricing_price":"ab 0 $ \/ Monat","pricing_price_caption":"Beginnen Sie mit einem kostenlosen Plan","pricing_benefits":[{"text":"Unbegrenzte Websites"},{"text":"Professionelle Unternehmensunterst\u00fctzung"},{"text":"Kostenlose Installationsunterst\u00fctzung"},{"text":"Zeitlich begrenztes Angebot f\u00fcr mehrere Apps"}],"pricing_button_text":"Zur Website hinzuf\u00fcgen","pricing_button_url":"#demo","_state":"expanded"}],"related_apps_title":"","related_apps_hidden":"1","author":"","image":[],"title":"","job":"","social_networks":[]},"_links":{"self":[{"href":"https:\/\/elfsight.com\/de\/wp-json\/wp\/v2\/pages\/4490","targetHints":{"allow":["GET"]}}],"collection":[{"href":"https:\/\/elfsight.com\/de\/wp-json\/wp\/v2\/pages"}],"about":[{"href":"https:\/\/elfsight.com\/de\/wp-json\/wp\/v2\/types\/page"}],"author":[{"embeddable":true,"href":"https:\/\/elfsight.com\/de\/wp-json\/wp\/v2\/users\/9"}],"replies":[{"embeddable":true,"href":"https:\/\/elfsight.com\/de\/wp-json\/wp\/v2\/comments?post=4490"}],"version-history":[{"count":7,"href":"https:\/\/elfsight.com\/de\/wp-json\/wp\/v2\/pages\/4490\/revisions"}],"predecessor-version":[{"id":24487,"href":"https:\/\/elfsight.com\/de\/wp-json\/wp\/v2\/pages\/4490\/revisions\/24487"}],"up":[{"embeddable":true,"href":"https:\/\/elfsight.com\/de\/wp-json\/wp\/v2\/pages\/1132"}],"wp:attachment":[{"href":"https:\/\/elfsight.com\/de\/wp-json\/wp\/v2\/media?parent=4490"}],"curies":[{"name":"wp","href":"https:\/\/api.w.org\/{rel}","templated":true}]}}