{"id":4486,"date":"2024-05-03T06:38:55","date_gmt":"2024-05-03T06:38:55","guid":{"rendered":"https:\/\/elfsight.com\/de\/?page_id=4486"},"modified":"2026-01-14T12:42:07","modified_gmt":"2026-01-14T12:42:07","slug":"wordpress","status":"publish","type":"page","link":"https:\/\/elfsight.com\/de\/google-maps-widget\/wordpress\/","title":{"rendered":"Google Maps &#8211; WordPress"},"content":{"rendered":"\n<div class=\"application-platform-content-item-description application-platform-content-item\" id=\"description\" data-nav-section=\"description\"><h2>Einbetten von Google Maps in WordPress mit dem Elfsight-Widget<\/h2>Ein unkompliziertes Setup und eine vollst\u00e4ndig anpassbare Benutzeroberfl\u00e4che machen es zu einem der besten Plugins f\u00fcr Leiten Sie Kunden zu Ihren Standorten. Es tr\u00e4gt dazu bei, neue Offline-Kunden zu gewinnen, n\u00e4her an Ihr Publikum heranzukommen und dar\u00fcber hinaus bietet es die einfachste Integration mit Ihrer Website. <b>Machen Sie mehr Offline-Kunden dank intelligenter Karten auf Ihrer Website!<\/b><ul> <li><b>Gehen Sie n\u00e4her an die Nutzer heran<\/b>. F\u00fcgen Sie Ihre Kontaktinformationen hinzu, mit denen Besucher Ihnen schreiben oder Sie sowohl in der Realit\u00e4t als auch online suchen k\u00f6nnen.<\/li> <li><b>Steigern Sie die Konvertierung von Ihre Website mithilfe einer detaillierten Infokarte Ihres Unternehmens<\/b>. F\u00fcgen Sie vollst\u00e4ndige Kontaktinformationen hinzu, um mehr potenzielle Kunden zu gewinnen, die mit Ihnen zusammenarbeiten m\u00f6chten, und sie dazu zu bringen, der Bestellung einen Schritt n\u00e4her zu kommen.<\/li> <li><b>Sparen Sie die Zeit, die Sie zum Anpassen der Karte ben\u00f6tigen w\u00fcrden.<\/b> Dutzende Einstellungen werden mit nur zwei Mausklicks angezeigt, sodass Sie in wenigen Sekunden eine effiziente Karte f\u00fcr Ihre Website erstellen k\u00f6nnen.<\/li><\/ul><\/div><div class=\"application-platform-content-item-features application-platform-content-item\" id=\"features\" data-nav-section=\"features\"><h2>Hauptfunktionen des Google Maps-Widgets<\/h2>Welche Eigenschaften machen die erweiterte Karte von Elfsight zur besten Karte f\u00fcr Ihre WordPress-Website?<ul> <li>Automatische Routenerstellung vom Standort des Besuchers;<\/li> <li>5 erweiterte Google Maps-Ebenen: POI, Verkehr, \u00d6PNV, Fahrrad, Street View;<\/li> <li>Infokarte mit maximalen Kontaktinformationen;<\/li> <li> \u00dcber 20 Elemente mit anpassbaren Farben;<\/li> <li>Praktischer Editor (keine Programmierung erforderlich).<\/li><\/ul><a href=\"#demo\">Sehen Sie sich die gesamte Liste der Vorteile im Panel an!<\/a><\/div><div class=\"application-platform-content-item-installation application-platform-content-item\" id=\"installation\" data-nav-section=\"installation\"><h2>So betten Sie das Google Maps-Plugin in die WordPress-Website ein<\/h2><div class=\"video-container\">\n<iframe width=\"720\" height=\"405\" src=\"https:\/\/www.youtube.com\/embed\/EgCedKF5F_o?si=i-jhN1kkfg-P7EMR\" frameborder=\"0\" allowfullscreen=\"\"><\/iframe>\n<\/div>Befolgen Sie einfach die nachstehenden Anweisungen, um das Tool in WordPress zu integrieren.<ol> <li><b>Verwalten Sie unseren kostenlosen Editor und beginnen Sie mit der Erstellung Ihres individuellen Plugins. <\/b>W\u00e4hlen Sie die benutzerdefinierte Form und die Funktionsmerkmale des Plugins und wenden Sie die \u00c4nderungen an.<\/li> <li><b>Kopieren Sie Ihren individuellen Code, der im Fenster von Elfsight Apps angezeigt wird. <\/b>Wenn die Konfiguration Ihres Google Maps-Plugins abgeschlossen ist, kopieren Sie den exklusiven Code aus dem angezeigten Feld und speichern Sie ihn zur weiteren Verwendung.<\/li> <li><b>Initiieren Sie die Verwendung des Plugins auf Ihrer WordPress-Website. <\/b>F\u00fcgen Sie den zuletzt gespeicherten Code in Ihre Website ein und \u00fcbernehmen Sie die \u00c4nderungen.<\/li> <li><b>Das Setup wurde erfolgreich beendet. <\/b>Gehen Sie auf Ihre Website, um sich die Funktionsweise des Widgets anzusehen.<\/li><\/ol>Haben Sie Schwierigkeiten oder Probleme beim Durchf\u00fchren des Tutorials oder beim Anpassen Ihrer Karte? Lesen Sie den vollst\u00e4ndigen Artikel &#8222;<a href=\"https:\/\/elfsight.com\/tutorials\/how-to-add-google-map-to-wordpress-website\/\" target=\"_blank\" rel=\"noopener noreferrer\">Wie man Google Maps in eine WordPress-Website einbettet.<\/a>&#8220; oder wenden Sie sich an unseren Kundensupport. Wir helfen Ihnen gerne bei der Erstellung und Anzeige von Karten auf Ihrer Website.<\/div><div class=\"faq\" data-component=\"FAQ\"><div class=\"faq-item\">\r\n\t\t\t\t\t<div class=\"faq-item-question\">\r\n\t\t\t\t\t\t<h3 class=\"faq-item-question-text\">Wie f\u00fcge ich Google Maps zu meiner WordPress-Site hinzu? <\/h3>\r\n\r\n\t\t\t\t\t\t<div class=\"faq-item-question-icon\"><\/div>\r\n\t\t\t\t\t<\/div>\r\n\r\n\t\t\t\t\t<div class=\"faq-item-answer\">\r\n\t\t\t\t\t\t<div class=\"faq-item-answer-text\"><p>Die Erstellung des Tools erfolgt innerhalb des Elfsight-Dienstes und es ist kein Code erforderlich. Nutzen Sie die aktive Demo, um Ihr eigenes Widget zu entwerfen, den Code zu erwerben und ihn auf Ihrer Website zu implementieren. <\/p><\/div>\r\n\t\t\t\t\t<\/div>\r\n\t\t\t\t<\/div><div class=\"faq-item\">\r\n\t\t\t\t\t<div class=\"faq-item-question\">\r\n\t\t\t\t\t\t<h3 class=\"faq-item-question-text\">Die besten Anwendungsbeispiele der Kartenintegration<\/h3>\r\n\r\n\t\t\t\t\t\t<div class=\"faq-item-question-icon\"><\/div>\r\n\t\t\t\t\t<\/div>\r\n\r\n\t\t\t\t\t<div class=\"faq-item-answer\">\r\n\t\t\t\t\t\t<div class=\"faq-item-answer-text\"><p>Wir stellen Ihnen eine Vielzahl an Anpassungsm\u00f6glichkeiten zur Verf\u00fcgung: vollwertige Widgets zum Einbetten die Inhaltszone, schwebende Plugins f\u00fcr Scrollm\u00f6glichkeiten, Layouts f\u00fcr die Fu\u00dfzeile, den Kopfbereich und alle Variationen vertikaler M\u00f6glichkeiten f\u00fcr Website-Seitenleisten und Men\u00fcs. <\/p><\/div>\r\n\t\t\t\t\t<\/div>\r\n\t\t\t\t<\/div><div class=\"faq-item\">\r\n\t\t\t\t\t<div class=\"faq-item-question\">\r\n\t\t\t\t\t\t<h3 class=\"faq-item-question-text\">Darf ich mit Hilfe Ihres Redakteurs eine interaktive Google Map erstellen? <\/h3>\r\n\r\n\t\t\t\t\t\t<div class=\"faq-item-question-icon\"><\/div>\r\n\t\t\t\t\t<\/div>\r\n\r\n\t\t\t\t\t<div class=\"faq-item-answer\">\r\n\t\t\t\t\t\t<div class=\"faq-item-answer-text\"><p>Sie k\u00f6nnen die Variationen jedes Widgets erstellen. Im Editor stehen unz\u00e4hlige Layouts zur Verf\u00fcgung, die alle schnell nach Ihren W\u00fcnschen personalisiert werden k\u00f6nnen. <\/p><\/div>\r\n\t\t\t\t\t<\/div>\r\n\t\t\t\t<\/div><\/div>\n","protected":false},"excerpt":{"rendered":"","protected":false},"author":9,"featured_media":0,"parent":894,"menu_order":0,"comment_status":"closed","ping_status":"closed","template":"templates\/template-application-platform.php","meta":{"publish_to_discourse":"","publish_post_category":"","wpdc_auto_publish_overridden":"","wpdc_topic_tags":"","wpdc_pin_topic":"","wpdc_pin_until":"","discourse_post_id":"","discourse_permalink":"","wpdc_publishing_response":"","wpdc_publishing_error":"","footnotes":""},"class_list":["post-4486","page","type-page","status-publish","hentry"],"yoast_head":"<!-- This site is optimized with the Yoast SEO plugin v25.3.1 - https:\/\/yoast.com\/wordpress\/plugins\/seo\/ -->\n<title>Das beste WordPress-Google-Maps-Plugin (kostenlos) \u2013 Elfsight<\/title>\n<meta name=\"description\" content=\"Entwerfen Sie ein Google Maps-Plugin f\u00fcr eine WordPress-Website. Demonstrieren Sie umfangreiche Karten in nur 3 Minuten kostenlos im praktischsten Plugin-Editor.\" \/>\n<meta name=\"robots\" content=\"index, follow, max-snippet:-1, max-image-preview:large, max-video-preview:-1\" \/>\n<link rel=\"canonical\" href=\"https:\/\/elfsight.com\/de\/google-maps-widget\/wordpress\/\" \/>\n<meta property=\"og:locale\" content=\"de_DE\" \/>\n<meta property=\"og:type\" content=\"article\" \/>\n<meta property=\"og:title\" content=\"Das beste WordPress-Google-Maps-Plugin (kostenlos) \u2013 Elfsight\" \/>\n<meta property=\"og:description\" content=\"Entwerfen Sie ein Google Maps-Plugin f\u00fcr eine WordPress-Website. Demonstrieren Sie umfangreiche Karten in nur 3 Minuten kostenlos im praktischsten Plugin-Editor.\" \/>\n<meta property=\"og:url\" content=\"https:\/\/elfsight.com\/de\/google-maps-widget\/wordpress\/\" \/>\n<meta property=\"og:site_name\" content=\"Elfsight DE\" \/>\n<meta property=\"article:modified_time\" content=\"2026-01-14T12:42:07+00:00\" \/>\n<meta name=\"twitter:card\" content=\"summary_large_image\" \/>\n<meta name=\"twitter:label1\" content=\"Gesch\u00e4tzte Lesezeit\" \/>\n\t<meta name=\"twitter:data1\" content=\"3\u00a0Minuten\" \/>\n<!-- \/ Yoast SEO plugin. -->","yoast_head_json":{"title":"Das beste WordPress-Google-Maps-Plugin (kostenlos) \u2013 Elfsight","description":"Entwerfen Sie ein Google Maps-Plugin f\u00fcr eine WordPress-Website. Demonstrieren Sie umfangreiche Karten in nur 3 Minuten kostenlos im praktischsten Plugin-Editor.","robots":{"index":"index","follow":"follow","max-snippet":"max-snippet:-1","max-image-preview":"max-image-preview:large","max-video-preview":"max-video-preview:-1"},"canonical":"https:\/\/elfsight.com\/de\/google-maps-widget\/wordpress\/","og_locale":"de_DE","og_type":"article","og_title":"Das beste WordPress-Google-Maps-Plugin (kostenlos) \u2013 Elfsight","og_description":"Entwerfen Sie ein Google Maps-Plugin f\u00fcr eine WordPress-Website. Demonstrieren Sie umfangreiche Karten in nur 3 Minuten kostenlos im praktischsten Plugin-Editor.","og_url":"https:\/\/elfsight.com\/de\/google-maps-widget\/wordpress\/","og_site_name":"Elfsight DE","article_modified_time":"2026-01-14T12:42:07+00:00","twitter_card":"summary_large_image","twitter_misc":{"Gesch\u00e4tzte Lesezeit":"3\u00a0Minuten"},"schema":{"@context":"https:\/\/schema.org","@graph":[{"@type":"WebPage","@id":"https:\/\/elfsight.com\/de\/google-maps-widget\/wordpress\/","url":"https:\/\/elfsight.com\/de\/google-maps-widget\/wordpress\/","name":"Das beste WordPress-Google-Maps-Plugin (kostenlos) \u2013 Elfsight","isPartOf":{"@id":"https:\/\/elfsight.com\/de\/#website"},"datePublished":"2024-05-03T06:38:55+00:00","dateModified":"2026-01-14T12:42:07+00:00","description":"Entwerfen Sie ein Google Maps-Plugin f\u00fcr eine WordPress-Website. Demonstrieren Sie umfangreiche Karten in nur 3 Minuten kostenlos im praktischsten Plugin-Editor.","breadcrumb":{"@id":"https:\/\/elfsight.com\/de\/google-maps-widget\/wordpress\/#breadcrumb"},"inLanguage":"de","potentialAction":[{"@type":"ReadAction","target":["https:\/\/elfsight.com\/de\/google-maps-widget\/wordpress\/"]}]},{"@type":"BreadcrumbList","@id":"https:\/\/elfsight.com\/de\/google-maps-widget\/wordpress\/#breadcrumb","itemListElement":[{"@type":"ListItem","position":1,"name":"Home","item":"https:\/\/elfsight.com\/de\/"},{"@type":"ListItem","position":2,"name":"Google Maps","item":"https:\/\/elfsight.com\/de\/google-maps-widget\/"},{"@type":"ListItem","position":3,"name":"Google Maps &#8211; WordPress"}]},{"@type":"WebSite","@id":"https:\/\/elfsight.com\/de\/#website","url":"https:\/\/elfsight.com\/de\/","name":"Elfsight DE","description":"Just another Elfsight Sites site","potentialAction":[{"@type":"SearchAction","target":{"@type":"EntryPoint","urlTemplate":"https:\/\/elfsight.com\/de\/?s={search_term_string}"},"query-input":{"@type":"PropertyValueSpecification","valueRequired":true,"valueName":"search_term_string"}}],"inLanguage":"de"}]}},"meta_box":{"industry":"","seo_heading":"","heading":"","description":"","cta_heading":"","cta_description":"","application":"464","h1":"WordPress Google Maps-Plugin","h1_caption":"Betten Sie eine responsive Google-Karte ein, um Ihren Standort oder mehrere Standorte anzuzeigen und so m\u00fchelos auf Ihrer WordPress-Website zu navigieren.","application_category":[],"applications_title":"","applications_request_title":"","applications_request_button_text":"","hero_text":"","hero_video":"","hero_video_schema_markup":"","selling_points_title":"","selling_points_caption":"","selling_points":[],"selling_points_cta_text":"","features_title":"","features":"","ed_cta_examples_text":"","ed_cta_examples_hidden":"","ed_cta_demo_text":"","ed_cta_demo_hidden":"","why_caption":"","why_editor_title":"","why_editor_text":"","why_team_title":"","why_team_text":"","why_service_title":"","why_service_text":"","template_catalog_visible":"0","template_catalog_title":"","template_catalog_text":"","template_catalog_categories_visible":"","demo_title":"Erstellen Sie Ihr Google Maps-Plugin","demo_caption":"Konfigurieren Sie Ihr Google Maps und f\u00fcgen Sie es kostenlos zu Ihrer WordPress-Website hinzu!","default_faq_hidden":"","app_template_category":[],"platform":"266","template_public_id":"","codecanyon_url":"","codecanyon_item_id":"","codecanyon_price":"","pricing_caption":"","pricing_elfsight_apps_hide_column":"","pricing_elfsight_apps_url":"","pricing_codecanyon_price_caption":"","integration_category":[],"integration_request_title":"","integration_request_cta":"","integration_platform":"","integrations":[],"platform_category":[],"video_schema_markup":"","price":"ab 0 $ \/ Monat","trial":"","benefits":[{"text":"Kostenloser Installationsservice"},{"text":"Erfahrener Kundensupport"},{"text":"Premium-Support"},{"text":"Zuk\u00fcnftige kostenlose Updates"}],"button_url":"#demo","button_target_blank":"0","button_nofollow":"0","attributes":[{"name":"Installiert","content":"100,000 - 500,000","_state":"expanded"},{"name":"Reaktionsfreudig","content":"Ja","_state":"expanded"},{"name":"Kompatible Browser","content":"Firefox, Safari, Opera, Chrome, Edge"}],"tags":[],"tags_disable_links":"1","hide_more_platforms":"0","video_object":"{\r\n  \"@context\": \"http:\/\/schema.org\",\r\n  \"@type\": \"VideoObject\",\r\n  \"name\": \"How to Add Google Maps to WordPress (2021)\",\r\n  \"description\": \"Design a best Google Maps plugin for WordPress website. Demonstrate extensive maps in only 3 minutes for free in the most handy plugin editor.\",\r\n  \"thumbnailUrl\": \"https:\/\/i.ytimg.com\/vi\/BM9SS2o9pC4\/default.jpg\",\r\n  \"uploadDate\": \"2020-11-05T12:30:29Z\",\r\n  \"duration\": \"PT2M29S\",\r\n  \"embedUrl\": \"https:\/\/www.youtube.com\/embed\/BM9SS2o9pC4\",\r\n  \"interactionCount\": \"109\"\r\n}","demo_hide_cta":"0","demo_hide_cloud_options":"0","pricing_title":"","pricing":[{"pricing_icon":"platform","pricing_title":"Elfsight Apps","pricing_title_caption":"Plattform\u00fcbergreifende Version, die auf jeder Website funktioniert","pricing_price":"ab 0 $ \/ Monat","pricing_price_caption":"Beginnen Sie mit einem kostenlosen Plan","pricing_benefits":[{"text":"Unbegrenzte Websites"},{"text":"Kostenloser und p\u00fcnktlicher Support und gut dokumentiert"},{"text":"Kostenlose Installationsunterst\u00fctzung"},{"text":"Tolles Angebot f\u00fcr mehrere Apps"}],"pricing_button_text":"Zur Website hinzuf\u00fcgen","pricing_button_url":"#demo","_state":"expanded"}],"related_apps_title":"","related_apps_hidden":"1","author":"","image":[],"title":"","job":"","social_networks":[]},"_links":{"self":[{"href":"https:\/\/elfsight.com\/de\/wp-json\/wp\/v2\/pages\/4486","targetHints":{"allow":["GET"]}}],"collection":[{"href":"https:\/\/elfsight.com\/de\/wp-json\/wp\/v2\/pages"}],"about":[{"href":"https:\/\/elfsight.com\/de\/wp-json\/wp\/v2\/types\/page"}],"author":[{"embeddable":true,"href":"https:\/\/elfsight.com\/de\/wp-json\/wp\/v2\/users\/9"}],"replies":[{"embeddable":true,"href":"https:\/\/elfsight.com\/de\/wp-json\/wp\/v2\/comments?post=4486"}],"version-history":[{"count":9,"href":"https:\/\/elfsight.com\/de\/wp-json\/wp\/v2\/pages\/4486\/revisions"}],"predecessor-version":[{"id":25594,"href":"https:\/\/elfsight.com\/de\/wp-json\/wp\/v2\/pages\/4486\/revisions\/25594"}],"up":[{"embeddable":true,"href":"https:\/\/elfsight.com\/de\/wp-json\/wp\/v2\/pages\/894"}],"wp:attachment":[{"href":"https:\/\/elfsight.com\/de\/wp-json\/wp\/v2\/media?parent=4486"}],"curies":[{"name":"wp","href":"https:\/\/api.w.org\/{rel}","templated":true}]}}