{"id":4478,"date":"2024-05-03T06:26:43","date_gmt":"2024-05-03T06:26:43","guid":{"rendered":"https:\/\/elfsight.com\/de\/?page_id=4478"},"modified":"2025-01-15T06:05:50","modified_gmt":"2025-01-15T06:05:50","slug":"wordpress","status":"publish","type":"page","link":"https:\/\/elfsight.com\/de\/all-in-one-chat-widget\/wordpress\/","title":{"rendered":"All-in-One Chat &#8211; WordPress"},"content":{"rendered":"\n<div class=\"application-platform-content-item-description application-platform-content-item\" id=\"description\" data-nav-section=\"description\"> <h2>All-in-One-Chat in WordPress mit dem Elfsight-Widget einbetten<\/h2> <p>Bester All-in-One-Live-Chat von Elfsight ist eine der praktischsten M\u00f6glichkeiten f\u00fcr Benutzer, mit Ihnen in Kontakt zu treten und Unterst\u00fctzung von Ihnen zu erhalten. Sie k\u00f6nnen in allen beliebten Messengern live verf\u00fcgbar bleiben. Betten Sie das Plugin in Ihre Website ein und stellen Sie es so ein, dass es auf bestimmten Seiten oder f\u00fcr separate Besuchergruppen angezeigt wird, w\u00e4hlen Sie Ausl\u00f6ser f\u00fcr die Chat-Initiierung, legen Sie Ihren Begr\u00fc\u00dfungstext fest, w\u00e4hlen Sie Symbole und andere Funktionen aus. Wenn Sie das Plugin installiert und ausgef\u00fchrt haben, k\u00f6nnen Sie jederzeit und von \u00fcberall aus mit Besuchern in Kontakt bleiben. <\/p> <p><b>Alle beliebtesten Messenger wie Telegram, Facebook, Viber, WhatsApp und mehr in einem f\u00fcr die gr\u00f6\u00dftm\u00f6gliche und bequeme Interaktion mit Ihrem Publikum!<\/b><\/p> <p><b>Zentralisieren Sie Ihre Kundenanfragen<\/b><br>Durch die Kombination aller bekannten Messaging-Kan\u00e4le im Chatbox-Plugin k\u00f6nnen Sie zahlreiche Aufgaben an einem Ort erledigen und so die Kundenzufriedenheit steigern.<\/p><p><b>In hohem Ma\u00dfe personalisierbares Tool<\/b><br>Discord, Line, Viber, Telegram, WhatsApp, Facebook Messenger \u2013 Sie k\u00f6nnen sie gerne alle zusammen verwenden oder diejenigen ausw\u00e4hlen, die Ihren Bed\u00fcrfnissen entsprechen, und ihre Farben anpassen , Gr\u00f6\u00dfe und mehr.<\/p><p><b>F\u00fchren Sie eine Konversation in Echtzeit<\/b><br>Durch die Einbettung des Live-Chat-Widgets in Ihre Website-Seiten k\u00f6nnen Sie Ihr Publikum besser kennenlernen und ihm etwas bieten den hochwertigen Service und das Angebot gezielterer Services.<\/p><\/div> <div class=\"application-platform-content-item-features application-platform-content-item\" id=\"features\" data-nav-section=\"features\"> <h2>Dies sind nur einige der umfangreichen Widget-Funktionen: <\/h2> <ul><li>Integration All-in-One-Live-Chat-Messenger-Plugin auf Ihrer Seite, um mit Besuchern zu chatten. <\/li><li>3 Arten von Chat-Positionen: schwebende Blase, eingebettete Blase und eingebettetes Chat-Fenster. <\/li><li>Eine Sammlung von Blasensymbolen zur Auswahl. <\/li><li>Flexibler Chat-Titel mit Seitenlogo, Name und Untertitel.<\/li><li>Sie k\u00f6nnen das Seitenbild standardm\u00e4\u00dfig aus unserer Bibliothek ausw\u00e4hlen oder Ihr eigenes Bild hochladen. <\/li><\/ul><p><a href=\"#demo\">Probieren Sie einfach diese Demo aus, um zu sehen, wie es funktioniert<\/a><\/p><div class=\"faq\" data-component=\"FAQ\"><div class=\"faq-item\">\r\n\t\t\t\t\t<div class=\"faq-item-question\">\r\n\t\t\t\t\t\t<h3 class=\"faq-item-question-text\">So f\u00fcgen Sie das hinzu All-in-One-Chatbox zu einer WordPress-Seite hinzuf\u00fcgen?<\/h3>\r\n\r\n\t\t\t\t\t\t<div class=\"faq-item-question-icon\"><\/div>\r\n\t\t\t\t\t<\/div>\r\n\r\n\t\t\t\t\t<div class=\"faq-item-answer\">\r\n\t\t\t\t\t\t<div class=\"faq-item-answer-text\"><p>Die Installation dauert etwa ein paar Sekunden. Dar\u00fcber hinaus sind keine Kenntnisse in Webprogrammierung erforderlich. <\/p><ol><li>\u00c4ndern Sie das Widget f\u00fcr WordPress im kostenlosen Konfigurator und sehen Sie die \u00c4nderungen live. <\/li> <li>Holen Sie sich Ihren pers\u00f6nlichen Installationscode. <\/li> <li>Geben Sie den Code an der erforderlichen Stelle im Website-Backend ein. <\/li> <li>Fantastische Arbeit! Die Einrichtung des Chat-Plugins auf WordPress ist geschafft! <\/li><\/ol><p>Haben Sie Probleme beim Einf\u00fcgen des Plugins in WordPress oder beim Einrichten des All-in-One-Chats? Sie k\u00f6nnen die ausf\u00fchrliche Anleitung entdecken <a href=\"https:\/\/elfsight.com\/tutorials\/how-to-add-live-chat-to-website\/#how-to-add-live-chat-to-wordpress\">auf dieser Seite<\/a>. <\/p><\/div>\r\n\t\t\t\t\t<\/div>\r\n\t\t\t\t<\/div><div class=\"faq-item\">\r\n\t\t\t\t\t<div class=\"faq-item-question\">\r\n\t\t\t\t\t\t<h3 class=\"faq-item-question-text\">Kann ich sehen, wie das Widget auf meiner Website aussehen wird?<\/h3>\r\n\r\n\t\t\t\t\t\t<div class=\"faq-item-question-icon\"><\/div>\r\n\t\t\t\t\t<\/div>\r\n\r\n\t\t\t\t\t<div class=\"faq-item-answer\">\r\n\t\t\t\t\t\t<div class=\"faq-item-answer-text\"><p>Auf jeden Fall! W\u00e4hrend Sie das WordPress-Chat-Plugin im <a href=\"https:\/\/elfsight.com\/all-in-one-chat-widget\/#demo\">Online-Editor<\/a> erstellen, werden Sie alle \u00c4nderungen ber\u00fccksichtigen das Recht. Ihr Chat-Feld ist identisch mit dem, was Sie auf Ihrer WordPress-Site haben. <\/p><\/div>\r\n\t\t\t\t\t<\/div>\r\n\t\t\t\t<\/div><div class=\"faq-item\">\r\n\t\t\t\t\t<div class=\"faq-item-question\">\r\n\t\t\t\t\t\t<h3 class=\"faq-item-question-text\">Welche anderen Widgets sind f\u00fcr eine WordPress-Website unerl\u00e4sslich?<\/h3>\r\n\r\n\t\t\t\t\t\t<div class=\"faq-item-question-icon\"><\/div>\r\n\t\t\t\t\t<\/div>\r\n\r\n\t\t\t\t\t<div class=\"faq-item-answer\">\r\n\t\t\t\t\t\t<div class=\"faq-item-answer-text\"><p>WordPress ist eine wunderbare Plattform sowohl f\u00fcr absolute Neulinge als auch f\u00fcr professionelle Webentwickler. Au\u00dferdem eignet es sich hervorragend f\u00fcr jede Art von Website: von Blogs bis hin zu riesigen Marktpl\u00e4tzen.<\/p><p>Auf Elfsight finden Sie viele n\u00fctzliche Tools f\u00fcr WordPress-Websites: <a href=\"https:\/\/elfsight.com Die \/whatsapp-chat-widget\/wordpress\/\">WhatsApp-Chat-Schaltfl\u00e4che<\/a> erleichtert die Kommunikation mit Ihrem Kundensupport mit <a href=\"https:\/\/elfsight.com\/facebook-chat-widget\/wordpress\/\"> Mit Facebook Chat<\/a> steigern Sie Ihren Umsatz, <a href=\"https:\/\/elfsight.com\/google-reviews-widget\/wordpress\/\">Google Bewertungen<\/a> beweisen, dass Sie sich auf Sie verlassen k\u00f6nnen. Der <a href=\"https:\/\/elfsight.com\/testimonials-slider-widget\/wordpress\/\">Testimonials-Slider<\/a> ist hilfreich, um die Zitate Ihrer Kunden zu pr\u00e4sentieren, und <a href=\"https:\/\/elfsight .com\/youtube-channel-plugin-yottie\/wordpress\/\">YouTube-Galerie<\/a> eignet sich hervorragend zum Abrufen n\u00fctzlicher Videos und Videorezensionen.<\/p><\/div>\r\n\t\t\t\t\t<\/div>\r\n\t\t\t\t<\/div><\/div><\/div> <div class=\"application-platform-content-item-installation application-platform-content-item\" id=\"installation\" data-nav-section=\"installation\"> <h2>Wie kann ich ein Live-Chat-Plugin zu meiner WordPress-Website hinzuf\u00fcgen?<\/h2> <div class=\"video-description\"><iframe width=\"560\" height=\"315\" src=\"https:\/\/www.youtube.com\/embed\/utblbU9lyGE?si=WJ9NEZKjKkEVqU_f\" frameborder=\"0\" allow=\"accelerometer; autoplay; clipboard-write; encrypted-media; gyroscope; picture-in-picture; web-share\" allowfullscreen><\/iframe><\/div><p>Folgen Sie einfach den Anweisungen unten, um das Widget zu aktivieren. <\/p> <ol><li><b>F\u00fchren Sie unseren kostenlosen Konfigurator aus und beginnen Sie mit der Arbeit mit Ihrem individuellen Plugin.<\/b><br> W\u00e4hlen Sie das bevorzugte Design und die bevorzugten Aspekte des Widgets und nehmen Sie alle Korrekturen vor.<\/li> <li><b>Sie erhalten den eindeutigen Code, der im Fenster von Elfsight Apps angezeigt wird. <\/b><br> Wenn die Einrichtung Ihres Widgets abgeschlossen ist, kopieren Sie den exklusiven Code in das angezeigte Feld und speichern Sie ihn zur sp\u00e4teren Verwendung.<\/li> <li><b>Beginnen Sie mit der Verwendung des Plugins auf Ihrem WordPress-Website. <\/b><br> F\u00fcgen Sie den k\u00fcrzlich gespeicherten Code auf Ihrer Seite ein und speichern Sie die \u00c4nderungen.<\/li> <li><b>Die Installation ist vollst\u00e4ndig abgeschlossen.<\/b><br> Besuchen Sie Ihre Website, um es in Aktion zu sehen Wie funktioniert die Chat-Box?<\/li><\/ol><p>Wenn Sie mit Anfragen konfrontiert werden oder auf Komplikationen sto\u00dfen, scheuen Sie sich nicht, die Hilfe unseres Kundendienstpersonals in Anspruch zu nehmen. Unsere Mitarbeiter beantworten gerne alle Fragen, die Sie zum Plugin haben. <\/p> <\/div><div class=\"faq\" data-component=\"FAQ\"><div class=\"faq-item\">\r\n\t\t\t\t\t<div class=\"faq-item-question\">\r\n\t\t\t\t\t\t<h3 class=\"faq-item-question-text\">Wie bette ich einen Live-Chat in WordPress ein?<\/h3>\r\n\r\n\t\t\t\t\t\t<div class=\"faq-item-question-icon\"><\/div>\r\n\t\t\t\t\t<\/div>\r\n\r\n\t\t\t\t\t<div class=\"faq-item-answer\">\r\n\t\t\t\t\t\t<div class=\"faq-item-answer-text\"><p>Die Erstellung des Tools erfolgt innerhalb die Elfsight-Website und es besteht keine Notwendigkeit, zu programmieren. Nutzen Sie die aktive Demo, um Ihr pers\u00f6nliches Widget anzupassen, den Code zu erwerben und ihn in Ihre Website einzuf\u00fcgen. <\/p><\/div>\r\n\t\t\t\t\t<\/div>\r\n\t\t\t\t<\/div><div class=\"faq-item\">\r\n\t\t\t\t\t<div class=\"faq-item-question\">\r\n\t\t\t\t\t\t<h3 class=\"faq-item-question-text\">Die besten Anwendungsbeispiele der Live-Chat-Integration<\/h3>\r\n\r\n\t\t\t\t\t\t<div class=\"faq-item-question-icon\"><\/div>\r\n\t\t\t\t\t<\/div>\r\n\r\n\t\t\t\t\t<div class=\"faq-item-answer\">\r\n\t\t\t\t\t\t<div class=\"faq-item-answer-text\"><p>Wir bieten unz\u00e4hlige Anpassungsm\u00f6glichkeiten: vollwertige Widgets zum Hinzuf\u00fcgen in die Inhaltszone, schwebend Widgets mit Scrolloptionen, Miniaturansichten f\u00fcr die Fu\u00dfzeile Ihrer Website, den Kopfbereich und alle m\u00f6glichen vertikalen M\u00f6glichkeiten f\u00fcr Seitenleisten und Men\u00fcs Ihrer Website. <\/p><\/div>\r\n\t\t\t\t\t<\/div>\r\n\t\t\t\t<\/div><div class=\"faq-item\">\r\n\t\t\t\t\t<div class=\"faq-item-question\">\r\n\t\t\t\t\t\t<h3 class=\"faq-item-question-text\">Gibt es eine Option zum Erstellen eines Verkaufs- oder Buchungs-Live-Chats mit Hilfe des Editors?<\/h3>\r\n\r\n\t\t\t\t\t\t<div class=\"faq-item-question-icon\"><\/div>\r\n\t\t\t\t\t<\/div>\r\n\r\n\t\t\t\t\t<div class=\"faq-item-answer\">\r\n\t\t\t\t\t\t<div class=\"faq-item-answer-text\"><p>Sie k\u00f6nnen die \u00c4nderungen jedes Widgets erstellen. Im Editor stehen zahlreiche Layouts zur Verf\u00fcgung, die alle leicht an Ihre Bed\u00fcrfnisse angepasst werden k\u00f6nnen. <\/p><\/div>\r\n\t\t\t\t\t<\/div>\r\n\t\t\t\t<\/div><\/div>\n","protected":false},"excerpt":{"rendered":"","protected":false},"author":9,"featured_media":0,"parent":1238,"menu_order":0,"comment_status":"closed","ping_status":"closed","template":"templates\/template-application-platform.php","meta":{"publish_to_discourse":"","publish_post_category":"","wpdc_auto_publish_overridden":"","wpdc_topic_tags":"","wpdc_pin_topic":"","wpdc_pin_until":"","discourse_post_id":"","discourse_permalink":"","wpdc_publishing_response":"","wpdc_publishing_error":"","footnotes":""},"class_list":["post-4478","page","type-page","status-publish","hentry"],"yoast_head":"<!-- This site is optimized with the Yoast SEO plugin v25.3.1 - https:\/\/yoast.com\/wordpress\/plugins\/seo\/ -->\n<title>Live-Chat \u2013 Chatbox-Widget zu WordPress-Websites hinzuf\u00fcgen (kostenlos und einfach)<\/title>\n<meta name=\"description\" content=\"F\u00fcgen Sie Ihren All-in-One-Live-Chat in wenigen Minuten zur WordPress-Website hinzu. Nutzen Sie unsere praktische Demo, um ganz einfach Ihr einzigartiges Online-Chat-Plugin zu erstellen.\" \/>\n<meta name=\"robots\" content=\"index, follow, max-snippet:-1, max-image-preview:large, max-video-preview:-1\" \/>\n<link rel=\"canonical\" href=\"https:\/\/elfsight.com\/de\/all-in-one-chat-widget\/wordpress\/\" \/>\n<meta property=\"og:locale\" content=\"de_DE\" \/>\n<meta property=\"og:type\" content=\"article\" \/>\n<meta property=\"og:title\" content=\"Live-Chat \u2013 Chatbox-Widget zu WordPress-Websites hinzuf\u00fcgen (kostenlos und einfach)\" \/>\n<meta property=\"og:description\" content=\"F\u00fcgen Sie Ihren All-in-One-Live-Chat in wenigen Minuten zur WordPress-Website hinzu. Nutzen Sie unsere praktische Demo, um ganz einfach Ihr einzigartiges Online-Chat-Plugin zu erstellen.\" \/>\n<meta property=\"og:url\" content=\"https:\/\/elfsight.com\/de\/all-in-one-chat-widget\/wordpress\/\" \/>\n<meta property=\"og:site_name\" content=\"Elfsight DE\" \/>\n<meta property=\"article:modified_time\" content=\"2025-01-15T06:05:50+00:00\" \/>\n<meta name=\"twitter:card\" content=\"summary_large_image\" \/>\n<meta name=\"twitter:label1\" content=\"Gesch\u00e4tzte Lesezeit\" \/>\n\t<meta name=\"twitter:data1\" content=\"5\u00a0Minuten\" \/>\n<!-- \/ Yoast SEO plugin. -->","yoast_head_json":{"title":"Live-Chat \u2013 Chatbox-Widget zu WordPress-Websites hinzuf\u00fcgen (kostenlos und einfach)","description":"F\u00fcgen Sie Ihren All-in-One-Live-Chat in wenigen Minuten zur WordPress-Website hinzu. Nutzen Sie unsere praktische Demo, um ganz einfach Ihr einzigartiges Online-Chat-Plugin zu erstellen.","robots":{"index":"index","follow":"follow","max-snippet":"max-snippet:-1","max-image-preview":"max-image-preview:large","max-video-preview":"max-video-preview:-1"},"canonical":"https:\/\/elfsight.com\/de\/all-in-one-chat-widget\/wordpress\/","og_locale":"de_DE","og_type":"article","og_title":"Live-Chat \u2013 Chatbox-Widget zu WordPress-Websites hinzuf\u00fcgen (kostenlos und einfach)","og_description":"F\u00fcgen Sie Ihren All-in-One-Live-Chat in wenigen Minuten zur WordPress-Website hinzu. Nutzen Sie unsere praktische Demo, um ganz einfach Ihr einzigartiges Online-Chat-Plugin zu erstellen.","og_url":"https:\/\/elfsight.com\/de\/all-in-one-chat-widget\/wordpress\/","og_site_name":"Elfsight DE","article_modified_time":"2025-01-15T06:05:50+00:00","twitter_card":"summary_large_image","twitter_misc":{"Gesch\u00e4tzte Lesezeit":"5\u00a0Minuten"},"schema":{"@context":"https:\/\/schema.org","@graph":[{"@type":"WebPage","@id":"https:\/\/elfsight.com\/de\/all-in-one-chat-widget\/wordpress\/","url":"https:\/\/elfsight.com\/de\/all-in-one-chat-widget\/wordpress\/","name":"Live-Chat \u2013 Chatbox-Widget zu WordPress-Websites hinzuf\u00fcgen (kostenlos und einfach)","isPartOf":{"@id":"https:\/\/elfsight.com\/de\/#website"},"datePublished":"2024-05-03T06:26:43+00:00","dateModified":"2025-01-15T06:05:50+00:00","description":"F\u00fcgen Sie Ihren All-in-One-Live-Chat in wenigen Minuten zur WordPress-Website hinzu. Nutzen Sie unsere praktische Demo, um ganz einfach Ihr einzigartiges Online-Chat-Plugin zu erstellen.","breadcrumb":{"@id":"https:\/\/elfsight.com\/de\/all-in-one-chat-widget\/wordpress\/#breadcrumb"},"inLanguage":"de","potentialAction":[{"@type":"ReadAction","target":["https:\/\/elfsight.com\/de\/all-in-one-chat-widget\/wordpress\/"]}]},{"@type":"BreadcrumbList","@id":"https:\/\/elfsight.com\/de\/all-in-one-chat-widget\/wordpress\/#breadcrumb","itemListElement":[{"@type":"ListItem","position":1,"name":"Home","item":"https:\/\/elfsight.com\/de\/"},{"@type":"ListItem","position":2,"name":"All-in-One Chat","item":"https:\/\/elfsight.com\/de\/all-in-one-chat-widget\/"},{"@type":"ListItem","position":3,"name":"All-in-One Chat &#8211; WordPress"}]},{"@type":"WebSite","@id":"https:\/\/elfsight.com\/de\/#website","url":"https:\/\/elfsight.com\/de\/","name":"Elfsight DE","description":"Just another Elfsight Sites site","potentialAction":[{"@type":"SearchAction","target":{"@type":"EntryPoint","urlTemplate":"https:\/\/elfsight.com\/de\/?s={search_term_string}"},"query-input":{"@type":"PropertyValueSpecification","valueRequired":true,"valueName":"search_term_string"}}],"inLanguage":"de"}]}},"meta_box":{"industry":"","seo_heading":"","heading":"","description":"","cta_heading":"","cta_description":"","application":"510","h1":"WordPress-Live-Chat-Plugin","h1_caption":"Bieten Sie Ihren Kunden die M\u00f6glichkeit, Sie m\u00fchelos \u00fcber ein Plugin auf Ihrer WordPress-Website auf mehreren Messaging-Plattformen wie WhatsApp, Facebook, Telegram und mehr zu erreichen.","application_category":[],"applications_title":"","applications_request_title":"","applications_request_button_text":"","hero_text":"","hero_video":"","hero_video_schema_markup":"","selling_points_title":"","selling_points_caption":"","selling_points":[],"selling_points_cta_text":"","features_title":"","features":"","ed_cta_examples_text":"","ed_cta_examples_hidden":"","ed_cta_demo_text":"","ed_cta_demo_hidden":"","why_caption":"","why_editor_title":"","why_editor_text":"","why_team_title":"","why_team_text":"","why_service_title":"","why_service_text":"","template_catalog_visible":"0","template_catalog_title":"","template_catalog_text":"","template_catalog_categories_visible":"","demo_title":"Erstellen Sie Ihr All-in-One-Chat-Plugin","demo_caption":"Konfigurieren Sie Ihren All-in-One-Chat und f\u00fcgen Sie ihn kostenlos zu Ihrer WordPress-Website hinzu!","default_faq_hidden":"","app_template_category":[],"platform":"266","template_public_id":"","codecanyon_url":"","codecanyon_item_id":"","codecanyon_price":"","pricing_caption":"","pricing_elfsight_apps_hide_column":"","pricing_elfsight_apps_url":"","pricing_codecanyon_price_caption":"","integration_category":[],"integration_request_title":"","integration_request_cta":"","integration_platform":"","integrations":[],"platform_category":[],"video_schema_markup":"","price":"ab 0 $ \/ Monat","trial":"","benefits":[{"text":"Kostenlose Installationsunterst\u00fctzung"},{"text":"Premium-Support"},{"text":"14-t\u00e4gige R\u00fcckerstattungsgarantie"},{"text":"Regelm\u00e4\u00dfige kostenlose Updates"}],"button_url":"#demo","button_target_blank":"0","button_nofollow":"0","attributes":[{"name":"Installiert","content":"100,000 - 500,000","_state":"expanded"},{"name":"Reaktionsfreudig","content":"Ja","_state":"expanded"},{"name":"Kompatible Browser","content":"Firefox, Safari, Opera, Chrome, Edge"}],"tags":[],"tags_disable_links":"0","hide_more_platforms":"","video_object":"{\r\n  \"@context\": \"http:\/\/schema.org\",\r\n  \"@type\": \"VideoObject\",\r\n  \"name\": \"How to Add Live Chat to WordPress (2021)\",\r\n  \"description\": \"Add your All-in-One Live Chat to WordPress website in a few minutes. Use our handy demo to shape your unique Online Chat plugin easily.\",\r\n  \"thumbnailUrl\": \"https:\/\/i.ytimg.com\/vi\/utblbU9lyGE\/default.jpg\",\r\n  \"uploadDate\": \"2020-10-23T09:10:42Z\",\r\n  \"duration\": \"PT2M29S\",\r\n  \"embedUrl\": \"https:\/\/www.youtube.com\/embed\/utblbU9lyGE\",\r\n  \"interactionCount\": \"126\"\r\n}","demo_hide_cta":"0","demo_hide_cloud_options":"0","pricing_title":"","pricing":[{"pricing_icon":"platform","pricing_title":"Elfsight Apps","pricing_title_caption":"Multiplattform-Software","pricing_price":"ab 0 $ \/ Monat","pricing_price_caption":"Beginnen Sie mit einem kostenlosen Plan","pricing_benefits":[{"text":"Unbegrenzte Domains"},{"text":"Professionelle und p\u00fcnktliche Unterst\u00fctzung"},{"text":"Kostenloser Installationsservice"},{"text":"Sonderangebot f\u00fcr mehrere Apps"}],"pricing_button_text":"Zur Website hinzuf\u00fcgen","pricing_button_url":"#demo","_state":"expanded"}],"related_apps_title":"","related_apps_hidden":"1","author":"","image":[],"title":"","job":"","social_networks":[]},"_links":{"self":[{"href":"https:\/\/elfsight.com\/de\/wp-json\/wp\/v2\/pages\/4478","targetHints":{"allow":["GET"]}}],"collection":[{"href":"https:\/\/elfsight.com\/de\/wp-json\/wp\/v2\/pages"}],"about":[{"href":"https:\/\/elfsight.com\/de\/wp-json\/wp\/v2\/types\/page"}],"author":[{"embeddable":true,"href":"https:\/\/elfsight.com\/de\/wp-json\/wp\/v2\/users\/9"}],"replies":[{"embeddable":true,"href":"https:\/\/elfsight.com\/de\/wp-json\/wp\/v2\/comments?post=4478"}],"version-history":[{"count":8,"href":"https:\/\/elfsight.com\/de\/wp-json\/wp\/v2\/pages\/4478\/revisions"}],"predecessor-version":[{"id":23735,"href":"https:\/\/elfsight.com\/de\/wp-json\/wp\/v2\/pages\/4478\/revisions\/23735"}],"up":[{"embeddable":true,"href":"https:\/\/elfsight.com\/de\/wp-json\/wp\/v2\/pages\/1238"}],"wp:attachment":[{"href":"https:\/\/elfsight.com\/de\/wp-json\/wp\/v2\/media?parent=4478"}],"curies":[{"name":"wp","href":"https:\/\/api.w.org\/{rel}","templated":true}]}}