{"id":4473,"date":"2024-05-03T06:39:59","date_gmt":"2024-05-03T06:39:59","guid":{"rendered":"https:\/\/elfsight.com\/de\/?page_id=4473"},"modified":"2024-11-07T15:11:11","modified_gmt":"2024-11-07T15:11:11","slug":"wordpress","status":"publish","type":"page","link":"https:\/\/elfsight.com\/de\/job-board-widget\/wordpress\/","title":{"rendered":"Job Board &#8211; WordPress"},"content":{"rendered":"<div class=\"application-platform-content-item-description application-platform-content-item\" id=\"description\" data-nav-section=\"description\"> <h2>Jobboard mit dem Elfsight-Widget in WordPress einbetten<\/h2> <p>Unser Jobboard f\u00fcr WordPress ist ein au\u00dfergew\u00f6hnliches Plugin, mit dem Sie Ihre Bewerbung ver\u00f6ffentlichen k\u00f6nnen \u00d6ffnen Sie offene Stellen und erhalten Sie Lebensl\u00e4ufe von Bewerbern direkt auf Ihrer Website \u2013 auf die leicht zug\u00e4ngliche Art und Weise. Mit unserem neuen Tool k\u00f6nnen Sie Ihr Unternehmen bekannt geben, Informationen zu Stellenangeboten verbreiten und Lebensl\u00e4ufe abrufen. Das Widget bietet Ihnen die M\u00f6glichkeit, eine Jobkarte mit detaillierter Darstellung und Schaltfl\u00e4che \u201eBewerben\u201c zu erstellen. Durch die Nutzung des Elfsight Job Boards k\u00f6nnen Sie den Rekrutierungsprozess vereinfachen und die Antworten auf Stellenangebote mit einem Klick erhalten. <\/p> <p><b>Erstellen Sie ganz einfach die verlockendsten Stellenangebote und Call-to-Actions, um mehr m\u00f6gliche Mitarbeiter f\u00fcr die Zusammenarbeit mit Ihnen zu begeistern<\/b><\/p> <\/div> <div class=\"application-platform-content-item-features  application-platform-content-item\" id=\"features \" data-nav-section=\"features \"> <h2>Lernen Sie die Liste der n\u00fctzlichsten Funktionen kennen: <\/h2> <ul><li>Erstellen Sie einen Bewerbungslink, um Website-Benutzer auf die Seite zu leiten, auf der Lebensl\u00e4ufe gesammelt werden<\/li><li>Stellenausschreibungen anzeigen So detailliert wie m\u00f6glich<\/li><li>F\u00fcgen Sie so viele Jobs hinzu, wie Sie m\u00f6chten<\/li><li>Beschreiben Sie den Job ausf\u00fchrlich und geben Sie an: Gehalt, erforderliche F\u00e4higkeiten und Berufsbezeichnung<\/li><li>Geben Sie an Informationen zum Unternehmen: Standort, Abteilung und Name<\/li><\/ul><p><a href=\"#demo\">In der Demo k\u00f6nnen Sie testen, ob sich das Plugin lohnt.<\/a><\/p> <\/div> <div class=\"application-platform-content-item-installation application-platform-content-item\" id=\"installation\" data-nav-section=\"installation\"> <h2>Wie bette ich eine Jobb\u00f6rse in meine WordPress-Webseite ein? <\/h2> <p>Befolgen Sie einfach die nachstehenden Anweisungen, um das Tool zu integrieren. <\/p> <ol><li><b>Nutzen Sie unsere kostenlose Demo und beginnen Sie mit der Erstellung Ihres ma\u00dfgeschneiderten Plugins. <\/b><br> Bestimmen Sie das ausgew\u00e4hlte Layout und die Funktionen des Tools und speichern Sie die \u00c4nderungen. <\/li> <li><b>Kopieren Sie den eindeutigen Code, der im Fenster von Elfsight Apps angezeigt wird. <\/b><br> Nachdem die Generierung Ihres Tools abgeschlossen ist, kopieren Sie den pers\u00f6nlichen Code in das angezeigte Feld und bewahren Sie ihn zur sp\u00e4teren Verwendung auf. <\/li> <li><b>Initiieren Sie die Nutzung des Tools auf Ihrer WordPress-Website. <\/b><br> Platzieren Sie den Code, den Sie k\u00fcrzlich kopiert haben, auf Ihrer Homepage und wenden Sie die Verbesserungen an. <\/li> <li><b>Fertig! Die Einbettung ist erfolgreich abgeschlossen. <\/b><br> Besuchen Sie Ihre Webseite, um zu \u00fcberpr\u00fcfen, wie das Tool ausgef\u00fchrt wird. <\/li><\/ol> <p>Wenn Sie auf Schwierigkeiten sto\u00dfen, z\u00f6gern Sie nicht, sich an unser Kundendienstteam zu wenden. Unsere Berater sind bestrebt, alle Schwierigkeiten zu l\u00f6sen, die Sie m\u00f6glicherweise mit dem Widget haben. <\/p> <div class=\"faq\" data-component=\"FAQ\"><div class=\"faq-item\">\r\n\t\t\t\t\t<div class=\"faq-item-question\">\r\n\t\t\t\t\t\t<h3 class=\"faq-item-question-text\">Wie kann ich ohne Programmierkenntnisse eine Jobb\u00f6rse zu meiner WordPress-Site hinzuf\u00fcgen?<\/h3>\r\n\r\n\t\t\t\t\t\t<div class=\"faq-item-question-icon\"><\/div>\r\n\t\t\t\t\t<\/div>\r\n\r\n\t\t\t\t\t<div class=\"faq-item-answer\">\r\n\t\t\t\t\t\t<div class=\"faq-item-answer-text\"> <p>Elfsight bietet eine L\u00f6sung, die es einem breiten Publikum erm\u00f6glicht, einen Jobb\u00f6rsenbereich zu erstellen Entdecken Sie selbst die einfachen Anweisungen: Arbeiten Sie direkt im Online-Editor, um ein Jobb\u00f6rsen-Widget zu erstellen, das Sie gerne auf Ihrer WordPress-Startseite sehen w\u00fcrden. W\u00e4hlen Sie eine der vorgefertigten Vorlagen und passen Sie die Jobboard-Einstellungen an, \u00e4ndern Sie das Layout und die Farbe der Elemente einschlie\u00dflich Ihrer Inhalte, ohne Programmierkenntnisse. Speichern Sie die von Ihnen vorgenommenen Einstellungen in der Jobb\u00f6rse und erhalten Sie einen Plugin-Code zum Einbetten, der einfach und kostenlos zu Ihrer WordPress-Webseite hinzugef\u00fcgt werden kann. Mit dem unkomplizierten Konfigurator kann jeder Internetnutzer online ein Jobboard-Plugin erstellen und es problemlos in jede WordPress-Website einf\u00fcgen. Sie m\u00fcssen keinen kostenpflichtigen Plan abschlie\u00dfen oder Ihre Kartendaten eingeben, um auf unseren Editor zuzugreifen. Sollten bei irgendeinem Schritt Probleme auftreten, sprechen Sie bitte mit unserem Support-Personal.<\/p> <\/div>\r\n\t\t\t\t\t<\/div>\r\n\t\t\t\t<\/div> <\/div><\/div>","protected":false},"excerpt":{"rendered":"","protected":false},"author":9,"featured_media":0,"parent":3996,"menu_order":0,"comment_status":"closed","ping_status":"closed","template":"templates\/template-application-platform.php","meta":{"publish_to_discourse":"","publish_post_category":"","wpdc_auto_publish_overridden":"","wpdc_topic_tags":"","wpdc_pin_topic":"","wpdc_pin_until":"","discourse_post_id":"","discourse_permalink":"","wpdc_publishing_response":"","wpdc_publishing_error":"","footnotes":""},"class_list":["post-4473","page","type-page","status-publish","hentry"],"yoast_head":"<!-- This site is optimized with the Yoast SEO plugin v25.3.1 - https:\/\/yoast.com\/wordpress\/plugins\/seo\/ -->\n<title>WordPress Job Board-Plugin \u2013 Stellenangebote zu WordPress hinzuf\u00fcgen (2025)<\/title>\n<meta name=\"description\" content=\"Betten Sie ein responsives Jobboard-Plugin in Ihre WordPress-Site ein und lassen Sie potenzielle Arbeitnehmer die Stellenangebote durchst\u00f6bern!\" \/>\n<meta name=\"robots\" content=\"index, follow, max-snippet:-1, max-image-preview:large, max-video-preview:-1\" \/>\n<link rel=\"canonical\" href=\"https:\/\/elfsight.com\/de\/job-board-widget\/wordpress\/\" \/>\n<meta property=\"og:locale\" content=\"de_DE\" \/>\n<meta property=\"og:type\" content=\"article\" \/>\n<meta property=\"og:title\" content=\"WordPress Job Board-Plugin \u2013 Stellenangebote zu WordPress hinzuf\u00fcgen (2025)\" \/>\n<meta property=\"og:description\" content=\"Betten Sie ein responsives Jobboard-Plugin in Ihre WordPress-Site ein und lassen Sie potenzielle Arbeitnehmer die Stellenangebote durchst\u00f6bern!\" \/>\n<meta property=\"og:url\" content=\"https:\/\/elfsight.com\/de\/job-board-widget\/wordpress\/\" \/>\n<meta property=\"og:site_name\" content=\"Elfsight DE\" \/>\n<meta property=\"article:modified_time\" content=\"2024-11-07T15:11:11+00:00\" \/>\n<meta name=\"twitter:card\" content=\"summary_large_image\" \/>\n<meta name=\"twitter:label1\" content=\"Gesch\u00e4tzte Lesezeit\" \/>\n\t<meta name=\"twitter:data1\" content=\"2\u00a0Minuten\" \/>\n<!-- \/ Yoast SEO plugin. -->","yoast_head_json":{"title":"WordPress Job Board-Plugin \u2013 Stellenangebote zu WordPress hinzuf\u00fcgen (2025)","description":"Betten Sie ein responsives Jobboard-Plugin in Ihre WordPress-Site ein und lassen Sie potenzielle Arbeitnehmer die Stellenangebote durchst\u00f6bern!","robots":{"index":"index","follow":"follow","max-snippet":"max-snippet:-1","max-image-preview":"max-image-preview:large","max-video-preview":"max-video-preview:-1"},"canonical":"https:\/\/elfsight.com\/de\/job-board-widget\/wordpress\/","og_locale":"de_DE","og_type":"article","og_title":"WordPress Job Board-Plugin \u2013 Stellenangebote zu WordPress hinzuf\u00fcgen (2025)","og_description":"Betten Sie ein responsives Jobboard-Plugin in Ihre WordPress-Site ein und lassen Sie potenzielle Arbeitnehmer die Stellenangebote durchst\u00f6bern!","og_url":"https:\/\/elfsight.com\/de\/job-board-widget\/wordpress\/","og_site_name":"Elfsight DE","article_modified_time":"2024-11-07T15:11:11+00:00","twitter_card":"summary_large_image","twitter_misc":{"Gesch\u00e4tzte Lesezeit":"2\u00a0Minuten"},"schema":{"@context":"https:\/\/schema.org","@graph":[{"@type":"WebPage","@id":"https:\/\/elfsight.com\/de\/job-board-widget\/wordpress\/","url":"https:\/\/elfsight.com\/de\/job-board-widget\/wordpress\/","name":"WordPress Job Board-Plugin \u2013 Stellenangebote zu WordPress hinzuf\u00fcgen (2025)","isPartOf":{"@id":"https:\/\/elfsight.com\/de\/#website"},"datePublished":"2024-05-03T06:39:59+00:00","dateModified":"2024-11-07T15:11:11+00:00","description":"Betten Sie ein responsives Jobboard-Plugin in Ihre WordPress-Site ein und lassen Sie potenzielle Arbeitnehmer die Stellenangebote durchst\u00f6bern!","breadcrumb":{"@id":"https:\/\/elfsight.com\/de\/job-board-widget\/wordpress\/#breadcrumb"},"inLanguage":"de","potentialAction":[{"@type":"ReadAction","target":["https:\/\/elfsight.com\/de\/job-board-widget\/wordpress\/"]}]},{"@type":"BreadcrumbList","@id":"https:\/\/elfsight.com\/de\/job-board-widget\/wordpress\/#breadcrumb","itemListElement":[{"@type":"ListItem","position":1,"name":"Home","item":"https:\/\/elfsight.com\/de\/"},{"@type":"ListItem","position":2,"name":"Job Board","item":"https:\/\/elfsight.com\/de\/job-board-widget\/"},{"@type":"ListItem","position":3,"name":"Job Board &#8211; WordPress"}]},{"@type":"WebSite","@id":"https:\/\/elfsight.com\/de\/#website","url":"https:\/\/elfsight.com\/de\/","name":"Elfsight DE","description":"Just another Elfsight Sites site","potentialAction":[{"@type":"SearchAction","target":{"@type":"EntryPoint","urlTemplate":"https:\/\/elfsight.com\/de\/?s={search_term_string}"},"query-input":{"@type":"PropertyValueSpecification","valueRequired":true,"valueName":"search_term_string"}}],"inLanguage":"de"}]}},"meta_box":{"industry":"","seo_heading":"","heading":"","description":"","cta_heading":"","cta_description":"","application":"3995","h1":"WordPress-Jobboard-Plugin","h1_caption":"Erstellen Sie eine Jobb\u00f6rse zur Auflistung offener Stellen auf Ihrer Website und locken Sie potenzielle Kandidaten m\u00fchelos auf Ihre WordPress-Website.","application_category":[],"applications_title":"","applications_request_title":"","applications_request_button_text":"","hero_text":"","hero_video":"","hero_video_schema_markup":"","selling_points_title":"","selling_points_caption":"","selling_points":[],"selling_points_cta_text":"","features_title":"","features":"","ed_cta_examples_text":"","ed_cta_examples_hidden":"","ed_cta_demo_text":"","ed_cta_demo_hidden":"","why_caption":"","why_editor_title":"","why_editor_text":"","why_team_title":"","why_team_text":"","why_service_title":"","why_service_text":"","template_catalog_visible":"","template_catalog_title":"","template_catalog_text":"","template_catalog_categories_visible":"","demo_title":"Erstellen Sie Ihr Jobboard-Plugin","demo_caption":"Konfigurieren Sie Ihre Jobb\u00f6rse und f\u00fcgen Sie sie kostenlos zu Ihrer WordPress-Website hinzu!","default_faq_hidden":"","app_template_category":[],"platform":"266","template_public_id":"","codecanyon_url":"","codecanyon_item_id":"","codecanyon_price":"","pricing_caption":"","pricing_elfsight_apps_hide_column":"","pricing_elfsight_apps_url":"","pricing_codecanyon_price_caption":"","integration_category":[],"integration_request_title":"","integration_request_cta":"","integration_platform":"","integrations":[],"platform_category":[],"video_schema_markup":"","price":"ab 0 $ \/ Monat","trial":"","benefits":[{"text":"Kostenlose Installationsunterst\u00fctzung"},{"text":"Kompetenter Kundenservice"},{"text":"14-t\u00e4gige Geld-zur\u00fcck-Garantie"},{"text":"Zuk\u00fcnftige kostenlose Updates"}],"button_url":"#demo","button_target_blank":"0","button_nofollow":"0","attributes":[{"name":"Installiert","content":"10,000 - 100,000","_state":"expanded"},{"name":"Reaktionsfreudig","content":"Ja","_state":"expanded"},{"name":"Kompatible Browser","content":"Firefox, Safari, Opera, Chrome, Edge"}],"tags":[],"tags_disable_links":"0","hide_more_platforms":"","video_object":"","demo_hide_cta":"0","demo_hide_cloud_options":"0","pricing_title":"","pricing":[{"pricing_icon":"platform","pricing_title":"Elfsight Apps","pricing_title_caption":"Multiplattform-Version","pricing_price":"ab 0 $ \/ Monat","pricing_price_caption":"Beginnen Sie mit einem kostenlosen Plan","pricing_benefits":[{"text":"Unbegrenzte Websites"},{"text":"Schnelle Unterst\u00fctzung"},{"text":"Kostenloser Installationsservice"},{"text":"Vollst\u00e4ndig anpassbar"}],"pricing_button_text":"Zur Website hinzuf\u00fcgen","pricing_button_url":"#demo","_state":"expanded"}],"related_apps_title":"","related_apps_hidden":"0","author":"","image":[],"title":"","job":"","social_networks":[]},"_links":{"self":[{"href":"https:\/\/elfsight.com\/de\/wp-json\/wp\/v2\/pages\/4473","targetHints":{"allow":["GET"]}}],"collection":[{"href":"https:\/\/elfsight.com\/de\/wp-json\/wp\/v2\/pages"}],"about":[{"href":"https:\/\/elfsight.com\/de\/wp-json\/wp\/v2\/types\/page"}],"author":[{"embeddable":true,"href":"https:\/\/elfsight.com\/de\/wp-json\/wp\/v2\/users\/9"}],"replies":[{"embeddable":true,"href":"https:\/\/elfsight.com\/de\/wp-json\/wp\/v2\/comments?post=4473"}],"version-history":[{"count":6,"href":"https:\/\/elfsight.com\/de\/wp-json\/wp\/v2\/pages\/4473\/revisions"}],"predecessor-version":[{"id":21072,"href":"https:\/\/elfsight.com\/de\/wp-json\/wp\/v2\/pages\/4473\/revisions\/21072"}],"up":[{"embeddable":true,"href":"https:\/\/elfsight.com\/de\/wp-json\/wp\/v2\/pages\/3996"}],"wp:attachment":[{"href":"https:\/\/elfsight.com\/de\/wp-json\/wp\/v2\/media?parent=4473"}],"curies":[{"name":"wp","href":"https:\/\/api.w.org\/{rel}","templated":true}]}}