{"id":4469,"date":"2024-05-03T06:36:59","date_gmt":"2024-05-03T06:36:59","guid":{"rendered":"https:\/\/elfsight.com\/de\/?page_id=4469"},"modified":"2025-02-21T08:01:44","modified_gmt":"2025-02-21T08:01:44","slug":"wordpress","status":"publish","type":"page","link":"https:\/\/elfsight.com\/de\/accordion-faq-widget\/wordpress\/","title":{"rendered":"FAQ &#8211; WordPress"},"content":{"rendered":"\n<div class=\"application-platform-content-item-description application-platform-content-item\" id=\"description\" data-nav-section=\"description\"><h2>FAQ auf WordPress mit dem Elfsight-Widget einbetten<\/h2><p>Das responsive Accordion FAQ von Elfsight ist ein effizientes Plugin, das die Anzeige am meisten unterst\u00fctzt Wichtige Kundenfragen mit Antworten auf Ihrer Website. Ein interaktives Plugin mit unkomplizierter Navigation erm\u00f6glicht es Ihnen, detaillierte Informationen zu Ihren Angeboten bereitzustellen, die Aufmerksamkeit der Leser auf positive Eigenschaften von Artikeln zu lenken und m\u00f6gliche Zweifel und Misstrauen zu vermeiden, die eine Kaufentscheidung erschweren k\u00f6nnten.<\/p><p><b>Beantworten Sie auftauchende Fragen Ihrer Besucher maximal schnell und steigern Sie die Konversion auf der Website!<\/b><\/p><ul><li><b>Beseitigen Sie den Verdacht Ihrer Kunden und erzielen Sie h\u00f6here Einnahmen<\/b>.<br> Zeigen Sie Ihren Nutzern umfassende Informationen \u00fcber Ihre Waren oder Angebote, um alle m\u00f6glichen Zweifel auszur\u00e4umen und den Umsatz auf der Website zu steigern.<\/li><li><b>Schaffen Sie ein ideales Image Ihrer Marke bei den Nutzern<\/b>.<br>Vermitteln Sie das richtige Verst\u00e4ndnis Ihrer Marke und Ihrer Gesch\u00e4ftsprozesse, um alle m\u00f6glichen Zweifel auszur\u00e4umen, die sie von einer Zusammenarbeit abhalten.<\/li><li><b>Reduzieren Sie den Zeit- und Kostenaufwand f\u00fcr die Arbeit im Help Center<\/b>.<br> Zeigen Sie Antworten auf die h\u00e4ufigsten Fragen zu Ihren Waren, Dienstleistungen oder Ihrer Marke, um die zus\u00e4tzliche Belastung Ihres Support-Teams zu reduzieren.<\/li><\/ul><\/div><div class=\"application-platform-content-item-features application-platform-content-item\" id=\"features\" data-nav-section=\"features\"><h2>Main Funktionen des FAQ-Widgets<\/h2><p>Die St\u00e4rken unserer Plugin-Funktionalit\u00e4t, die es am besten erm\u00f6glichen, FAQ auf der WordPress-Website zu integrieren.<\/p><ul><li>3 fertige responsive Layouts: Akkordeon, Liste , mehrspaltig;<\/li><li>4 gebrauchsfertige Stile mit Rahmen und Schatten;<\/li><li>Unbegrenzte Fragen in jeder Kategorie;<\/li><li>Html im Text unterst\u00fctzt;<\/li><li>Updates verf\u00fcgbar, um es auf dem neuesten Stand zu halten.<\/li><\/ul><p><a href=\"#demo\">\u00dcberpr\u00fcfen Sie alle Funktionen<\/a><\/p><\/div><div class=\"application-platform-content-item-installation application-platform-content-item\" id=\"installation\" data-nav-section=\"installation\"><h2>So f\u00fcgen Sie das Akkordeon-FAQ-Plugin zu WordPress hinzu<\/h2><div class=\"video-container\"><iframe src=\"https:\/\/www.youtube.com\/embed\/L6OzE2sVMWg\" width=\"720\" height=\"405\" frameborder=\"0\" allowfullscreen=\"allowfullscreen\"><\/iframe><\/div><p>Befolgen Sie einfach die folgenden Schritte, um das Plugin in WordPress zu integrieren.<\/p> <ol><li><b>Verwalten Sie unseren kostenlosen Editor und beginnen Sie mit der Erstellung Ihres individuellen Plugins. <\/b><br> W\u00e4hlen Sie das bevorzugte Layout und die bevorzugten Funktionen des Widgets und speichern Sie die \u00c4nderungen. <\/li> <li><b>Holen Sie sich Ihren pers\u00f6nlichen Code, der in der speziellen Form auf Elfsight Apps angezeigt wird. <\/b><br> Wenn die Anpassung Ihres pers\u00f6nlichen FAQ-Widgets abgeschlossen ist, kopieren Sie den exklusiven Code aus dem angezeigten Fenster und bewahren Sie ihn f\u00fcr die zuk\u00fcnftige Verwendung auf. <\/li> <li><b>Beginnen Sie mit der Verwendung des Plugins auf der WordPress-Website. <\/b><br> F\u00fcgen Sie den k\u00fcrzlich kopierten Code auf Ihrer Website hinzu und speichern Sie die \u00c4nderungen. <\/li> <li><b>Das Setup wurde erfolgreich abgeschlossen. <\/b><br> Besuchen Sie Ihre Website, um zu sehen, wie das Widget funktioniert. <\/li><\/ol> <p>Haben Sie Schwierigkeiten bei der Durchf\u00fchrung des Tutorials? Wenden Sie sich an unseren Support-Service oder lesen Sie den vollst\u00e4ndigen Text des Leitfadens \u00ab<a href=\"https:\/\/elfsight.com\/tutorials\/how-to-add-accordion-faq-plugin-to-wordpress\/\" target=\"_blank\" rel=\"noopener noreferrer\">So f\u00fcgen Sie ein FAQ-Widget zu WordPress hinzu<\/a>\u00bb und schlie\u00dfen das Hinzuf\u00fcgen selbst ab.<\/p><\/div><div class=\"faq\" data-component=\"FAQ\"><div class=\"faq-item\">\r\n\t\t\t\t\t<div class=\"faq-item-question\">\r\n\t\t\t\t\t\t<h3 class=\"faq-item-question-text\">Wie kann ich eine FAQ in meine WordPress-Site einbetten?<\/h3>\r\n\r\n\t\t\t\t\t\t<div class=\"faq-item-question-icon\"><\/div>\r\n\t\t\t\t\t<\/div>\r\n\r\n\t\t\t\t\t<div class=\"faq-item-answer\">\r\n\t\t\t\t\t\t<div class=\"faq-item-answer-text\"><p>Die Erstellung des Widgets erfolgt innerhalb des Elfsight-Dienstes und Sie m\u00fcssen keine Programmierkenntnisse erlernen. Besuchen Sie die Live-Demo, um Ihr pers\u00f6nliches Tool zu entwerfen, den Code zu erwerben und ihn in Ihre Website einzubetten. <\/p><\/div>\r\n\t\t\t\t\t<\/div>\r\n\t\t\t\t<\/div><div class=\"faq-item\">\r\n\t\t\t\t\t<div class=\"faq-item-question\">\r\n\t\t\t\t\t\t<h3 class=\"faq-item-question-text\">Die besten M\u00f6glichkeiten, die Accordion-FAQ-Integration zu nutzen<\/h3>\r\n\r\n\t\t\t\t\t\t<div class=\"faq-item-question-icon\"><\/div>\r\n\t\t\t\t\t<\/div>\r\n\r\n\t\t\t\t\t<div class=\"faq-item-answer\">\r\n\t\t\t\t\t\t<div class=\"faq-item-answer-text\"><p>Wir gew\u00e4hren Ihnen eine Vielzahl von Personalisierungsoptionen: Widgets in Originalgr\u00f6\u00dfe zur Implementierung im Inhaltsbereich , schwebende Widgets mit Scrollfunktion, Miniaturansichten f\u00fcr die Fu\u00dfzeile Ihrer Website, den Kopfbereich und alle m\u00f6glichen vertikalen Optionen f\u00fcr Seitenleisten und Men\u00fcs. <\/p><\/div>\r\n\t\t\t\t\t<\/div>\r\n\t\t\t\t<\/div><div class=\"faq-item\">\r\n\t\t\t\t\t<div class=\"faq-item-question\">\r\n\t\t\t\t\t\t<h3 class=\"faq-item-question-text\">Kann ich mit Hilfe Ihres Editors eine einfache oder mehrspaltige FAQ erstellen?<\/h3>\r\n\r\n\t\t\t\t\t\t<div class=\"faq-item-question-icon\"><\/div>\r\n\t\t\t\t\t<\/div>\r\n\r\n\t\t\t\t\t<div class=\"faq-item-answer\">\r\n\t\t\t\t\t\t<div class=\"faq-item-answer-text\"><p>Sie k\u00f6nnen gerne Variationen aller Widgets erstellen. Im Editor stehen Ihnen unz\u00e4hlige Layouts zur Verf\u00fcgung, die alle ganz einfach an Ihre Bed\u00fcrfnisse angepasst werden k\u00f6nnen. <\/p><\/div>\r\n\t\t\t\t\t<\/div>\r\n\t\t\t\t<\/div><\/div>\n","protected":false},"excerpt":{"rendered":"","protected":false},"author":9,"featured_media":0,"parent":733,"menu_order":0,"comment_status":"closed","ping_status":"closed","template":"templates\/template-application-platform.php","meta":{"publish_to_discourse":"","publish_post_category":"","wpdc_auto_publish_overridden":"","wpdc_topic_tags":"","wpdc_pin_topic":"","wpdc_pin_until":"","discourse_post_id":"","discourse_permalink":"","wpdc_publishing_response":"","wpdc_publishing_error":"","footnotes":""},"class_list":["post-4469","page","type-page","status-publish","hentry"],"yoast_head":"<!-- This site is optimized with the Yoast SEO plugin v25.3.1 - https:\/\/yoast.com\/wordpress\/plugins\/seo\/ -->\n<title>WordPress-FAQ-Plugin \u2013 Beste Akkordeon-FAQ f\u00fcr Website (kostenlos)<\/title>\n<meta name=\"description\" content=\"Gestalten Sie in 2 Minuten Ihr responsives Accordion-FAQ-Plugin f\u00fcr WordPress. Probieren Sie die v\u00f6llig kostenlose Sofortdemo zum Generieren von Plugins von Elfsight aus.\" \/>\n<meta name=\"robots\" content=\"index, follow, max-snippet:-1, max-image-preview:large, max-video-preview:-1\" \/>\n<link rel=\"canonical\" href=\"https:\/\/elfsight.com\/de\/accordion-faq-widget\/wordpress\/\" \/>\n<meta property=\"og:locale\" content=\"de_DE\" \/>\n<meta property=\"og:type\" content=\"article\" \/>\n<meta property=\"og:title\" content=\"WordPress-FAQ-Plugin \u2013 Beste Akkordeon-FAQ f\u00fcr Website (kostenlos)\" \/>\n<meta property=\"og:description\" content=\"Gestalten Sie in 2 Minuten Ihr responsives Accordion-FAQ-Plugin f\u00fcr WordPress. Probieren Sie die v\u00f6llig kostenlose Sofortdemo zum Generieren von Plugins von Elfsight aus.\" \/>\n<meta property=\"og:url\" content=\"https:\/\/elfsight.com\/de\/accordion-faq-widget\/wordpress\/\" \/>\n<meta property=\"og:site_name\" content=\"Elfsight DE\" \/>\n<meta property=\"article:modified_time\" content=\"2025-02-21T08:01:44+00:00\" \/>\n<meta name=\"twitter:card\" content=\"summary_large_image\" \/>\n<meta name=\"twitter:label1\" content=\"Gesch\u00e4tzte Lesezeit\" \/>\n\t<meta name=\"twitter:data1\" content=\"4\u00a0Minuten\" \/>\n<!-- \/ Yoast SEO plugin. -->","yoast_head_json":{"title":"WordPress-FAQ-Plugin \u2013 Beste Akkordeon-FAQ f\u00fcr Website (kostenlos)","description":"Gestalten Sie in 2 Minuten Ihr responsives Accordion-FAQ-Plugin f\u00fcr WordPress. Probieren Sie die v\u00f6llig kostenlose Sofortdemo zum Generieren von Plugins von Elfsight aus.","robots":{"index":"index","follow":"follow","max-snippet":"max-snippet:-1","max-image-preview":"max-image-preview:large","max-video-preview":"max-video-preview:-1"},"canonical":"https:\/\/elfsight.com\/de\/accordion-faq-widget\/wordpress\/","og_locale":"de_DE","og_type":"article","og_title":"WordPress-FAQ-Plugin \u2013 Beste Akkordeon-FAQ f\u00fcr Website (kostenlos)","og_description":"Gestalten Sie in 2 Minuten Ihr responsives Accordion-FAQ-Plugin f\u00fcr WordPress. Probieren Sie die v\u00f6llig kostenlose Sofortdemo zum Generieren von Plugins von Elfsight aus.","og_url":"https:\/\/elfsight.com\/de\/accordion-faq-widget\/wordpress\/","og_site_name":"Elfsight DE","article_modified_time":"2025-02-21T08:01:44+00:00","twitter_card":"summary_large_image","twitter_misc":{"Gesch\u00e4tzte Lesezeit":"4\u00a0Minuten"},"schema":{"@context":"https:\/\/schema.org","@graph":[{"@type":"WebPage","@id":"https:\/\/elfsight.com\/de\/accordion-faq-widget\/wordpress\/","url":"https:\/\/elfsight.com\/de\/accordion-faq-widget\/wordpress\/","name":"WordPress-FAQ-Plugin \u2013 Beste Akkordeon-FAQ f\u00fcr Website (kostenlos)","isPartOf":{"@id":"https:\/\/elfsight.com\/de\/#website"},"datePublished":"2024-05-03T06:36:59+00:00","dateModified":"2025-02-21T08:01:44+00:00","description":"Gestalten Sie in 2 Minuten Ihr responsives Accordion-FAQ-Plugin f\u00fcr WordPress. Probieren Sie die v\u00f6llig kostenlose Sofortdemo zum Generieren von Plugins von Elfsight aus.","breadcrumb":{"@id":"https:\/\/elfsight.com\/de\/accordion-faq-widget\/wordpress\/#breadcrumb"},"inLanguage":"de","potentialAction":[{"@type":"ReadAction","target":["https:\/\/elfsight.com\/de\/accordion-faq-widget\/wordpress\/"]}]},{"@type":"BreadcrumbList","@id":"https:\/\/elfsight.com\/de\/accordion-faq-widget\/wordpress\/#breadcrumb","itemListElement":[{"@type":"ListItem","position":1,"name":"Home","item":"https:\/\/elfsight.com\/de\/"},{"@type":"ListItem","position":2,"name":"FAQ","item":"https:\/\/elfsight.com\/de\/accordion-faq-widget\/"},{"@type":"ListItem","position":3,"name":"FAQ &#8211; WordPress"}]},{"@type":"WebSite","@id":"https:\/\/elfsight.com\/de\/#website","url":"https:\/\/elfsight.com\/de\/","name":"Elfsight DE","description":"Just another Elfsight Sites site","potentialAction":[{"@type":"SearchAction","target":{"@type":"EntryPoint","urlTemplate":"https:\/\/elfsight.com\/de\/?s={search_term_string}"},"query-input":{"@type":"PropertyValueSpecification","valueRequired":true,"valueName":"search_term_string"}}],"inLanguage":"de"}]}},"meta_box":{"industry":"","seo_heading":"","heading":"","description":"","cta_heading":"","cta_description":"","application":"463","h1":"WordPress-FAQ-Plugin","h1_caption":"Stellen Sie Antworten auf h\u00e4ufig gestellte Fragen in einem organisierten, durchsuchbaren Format bereit, damit Benutzer schnell und m\u00fchelos L\u00f6sungen auf Ihrer WordPress-Website finden k\u00f6nnen.","application_category":[],"applications_title":"","applications_request_title":"","applications_request_button_text":"","hero_text":"","hero_video":"","hero_video_schema_markup":"","selling_points_title":"","selling_points_caption":"","selling_points":[],"selling_points_cta_text":"","features_title":"","features":"","ed_cta_examples_text":"","ed_cta_examples_hidden":"","ed_cta_demo_text":"","ed_cta_demo_hidden":"","why_caption":"","why_editor_title":"","why_editor_text":"","why_team_title":"","why_team_text":"","why_service_title":"","why_service_text":"","template_catalog_visible":"0","template_catalog_title":"","template_catalog_text":"","template_catalog_categories_visible":"","demo_title":"Erstellen Sie Ihr FAQ-Plugin","demo_caption":"Konfigurieren Sie Ihre FAQ und f\u00fcgen Sie sie kostenlos zu Ihrer WordPress-Website hinzu!","default_faq_hidden":"","app_template_category":[],"platform":"266","template_public_id":"","codecanyon_url":"","codecanyon_item_id":"","codecanyon_price":"","pricing_caption":"","pricing_elfsight_apps_hide_column":"","pricing_elfsight_apps_url":"","pricing_codecanyon_price_caption":"","integration_category":[],"integration_request_title":"","integration_request_cta":"","integration_platform":"","integrations":[],"platform_category":[],"video_schema_markup":"","price":"ab 0 $ \/ Monat","trial":"","benefits":[{"text":"Kostenlose Installationsunterst\u00fctzung"},{"text":"Erfahrener Kundensupport"},{"text":"14-t\u00e4gige R\u00fcckerstattungsgarantie"},{"text":"Fortlaufende Entwicklung"}],"button_url":"#demo","button_target_blank":"0","button_nofollow":"0","attributes":[{"name":"Installiert","content":"10,000 - 100,000","_state":"expanded"},{"name":"Reaktionsfreudig","content":"Ja","_state":"expanded"},{"name":"Kompatible Browser","content":"Firefox, Safari, Opera, Chrome, Edge"}],"tags":[],"tags_disable_links":"0","hide_more_platforms":"0","video_object":"{\r\n  \"@context\": \"http:\/\/schema.org\",\r\n  \"@type\": \"VideoObject\",\r\n  \"name\": \"How to Add FAQ to WordPress (2020)\",\r\n  \"description\": \"Shape your responsive Accordion FAQ plugin for WordPress in only 2 minutes. Try the instant demo for generating plugins by Elfsight, totally free.\",\r\n  \"thumbnailUrl\": \"https:\/\/i.ytimg.com\/vi\/L6OzE2sVMWg\/default.jpg\",\r\n  \"uploadDate\": \"2020-05-18T10:12:52Z\",\r\n  \"duration\": \"PT2M22S\",\r\n  \"embedUrl\": \"https:\/\/www.youtube.com\/embed\/L6OzE2sVMWg\",\r\n  \"interactionCount\": \"1074\"\r\n}","demo_hide_cta":"1","demo_hide_cloud_options":"0","pricing_title":"","pricing":[{"pricing_icon":"platform","pricing_title":"Elfsight Apps","pricing_title_caption":"Plattform\u00fcbergreifende L\u00f6sung","pricing_price":"ab 0 $ \/ Monat","pricing_price_caption":"Beginnen Sie mit einem kostenlosen Plan","pricing_benefits":[{"text":"Unbegrenzte Websites"},{"text":"Professionelle und p\u00fcnktliche Unterst\u00fctzung"},{"text":"Kostenloser Installationsservice"},{"text":"Sonderangebot f\u00fcr mehrere Apps"}],"pricing_button_text":"Zur Website hinzuf\u00fcgen","pricing_button_url":"#demo","_state":"expanded"}],"related_apps_title":"","related_apps_hidden":"1","author":"","image":[],"title":"","job":"","social_networks":[]},"_links":{"self":[{"href":"https:\/\/elfsight.com\/de\/wp-json\/wp\/v2\/pages\/4469","targetHints":{"allow":["GET"]}}],"collection":[{"href":"https:\/\/elfsight.com\/de\/wp-json\/wp\/v2\/pages"}],"about":[{"href":"https:\/\/elfsight.com\/de\/wp-json\/wp\/v2\/types\/page"}],"author":[{"embeddable":true,"href":"https:\/\/elfsight.com\/de\/wp-json\/wp\/v2\/users\/9"}],"replies":[{"embeddable":true,"href":"https:\/\/elfsight.com\/de\/wp-json\/wp\/v2\/comments?post=4469"}],"version-history":[{"count":8,"href":"https:\/\/elfsight.com\/de\/wp-json\/wp\/v2\/pages\/4469\/revisions"}],"predecessor-version":[{"id":24661,"href":"https:\/\/elfsight.com\/de\/wp-json\/wp\/v2\/pages\/4469\/revisions\/24661"}],"up":[{"embeddable":true,"href":"https:\/\/elfsight.com\/de\/wp-json\/wp\/v2\/pages\/733"}],"wp:attachment":[{"href":"https:\/\/elfsight.com\/de\/wp-json\/wp\/v2\/media?parent=4469"}],"curies":[{"name":"wp","href":"https:\/\/api.w.org\/{rel}","templated":true}]}}