{"id":4464,"date":"2024-05-03T06:27:36","date_gmt":"2024-05-03T06:27:36","guid":{"rendered":"https:\/\/elfsight.com\/de\/?page_id=4464"},"modified":"2025-02-18T11:05:28","modified_gmt":"2025-02-18T11:05:28","slug":"wordpress","status":"publish","type":"page","link":"https:\/\/elfsight.com\/de\/amazon-reviews-widget\/wordpress\/","title":{"rendered":"Amazon Reviews &#8211; WordPress"},"content":{"rendered":"\n<div class=\"application-platform-content-item-description application-platform-content-item\" id=\"description\" data-nav-section=\"description\"><h2>Bewertungen von Amazon in WordPress mit dem Elfsight-Widget einbetten<\/h2><p>Das Amazon-Plugin von Elfsight ist die praktischste Methode, um den Ruf Ihrer Marke zu gestalten Zeigen Sie die Meinung echter Kunden zu Ihrer Produktion. Zeigen Sie nur die besten oder aussagekr\u00e4ftigsten Kommentare an und ordnen Sie sie nach Ihren W\u00fcnschen an. Sammeln Sie soziale Beweise, indem Sie Ihren Website-Besuchern zeigen, dass Sie glaubw\u00fcrdig sind.<\/p><p><b>Bringen Sie Benutzer dazu, neue Kommentare zu Ihrem Unternehmen zu posten und verbessern Sie die Kundengespr\u00e4che!<\/b><\/p><\/div><div class=\"application-platform-content-item-features application-platform-content-item\" id=\"features\" data-nav-section=\"features\"><h2>Hauptfunktionen des Bewertungen von Amazon-Widgets<\/h2><p>Um sich eine klarere Vorstellung vom Plugin zu verschaffen, sehen Sie sich die Liste seiner wesentlichen Funktionen an. Sie machen das Widget f\u00fcr Ihre Werbung maximal effektiv:<\/p><ul><li>Drei Filter verf\u00fcgbar: nach Typ, Ausschlie\u00dfen nach und Anzahl der anzuzeigenden Bewertungen;<\/li><li>4 vordefinierte Layouts: Liste, Raster, Mauerwerk und Schieberegler;<\/li><li>Vollst\u00e4ndig flexibler Header des Widgets;<\/li><li>Die Schaltfl\u00e4che zum Anfordern einer Bewertung leitet Benutzer zu Ihrer Amazon-Seite weiter;<\/li><li>6 flexibel Elemente der Benutzeroberfl\u00e4che: Name und Foto des Autors, Empfehlung, Datum, Amazon-Symbol und Sternebewertung;<\/li><li>Zwei m\u00f6gliche Szenarien nach der Ablehnung einer Rezensionsanfrage: eine Textnachricht anzeigen oder die Schaltfl\u00e4che verbergen;<\/li><\/ul><p><a href=\"#demo\">Lernen Sie alle Funktionen in unserer Live-Demo kennen<\/a><\/p><\/div><div class=\"application-platform-content-item-installation application-platform-content-item\" id=\"installation\" data-nav-section=\"installation\"><h2>So f\u00fcgen Sie hinzu Bewertungen von Amazon-Plugin zur WordPress-Website<\/h2><p>Diese verschiedenen Aktionen sind das Einzige, was Sie zum Einrichten ben\u00f6tigen.<\/p><ol><li><b>F\u00fchren Sie unsere kostenlosen Schritte aus Editor und beginnen Sie mit der Erstellung Ihres benutzerdefinierten Bewertungen von Amazon-Plugins. <\/b><br> W\u00e4hlen Sie das gew\u00fcnschte Aussehen und die gew\u00fcnschte Leistung des Plugins und speichern Sie alle \u00c4nderungen. <\/li> <li><b>Holen Sie sich Ihren einzigartigen Code, der in der speziellen Form auf Elfsight Apps angezeigt wird. <\/b><br> Sobald die Einrichtung Ihres pers\u00f6nlichen Plugins abgeschlossen ist, kopieren Sie Ihren Code in das erscheinende Fenster und bewahren Sie ihn f\u00fcr die sp\u00e4tere Verwendung auf. <\/li> <li><b>Beginnen Sie mit der Verwendung des Plugins auf der WordPress-Site. <\/b><br> Platzieren Sie den k\u00fcrzlich kopierten Code auf Ihrer Website und wenden Sie die Verbesserungen an. <\/li> <li><b>Du bist fertig! Die Integration wurde erfolgreich durchgef\u00fchrt. <\/b><br> Besuchen Sie Ihre Website, um die Leistung des Plugins zu sehen. <\/li><\/ol><p>Sie k\u00f6nnen sich immer noch nicht entscheiden? Oder haben Sie Fragen? Senden Sie einfach eine Anfrage an unseren Kundenservice und wir werden jedes Problem kl\u00e4ren.<\/p><\/div><div class=\"faq\" data-component=\"FAQ\"><div class=\"faq-item\">\r\n\t\t\t\t\t<div class=\"faq-item-question\">\r\n\t\t\t\t\t\t<h3 class=\"faq-item-question-text\">Wie kann ich Bewertungen von Amazon-Kunden auf meiner WordPress-Website einbetten?<\/h3>\r\n\r\n\t\t\t\t\t\t<div class=\"faq-item-question-icon\"><\/div>\r\n\t\t\t\t\t<\/div>\r\n\r\n\t\t\t\t\t<div class=\"faq-item-answer\">\r\n\t\t\t\t\t\t<div class=\"faq-item-answer-text\"><p>Formulieren Sie einfach Ihr Widget, \u00e4ndern Sie dann seinen Stil und speichern Sie Ihre \u00c4nderungen. Kopieren Sie den Code des Plugins, das Sie gerade erstellt haben, und f\u00fcgen Sie ihn in das Layout ein, das Sie derzeit haben. <\/p><\/div>\r\n\t\t\t\t\t<\/div>\r\n\t\t\t\t<\/div><div class=\"faq-item\">\r\n\t\t\t\t\t<div class=\"faq-item-question\">\r\n\t\t\t\t\t\t<h3 class=\"faq-item-question-text\">Wie erhalte ich Amazon-Kundenbewertungen f\u00fcr Produktseiten?<\/h3>\r\n\r\n\t\t\t\t\t\t<div class=\"faq-item-question-icon\"><\/div>\r\n\t\t\t\t\t<\/div>\r\n\r\n\t\t\t\t\t<div class=\"faq-item-answer\">\r\n\t\t\t\t\t\t<div class=\"faq-item-answer-text\"><p>Alles, was Sie tun m\u00fcssen, ist die Hilfe des CTA-Buttons. Durch Klicken auf die Schaltfl\u00e4che erh\u00e4lt das Website-Publikum direkten Zugriff auf Ihr Profil. <\/p><\/div>\r\n\t\t\t\t\t<\/div>\r\n\t\t\t\t<\/div><div class=\"faq-item\">\r\n\t\t\t\t\t<div class=\"faq-item-question\">\r\n\t\t\t\t\t\t<h3 class=\"faq-item-question-text\">Wie erstelle ich eine Amazon-Bewertungserweiterung\/-Badge-Vorlage?<\/h3>\r\n\r\n\t\t\t\t\t\t<div class=\"faq-item-question-icon\"><\/div>\r\n\t\t\t\t\t<\/div>\r\n\r\n\t\t\t\t\t<div class=\"faq-item-answer\">\r\n\t\t\t\t\t\t<div class=\"faq-item-answer-text\"><p>Sehen Sie sich alle Schritte der einfachen Anleitung unten an: <\/p><ol><li>Starten Sie den Elfsight-Editor und beginnen Sie mit der Gestaltung Ihres benutzerdefinierten Plugins. <\/li> <li>Passen Sie die Widget-Funktionen an und klicken Sie, um die erforderlichen \u00c4nderungen zu speichern. <\/li><li>Erhalten Sie Ihren im Fenster angezeigten eindeutigen Code. <\/li> <li>Implementieren Sie den Plugin-Code auf Ihrer Seite und klicken Sie auf die Schaltfl\u00e4che \u201eSpeichern\u201c. <\/li><li> Sie haben ein neues Plugin auf Ihrer Website integriert. <\/li><\/div>\r\n\t\t\t\t\t<\/div>\r\n\t\t\t\t<\/div><\/div><\/ol>\n","protected":false},"excerpt":{"rendered":"","protected":false},"author":9,"featured_media":0,"parent":1614,"menu_order":0,"comment_status":"closed","ping_status":"closed","template":"templates\/template-application-platform.php","meta":{"publish_to_discourse":"","publish_post_category":"","wpdc_auto_publish_overridden":"","wpdc_topic_tags":"","wpdc_pin_topic":"","wpdc_pin_until":"","discourse_post_id":"","discourse_permalink":"","wpdc_publishing_response":"","wpdc_publishing_error":"","footnotes":""},"class_list":["post-4464","page","type-page","status-publish","hentry"],"yoast_head":"<!-- This site is optimized with the Yoast SEO plugin v25.3.1 - https:\/\/yoast.com\/wordpress\/plugins\/seo\/ -->\n<title>Bewertungen von Amazon | Amazon-Plugin auf der WordPress-Website hinzuf\u00fcgen [2025]<\/title>\n<meta name=\"description\" content=\"Erstellen Sie einfach und schnell Ihr Bewertungen von Amazon-Plugin und platzieren Sie es auf der WordPress-Website. Steigern Sie das Vertrauen Ihrer Kunden mit Elfsight-Widgets!\" \/>\n<meta name=\"robots\" content=\"index, follow, max-snippet:-1, max-image-preview:large, max-video-preview:-1\" \/>\n<link rel=\"canonical\" href=\"https:\/\/elfsight.com\/de\/amazon-reviews-widget\/wordpress\/\" \/>\n<meta property=\"og:locale\" content=\"de_DE\" \/>\n<meta property=\"og:type\" content=\"article\" \/>\n<meta property=\"og:title\" content=\"Bewertungen von Amazon | Amazon-Plugin auf der WordPress-Website hinzuf\u00fcgen [2025]\" \/>\n<meta property=\"og:description\" content=\"Erstellen Sie einfach und schnell Ihr Bewertungen von Amazon-Plugin und platzieren Sie es auf der WordPress-Website. Steigern Sie das Vertrauen Ihrer Kunden mit Elfsight-Widgets!\" \/>\n<meta property=\"og:url\" content=\"https:\/\/elfsight.com\/de\/amazon-reviews-widget\/wordpress\/\" \/>\n<meta property=\"og:site_name\" content=\"Elfsight DE\" \/>\n<meta property=\"article:modified_time\" content=\"2025-02-18T11:05:28+00:00\" \/>\n<meta name=\"twitter:card\" content=\"summary_large_image\" \/>\n<meta name=\"twitter:label1\" content=\"Gesch\u00e4tzte Lesezeit\" \/>\n\t<meta name=\"twitter:data1\" content=\"3\u00a0Minuten\" \/>\n<!-- \/ Yoast SEO plugin. -->","yoast_head_json":{"title":"Bewertungen von Amazon | Amazon-Plugin auf der WordPress-Website hinzuf\u00fcgen [2025]","description":"Erstellen Sie einfach und schnell Ihr Bewertungen von Amazon-Plugin und platzieren Sie es auf der WordPress-Website. Steigern Sie das Vertrauen Ihrer Kunden mit Elfsight-Widgets!","robots":{"index":"index","follow":"follow","max-snippet":"max-snippet:-1","max-image-preview":"max-image-preview:large","max-video-preview":"max-video-preview:-1"},"canonical":"https:\/\/elfsight.com\/de\/amazon-reviews-widget\/wordpress\/","og_locale":"de_DE","og_type":"article","og_title":"Bewertungen von Amazon | Amazon-Plugin auf der WordPress-Website hinzuf\u00fcgen [2025]","og_description":"Erstellen Sie einfach und schnell Ihr Bewertungen von Amazon-Plugin und platzieren Sie es auf der WordPress-Website. Steigern Sie das Vertrauen Ihrer Kunden mit Elfsight-Widgets!","og_url":"https:\/\/elfsight.com\/de\/amazon-reviews-widget\/wordpress\/","og_site_name":"Elfsight DE","article_modified_time":"2025-02-18T11:05:28+00:00","twitter_card":"summary_large_image","twitter_misc":{"Gesch\u00e4tzte Lesezeit":"3\u00a0Minuten"},"schema":{"@context":"https:\/\/schema.org","@graph":[{"@type":"WebPage","@id":"https:\/\/elfsight.com\/de\/amazon-reviews-widget\/wordpress\/","url":"https:\/\/elfsight.com\/de\/amazon-reviews-widget\/wordpress\/","name":"Bewertungen von Amazon | Amazon-Plugin auf der WordPress-Website hinzuf\u00fcgen [2025]","isPartOf":{"@id":"https:\/\/elfsight.com\/de\/#website"},"datePublished":"2024-05-03T06:27:36+00:00","dateModified":"2025-02-18T11:05:28+00:00","description":"Erstellen Sie einfach und schnell Ihr Bewertungen von Amazon-Plugin und platzieren Sie es auf der WordPress-Website. Steigern Sie das Vertrauen Ihrer Kunden mit Elfsight-Widgets!","breadcrumb":{"@id":"https:\/\/elfsight.com\/de\/amazon-reviews-widget\/wordpress\/#breadcrumb"},"inLanguage":"de","potentialAction":[{"@type":"ReadAction","target":["https:\/\/elfsight.com\/de\/amazon-reviews-widget\/wordpress\/"]}]},{"@type":"BreadcrumbList","@id":"https:\/\/elfsight.com\/de\/amazon-reviews-widget\/wordpress\/#breadcrumb","itemListElement":[{"@type":"ListItem","position":1,"name":"Home","item":"https:\/\/elfsight.com\/de\/"},{"@type":"ListItem","position":2,"name":"Amazon Reviews","item":"https:\/\/elfsight.com\/de\/amazon-reviews-widget\/"},{"@type":"ListItem","position":3,"name":"Amazon Reviews &#8211; WordPress"}]},{"@type":"WebSite","@id":"https:\/\/elfsight.com\/de\/#website","url":"https:\/\/elfsight.com\/de\/","name":"Elfsight DE","description":"Just another Elfsight Sites site","potentialAction":[{"@type":"SearchAction","target":{"@type":"EntryPoint","urlTemplate":"https:\/\/elfsight.com\/de\/?s={search_term_string}"},"query-input":{"@type":"PropertyValueSpecification","valueRequired":true,"valueName":"search_term_string"}}],"inLanguage":"de"}]}},"meta_box":{"industry":"","seo_heading":"","heading":"","description":"","cta_heading":"","cta_description":"","application":"496","h1":"Bewertungen von Amazon-Plugin f\u00fcr WordPress","h1_caption":"Zeigen Sie Produktbewertungen von Amazon an, um Ihren Website-Besuchern m\u00fchelos zus\u00e4tzliche soziale Beweise auf Ihrer WordPress-Website zu bieten.","application_category":[],"applications_title":"","applications_request_title":"","applications_request_button_text":"","hero_text":"","hero_video":"","hero_video_schema_markup":"","selling_points_title":"","selling_points_caption":"","selling_points":[],"selling_points_cta_text":"","features_title":"","features":"","ed_cta_examples_text":"","ed_cta_examples_hidden":"","ed_cta_demo_text":"","ed_cta_demo_hidden":"","why_caption":"","why_editor_title":"","why_editor_text":"","why_team_title":"","why_team_text":"","why_service_title":"","why_service_text":"","template_catalog_visible":"0","template_catalog_title":"","template_catalog_text":"","template_catalog_categories_visible":"","demo_title":"Erstellen Sie Ihr Bewertungen von Amazon-Plugin","demo_caption":"Konfigurieren Sie Ihre Bewertungen von Amazon und f\u00fcgen Sie sie kostenlos zu Ihrer WordPress-Website hinzu!","default_faq_hidden":"","app_template_category":[],"platform":"266","template_public_id":"","codecanyon_url":"","codecanyon_item_id":"","codecanyon_price":"","pricing_caption":"","pricing_elfsight_apps_hide_column":"","pricing_elfsight_apps_url":"","pricing_codecanyon_price_caption":"","integration_category":[],"integration_request_title":"","integration_request_cta":"","integration_platform":"","integrations":[],"platform_category":[],"video_schema_markup":"","price":"ab 0 $ \/ Monat","trial":"","benefits":[{"text":"Kostenlose Installationshilfe"},{"text":"Au\u00dfergew\u00f6hnlicher Support"},{"text":"14-t\u00e4gige Geld-zur\u00fcck-Garantie"},{"text":"St\u00e4ndige Aktualisierung"}],"button_url":"#demo","button_target_blank":"0","button_nofollow":"0","attributes":[{"name":"Installiert","content":"10,000 - 100,000","_state":"expanded"},{"name":"Reaktionsfreudig","content":"Ja","_state":"expanded"},{"name":"Kompatible Browser","content":"Firefox, Safari, Opera, Chrome, Edge"}],"tags":[],"tags_disable_links":"0","hide_more_platforms":"0","video_object":"{\r\n  \"@context\": \"http:\/\/schema.org\",\r\n  \"@type\": \"VideoObject\",\r\n  \"name\": \"How to Add Reviews from Amazon to WordPress (2021)\",\r\n  \"description\": \"Simple and fast create your Reviews from Amazon plugin and place it on the WordPress website. Increase customer confidence with Elfsight widgets!\",\r\n  \"thumbnailUrl\": \"https:\/\/i.ytimg.com\/vi\/qBBEa1HWkY4\/default.jpg\",\r\n  \"uploadDate\": \"2020-12-01T14:04:46Z\",\r\n  \"duration\": \"PT2M29S\",\r\n  \"embedUrl\": \"https:\/\/www.youtube.com\/embed\/qBBEa1HWkY4\",\r\n  \"interactionCount\": \"26\"\r\n}","demo_hide_cta":"0","demo_hide_cloud_options":"0","pricing_title":"","pricing":[{"pricing_icon":"platform","pricing_title":"Elfsight Apps","pricing_title_caption":"Plattform\u00fcbergreifende digitale L\u00f6sung, die f\u00fcr jeden Standort geeignet ist","pricing_price":"ab 0 $ \/ Monat","pricing_price_caption":"Beginnen Sie mit einem kostenlosen Plan","pricing_benefits":[{"text":"Unbegrenzte Domains"},{"text":"Support rund um die Uhr"},{"text":"Kostenloser Installationsservice"},{"text":"Tolles Angebot f\u00fcr mehrere Apps"}],"pricing_button_text":"Zur Website hinzuf\u00fcgen","pricing_button_url":"#demo","_state":"expanded"}],"related_apps_title":"","related_apps_hidden":"1","author":"","image":[],"title":"","job":"","social_networks":[]},"_links":{"self":[{"href":"https:\/\/elfsight.com\/de\/wp-json\/wp\/v2\/pages\/4464","targetHints":{"allow":["GET"]}}],"collection":[{"href":"https:\/\/elfsight.com\/de\/wp-json\/wp\/v2\/pages"}],"about":[{"href":"https:\/\/elfsight.com\/de\/wp-json\/wp\/v2\/types\/page"}],"author":[{"embeddable":true,"href":"https:\/\/elfsight.com\/de\/wp-json\/wp\/v2\/users\/9"}],"replies":[{"embeddable":true,"href":"https:\/\/elfsight.com\/de\/wp-json\/wp\/v2\/comments?post=4464"}],"version-history":[{"count":9,"href":"https:\/\/elfsight.com\/de\/wp-json\/wp\/v2\/pages\/4464\/revisions"}],"predecessor-version":[{"id":24335,"href":"https:\/\/elfsight.com\/de\/wp-json\/wp\/v2\/pages\/4464\/revisions\/24335"}],"up":[{"embeddable":true,"href":"https:\/\/elfsight.com\/de\/wp-json\/wp\/v2\/pages\/1614"}],"wp:attachment":[{"href":"https:\/\/elfsight.com\/de\/wp-json\/wp\/v2\/media?parent=4464"}],"curies":[{"name":"wp","href":"https:\/\/api.w.org\/{rel}","templated":true}]}}