{"id":4459,"date":"2024-05-03T06:39:50","date_gmt":"2024-05-03T06:39:50","guid":{"rendered":"https:\/\/elfsight.com\/de\/?page_id=4459"},"modified":"2024-12-25T12:57:31","modified_gmt":"2024-12-25T12:57:31","slug":"wordpress","status":"publish","type":"page","link":"https:\/\/elfsight.com\/de\/instagram-feed-instashow\/wordpress\/","title":{"rendered":"Instagram Feed &#8211; WordPress"},"content":{"rendered":"\n<div class=\"application-platform-content-item-description application-platform-content-item\" id=\"description\" data-nav-section=\"description\"><h2>Instagram-Feed in WordPress mit dem Elfsight-Plugin einbetten<\/h2> <p>\u00dcber 60 variable Parameter des erstaunlichen InstaShow-Instagram-Feeds f\u00fcr WordPress werden das auf jeden Fall tun Helfen Sie dabei, Ihrem Publikum Ihr Bestes zu zeigen. Pr\u00e4sentieren Sie Fotos aus Ihrem pers\u00f6nlichen Bereich oder \u00e4ndern Sie die Farben der Plugin-Elemente, passen Sie die Benutzeroberfl\u00e4che und die Plugin-Struktur an \u2013 verwirklichen Sie alle kreativen W\u00fcnsche. Finden Sie den passendsten Look f\u00fcr Fotos aus Ihrem Profil und f\u00fcgen Sie Instagram in Sekundenschnelle zu WordPress hinzu!<\/p> <p><b>Nutzen Sie die flexibelsten Farbschemata, \u00fcber 60 einstellbare Parameter und tolle Anwendungsf\u00e4lle f\u00fcr WordPress!<\/b><\/p> <div class=\"faq\" data-component=\"FAQ\"> <div class=\"faq-item\">\r\n\t\t\t\t\t<div class=\"faq-item-question\">\r\n\t\t\t\t\t\t<h3 class=\"faq-item-question-text\">Welche anderen Plugins f\u00fcr WordPress haben Sie?<\/h3>\r\n\r\n\t\t\t\t\t\t<div class=\"faq-item-question-icon\"><\/div>\r\n\t\t\t\t\t<\/div>\r\n\r\n\t\t\t\t\t<div class=\"faq-item-answer\">\r\n\t\t\t\t\t\t<div class=\"faq-item-answer-text\"> <p>Sie k\u00f6nnen gerne eine Vielzahl von Plugins f\u00fcr beliebige Zwecke auf Ihrer Website testen, unabh\u00e4ngig von Ihrem Gesch\u00e4ftsfeld. \u00dcberzeugen Sie sich selbst: <a href=\"https:\/\/elfsight.com\/de\/whatsapp-chat-widget\/wordpress\/\" target=\"_blank\" rel=\"noopener\">WhatsApp Chat<\/a>, <a href=\"https:\/\/elfsight.com\/de\/facebook-chat-widget\/wordpress\/\" target=\"_blank\" rel=\"noopener\">Facebook-Chat<\/a>, <a href=\"https:\/\/elfsight.com\/de\/google-reviews-widget\/wordpress\/\" target=\"_blank\" rel=\"noopener\">Google-Bewertungen<\/a>, <a href=\"https:\/\/elfsight.com\/de\/testimonials-slider-widget\/wordpress\/\" target=\"_blank\" rel=\"noopener\">Testimonials-Slider<\/a>, <a href=\"https:\/\/elfsight.com\/de\/youtube-channel-plugin-yottie\/wordpress\/\" target=\"_blank\" rel=\"noopener\">YouTube Galerie<\/a>.<\/p> <\/div>\r\n\t\t\t\t\t<\/div>\r\n\t\t\t\t<\/div> \n<div class=\"faq-item\">\r\n\t\t\t\t\t<div class=\"faq-item-question\">\r\n\t\t\t\t\t\t<h3 class=\"faq-item-question-text\">Wie bette ich den Instagram-Feed kostenlos in WordPress ein?<\/h3>\r\n\r\n\t\t\t\t\t\t<div class=\"faq-item-question-icon\"><\/div>\r\n\t\t\t\t\t<\/div>\r\n\r\n\t\t\t\t\t<div class=\"faq-item-answer\">\r\n\t\t\t\t\t\t<div class=\"faq-item-answer-text\"> <ol><p>Hinzuf\u00fcgen eines <a href=\"https:\/\/elfsight.com\/blog\/how-to-embed-instagram-feed-on-website\/\" target=\"_blank\" rel=\"noopener\">Instagram-Website<\/a> Der Feed zu Ihrer Website erh\u00f6ht deren visuelle Attraktivit\u00e4t und f\u00f6rdert die Benutzerinteraktion.<\/p><ol><li>An Betten Sie einen Elfsight-Instagram-Feed kostenlos in WordPress ein, besuchen Sie die Elfsight-Website und registrieren Sie sich f\u00fcr ein kostenloses Konto.<\/li><li>Machen Sie das Beste aus dem kostenlosen Instagram-Plugin, indem Sie dessen Erscheinungsbild und Einstellungen so anpassen, dass sie mit denen Ihrer WordPress-Site harmonieren Design.<\/li><li>Sobald Sie Ihren Instagram-Feed kostenlos verfeinert haben, kopieren Sie den unverwechselbaren Einbettungscode und f\u00fcgen Sie ihn an der gew\u00fcnschten Stelle in den HTML-Code Ihrer WordPress-Website ein.<\/li><\/ol><p>Durch die Integration Ihres Instagram-Feeds in Ihre WordPress-Website erh\u00f6hen Sie deren visuelle Anziehungskraft und f\u00f6rdern eine kontinuierliche Benutzerinteraktion. Genie\u00dfen Sie die Vorteile des Elfsight Instagram-Plugins, ohne einen Cent auszugeben!<\/p><\/ol><\/div>\r\n\t\t\t\t\t<\/div>\r\n\t\t\t\t<\/div> <div class=\"faq-item\">\r\n\t\t\t\t\t<div class=\"faq-item-question\">\r\n\t\t\t\t\t\t<h3 class=\"faq-item-question-text\">Darf ich Ihren Instagram-Feed in Aktion testen?<\/h3>\r\n\r\n\t\t\t\t\t\t<div class=\"faq-item-question-icon\"><\/div>\r\n\t\t\t\t\t<\/div>\r\n\r\n\t\t\t\t\t<div class=\"faq-item-answer\">\r\n\t\t\t\t\t\t<div class=\"faq-item-answer-text\"> <p>Ja, sicher. Gerne k\u00f6nnen Sie unsere Live-Demo nutzen, um das Plugin live in Aktion zu sehen. \u00dcbrigens k\u00f6nnen Sie die <a href=\"https:\/\/elfsight.com\/de\/instagram-feed-instashow\/#demo\">Demo<\/a> verwenden, um das Instagram-Feed-Plugin zu Ihrer WordPress-Website hinzuzuf\u00fcgen.<\/p><\/div>\r\n\t\t\t\t\t<\/div>\r\n\t\t\t\t<\/div> <\/div><\/div> <div class=\"application-platform-content-item-features application-platform-content-item\" id=\"features\" data-nav-section=\"features\"> <h2>Hauptfunktionen des Instagram-Feeds von Elfsight<\/h2><p>Instagram-Feed in Sekundenschnelle mit Hilfe unserer einbetten Plugin. Die Erstellung dauert nur wenige Sekunden und Sie erhalten jede Menge Vorteile ohne Programmierung.<\/p><ul><li><b>Pers\u00f6nliches oder gesch\u00e4ftliches Instagram-Konto<\/b>.<br>Zeigen Sie Video- und Fotoinhalte von Ihrem pers\u00f6nlichen oder pers\u00f6nlichen Konto an Gesch\u00e4fts-Instagram-Konto.<\/li><li><b>Feed-Filter<\/b>.<br>Filter mit zwei Optionen: \u201eau\u00dfer\u201c, um Ihren Feed zu moderieren, und \u201enur\u201c, um bestimmte Fotos anzuzeigen. <\/li><li><b>Mobile Responsive<\/b>.<br>Anpassbar an jede Bildschirmaufl\u00f6sung: Das Widget zeigt Inhalte optimal an. <\/li><li><b>Vordefinierte Layouts<\/b>.<br>Schieberegler oder Raster und 8 vordefinierte Beitragsvorlagen \u2013 von Kachel bis Klassisch.<\/li><li><p><strong>Erh\u00f6hen Sie den Zeitaufwand auf einer Website.<\/strong><br>Menschen scrollen durch Beitr\u00e4ge und erfreuen sich l\u00e4nger an ansprechenden Fotos.<\/p><\/li><li><p><strong>Das Widget steigert das Engagement.<\/strong><br>Website-Besucher interagieren mit diesem vertrauten Tool und Sie werden st\u00e4rker einbezogen.<\/p><\/li><li><p><strong>Es macht Ihre Website zu einer Drehscheibe f\u00fcr soziale Plattformen.<\/strong><br> Es ist eine gute Idee, Social-Media-Inhalte direkt auf Ihrer Website zu pr\u00e4sentieren und mehr Follower auf sozialen Plattformen zu gewinnen.<\/p><\/li><li><p><strong>Der Instagram-Feed wird zu einem integralen Bestandteil des Website-Designs.<\/strong><br>Dank aller Anpassungsoptionen k\u00f6nnen Sie eine Fotogalerie erstellen, die perfekt zum Erscheinungsbild der Website passt.<\/p><\/li><li><p><strong>Das ist nicht n\u00f6tig Studieren Sie die Instagram-API.<\/strong><br>Es gibt immer eine M\u00f6glichkeit, Instagram-Inhalte mithilfe einer offiziellen API auf einer Website zusammenzufassen, aber die Erstellung eines solchen Rasters wird sehr lange dauern.<\/p><\/li> <li><p><strong>Erh\u00f6hen Sie das Vertrauen in Ihre Marke.<\/strong><br>Wenn Sie auf der beliebten Plattform konsistent sind und dort gute Bewertungen haben, k\u00f6nnen Sie sicherstellen, dass potenzielle K\u00e4ufer eine vertrauensw\u00fcrdige Marke sind.<\/p><\/li><li><p><strong>Das Plugin versch\u00f6nert Ihre Website.<\/strong><br>Instagram-Profile sind immer erstaunlich und konvertierend. Betten Sie Instagram in WordPress ein, steigern Sie den Umsatz und dekorieren Sie Ihre Website.<\/p><\/li><\/ul><p><a href=\"#demo\">Probieren Sie einfach diese Demo aus, um zu sehen, wie es funktioniert <\/a><\/p><\/div> <div class=\"application-platform-content-item-installation application-platform-content-item\" id=\"installation\" data-nav-section=\"installation\"> <h2>Wie bette ich den Instagram-Feed in meine WordPress-Website ein? <\/h2><div class=\"video-container\"><iframe width=\"720\" height=\"405\" src=\"https:\/\/www.youtube.com\/embed\/HIGFce-qXhE\" frameborder=\"0\" allowfullscreen=\"\"><\/iframe><\/div><p>F\u00fchren Sie einfach die unten aufgef\u00fchrten Schritte aus, um den Instagram-Code einzubetten.<\/p> <ol><li><b>Starten Sie unseren kostenlosen Editor und beginnen Sie mit der Erstellung Ihres eigenen Plugin.<\/b><br> Geben Sie das gew\u00fcnschte Aussehen und die funktionalen Merkmale des Tools an und \u00fcbernehmen Sie die \u00c4nderungen. <\/li> <li><b>Holen Sie sich den individuellen Code, der in der speziellen Form auf Elfsight Apps erscheint. <\/b><br> Kopieren Sie unmittelbar nach der Einrichtung Ihres Plugins den einzelnen Code aus dem angezeigten Feld und speichern Sie ihn f\u00fcr die zuk\u00fcnftige Verwendung. <\/li> <li><b>Beginnen Sie mit der Verwendung des Plugins auf Ihrer WordPress-Website. <\/b><br> Betten Sie den zuvor kopierten Code des Plugins in Ihre Seite ein und speichern Sie die Verbesserungen. <\/li> <li><b>Die Einrichtung ist erfolgreich. <\/b><br> Gehen Sie auf Ihre Website, um die Funktionsweise des WordPress-Instagram-Feed-Plugins zu beobachten. <\/li><\/ol> <p>Falls Sie noch Fragen zum Hinzuf\u00fcgen des Instagram-Feed-Plugins zu WordPress haben, k\u00f6nnen Sie sich gerne an unser Support-Team wenden. Sie werden gerne alle Schwierigkeiten l\u00f6sen, die Sie mit dem Produkt haben k\u00f6nnten. <\/p> <\/div>\n","protected":false},"excerpt":{"rendered":"","protected":false},"author":9,"featured_media":0,"parent":29,"menu_order":0,"comment_status":"closed","ping_status":"closed","template":"templates\/template-application-platform.php","meta":{"publish_to_discourse":"","publish_post_category":"","wpdc_auto_publish_overridden":"","wpdc_topic_tags":"","wpdc_pin_topic":"","wpdc_pin_until":"","discourse_post_id":"","discourse_permalink":"","wpdc_publishing_response":"","wpdc_publishing_error":"","footnotes":""},"class_list":["post-4459","page","type-page","status-publish","hentry"],"yoast_head":"<!-- This site is optimized with the Yoast SEO plugin v25.3.1 - https:\/\/yoast.com\/wordpress\/plugins\/seo\/ -->\n<title>Wordpress Instagram Feed Plugin \u2013 Instagram zu Wordpress hinzuf\u00fcgen [2025]<\/title>\n<meta name=\"description\" content=\"Brandneues WordPress-Instagram-Plugin \u2013 InstaShow! Umfangreiche Anpassungsm\u00f6glichkeiten erm\u00f6glichen das Einbetten von Instagram-Feeds in die WordPress-Website!\" \/>\n<meta name=\"robots\" content=\"index, follow, max-snippet:-1, max-image-preview:large, max-video-preview:-1\" \/>\n<link rel=\"canonical\" href=\"https:\/\/elfsight.com\/de\/instagram-feed-instashow\/wordpress\/\" \/>\n<meta property=\"og:locale\" content=\"de_DE\" \/>\n<meta property=\"og:type\" content=\"article\" \/>\n<meta property=\"og:title\" content=\"Wordpress Instagram Feed Plugin \u2013 Instagram zu Wordpress hinzuf\u00fcgen [2025]\" \/>\n<meta property=\"og:description\" content=\"Brandneues WordPress-Instagram-Plugin \u2013 InstaShow! Umfangreiche Anpassungsm\u00f6glichkeiten erm\u00f6glichen das Einbetten von Instagram-Feeds in die WordPress-Website!\" \/>\n<meta property=\"og:url\" content=\"https:\/\/elfsight.com\/de\/instagram-feed-instashow\/wordpress\/\" \/>\n<meta property=\"og:site_name\" content=\"Elfsight DE\" \/>\n<meta property=\"article:modified_time\" content=\"2024-12-25T12:57:31+00:00\" \/>\n<meta name=\"twitter:card\" content=\"summary_large_image\" \/>\n<meta name=\"twitter:label1\" content=\"Gesch\u00e4tzte Lesezeit\" \/>\n\t<meta name=\"twitter:data1\" content=\"5\u00a0Minuten\" \/>\n<!-- \/ Yoast SEO plugin. -->","yoast_head_json":{"title":"Wordpress Instagram Feed Plugin \u2013 Instagram zu Wordpress hinzuf\u00fcgen [2025]","description":"Brandneues WordPress-Instagram-Plugin \u2013 InstaShow! Umfangreiche Anpassungsm\u00f6glichkeiten erm\u00f6glichen das Einbetten von Instagram-Feeds in die WordPress-Website!","robots":{"index":"index","follow":"follow","max-snippet":"max-snippet:-1","max-image-preview":"max-image-preview:large","max-video-preview":"max-video-preview:-1"},"canonical":"https:\/\/elfsight.com\/de\/instagram-feed-instashow\/wordpress\/","og_locale":"de_DE","og_type":"article","og_title":"Wordpress Instagram Feed Plugin \u2013 Instagram zu Wordpress hinzuf\u00fcgen [2025]","og_description":"Brandneues WordPress-Instagram-Plugin \u2013 InstaShow! Umfangreiche Anpassungsm\u00f6glichkeiten erm\u00f6glichen das Einbetten von Instagram-Feeds in die WordPress-Website!","og_url":"https:\/\/elfsight.com\/de\/instagram-feed-instashow\/wordpress\/","og_site_name":"Elfsight DE","article_modified_time":"2024-12-25T12:57:31+00:00","twitter_card":"summary_large_image","twitter_misc":{"Gesch\u00e4tzte Lesezeit":"5\u00a0Minuten"},"schema":{"@context":"https:\/\/schema.org","@graph":[{"@type":"WebPage","@id":"https:\/\/elfsight.com\/de\/instagram-feed-instashow\/wordpress\/","url":"https:\/\/elfsight.com\/de\/instagram-feed-instashow\/wordpress\/","name":"Wordpress Instagram Feed Plugin \u2013 Instagram zu Wordpress hinzuf\u00fcgen [2025]","isPartOf":{"@id":"https:\/\/elfsight.com\/de\/#website"},"datePublished":"2024-05-03T06:39:50+00:00","dateModified":"2024-12-25T12:57:31+00:00","description":"Brandneues WordPress-Instagram-Plugin \u2013 InstaShow! Umfangreiche Anpassungsm\u00f6glichkeiten erm\u00f6glichen das Einbetten von Instagram-Feeds in die WordPress-Website!","breadcrumb":{"@id":"https:\/\/elfsight.com\/de\/instagram-feed-instashow\/wordpress\/#breadcrumb"},"inLanguage":"de","potentialAction":[{"@type":"ReadAction","target":["https:\/\/elfsight.com\/de\/instagram-feed-instashow\/wordpress\/"]}]},{"@type":"BreadcrumbList","@id":"https:\/\/elfsight.com\/de\/instagram-feed-instashow\/wordpress\/#breadcrumb","itemListElement":[{"@type":"ListItem","position":1,"name":"Home","item":"https:\/\/elfsight.com\/de\/"},{"@type":"ListItem","position":2,"name":"Instagram Feed","item":"https:\/\/elfsight.com\/de\/instagram-feed-instashow\/"},{"@type":"ListItem","position":3,"name":"Instagram Feed &#8211; WordPress"}]},{"@type":"WebSite","@id":"https:\/\/elfsight.com\/de\/#website","url":"https:\/\/elfsight.com\/de\/","name":"Elfsight DE","description":"Just another Elfsight Sites site","potentialAction":[{"@type":"SearchAction","target":{"@type":"EntryPoint","urlTemplate":"https:\/\/elfsight.com\/de\/?s={search_term_string}"},"query-input":{"@type":"PropertyValueSpecification","valueRequired":true,"valueName":"search_term_string"}}],"inLanguage":"de"}]}},"meta_box":{"industry":"","seo_heading":"","heading":"","description":"","cta_heading":"","cta_description":"","application":"14","h1":"WordPress-Instagram-Feed-Plugin","h1_caption":"F\u00fcgen Sie Beitr\u00e4ge von Ihrem Instagram-Konto oder per Hashtag hinzu und bieten Sie so die beste M\u00f6glichkeit, m\u00fchelos einen dynamischen Instagram-Feed auf Ihrer Website in Ihrer WordPress-Website zu pr\u00e4sentieren.","application_category":[],"applications_title":"","applications_request_title":"","applications_request_button_text":"","hero_text":"","hero_video":"","hero_video_schema_markup":"","selling_points_title":"","selling_points_caption":"","selling_points":[],"selling_points_cta_text":"","features_title":"","features":"","ed_cta_examples_text":"","ed_cta_examples_hidden":"","ed_cta_demo_text":"","ed_cta_demo_hidden":"","why_caption":"","why_editor_title":"","why_editor_text":"","why_team_title":"","why_team_text":"","why_service_title":"","why_service_text":"","template_catalog_visible":"0","template_catalog_title":"","template_catalog_text":"","template_catalog_categories_visible":"","demo_title":"Erstellen Sie Ihr Instagram-Feed-Plugin","demo_caption":"Konfigurieren Sie Ihren Instagram-Feed und f\u00fcgen Sie ihn kostenlos zu Ihrer WordPress-Website hinzu!","default_faq_hidden":"","app_template_category":[],"platform":"266","template_public_id":"","codecanyon_url":"","codecanyon_item_id":"","codecanyon_price":"","pricing_caption":"","pricing_elfsight_apps_hide_column":"","pricing_elfsight_apps_url":"","pricing_codecanyon_price_caption":"","integration_category":[],"integration_request_title":"","integration_request_cta":"","integration_platform":"","integrations":[],"platform_category":[],"video_schema_markup":"","price":"ab 0 $ \/ Monat","trial":"","benefits":[{"text":"Kostenlose Installationshilfe"},{"text":"Au\u00dfergew\u00f6hnlicher Support"},{"text":"14-t\u00e4gige R\u00fcckerstattungsgarantie"},{"text":"Laufende Verbesserungen"}],"button_url":"#demo","button_target_blank":"0","button_nofollow":"0","attributes":[{"name":"Installiert","content":"100,000 - 500,000","_state":"expanded"},{"name":"Reaktionsfreudig","content":"Ja","_state":"expanded"},{"name":"Kompatible Browser","content":"Firefox, Safari, Opera, Chrome, Edge"}],"tags":[],"tags_disable_links":"0","hide_more_platforms":"","video_object":"{\r\n  \"@context\": \"http:\/\/schema.org\",\r\n  \"@type\": \"VideoObject\",\r\n  \"name\": \"How to Add Instagram Feed to WordPress (2021)\",\r\n  \"description\": \"Learn how to add Instagram plugin to WordPress website for free. A guide on embedding Instagram posts on WordPress without coding.\",\r\n  \"thumbnailUrl\": \"https:\/\/i.ytimg.com\/vi\/HIGFce-qXhE\/default.jpg\",\r\n  \"uploadDate\": \"2020-01-14T16:57:51Z\",\r\n  \"duration\": \"PT2M23S\",\r\n  \"embedUrl\": \"https:\/\/www.youtube.com\/embed\/HIGFce-qXhE\",\r\n  \"interactionCount\": \"8682\"\r\n}","demo_hide_cta":"0","demo_hide_cloud_options":"0","pricing_title":"","pricing":[{"pricing_icon":"platform","pricing_title":"Elfsight Apps","pricing_title_caption":"Plattform\u00fcbergreifende digitale L\u00f6sung, die auf jeder Website funktioniert","pricing_price":"ab 0 $ \/ Monat","pricing_price_caption":"Beginnen Sie mit einem kostenlosen Plan","pricing_benefits":[{"text":"Unbegrenzte Websites"},{"text":"Professionelle Unterst\u00fctzung"},{"text":"Kostenloser Installationsservice"},{"text":"100 % anpassbar"}],"pricing_button_text":"Zur Website hinzuf\u00fcgen","pricing_button_url":"#demo","pricing_button_nofollow":"1","_state":"expanded"}],"related_apps_title":"","related_apps_hidden":"1","author":"","image":[],"title":"","job":"","social_networks":[]},"_links":{"self":[{"href":"https:\/\/elfsight.com\/de\/wp-json\/wp\/v2\/pages\/4459","targetHints":{"allow":["GET"]}}],"collection":[{"href":"https:\/\/elfsight.com\/de\/wp-json\/wp\/v2\/pages"}],"about":[{"href":"https:\/\/elfsight.com\/de\/wp-json\/wp\/v2\/types\/page"}],"author":[{"embeddable":true,"href":"https:\/\/elfsight.com\/de\/wp-json\/wp\/v2\/users\/9"}],"replies":[{"embeddable":true,"href":"https:\/\/elfsight.com\/de\/wp-json\/wp\/v2\/comments?post=4459"}],"version-history":[{"count":9,"href":"https:\/\/elfsight.com\/de\/wp-json\/wp\/v2\/pages\/4459\/revisions"}],"predecessor-version":[{"id":23424,"href":"https:\/\/elfsight.com\/de\/wp-json\/wp\/v2\/pages\/4459\/revisions\/23424"}],"up":[{"embeddable":true,"href":"https:\/\/elfsight.com\/de\/wp-json\/wp\/v2\/pages\/29"}],"wp:attachment":[{"href":"https:\/\/elfsight.com\/de\/wp-json\/wp\/v2\/media?parent=4459"}],"curies":[{"name":"wp","href":"https:\/\/api.w.org\/{rel}","templated":true}]}}