{"id":4452,"date":"2024-05-03T06:37:48","date_gmt":"2024-05-03T06:37:48","guid":{"rendered":"https:\/\/elfsight.com\/de\/?page_id=4452"},"modified":"2026-01-14T14:35:06","modified_gmt":"2026-01-14T14:35:06","slug":"wordpress","status":"publish","type":"page","link":"https:\/\/elfsight.com\/de\/online-form-builder\/wordpress\/","title":{"rendered":"Form Builder &#8211; WordPress"},"content":{"rendered":"\n<div class=\"application-platform-content-item-description application-platform-content-item\" id=\"description\" data-nav-section=\"description\"><h2>Form Builder mit dem Elfsight-Widget in WordPress einbetten<\/h2><p>Der beste Form Builder von Elfsight ist ein universelles Plugin zum Erstellen verschiedener Arten von Ausf\u00fcllformularen und betten Sie sie in Ihre Webressource ein. Erhalten Sie Informationen von Ihren aktuellen und m\u00f6glichen Benutzern \u00fcber einfach auszuf\u00fcllende Umfragen, Feedback-Formulare, Bewertungsanfragen und alle anderen Kategorien. Steuern Sie die Formularzusammensetzung, w\u00e4hlen Sie Elemente aus, um personalisierte Formulare zu erstellen, die dabei helfen, Erkenntnisse von Kunden zu erhalten, und f\u00fcgen Sie ganz einfach ein Formular zu Ihrer WordPress-Website hinzu. Ganz gleich, nach welchen Arten von Daten Sie suchen: Gedanken, Bewertungen, Bestellungen und K\u00e4ufe \u2013 mit dem WordPress-Formular-Plugin k\u00f6nnen Sie ein entsprechendes Ausf\u00fcllformular daf\u00fcr erstellen. Dank flexibler Einrichtung und vielf\u00e4ltiger verf\u00fcgbarer Komponenten wird Ihr Formular f\u00fcr Ihre Kunden praktisch und f\u00fcr Sie ansprechend.<\/p><p><b>Sammeln Sie Kundenideen, bearbeiten Sie Buchungen und Anfragen Ihrer Website-Kunden!<\/b> <\/p><ul><li><b>Erstellen Sie attraktive Formulare, um mehr Feedback zu sammeln<\/b>.<br>Sie verf\u00fcgen \u00fcber eine gro\u00dfe Sammlung von Segmenten, mit denen Sie unterhaltsame und praktische Formulare erstellen k\u00f6nnen. Verschiedene Stiloptionen des Plugins von Elfsight erm\u00f6glichen es, es heller zu gestalten und mehr Benutzer zum Ausf\u00fcllen anzulocken.<\/li><li><b>Erh\u00f6hen Sie die Anzahl der Leads mit \u00fcberschaubaren Formularen<\/b>.<br>Tu es nicht Lassen Sie Ihre Kunden den F\u00fcllvorgang unvollendet zur\u00fccklassen und wertvolle Informationen verlieren. Erstellen Sie Formulare mit \u00fcberschaubaren Schritten und einfacher Zusammensetzung, die Kunden bis zum letzten Schritt binden und die Anzahl der Leads erh\u00f6hen.<\/li><li><b>Sparen Sie Zeit und Geld mit einem Mehrzweck-Tool<\/b>. <br>Dieses umfassende Plugin erm\u00f6glicht die Erstellung von Formen verschiedener Varianten mit unterschiedlichen Elements\u00e4tzen und einzigartigen Mustern. Dies wird Ihnen helfen, Formulare so zu gestalten, dass sie Daten verschiedener Art empfangen, ohne zus\u00e4tzliches Geld und Zeit aufzuwenden.<\/li><\/ul><\/div><div class=\"application-platform-content-item-features application-platform-content-item\" id=\"features\" data-nav-section=\"features\"><h2>Funktionen des Form Builder-Plugins<\/h2><p>Warum unser Form Builder nach wie vor eines der besten WodPress-Plugins f\u00fcr die Erfassung von Kundendaten ist?<\/p><ul><li>18 Feldtypen zur Erf\u00fcllung nahezu jeder Datenerfassungsaufgabe;<\/li><li> Bearbeitbarer Text der Schaltfl\u00e4che \u201eSenden\u201c;<\/li><li>Bearbeitbare Texte der Dankesnachricht und der Schaltfl\u00e4che zum wiederholten Ausf\u00fcllen des Formulars;<\/li><li>10 eingebettete Symbole f\u00fcr die schwebende Schaltfl\u00e4che;<\/li><li>A Smart Colorizer findet die maximale Kontrastfarbe f\u00fcr Text- und Benutzeroberfl\u00e4chenelemente abh\u00e4ngig von der von Ihnen gew\u00e4hlten Hauptfarbe.<\/li><\/ul><p><a href=\"#demo\">Lesen Sie die gesamte Liste der Funktionen in der Editor<\/a><\/p><\/div><div class=\"application-platform-content-item-installation application-platform-content-item\" id=\"installation\" data-nav-section=\"installation\"><h2>So f\u00fcgen Sie das Form Builder-Plugin zur WordPress-Website hinzu<\/h2><div class=\"video-container\">\n<iframe width=\"720\" height=\"405\" src=\"https:\/\/www.youtube.com\/embed\/ggI2EgqkDDY?si=FFrACu0H_CsCXgOq\" frameborder=\"0\" allowfullscreen=\"\"><\/iframe>\n<\/div><p>Einfach erf\u00fcllen Befolgen Sie die nachstehenden Richtlinien, um das Tool in WordPress einzubetten.<\/p><ol><li><b>Nutzen Sie unseren kostenlosen Editor und beginnen Sie mit der Erstellung Ihres ma\u00dfgeschneiderten Widgets. <\/b><br>Finden Sie die gew\u00fcnschte Benutzeroberfl\u00e4che und die gew\u00fcnschten Funktionen des Tools und speichern Sie die \u00c4nderungen.<\/li><li><b>Sie erhalten Ihren eindeutigen Code, der im Fenster von Elfsight Apps angezeigt wird. <\/b><br>Sobald die Konfiguration Ihres eigenen Form Builders abgeschlossen ist, kopieren Sie den einzelnen Code im angezeigten Fenster und bewahren Sie ihn f\u00fcr die zuk\u00fcnftige Verwendung auf.<\/li><li><b>Beginnen Sie mit der Verwendung des Widgets Ihre WordPress-Site. <\/b><br>Integrieren Sie den zuvor gespeicherten Code in Ihre Website und speichern Sie die Anpassungen.<\/li><li><b>Fertig! Die Integration ist vollst\u00e4ndig durchgef\u00fchrt. <\/b><br>Gehen Sie auf Ihre Website, um die Funktionsweise des Plugins zu \u00fcberpr\u00fcfen.<\/li><\/ol><p>Haben Sie Schwierigkeiten oder haben Sie Fragen zur Installation oder den Einstellungen des pers\u00f6nlichen Plugins? Siehe vollst\u00e4ndiges Handbuch \u201e<a href=\"https:\/\/elfsight.com\/blog\/how-to-create-form-for-wordpress\/\" target=\"_blank\" rel=\"noopener\">So f\u00fcgen Sie ein Formular-Plugin hinzu WordPress-Website<\/a>\u201c oder hinterlassen Sie Ihre Nachricht im Hilfecenter und unser Team hilft Ihnen gerne weiter.<\/p><\/div><div class=\"faq\" data-component=\"FAQ\"><div class=\"faq-item\">\r\n\t\t\t\t\t<div class=\"faq-item-question\">\r\n\t\t\t\t\t\t<h3 class=\"faq-item-question-text\">Wie sch\u00fctze ich WordPress-Formulardaten auf meinen Seiten?<\/h3>\r\n\r\n\t\t\t\t\t\t<div class=\"faq-item-question-icon\"><\/div>\r\n\t\t\t\t\t<\/div>\r\n\r\n\t\t\t\t\t<div class=\"faq-item-answer\">\r\n\t\t\t\t\t\t<div class=\"faq-item-answer-text\"><p>Unser Form Builder ist in den \u00fcberzeugendsten reCAPTCHA-Sicherheitsdienst integriert. Es wurde integriert, um Ihre Formulare und Ihr Postfach vor Spam zu sch\u00fctzen und eine reibungslose Arbeit und nur wertvolle Daten zu gew\u00e4hrleisten. <\/p><\/div>\r\n\t\t\t\t\t<\/div>\r\n\t\t\t\t<\/div><div class=\"faq-item\">\r\n\t\t\t\t\t<div class=\"faq-item-question\">\r\n\t\t\t\t\t\t<h3 class=\"faq-item-question-text\">Gibt es Vorlagen, die bedingte Logikformulare\/Mehrere Felder\/E-Mail-Formulare unterst\u00fctzen?<\/h3>\r\n\r\n\t\t\t\t\t\t<div class=\"faq-item-question-icon\"><\/div>\r\n\t\t\t\t\t<\/div>\r\n\r\n\t\t\t\t\t<div class=\"faq-item-answer\">\r\n\t\t\t\t\t\t<div class=\"faq-item-answer-text\"><p>Sicher! Sie m\u00fcssen sich lediglich bei Elfsight Apps anmelden, eine passende Vorlage ausw\u00e4hlen und dann mit der Erstellung Ihres benutzerdefinierten Widgets beginnen. <\/p><\/div>\r\n\t\t\t\t\t<\/div>\r\n\t\t\t\t<\/div><div class=\"faq-item\">\r\n\t\t\t\t\t<div class=\"faq-item-question\">\r\n\t\t\t\t\t\t<h3 class=\"faq-item-question-text\">Wie kann ich ein Kontakt-\/Feedback-Formular f\u00fcr die WordPress-Website erstellen?<\/h3>\r\n\r\n\t\t\t\t\t\t<div class=\"faq-item-question-icon\"><\/div>\r\n\t\t\t\t\t<\/div>\r\n\r\n\t\t\t\t\t<div class=\"faq-item-answer\">\r\n\t\t\t\t\t\t<div class=\"faq-item-answer-text\"><p>Um Ihr Kontakt- oder Feedback-Formular zu erstellen, m\u00fcssen Sie sich anmelden den Elfsight Apps-Dienst und nehmen Sie alle notwendigen \u00c4nderungen am Tool vor. Wenn Sie fertig sind, speichern Sie die \u00c4nderungen und fahren Sie mit der Website fort. So einfach ist das. <\/p><\/div>\r\n\t\t\t\t\t<\/div>\r\n\t\t\t\t<\/div><div class=\"faq-item\">\r\n\t\t\t\t\t<div class=\"faq-item-question\">\r\n\t\t\t\t\t\t<h3 class=\"faq-item-question-text\">Haben Sie vorgefertigte Form Builder-Vorlagen f\u00fcr die WordPress-Website?<\/h3>\r\n\r\n\t\t\t\t\t\t<div class=\"faq-item-question-icon\"><\/div>\r\n\t\t\t\t\t<\/div>\r\n\r\n\t\t\t\t\t<div class=\"faq-item-answer\">\r\n\t\t\t\t\t\t<div class=\"faq-item-answer-text\"><p>Ja. Unser Team hat hart daran gearbeitet, eine riesige Sammlung von \u00fcber 300 Vorlagen zu erstellen, wie zum Beispiel <a href=\"https:\/\/elfsight.com\/online-form-builder\/templates\/application-forms\/\">Bewerbungsformulare<\/a>, <a href=\"https:\/\/elfsight.com\/online-form-builder\/templates\/booking-forms\/\">Buchungsformulare<\/a>, <a href=\"https:\/\/elfsight.com\/online-form -builder\/templates\/order-forms\/\">Bestellformulare<\/a>, <a href=\"https:\/\/elfsight.com\/online-form-builder\/templates\/product-forms\/\">Produktformulare<\/a>, <a href=\"https:\/\/elfsight.com\/online-form-builder\/templates\/questionnaires\/\">Frageb\u00f6gen<\/a>, <a href=\"https:\/\/elfsight.com\/online-form- builder\/templates\/quizzes\/\">Quiz<\/a>, <a href=\"https:\/\/elfsight.com\/online-form-builder\/templates\/surveys\/\">Umfragen<\/a>, <a href=\"https:\/\/elfsight.com\/online-form-builder\/templates\/file-upload-forms\/\">Datei-Upload-Formulare<\/a> und viele andere. Mit den <a href=\"https:\/\/elfsight.com\/online-form-builder\/templates\/\">Form Builder-Vorlagen<\/a> wird es also nicht so schwierig sein, die richtige L\u00f6sung zu finden.<\/p> <\/div>\r\n\t\t\t\t\t<\/div>\r\n\t\t\t\t<\/div><\/div>\n","protected":false},"excerpt":{"rendered":"","protected":false},"author":9,"featured_media":0,"parent":829,"menu_order":0,"comment_status":"closed","ping_status":"closed","template":"templates\/template-application-platform.php","meta":{"publish_to_discourse":"","publish_post_category":"","wpdc_auto_publish_overridden":"","wpdc_topic_tags":"","wpdc_pin_topic":"","wpdc_pin_until":"","discourse_post_id":"","discourse_permalink":"","wpdc_publishing_response":"","wpdc_publishing_error":"","footnotes":""},"class_list":["post-4452","page","type-page","status-publish","hentry"],"yoast_head":"<!-- This site is optimized with the Yoast SEO plugin v25.3.1 - https:\/\/yoast.com\/wordpress\/plugins\/seo\/ -->\n<title>Erstellen und f\u00fcgen Sie kostenlos ein benutzerdefiniertes Formular in WordPress hinzu!<\/title>\n<meta name=\"description\" content=\"Erstellen Sie ein benutzerdefiniertes Form Builder-Plugin f\u00fcr die WordPress-Website. Installieren Sie Plugins in nur 3 Minuten kostenlos im schnellsten Widget-Panel.\" \/>\n<meta name=\"robots\" content=\"index, follow, max-snippet:-1, max-image-preview:large, max-video-preview:-1\" \/>\n<link rel=\"canonical\" href=\"https:\/\/elfsight.com\/de\/online-form-builder\/wordpress\/\" \/>\n<meta property=\"og:locale\" content=\"de_DE\" \/>\n<meta property=\"og:type\" content=\"article\" \/>\n<meta property=\"og:title\" content=\"Erstellen und f\u00fcgen Sie kostenlos ein benutzerdefiniertes Formular in WordPress hinzu!\" \/>\n<meta property=\"og:description\" content=\"Erstellen Sie ein benutzerdefiniertes Form Builder-Plugin f\u00fcr die WordPress-Website. Installieren Sie Plugins in nur 3 Minuten kostenlos im schnellsten Widget-Panel.\" \/>\n<meta property=\"og:url\" content=\"https:\/\/elfsight.com\/de\/online-form-builder\/wordpress\/\" \/>\n<meta property=\"og:site_name\" content=\"Elfsight DE\" \/>\n<meta property=\"article:modified_time\" content=\"2026-01-14T14:35:06+00:00\" \/>\n<meta name=\"twitter:card\" content=\"summary_large_image\" \/>\n<meta name=\"twitter:label1\" content=\"Gesch\u00e4tzte Lesezeit\" \/>\n\t<meta name=\"twitter:data1\" content=\"4\u00a0Minuten\" \/>\n<!-- \/ Yoast SEO plugin. -->","yoast_head_json":{"title":"Erstellen und f\u00fcgen Sie kostenlos ein benutzerdefiniertes Formular in WordPress hinzu!","description":"Erstellen Sie ein benutzerdefiniertes Form Builder-Plugin f\u00fcr die WordPress-Website. Installieren Sie Plugins in nur 3 Minuten kostenlos im schnellsten Widget-Panel.","robots":{"index":"index","follow":"follow","max-snippet":"max-snippet:-1","max-image-preview":"max-image-preview:large","max-video-preview":"max-video-preview:-1"},"canonical":"https:\/\/elfsight.com\/de\/online-form-builder\/wordpress\/","og_locale":"de_DE","og_type":"article","og_title":"Erstellen und f\u00fcgen Sie kostenlos ein benutzerdefiniertes Formular in WordPress hinzu!","og_description":"Erstellen Sie ein benutzerdefiniertes Form Builder-Plugin f\u00fcr die WordPress-Website. Installieren Sie Plugins in nur 3 Minuten kostenlos im schnellsten Widget-Panel.","og_url":"https:\/\/elfsight.com\/de\/online-form-builder\/wordpress\/","og_site_name":"Elfsight DE","article_modified_time":"2026-01-14T14:35:06+00:00","twitter_card":"summary_large_image","twitter_misc":{"Gesch\u00e4tzte Lesezeit":"4\u00a0Minuten"},"schema":{"@context":"https:\/\/schema.org","@graph":[{"@type":"WebPage","@id":"https:\/\/elfsight.com\/de\/online-form-builder\/wordpress\/","url":"https:\/\/elfsight.com\/de\/online-form-builder\/wordpress\/","name":"Erstellen und f\u00fcgen Sie kostenlos ein benutzerdefiniertes Formular in WordPress hinzu!","isPartOf":{"@id":"https:\/\/elfsight.com\/de\/#website"},"datePublished":"2024-05-03T06:37:48+00:00","dateModified":"2026-01-14T14:35:06+00:00","description":"Erstellen Sie ein benutzerdefiniertes Form Builder-Plugin f\u00fcr die WordPress-Website. Installieren Sie Plugins in nur 3 Minuten kostenlos im schnellsten Widget-Panel.","breadcrumb":{"@id":"https:\/\/elfsight.com\/de\/online-form-builder\/wordpress\/#breadcrumb"},"inLanguage":"de","potentialAction":[{"@type":"ReadAction","target":["https:\/\/elfsight.com\/de\/online-form-builder\/wordpress\/"]}]},{"@type":"BreadcrumbList","@id":"https:\/\/elfsight.com\/de\/online-form-builder\/wordpress\/#breadcrumb","itemListElement":[{"@type":"ListItem","position":1,"name":"Home","item":"https:\/\/elfsight.com\/de\/"},{"@type":"ListItem","position":2,"name":"Form Builder","item":"https:\/\/elfsight.com\/de\/online-form-builder\/"},{"@type":"ListItem","position":3,"name":"Form Builder &#8211; WordPress"}]},{"@type":"WebSite","@id":"https:\/\/elfsight.com\/de\/#website","url":"https:\/\/elfsight.com\/de\/","name":"Elfsight DE","description":"Just another Elfsight Sites site","potentialAction":[{"@type":"SearchAction","target":{"@type":"EntryPoint","urlTemplate":"https:\/\/elfsight.com\/de\/?s={search_term_string}"},"query-input":{"@type":"PropertyValueSpecification","valueRequired":true,"valueName":"search_term_string"}}],"inLanguage":"de"}]}},"meta_box":{"industry":"","seo_heading":"","heading":"","description":"","cta_heading":"","cta_description":"","application":"469","h1":"WordPress Form Builder-Plugin","h1_caption":"Informationen erstellen \u2013 Formulare verschiedenster Art in unkomplizierten Schritten sammeln","application_category":[],"applications_title":"","applications_request_title":"","applications_request_button_text":"","hero_text":"","hero_video":"","hero_video_schema_markup":"","selling_points_title":"","selling_points_caption":"","selling_points":[],"selling_points_cta_text":"","features_title":"","features":"","ed_cta_examples_text":"","ed_cta_examples_hidden":"","ed_cta_demo_text":"","ed_cta_demo_hidden":"","why_caption":"","why_editor_title":"","why_editor_text":"","why_team_title":"","why_team_text":"","why_service_title":"","why_service_text":"","template_catalog_visible":"0","template_catalog_title":"","template_catalog_text":"","template_catalog_categories_visible":"","demo_title":"Erstellen Sie Ihr Form Builder-Plugin","demo_caption":"Konfigurieren Sie Ihren Form Builder und f\u00fcgen Sie ihn kostenlos zu Ihrer WordPress-Website hinzu!","default_faq_hidden":"","app_template_category":[],"platform":"266","template_public_id":"","codecanyon_url":"","codecanyon_item_id":"","codecanyon_price":"","pricing_caption":"","pricing_elfsight_apps_hide_column":"","pricing_elfsight_apps_url":"","pricing_codecanyon_price_caption":"","integration_category":[],"integration_request_title":"","integration_request_cta":"","integration_platform":"","integrations":[],"platform_category":[],"video_schema_markup":"","price":"ab 0 $ \/ Monat","trial":"","benefits":[{"text":"Kostenlose Installationshilfe"},{"text":"Effektiver Kundenservice"},{"text":"14-t\u00e4gige Geld-zur\u00fcck-Garantie"},{"text":"St\u00e4ndige Aktualisierung"}],"button_url":"#demo","button_target_blank":"0","button_nofollow":"0","attributes":[{"name":"Installiert","content":"100,000 - 500,000","_state":"expanded"},{"name":"Reaktionsfreudig","content":"Ja","_state":"expanded"},{"name":"Kompatible Browser","content":"Firefox, Safari, Opera, Chrome, Edge"}],"tags":[],"tags_disable_links":"0","hide_more_platforms":"0","video_object":"{\r\n  \"@context\": \"http:\/\/schema.org\",\r\n  \"@type\": \"VideoObject\",\r\n  \"name\": \"How to Add Form Builder to WordPress (2021)\",\r\n  \"description\": \"Create a customized best Form Builder plugin for WordPress website. Install extensive plugins in just 3 minutes for free in the quickest widget panel.\",\r\n  \"thumbnailUrl\": \"https:\/\/i.ytimg.com\/vi\/kkkCCwZJF7A\/default.jpg\",\r\n  \"uploadDate\": \"2020-06-05T15:43:58Z\",\r\n  \"duration\": \"PT2M16S\",\r\n  \"embedUrl\": \"https:\/\/www.youtube.com\/embed\/kkkCCwZJF7A\",\r\n  \"interactionCount\": \"200\"\r\n}","demo_hide_cta":"0","demo_hide_cloud_options":"1","pricing_title":"","pricing":[{"pricing_icon":"platform","pricing_title":"Elfsight Apps","pricing_title_caption":"Plattform\u00fcbergreifende digitale L\u00f6sung, die auf jeder Website funktioniert","pricing_price":"ab 0 $ \/ Monat","pricing_price_caption":"Beginnen Sie mit einem kostenlosen Plan","pricing_benefits":[{"text":"Unbegrenzte Websites"},{"text":"Schneller Kundensupport und gut dokumentiert"},{"text":"Kostenloser Installationsservice"},{"text":"Sonderpreis f\u00fcr mehrere Apps"}],"pricing_button_text":"Zur Website hinzuf\u00fcgen","pricing_button_url":"#demo","_state":"expanded"}],"related_apps_title":"","related_apps_hidden":"1","author":"","image":[],"title":"","job":"","social_networks":[]},"_links":{"self":[{"href":"https:\/\/elfsight.com\/de\/wp-json\/wp\/v2\/pages\/4452","targetHints":{"allow":["GET"]}}],"collection":[{"href":"https:\/\/elfsight.com\/de\/wp-json\/wp\/v2\/pages"}],"about":[{"href":"https:\/\/elfsight.com\/de\/wp-json\/wp\/v2\/types\/page"}],"author":[{"embeddable":true,"href":"https:\/\/elfsight.com\/de\/wp-json\/wp\/v2\/users\/9"}],"replies":[{"embeddable":true,"href":"https:\/\/elfsight.com\/de\/wp-json\/wp\/v2\/comments?post=4452"}],"version-history":[{"count":12,"href":"https:\/\/elfsight.com\/de\/wp-json\/wp\/v2\/pages\/4452\/revisions"}],"predecessor-version":[{"id":25596,"href":"https:\/\/elfsight.com\/de\/wp-json\/wp\/v2\/pages\/4452\/revisions\/25596"}],"up":[{"embeddable":true,"href":"https:\/\/elfsight.com\/de\/wp-json\/wp\/v2\/pages\/829"}],"wp:attachment":[{"href":"https:\/\/elfsight.com\/de\/wp-json\/wp\/v2\/media?parent=4452"}],"curies":[{"name":"wp","href":"https:\/\/api.w.org\/{rel}","templated":true}]}}