{"id":4448,"date":"1970-01-01T00:00:00","date_gmt":"1970-01-01T00:00:00","guid":{"rendered":"https:\/\/elfsight.com\/de\/?page_id=4448"},"modified":"2025-02-13T11:43:43","modified_gmt":"2025-02-13T11:43:43","slug":"wordpress","status":"publish","type":"page","link":"https:\/\/elfsight.com\/de\/social-media-share-buttons\/wordpress\/","title":{"rendered":"Social Share Buttons &#8211; WordPress"},"content":{"rendered":"\n<div class=\"application-platform-content-item-description application-platform-content-item\" id=\"description\" data-nav-section=\"description\"><h2>Embed Social Share Buttons in WordPress mit dem Elfsight-Widget<\/h2><p>Ein intuitives Plugin, das f\u00fcr jede Website geeignet ist und Ihnen helfen wird Benutzer teilen Ihre Website-Inhalte in sozialen Netzwerken. Erh\u00f6hen Sie die Popularit\u00e4t Ihrer Marke auf Google+, Facebook, LinkedIn und anderen Ressourcen, gewinnen Sie mehr Follower und erregen Sie Aufmerksamkeit f\u00fcr Ihre Website.<\/p><p><b>Erregen Sie mehr Aufrufe und Leser aus sozialen Netzwerken!<\/b><\/p><ul><li><b>Umfassende Verbreitung von Publikationen und Produkten in sozialen Medien<\/b>.<br>Mit einer \u00fcbersichtlichen Benutzeroberfl\u00e4che und leistungsstarken Funktionen werden Ihre Inhalte mit nur einem Klick aktiv in allen verbreitet Social Media ohne gro\u00dfen Aufwand.<\/li><li><b>Bewerben Sie attraktive Inhalte und vergr\u00f6\u00dfern Sie Ihr Publikum<\/b>.<br>Geben Sie Ihren Lesern die M\u00f6glichkeit, die Inhalte, die ihnen gefallen, einfach und schnell zu verbreiten. Erreichen Sie ein neues Publikum.<\/li><li><b>Erh\u00f6hen Sie die Anzahl der Besuche auf Ihrer Website<\/b>.<br>Bringen Sie durch aktive Positionierung in sozialen Netzwerken neue Leser auf Ihre Website und erleben Sie eine Steigerung der Klickrate .<\/li><li><b>Ein schnelles Instrument, um neue Abonnenten in sozialen Netzwerken zu gewinnen<\/b>.<br>Erstellen Sie beliebte Inhalte und geben Sie Ihren Lesern die M\u00f6glichkeit, diese auf ihren Seiten in sozialen Netzwerken zu bewerben.<\/li><\/ul><\/div><div class=\"faq\" data-component=\"FAQ\"><div class=\"faq-item\">\r\n\t\t\t\t\t<div class=\"faq-item-question\">\r\n\t\t\t\t\t\t<h3 class=\"faq-item-question-text\">Wie bette ich Share Buttons in die WordPress-Website ein?<\/h3>\r\n\r\n\t\t\t\t\t\t<div class=\"faq-item-question-icon\"><\/div>\r\n\t\t\t\t\t<\/div>\r\n\r\n\t\t\t\t\t<div class=\"faq-item-answer\">\r\n\t\t\t\t\t\t<div class=\"faq-item-answer-text\"><p>Die Erstellung des Widgets wird auf den Elfsight-Seiten durchgef\u00fchrt und Sie m\u00fcssen nicht programmieren. Wenden Sie unsere Online-Demo an, um Ihr Tool anzupassen, den Code zu erwerben und ihn in Ihre Website einzubetten. <\/p><\/div>\r\n\t\t\t\t\t<\/div>\r\n\t\t\t\t<\/div><div class=\"faq-item\">\r\n\t\t\t\t\t<div class=\"faq-item-question\">\r\n\t\t\t\t\t\t<h3 class=\"faq-item-question-text\">Wie kann ich mithilfe von Elfsight-Plugins ein Social Grid oder eine Share-Liste erhalten?<\/h3>\r\n\r\n\t\t\t\t\t\t<div class=\"faq-item-question-icon\"><\/div>\r\n\t\t\t\t\t<\/div>\r\n\r\n\t\t\t\t\t<div class=\"faq-item-answer\">\r\n\t\t\t\t\t\t<div class=\"faq-item-answer-text\"><p>Eine Vielzahl von Vorlagen ist verf\u00fcgbar: Galerie, Liste, Raster, Mauerwerk, Futter und viele andere, sowie anpassbare Layout-Anpassungen passend zu Ihren Gegebenheiten. Es steht Ihnen frei, fast alles zu gestalten, was Ihnen fehlt. <\/p><\/div>\r\n\t\t\t\t\t<\/div>\r\n\t\t\t\t<\/div><div class=\"faq-item\">\r\n\t\t\t\t\t<div class=\"faq-item-question\">\r\n\t\t\t\t\t\t<h3 class=\"faq-item-question-text\">Mein Share-Buttons-Widget funktioniert nicht \/ wird nicht aktualisiert<\/h3>\r\n\r\n\t\t\t\t\t\t<div class=\"faq-item-question-icon\"><\/div>\r\n\t\t\t\t\t<\/div>\r\n\r\n\t\t\t\t\t<div class=\"faq-item-answer\">\r\n\t\t\t\t\t\t<div class=\"faq-item-answer-text\"><p>Falls Sie Probleme mit den Social Share-Widgets haben, wenden Sie sich an die Kundenbetreuer. Der Support ist f\u00fcr alle Elfsight-Kunden absolut kostenlos. <\/p><\/div>\r\n\t\t\t\t\t<\/div>\r\n\t\t\t\t<\/div><\/div><div class=\"application-platform-content-item-features application-platform-content-item\" id=\"features\" data-nav-section=\"features\"><h2>Hauptfunktionen des Social Share Buttons-Widgets<\/h2><p>Was macht Elfsight Social Media Buttons zum besten aller WordPress Shares? Plugins? Pr\u00fcfen Sie unsere grundlegenden Vorteile:<\/p><ul><li>Duplizieren und ordnen Sie die Schaltfl\u00e4chen nach Bedarf neu;<\/li><li>2 Layouts: Inline und Floating;<\/li><li>Legen Sie die Schaltfl\u00e4chenbreite fest; <\/li><li>Anpassbare Transparenz der Schaltfl\u00e4chen;<\/li><li>Kostenloser Installationsservice.<\/li><\/ul><p><a href=\"#demo\">Mehr Funktionen in einer kostenlosen Demo<\/a><\/p><\/div><div class=\"application-platform-content-item-installation application-platform-content-item\" id=\"installation\" data-nav-section=\"installation\"><h2>So f\u00fcgen Sie Social Share Buttons zu WordPress hinzu<\/h2><div class=\"video-container\"><iframe src=\"https:\/\/www.youtube.com\/embed\/Hcu9pefX6Ao\" width=\"720\" height=\"405\" frameborder=\"0\" allowfullscreen=\"allowfullscreen\"><\/iframe><\/div><p>F\u00fchren Sie einfach ein paar Schritte aus Nachfolgend wird beschrieben, wie Sie mit der Verwendung des Tools auf WordPress beginnen k\u00f6nnen.<\/p> <ol><li><b>Starten Sie unsere kostenlose Demo und beginnen Sie mit der Erstellung Ihres einzigartigen Widgets. <\/b><br> W\u00e4hlen Sie das gew\u00fcnschte Design und die Eigenschaften des Werkzeugs und speichern Sie die Korrekturen. <\/li> <li><b>Erhalten Sie Ihren pers\u00f6nlichen Code, der im Fenster von Elfsight Apps angezeigt wird. <\/b><br> Sobald die Konfiguration Ihres Social Share Buttons-Plugins abgeschlossen ist, kopieren Sie den einzelnen Code im erscheinenden Fenster und bewahren Sie ihn f\u00fcr die sp\u00e4tere Verwendung auf. <\/li> <li><b>Initiieren Sie die Anwendung des Tools auf Ihrer WordPress-Website. <\/b><br> F\u00fcgen Sie den zuvor gespeicherten Code in Ihre Website ein und wenden Sie die Verbesserungen an. <\/li> <li><b>Die Installation wurde erfolgreich durchgef\u00fchrt. <\/b><br> Besuchen Sie Ihre Seite, um die Arbeit des Tools zu beobachten. <\/li><\/ol> <p>Ben\u00f6tigen Sie Unterst\u00fctzung beim Hinzuf\u00fcgen oder Einrichten Ihres Social-Share-Plugins? Das Elfsight-Team hilft Ihnen gerne weiter und schl\u00e4gt eine L\u00f6sung vor! Mit unserer vollst\u00e4ndigen Anleitung &#8222;<a href=\"https:\/\/elfsight.com\/tutorials\/how-to-add-social-share-buttons-to-wordpress-website\/\" target=\"_blank k\u00f6nnen Sie das Problem auch selbst angehen \" rel=\"noopener noreferrer\">So installieren Sie Social Media Buttons auf einer WordPress-Site<\/a>&#8222;. <\/p><\/div>\n","protected":false},"excerpt":{"rendered":"","protected":false},"author":9,"featured_media":0,"parent":983,"menu_order":0,"comment_status":"closed","ping_status":"closed","template":"templates\/template-application-platform.php","meta":{"publish_to_discourse":"","publish_post_category":"","wpdc_auto_publish_overridden":"","wpdc_topic_tags":"","wpdc_pin_topic":"","wpdc_pin_until":"","discourse_post_id":"","discourse_permalink":"","wpdc_publishing_response":"","wpdc_publishing_error":"","footnotes":""},"class_list":["post-4448","page","type-page","status-publish","hentry"],"yoast_head":"<!-- This site is optimized with the Yoast SEO plugin v25.3.1 - https:\/\/yoast.com\/wordpress\/plugins\/seo\/ -->\n<title>Social Buttons \u2013 das beste WordPress-Share-Plugin (2026) \u2013 Elfsight<\/title>\n<meta name=\"description\" content=\"Richten Sie das Social Media Share Buttons-Plugin auf Ihrer WordPress-Website ein. Schnelle und einfache Erstellung beliebiger Website-Plugins durch Elfsight.\" \/>\n<meta name=\"robots\" content=\"index, follow, max-snippet:-1, max-image-preview:large, max-video-preview:-1\" \/>\n<link rel=\"canonical\" href=\"https:\/\/elfsight.com\/de\/social-media-share-buttons\/wordpress\/\" \/>\n<meta property=\"og:locale\" content=\"de_DE\" \/>\n<meta property=\"og:type\" content=\"article\" \/>\n<meta property=\"og:title\" content=\"Social Buttons \u2013 das beste WordPress-Share-Plugin (2026) \u2013 Elfsight\" \/>\n<meta property=\"og:description\" content=\"Richten Sie das Social Media Share Buttons-Plugin auf Ihrer WordPress-Website ein. Schnelle und einfache Erstellung beliebiger Website-Plugins durch Elfsight.\" \/>\n<meta property=\"og:url\" content=\"https:\/\/elfsight.com\/de\/social-media-share-buttons\/wordpress\/\" \/>\n<meta property=\"og:site_name\" content=\"Elfsight DE\" \/>\n<meta property=\"article:modified_time\" content=\"2025-02-13T11:43:43+00:00\" \/>\n<meta name=\"twitter:card\" content=\"summary_large_image\" \/>\n<meta name=\"twitter:label1\" content=\"Gesch\u00e4tzte Lesezeit\" \/>\n\t<meta name=\"twitter:data1\" content=\"4\u00a0Minuten\" \/>\n<!-- \/ Yoast SEO plugin. -->","yoast_head_json":{"title":"Social Buttons \u2013 das beste WordPress-Share-Plugin (2026) \u2013 Elfsight","description":"Richten Sie das Social Media Share Buttons-Plugin auf Ihrer WordPress-Website ein. Schnelle und einfache Erstellung beliebiger Website-Plugins durch Elfsight.","robots":{"index":"index","follow":"follow","max-snippet":"max-snippet:-1","max-image-preview":"max-image-preview:large","max-video-preview":"max-video-preview:-1"},"canonical":"https:\/\/elfsight.com\/de\/social-media-share-buttons\/wordpress\/","og_locale":"de_DE","og_type":"article","og_title":"Social Buttons \u2013 das beste WordPress-Share-Plugin (2026) \u2013 Elfsight","og_description":"Richten Sie das Social Media Share Buttons-Plugin auf Ihrer WordPress-Website ein. Schnelle und einfache Erstellung beliebiger Website-Plugins durch Elfsight.","og_url":"https:\/\/elfsight.com\/de\/social-media-share-buttons\/wordpress\/","og_site_name":"Elfsight DE","article_modified_time":"2025-02-13T11:43:43+00:00","twitter_card":"summary_large_image","twitter_misc":{"Gesch\u00e4tzte Lesezeit":"4\u00a0Minuten"},"schema":{"@context":"https:\/\/schema.org","@graph":[{"@type":"WebPage","@id":"https:\/\/elfsight.com\/de\/social-media-share-buttons\/wordpress\/","url":"https:\/\/elfsight.com\/de\/social-media-share-buttons\/wordpress\/","name":"Social Buttons \u2013 das beste WordPress-Share-Plugin (2026) \u2013 Elfsight","isPartOf":{"@id":"https:\/\/elfsight.com\/de\/#website"},"datePublished":"1970-01-01T00:00:00+00:00","dateModified":"2025-02-13T11:43:43+00:00","description":"Richten Sie das Social Media Share Buttons-Plugin auf Ihrer WordPress-Website ein. Schnelle und einfache Erstellung beliebiger Website-Plugins durch Elfsight.","breadcrumb":{"@id":"https:\/\/elfsight.com\/de\/social-media-share-buttons\/wordpress\/#breadcrumb"},"inLanguage":"de","potentialAction":[{"@type":"ReadAction","target":["https:\/\/elfsight.com\/de\/social-media-share-buttons\/wordpress\/"]}]},{"@type":"BreadcrumbList","@id":"https:\/\/elfsight.com\/de\/social-media-share-buttons\/wordpress\/#breadcrumb","itemListElement":[{"@type":"ListItem","position":1,"name":"Home","item":"https:\/\/elfsight.com\/de\/"},{"@type":"ListItem","position":2,"name":"Social Share Buttons","item":"https:\/\/elfsight.com\/de\/social-media-share-buttons\/"},{"@type":"ListItem","position":3,"name":"Social Share Buttons &#8211; WordPress"}]},{"@type":"WebSite","@id":"https:\/\/elfsight.com\/de\/#website","url":"https:\/\/elfsight.com\/de\/","name":"Elfsight DE","description":"Just another Elfsight Sites site","potentialAction":[{"@type":"SearchAction","target":{"@type":"EntryPoint","urlTemplate":"https:\/\/elfsight.com\/de\/?s={search_term_string}"},"query-input":{"@type":"PropertyValueSpecification","valueRequired":true,"valueName":"search_term_string"}}],"inLanguage":"de"}]}},"meta_box":{"industry":"","seo_heading":"","heading":"","description":"","cta_heading":"","cta_description":"","application":"467","h1":"WordPress Share Buttons-Plugin","h1_caption":"F\u00fcgen Sie Ihrer Website Social-Media-Sharing-Buttons hinzu, damit Besucher Ihre Inhalte m\u00fchelos \u00fcber mehrere Plattformen hinweg auf Ihrer WordPress-Website teilen k\u00f6nnen.","application_category":[],"applications_title":"","applications_request_title":"","applications_request_button_text":"","hero_text":"","hero_video":"","hero_video_schema_markup":"","selling_points_title":"","selling_points_caption":"","selling_points":[],"selling_points_cta_text":"","features_title":"","features":"","ed_cta_examples_text":"","ed_cta_examples_hidden":"","ed_cta_demo_text":"","ed_cta_demo_hidden":"","why_caption":"","why_editor_title":"","why_editor_text":"","why_team_title":"","why_team_text":"","why_service_title":"","why_service_text":"","template_catalog_visible":"0","template_catalog_title":"","template_catalog_text":"","template_catalog_categories_visible":"","demo_title":"Erstellen Sie Ihr Social Share Buttons-Plugin","demo_caption":"Konfigurieren Sie Ihre Social Share Buttons und f\u00fcgen Sie sie kostenlos zu Ihrer WordPress-Website hinzu!","default_faq_hidden":"","app_template_category":[],"platform":"266","template_public_id":"","codecanyon_url":"","codecanyon_item_id":"","codecanyon_price":"","pricing_caption":"","pricing_elfsight_apps_hide_column":"","pricing_elfsight_apps_url":"","pricing_codecanyon_price_caption":"","integration_category":[],"integration_request_title":"","integration_request_cta":"","integration_platform":"","integrations":[],"platform_category":[],"video_schema_markup":"","price":"ab 0 $ \/ Monat","trial":"","benefits":[{"text":"Kostenlose Installationshilfe"},{"text":"Erfahrener Kundensupport"},{"text":"14-t\u00e4gige R\u00fcckerstattungsgarantie"},{"text":"Laufende Updates"}],"button_url":"#demo","button_target_blank":"0","button_nofollow":"0","attributes":[{"name":"Installiert","content":"10,000 - 100,000","_state":"expanded"},{"name":"Reaktionsfreudig","content":"Ja","_state":"expanded"},{"name":"Kompatible Browser","content":"Firefox, Safari, Opera, Chrome, Edge"}],"tags":[],"tags_disable_links":"0","hide_more_platforms":"0","video_object":"{\r\n  \"@context\": \"http:\/\/schema.org\",\r\n  \"@type\": \"VideoObject\",\r\n  \"name\": \"How to Add Share Buttons to WordPress (2021)\",\r\n  \"description\": \"Set up Social Media Share Buttons plugin on your WordPress website just in several minutes. Fast and simple creation of any website plugins by Elfsight.\",\r\n  \"thumbnailUrl\": \"https:\/\/i.ytimg.com\/vi\/Hcu9pefX6Ao\/default.jpg\",\r\n  \"uploadDate\": \"2021-01-14T08:55:31Z\",\r\n  \"duration\": \"PT2M24S\",\r\n  \"embedUrl\": \"https:\/\/www.youtube.com\/embed\/Hcu9pefX6Ao\",\r\n  \"interactionCount\": \"1\"\r\n}","demo_hide_cta":"1","demo_hide_cloud_options":"0","pricing_title":"","pricing":[{"pricing_icon":"platform","pricing_title":"Elfsight Apps","pricing_title_caption":"Multiplattform-Version, die auf jeder Site funktioniert","pricing_price":"ab 0 $ \/ Monat","pricing_price_caption":"Beginnen Sie mit einem kostenlosen Plan","pricing_benefits":[{"text":"Unbegrenzte Websites"},{"text":"Kostenloser und p\u00fcnktlicher Support und gut dokumentiert"},{"text":"Kostenloser Installationsservice"},{"text":"Sonderangebot f\u00fcr mehrere Apps"}],"pricing_button_text":"Zur Website hinzuf\u00fcgen","pricing_button_url":"#demo","_state":"expanded"}],"related_apps_title":"","related_apps_hidden":"1","author":"","image":[],"title":"","job":"","social_networks":[]},"_links":{"self":[{"href":"https:\/\/elfsight.com\/de\/wp-json\/wp\/v2\/pages\/4448","targetHints":{"allow":["GET"]}}],"collection":[{"href":"https:\/\/elfsight.com\/de\/wp-json\/wp\/v2\/pages"}],"about":[{"href":"https:\/\/elfsight.com\/de\/wp-json\/wp\/v2\/types\/page"}],"author":[{"embeddable":true,"href":"https:\/\/elfsight.com\/de\/wp-json\/wp\/v2\/users\/9"}],"replies":[{"embeddable":true,"href":"https:\/\/elfsight.com\/de\/wp-json\/wp\/v2\/comments?post=4448"}],"version-history":[{"count":9,"href":"https:\/\/elfsight.com\/de\/wp-json\/wp\/v2\/pages\/4448\/revisions"}],"predecessor-version":[{"id":24110,"href":"https:\/\/elfsight.com\/de\/wp-json\/wp\/v2\/pages\/4448\/revisions\/24110"}],"up":[{"embeddable":true,"href":"https:\/\/elfsight.com\/de\/wp-json\/wp\/v2\/pages\/983"}],"wp:attachment":[{"href":"https:\/\/elfsight.com\/de\/wp-json\/wp\/v2\/media?parent=4448"}],"curies":[{"name":"wp","href":"https:\/\/api.w.org\/{rel}","templated":true}]}}