{"id":4443,"date":"1970-01-01T00:00:00","date_gmt":"1970-01-01T00:00:00","guid":{"rendered":"https:\/\/elfsight.com\/de\/?page_id=4443"},"modified":"2026-01-13T13:51:33","modified_gmt":"2026-01-13T13:51:33","slug":"wordpress","status":"publish","type":"page","link":"https:\/\/elfsight.com\/de\/social-media-icons-widget\/wordpress\/","title":{"rendered":"Social Media Icons &#8211; WordPress"},"content":{"rendered":"\n<div class=\"application-platform-content-item-description application-platform-content-item\" id=\"description\" data-nav-section=\"description\">\n<h2>Etten Sie Social Media Icons in WordPress mit dem Elfsight-Widget ein<\/h2>\n<p>Ein praktisches und effizientes Plugin f\u00fcr Social Media Icons von Elfsight, das Ihre Website mit den erforderlichen sozialen Netzwerken verbindet. St\u00e4rken Sie die Beziehung zu Ihren Nutzern und machen Sie sie zu Ihren Fans. Das Plugin bietet ein responsives Layout, umfassende Anpassungsoptionen f\u00fcr Farbschemata und Design sowie vorgefertigte Symbole f\u00fcr alle gro\u00dfen sozialen Netzwerke.<\/p>\n<p><b>Verbessern Sie die Reichweite Ihrer Marke in sozialen Netzwerken.<\/b><\/p>\n<ul>\n    <li><b>Gewinnen Sie neue Fans<\/b>.<br>Erstellen Sie einen direkten Zugang zu Ihren Social-Media-Profilen und erh\u00f6hen Sie die Wahrscheinlichkeit, dass Ihre Website-Besucher zu Ihren Fans werden.<\/li>\n    <li><b>Erh\u00f6hen Sie die Reichweite Ihrer Social-Media-Konten<\/b>.<br>Ziehen Sie kontinuierlich neue Leser an und machen Sie sie zu Ihren Abonnenten.<\/li>\n    <li><b>Bleiben Sie immer mit den Nutzern in Kontakt<\/b>.<br>Erm\u00f6glichen Sie es Ihren Besuchern, \u00fcber zus\u00e4tzliche Kommunikationsmittel wie soziale Netzwerke Kontakt aufzunehmen und Unterst\u00fctzung zu erhalten.<\/li>\n    <li><b>Erh\u00f6hen Sie die Interaktion mit Ihren Nutzern<\/b>.<br>Bieten Sie Ihren aktuellen und potenziellen Kunden mehr M\u00f6glichkeiten, mit Ihnen in Kontakt zu treten, und verbessern Sie die Qualit\u00e4t des Supports.<\/li>\n<\/ul>\n<\/div>\n\n<div class=\"faq\" data-component=\"FAQ\">\n<div class=\"faq-item\">\r\n\t\t\t\t\t<div class=\"faq-item-question\">\r\n\t\t\t\t\t\t<h3 class=\"faq-item-question-text\">Wie bette ich Social Media Icons in meine WordPress-Website ein?<\/h3>\r\n\r\n\t\t\t\t\t\t<div class=\"faq-item-question-icon\"><\/div>\r\n\t\t\t\t\t<\/div>\r\n\r\n\t\t\t\t\t<div class=\"faq-item-answer\">\r\n\t\t\t\t\t\t<div class=\"faq-item-answer-text\">\n<p>Die Erstellung des Widgets erfolgt \u00fcber die Elfsight-Plattform, und es ist keine Programmierung erforderlich. Nutzen Sie unsere Live-Demo, um Ihr pers\u00f6nliches Tool zu gestalten, den Code zu erhalten und diesen in Ihre Website einzuf\u00fcgen.<\/p>\n<\/div>\r\n\t\t\t\t\t<\/div>\r\n\t\t\t\t<\/div>\n<div class=\"faq-item\">\r\n\t\t\t\t\t<div class=\"faq-item-question\">\r\n\t\t\t\t\t\t<h3 class=\"faq-item-question-text\">Kann ich schwarze Social Media Icons \u00fcber Ihre Widgets erhalten?<\/h3>\r\n\r\n\t\t\t\t\t\t<div class=\"faq-item-question-icon\"><\/div>\r\n\t\t\t\t\t<\/div>\r\n\r\n\t\t\t\t\t<div class=\"faq-item-answer\">\r\n\t\t\t\t\t\t<div class=\"faq-item-answer-text\">\n<p>Eine Vielzahl von Vorlagen steht zur Verf\u00fcgung: Liste, Galerie, Mauerwerk, Feed, Grid und viele mehr, zusammen mit anpassbaren Layouteinstellungen, die Ihren Anforderungen gerecht werden. Sie k\u00f6nnen nahezu jedes gew\u00fcnschte Widget erstellen.<\/p>\n<\/div>\r\n\t\t\t\t\t<\/div>\r\n\t\t\t\t<\/div>\n<div class=\"faq-item\">\r\n\t\t\t\t\t<div class=\"faq-item-question\">\r\n\t\t\t\t\t\t<h3 class=\"faq-item-question-text\">Mein Social Icons Plugin funktioniert nicht oder wird nicht aktualisiert<\/h3>\r\n\r\n\t\t\t\t\t\t<div class=\"faq-item-question-icon\"><\/div>\r\n\t\t\t\t\t<\/div>\r\n\r\n\t\t\t\t\t<div class=\"faq-item-answer\">\r\n\t\t\t\t\t\t<div class=\"faq-item-answer-text\">\n<p>Wenn Sie Probleme mit den Social Media Widgets haben, hilft Ihnen unser Kundensupport weiter. Der Support ist f\u00fcr alle Elfsight-Kunden kostenlos.<\/p>\n<\/div>\r\n\t\t\t\t\t<\/div>\r\n\t\t\t\t<\/div>\n<\/div>\n\n<div class=\"application-platform-content-item-features application-platform-content-item\" id=\"features\" data-nav-section=\"features\">\n<h2>Hauptfunktionen des Social Media Icons-Widgets<\/h2>\n<p>Die wichtigsten Funktionen, die Elfsight Social Media Icons zu einem der besten WordPress-Plugins machen.<\/p>\n<ul>\n    <li>F\u00fcgen Sie neue soziale Netzwerke hinzu, indem Sie einfach eine URL zu Ihrem Profil eingeben.<\/li>\n    <li>\u00c4ndern Sie die Reihenfolge der Icons nach Belieben.<\/li>\n    <li>Inline-Layout zur Platzierung der Icons im Inhaltsbereich Ihrer Website.<\/li>\n    <li>Option f\u00fcr schwarze, native und wei\u00dfe Symbole beim Hover-Effekt.<\/li>\n    <li>Anpassbare Deckkraft der Symbole und beim Hover.<\/li>\n<\/ul>\n<p><a href=\"#demo\">Erkunden Sie die Hauptfunktionen in unserer Live-Demo<\/a><\/p>\n<\/div>\n\n<div class=\"application-platform-content-item-installation application-platform-content-item\" id=\"installation\" data-nav-section=\"installation\">\n<h2>So f\u00fcgen Sie das Social Media Icons Plugin zu WordPress hinzu<\/h2>\n<div class=\"video-container\"><iframe allowfullscreen=\"\" frameborder=\"0\" height=\"405\" src=\"https:\/\/www.youtube.com\/embed\/l8yWGCndKiI?si=3udcOgKX8vVwpkD6\" width=\"720\"><\/iframe><\/div>\n<p>Befolgen Sie einfach die unten beschriebenen Schritte, um das Plugin auf WordPress zu aktivieren.<\/p>\n<ol>\n    <li><b>\u00d6ffnen Sie unseren kostenlosen Editor und beginnen Sie mit der Erstellung Ihres individuellen Plugins.<\/b><br> W\u00e4hlen Sie das bevorzugte Design und die Einstellungen des Plugins und speichern Sie die \u00c4nderungen.<\/li>\n    <li><b>Erhalten Sie den individuellen Code, der in der Box auf Elfsight Apps angezeigt wird.<\/b><br> Nach Abschluss der Einrichtung Ihrer Social Media Icons kopieren Sie den Code aus dem angezeigten Feld und speichern Sie ihn zur weiteren Verwendung.<\/li>\n    <li><b>F\u00fcgen Sie den Code in Ihre WordPress-Website ein.<\/b><br> Integrieren Sie den k\u00fcrzlich kopierten Code in Ihre Website und speichern Sie die \u00c4nderungen.<\/li>\n    <li><b>Fertig! Die Einrichtung ist erfolgreich abgeschlossen.<\/b><br> Besuchen Sie Ihre Website, um zu sehen, wie das Plugin funktioniert.<\/li>\n<\/ol>\n<p>Ben\u00f6tigen Sie Hilfe bei der Einrichtung oder Anpassung des Social Icons Plugins? Unser Elfsight-Supportteam steht Ihnen zur Verf\u00fcgung! Alternativ k\u00f6nnen Sie die vollst\u00e4ndige Anleitung lesen: \u201e<a href=\"https:\/\/elfsight.com\/tutorials\/how-to-add-social-media-icons-to-a-wordpress-website\/\" target=\"_blank\" rel=\"noopener noreferrer\">So f\u00fcgen Sie Social Media Icons zu WordPress hinzu<\/a>\u201c.<\/p>\n<\/div>\n\n","protected":false},"excerpt":{"rendered":"","protected":false},"author":9,"featured_media":0,"parent":2084,"menu_order":0,"comment_status":"closed","ping_status":"closed","template":"templates\/template-application-platform.php","meta":{"publish_to_discourse":"","publish_post_category":"","wpdc_auto_publish_overridden":"","wpdc_topic_tags":"","wpdc_pin_topic":"","wpdc_pin_until":"","discourse_post_id":"","discourse_permalink":"","wpdc_publishing_response":"","wpdc_publishing_error":"","footnotes":""},"class_list":["post-4443","page","type-page","status-publish","hentry"],"yoast_head":"<!-- This site is optimized with the Yoast SEO plugin v25.3.1 - https:\/\/yoast.com\/wordpress\/plugins\/seo\/ -->\n<title>Das beste WordPress-Social-Media-Icons-Plugin ( 2026 ) \u2013 Elfsight<\/title>\n<meta name=\"description\" content=\"Probieren Sie jetzt das beste Social-Media-Icons-Plugin f\u00fcr WordPress aus. Gestalten Sie in nur wenigen Minuten einzigartige soziale Symbole f\u00fcr Ihre Website!\" \/>\n<meta name=\"robots\" content=\"index, follow, max-snippet:-1, max-image-preview:large, max-video-preview:-1\" \/>\n<link rel=\"canonical\" href=\"https:\/\/elfsight.com\/de\/social-media-icons-widget\/wordpress\/\" \/>\n<meta property=\"og:locale\" content=\"de_DE\" \/>\n<meta property=\"og:type\" content=\"article\" \/>\n<meta property=\"og:title\" content=\"Das beste WordPress-Social-Media-Icons-Plugin ( 2026 ) \u2013 Elfsight\" \/>\n<meta property=\"og:description\" content=\"Probieren Sie jetzt das beste Social-Media-Icons-Plugin f\u00fcr WordPress aus. Gestalten Sie in nur wenigen Minuten einzigartige soziale Symbole f\u00fcr Ihre Website!\" \/>\n<meta property=\"og:url\" content=\"https:\/\/elfsight.com\/de\/social-media-icons-widget\/wordpress\/\" \/>\n<meta property=\"og:site_name\" content=\"Elfsight DE\" \/>\n<meta property=\"article:modified_time\" content=\"2026-01-13T13:51:33+00:00\" \/>\n<meta name=\"twitter:card\" content=\"summary_large_image\" \/>\n<meta name=\"twitter:label1\" content=\"Gesch\u00e4tzte Lesezeit\" \/>\n\t<meta name=\"twitter:data1\" content=\"4\u00a0Minuten\" \/>\n<!-- \/ Yoast SEO plugin. -->","yoast_head_json":{"title":"Das beste WordPress-Social-Media-Icons-Plugin ( 2026 ) \u2013 Elfsight","description":"Probieren Sie jetzt das beste Social-Media-Icons-Plugin f\u00fcr WordPress aus. Gestalten Sie in nur wenigen Minuten einzigartige soziale Symbole f\u00fcr Ihre Website!","robots":{"index":"index","follow":"follow","max-snippet":"max-snippet:-1","max-image-preview":"max-image-preview:large","max-video-preview":"max-video-preview:-1"},"canonical":"https:\/\/elfsight.com\/de\/social-media-icons-widget\/wordpress\/","og_locale":"de_DE","og_type":"article","og_title":"Das beste WordPress-Social-Media-Icons-Plugin ( 2026 ) \u2013 Elfsight","og_description":"Probieren Sie jetzt das beste Social-Media-Icons-Plugin f\u00fcr WordPress aus. Gestalten Sie in nur wenigen Minuten einzigartige soziale Symbole f\u00fcr Ihre Website!","og_url":"https:\/\/elfsight.com\/de\/social-media-icons-widget\/wordpress\/","og_site_name":"Elfsight DE","article_modified_time":"2026-01-13T13:51:33+00:00","twitter_card":"summary_large_image","twitter_misc":{"Gesch\u00e4tzte Lesezeit":"4\u00a0Minuten"},"schema":{"@context":"https:\/\/schema.org","@graph":[{"@type":"WebPage","@id":"https:\/\/elfsight.com\/de\/social-media-icons-widget\/wordpress\/","url":"https:\/\/elfsight.com\/de\/social-media-icons-widget\/wordpress\/","name":"Das beste WordPress-Social-Media-Icons-Plugin ( 2026 ) \u2013 Elfsight","isPartOf":{"@id":"https:\/\/elfsight.com\/de\/#website"},"datePublished":"1970-01-01T00:00:00+00:00","dateModified":"2026-01-13T13:51:33+00:00","description":"Probieren Sie jetzt das beste Social-Media-Icons-Plugin f\u00fcr WordPress aus. Gestalten Sie in nur wenigen Minuten einzigartige soziale Symbole f\u00fcr Ihre Website!","breadcrumb":{"@id":"https:\/\/elfsight.com\/de\/social-media-icons-widget\/wordpress\/#breadcrumb"},"inLanguage":"de","potentialAction":[{"@type":"ReadAction","target":["https:\/\/elfsight.com\/de\/social-media-icons-widget\/wordpress\/"]}]},{"@type":"BreadcrumbList","@id":"https:\/\/elfsight.com\/de\/social-media-icons-widget\/wordpress\/#breadcrumb","itemListElement":[{"@type":"ListItem","position":1,"name":"Home","item":"https:\/\/elfsight.com\/de\/"},{"@type":"ListItem","position":2,"name":"Social Media Icons","item":"https:\/\/elfsight.com\/de\/social-media-icons-widget\/"},{"@type":"ListItem","position":3,"name":"Social Media Icons &#8211; WordPress"}]},{"@type":"WebSite","@id":"https:\/\/elfsight.com\/de\/#website","url":"https:\/\/elfsight.com\/de\/","name":"Elfsight DE","description":"Just another Elfsight Sites site","potentialAction":[{"@type":"SearchAction","target":{"@type":"EntryPoint","urlTemplate":"https:\/\/elfsight.com\/de\/?s={search_term_string}"},"query-input":{"@type":"PropertyValueSpecification","valueRequired":true,"valueName":"search_term_string"}}],"inLanguage":"de"}]}},"meta_box":{"industry":"","seo_heading":"","heading":"","description":"","cta_heading":"","cta_description":"","application":"466","h1":"WordPress Social Icons-Plugin","h1_caption":"F\u00fcgen Sie Symbole hinzu, die auf Ihre Social-Media-Profile verweisen, damit Besucher problemlos plattform\u00fcbergreifend auf Ihrer WordPress-Website mit Ihnen in Kontakt treten k\u00f6nnen.","application_category":[],"applications_title":"","applications_request_title":"","applications_request_button_text":"","hero_text":"","hero_video":"","hero_video_schema_markup":"","selling_points_title":"","selling_points_caption":"","selling_points":[],"selling_points_cta_text":"","features_title":"","features":"","ed_cta_examples_text":"","ed_cta_examples_hidden":"","ed_cta_demo_text":"","ed_cta_demo_hidden":"","why_caption":"","why_editor_title":"","why_editor_text":"","why_team_title":"","why_team_text":"","why_service_title":"","why_service_text":"","template_catalog_visible":"0","template_catalog_title":"","template_catalog_text":"","template_catalog_categories_visible":"","demo_title":"Erstellen Sie Ihr Social-Media-Icons-Plugin","demo_caption":"Konfigurieren Sie Ihre Social-Media-Symbole und f\u00fcgen Sie sie kostenlos zu Ihrer WordPress-Website hinzu!","default_faq_hidden":"","app_template_category":[],"platform":"266","template_public_id":"","codecanyon_url":"","codecanyon_item_id":"","codecanyon_price":"","pricing_caption":"","pricing_elfsight_apps_hide_column":"","pricing_elfsight_apps_url":"","pricing_codecanyon_price_caption":"","integration_category":[],"integration_request_title":"","integration_request_cta":"","integration_platform":"","integrations":[],"platform_category":[],"video_schema_markup":"","price":"ab 0 $ \/ Monat","trial":"","benefits":[{"text":"Kostenlose Installationsunterst\u00fctzung"},{"text":"Au\u00dfergew\u00f6hnlicher Support"},{"text":"14-t\u00e4gige R\u00fcckerstattungsgarantie"},{"text":"Regelm\u00e4\u00dfige Verbesserungen"}],"button_url":"#demo","button_target_blank":"0","button_nofollow":"0","attributes":[{"name":"Installiert","content":"10,000 - 100,000","_state":"expanded"},{"name":"Reaktionsfreudig","content":"Ja","_state":"expanded"},{"name":"Kompatible Browser","content":"Firefox, Safari, Opera, Chrome, Edge"}],"tags":[],"tags_disable_links":"0","hide_more_platforms":"0","video_object":"{\r\n  \"@context\": \"http:\/\/schema.org\",\r\n  \"@type\": \"VideoObject\",\r\n  \"name\": \"How to Add Social Media Icons to WordPress (2021)\",\r\n  \"description\": \"Try best Social Media Icons plugin for WordPress right now. Shape unique social icons for your website just in a couple of minutes!\",\r\n  \"thumbnailUrl\": \"https:\/\/i.ytimg.com\/vi\/SN--dPXezKc\/default.jpg\",\r\n  \"uploadDate\": \"2021-01-21T11:33:35Z\",\r\n  \"duration\": \"PT2M24S\",\r\n  \"embedUrl\": \"https:\/\/www.youtube.com\/embed\/SN--dPXezKc\",\r\n  \"interactionCount\": \"4\"\r\n}","demo_hide_cta":"1","demo_hide_cloud_options":"0","pricing_title":"","pricing":[{"pricing_icon":"platform","pricing_title":"Elfsight Apps","pricing_title_caption":"Plattformunabh\u00e4ngige digitale L\u00f6sung","pricing_price":"ab 0 $ \/ Monat","pricing_price_caption":"Beginnen Sie mit einem kostenlosen Plan","pricing_benefits":[{"text":"Unbegrenzte Websites"},{"text":"Engagierter und p\u00fcnktlicher Support"},{"text":"Kostenlose Installationsunterst\u00fctzung"},{"text":"Tolles Angebot f\u00fcr mehrere Apps"}],"pricing_button_text":"Zur Website hinzuf\u00fcgen","pricing_button_url":"#demo","_state":"expanded"}],"related_apps_title":"","related_apps_hidden":"1","author":"","image":[],"title":"","job":"","social_networks":[]},"_links":{"self":[{"href":"https:\/\/elfsight.com\/de\/wp-json\/wp\/v2\/pages\/4443","targetHints":{"allow":["GET"]}}],"collection":[{"href":"https:\/\/elfsight.com\/de\/wp-json\/wp\/v2\/pages"}],"about":[{"href":"https:\/\/elfsight.com\/de\/wp-json\/wp\/v2\/types\/page"}],"author":[{"embeddable":true,"href":"https:\/\/elfsight.com\/de\/wp-json\/wp\/v2\/users\/9"}],"replies":[{"embeddable":true,"href":"https:\/\/elfsight.com\/de\/wp-json\/wp\/v2\/comments?post=4443"}],"version-history":[{"count":8,"href":"https:\/\/elfsight.com\/de\/wp-json\/wp\/v2\/pages\/4443\/revisions"}],"predecessor-version":[{"id":25592,"href":"https:\/\/elfsight.com\/de\/wp-json\/wp\/v2\/pages\/4443\/revisions\/25592"}],"up":[{"embeddable":true,"href":"https:\/\/elfsight.com\/de\/wp-json\/wp\/v2\/pages\/2084"}],"wp:attachment":[{"href":"https:\/\/elfsight.com\/de\/wp-json\/wp\/v2\/media?parent=4443"}],"curies":[{"name":"wp","href":"https:\/\/api.w.org\/{rel}","templated":true}]}}