{"id":4436,"date":"1970-01-01T00:00:00","date_gmt":"1970-01-01T00:00:00","guid":{"rendered":"https:\/\/elfsight.com\/de\/?page_id=4436"},"modified":"2025-02-24T11:45:12","modified_gmt":"2025-02-24T11:45:12","slug":"wordpress","status":"publish","type":"page","link":"https:\/\/elfsight.com\/de\/restaurant-menu-widget\/wordpress\/","title":{"rendered":"Restaurant Menu &#8211; WordPress"},"content":{"rendered":"\n<div class=\"application-platform-content-item-description application-platform-content-item\" id=\"description\" data-nav-section=\"description\"> <h2>Restaurantmen\u00fc mit dem Elfsight-Widget auf der Plattform einbetten<\/h2><p>Das Elfsight-Restaurantmen\u00fc ist der schnellste Weg, Ihr Publikum \u00fcber Ihr Restaurant zu informieren K\u00fcche, originelle Funktionen und locken Sie sie mit verf\u00fchrerischen Essensbildern an. Das Plugin ist sehr benutzerfreundlich und Sie k\u00f6nnen eine beliebige Anzahl von Men\u00fcs mit einer gro\u00dfen Anzahl von Abschnitten oder Elementen erstellen. W\u00e4hlen Sie ein helles oder dunkles Schema oder passen Sie alle gew\u00fcnschten Elemente an und streichen Sie alle Akzentfarben neu. Dar\u00fcber hinaus kann Ihre Speisekarte immer auf dem neuesten Stand sein: Korrigieren Sie die Preise, eine Artikelliste, f\u00fcgen Sie neue Mahlzeiten oder sogar Men\u00fcs mit einem Klick hinzu! Keine druckfertigen Speisekarten mehr, die Sie von Anfang an erstellen m\u00fcssen <\/p> <p><b>Versuchen Sie Restaurant Menu, um Ihre Gesch\u00e4ftsziele mit weniger Aufwand zu erreichen! Mit Hilfe des Men\u00fcs auf Ihrer Webseite k\u00f6nnen Sie mehr Besucher haben und nachhaltiges Wachstum und h\u00f6here Ums\u00e4tze erzielen!<\/b><\/p> <\/div> <div class=\"application-platform-content-item-features application-platform-content-item\" id=\"features\" data-nav-section=\"features\"> <h2>Dies sind nur einige davon die verschiedenen Widget-Funktionen: <\/h2> <ul><li>Einfach zu verwaltendes Plugin auch f\u00fcr technisch nicht versierte Benutzer <\/li><li>Benutzerdefinierte Anzahl von Men\u00fcs, Abschnitten oder Elementen, organisiert durch stilvolle Layouts <\/li> <li>Aktualisieren Sie ganz einfach die Speisekarte und alle darin enthaltenen Artikel an jedem beliebigen Punkt: Preise, saisonale Gerichte und Getr\u00e4nke usw. <\/li> <li> F\u00fcgen Sie detaillierte Zusatzinformationen zu den Artikeln hinzu, einschlie\u00dflich Symbolen, N\u00e4hrwertangaben und Abzeichen. <\/li><li>Legen Sie appetitliche Bilder f\u00fcr die Artikel fest und zeigen Sie sie sogar in der Popup-Ansicht an. <\/li><li>Passen Sie alle Elemente an und malen Sie sie neu: Text, Farbschema und Symbole. <\/li><\/ul><p><a href=\"#demo\">Testen Sie alle Personalisierungsfunktionen in einer voll funktionsf\u00e4higen Demo<\/a><\/p> <\/div> <div class=\"application-platform-content-item-installation application-platform-content-item\" id=\"installation\" data-nav-section=\"installation\"> <h2>Wie kann ich das Restaurantmen\u00fc zu meiner WordPress-Site hinzuf\u00fcgen? <\/h2><div class=\"video-container\"><iframe width=\"560\" height=\"315\" src=\"https:\/\/www.youtube.com\/embed\/RRdaLwePJR8?si=KIIQn6M1H4iMyhcy\" frameborder=\"0\" allow=\"accelerometer; autoplay; clipboard-write; encrypted-media; gyroscope; picture-in-picture; web-share\" allowfullscreen><\/iframe><\/div><p>F\u00fchren Sie einfach die unten aufgef\u00fchrten Schritte aus, um das Tool einzubetten: <\/p> <ol><li><b>Verwalten Sie unseren kostenlosen Editor und beginnen Sie mit der Erstellung Ihres personalisierten Plugins . <\/b><br> Geben Sie die bevorzugte Form und Funktionalit\u00e4t des Plugins an und \u00fcbernehmen Sie alle \u00c4nderungen. <\/li> <li><b>Erhalten Sie Ihren pers\u00f6nlichen Code, der in dem speziellen Formular auf Elfsight Apps angezeigt wird. <\/b><br> Sobald die Konfiguration Ihres pers\u00f6nlichen Plugins abgeschlossen ist, kopieren Sie Ihren Code in das angezeigte Fenster und speichern Sie ihn f\u00fcr zuk\u00fcnftige Gelegenheiten. <\/li> <li><b>Beginnen Sie mit der Nutzung des Plugins auf Ihrer WordPress-Website. <\/b><br> Geben Sie den k\u00fcrzlich kopierten Code in Ihre Seite ein und \u00fcbernehmen Sie die \u00c4nderungen. <\/li> <li><b>Die Installation wurde erfolgreich beendet. <\/b><br> Besuchen Sie Ihre Website, um in Aktion zu sehen, wie das Plugin funktioniert. <\/li><\/ol><p>Wenn Sie auf Komplikationen sto\u00dfen, scheuen Sie sich nicht, unseren Support-Mitarbeitern zu schreiben. Unsere Spezialisten l\u00f6sen gerne alle Probleme, die Sie mit dem Tool haben. <\/p> <div class=\"faq\" data-component=\"FAQ\"><div class=\"faq-item\">\r\n\t\t\t\t\t<div class=\"faq-item-question\">\r\n\t\t\t\t\t\t<h3 class=\"faq-item-question-text\">Wie f\u00fcge ich Restaurant Menu ohne Programmiererfahrung zu meiner WordPress-Site hinzu?<\/h3>\r\n\r\n\t\t\t\t\t\t<div class=\"faq-item-question-icon\"><\/div>\r\n\t\t\t\t\t<\/div>\r\n\r\n\t\t\t\t\t<div class=\"faq-item-answer\">\r\n\t\t\t\t\t\t<div class=\"faq-item-answer-text\"> <p>Das Unternehmen Elfsight bietet eine SaaS-L\u00f6sung, die es einem breiten Publikum erm\u00f6glicht, selbst eine Restaurant Menu-App zu erstellen. Sehen Sie, wie einfach es ist: Gehen Sie zum Online-Editor, um einen Restaurantmen\u00fc-Bereich zu erstellen, den Sie in Ihre WordPress-Website integrieren m\u00f6chten. W\u00e4hlen Sie eine der vielen vorgefertigten Vorlagen und \u00e4ndern Sie die Restaurantmen\u00fceinstellungen, f\u00fcgen Sie Ihre Inhalte hinzu, \u00e4ndern Sie das Layout und die Farben, ohne dass Sie \u00fcber Programmiererfahrung verf\u00fcgen m\u00fcssen. Speichern Sie das Restaurantmen\u00fc und kopieren Sie den Code zur Installation, der kostenlos in die WordPress-Webseite eingebunden werden kann. Mit unserem benutzerfreundlichen Editor kann jeder Internetnutzer ein Restaurantmen\u00fc online erstellen und m\u00fchelos zu jeder WordPress-Webseite hinzuf\u00fcgen. Sie m\u00fcssen weder bezahlen noch Ihre Kartendaten eingeben, um auf unseren Editor zuzugreifen. Wenn Sie auf Probleme jeglicher Art sto\u00dfen, z\u00f6gern Sie nicht, sich an unser technisches Support-Team zu wenden.<\/p> <\/div>\r\n\t\t\t\t\t<\/div>\r\n\t\t\t\t<\/div> <\/div><\/div>\n","protected":false},"excerpt":{"rendered":"","protected":false},"author":9,"featured_media":0,"parent":2702,"menu_order":0,"comment_status":"closed","ping_status":"closed","template":"templates\/template-application-platform.php","meta":{"publish_to_discourse":"","publish_post_category":"","wpdc_auto_publish_overridden":"","wpdc_topic_tags":"","wpdc_pin_topic":"","wpdc_pin_until":"","discourse_post_id":"","discourse_permalink":"","wpdc_publishing_response":"","wpdc_publishing_error":"","footnotes":""},"class_list":["post-4436","page","type-page","status-publish","hentry"],"yoast_head":"<!-- This site is optimized with the Yoast SEO plugin v25.3.1 - https:\/\/yoast.com\/wordpress\/plugins\/seo\/ -->\n<title>Restaurantmen\u00fc-Plugin f\u00fcr Ihre WordPress-Websites \u2013 einfach und kostenlos<\/title>\n<meta name=\"description\" content=\"F\u00fcgen Sie Ihrer WordPress-Site eine mobilfreundliche Restaurantkarte hinzu. Nutzen Sie die praktische Elfsight-Demo und erstellen Sie Ihr wundersch\u00f6nes Plugin in nur wenigen Minuten\" \/>\n<meta name=\"robots\" content=\"index, follow, max-snippet:-1, max-image-preview:large, max-video-preview:-1\" \/>\n<link rel=\"canonical\" href=\"https:\/\/elfsight.com\/de\/restaurant-menu-widget\/wordpress\/\" \/>\n<meta property=\"og:locale\" content=\"de_DE\" \/>\n<meta property=\"og:type\" content=\"article\" \/>\n<meta property=\"og:title\" content=\"Restaurantmen\u00fc-Plugin f\u00fcr Ihre WordPress-Websites \u2013 einfach und kostenlos\" \/>\n<meta property=\"og:description\" content=\"F\u00fcgen Sie Ihrer WordPress-Site eine mobilfreundliche Restaurantkarte hinzu. Nutzen Sie die praktische Elfsight-Demo und erstellen Sie Ihr wundersch\u00f6nes Plugin in nur wenigen Minuten\" \/>\n<meta property=\"og:url\" content=\"https:\/\/elfsight.com\/de\/restaurant-menu-widget\/wordpress\/\" \/>\n<meta property=\"og:site_name\" content=\"Elfsight DE\" \/>\n<meta property=\"article:modified_time\" content=\"2025-02-24T11:45:12+00:00\" \/>\n<meta name=\"twitter:card\" content=\"summary_large_image\" \/>\n<meta name=\"twitter:label1\" content=\"Gesch\u00e4tzte Lesezeit\" \/>\n\t<meta name=\"twitter:data1\" content=\"4\u00a0Minuten\" \/>\n<!-- \/ Yoast SEO plugin. -->","yoast_head_json":{"title":"Restaurantmen\u00fc-Plugin f\u00fcr Ihre WordPress-Websites \u2013 einfach und kostenlos","description":"F\u00fcgen Sie Ihrer WordPress-Site eine mobilfreundliche Restaurantkarte hinzu. Nutzen Sie die praktische Elfsight-Demo und erstellen Sie Ihr wundersch\u00f6nes Plugin in nur wenigen Minuten","robots":{"index":"index","follow":"follow","max-snippet":"max-snippet:-1","max-image-preview":"max-image-preview:large","max-video-preview":"max-video-preview:-1"},"canonical":"https:\/\/elfsight.com\/de\/restaurant-menu-widget\/wordpress\/","og_locale":"de_DE","og_type":"article","og_title":"Restaurantmen\u00fc-Plugin f\u00fcr Ihre WordPress-Websites \u2013 einfach und kostenlos","og_description":"F\u00fcgen Sie Ihrer WordPress-Site eine mobilfreundliche Restaurantkarte hinzu. Nutzen Sie die praktische Elfsight-Demo und erstellen Sie Ihr wundersch\u00f6nes Plugin in nur wenigen Minuten","og_url":"https:\/\/elfsight.com\/de\/restaurant-menu-widget\/wordpress\/","og_site_name":"Elfsight DE","article_modified_time":"2025-02-24T11:45:12+00:00","twitter_card":"summary_large_image","twitter_misc":{"Gesch\u00e4tzte Lesezeit":"4\u00a0Minuten"},"schema":{"@context":"https:\/\/schema.org","@graph":[{"@type":"WebPage","@id":"https:\/\/elfsight.com\/de\/restaurant-menu-widget\/wordpress\/","url":"https:\/\/elfsight.com\/de\/restaurant-menu-widget\/wordpress\/","name":"Restaurantmen\u00fc-Plugin f\u00fcr Ihre WordPress-Websites \u2013 einfach und kostenlos","isPartOf":{"@id":"https:\/\/elfsight.com\/de\/#website"},"datePublished":"1970-01-01T00:00:00+00:00","dateModified":"2025-02-24T11:45:12+00:00","description":"F\u00fcgen Sie Ihrer WordPress-Site eine mobilfreundliche Restaurantkarte hinzu. Nutzen Sie die praktische Elfsight-Demo und erstellen Sie Ihr wundersch\u00f6nes Plugin in nur wenigen Minuten","breadcrumb":{"@id":"https:\/\/elfsight.com\/de\/restaurant-menu-widget\/wordpress\/#breadcrumb"},"inLanguage":"de","potentialAction":[{"@type":"ReadAction","target":["https:\/\/elfsight.com\/de\/restaurant-menu-widget\/wordpress\/"]}]},{"@type":"BreadcrumbList","@id":"https:\/\/elfsight.com\/de\/restaurant-menu-widget\/wordpress\/#breadcrumb","itemListElement":[{"@type":"ListItem","position":1,"name":"Home","item":"https:\/\/elfsight.com\/de\/"},{"@type":"ListItem","position":2,"name":"Restaurant Menu","item":"https:\/\/elfsight.com\/de\/restaurant-menu-widget\/"},{"@type":"ListItem","position":3,"name":"Restaurant Menu &#8211; WordPress"}]},{"@type":"WebSite","@id":"https:\/\/elfsight.com\/de\/#website","url":"https:\/\/elfsight.com\/de\/","name":"Elfsight DE","description":"Just another Elfsight Sites site","potentialAction":[{"@type":"SearchAction","target":{"@type":"EntryPoint","urlTemplate":"https:\/\/elfsight.com\/de\/?s={search_term_string}"},"query-input":{"@type":"PropertyValueSpecification","valueRequired":true,"valueName":"search_term_string"}}],"inLanguage":"de"}]}},"meta_box":{"industry":"","seo_heading":"","heading":"","description":"","cta_heading":"","cta_description":"","application":"514","h1":"WordPress-Restaurantmen\u00fc-Plugin","h1_caption":"Pr\u00e4sentieren Sie die Speisekarte Ihres Restaurants in einem optisch ansprechenden Format, das sich m\u00fchelos aktualisieren und benutzerfreundlich auf Ihrer WordPress-Website integrieren l\u00e4sst.","application_category":[],"applications_title":"","applications_request_title":"","applications_request_button_text":"","hero_text":"","hero_video":"","hero_video_schema_markup":"","selling_points_title":"","selling_points_caption":"","selling_points":[],"selling_points_cta_text":"","features_title":"","features":"","ed_cta_examples_text":"","ed_cta_examples_hidden":"","ed_cta_demo_text":"","ed_cta_demo_hidden":"","why_caption":"","why_editor_title":"","why_editor_text":"","why_team_title":"","why_team_text":"","why_service_title":"","why_service_text":"","template_catalog_visible":"0","template_catalog_title":"","template_catalog_text":"","template_catalog_categories_visible":"","demo_title":"Erstellen Sie Ihr Restaurantmen\u00fc-Plugin","demo_caption":"Konfigurieren Sie Ihr Restaurantmen\u00fc und f\u00fcgen Sie es kostenlos zu Ihrer WordPress-Website hinzu!","default_faq_hidden":"","app_template_category":[],"platform":"266","template_public_id":"","codecanyon_url":"","codecanyon_item_id":"","codecanyon_price":"","pricing_caption":"","pricing_elfsight_apps_hide_column":"","pricing_elfsight_apps_url":"","pricing_codecanyon_price_caption":"","integration_category":[],"integration_request_title":"","integration_request_cta":"","integration_platform":"","integrations":[],"platform_category":[],"video_schema_markup":"","price":"ab 0 $ \/ Monat","trial":"","benefits":[{"text":"Kostenloser Installationsservice"},{"text":"Effektiver Kundenservice"},{"text":"14-t\u00e4gige Geld-zur\u00fcck-Garantie"},{"text":"Zuk\u00fcnftige kostenlose Updates"}],"button_url":"#demo","button_target_blank":"0","button_nofollow":"0","attributes":[{"name":"Installiert","content":"10,000 - 100,000","_state":"expanded"},{"name":"Reaktionsfreudig","content":"Ja","_state":"expanded"},{"name":"Kompatible Browser","content":"Firefox, Safari, Opera, Chrome, Edge"}],"tags":[],"tags_disable_links":"0","hide_more_platforms":"0","video_object":"{\r\n  \"@context\": \"http:\/\/schema.org\",\r\n  \"@type\": \"VideoObject\",\r\n  \"name\": \"How to Embed Restaurant Menu Plugin on WordPress (2021)\",\r\n  \"description\": \"Add a mobile-friendly Restaurant Menu tool on your WordPress site. Use Elfsight handy demo and create your gorgeous plugin in just a few minutes\",\r\n  \"thumbnailUrl\": \"https:\/\/i.ytimg.com\/vi\/RRdaLwePJR8\/default.jpg\",\r\n  \"uploadDate\": \"2021-03-02T08:56:57Z\",\r\n  \"duration\": \"PT2M35S\",\r\n  \"embedUrl\": \"https:\/\/www.youtube.com\/embed\/RRdaLwePJR8\",\r\n  \"interactionCount\": \"3\"\r\n}","demo_hide_cta":"0","demo_hide_cloud_options":"0","pricing_title":"","pricing":[{"pricing_icon":"platform","pricing_title":"Elfsight Apps","pricing_title_caption":"Plattformunabh\u00e4ngige digitale L\u00f6sung, die auf jeder Website funktioniert","pricing_price":"ab 0 $ \/ Monat","pricing_price_caption":"Beginnen Sie mit einem kostenlosen Plan","pricing_benefits":[{"text":"Unbegrenzte Domains"},{"text":"Professionelle Unterst\u00fctzung"},{"text":"Kostenloser Installationsservice"},{"text":"Sonderangebot f\u00fcr mehrere Apps"}],"pricing_button_text":"Zur Website hinzuf\u00fcgen","pricing_button_url":"#demo","_state":"expanded"}],"related_apps_title":"","related_apps_hidden":"1","author":"","image":[],"title":"","job":"","social_networks":[]},"_links":{"self":[{"href":"https:\/\/elfsight.com\/de\/wp-json\/wp\/v2\/pages\/4436","targetHints":{"allow":["GET"]}}],"collection":[{"href":"https:\/\/elfsight.com\/de\/wp-json\/wp\/v2\/pages"}],"about":[{"href":"https:\/\/elfsight.com\/de\/wp-json\/wp\/v2\/types\/page"}],"author":[{"embeddable":true,"href":"https:\/\/elfsight.com\/de\/wp-json\/wp\/v2\/users\/9"}],"replies":[{"embeddable":true,"href":"https:\/\/elfsight.com\/de\/wp-json\/wp\/v2\/comments?post=4436"}],"version-history":[{"count":8,"href":"https:\/\/elfsight.com\/de\/wp-json\/wp\/v2\/pages\/4436\/revisions"}],"predecessor-version":[{"id":24813,"href":"https:\/\/elfsight.com\/de\/wp-json\/wp\/v2\/pages\/4436\/revisions\/24813"}],"up":[{"embeddable":true,"href":"https:\/\/elfsight.com\/de\/wp-json\/wp\/v2\/pages\/2702"}],"wp:attachment":[{"href":"https:\/\/elfsight.com\/de\/wp-json\/wp\/v2\/media?parent=4436"}],"curies":[{"name":"wp","href":"https:\/\/api.w.org\/{rel}","templated":true}]}}