{"id":4427,"date":"1970-01-01T00:00:00","date_gmt":"1970-01-01T00:00:00","guid":{"rendered":"https:\/\/elfsight.com\/de\/?page_id=4427"},"modified":"2025-02-24T17:09:25","modified_gmt":"2025-02-24T17:09:25","slug":"wordpress","status":"publish","type":"page","link":"https:\/\/elfsight.com\/de\/slider-widget\/wordpress\/","title":{"rendered":"Slider &#8211; WordPress"},"content":{"rendered":"\n<div class=\"application-platform-content-item-description application-platform-content-item\" id=\"description\" data-nav-section=\"description\"><h2>Slider in WordPress mit dem Elfsight-Widget einbetten<\/h2> <p>Elfsight Photo &amp; Image Slider ist ein einfaches und reaktionsschnelles Tool, mit dem Sie die Aufmerksamkeit der Website-Besucher erregen k\u00f6nnen, indem Sie ihnen mehrere Bilder, Videos oder die besten Angebote auf Ihrer Website anzeigen. Nutzen Sie beliebig viele Folien, um Ihre Produkte zu pr\u00e4sentieren und aktuelle Angebote zu kennzeichnen. F\u00fcgen Sie Spezialeffekte hinzu und skalieren Sie die Bild-\/Videogr\u00f6\u00dfe nach Bedarf. Mit Hilfe unseres Tools k\u00f6nnen Sie gut markierte Slider erstellen, die die Aufmerksamkeit der Benutzer auf sich ziehen und sie nicht dazu bringen, Ihre Website in Eile zu verlassen.<\/p><p><b>Sorgen Sie daf\u00fcr, dass Ihre Vorschl\u00e4ge verlockend aussehen und erf\u00fcllen Sie Ihre Gesch\u00e4ftsziele mit dem Slider-Plugin!<\/b><\/p><p><b>Gr\u00f6\u00dfere Benutzereinbindung<\/b><br>Das Image Slider-Widget bietet Ihnen bezaubernde visuelle Effekte, die Ihre Inhalte un\u00fcbersehbar machen Benutzer motivieren, damit zu interagieren und die gew\u00fcnschten Aktionen durchzuf\u00fchren.<\/p><p><b>\u00dcberarbeiten Sie die Benutzererfahrung<\/b><br>Betten Sie die ansprechendsten visuellen Elemente an einem ansprechenden Ort ein, um den Besuch Ihrer Website reibungslos und reibungslos zu gestalten Unkompliziert und so neue Zielgruppen anziehen.<\/p><p><b>Steigern Sie Ihre Verk\u00e4ufe<\/b><br>Konzentrieren Sie sich auf Ihre Pl\u00e4ne, die besten Arbeiten oder vorgestellten Ausgaben mithilfe eines Slider-Plugins, das Benutzer direkt zu den weiterleitet Kauf.<\/p><\/div><div class=\"faq\" data-component=\"FAQ\"><div class=\"faq-item\">\r\n\t\t\t\t\t<div class=\"faq-item-question\">\r\n\t\t\t\t\t\t<h3 class=\"faq-item-question-text\">Wie kann ich einen Slider in meine WordPress-Site einbetten? <\/h3>\r\n\r\n\t\t\t\t\t\t<div class=\"faq-item-question-icon\"><\/div>\r\n\t\t\t\t\t<\/div>\r\n\r\n\t\t\t\t\t<div class=\"faq-item-answer\">\r\n\t\t\t\t\t\t<div class=\"faq-item-answer-text\"><p>Der Aufbau des Widgets erfolgt innerhalb der Elfsight-Site und es ist kein Code erforderlich. Nutzen Sie die Online-Demo, um Ihr eigenes Tool zu erstellen, holen Sie sich den Code und f\u00fcgen Sie ihn in Ihre Website ein. <\/p><\/div>\r\n\t\t\t\t\t<\/div>\r\n\t\t\t\t<\/div><div class=\"faq-item\">\r\n\t\t\t\t\t<div class=\"faq-item-question\">\r\n\t\t\t\t\t\t<h3 class=\"faq-item-question-text\">Die besten Anwendungsbeispiele f\u00fcr die Integration responsiver Bild-Slider<\/h3>\r\n\r\n\t\t\t\t\t\t<div class=\"faq-item-question-icon\"><\/div>\r\n\t\t\t\t\t<\/div>\r\n\r\n\t\t\t\t\t<div class=\"faq-item-answer\">\r\n\t\t\t\t\t\t<div class=\"faq-item-answer-text\"><p>Wir bieten eine Vielzahl von Personalisierungsm\u00f6glichkeiten: Widgets in voller L\u00e4nge zum Einbetten in den Inhaltsbereich, schwebende Widgets mit Scroll-Optionen, Layouts f\u00fcr Fu\u00dfzeile, Kopfzeile und allen m\u00f6glichen vertikalen Optionen f\u00fcr Seitenleisten und Men\u00fcs. <\/p><\/div>\r\n\t\t\t\t\t<\/div>\r\n\t\t\t\t<\/div><div class=\"faq-item\">\r\n\t\t\t\t\t<div class=\"faq-item-question\">\r\n\t\t\t\t\t\t<h3 class=\"faq-item-question-text\">Gibt es eine Option, ein Video oder einen Video-Slider durch die Agentur des Editors zu erstellen? <\/h3>\r\n\r\n\t\t\t\t\t\t<div class=\"faq-item-question-icon\"><\/div>\r\n\t\t\t\t\t<\/div>\r\n\r\n\t\t\t\t\t<div class=\"faq-item-answer\">\r\n\t\t\t\t\t\t<div class=\"faq-item-answer-text\"><p>Es steht Ihnen frei, \u00c4nderungen an jedem Widget vorzunehmen. Im Editor stehen Ihnen zahlreiche Layouts zur Verf\u00fcgung, die Sie alle schnell an Ihre Bed\u00fcrfnisse anpassen k\u00f6nnen. <\/p><\/div>\r\n\t\t\t\t\t<\/div>\r\n\t\t\t\t<\/div><\/div><div class=\"application-platform-content-item-features application-platform-content-item\" id=\"features\" data-nav-section=\"features\"><h2>Hauptfunktionen des Slider-Widgets<\/h2><p>Sehen Sie sich alle Funktionen des Produkts an. Sie sind direkt im Editor verf\u00fcgbar und helfen Ihnen dabei, das f\u00fcr Ihren Anwendungsfall am besten geeignete Plugin zu erstellen.<\/p><ul><li>Setzen Sie CTAs ein, um Website-Besucher zu Ihrem Ziel zu f\u00fchren.<\/li><li> \u00c4ndern Sie die Dauer des Folienwechsels.<\/li><li>W\u00e4hlen Sie zwischen Paginierungsoptionen.<\/li><li>Platzieren Sie Ihre Inhalte mithilfe der erweiterten Position an einer beliebigen Stelle auf der Seite.<\/li><li>\u00c4ndern Sie f\u00fcnf Inhalte Funktionen.<\/li><\/ul><p><a href=\"#demo\">Probieren Sie alle anderen Funktionen in der Demo aus<\/a><\/p><\/div><div class=\"application-platform-content-item-installation application-platform-content-item\" id=\"installation\" data-nav-section=\"installation\"><h2>Wie f\u00fcge ich das Image Slider-Plugin zu meiner WordPress-Website hinzu? <\/h2><div class=\"video-container\"><iframe width=\"560\" height=\"315\" src=\"https:\/\/www.youtube.com\/embed\/t9CJZRbFXaA?si=FFEz153Yg1HCeOYX\" frameborder=\"0\" allow=\"accelerometer; autoplay; clipboard-write; encrypted-media; gyroscope; picture-in-picture; web-share\" allowfullscreen><\/iframe><\/div>Um das Produkt einzubetten, f\u00fchren Sie einfach diese schnellen Schritte aus:<ol><li><b>Verwalten Sie unseren kostenlosen Editor und beginnen Sie mit der Erstellung Ihres personalisierten responsiven Slider-Plugins. <\/b><br> Geben Sie die bevorzugte Form und Funktionalit\u00e4t des Plugins an und \u00fcbernehmen Sie alle \u00c4nderungen. <\/li> <li><b>Erhalten Sie Ihren pers\u00f6nlichen Code, der in dem speziellen Formular auf Elfsight Apps angezeigt wird. <\/b><br> Sobald die Konfiguration Ihres pers\u00f6nlichen Plugins abgeschlossen ist, kopieren Sie Ihren Code in das angezeigte Fenster und speichern Sie ihn f\u00fcr zuk\u00fcnftige Gelegenheiten. <\/li> <li><b>Beginnen Sie mit der Nutzung des Plugins auf Ihrer WordPress-Website. <\/b><br> Geben Sie den k\u00fcrzlich kopierten Code in Ihre Seite ein und \u00fcbernehmen Sie die \u00c4nderungen. <\/li> <li><b>Die Installation wurde erfolgreich beendet. <\/b><br> Besuchen Sie Ihre Website, um in Aktion zu sehen, wie das Plugin funktioniert. <\/li><\/ol><p>Z\u00f6gern Sie nicht, sich an den Kundendienst von Elfsight zu wenden, wenn Sie Hilfe ben\u00f6tigen oder Fragen haben. Unsere Spezialisten helfen Ihnen gerne bei jeder Anfrage weiter.<\/p><\/div>\n","protected":false},"excerpt":{"rendered":"","protected":false},"author":9,"featured_media":0,"parent":1195,"menu_order":0,"comment_status":"closed","ping_status":"closed","template":"templates\/template-application-platform.php","meta":{"publish_to_discourse":"","publish_post_category":"","wpdc_auto_publish_overridden":"","wpdc_topic_tags":"","wpdc_pin_topic":"","wpdc_pin_until":"","discourse_post_id":"","discourse_permalink":"","wpdc_publishing_response":"","wpdc_publishing_error":"","footnotes":""},"class_list":["post-4427","page","type-page","status-publish","hentry"],"yoast_head":"<!-- This site is optimized with the Yoast SEO plugin v25.3.1 - https:\/\/yoast.com\/wordpress\/plugins\/seo\/ -->\n<title>WordPress Slider \u2013 Bild-Slider-Plugin zur WordPress-Website hinzuf\u00fcgen [2025]<\/title>\n<meta name=\"description\" content=\"Erstellen Sie mit Elfsight Ihr responsives Image Slider-Plugin und f\u00fcgen Sie es der WordPress-Website hinzu. Wir bieten kostenlosen Kundenservice und weitere Boni.\" \/>\n<meta name=\"robots\" content=\"index, follow, max-snippet:-1, max-image-preview:large, max-video-preview:-1\" \/>\n<link rel=\"canonical\" href=\"https:\/\/elfsight.com\/de\/slider-widget\/wordpress\/\" \/>\n<meta property=\"og:locale\" content=\"de_DE\" \/>\n<meta property=\"og:type\" content=\"article\" \/>\n<meta property=\"og:title\" content=\"WordPress Slider \u2013 Bild-Slider-Plugin zur WordPress-Website hinzuf\u00fcgen [2025]\" \/>\n<meta property=\"og:description\" content=\"Erstellen Sie mit Elfsight Ihr responsives Image Slider-Plugin und f\u00fcgen Sie es der WordPress-Website hinzu. Wir bieten kostenlosen Kundenservice und weitere Boni.\" \/>\n<meta property=\"og:url\" content=\"https:\/\/elfsight.com\/de\/slider-widget\/wordpress\/\" \/>\n<meta property=\"og:site_name\" content=\"Elfsight DE\" \/>\n<meta property=\"article:modified_time\" content=\"2025-02-24T17:09:25+00:00\" \/>\n<meta name=\"twitter:card\" content=\"summary_large_image\" \/>\n<meta name=\"twitter:label1\" content=\"Gesch\u00e4tzte Lesezeit\" \/>\n\t<meta name=\"twitter:data1\" content=\"4\u00a0Minuten\" \/>\n<!-- \/ Yoast SEO plugin. -->","yoast_head_json":{"title":"WordPress Slider \u2013 Bild-Slider-Plugin zur WordPress-Website hinzuf\u00fcgen [2025]","description":"Erstellen Sie mit Elfsight Ihr responsives Image Slider-Plugin und f\u00fcgen Sie es der WordPress-Website hinzu. Wir bieten kostenlosen Kundenservice und weitere Boni.","robots":{"index":"index","follow":"follow","max-snippet":"max-snippet:-1","max-image-preview":"max-image-preview:large","max-video-preview":"max-video-preview:-1"},"canonical":"https:\/\/elfsight.com\/de\/slider-widget\/wordpress\/","og_locale":"de_DE","og_type":"article","og_title":"WordPress Slider \u2013 Bild-Slider-Plugin zur WordPress-Website hinzuf\u00fcgen [2025]","og_description":"Erstellen Sie mit Elfsight Ihr responsives Image Slider-Plugin und f\u00fcgen Sie es der WordPress-Website hinzu. Wir bieten kostenlosen Kundenservice und weitere Boni.","og_url":"https:\/\/elfsight.com\/de\/slider-widget\/wordpress\/","og_site_name":"Elfsight DE","article_modified_time":"2025-02-24T17:09:25+00:00","twitter_card":"summary_large_image","twitter_misc":{"Gesch\u00e4tzte Lesezeit":"4\u00a0Minuten"},"schema":{"@context":"https:\/\/schema.org","@graph":[{"@type":"WebPage","@id":"https:\/\/elfsight.com\/de\/slider-widget\/wordpress\/","url":"https:\/\/elfsight.com\/de\/slider-widget\/wordpress\/","name":"WordPress Slider \u2013 Bild-Slider-Plugin zur WordPress-Website hinzuf\u00fcgen [2025]","isPartOf":{"@id":"https:\/\/elfsight.com\/de\/#website"},"datePublished":"1970-01-01T00:00:00+00:00","dateModified":"2025-02-24T17:09:25+00:00","description":"Erstellen Sie mit Elfsight Ihr responsives Image Slider-Plugin und f\u00fcgen Sie es der WordPress-Website hinzu. Wir bieten kostenlosen Kundenservice und weitere Boni.","breadcrumb":{"@id":"https:\/\/elfsight.com\/de\/slider-widget\/wordpress\/#breadcrumb"},"inLanguage":"de","potentialAction":[{"@type":"ReadAction","target":["https:\/\/elfsight.com\/de\/slider-widget\/wordpress\/"]}]},{"@type":"BreadcrumbList","@id":"https:\/\/elfsight.com\/de\/slider-widget\/wordpress\/#breadcrumb","itemListElement":[{"@type":"ListItem","position":1,"name":"Home","item":"https:\/\/elfsight.com\/de\/"},{"@type":"ListItem","position":2,"name":"Slider","item":"https:\/\/elfsight.com\/de\/slider-widget\/"},{"@type":"ListItem","position":3,"name":"Slider &#8211; WordPress"}]},{"@type":"WebSite","@id":"https:\/\/elfsight.com\/de\/#website","url":"https:\/\/elfsight.com\/de\/","name":"Elfsight DE","description":"Just another Elfsight Sites site","potentialAction":[{"@type":"SearchAction","target":{"@type":"EntryPoint","urlTemplate":"https:\/\/elfsight.com\/de\/?s={search_term_string}"},"query-input":{"@type":"PropertyValueSpecification","valueRequired":true,"valueName":"search_term_string"}}],"inLanguage":"de"}]}},"meta_box":{"industry":"","seo_heading":"","heading":"","description":"","cta_heading":"","cta_description":"","application":"494","h1":"WordPress Image Slider-Plugin","h1_caption":"F\u00fcgen Sie Ihrer Website einen Bild- oder Inhaltsschieberegler hinzu, um visuelle Elemente, Werbeaktionen oder wichtige Inhalte m\u00fchelos dynamisch auf Ihrer WordPress-Website zu pr\u00e4sentieren.","application_category":[],"applications_title":"","applications_request_title":"","applications_request_button_text":"","hero_text":"","hero_video":"","hero_video_schema_markup":"","selling_points_title":"","selling_points_caption":"","selling_points":[],"selling_points_cta_text":"","features_title":"","features":"","ed_cta_examples_text":"","ed_cta_examples_hidden":"","ed_cta_demo_text":"","ed_cta_demo_hidden":"","why_caption":"","why_editor_title":"","why_editor_text":"","why_team_title":"","why_team_text":"","why_service_title":"","why_service_text":"","template_catalog_visible":"0","template_catalog_title":"","template_catalog_text":"","template_catalog_categories_visible":"","demo_title":"Erstellen Sie Ihr Slider-Plugin","demo_caption":"Konfigurieren Sie Ihren Slider und f\u00fcgen Sie ihn kostenlos zu Ihrer WordPress-Website hinzu!","default_faq_hidden":"","app_template_category":[],"platform":"266","template_public_id":"","codecanyon_url":"","codecanyon_item_id":"","codecanyon_price":"","pricing_caption":"","pricing_elfsight_apps_hide_column":"","pricing_elfsight_apps_url":"","pricing_codecanyon_price_caption":"","integration_category":[],"integration_request_title":"","integration_request_cta":"","integration_platform":"","integrations":[],"platform_category":[],"video_schema_markup":"","price":"ab 0 $ \/ Monat","trial":"","benefits":[{"text":"Kostenlose Installationshilfe"},{"text":"Au\u00dfergew\u00f6hnlicher Support"},{"text":"14-t\u00e4gige Geld-zur\u00fcck-Garantie"},{"text":"Kontinuierliche kostenlose Verbesserungen"}],"button_url":"#demo","button_target_blank":"0","button_nofollow":"0","attributes":[{"name":"Installiert","content":"10,000 - 100,000","_state":"expanded"},{"name":"Reaktionsfreudig","content":"Ja","_state":"expanded"},{"name":"Kompatible Browser","content":"Firefox, Safari, Opera, Chrome, Edge"}],"tags":[],"tags_disable_links":"1","hide_more_platforms":"0","video_object":"{\r\n  \"@context\": \"http:\/\/schema.org\",\r\n  \"@type\": \"VideoObject\",\r\n  \"name\": \"How to Add Slider to WordPress (2021)\",\r\n  \"description\": \"With Elfsight, create your responsive Photo and Image Slider plugin and add it on the WordPress website. We offer free client service and more bonuses.\",\r\n  \"thumbnailUrl\": \"https:\/\/i.ytimg.com\/vi\/t9CJZRbFXaA\/default.jpg\",\r\n  \"uploadDate\": \"2020-06-30T15:16:50Z\",\r\n  \"duration\": \"PT2M34S\",\r\n  \"embedUrl\": \"https:\/\/www.youtube.com\/embed\/t9CJZRbFXaA\",\r\n  \"interactionCount\": \"103\"\r\n}","demo_hide_cta":"0","demo_hide_cloud_options":"0","pricing_title":"","pricing":[{"pricing_icon":"platform","pricing_title":"Elfsight Apps","pricing_title_caption":"Plattformunabh\u00e4ngige L\u00f6sung","pricing_price":"ab 0 $ \/ Monat","pricing_price_caption":"Beginnen Sie mit einem kostenlosen Plan","pricing_benefits":[{"text":"Unbegrenzte Websites"},{"text":"Premium-Unternehmensunterst\u00fctzung"},{"text":"Kostenlose Installationsunterst\u00fctzung"},{"text":"Preis f\u00fcr mehrere Apps"}],"pricing_button_text":"Zur Website hinzuf\u00fcgen","pricing_button_url":"#demo","_state":"expanded"}],"related_apps_title":"","related_apps_hidden":"1","author":"","image":[],"title":"","job":"","social_networks":[]},"_links":{"self":[{"href":"https:\/\/elfsight.com\/de\/wp-json\/wp\/v2\/pages\/4427","targetHints":{"allow":["GET"]}}],"collection":[{"href":"https:\/\/elfsight.com\/de\/wp-json\/wp\/v2\/pages"}],"about":[{"href":"https:\/\/elfsight.com\/de\/wp-json\/wp\/v2\/types\/page"}],"author":[{"embeddable":true,"href":"https:\/\/elfsight.com\/de\/wp-json\/wp\/v2\/users\/9"}],"replies":[{"embeddable":true,"href":"https:\/\/elfsight.com\/de\/wp-json\/wp\/v2\/comments?post=4427"}],"version-history":[{"count":7,"href":"https:\/\/elfsight.com\/de\/wp-json\/wp\/v2\/pages\/4427\/revisions"}],"predecessor-version":[{"id":24858,"href":"https:\/\/elfsight.com\/de\/wp-json\/wp\/v2\/pages\/4427\/revisions\/24858"}],"up":[{"embeddable":true,"href":"https:\/\/elfsight.com\/de\/wp-json\/wp\/v2\/pages\/1195"}],"wp:attachment":[{"href":"https:\/\/elfsight.com\/de\/wp-json\/wp\/v2\/media?parent=4427"}],"curies":[{"name":"wp","href":"https:\/\/api.w.org\/{rel}","templated":true}]}}