{"id":4419,"date":"1970-01-01T00:00:00","date_gmt":"1970-01-01T00:00:00","guid":{"rendered":"https:\/\/elfsight.com\/de\/?page_id=4419"},"modified":"2026-01-15T10:52:37","modified_gmt":"2026-01-15T10:52:37","slug":"wordpress","status":"publish","type":"page","link":"https:\/\/elfsight.com\/de\/rss-feed-widget\/wordpress\/","title":{"rendered":"RSS Feed &#8211; WordPress"},"content":{"rendered":"<div class=\"application-platform-content-item-description application-platform-content-item\" id=\"description\" data-nav-section=\"description\"> <h2>RSS-Feed in WordPress mit dem Elfsight-Widget einbetten<\/h2> <p>Elfsight RSS-Feed f\u00fcr WordPress ist ein einzigartiges Plugin f\u00fcr das Marketing von Emotionen und Erfahrungen. Mithilfe dieser Funktion k\u00f6nnen Sie individuelle Feeds entwerfen, die aus den Inhalten verschiedener Nachrichten-Websites bestehen \u2013 und diese direkt auf Ihrer Website anzeigen. \u00dcben Sie die vollst\u00e4ndige Kontrolle \u00fcber einen demonstrierten Inhalt aus und beseitigen Sie Spam und unerw\u00fcnschte Inhalte durch manuelle Moderation. Der vollst\u00e4ndig responsive Online-Editor bietet Ihnen vielf\u00e4ltige Vorlagen zur Auswahl. <\/p> <p><b>Versuchen Sie, RSS-Feeds zu verwenden, um Ihre Gesch\u00e4ftsziele schneller zu erreichen! <\/b><\/p> <\/div> <div class=\"application-platform-content-item-features application-platform-content-item\" id=\"features\" data-nav-section=\"features\"> <h2>Das Widget bietet praktische und unkomplizierte Funktionen, sehen Sie sich einige davon an: <\/h2> <ul><li>Kopfbereich ausblenden um Ihrem Werkzeug ein minimalistisches Aussehen zu verleihen. <\/li><li>Entfernen Sie Spam und unerw\u00fcnschte Inhalte durch manuelle Moderation. <\/li><li>W\u00e4hlen Sie eines der sechs verf\u00fcgbaren Layouts aus: Collage, Raster, Mauerwerk, Karussell, Liste, Schieberegler. <\/li><li>Lassen Sie Ihre Beitr\u00e4ge in einem Popup-Modus anzeigen. <\/li><\/ul><p><a href=\"#demo\">Schauen Sie sich einfach diese Demo an, um zu sehen, was das Widget wert ist<\/a><\/p> <\/div> <div class=\"application-platform-content-item-installation application-platform-content-item\" id=\"installation\" data-nav-section=\"installation\"> <h2>Wie kann ich einen RSS-Feed zu meiner WordPress-Website hinzuf\u00fcgen? <\/h2> <div class=\"video-container\">\n<iframe width=\"720\" height=\"405\" src=\"https:\/\/www.youtube.com\/embed\/7qtMuKUh0S8?si=3hYq7Yp-2QYnKTlm\" frameborder=\"0\" allowfullscreen=\"\"><\/iframe>\n<\/div><p>Befolgen Sie einfach die nachstehenden Anweisungen, um das Plugin hinzuzuf\u00fcgen. <\/p> <ol><li><b>F\u00fchren Sie unsere kostenlose Demo durch und beginnen Sie mit der Erstellung Ihres eigenen Plugins. <\/b><br> Suchen Sie das ausgew\u00e4hlte Layout und die Funktionalit\u00e4t des Widgets und wenden Sie die Korrekturen an. <\/li> <li><b>Erhalten Sie den pers\u00f6nlichen Code, der im speziellen Formular auf Elfsight Apps angezeigt wird. <\/b><br> Kopieren Sie direkt nach Abschluss der Erstellung Ihres Widgets den einzelnen Code aus dem angezeigten Popup und bewahren Sie ihn zur sp\u00e4teren Verwendung auf. <\/li> <li><b>Beginnen Sie mit der Anwendung des Widgets auf Ihrer WordPress-Website. <\/b><br> Platzieren Sie den zuvor gespeicherten Code auf Ihrer Website und wenden Sie die Verbesserungen an. <\/li> <li><b>Das Setup wurde erfolgreich abgeschlossen. <\/b><br> Besuchen Sie Ihre Website, um zu sehen, wie das Widget funktioniert. <\/li><\/ol> <p>Z\u00f6gern Sie nicht, sich an unser Support-Team zu wenden, wenn Sie Anfragen bearbeiten oder auf Schwierigkeiten sto\u00dfen. Unsere Mitarbeiter sind bestrebt, alle Schwierigkeiten zu l\u00f6sen, die Sie m\u00f6glicherweise mit dem Produkt haben. <\/p> <\/div><div class=\"faq\" data-component=\"FAQ\"><div class=\"faq-item\">\r\n\t\t\t\t\t<div class=\"faq-item-question\">\r\n\t\t\t\t\t\t<h3 class=\"faq-item-question-text\">Gibt es eine Methode, RSS-Feeds ohne Programmierkenntnisse zu meiner WordPress-Site hinzuzuf\u00fcgen?<\/h3>\r\n\r\n\t\t\t\t\t\t<div class=\"faq-item-question-icon\"><\/div>\r\n\t\t\t\t\t<\/div>\r\n\r\n\t\t\t\t\t<div class=\"faq-item-answer\">\r\n\t\t\t\t\t\t<div class=\"faq-item-answer-text\"><p>Das Unternehmen Elfsight stellt vor Eine SaaS-L\u00f6sung, mit der ein breites Publikum selbst einen RSS-Feed-Bereich erstellen kann, sehen Sie sich die einfachen Anweisungen an: <\/p><ul><li>Gehen Sie zur Online-Demo, um eine RSS-Feed-App zu erstellen, die Sie auf der WordPress-Website anzeigen m\u00f6chten.<\/li><li>W\u00e4hlen Sie eine der vorgefertigten Vorlagen und \u00e4ndern Sie die RSS-Feed-Einstellungen, \u00e4ndern Sie das Layout und das Farbschema, f\u00fcgen Sie Ihre Inhalte ohne Programmierkenntnisse ein.<\/li><li>Speichern Sie den RSS-Feed und kopieren Sie seinen Installationscode. Das kann problemlos in Ihre WordPress-Site eingef\u00fcgt werden, ohne dass Sie einen kostenpflichtigen Plan kaufen m\u00fcssen.<\/li><\/ul><p>Mit dem benutzerfreundlichen Editor kann jeder Webbenutzer online ein RSS-Feed-Plugin erstellen und in seine WordPress-Webseite einbinden. Es ist nicht erforderlich, zu bezahlen oder Ihre Kartendaten einzugeben, um auf unseren Service zuzugreifen. Wenn Sie auf Probleme jeglicher Art sto\u00dfen, wenden Sie sich bitte an unseren technischen Kundensupport.<\/p><\/div>\r\n\t\t\t\t\t<\/div>\r\n\t\t\t\t<\/div><\/div>","protected":false},"excerpt":{"rendered":"","protected":false},"author":9,"featured_media":0,"parent":4029,"menu_order":0,"comment_status":"closed","ping_status":"closed","template":"templates\/template-application-platform.php","meta":{"publish_to_discourse":"","publish_post_category":"","wpdc_auto_publish_overridden":"","wpdc_topic_tags":"","wpdc_pin_topic":"","wpdc_pin_until":"","discourse_post_id":"","discourse_permalink":"","wpdc_publishing_response":"","wpdc_publishing_error":"","footnotes":""},"class_list":["post-4419","page","type-page","status-publish","hentry"],"yoast_head":"<!-- This site is optimized with the Yoast SEO plugin v25.3.1 - https:\/\/yoast.com\/wordpress\/plugins\/seo\/ -->\n<title>RSS-Feed-Plugin zur WordPress-Website hinzuf\u00fcgen (schnell und kostenlos)<\/title>\n<meta name=\"description\" content=\"Integrieren Sie ein einfach zu verwaltendes RSS-Feed-Plugin in Ihre WordPress-Site. Nutzen Sie die praktische Elfsight-Demo und erstellen Sie Ihren stilvollen RSS-Feed.\" \/>\n<meta name=\"robots\" content=\"index, follow, max-snippet:-1, max-image-preview:large, max-video-preview:-1\" \/>\n<link rel=\"canonical\" href=\"https:\/\/elfsight.com\/de\/rss-feed-widget\/wordpress\/\" \/>\n<meta property=\"og:locale\" content=\"de_DE\" \/>\n<meta property=\"og:type\" content=\"article\" \/>\n<meta property=\"og:title\" content=\"RSS-Feed-Plugin zur WordPress-Website hinzuf\u00fcgen (schnell und kostenlos)\" \/>\n<meta property=\"og:description\" content=\"Integrieren Sie ein einfach zu verwaltendes RSS-Feed-Plugin in Ihre WordPress-Site. Nutzen Sie die praktische Elfsight-Demo und erstellen Sie Ihren stilvollen RSS-Feed.\" \/>\n<meta property=\"og:url\" content=\"https:\/\/elfsight.com\/de\/rss-feed-widget\/wordpress\/\" \/>\n<meta property=\"og:site_name\" content=\"Elfsight DE\" \/>\n<meta property=\"article:modified_time\" content=\"2026-01-15T10:52:37+00:00\" \/>\n<meta name=\"twitter:card\" content=\"summary_large_image\" \/>\n<meta name=\"twitter:label1\" content=\"Gesch\u00e4tzte Lesezeit\" \/>\n\t<meta name=\"twitter:data1\" content=\"3\u00a0Minuten\" \/>\n<!-- \/ Yoast SEO plugin. -->","yoast_head_json":{"title":"RSS-Feed-Plugin zur WordPress-Website hinzuf\u00fcgen (schnell und kostenlos)","description":"Integrieren Sie ein einfach zu verwaltendes RSS-Feed-Plugin in Ihre WordPress-Site. Nutzen Sie die praktische Elfsight-Demo und erstellen Sie Ihren stilvollen RSS-Feed.","robots":{"index":"index","follow":"follow","max-snippet":"max-snippet:-1","max-image-preview":"max-image-preview:large","max-video-preview":"max-video-preview:-1"},"canonical":"https:\/\/elfsight.com\/de\/rss-feed-widget\/wordpress\/","og_locale":"de_DE","og_type":"article","og_title":"RSS-Feed-Plugin zur WordPress-Website hinzuf\u00fcgen (schnell und kostenlos)","og_description":"Integrieren Sie ein einfach zu verwaltendes RSS-Feed-Plugin in Ihre WordPress-Site. Nutzen Sie die praktische Elfsight-Demo und erstellen Sie Ihren stilvollen RSS-Feed.","og_url":"https:\/\/elfsight.com\/de\/rss-feed-widget\/wordpress\/","og_site_name":"Elfsight DE","article_modified_time":"2026-01-15T10:52:37+00:00","twitter_card":"summary_large_image","twitter_misc":{"Gesch\u00e4tzte Lesezeit":"3\u00a0Minuten"},"schema":{"@context":"https:\/\/schema.org","@graph":[{"@type":"WebPage","@id":"https:\/\/elfsight.com\/de\/rss-feed-widget\/wordpress\/","url":"https:\/\/elfsight.com\/de\/rss-feed-widget\/wordpress\/","name":"RSS-Feed-Plugin zur WordPress-Website hinzuf\u00fcgen (schnell und kostenlos)","isPartOf":{"@id":"https:\/\/elfsight.com\/de\/#website"},"datePublished":"1970-01-01T00:00:00+00:00","dateModified":"2026-01-15T10:52:37+00:00","description":"Integrieren Sie ein einfach zu verwaltendes RSS-Feed-Plugin in Ihre WordPress-Site. Nutzen Sie die praktische Elfsight-Demo und erstellen Sie Ihren stilvollen RSS-Feed.","breadcrumb":{"@id":"https:\/\/elfsight.com\/de\/rss-feed-widget\/wordpress\/#breadcrumb"},"inLanguage":"de","potentialAction":[{"@type":"ReadAction","target":["https:\/\/elfsight.com\/de\/rss-feed-widget\/wordpress\/"]}]},{"@type":"BreadcrumbList","@id":"https:\/\/elfsight.com\/de\/rss-feed-widget\/wordpress\/#breadcrumb","itemListElement":[{"@type":"ListItem","position":1,"name":"Home","item":"https:\/\/elfsight.com\/de\/"},{"@type":"ListItem","position":2,"name":"RSS Feed","item":"https:\/\/elfsight.com\/de\/rss-feed-widget\/"},{"@type":"ListItem","position":3,"name":"RSS Feed &#8211; WordPress"}]},{"@type":"WebSite","@id":"https:\/\/elfsight.com\/de\/#website","url":"https:\/\/elfsight.com\/de\/","name":"Elfsight DE","description":"Just another Elfsight Sites site","potentialAction":[{"@type":"SearchAction","target":{"@type":"EntryPoint","urlTemplate":"https:\/\/elfsight.com\/de\/?s={search_term_string}"},"query-input":{"@type":"PropertyValueSpecification","valueRequired":true,"valueName":"search_term_string"}}],"inLanguage":"de"}]}},"meta_box":{"industry":"","seo_heading":"","heading":"","description":"","cta_heading":"","cta_description":"","application":"4028","h1":"WordPress-RSS-Feed-Plugin","h1_caption":"Zeigen Sie Inhalte von jeder Nachrichten-Website per RSS-Feed in 1-2-3 auf Ihrer Website an!","application_category":[],"applications_title":"","applications_request_title":"","applications_request_button_text":"","hero_text":"","hero_video":"","hero_video_schema_markup":"","selling_points_title":"","selling_points_caption":"","selling_points":[],"selling_points_cta_text":"","features_title":"","features":"","ed_cta_examples_text":"","ed_cta_examples_hidden":"","ed_cta_demo_text":"","ed_cta_demo_hidden":"","why_caption":"","why_editor_title":"","why_editor_text":"","why_team_title":"","why_team_text":"","why_service_title":"","why_service_text":"","template_catalog_visible":"0","template_catalog_title":"","template_catalog_text":"","template_catalog_categories_visible":"","demo_title":"Erstellen Sie Ihr RSS-Feed-Plugin","demo_caption":"Konfigurieren Sie Ihren RSS-Feed und f\u00fcgen Sie ihn kostenlos zu Ihrer WordPress-Website hinzu!","default_faq_hidden":"","app_template_category":[],"platform":"266","template_public_id":"","codecanyon_url":"","codecanyon_item_id":"","codecanyon_price":"","pricing_caption":"","pricing_elfsight_apps_hide_column":"","pricing_elfsight_apps_url":"","pricing_codecanyon_price_caption":"","integration_category":[],"integration_request_title":"","integration_request_cta":"","integration_platform":"","integrations":[],"platform_category":[],"video_schema_markup":"","price":"ab 0 $ \/ Monat","trial":"","benefits":[{"text":"Kostenloser Installationsservice"},{"text":"Effektiver Kundenservice"},{"text":"14-t\u00e4gige Geld-zur\u00fcck-Garantie"},{"text":"Lebenslange kostenlose Updates"}],"button_url":"#demo","button_target_blank":"0","button_nofollow":"0","attributes":[{"name":"Installiert","content":"10,000 - 100,000","_state":"expanded"},{"name":"Reaktionsfreudig","content":"Ja","_state":"expanded"},{"name":"Kompatible Browser","content":"Firefox, Safari, Opera, Chrome, Edge"}],"tags":[],"tags_disable_links":"0","hide_more_platforms":"0","video_object":"","demo_hide_cta":"0","demo_hide_cloud_options":"0","pricing_title":"","pricing":[{"pricing_icon":"platform","pricing_title":"Elfsight Apps","pricing_title_caption":"Plattformunabh\u00e4ngige L\u00f6sung, die auf jeder Site funktioniert","pricing_price":"ab 0 $ \/ Monat","pricing_price_caption":"Beginnen Sie mit einem kostenlosen Plan","pricing_benefits":[{"text":"Unbegrenzte Websites"},{"text":"Engagierter und p\u00fcnktlicher Support und gut dokumentiert"},{"text":"Kostenlose Installationsunterst\u00fctzung"},{"text":"Vollst\u00e4ndig anpassbar"}],"pricing_button_text":"Zur Website hinzuf\u00fcgen","pricing_button_url":"#demo","_state":"expanded"}],"related_apps_title":"","related_apps_hidden":"1","author":"","image":[],"title":"","job":"","social_networks":[]},"_links":{"self":[{"href":"https:\/\/elfsight.com\/de\/wp-json\/wp\/v2\/pages\/4419","targetHints":{"allow":["GET"]}}],"collection":[{"href":"https:\/\/elfsight.com\/de\/wp-json\/wp\/v2\/pages"}],"about":[{"href":"https:\/\/elfsight.com\/de\/wp-json\/wp\/v2\/types\/page"}],"author":[{"embeddable":true,"href":"https:\/\/elfsight.com\/de\/wp-json\/wp\/v2\/users\/9"}],"replies":[{"embeddable":true,"href":"https:\/\/elfsight.com\/de\/wp-json\/wp\/v2\/comments?post=4419"}],"version-history":[{"count":6,"href":"https:\/\/elfsight.com\/de\/wp-json\/wp\/v2\/pages\/4419\/revisions"}],"predecessor-version":[{"id":25599,"href":"https:\/\/elfsight.com\/de\/wp-json\/wp\/v2\/pages\/4419\/revisions\/25599"}],"up":[{"embeddable":true,"href":"https:\/\/elfsight.com\/de\/wp-json\/wp\/v2\/pages\/4029"}],"wp:attachment":[{"href":"https:\/\/elfsight.com\/de\/wp-json\/wp\/v2\/media?parent=4419"}],"curies":[{"name":"wp","href":"https:\/\/api.w.org\/{rel}","templated":true}]}}