{"id":4414,"date":"1970-01-01T00:00:00","date_gmt":"1970-01-01T00:00:00","guid":{"rendered":"https:\/\/elfsight.com\/de\/?page_id=4414"},"modified":"2025-02-14T15:08:21","modified_gmt":"2025-02-14T15:08:21","slug":"wordpress","status":"publish","type":"page","link":"https:\/\/elfsight.com\/de\/radio-player-widget\/wordpress\/","title":{"rendered":"Radio Player &#8211; WordPress"},"content":{"rendered":"\n<div class=\"application-platform-content-item-description application-platform-content-item\" id=\"description\" data-nav-section=\"description\"> <h2>Radio Player mit dem Elfsight-Widget in WordPress einbetten<\/h2> <p>Elfsight Live Player ist ein unkompliziertes Streaming-Plugin, das Ihnen die M\u00f6glichkeit dazu bietet Spielen Sie Radiosender direkt auf Ihrer Website ab. Das Widget ist bemerkenswert anpassbar: Sie k\u00f6nnen seine Position \u00e4ndern, indem Sie es an einer beliebigen Stelle auf der Seite platzieren, seine Gr\u00f6\u00dfe \u00e4ndern, den Hintergrund und andere Elemente neu zeichnen, um es mit dem Stil Ihrer Website zu verschmelzen, ein dunkles Farbschema anwenden, Cover anzeigen und drei weitere Elemente anzeigen oder verbergen Spielerteile, zum Beispiel Titel, Status und mehr. F\u00fcgen Sie so viele Sender hinzu, wie Sie m\u00f6chten, um Ihre Besucher zu begeistern, schalten Sie die Autoplay-Option ein und seien Sie sicher \u2013 Ihr Publikum wird Ihre Website nicht sofort verlassen! <\/p> <p><b>Versorgen Sie Ihre Besucher mit einer brandneuen Quelle hilfreicher und ansprechender Inhalte mit dem Streaming Radio Player f\u00fcr WordPress.<\/b><\/p> <\/div> <div class=\"application-platform-content-item-features application-platform-content-item\" id=\"features\" data-nav-section=\"features\"> <h2>Dies sind nur einige der vielen Plugin-Funktionen:<\/h2> <ul><li>Zahlreiche Farb\u00e4nderungen. <\/li><li>Dunkel\/Hell-Farbschema. <\/li><li>2 gebrauchsfertige Layouts. <\/li><li>M\u00f6glichkeit, ein Hintergrundbild hinzuzuf\u00fcgen. <\/li><li>F\u00fcgen Sie eine unbegrenzte Anzahl von Sendern hinzu<\/li><\/ul><p><a href=\"#demo\">Probieren Sie einfach diese Demo aus, um zu sehen, wie es funktioniert<\/a><\/p> <\/div> <div class=\"application-platform-content-item-installation application-platform-content-item\" id=\"installation\" data-nav-section=\"installation\"> <h2>Wie f\u00fcge ich das Live Radio Player-Plugin zur WordPress-Website hinzu?<\/h2><div class=\"video-container\"><iframe width=\"560\" height=\"315\" src=\"https:\/\/www.youtube.com\/embed\/uyaX025ORVE?si=1g-OORkBgnsLn-RM\" frameborder=\"0\" allow=\"accelerometer; autoplay; clipboard-write; encrypted-media; gyroscope; picture-in-picture; web-share\" allowfullscreen><\/iframe><\/div><p>Befolgen Sie einfach die unten beschriebenen Schritte, um das Widget einzubetten. <\/p> <ol><li><b>\u00d6ffnen Sie unseren kostenlosen Editor und beginnen Sie mit der Erstellung Ihres eigenen Plugins. <\/b><br> Bestimmen Sie das geeignete Layout und die Leistung des Plugins und wenden Sie alle Korrekturen an. <\/li> <li><b>Holen Sie sich den individuellen Code, der in der Box auf Elfsight Apps angezeigt wird. <\/b><br> Kopieren Sie unmittelbar nach Abschluss der Einrichtung Ihres Plugins Ihren Code in das angezeigte Fenster und bewahren Sie ihn f\u00fcr die zuk\u00fcnftige Verwendung auf. <\/li> <li><b>Erste Schritte mit der Verwendung des Plugins auf der WordPress-Site. <\/b><br> Implementieren Sie den k\u00fcrzlich gespeicherten Code in Ihre Webseite und wenden Sie die Korrekturen an. <\/li> <li><b>Du bist fertig! Das Setup ist vollst\u00e4ndig durchgef\u00fchrt. <\/b><br> Besuchen Sie Ihre Webseite, um die Funktionsweise des Plugins in Aktion zu sehen. <\/li><\/ol><p>Wenn Sie Fragen haben oder auf Probleme sto\u00dfen, k\u00f6nnen Sie sich jederzeit an unsere Kundendienstmitarbeiter wenden. Unsere Spezialisten helfen Ihnen gerne bei allen Problemen, die Sie mit dem Widget haben. <\/p> <div class=\"faq\" data-component=\"FAQ\"><div class=\"faq-item\">\r\n\t\t\t\t\t<div class=\"faq-item-question\">\r\n\t\t\t\t\t\t<h3 class=\"faq-item-question-text\">Wie kann ich ohne Programmierkenntnisse ein Radio Player-Plugin f\u00fcr WordPress in meine Website einbetten?<\/h3>\r\n\r\n\t\t\t\t\t\t<div class=\"faq-item-question-icon\"><\/div>\r\n\t\t\t\t\t<\/div>\r\n\r\n\t\t\t\t\t<div class=\"faq-item-answer\">\r\n\t\t\t\t\t\t<div class=\"faq-item-answer-text\"><p>Elfsight bietet eine cloudbasierte L\u00f6sung, mit der Benutzer ein Radio Player-Plugin erstellen k\u00f6nnen f\u00fcr WordPress selbst. Sehen Sie, wie einfach der Vorgang ist:<\/p><ul><li>Greifen Sie auf den Online-Editor zu, um einen Radio Player-Plugin f\u00fcr den WordPress-Bereich zu erstellen, den Sie in Ihre Website integrieren m\u00f6chten.<\/li><li>W\u00e4hlen Sie einen davon aus Nutzen Sie unsere vorgefertigten Vorlagen und passen Sie die Einstellungen des Radio Player-Plugins f\u00fcr WordPress an, \u00e4ndern Sie das Layout und das Farbschema und f\u00fcgen Sie Ihre Inhalte ein, ohne dass eine Codierung erforderlich ist.<\/li><li>Speichern Sie die Einstellungen, die Sie f\u00fcr das Radio Player-Plugin konfiguriert haben f\u00fcr WordPress und erhalten Sie den Code zum Einbetten des Plugins, das m\u00fchelos und kostenlos zu Ihrer Website hinzugef\u00fcgt werden kann.<\/li><\/ul><p>Durch die Arbeit im benutzerfreundlichen Editor kann jeder Internetnutzer ein Radio erstellen Sie k\u00f6nnen den Abschnitt \u201ePlayer-Plugin f\u00fcr WordPress\u201c herunterladen und in die Website einbetten. F\u00fcr den Zugriff auf den Elfsight-Editor ist keine Zahlung oder Offenlegung Ihrer Karteninformationen erforderlich. Sollten Sie zu irgendeinem Zeitpunkt auf Schwierigkeiten sto\u00dfen, wenden Sie sich bitte an unseren Kundensupport.<\/p><\/div>\r\n\t\t\t\t\t<\/div>\r\n\t\t\t\t<\/div><\/div><\/div>\n","protected":false},"excerpt":{"rendered":"","protected":false},"author":9,"featured_media":0,"parent":2242,"menu_order":0,"comment_status":"closed","ping_status":"closed","template":"templates\/template-application-platform.php","meta":{"publish_to_discourse":"","publish_post_category":"","wpdc_auto_publish_overridden":"","wpdc_topic_tags":"","wpdc_pin_topic":"","wpdc_pin_until":"","discourse_post_id":"","discourse_permalink":"","wpdc_publishing_response":"","wpdc_publishing_error":"","footnotes":""},"class_list":["post-4414","page","type-page","status-publish","hentry"],"yoast_head":"<!-- This site is optimized with the Yoast SEO plugin v25.3.1 - https:\/\/yoast.com\/wordpress\/plugins\/seo\/ -->\n<title>Streaming-Radio-Player-Widget f\u00fcr WordPress-Website (kostenlos und einfach)<\/title>\n<meta name=\"description\" content=\"F\u00fchren Sie ein responsives Radio Player-Plugin auf Ihrer WordPress-Website ein. Nutzen Sie unsere praktische Demo und erstellen Sie ganz einfach Ihr Streaming-Radio!\" \/>\n<meta name=\"robots\" content=\"index, follow, max-snippet:-1, max-image-preview:large, max-video-preview:-1\" \/>\n<link rel=\"canonical\" href=\"https:\/\/elfsight.com\/de\/radio-player-widget\/wordpress\/\" \/>\n<meta property=\"og:locale\" content=\"de_DE\" \/>\n<meta property=\"og:type\" content=\"article\" \/>\n<meta property=\"og:title\" content=\"Streaming-Radio-Player-Widget f\u00fcr WordPress-Website (kostenlos und einfach)\" \/>\n<meta property=\"og:description\" content=\"F\u00fchren Sie ein responsives Radio Player-Plugin auf Ihrer WordPress-Website ein. Nutzen Sie unsere praktische Demo und erstellen Sie ganz einfach Ihr Streaming-Radio!\" \/>\n<meta property=\"og:url\" content=\"https:\/\/elfsight.com\/de\/radio-player-widget\/wordpress\/\" \/>\n<meta property=\"og:site_name\" content=\"Elfsight DE\" \/>\n<meta property=\"article:modified_time\" content=\"2025-02-14T15:08:21+00:00\" \/>\n<meta name=\"twitter:card\" content=\"summary_large_image\" \/>\n<meta name=\"twitter:label1\" content=\"Gesch\u00e4tzte Lesezeit\" \/>\n\t<meta name=\"twitter:data1\" content=\"4\u00a0Minuten\" \/>\n<!-- \/ Yoast SEO plugin. -->","yoast_head_json":{"title":"Streaming-Radio-Player-Widget f\u00fcr WordPress-Website (kostenlos und einfach)","description":"F\u00fchren Sie ein responsives Radio Player-Plugin auf Ihrer WordPress-Website ein. Nutzen Sie unsere praktische Demo und erstellen Sie ganz einfach Ihr Streaming-Radio!","robots":{"index":"index","follow":"follow","max-snippet":"max-snippet:-1","max-image-preview":"max-image-preview:large","max-video-preview":"max-video-preview:-1"},"canonical":"https:\/\/elfsight.com\/de\/radio-player-widget\/wordpress\/","og_locale":"de_DE","og_type":"article","og_title":"Streaming-Radio-Player-Widget f\u00fcr WordPress-Website (kostenlos und einfach)","og_description":"F\u00fchren Sie ein responsives Radio Player-Plugin auf Ihrer WordPress-Website ein. Nutzen Sie unsere praktische Demo und erstellen Sie ganz einfach Ihr Streaming-Radio!","og_url":"https:\/\/elfsight.com\/de\/radio-player-widget\/wordpress\/","og_site_name":"Elfsight DE","article_modified_time":"2025-02-14T15:08:21+00:00","twitter_card":"summary_large_image","twitter_misc":{"Gesch\u00e4tzte Lesezeit":"4\u00a0Minuten"},"schema":{"@context":"https:\/\/schema.org","@graph":[{"@type":"WebPage","@id":"https:\/\/elfsight.com\/de\/radio-player-widget\/wordpress\/","url":"https:\/\/elfsight.com\/de\/radio-player-widget\/wordpress\/","name":"Streaming-Radio-Player-Widget f\u00fcr WordPress-Website (kostenlos und einfach)","isPartOf":{"@id":"https:\/\/elfsight.com\/de\/#website"},"datePublished":"1970-01-01T00:00:00+00:00","dateModified":"2025-02-14T15:08:21+00:00","description":"F\u00fchren Sie ein responsives Radio Player-Plugin auf Ihrer WordPress-Website ein. Nutzen Sie unsere praktische Demo und erstellen Sie ganz einfach Ihr Streaming-Radio!","breadcrumb":{"@id":"https:\/\/elfsight.com\/de\/radio-player-widget\/wordpress\/#breadcrumb"},"inLanguage":"de","potentialAction":[{"@type":"ReadAction","target":["https:\/\/elfsight.com\/de\/radio-player-widget\/wordpress\/"]}]},{"@type":"BreadcrumbList","@id":"https:\/\/elfsight.com\/de\/radio-player-widget\/wordpress\/#breadcrumb","itemListElement":[{"@type":"ListItem","position":1,"name":"Home","item":"https:\/\/elfsight.com\/de\/"},{"@type":"ListItem","position":2,"name":"Radio Player","item":"https:\/\/elfsight.com\/de\/radio-player-widget\/"},{"@type":"ListItem","position":3,"name":"Radio Player &#8211; WordPress"}]},{"@type":"WebSite","@id":"https:\/\/elfsight.com\/de\/#website","url":"https:\/\/elfsight.com\/de\/","name":"Elfsight DE","description":"Just another Elfsight Sites site","potentialAction":[{"@type":"SearchAction","target":{"@type":"EntryPoint","urlTemplate":"https:\/\/elfsight.com\/de\/?s={search_term_string}"},"query-input":{"@type":"PropertyValueSpecification","valueRequired":true,"valueName":"search_term_string"}}],"inLanguage":"de"}]}},"meta_box":{"industry":"","seo_heading":"","heading":"","description":"","cta_heading":"","cta_description":"","application":"2241","h1":"WordPress Radio Player-Plugin","h1_caption":"F\u00fcgen Sie Ihrer Website einen Live-Radiostream mit einem anpassbaren Player hinzu, der Ihr Branding m\u00fchelos in Ihre WordPress-Website einf\u00fcgt.","application_category":[],"applications_title":"","applications_request_title":"","applications_request_button_text":"","hero_text":"","hero_video":"","hero_video_schema_markup":"","selling_points_title":"","selling_points_caption":"","selling_points":[],"selling_points_cta_text":"","features_title":"","features":"","ed_cta_examples_text":"","ed_cta_examples_hidden":"","ed_cta_demo_text":"","ed_cta_demo_hidden":"","why_caption":"","why_editor_title":"","why_editor_text":"","why_team_title":"","why_team_text":"","why_service_title":"","why_service_text":"","template_catalog_visible":"0","template_catalog_title":"","template_catalog_text":"","template_catalog_categories_visible":"","demo_title":"Erstellen Sie Ihr Radio Player-Plugin","demo_caption":"Konfigurieren Sie Ihren Radio-Player und f\u00fcgen Sie ihn kostenlos zu Ihrer WordPress-Website hinzu!","default_faq_hidden":"","app_template_category":[],"platform":"266","template_public_id":"","codecanyon_url":"","codecanyon_item_id":"","codecanyon_price":"","pricing_caption":"","pricing_elfsight_apps_hide_column":"","pricing_elfsight_apps_url":"","pricing_codecanyon_price_caption":"","integration_category":[],"integration_request_title":"","integration_request_cta":"","integration_platform":"","integrations":[],"platform_category":[],"video_schema_markup":"","price":"ab 0 $ \/ Monat","trial":"","benefits":[{"text":"Kostenlose Installationshilfe"},{"text":"Premium-Support"},{"text":"14-t\u00e4gige Geld-zur\u00fcck-Garantie"},{"text":"Zuk\u00fcnftige Updates"}],"button_url":"#demo","button_target_blank":"0","button_nofollow":"0","attributes":[{"name":"Installiert","content":"10,000 - 100,000","_state":"expanded"},{"name":"Reaktionsfreudig","content":"Ja","_state":"expanded"},{"name":"Kompatible Browser","content":"Firefox, Safari, Opera, Chrome, Edge"}],"tags":[],"tags_disable_links":"0","hide_more_platforms":"0","video_object":"{\r\n  \"@context\": \"http:\/\/schema.org\",\r\n  \"@type\": \"VideoObject\",\r\n  \"name\": \"How to Add Radio Player Plugin to WordPress (2021)\",\r\n  \"description\": \"Introduce a responsive Radio Player plugin on your WordPress website. Use our convenient demo and generate your streaming radio widget easily!\",\r\n  \"thumbnailUrl\": \"https:\/\/i.ytimg.com\/vi\/uyaX025ORVE\/default.jpg\",\r\n  \"uploadDate\": \"2021-03-29T07:57:26Z\",\r\n  \"duration\": \"PT2M25S\",\r\n  \"embedUrl\": \"https:\/\/www.youtube.com\/embed\/uyaX025ORVE\",\r\n  \"interactionCount\": \"3\"\r\n}","demo_hide_cta":"0","demo_hide_cloud_options":"0","pricing_title":"","pricing":[{"pricing_icon":"platform","pricing_title":"Elfsight Apps","pricing_title_caption":"Multiplattform-L\u00f6sung, die auf jeder Website funktioniert","pricing_price":"ab 0 $ \/ Monat","pricing_price_caption":"Beginnen Sie mit einem kostenlosen Plan","pricing_benefits":[{"text":"Unbegrenzte Domains"},{"text":"Premium-Unternehmensunterst\u00fctzung"},{"text":"Kostenlose Installationshilfe"},{"text":"Sonderangebot f\u00fcr mehrere Apps"}],"pricing_button_text":"Zur Website hinzuf\u00fcgen","pricing_button_url":"#demo","_state":"expanded"}],"related_apps_title":"","related_apps_hidden":"1","author":"","image":[],"title":"","job":"","social_networks":[]},"_links":{"self":[{"href":"https:\/\/elfsight.com\/de\/wp-json\/wp\/v2\/pages\/4414","targetHints":{"allow":["GET"]}}],"collection":[{"href":"https:\/\/elfsight.com\/de\/wp-json\/wp\/v2\/pages"}],"about":[{"href":"https:\/\/elfsight.com\/de\/wp-json\/wp\/v2\/types\/page"}],"author":[{"embeddable":true,"href":"https:\/\/elfsight.com\/de\/wp-json\/wp\/v2\/users\/9"}],"replies":[{"embeddable":true,"href":"https:\/\/elfsight.com\/de\/wp-json\/wp\/v2\/comments?post=4414"}],"version-history":[{"count":8,"href":"https:\/\/elfsight.com\/de\/wp-json\/wp\/v2\/pages\/4414\/revisions"}],"predecessor-version":[{"id":24226,"href":"https:\/\/elfsight.com\/de\/wp-json\/wp\/v2\/pages\/4414\/revisions\/24226"}],"up":[{"embeddable":true,"href":"https:\/\/elfsight.com\/de\/wp-json\/wp\/v2\/pages\/2242"}],"wp:attachment":[{"href":"https:\/\/elfsight.com\/de\/wp-json\/wp\/v2\/media?parent=4414"}],"curies":[{"name":"wp","href":"https:\/\/api.w.org\/{rel}","templated":true}]}}