{"id":4411,"date":"1970-01-01T00:00:00","date_gmt":"1970-01-01T00:00:00","guid":{"rendered":"https:\/\/elfsight.com\/de\/?page_id=4411"},"modified":"2024-11-08T09:24:45","modified_gmt":"2024-11-08T09:24:45","slug":"wordpress","status":"publish","type":"page","link":"https:\/\/elfsight.com\/de\/pricing-table-plugin\/wordpress\/","title":{"rendered":"Pricing Table &#8211; WordPress"},"content":{"rendered":"\n<div class=\"application-platform-content-item-description application-platform-content-item\" id=\"description\" data-nav-section=\"description\">\n<h2>Preistabelle in WordPress mit dem Elfsight-Widget einbetten<\/h2>\n<p>Eine gut gestaltete und reaktionsf\u00e4hige Preisgestaltung ist eines der besten Anreizinstrumente, um Kunden zu gewinnen, die auf Ihrer Website bestellen m\u00f6chten. Unser Plugin erm\u00f6glicht es den Besuchern Ihrer Website, mehrere Preispl\u00e4ne schnell zu visualisieren und zu vergleichen. Dar\u00fcber hinaus tr\u00e4gt es dazu bei, die Konversionsrate durch den Einsatz intelligenter Designtricks und Vorlagen zu steigern.<\/p>\n<p><b>Erh\u00f6hen Sie den Umsatz Ihrer Website mit einem leistungsstarken Preis-Plugin.<\/b><\/p>\n<ul>\n    <li><b>Gewinnen Sie mehr Kunden<\/b>.<br>Verwenden Sie das intelligenteste Design, um die \u00c4ngste und Zweifel Ihrer Kunden zu beseitigen, die bei der Kaufentscheidung auftreten k\u00f6nnten \u2013 und steigern Sie Ihre Conversion.<\/li>\n    <li><b>Plugin in nur 3 Minuten anpassen<\/b>.<br>Erstellen Sie Ihr personalisiertes Plugin in Sekundenschnelle. Passen Sie die gew\u00fcnschten Parameter der Vorlage an und f\u00fcgen Sie Ihren Inhalt hinzu \u2013 alles in nur wenigen Schritten.<\/li>\n    <li><b>Machen Sie Ihre Preisgestaltung f\u00fcr Besucher ansprechend<\/b>.<br>W\u00e4hlen Sie die passenden Farben aus, f\u00fcgen Sie Elemente hinzu und verwenden Sie Bilder, um Ihre Preisgestaltung attraktiv zu gestalten und die Kaufergebnisse positiv zu beeinflussen.<\/li>\n<\/ul>\n<\/div>\n\n<div class=\"application-platform-content-item-features application-platform-content-item\" id=\"features\" data-nav-section=\"features\">\n<h2>Hauptmerkmale des Preistabellen-Widgets<\/h2>\n<p>Die Vorteile, die unsere Preistabelle zum besten Plugin f\u00fcr WordPress-Websites machen.<\/p>\n<ul>\n    <li>6 vordefinierte Spaltenelemente, die angeordnet und angepasst werden k\u00f6nnen, um das perfekte Aussehen zu erhalten;<\/li>\n    <li>5 vordefinierte Skins mit verschiedenen Farbschemata;<\/li>\n    <li>3 vordefinierte Funktionsstile;<\/li>\n    <li>Verkn\u00fcpfung des Buttons mit der erforderlichen Seite;<\/li>\n    <li>Responsives mobiles Layout.<\/li>\n<\/ul>\n<p><a href=\"#demo\">Sie k\u00f6nnen alle Funktionen mithilfe einer Live-Demo testen<\/a><\/p>\n<\/div>\n\n<div class=\"application-platform-content-item-installation application-platform-content-item\" id=\"installation\" data-nav-section=\"installation\">\n<h2>So erstellen Sie eine Preistabelle f\u00fcr die WordPress-Website<\/h2>\n<div class=\"video-container\">\n    <iframe src=\"https:\/\/www.youtube.com\/embed\/egjLB_Rh-Eo\" width=\"720\" height=\"405\" frameborder=\"0\" allowfullscreen=\"allowfullscreen\"><\/iframe>\n<\/div>\n<p>F\u00fchren Sie einfach die folgenden Schritte aus, um das Widget auf WordPress zu aktivieren.<\/p>\n<ol>\n    <li><b>Starten Sie unseren kostenlosen Editor und beginnen Sie mit der Erstellung Ihres ma\u00dfgeschneiderten Widgets.<\/b><br> Finden Sie das bevorzugte Design und die Parameter des Werkzeugs und speichern Sie die Korrekturen.<\/li>\n    <li><b>Erhalten Sie Ihren pers\u00f6nlichen Code, der in der Box auf Elfsight Apps angezeigt wird.<\/b><br> Wenn die Einrichtung Ihres Preistabellen-Widgets abgeschlossen ist, kopieren Sie den einzelnen Code aus dem angezeigten Popup und bewahren Sie ihn zur sp\u00e4teren Verwendung auf.<\/li>\n    <li><b>Initiieren Sie die Nutzung des Widgets auf Ihrer WordPress-Website.<\/b><br> F\u00fcgen Sie den k\u00fcrzlich kopierten Code in Ihre Website ein und speichern Sie die \u00c4nderungen.<\/li>\n    <li><b>Du bist fertig! Die Einbettung wurde erfolgreich durchgef\u00fchrt.<\/b><br> Besuchen Sie Ihre Website, um zu sehen, wie das Plugin funktioniert.<\/li>\n<\/ol>\n<p>Haben Sie Probleme beim Hinzuf\u00fcgen des Plugins zu Ihrer Website? Sehen Sie sich unsere ausf\u00fchrliche Anleitung an oder hinterlassen Sie eine Nachricht f\u00fcr unser Support-Team \u2013 sie l\u00f6sen alle Arten von Problemen im Handumdrehen.<\/p>\n<\/div>\n\n<div class=\"faq\" data-component=\"FAQ\">\n<div class=\"faq-item\">\r\n\t\t\t\t\t<div class=\"faq-item-question\">\r\n\t\t\t\t\t\t<h3 class=\"faq-item-question-text\">Wie binde ich eine Preistabelle in meine WordPress-Site ein?<\/h3>\r\n\r\n\t\t\t\t\t\t<div class=\"faq-item-question-icon\"><\/div>\r\n\t\t\t\t\t<\/div>\r\n\r\n\t\t\t\t\t<div class=\"faq-item-answer\">\r\n\t\t\t\t\t\t<div class=\"faq-item-answer-text\">\n<p>Die Erstellung des Tools erfolgt \u00fcber den Elfsight-Dienst, und Sie m\u00fcssen nicht programmieren lernen. Verwenden Sie die Online-Demo, um Ihr pers\u00f6nliches Widget anzupassen, den Code zu erhalten und ihn auf Ihrer Website zu implementieren.<\/p>\n<\/div>\r\n\t\t\t\t\t<\/div>\r\n\t\t\t\t<\/div>\n\n<div class=\"faq-item\">\r\n\t\t\t\t\t<div class=\"faq-item-question\">\r\n\t\t\t\t\t\t<h3 class=\"faq-item-question-text\">Die besten Anwendungsbeispiele der Preistabellen-Integration<\/h3>\r\n\r\n\t\t\t\t\t\t<div class=\"faq-item-question-icon\"><\/div>\r\n\t\t\t\t\t<\/div>\r\n\r\n\t\t\t\t\t<div class=\"faq-item-answer\">\r\n\t\t\t\t\t\t<div class=\"faq-item-answer-text\">\n<p>Wir bieten Ihnen zahlreiche Anpassungsm\u00f6glichkeiten: vollwertige Widgets zur Einbettung in den Inhaltsbereich, schwebende Widgets mit Scrollfunktion, Layouts f\u00fcr Fu\u00dfzeilen, Kopfzeilen und zahlreiche vertikale Optionen f\u00fcr Seitenleisten und Men\u00fcs.<\/p>\n<\/div>\r\n\t\t\t\t\t<\/div>\r\n\t\t\t\t<\/div>\n\n<div class=\"faq-item\">\r\n\t\t\t\t\t<div class=\"faq-item-question\">\r\n\t\t\t\t\t\t<h3 class=\"faq-item-question-text\">Wie erstelle ich mit Hilfe Ihres Editors eine Servicepl\u00e4ne- oder Vergleichspreistabelle?<\/h3>\r\n\r\n\t\t\t\t\t\t<div class=\"faq-item-question-icon\"><\/div>\r\n\t\t\t\t\t<\/div>\r\n\r\n\t\t\t\t\t<div class=\"faq-item-answer\">\r\n\t\t\t\t\t\t<div class=\"faq-item-answer-text\">\n<p>Sie k\u00f6nnen jede gew\u00fcnschte Anpassung vornehmen. Im Editor stehen Ihnen zahlreiche Layouts zur Verf\u00fcgung, die Sie ganz einfach an Ihre Bed\u00fcrfnisse anpassen k\u00f6nnen.<\/p>\n<\/div>\r\n\t\t\t\t\t<\/div>\r\n\t\t\t\t<\/div>\n<\/div>\n\n","protected":false},"excerpt":{"rendered":"","protected":false},"author":9,"featured_media":0,"parent":798,"menu_order":0,"comment_status":"closed","ping_status":"closed","template":"templates\/template-application-platform.php","meta":{"publish_to_discourse":"","publish_post_category":"","wpdc_auto_publish_overridden":"","wpdc_topic_tags":"","wpdc_pin_topic":"","wpdc_pin_until":"","discourse_post_id":"","discourse_permalink":"","wpdc_publishing_response":"","wpdc_publishing_error":"","footnotes":""},"class_list":["post-4411","page","type-page","status-publish","hentry"],"yoast_head":"<!-- This site is optimized with the Yoast SEO plugin v25.3.1 - https:\/\/yoast.com\/wordpress\/plugins\/seo\/ -->\n<title>Das beste WordPress-Preistabellen-Plugin f\u00fcr Ihre Website (2025)<\/title>\n<meta name=\"description\" content=\"Installieren Sie das responsive Preistabellen-Plugin f\u00fcr WordPress in nur 2 Minuten. Probieren Sie alle Funktionen des Plugins f\u00fcr die beste Preisgestaltung im kostenlosen Editor aus.\" \/>\n<meta name=\"robots\" content=\"index, follow, max-snippet:-1, max-image-preview:large, max-video-preview:-1\" \/>\n<link rel=\"canonical\" href=\"https:\/\/elfsight.com\/de\/pricing-table-plugin\/wordpress\/\" \/>\n<meta property=\"og:locale\" content=\"de_DE\" \/>\n<meta property=\"og:type\" content=\"article\" \/>\n<meta property=\"og:title\" content=\"Das beste WordPress-Preistabellen-Plugin f\u00fcr Ihre Website (2025)\" \/>\n<meta property=\"og:description\" content=\"Installieren Sie das responsive Preistabellen-Plugin f\u00fcr WordPress in nur 2 Minuten. Probieren Sie alle Funktionen des Plugins f\u00fcr die beste Preisgestaltung im kostenlosen Editor aus.\" \/>\n<meta property=\"og:url\" content=\"https:\/\/elfsight.com\/de\/pricing-table-plugin\/wordpress\/\" \/>\n<meta property=\"og:site_name\" content=\"Elfsight DE\" \/>\n<meta property=\"article:modified_time\" content=\"2024-11-08T09:24:45+00:00\" \/>\n<meta name=\"twitter:card\" content=\"summary_large_image\" \/>\n<meta name=\"twitter:label1\" content=\"Gesch\u00e4tzte Lesezeit\" \/>\n\t<meta name=\"twitter:data1\" content=\"3\u00a0Minuten\" \/>\n<!-- \/ Yoast SEO plugin. -->","yoast_head_json":{"title":"Das beste WordPress-Preistabellen-Plugin f\u00fcr Ihre Website (2025)","description":"Installieren Sie das responsive Preistabellen-Plugin f\u00fcr WordPress in nur 2 Minuten. Probieren Sie alle Funktionen des Plugins f\u00fcr die beste Preisgestaltung im kostenlosen Editor aus.","robots":{"index":"index","follow":"follow","max-snippet":"max-snippet:-1","max-image-preview":"max-image-preview:large","max-video-preview":"max-video-preview:-1"},"canonical":"https:\/\/elfsight.com\/de\/pricing-table-plugin\/wordpress\/","og_locale":"de_DE","og_type":"article","og_title":"Das beste WordPress-Preistabellen-Plugin f\u00fcr Ihre Website (2025)","og_description":"Installieren Sie das responsive Preistabellen-Plugin f\u00fcr WordPress in nur 2 Minuten. Probieren Sie alle Funktionen des Plugins f\u00fcr die beste Preisgestaltung im kostenlosen Editor aus.","og_url":"https:\/\/elfsight.com\/de\/pricing-table-plugin\/wordpress\/","og_site_name":"Elfsight DE","article_modified_time":"2024-11-08T09:24:45+00:00","twitter_card":"summary_large_image","twitter_misc":{"Gesch\u00e4tzte Lesezeit":"3\u00a0Minuten"},"schema":{"@context":"https:\/\/schema.org","@graph":[{"@type":"WebPage","@id":"https:\/\/elfsight.com\/de\/pricing-table-plugin\/wordpress\/","url":"https:\/\/elfsight.com\/de\/pricing-table-plugin\/wordpress\/","name":"Das beste WordPress-Preistabellen-Plugin f\u00fcr Ihre Website (2025)","isPartOf":{"@id":"https:\/\/elfsight.com\/de\/#website"},"datePublished":"1970-01-01T00:00:00+00:00","dateModified":"2024-11-08T09:24:45+00:00","description":"Installieren Sie das responsive Preistabellen-Plugin f\u00fcr WordPress in nur 2 Minuten. Probieren Sie alle Funktionen des Plugins f\u00fcr die beste Preisgestaltung im kostenlosen Editor aus.","breadcrumb":{"@id":"https:\/\/elfsight.com\/de\/pricing-table-plugin\/wordpress\/#breadcrumb"},"inLanguage":"de","potentialAction":[{"@type":"ReadAction","target":["https:\/\/elfsight.com\/de\/pricing-table-plugin\/wordpress\/"]}]},{"@type":"BreadcrumbList","@id":"https:\/\/elfsight.com\/de\/pricing-table-plugin\/wordpress\/#breadcrumb","itemListElement":[{"@type":"ListItem","position":1,"name":"Home","item":"https:\/\/elfsight.com\/de\/"},{"@type":"ListItem","position":2,"name":"Pricing Table","item":"https:\/\/elfsight.com\/de\/pricing-table-plugin\/"},{"@type":"ListItem","position":3,"name":"Pricing Table &#8211; WordPress"}]},{"@type":"WebSite","@id":"https:\/\/elfsight.com\/de\/#website","url":"https:\/\/elfsight.com\/de\/","name":"Elfsight DE","description":"Just another Elfsight Sites site","potentialAction":[{"@type":"SearchAction","target":{"@type":"EntryPoint","urlTemplate":"https:\/\/elfsight.com\/de\/?s={search_term_string}"},"query-input":{"@type":"PropertyValueSpecification","valueRequired":true,"valueName":"search_term_string"}}],"inLanguage":"de"}]}},"meta_box":{"industry":"","seo_heading":"","heading":"","description":"","cta_heading":"","cta_description":"","application":"468","h1":"WordPress-Preistabellen-Plugin","h1_caption":"Pr\u00e4sentieren Sie Ihre Preisoptionen klar und attraktiv und helfen Sie Kunden, m\u00fchelos den richtigen Plan f\u00fcr ihre Bed\u00fcrfnisse auf Ihrer WordPress-Website auszuw\u00e4hlen.","application_category":[],"applications_title":"","applications_request_title":"","applications_request_button_text":"","hero_text":"","hero_video":"","hero_video_schema_markup":"","selling_points_title":"","selling_points_caption":"","selling_points":[],"selling_points_cta_text":"","features_title":"","features":"","ed_cta_examples_text":"","ed_cta_examples_hidden":"","ed_cta_demo_text":"","ed_cta_demo_hidden":"","why_caption":"","why_editor_title":"","why_editor_text":"","why_team_title":"","why_team_text":"","why_service_title":"","why_service_text":"","template_catalog_visible":"0","template_catalog_title":"","template_catalog_text":"","template_catalog_categories_visible":"","demo_title":"Erstellen Sie Ihr Preistabellen-Plugin","demo_caption":"Konfigurieren Sie Ihre Preistabelle und f\u00fcgen Sie sie kostenlos Ihrer WordPress-Website hinzu!","default_faq_hidden":"","app_template_category":[],"platform":"266","template_public_id":"","codecanyon_url":"","codecanyon_item_id":"","codecanyon_price":"","pricing_caption":"","pricing_elfsight_apps_hide_column":"","pricing_elfsight_apps_url":"","pricing_codecanyon_price_caption":"","integration_category":[],"integration_request_title":"","integration_request_cta":"","integration_platform":"","integrations":[],"platform_category":[],"video_schema_markup":"","price":"ab 0 $ \/ Monat","trial":"","benefits":[{"text":"Kostenlose Installationshilfe"},{"text":"Kompetenter Kundenservice"},{"text":"14-t\u00e4gige R\u00fcckerstattungsgarantie"},{"text":"Kontinuierliche kostenlose Updates"}],"button_url":"#demo","button_target_blank":"0","button_nofollow":"0","attributes":[{"name":"Installiert","content":"10,000 - 100,000","_state":"expanded"},{"name":"Reaktionsfreudig","content":"Ja","_state":"expanded"},{"name":"Kompatible Browser","content":"Firefox, Safari, Opera, Chrome, Edge"}],"tags":[],"tags_disable_links":"0","hide_more_platforms":"","video_object":"{\r\n  \"@context\": \"http:\/\/schema.org\",\r\n  \"@type\": \"VideoObject\",\r\n  \"name\": \"How to Add Pricing Table to WordPress (2020)\",\r\n  \"description\": \"Install responsive Pricing Table plugin for WordPress in just 2 minutes. Try all the prominent features of the best pricing plugin in the free editor.\",\r\n  \"thumbnailUrl\": \"https:\/\/i.ytimg.com\/vi\/egjLB_Rh-Eo\/default.jpg\",\r\n  \"uploadDate\": \"2020-03-13T08:22:20.000Z\",\r\n  \"duration\": \"PT2M26S\",\r\n  \"embedUrl\": \"https:\/\/www.youtube.com\/embed\/egjLB_Rh-Eo\",\r\n  \"interactionCount\": \"1782\"\r\n}","demo_hide_cta":"1","demo_hide_cloud_options":"0","pricing_title":"","pricing":[{"pricing_icon":"platform","pricing_title":"Elfsight Apps","pricing_title_caption":"Plattform\u00fcbergreifende digitale L\u00f6sung, die f\u00fcr jeden Standort geeignet ist","pricing_price":"ab 0 $ \/ Monat","pricing_price_caption":"Beginnen Sie mit einem kostenlosen Plan","pricing_benefits":[{"text":"Unbegrenzte Websites"},{"text":"Premium-Support"},{"text":"Kostenloser Installationsservice"},{"text":"Sonderangebot f\u00fcr mehrere Apps"}],"pricing_button_text":"Zur Website hinzuf\u00fcgen","pricing_button_url":"#demo","_state":"expanded"}],"related_apps_title":"","related_apps_hidden":"1","author":"","image":[],"title":"","job":"","social_networks":[]},"_links":{"self":[{"href":"https:\/\/elfsight.com\/de\/wp-json\/wp\/v2\/pages\/4411","targetHints":{"allow":["GET"]}}],"collection":[{"href":"https:\/\/elfsight.com\/de\/wp-json\/wp\/v2\/pages"}],"about":[{"href":"https:\/\/elfsight.com\/de\/wp-json\/wp\/v2\/types\/page"}],"author":[{"embeddable":true,"href":"https:\/\/elfsight.com\/de\/wp-json\/wp\/v2\/users\/9"}],"replies":[{"embeddable":true,"href":"https:\/\/elfsight.com\/de\/wp-json\/wp\/v2\/comments?post=4411"}],"version-history":[{"count":6,"href":"https:\/\/elfsight.com\/de\/wp-json\/wp\/v2\/pages\/4411\/revisions"}],"predecessor-version":[{"id":22705,"href":"https:\/\/elfsight.com\/de\/wp-json\/wp\/v2\/pages\/4411\/revisions\/22705"}],"up":[{"embeddable":true,"href":"https:\/\/elfsight.com\/de\/wp-json\/wp\/v2\/pages\/798"}],"wp:attachment":[{"href":"https:\/\/elfsight.com\/de\/wp-json\/wp\/v2\/media?parent=4411"}],"curies":[{"name":"wp","href":"https:\/\/api.w.org\/{rel}","templated":true}]}}