{"id":4406,"date":"1970-01-01T00:00:00","date_gmt":"1970-01-01T00:00:00","guid":{"rendered":"https:\/\/elfsight.com\/de\/?page_id=4406"},"modified":"2026-01-15T09:56:43","modified_gmt":"2026-01-15T09:56:43","slug":"wordpress","status":"publish","type":"page","link":"https:\/\/elfsight.com\/de\/portfolio-widget\/wordpress\/","title":{"rendered":"Portfolio &#8211; WordPress"},"content":{"rendered":"\n<div class=\"application-platform-content-item-description application-platform-content-item\" id=\"description\" data-nav-section=\"description\"><h2>Portfolio mit dem Elfsight-Widget in WordPress einbetten<\/h2><p>Elfsight Portfolio wurde f\u00fcr alle entwickelt, die ihre beeindruckende Bibliothek vorstellen m\u00f6chten auf der Website und erhalten Sie neue Verk\u00e4ufe. Mit unserem Tool k\u00f6nnen Sie ausgew\u00e4hlte Bilder, Videoinhalte, Skizzen und andere Materialien erneut versenden. Jeder Inhalt kann einen detaillierten Text und ein Datum enthalten. Sie k\u00f6nnen Projekte an ihre Websites binden und Projekte in Gruppen verteilen. Benutzer sehen sich Ihr Projektportfolio an, tippen auf ein Portfolio und sehen sich alle Aufnahmen und Videoaufnahmen direkt auf Ihrer Website an. In der Kopfzeile werden Ihr vollst\u00e4ndiger Name, Ihr Foto und Ihre Kontaktinformationen angezeigt, um Ihnen die Kontaktaufnahme zu erleichtern. Die CTA-Schaltfl\u00e4che f\u00fchrt Kunden zur Bestellseite und hilft Ihnen, die Anzahl der Verk\u00e4ufe zu erh\u00f6hen. <\/p><div class=\"faq\" data-component=\"FAQ\"><div class=\"faq-item\">\r\n\t\t\t\t\t<div class=\"faq-item-question\">\r\n\t\t\t\t\t\t<h3 class=\"faq-item-question-text\">Wie kann ich ein Portfolio in meine WordPress-Website einbetten?<\/h3>\r\n\r\n\t\t\t\t\t\t<div class=\"faq-item-question-icon\"><\/div>\r\n\t\t\t\t\t<\/div>\r\n\r\n\t\t\t\t\t<div class=\"faq-item-answer\">\r\n\t\t\t\t\t\t<div class=\"faq-item-answer-text\"><p>Die Erstellung des Widgets erfolgt innerhalb der Elfsight-Website und Es besteht keine Notwendigkeit, das Codieren zu lernen. Nutzen Sie unsere Live-Demo, um Ihr Tool zu entwerfen, den Code zu erhalten und ihn in Ihre Website einzuf\u00fcgen. <\/p><\/div>\r\n\t\t\t\t\t<\/div>\r\n\t\t\t\t<\/div><div class=\"faq-item\">\r\n\t\t\t\t\t<div class=\"faq-item-question\">\r\n\t\t\t\t\t\t<h3 class=\"faq-item-question-text\">Die besten Anwendungsbeispiele f\u00fcr die Integration von Website-Portfolios<\/h3>\r\n\r\n\t\t\t\t\t\t<div class=\"faq-item-question-icon\"><\/div>\r\n\t\t\t\t\t<\/div>\r\n\r\n\t\t\t\t\t<div class=\"faq-item-answer\">\r\n\t\t\t\t\t\t<div class=\"faq-item-answer-text\"><p>Wir gew\u00e4hren Ihnen viele Personalisierungsm\u00f6glichkeiten: Widgets in voller L\u00e4nge zum Einbetten in den Inhaltsbereich, schwebende Plugins f\u00fcr Scrollm\u00f6glichkeiten, Miniaturansichten f\u00fcr die Fu\u00dfzeile Ihrer Website, die Kopfzeile und alle m\u00f6glichen vertikalen M\u00f6glichkeiten f\u00fcr Seitenleisten und Men\u00fcs. <\/p><\/div>\r\n\t\t\t\t\t<\/div>\r\n\t\t\t\t<\/div><div class=\"faq-item\">\r\n\t\t\t\t\t<div class=\"faq-item-question\">\r\n\t\t\t\t\t\t<h3 class=\"faq-item-question-text\">Kann ich mit Hilfe des Herausgebers eine responsive Galerie oder ein Bildportfolio erstellen? <\/h3>\r\n\r\n\t\t\t\t\t\t<div class=\"faq-item-question-icon\"><\/div>\r\n\t\t\t\t\t<\/div>\r\n\r\n\t\t\t\t\t<div class=\"faq-item-answer\">\r\n\t\t\t\t\t\t<div class=\"faq-item-answer-text\"><p>Sie k\u00f6nnen die Variationen jedes Widgets gestalten. Im Editor stehen zahlreiche Layouts zur Verf\u00fcgung, die alle ganz einfach an Ihre Bed\u00fcrfnisse angepasst werden k\u00f6nnen. <\/p><\/div>\r\n\t\t\t\t\t<\/div>\r\n\t\t\t\t<\/div><\/div><h2>Hauptfunktionen des Portfolio-Widgets<\/h2><p>Um eine klare Wahrnehmung des Widgets zu schaffen, sehen Sie sich die Liste seiner wichtigsten Funktionen an. Sie machen unser Widget f\u00fcr Ihren Shop maximal effektiv: <\/p><ul><li>Legen Sie eine beliebige Anzahl von Projekten fest und f\u00fcgen Sie Titel hinzu; <\/li><li>Erstellen Sie Kategorien und teilen Sie Projekte darauf auf<\/li><li>Entscheiden Sie, welche Datentypen im Popup und beim Hover angezeigt werden sollen; <\/li><li>Die Option zum Hinzuf\u00fcgen von Beschreibungen und zum Zuweisen von Daten zu allen Dateien im Projekt<\/li><li>Aktive Schaltfl\u00e4che in der Kopfzeile und im Popup f\u00fchrt Kunden zu jeder Seite<\/li><\/ul><p><a href=\"#demo\">Weitere Funktionen finden Sie in der Demo<\/a><\/p><\/div> <div class=\"application-platform-content-item-installation application-platform-content-item\" id=\"installation\" data-nav-section=\"installation\"><h2>Wie f\u00fcge ich Portfolio zu WordPress hinzu? <\/h2><div class=\"video-container\"><iframe allowfullscreen=\"\" frameborder=\"0\" height=\"405\" src=\"https:\/\/www.youtube.com\/embed\/Iz6-GukMZ4M?si=eFCMqC7ckcdrOMlH\" width=\"720\"><\/iframe><\/div><p>Befolgen Sie einfach die folgenden Schritte, um das Tool zu integrieren. <\/p><ol><li><b>Verwalten Sie unseren kostenlosen Konfigurator und beginnen Sie mit der Gestaltung Ihres einzigartigen Widgets. <\/b><br>W\u00e4hlen Sie die bevorzugte Form und Funktionen des Widgets und wenden Sie die Korrekturen an. <\/li><li><b>Kopieren Sie den eindeutigen Code, der im Sonderformular auf Elfsight Apps angezeigt wird. <\/b><br>Sobald die Konfiguration Ihres Portfolio-Plugins abgeschlossen ist, kopieren Sie den exklusiven Code in das neu erstellte Feld und bewahren Sie ihn f\u00fcr einen sp\u00e4teren Bedarf auf. <\/li><li><b>Beginnen Sie mit der Implementierung des Plugins auf Ihrer WordPress-Seite. <\/b><br>F\u00fcgen Sie den Code, den Sie zuvor gespeichert haben, in Ihre Website ein und speichern Sie die Anpassungen. <\/li><li><b>Das Setup wurde erfolgreich durchgef\u00fchrt. <\/b><br>Besuchen Sie Ihre Seite, um zu \u00fcberpr\u00fcfen, wie das Tool ausgef\u00fchrt wird. <\/li><\/ol><p>Weitere Informationen zum Plugin finden Sie im <a href=\"https:\/\/elfsight.com\/blog\/how-to-add-portfolio-to-wordpress-with-elfsight-plugin\/\" target=\"_blank\" rel=\"noopener\">Artikel zum Hinzuf\u00fcgen von Portfolio zu WordPress-Websites<\/a>.<\/p><p>Wenn Sie Anfragen bearbeiten oder auf Schwierigkeiten sto\u00dfen, k\u00f6nnen Sie sich gerne an unser Kundenservice-Team wenden. Unsere Berater sind bestrebt, alle Schwierigkeiten zu l\u00f6sen, die Sie m\u00f6glicherweise mit dem Widget haben.<\/p><\/div>\n","protected":false},"excerpt":{"rendered":"","protected":false},"author":9,"featured_media":0,"parent":1344,"menu_order":0,"comment_status":"closed","ping_status":"closed","template":"templates\/template-application-platform.php","meta":{"publish_to_discourse":"","publish_post_category":"","wpdc_auto_publish_overridden":"","wpdc_topic_tags":"","wpdc_pin_topic":"","wpdc_pin_until":"","discourse_post_id":"","discourse_permalink":"","wpdc_publishing_response":"","wpdc_publishing_error":"","footnotes":""},"class_list":["post-4406","page","type-page","status-publish","hentry"],"yoast_head":"<!-- This site is optimized with the Yoast SEO plugin v25.3.1 - https:\/\/yoast.com\/wordpress\/plugins\/seo\/ -->\n<title>Responsive Portfolio-Plugin f\u00fcr WordPress-Website (kostenlos und schnell)<\/title>\n<meta name=\"description\" content=\"Es ist ganz einfach, Ihr Portfolio-Plugin zu erstellen und auf der WordPress-Website zu platzieren. Der Elfsight-Kundensupport ist kostenlos und schnell.\" \/>\n<meta name=\"robots\" content=\"index, follow, max-snippet:-1, max-image-preview:large, max-video-preview:-1\" \/>\n<link rel=\"canonical\" href=\"https:\/\/elfsight.com\/de\/portfolio-widget\/wordpress\/\" \/>\n<meta property=\"og:locale\" content=\"de_DE\" \/>\n<meta property=\"og:type\" content=\"article\" \/>\n<meta property=\"og:title\" content=\"Responsive Portfolio-Plugin f\u00fcr WordPress-Website (kostenlos und schnell)\" \/>\n<meta property=\"og:description\" content=\"Es ist ganz einfach, Ihr Portfolio-Plugin zu erstellen und auf der WordPress-Website zu platzieren. Der Elfsight-Kundensupport ist kostenlos und schnell.\" \/>\n<meta property=\"og:url\" content=\"https:\/\/elfsight.com\/de\/portfolio-widget\/wordpress\/\" \/>\n<meta property=\"og:site_name\" content=\"Elfsight DE\" \/>\n<meta property=\"article:modified_time\" content=\"2026-01-15T09:56:43+00:00\" \/>\n<meta name=\"twitter:card\" content=\"summary_large_image\" \/>\n<meta name=\"twitter:label1\" content=\"Gesch\u00e4tzte Lesezeit\" \/>\n\t<meta name=\"twitter:data1\" content=\"3\u00a0Minuten\" \/>\n<!-- \/ Yoast SEO plugin. -->","yoast_head_json":{"title":"Responsive Portfolio-Plugin f\u00fcr WordPress-Website (kostenlos und schnell)","description":"Es ist ganz einfach, Ihr Portfolio-Plugin zu erstellen und auf der WordPress-Website zu platzieren. Der Elfsight-Kundensupport ist kostenlos und schnell.","robots":{"index":"index","follow":"follow","max-snippet":"max-snippet:-1","max-image-preview":"max-image-preview:large","max-video-preview":"max-video-preview:-1"},"canonical":"https:\/\/elfsight.com\/de\/portfolio-widget\/wordpress\/","og_locale":"de_DE","og_type":"article","og_title":"Responsive Portfolio-Plugin f\u00fcr WordPress-Website (kostenlos und schnell)","og_description":"Es ist ganz einfach, Ihr Portfolio-Plugin zu erstellen und auf der WordPress-Website zu platzieren. Der Elfsight-Kundensupport ist kostenlos und schnell.","og_url":"https:\/\/elfsight.com\/de\/portfolio-widget\/wordpress\/","og_site_name":"Elfsight DE","article_modified_time":"2026-01-15T09:56:43+00:00","twitter_card":"summary_large_image","twitter_misc":{"Gesch\u00e4tzte Lesezeit":"3\u00a0Minuten"},"schema":{"@context":"https:\/\/schema.org","@graph":[{"@type":"WebPage","@id":"https:\/\/elfsight.com\/de\/portfolio-widget\/wordpress\/","url":"https:\/\/elfsight.com\/de\/portfolio-widget\/wordpress\/","name":"Responsive Portfolio-Plugin f\u00fcr WordPress-Website (kostenlos und schnell)","isPartOf":{"@id":"https:\/\/elfsight.com\/de\/#website"},"datePublished":"1970-01-01T00:00:00+00:00","dateModified":"2026-01-15T09:56:43+00:00","description":"Es ist ganz einfach, Ihr Portfolio-Plugin zu erstellen und auf der WordPress-Website zu platzieren. Der Elfsight-Kundensupport ist kostenlos und schnell.","breadcrumb":{"@id":"https:\/\/elfsight.com\/de\/portfolio-widget\/wordpress\/#breadcrumb"},"inLanguage":"de","potentialAction":[{"@type":"ReadAction","target":["https:\/\/elfsight.com\/de\/portfolio-widget\/wordpress\/"]}]},{"@type":"BreadcrumbList","@id":"https:\/\/elfsight.com\/de\/portfolio-widget\/wordpress\/#breadcrumb","itemListElement":[{"@type":"ListItem","position":1,"name":"Home","item":"https:\/\/elfsight.com\/de\/"},{"@type":"ListItem","position":2,"name":"Portfolio","item":"https:\/\/elfsight.com\/de\/portfolio-widget\/"},{"@type":"ListItem","position":3,"name":"Portfolio &#8211; WordPress"}]},{"@type":"WebSite","@id":"https:\/\/elfsight.com\/de\/#website","url":"https:\/\/elfsight.com\/de\/","name":"Elfsight DE","description":"Just another Elfsight Sites site","potentialAction":[{"@type":"SearchAction","target":{"@type":"EntryPoint","urlTemplate":"https:\/\/elfsight.com\/de\/?s={search_term_string}"},"query-input":{"@type":"PropertyValueSpecification","valueRequired":true,"valueName":"search_term_string"}}],"inLanguage":"de"}]}},"meta_box":{"industry":"","seo_heading":"","heading":"","description":"","cta_heading":"","cta_description":"","application":"491","h1":"WordPress Portfolio-Plugin","h1_caption":"Pr\u00e4sentieren Sie Ihre besten Arbeiten und die gesamte Reihe von Projekten, um neue Kunden zu gewinnen","application_category":[],"applications_title":"","applications_request_title":"","applications_request_button_text":"","hero_text":"","hero_video":"","hero_video_schema_markup":"","selling_points_title":"","selling_points_caption":"","selling_points":[],"selling_points_cta_text":"","features_title":"","features":"","ed_cta_examples_text":"","ed_cta_examples_hidden":"","ed_cta_demo_text":"","ed_cta_demo_hidden":"","why_caption":"","why_editor_title":"","why_editor_text":"","why_team_title":"","why_team_text":"","why_service_title":"","why_service_text":"","template_catalog_visible":"0","template_catalog_title":"","template_catalog_text":"","template_catalog_categories_visible":"","demo_title":"Erstellen Sie Ihr Portfolio-Plugin","demo_caption":"Konfigurieren Sie Ihr Portfolio und f\u00fcgen Sie es kostenlos Ihrer WordPress-Website hinzu!","default_faq_hidden":"","app_template_category":[],"platform":"266","template_public_id":"","codecanyon_url":"","codecanyon_item_id":"","codecanyon_price":"","pricing_caption":"","pricing_elfsight_apps_hide_column":"","pricing_elfsight_apps_url":"","pricing_codecanyon_price_caption":"","integration_category":[],"integration_request_title":"","integration_request_cta":"","integration_platform":"","integrations":[],"platform_category":[],"video_schema_markup":"","price":"ab 0 $ \/ Monat","trial":"","benefits":[{"text":"Kostenlose Installationsunterst\u00fctzung"},{"text":"Premium-Support"},{"text":"14-t\u00e4gige R\u00fcckerstattungsgarantie"},{"text":"Laufende Verbesserungen"}],"button_url":"#demo","button_target_blank":"0","button_nofollow":"0","attributes":[{"name":"Installiert","content":"10,000 - 100,000","_state":"expanded"},{"name":"Reaktionsfreudig","content":"Ja","_state":"expanded"},{"name":"Kompatible Browser","content":"Firefox, Safari, Opera, Chrome, Edge"}],"tags":[],"tags_disable_links":"0","hide_more_platforms":"0","video_object":"{\r\n  \"@context\": \"http:\/\/schema.org\",\r\n  \"@type\": \"VideoObject\",\r\n  \"name\": \"How to Add Portfolio to WordPress (2021)\",\r\n  \"description\": \"With Elfsight, design your effective Portfolio plugin and place it on your WordPress web page with ease. We have free client support and more bonuses.\",\r\n  \"thumbnailUrl\": \"https:\/\/i.ytimg.com\/vi\/9TeMKcy-i1Y\/default.jpg\",\r\n  \"uploadDate\": \"2020-07-07T05:31:20Z\",\r\n  \"duration\": \"PT2M27S\",\r\n  \"embedUrl\": \"https:\/\/www.youtube.com\/embed\/9TeMKcy-i1Y\",\r\n  \"interactionCount\": \"98\"\r\n}","demo_hide_cta":"0","demo_hide_cloud_options":"0","pricing_title":"","pricing":[{"pricing_icon":"platform","pricing_title":"Elfsight Apps","pricing_title_caption":"Plattform\u00fcbergreifende L\u00f6sung","pricing_price":"ab 0 $ \/ Monat","pricing_price_caption":"Beginnen Sie mit einem kostenlosen Plan","pricing_benefits":[{"text":"Unbegrenzte Domains"},{"text":"Kostenloser Support"},{"text":"Kostenlose Installationsunterst\u00fctzung"},{"text":"Sonderangebot f\u00fcr mehrere Apps"}],"pricing_button_text":"Zur Website hinzuf\u00fcgen","pricing_button_url":"#demo","_state":"expanded"}],"related_apps_title":"","related_apps_hidden":"1","author":"","image":[],"title":"","job":"","social_networks":[]},"_links":{"self":[{"href":"https:\/\/elfsight.com\/de\/wp-json\/wp\/v2\/pages\/4406","targetHints":{"allow":["GET"]}}],"collection":[{"href":"https:\/\/elfsight.com\/de\/wp-json\/wp\/v2\/pages"}],"about":[{"href":"https:\/\/elfsight.com\/de\/wp-json\/wp\/v2\/types\/page"}],"author":[{"embeddable":true,"href":"https:\/\/elfsight.com\/de\/wp-json\/wp\/v2\/users\/9"}],"replies":[{"embeddable":true,"href":"https:\/\/elfsight.com\/de\/wp-json\/wp\/v2\/comments?post=4406"}],"version-history":[{"count":11,"href":"https:\/\/elfsight.com\/de\/wp-json\/wp\/v2\/pages\/4406\/revisions"}],"predecessor-version":[{"id":25598,"href":"https:\/\/elfsight.com\/de\/wp-json\/wp\/v2\/pages\/4406\/revisions\/25598"}],"up":[{"embeddable":true,"href":"https:\/\/elfsight.com\/de\/wp-json\/wp\/v2\/pages\/1344"}],"wp:attachment":[{"href":"https:\/\/elfsight.com\/de\/wp-json\/wp\/v2\/media?parent=4406"}],"curies":[{"name":"wp","href":"https:\/\/api.w.org\/{rel}","templated":true}]}}