{"id":4402,"date":"1970-01-01T00:00:00","date_gmt":"1970-01-01T00:00:00","guid":{"rendered":"https:\/\/elfsight.com\/de\/?page_id=4402"},"modified":"2026-01-15T11:39:43","modified_gmt":"2026-01-15T11:39:43","slug":"wordpress","status":"publish","type":"page","link":"https:\/\/elfsight.com\/de\/photo-gallery-widget\/wordpress\/","title":{"rendered":"Photo Gallery &#8211; WordPress"},"content":{"rendered":"\n<div class=\"application-platform-content-item-description application-platform-content-item\" id=\"description\" data-nav-section=\"description\"><h2>Fotogalerie mit dem Elfsight-Widget in WordPress einbetten<\/h2> <p>Die Elfsight-Galerie ist der einfachste Weg, Bilder einzurichten oder ein Foto zu erstellen attraktive Alben auf Ihrer Website. Verwenden Sie eine beliebige Anzahl von Bildern, zeigen Sie Kommentare an und w\u00e4hlen Sie die beste M\u00f6glichkeit, diese auf der Seite zu positionieren. Dieses Plugin verf\u00fcgt \u00fcber sechs Layoutoptionen und mehrere zus\u00e4tzliche Designfunktionen. Jedes Bild wird in einem Popup ge\u00f6ffnet, Besucher k\u00f6nnen durch sie navigieren oder eine Diashow ansehen, die Zoom-Option verwenden und die Bilder im Vollbildmodus genie\u00dfen. Sie k\u00f6nnen Ihre Lieblingsfarben f\u00fcr die Widget-Elemente ausw\u00e4hlen und einen einzigartigen Hintergrund hinzuf\u00fcgen, Textoptionen verwenden und weitere Stilm\u00f6glichkeiten nutzen. <\/p> <p><b>Beeindrucken Sie Besucher mit wundervollen Fotogalerien! <\/b><\/p><div class=\"faq\" data-component=\"FAQ\"> <div class=\"faq-item\">\r\n\t\t\t\t\t<div class=\"faq-item-question\">\r\n\t\t\t\t\t\t<h3 class=\"faq-item-question-text\">Gibt es noch andere Tools f\u00fcr WordPress, die ich auf meiner Website integrieren kann? <\/h3>\r\n\r\n\t\t\t\t\t\t<div class=\"faq-item-question-icon\"><\/div>\r\n\t\t\t\t\t<\/div>\r\n\r\n\t\t\t\t\t<div class=\"faq-item-answer\">\r\n\t\t\t\t\t\t<div class=\"faq-item-answer-text\"> <p>Wir m\u00fcssen eine Reihe von Widgets anbieten, damit Sie jede Art erreichen k\u00f6nnen der Aufgabe auf Ihrer Website. Wir empfehlen Ihnen, die folgenden Plugins zu ber\u00fccksichtigen: <a href=\"https:\/\/elfsight.com\/whatsapp-chat-widget\/wordpress\/\">WhatsApp Chat<\/a>, <a href=\"https:\/\/elfsight.com\/facebook-chat-widget\/wordpress\/\">Facebook-Chat<\/a>, <a href=\"https:\/\/elfsight.com\/google-reviews-widget\/wordpress\/\">Google-Bewertungen<\/a>, <a href=\"https:\/\/elfsight.com\/testimonials-slider-widget\/wordpress\/\">Testimonials-Slider<\/a>, <a href=\"https:\/\/elfsight.com\/youtube-channel-plugin-yottie\/wordpress\/\">YouTube-Galerie<\/a>.<\/p> <\/div>\r\n\t\t\t\t\t<\/div>\r\n\t\t\t\t<\/div> <div class=\"faq-item\">\r\n\t\t\t\t\t<div class=\"faq-item-question\">\r\n\t\t\t\t\t\t<h3 class=\"faq-item-question-text\">Wie f\u00fcge ich das Fotogalerie-Plugin zu meiner WordPress-Website hinzu? <\/h3>\r\n\r\n\t\t\t\t\t\t<div class=\"faq-item-question-icon\"><\/div>\r\n\t\t\t\t\t<\/div>\r\n\r\n\t\t\t\t\t<div class=\"faq-item-answer\">\r\n\t\t\t\t\t\t<div class=\"faq-item-answer-text\"> <p>Sie k\u00f6nnen das Fotogalerie-Plugin einbetten Erstellen Sie ganz einfach Ihre WordPress-Site und zeigen Sie Ihrem Publikum attraktive und professionelle Bilder und Bilder \u00fcber eine responsive Galerie. Und um das Plugin in Ihre Squarespace-Site einzubetten, \u00f6ffnen Sie einfach unseren kostenlosen Konfigurator und f\u00fchren Sie die folgenden Aktionen aus: <\/p><ol><li>W\u00e4hlen Sie die Designeinstellungen aus. <\/li><li>W\u00e4hlen Sie den Teil aus, in den Sie die Fotogalerie integrieren m\u00f6chten. <\/li><li>F\u00fcgen Sie Ihren Code vom Elfsight Apps-Dienst hinzu und nehmen Sie die Anpassungen vor. <\/li><li>Du bist fertig. <\/li><\/ol><p>Und Sie k\u00f6nnen auch gerne unsere vollst\u00e4ndige Anleitung zum Hinzuf\u00fcgen des Fotogalerie-Plugins zu Ihrer Website durchsehen. Sie finden es in der <a href=\"https:\/\/elfsight.com\/tutorials\/how-to-add-photo-gallery-to-website\/#how-to-add-gallery-to-wordpress\">YouTube-Galerie<\/a>.<\/p><\/div>\r\n\t\t\t\t\t<\/div>\r\n\t\t\t\t<\/div> <div class=\"faq-item\">\r\n\t\t\t\t\t<div class=\"faq-item-question\">\r\n\t\t\t\t\t\t<h3 class=\"faq-item-question-text\">Gibt es eine M\u00f6glichkeit, Ihr WordPress-Fotogalerie-Plugin auf Funktion zu testen? <\/h3>\r\n\r\n\t\t\t\t\t\t<div class=\"faq-item-question-icon\"><\/div>\r\n\t\t\t\t\t<\/div>\r\n\r\n\t\t\t\t\t<div class=\"faq-item-answer\">\r\n\t\t\t\t\t\t<div class=\"faq-item-answer-text\"> <p>Klar! Sie k\u00f6nnen dies mithilfe unserer Live-<a href=\"https:\/\/elfsight.com\/photo-gallery-widget\/#demo\">Demo<\/a> tun und das Plugin zu Ihrer WordPress-Website hinzuf\u00fcgen. <\/p><\/div>\r\n\t\t\t\t\t<\/div>\r\n\t\t\t\t<\/div> <\/div> <\/div> <div class=\"application-platform-content-item-features application-platform-content-item\" id=\"features\" data-nav-section=\"features\"><h2>Hauptfunktionen des Fotogalerie-Widgets<\/h2> <p>Sehen Sie sich alle Funktionen der Fotogalerie f\u00fcr WordPress an . Sie k\u00f6nnen sie direkt im Editor anpassen und sie helfen Ihnen dabei, das f\u00fcr Ihren Fall passende Plugin zu erstellen. <\/p> <ul> <li>Setzen Sie CTAs ein, um Website-Besucher zur Conversion zu f\u00fchren. <\/li> <li>Regulieren Sie die Dauer des Folienwechsels. <\/li> <li>W\u00e4hlen Sie zwischen zahlreichen Paginierungsvarianten. <\/li> <li>Platzieren Sie Ihre Inhalte mithilfe der erweiterten Position an einer beliebigen Stelle auf der Seite. <\/li> <li>F\u00fcnf Inhaltselemente anpassen. <\/li> <\/ul> <p><a href=\"#demo\">Sie k\u00f6nnen alle Funktionsmerkmale des Widgets direkt in der Demo ausprobieren<\/a><\/p> <\/div> <div class=\"application-platform-content-item-installation application-platform-content-item\" id=\"installation\" data-nav-section=\"installation\"><h2>Wie f\u00fcge ich das Fotogalerie-Plugin zur WordPress-Website hinzu?<\/h2> <div class=\"video-container\"><iframe allowfullscreen=\"\" frameborder=\"0\" height=\"405\" src=\"https:\/\/www.youtube.com\/embed\/2Eo2DL-115c?si=AdMvt_ws8Z0Lhjby\" width=\"720\"><\/iframe><\/div><p>Erf\u00fcllen Sie einfach die folgenden Richtlinien, um mit der Arbeit mit dem Widget in WordPress zu beginnen.<\/p> <ol><li><b>\u00d6ffnen Sie unsere kostenlose Demo und beginnen Sie mit der Erstellung Ihres ma\u00dfgeschneiderten Instruments. <\/b><br> Finden Sie die bevorzugte Schnittstelle und Funktionalit\u00e4t des Plugins und speichern Sie die \u00c4nderungen. <\/li> <li><b>Erhalten Sie Ihren individuellen Code, der im Fenster von Elfsight Apps angezeigt wird. <\/b><br> Wenn die Erstellung Ihrer Fotogalerie abgeschlossen ist, kopieren Sie den pers\u00f6nlichen Code aus dem angezeigten Popup und speichern Sie ihn zur sp\u00e4teren Verwendung. <\/li> <li><b>Initiieren Sie die Nutzung des Fotogalerie-Plugins auf Ihrer WordPress-Website. <\/b><br> F\u00fcgen Sie den zuvor gespeicherten Code in Ihre Website ein und speichern Sie die \u00c4nderungen. <\/li> <li><b>Fertig! Die Integration wurde erfolgreich beendet. <\/b><br> Besuchen Sie Ihre Website, um die Funktion des Widgets zu \u00fcberpr\u00fcfen. <\/li><\/ol> <p>Z\u00f6gern Sie nicht, sich an den Support unserer Kunden zu wenden, wenn Sie Hilfe ben\u00f6tigen oder Fragen haben. Unsere Spezialisten stehen Ihnen bei jeder Anfrage gerne zur Verf\u00fcgung. <\/p> <\/div>\n","protected":false},"excerpt":{"rendered":"","protected":false},"author":9,"featured_media":0,"parent":1042,"menu_order":0,"comment_status":"closed","ping_status":"closed","template":"templates\/template-application-platform.php","meta":{"publish_to_discourse":"","publish_post_category":"","wpdc_auto_publish_overridden":"","wpdc_topic_tags":"","wpdc_pin_topic":"","wpdc_pin_until":"","discourse_post_id":"","discourse_permalink":"","wpdc_publishing_response":"","wpdc_publishing_error":"","footnotes":""},"class_list":["post-4402","page","type-page","status-publish","hentry"],"yoast_head":"<!-- This site is optimized with the Yoast SEO plugin v25.3.1 - https:\/\/yoast.com\/wordpress\/plugins\/seo\/ -->\n<title>Fotogalerie \u2013 Galerie-Widget zur WordPress-Website hinzuf\u00fcgen [ 2025 ]<\/title>\n<meta name=\"description\" content=\"Probieren Sie das beste Fotogalerie-Plugin f\u00fcr WordPress kostenlos aus. Ein einfaches und schnelles Galerie-Widget, das ohne Entwicklungskenntnisse integriert werden kann.\" \/>\n<meta name=\"robots\" content=\"index, follow, max-snippet:-1, max-image-preview:large, max-video-preview:-1\" \/>\n<link rel=\"canonical\" href=\"https:\/\/elfsight.com\/de\/photo-gallery-widget\/wordpress\/\" \/>\n<meta property=\"og:locale\" content=\"de_DE\" \/>\n<meta property=\"og:type\" content=\"article\" \/>\n<meta property=\"og:title\" content=\"Fotogalerie \u2013 Galerie-Widget zur WordPress-Website hinzuf\u00fcgen [ 2025 ]\" \/>\n<meta property=\"og:description\" content=\"Probieren Sie das beste Fotogalerie-Plugin f\u00fcr WordPress kostenlos aus. Ein einfaches und schnelles Galerie-Widget, das ohne Entwicklungskenntnisse integriert werden kann.\" \/>\n<meta property=\"og:url\" content=\"https:\/\/elfsight.com\/de\/photo-gallery-widget\/wordpress\/\" \/>\n<meta property=\"og:site_name\" content=\"Elfsight DE\" \/>\n<meta property=\"article:modified_time\" content=\"2026-01-15T11:39:43+00:00\" \/>\n<meta name=\"twitter:card\" content=\"summary_large_image\" \/>\n<meta name=\"twitter:label1\" content=\"Gesch\u00e4tzte Lesezeit\" \/>\n\t<meta name=\"twitter:data1\" content=\"4\u00a0Minuten\" \/>\n<!-- \/ Yoast SEO plugin. -->","yoast_head_json":{"title":"Fotogalerie \u2013 Galerie-Widget zur WordPress-Website hinzuf\u00fcgen [ 2025 ]","description":"Probieren Sie das beste Fotogalerie-Plugin f\u00fcr WordPress kostenlos aus. Ein einfaches und schnelles Galerie-Widget, das ohne Entwicklungskenntnisse integriert werden kann.","robots":{"index":"index","follow":"follow","max-snippet":"max-snippet:-1","max-image-preview":"max-image-preview:large","max-video-preview":"max-video-preview:-1"},"canonical":"https:\/\/elfsight.com\/de\/photo-gallery-widget\/wordpress\/","og_locale":"de_DE","og_type":"article","og_title":"Fotogalerie \u2013 Galerie-Widget zur WordPress-Website hinzuf\u00fcgen [ 2025 ]","og_description":"Probieren Sie das beste Fotogalerie-Plugin f\u00fcr WordPress kostenlos aus. Ein einfaches und schnelles Galerie-Widget, das ohne Entwicklungskenntnisse integriert werden kann.","og_url":"https:\/\/elfsight.com\/de\/photo-gallery-widget\/wordpress\/","og_site_name":"Elfsight DE","article_modified_time":"2026-01-15T11:39:43+00:00","twitter_card":"summary_large_image","twitter_misc":{"Gesch\u00e4tzte Lesezeit":"4\u00a0Minuten"},"schema":{"@context":"https:\/\/schema.org","@graph":[{"@type":"WebPage","@id":"https:\/\/elfsight.com\/de\/photo-gallery-widget\/wordpress\/","url":"https:\/\/elfsight.com\/de\/photo-gallery-widget\/wordpress\/","name":"Fotogalerie \u2013 Galerie-Widget zur WordPress-Website hinzuf\u00fcgen [ 2025 ]","isPartOf":{"@id":"https:\/\/elfsight.com\/de\/#website"},"datePublished":"1970-01-01T00:00:00+00:00","dateModified":"2026-01-15T11:39:43+00:00","description":"Probieren Sie das beste Fotogalerie-Plugin f\u00fcr WordPress kostenlos aus. Ein einfaches und schnelles Galerie-Widget, das ohne Entwicklungskenntnisse integriert werden kann.","breadcrumb":{"@id":"https:\/\/elfsight.com\/de\/photo-gallery-widget\/wordpress\/#breadcrumb"},"inLanguage":"de","potentialAction":[{"@type":"ReadAction","target":["https:\/\/elfsight.com\/de\/photo-gallery-widget\/wordpress\/"]}]},{"@type":"BreadcrumbList","@id":"https:\/\/elfsight.com\/de\/photo-gallery-widget\/wordpress\/#breadcrumb","itemListElement":[{"@type":"ListItem","position":1,"name":"Home","item":"https:\/\/elfsight.com\/de\/"},{"@type":"ListItem","position":2,"name":"Photo Gallery","item":"https:\/\/elfsight.com\/de\/photo-gallery-widget\/"},{"@type":"ListItem","position":3,"name":"Photo Gallery &#8211; WordPress"}]},{"@type":"WebSite","@id":"https:\/\/elfsight.com\/de\/#website","url":"https:\/\/elfsight.com\/de\/","name":"Elfsight DE","description":"Just another Elfsight Sites site","potentialAction":[{"@type":"SearchAction","target":{"@type":"EntryPoint","urlTemplate":"https:\/\/elfsight.com\/de\/?s={search_term_string}"},"query-input":{"@type":"PropertyValueSpecification","valueRequired":true,"valueName":"search_term_string"}}],"inLanguage":"de"}]}},"meta_box":{"industry":"","seo_heading":"","heading":"","description":"","cta_heading":"","cta_description":"","application":"503","h1":"WordPress-Fotogalerie-Widget","h1_caption":"Zeigen Sie Ihre wundervollen Fotos auf der Seite","application_category":[],"applications_title":"","applications_request_title":"","applications_request_button_text":"","hero_text":"","hero_video":"","hero_video_schema_markup":"","selling_points_title":"","selling_points_caption":"","selling_points":[],"selling_points_cta_text":"","features_title":"","features":"","ed_cta_examples_text":"","ed_cta_examples_hidden":"","ed_cta_demo_text":"","ed_cta_demo_hidden":"","why_caption":"","why_editor_title":"","why_editor_text":"","why_team_title":"","why_team_text":"","why_service_title":"","why_service_text":"","template_catalog_visible":"0","template_catalog_title":"","template_catalog_text":"","template_catalog_categories_visible":"","demo_title":"Erstellen Sie Ihr Fotogalerie-Plugin","demo_caption":"Konfigurieren Sie Ihre Fotogalerie und f\u00fcgen Sie sie kostenlos Ihrer WordPress-Website hinzu!","default_faq_hidden":"","app_template_category":[],"platform":"266","template_public_id":"","codecanyon_url":"","codecanyon_item_id":"","codecanyon_price":"","pricing_caption":"","pricing_elfsight_apps_hide_column":"","pricing_elfsight_apps_url":"","pricing_codecanyon_price_caption":"","integration_category":[],"integration_request_title":"","integration_request_cta":"","integration_platform":"","integrations":[],"platform_category":[],"video_schema_markup":"","price":"ab 0 $ \/ Monat","trial":"","benefits":[{"text":"Kostenloser Installationsservice"},{"text":"Premium-Support"},{"text":"14-t\u00e4gige Geld-zur\u00fcck-Garantie"},{"text":"Regelm\u00e4\u00dfige kostenlose Updates"}],"button_url":"#demo","button_target_blank":"0","button_nofollow":"0","attributes":[{"name":"Installiert","content":"10,000 - 100,000","_state":"expanded"},{"name":"Reaktionsfreudig","content":"Ja","_state":"expanded"},{"name":"Kompatible Browser","content":"Firefox, Safari, Opera, Chrome, Edge"}],"tags":[],"tags_disable_links":"1","hide_more_platforms":"0","video_object":"{\r\n  \"@context\": \"http:\/\/schema.org\",\r\n  \"@type\": \"VideoObject\",\r\n  \"name\": \"How to Add Photo Gallery to WordPress (2020)\",\r\n  \"description\": \"Try out the best Photo Gallery plugin for WordPress for free. A simple and fast gallery widget integrating without skills in developing.\",\r\n  \"thumbnailUrl\": \"https:\/\/i.ytimg.com\/vi\/BhHX2u7bSkA\/default.jpg\",\r\n  \"uploadDate\": \"2020-03-24T10:02:09.000Z\",\r\n  \"duration\": \"PT2M26S\",\r\n  \"embedUrl\": \"https:\/\/www.youtube.com\/embed\/BhHX2u7bSkA\",\r\n  \"interactionCount\": \"226\"\r\n}","demo_hide_cta":"0","demo_hide_cloud_options":"0","pricing_title":"","pricing":[{"pricing_icon":"platform","pricing_title":"Elfsight Apps","pricing_title_caption":"Multiplattform-Version, die f\u00fcr jede Site geeignet ist","pricing_price":"ab 0 $ \/ Monat","pricing_price_caption":"Beginnen Sie mit einem kostenlosen Plan","pricing_benefits":[{"text":"Unbegrenzte Websites"},{"text":"Professioneller Kundensupport"},{"text":"Kostenlose Installationsunterst\u00fctzung"},{"text":"Sonderangebot f\u00fcr mehrere Apps"}],"pricing_button_text":"Zur Website hinzuf\u00fcgen","pricing_button_url":"#demo","_state":"expanded"}],"related_apps_title":"","related_apps_hidden":"1","author":"","image":[],"title":"","job":"","social_networks":[]},"_links":{"self":[{"href":"https:\/\/elfsight.com\/de\/wp-json\/wp\/v2\/pages\/4402","targetHints":{"allow":["GET"]}}],"collection":[{"href":"https:\/\/elfsight.com\/de\/wp-json\/wp\/v2\/pages"}],"about":[{"href":"https:\/\/elfsight.com\/de\/wp-json\/wp\/v2\/types\/page"}],"author":[{"embeddable":true,"href":"https:\/\/elfsight.com\/de\/wp-json\/wp\/v2\/users\/9"}],"replies":[{"embeddable":true,"href":"https:\/\/elfsight.com\/de\/wp-json\/wp\/v2\/comments?post=4402"}],"version-history":[{"count":7,"href":"https:\/\/elfsight.com\/de\/wp-json\/wp\/v2\/pages\/4402\/revisions"}],"predecessor-version":[{"id":25600,"href":"https:\/\/elfsight.com\/de\/wp-json\/wp\/v2\/pages\/4402\/revisions\/25600"}],"up":[{"embeddable":true,"href":"https:\/\/elfsight.com\/de\/wp-json\/wp\/v2\/pages\/1042"}],"wp:attachment":[{"href":"https:\/\/elfsight.com\/de\/wp-json\/wp\/v2\/media?parent=4402"}],"curies":[{"name":"wp","href":"https:\/\/api.w.org\/{rel}","templated":true}]}}